{"id":33430,"date":"2019-12-17T09:24:31","date_gmt":"2019-12-17T15:24:31","guid":{"rendered":"https:\/\/www.mpechicago.com\/product\/serie-imd-gemini\/"},"modified":"2025-06-03T22:34:54","modified_gmt":"2025-06-04T03:34:54","slug":"serie-imd-gemini","status":"publish","type":"product","link":"https:\/\/www.mpechicago.com\/pt-br\/produto\/serie-imd-gemini\/","title":{"rendered":"S\u00e9rie IMD Gemini"},"content":{"rendered":"<p>Os granuladores de c\u00e1psulas da s\u00e9rie IMD Gemini possuem acionamentos de motor independentes para cada rolo, permitindo taxas de velocidade de rolo personaliz\u00e1veis que variam de 1:1 a 1:4 para produzir diferenciais de distribui\u00e7\u00e3o de tamanho de part\u00edcula projetados para cada aplica\u00e7\u00e3o. Seu sistema de controle automatizado orientado por receita fornece a repetibilidade de todos os par\u00e2metros e caracter\u00edsticas de moagem. O Gemini \u00e9 o auge do equipamento de moagem de c\u00e1psulas de precis\u00e3o e controle de moagem final.  <\/p>\n<p><img fetchpriority=\"high\" decoding=\"async\" class=\"alignnone size-full wp-image-1763\" src=\"http:\/\/www.mpechicago.com\/wp-content\/uploads\/2019\/12\/GEMINI-Series-Brochure-Data-Breakdown_3.png\" alt=\"\" width=\"594\" height=\"150\" data-id=\"1763\"><\/p>\n","protected":false},"excerpt":{"rendered":"<p>MODELO GRANULADORES DE CAF\u00c9 DA S\u00c9RIE IMD GEMINI * GRANULADORES DA S\u00c9RIE IMD 669.2, 779.2, 889.2, 999.2<\/p>\n","protected":false},"featured_media":12233,"comment_status":"open","ping_status":"closed","template":"","meta":{"_acf_changed":false,"content-type":"","rs_blank_template":"","rs_page_bg_color":"","slide_template_v7":""},"product_brand":[],"product_cat":[418,396,397,398],"product_tag":[],"class_list":{"0":"post-33430","1":"product","2":"type-product","3":"status-publish","4":"has-post-thumbnail","6":"product_cat-filtro-pt-br","7":"product_cat-industrial-pt-br","8":"product_cat-cafe-expresso-pt-br","9":"product_cat-capsulas-capsulas-pt-br","11":"first","12":"outofstock","13":"shipping-taxable","14":"product-type-variable"},"acf":[],"yoast_head":"<!-- This site is optimized with the Yoast SEO plugin v27.5 - https:\/\/yoast.com\/product\/yoast-seo-wordpress\/ -->\n<title>S\u00e9rie IMD Gemini - Modern Process Equipment<\/title>\n<meta name=\"description\" content=\"Os granuladores de caf\u00e9 modelo IMD Gemini Series oferecem acionamentos de motor independentes para cada rolo. A MPE \u00e9 l\u00edder mundial em equipamentos industriais de moagem de caf\u00e9.\" \/>\n<meta name=\"robots\" content=\"index, follow, max-snippet:-1, max-image-preview:large, max-video-preview:-1\" \/>\n<link rel=\"canonical\" href=\"https:\/\/www.mpechicago.com\/pt-br\/produto\/serie-imd-gemini\/\" \/>\n<meta property=\"og:locale\" content=\"pt_BR\" \/>\n<meta property=\"og:type\" content=\"article\" \/>\n<meta property=\"og:title\" content=\"S\u00e9rie IMD Gemini - Modern Process Equipment\" \/>\n<meta property=\"og:description\" content=\"Os granuladores de caf\u00e9 modelo IMD Gemini Series oferecem acionamentos de motor independentes para cada rolo. A MPE \u00e9 l\u00edder mundial em equipamentos industriais de moagem de caf\u00e9.\" \/>\n<meta property=\"og:url\" content=\"https:\/\/www.mpechicago.com\/pt-br\/produto\/serie-imd-gemini\/\" \/>\n<meta property=\"og:site_name\" content=\"Modern Process Equipment\" \/>\n<meta property=\"article:modified_time\" content=\"2025-06-04T03:34:54+00:00\" \/>\n<meta property=\"og:image\" content=\"https:\/\/www.mpechicago.com\/wp-content\/uploads\/2019\/12\/IMD-Gemini-2022-2-1.jpg\" \/>\n\t<meta property=\"og:image:width\" content=\"800\" \/>\n\t<meta property=\"og:image:height\" content=\"800\" \/>\n\t<meta property=\"og:image:type\" content=\"image\/jpeg\" \/>\n<meta name=\"twitter:card\" content=\"summary_large_image\" \/>\n<script type=\"application\/ld+json\" class=\"yoast-schema-graph\">{\"@context\":\"https:\\\/\\\/schema.org\",\"@graph\":[{\"@type\":\"WebPage\",\"@id\":\"https:\\\/\\\/www.mpechicago.com\\\/pt-br\\\/produto\\\/serie-imd-gemini\\\/\",\"url\":\"https:\\\/\\\/www.mpechicago.com\\\/pt-br\\\/produto\\\/serie-imd-gemini\\\/\",\"name\":\"S\u00e9rie IMD Gemini - Modern Process Equipment\",\"isPartOf\":{\"@id\":\"https:\\\/\\\/www.mpechicago.com\\\/pt-br\\\/#website\"},\"primaryImageOfPage\":{\"@id\":\"https:\\\/\\\/www.mpechicago.com\\\/pt-br\\\/produto\\\/serie-imd-gemini\\\/#primaryimage\"},\"image\":{\"@id\":\"https:\\\/\\\/www.mpechicago.com\\\/pt-br\\\/produto\\\/serie-imd-gemini\\\/#primaryimage\"},\"thumbnailUrl\":\"https:\\\/\\\/www.mpechicago.com\\\/wp-content\\\/uploads\\\/2019\\\/12\\\/IMD-Gemini-2022-2-1.jpg\",\"datePublished\":\"2019-12-17T15:24:31+00:00\",\"dateModified\":\"2025-06-04T03:34:54+00:00\",\"description\":\"Os granuladores de caf\u00e9 modelo IMD Gemini Series oferecem acionamentos de motor independentes para cada rolo. A MPE \u00e9 l\u00edder mundial em equipamentos industriais de moagem de caf\u00e9.\",\"breadcrumb\":{\"@id\":\"https:\\\/\\\/www.mpechicago.com\\\/pt-br\\\/produto\\\/serie-imd-gemini\\\/#breadcrumb\"},\"inLanguage\":\"pt-BR\",\"potentialAction\":[{\"@type\":\"ReadAction\",\"target\":[\"https:\\\/\\\/www.mpechicago.com\\\/pt-br\\\/produto\\\/serie-imd-gemini\\\/\"]}]},{\"@type\":\"ImageObject\",\"inLanguage\":\"pt-BR\",\"@id\":\"https:\\\/\\\/www.mpechicago.com\\\/pt-br\\\/produto\\\/serie-imd-gemini\\\/#primaryimage\",\"url\":\"https:\\\/\\\/www.mpechicago.com\\\/wp-content\\\/uploads\\\/2019\\\/12\\\/IMD-Gemini-2022-2-1.jpg\",\"contentUrl\":\"https:\\\/\\\/www.mpechicago.com\\\/wp-content\\\/uploads\\\/2019\\\/12\\\/IMD-Gemini-2022-2-1.jpg\",\"width\":800,\"height\":800},{\"@type\":\"BreadcrumbList\",\"@id\":\"https:\\\/\\\/www.mpechicago.com\\\/pt-br\\\/produto\\\/serie-imd-gemini\\\/#breadcrumb\",\"itemListElement\":[{\"@type\":\"ListItem\",\"position\":1,\"name\":\"Casa\",\"item\":\"https:\\\/\\\/www.mpechicago.com\\\/pt-br\\\/\"},{\"@type\":\"ListItem\",\"position\":2,\"name\":\"Private: Shop\",\"item\":\"https:\\\/\\\/www.mpechicago.com\\\/?page_id=1006\"},{\"@type\":\"ListItem\",\"position\":3,\"name\":\"S\u00e9rie IMD Gemini\"}]},{\"@type\":\"WebSite\",\"@id\":\"https:\\\/\\\/www.mpechicago.com\\\/pt-br\\\/#website\",\"url\":\"https:\\\/\\\/www.mpechicago.com\\\/pt-br\\\/\",\"name\":\"Modern Process Equipment\",\"description\":\"\",\"publisher\":{\"@id\":\"https:\\\/\\\/www.mpechicago.com\\\/pt-br\\\/#organization\"},\"potentialAction\":[{\"@type\":\"SearchAction\",\"target\":{\"@type\":\"EntryPoint\",\"urlTemplate\":\"https:\\\/\\\/www.mpechicago.com\\\/pt-br\\\/?s={search_term_string}\"},\"query-input\":{\"@type\":\"PropertyValueSpecification\",\"valueRequired\":true,\"valueName\":\"search_term_string\"}}],\"inLanguage\":\"pt-BR\"},{\"@type\":\"Organization\",\"@id\":\"https:\\\/\\\/www.mpechicago.com\\\/pt-br\\\/#organization\",\"name\":\"Modern Process Equipment\",\"url\":\"https:\\\/\\\/www.mpechicago.com\\\/pt-br\\\/\",\"logo\":{\"@type\":\"ImageObject\",\"inLanguage\":\"pt-BR\",\"@id\":\"https:\\\/\\\/www.mpechicago.com\\\/pt-br\\\/#\\\/schema\\\/logo\\\/image\\\/\",\"url\":\"https:\\\/\\\/www.mpechicago.com\\\/wp-content\\\/uploads\\\/2019\\\/12\\\/logo.png\",\"contentUrl\":\"https:\\\/\\\/www.mpechicago.com\\\/wp-content\\\/uploads\\\/2019\\\/12\\\/logo.png\",\"width\":200,\"height\":91,\"caption\":\"Modern Process Equipment\"},\"image\":{\"@id\":\"https:\\\/\\\/www.mpechicago.com\\\/pt-br\\\/#\\\/schema\\\/logo\\\/image\\\/\"}}]}<\/script>\n<!-- \/ Yoast SEO plugin. -->","yoast_head_json":{"title":"S\u00e9rie IMD Gemini - Modern Process Equipment","description":"Os granuladores de caf\u00e9 modelo IMD Gemini Series oferecem acionamentos de motor independentes para cada rolo. A MPE \u00e9 l\u00edder mundial em equipamentos industriais de moagem de caf\u00e9.","robots":{"index":"index","follow":"follow","max-snippet":"max-snippet:-1","max-image-preview":"max-image-preview:large","max-video-preview":"max-video-preview:-1"},"canonical":"https:\/\/www.mpechicago.com\/pt-br\/produto\/serie-imd-gemini\/","og_locale":"pt_BR","og_type":"article","og_title":"S\u00e9rie IMD Gemini - Modern Process Equipment","og_description":"Os granuladores de caf\u00e9 modelo IMD Gemini Series oferecem acionamentos de motor independentes para cada rolo. A MPE \u00e9 l\u00edder mundial em equipamentos industriais de moagem de caf\u00e9.","og_url":"https:\/\/www.mpechicago.com\/pt-br\/produto\/serie-imd-gemini\/","og_site_name":"Modern Process Equipment","article_modified_time":"2025-06-04T03:34:54+00:00","og_image":[{"width":800,"height":800,"url":"https:\/\/www.mpechicago.com\/wp-content\/uploads\/2019\/12\/IMD-Gemini-2022-2-1.jpg","type":"image\/jpeg"}],"twitter_card":"summary_large_image","schema":{"@context":"https:\/\/schema.org","@graph":[{"@type":"WebPage","@id":"https:\/\/www.mpechicago.com\/pt-br\/produto\/serie-imd-gemini\/","url":"https:\/\/www.mpechicago.com\/pt-br\/produto\/serie-imd-gemini\/","name":"S\u00e9rie IMD Gemini - Modern Process Equipment","isPartOf":{"@id":"https:\/\/www.mpechicago.com\/pt-br\/#website"},"primaryImageOfPage":{"@id":"https:\/\/www.mpechicago.com\/pt-br\/produto\/serie-imd-gemini\/#primaryimage"},"image":{"@id":"https:\/\/www.mpechicago.com\/pt-br\/produto\/serie-imd-gemini\/#primaryimage"},"thumbnailUrl":"https:\/\/www.mpechicago.com\/wp-content\/uploads\/2019\/12\/IMD-Gemini-2022-2-1.jpg","datePublished":"2019-12-17T15:24:31+00:00","dateModified":"2025-06-04T03:34:54+00:00","description":"Os granuladores de caf\u00e9 modelo IMD Gemini Series oferecem acionamentos de motor independentes para cada rolo. A MPE \u00e9 l\u00edder mundial em equipamentos industriais de moagem de caf\u00e9.","breadcrumb":{"@id":"https:\/\/www.mpechicago.com\/pt-br\/produto\/serie-imd-gemini\/#breadcrumb"},"inLanguage":"pt-BR","potentialAction":[{"@type":"ReadAction","target":["https:\/\/www.mpechicago.com\/pt-br\/produto\/serie-imd-gemini\/"]}]},{"@type":"ImageObject","inLanguage":"pt-BR","@id":"https:\/\/www.mpechicago.com\/pt-br\/produto\/serie-imd-gemini\/#primaryimage","url":"https:\/\/www.mpechicago.com\/wp-content\/uploads\/2019\/12\/IMD-Gemini-2022-2-1.jpg","contentUrl":"https:\/\/www.mpechicago.com\/wp-content\/uploads\/2019\/12\/IMD-Gemini-2022-2-1.jpg","width":800,"height":800},{"@type":"BreadcrumbList","@id":"https:\/\/www.mpechicago.com\/pt-br\/produto\/serie-imd-gemini\/#breadcrumb","itemListElement":[{"@type":"ListItem","position":1,"name":"Casa","item":"https:\/\/www.mpechicago.com\/pt-br\/"},{"@type":"ListItem","position":2,"name":"Private: Shop","item":"https:\/\/www.mpechicago.com\/?page_id=1006"},{"@type":"ListItem","position":3,"name":"S\u00e9rie IMD Gemini"}]},{"@type":"WebSite","@id":"https:\/\/www.mpechicago.com\/pt-br\/#website","url":"https:\/\/www.mpechicago.com\/pt-br\/","name":"Modern Process Equipment","description":"","publisher":{"@id":"https:\/\/www.mpechicago.com\/pt-br\/#organization"},"potentialAction":[{"@type":"SearchAction","target":{"@type":"EntryPoint","urlTemplate":"https:\/\/www.mpechicago.com\/pt-br\/?s={search_term_string}"},"query-input":{"@type":"PropertyValueSpecification","valueRequired":true,"valueName":"search_term_string"}}],"inLanguage":"pt-BR"},{"@type":"Organization","@id":"https:\/\/www.mpechicago.com\/pt-br\/#organization","name":"Modern Process Equipment","url":"https:\/\/www.mpechicago.com\/pt-br\/","logo":{"@type":"ImageObject","inLanguage":"pt-BR","@id":"https:\/\/www.mpechicago.com\/pt-br\/#\/schema\/logo\/image\/","url":"https:\/\/www.mpechicago.com\/wp-content\/uploads\/2019\/12\/logo.png","contentUrl":"https:\/\/www.mpechicago.com\/wp-content\/uploads\/2019\/12\/logo.png","width":200,"height":91,"caption":"Modern Process Equipment"},"image":{"@id":"https:\/\/www.mpechicago.com\/pt-br\/#\/schema\/logo\/image\/"}}]}},"_links":{"self":[{"href":"https:\/\/www.mpechicago.com\/pt-br\/wp-json\/wp\/v2\/product\/33430","targetHints":{"allow":["GET"]}}],"collection":[{"href":"https:\/\/www.mpechicago.com\/pt-br\/wp-json\/wp\/v2\/product"}],"about":[{"href":"https:\/\/www.mpechicago.com\/pt-br\/wp-json\/wp\/v2\/types\/product"}],"replies":[{"embeddable":true,"href":"https:\/\/www.mpechicago.com\/pt-br\/wp-json\/wp\/v2\/comments?post=33430"}],"wp:featuredmedia":[{"embeddable":true,"href":"https:\/\/www.mpechicago.com\/pt-br\/wp-json\/wp\/v2\/media\/12233"}],"wp:attachment":[{"href":"https:\/\/www.mpechicago.com\/pt-br\/wp-json\/wp\/v2\/media?parent=33430"}],"wp:term":[{"taxonomy":"product_brand","embeddable":true,"href":"https:\/\/www.mpechicago.com\/pt-br\/wp-json\/wp\/v2\/product_brand?post=33430"},{"taxonomy":"product_cat","embeddable":true,"href":"https:\/\/www.mpechicago.com\/pt-br\/wp-json\/wp\/v2\/product_cat?post=33430"},{"taxonomy":"product_tag","embeddable":true,"href":"https:\/\/www.mpechicago.com\/pt-br\/wp-json\/wp\/v2\/product_tag?post=33430"}],"curies":[{"name":"wp","href":"https:\/\/api.w.org\/{rel}","templated":true}]}}