{"id":31095,"date":"2019-12-18T11:26:11","date_gmt":"2019-12-18T17:26:11","guid":{"rendered":"https:\/\/www.mpechicago.com\/product\/serie-imd-1060\/"},"modified":"2025-06-03T22:34:16","modified_gmt":"2025-06-04T03:34:16","slug":"serie-imd-1060","status":"publish","type":"product","link":"https:\/\/www.mpechicago.com\/pt-br\/produto\/serie-imd-1060\/","title":{"rendered":"S\u00e9rie IMD 1060"},"content":{"rendered":"<p>Os granuladores 1062 s\u00e3o granuladores de moinho de rolos grandes e pesados oferecidos pela MPE. As m\u00e1quinas t\u00edpicas t\u00eam de uma a quatro se\u00e7\u00f5es de rolo empilhadas verticalmente, onde cada se\u00e7\u00e3o cont\u00e9m a combina\u00e7\u00e3o ideal de dentes de rolo, velocidades de rolo e folga de rolo para maximizar o rendimento do produto. <\/p>\n","protected":false},"excerpt":{"rendered":"<p>S\u00c9RIE IMD 1060 GRAN-U-LIZERS\u2122<\/p>\n","protected":false},"featured_media":2403,"comment_status":"open","ping_status":"closed","template":"","meta":{"_acf_changed":false,"content-type":"","rs_blank_template":"","rs_page_bg_color":"","slide_template_v7":""},"product_brand":[],"product_cat":[423],"product_tag":[],"class_list":{"0":"post-31095","1":"product","2":"type-product","3":"status-publish","4":"has-post-thumbnail","6":"product_cat-gran-u-lizers-pt-br","8":"first","9":"instock","10":"shipping-taxable","11":"product-type-simple"},"acf":[],"yoast_head":"<!-- This site is optimized with the Yoast SEO plugin v27.3 - https:\/\/yoast.com\/product\/yoast-seo-wordpress\/ -->\n<title>S\u00e9rie IMD 1060 - Modern Process Equipment<\/title>\n<meta name=\"description\" content=\"Modelo IMD 1060 Series Gran-U-Lizer para redu\u00e7\u00e3o precisa do tamanho das part\u00edculas. A MPE \u00e9 l\u00edder mundial em equipamentos de moagem para alimentos, produtos qu\u00edmicos e minerais.\" \/>\n<meta name=\"robots\" content=\"index, follow, max-snippet:-1, max-image-preview:large, max-video-preview:-1\" \/>\n<link rel=\"canonical\" href=\"https:\/\/www.mpechicago.com\/pt-br\/produto\/serie-imd-1060\/\" \/>\n<meta property=\"og:locale\" content=\"pt_BR\" \/>\n<meta property=\"og:type\" content=\"article\" \/>\n<meta property=\"og:title\" content=\"S\u00e9rie IMD 1060 - Modern Process Equipment\" \/>\n<meta property=\"og:description\" content=\"Modelo IMD 1060 Series Gran-U-Lizer para redu\u00e7\u00e3o precisa do tamanho das part\u00edculas. A MPE \u00e9 l\u00edder mundial em equipamentos de moagem para alimentos, produtos qu\u00edmicos e minerais.\" \/>\n<meta property=\"og:url\" content=\"https:\/\/www.mpechicago.com\/pt-br\/produto\/serie-imd-1060\/\" \/>\n<meta property=\"og:site_name\" content=\"Modern Process Equipment\" \/>\n<meta property=\"article:modified_time\" content=\"2025-06-04T03:34:16+00:00\" \/>\n<meta property=\"og:image\" content=\"https:\/\/www.mpechicago.com\/wp-content\/uploads\/2019\/12\/MPE-IMD-1060.png\" \/>\n\t<meta property=\"og:image:width\" content=\"600\" \/>\n\t<meta property=\"og:image:height\" content=\"600\" \/>\n\t<meta property=\"og:image:type\" content=\"image\/png\" \/>\n<meta name=\"twitter:card\" content=\"summary_large_image\" \/>\n<script type=\"application\/ld+json\" class=\"yoast-schema-graph\">{\"@context\":\"https:\\\/\\\/schema.org\",\"@graph\":[{\"@type\":\"WebPage\",\"@id\":\"https:\\\/\\\/www.mpechicago.com\\\/pt-br\\\/produto\\\/serie-imd-1060\\\/\",\"url\":\"https:\\\/\\\/www.mpechicago.com\\\/pt-br\\\/produto\\\/serie-imd-1060\\\/\",\"name\":\"S\u00e9rie IMD 1060 - Modern Process Equipment\",\"isPartOf\":{\"@id\":\"https:\\\/\\\/www.mpechicago.com\\\/pt-br\\\/#website\"},\"primaryImageOfPage\":{\"@id\":\"https:\\\/\\\/www.mpechicago.com\\\/pt-br\\\/produto\\\/serie-imd-1060\\\/#primaryimage\"},\"image\":{\"@id\":\"https:\\\/\\\/www.mpechicago.com\\\/pt-br\\\/produto\\\/serie-imd-1060\\\/#primaryimage\"},\"thumbnailUrl\":\"https:\\\/\\\/www.mpechicago.com\\\/wp-content\\\/uploads\\\/2019\\\/12\\\/MPE-IMD-1060.png\",\"datePublished\":\"2019-12-18T17:26:11+00:00\",\"dateModified\":\"2025-06-04T03:34:16+00:00\",\"description\":\"Modelo IMD 1060 Series Gran-U-Lizer para redu\u00e7\u00e3o precisa do tamanho das part\u00edculas. A MPE \u00e9 l\u00edder mundial em equipamentos de moagem para alimentos, produtos qu\u00edmicos e minerais.\",\"breadcrumb\":{\"@id\":\"https:\\\/\\\/www.mpechicago.com\\\/pt-br\\\/produto\\\/serie-imd-1060\\\/#breadcrumb\"},\"inLanguage\":\"pt-BR\",\"potentialAction\":[{\"@type\":\"ReadAction\",\"target\":[\"https:\\\/\\\/www.mpechicago.com\\\/pt-br\\\/produto\\\/serie-imd-1060\\\/\"]}]},{\"@type\":\"ImageObject\",\"inLanguage\":\"pt-BR\",\"@id\":\"https:\\\/\\\/www.mpechicago.com\\\/pt-br\\\/produto\\\/serie-imd-1060\\\/#primaryimage\",\"url\":\"https:\\\/\\\/www.mpechicago.com\\\/wp-content\\\/uploads\\\/2019\\\/12\\\/MPE-IMD-1060.png\",\"contentUrl\":\"https:\\\/\\\/www.mpechicago.com\\\/wp-content\\\/uploads\\\/2019\\\/12\\\/MPE-IMD-1060.png\",\"width\":600,\"height\":600,\"caption\":\"MPE IMD 1060\"},{\"@type\":\"BreadcrumbList\",\"@id\":\"https:\\\/\\\/www.mpechicago.com\\\/pt-br\\\/produto\\\/serie-imd-1060\\\/#breadcrumb\",\"itemListElement\":[{\"@type\":\"ListItem\",\"position\":1,\"name\":\"Casa\",\"item\":\"https:\\\/\\\/www.mpechicago.com\\\/pt-br\\\/\"},{\"@type\":\"ListItem\",\"position\":2,\"name\":\"Private: Shop\",\"item\":\"https:\\\/\\\/www.mpechicago.com\\\/?page_id=1006\"},{\"@type\":\"ListItem\",\"position\":3,\"name\":\"S\u00e9rie IMD 1060\"}]},{\"@type\":\"WebSite\",\"@id\":\"https:\\\/\\\/www.mpechicago.com\\\/pt-br\\\/#website\",\"url\":\"https:\\\/\\\/www.mpechicago.com\\\/pt-br\\\/\",\"name\":\"Modern Process Equipment\",\"description\":\"\",\"publisher\":{\"@id\":\"https:\\\/\\\/www.mpechicago.com\\\/pt-br\\\/#organization\"},\"potentialAction\":[{\"@type\":\"SearchAction\",\"target\":{\"@type\":\"EntryPoint\",\"urlTemplate\":\"https:\\\/\\\/www.mpechicago.com\\\/pt-br\\\/?s={search_term_string}\"},\"query-input\":{\"@type\":\"PropertyValueSpecification\",\"valueRequired\":true,\"valueName\":\"search_term_string\"}}],\"inLanguage\":\"pt-BR\"},{\"@type\":\"Organization\",\"@id\":\"https:\\\/\\\/www.mpechicago.com\\\/pt-br\\\/#organization\",\"name\":\"Modern Process Equipment\",\"url\":\"https:\\\/\\\/www.mpechicago.com\\\/pt-br\\\/\",\"logo\":{\"@type\":\"ImageObject\",\"inLanguage\":\"pt-BR\",\"@id\":\"https:\\\/\\\/www.mpechicago.com\\\/pt-br\\\/#\\\/schema\\\/logo\\\/image\\\/\",\"url\":\"https:\\\/\\\/www.mpechicago.com\\\/wp-content\\\/uploads\\\/2019\\\/12\\\/logo.png\",\"contentUrl\":\"https:\\\/\\\/www.mpechicago.com\\\/wp-content\\\/uploads\\\/2019\\\/12\\\/logo.png\",\"width\":200,\"height\":91,\"caption\":\"Modern Process Equipment\"},\"image\":{\"@id\":\"https:\\\/\\\/www.mpechicago.com\\\/pt-br\\\/#\\\/schema\\\/logo\\\/image\\\/\"}}]}<\/script>\n<!-- \/ Yoast SEO plugin. -->","yoast_head_json":{"title":"S\u00e9rie IMD 1060 - Modern Process Equipment","description":"Modelo IMD 1060 Series Gran-U-Lizer para redu\u00e7\u00e3o precisa do tamanho das part\u00edculas. A MPE \u00e9 l\u00edder mundial em equipamentos de moagem para alimentos, produtos qu\u00edmicos e minerais.","robots":{"index":"index","follow":"follow","max-snippet":"max-snippet:-1","max-image-preview":"max-image-preview:large","max-video-preview":"max-video-preview:-1"},"canonical":"https:\/\/www.mpechicago.com\/pt-br\/produto\/serie-imd-1060\/","og_locale":"pt_BR","og_type":"article","og_title":"S\u00e9rie IMD 1060 - Modern Process Equipment","og_description":"Modelo IMD 1060 Series Gran-U-Lizer para redu\u00e7\u00e3o precisa do tamanho das part\u00edculas. A MPE \u00e9 l\u00edder mundial em equipamentos de moagem para alimentos, produtos qu\u00edmicos e minerais.","og_url":"https:\/\/www.mpechicago.com\/pt-br\/produto\/serie-imd-1060\/","og_site_name":"Modern Process Equipment","article_modified_time":"2025-06-04T03:34:16+00:00","og_image":[{"width":600,"height":600,"url":"https:\/\/www.mpechicago.com\/wp-content\/uploads\/2019\/12\/MPE-IMD-1060.png","type":"image\/png"}],"twitter_card":"summary_large_image","schema":{"@context":"https:\/\/schema.org","@graph":[{"@type":"WebPage","@id":"https:\/\/www.mpechicago.com\/pt-br\/produto\/serie-imd-1060\/","url":"https:\/\/www.mpechicago.com\/pt-br\/produto\/serie-imd-1060\/","name":"S\u00e9rie IMD 1060 - Modern Process Equipment","isPartOf":{"@id":"https:\/\/www.mpechicago.com\/pt-br\/#website"},"primaryImageOfPage":{"@id":"https:\/\/www.mpechicago.com\/pt-br\/produto\/serie-imd-1060\/#primaryimage"},"image":{"@id":"https:\/\/www.mpechicago.com\/pt-br\/produto\/serie-imd-1060\/#primaryimage"},"thumbnailUrl":"https:\/\/www.mpechicago.com\/wp-content\/uploads\/2019\/12\/MPE-IMD-1060.png","datePublished":"2019-12-18T17:26:11+00:00","dateModified":"2025-06-04T03:34:16+00:00","description":"Modelo IMD 1060 Series Gran-U-Lizer para redu\u00e7\u00e3o precisa do tamanho das part\u00edculas. A MPE \u00e9 l\u00edder mundial em equipamentos de moagem para alimentos, produtos qu\u00edmicos e minerais.","breadcrumb":{"@id":"https:\/\/www.mpechicago.com\/pt-br\/produto\/serie-imd-1060\/#breadcrumb"},"inLanguage":"pt-BR","potentialAction":[{"@type":"ReadAction","target":["https:\/\/www.mpechicago.com\/pt-br\/produto\/serie-imd-1060\/"]}]},{"@type":"ImageObject","inLanguage":"pt-BR","@id":"https:\/\/www.mpechicago.com\/pt-br\/produto\/serie-imd-1060\/#primaryimage","url":"https:\/\/www.mpechicago.com\/wp-content\/uploads\/2019\/12\/MPE-IMD-1060.png","contentUrl":"https:\/\/www.mpechicago.com\/wp-content\/uploads\/2019\/12\/MPE-IMD-1060.png","width":600,"height":600,"caption":"MPE IMD 1060"},{"@type":"BreadcrumbList","@id":"https:\/\/www.mpechicago.com\/pt-br\/produto\/serie-imd-1060\/#breadcrumb","itemListElement":[{"@type":"ListItem","position":1,"name":"Casa","item":"https:\/\/www.mpechicago.com\/pt-br\/"},{"@type":"ListItem","position":2,"name":"Private: Shop","item":"https:\/\/www.mpechicago.com\/?page_id=1006"},{"@type":"ListItem","position":3,"name":"S\u00e9rie IMD 1060"}]},{"@type":"WebSite","@id":"https:\/\/www.mpechicago.com\/pt-br\/#website","url":"https:\/\/www.mpechicago.com\/pt-br\/","name":"Modern Process Equipment","description":"","publisher":{"@id":"https:\/\/www.mpechicago.com\/pt-br\/#organization"},"potentialAction":[{"@type":"SearchAction","target":{"@type":"EntryPoint","urlTemplate":"https:\/\/www.mpechicago.com\/pt-br\/?s={search_term_string}"},"query-input":{"@type":"PropertyValueSpecification","valueRequired":true,"valueName":"search_term_string"}}],"inLanguage":"pt-BR"},{"@type":"Organization","@id":"https:\/\/www.mpechicago.com\/pt-br\/#organization","name":"Modern Process Equipment","url":"https:\/\/www.mpechicago.com\/pt-br\/","logo":{"@type":"ImageObject","inLanguage":"pt-BR","@id":"https:\/\/www.mpechicago.com\/pt-br\/#\/schema\/logo\/image\/","url":"https:\/\/www.mpechicago.com\/wp-content\/uploads\/2019\/12\/logo.png","contentUrl":"https:\/\/www.mpechicago.com\/wp-content\/uploads\/2019\/12\/logo.png","width":200,"height":91,"caption":"Modern Process Equipment"},"image":{"@id":"https:\/\/www.mpechicago.com\/pt-br\/#\/schema\/logo\/image\/"}}]}},"_links":{"self":[{"href":"https:\/\/www.mpechicago.com\/pt-br\/wp-json\/wp\/v2\/product\/31095","targetHints":{"allow":["GET"]}}],"collection":[{"href":"https:\/\/www.mpechicago.com\/pt-br\/wp-json\/wp\/v2\/product"}],"about":[{"href":"https:\/\/www.mpechicago.com\/pt-br\/wp-json\/wp\/v2\/types\/product"}],"replies":[{"embeddable":true,"href":"https:\/\/www.mpechicago.com\/pt-br\/wp-json\/wp\/v2\/comments?post=31095"}],"wp:featuredmedia":[{"embeddable":true,"href":"https:\/\/www.mpechicago.com\/pt-br\/wp-json\/wp\/v2\/media\/2403"}],"wp:attachment":[{"href":"https:\/\/www.mpechicago.com\/pt-br\/wp-json\/wp\/v2\/media?parent=31095"}],"wp:term":[{"taxonomy":"product_brand","embeddable":true,"href":"https:\/\/www.mpechicago.com\/pt-br\/wp-json\/wp\/v2\/product_brand?post=31095"},{"taxonomy":"product_cat","embeddable":true,"href":"https:\/\/www.mpechicago.com\/pt-br\/wp-json\/wp\/v2\/product_cat?post=31095"},{"taxonomy":"product_tag","embeddable":true,"href":"https:\/\/www.mpechicago.com\/pt-br\/wp-json\/wp\/v2\/product_tag?post=31095"}],"curies":[{"name":"wp","href":"https:\/\/api.w.org\/{rel}","templated":true}]}}