{"id":31029,"date":"2019-12-18T06:45:11","date_gmt":"2019-12-18T12:45:11","guid":{"rendered":"https:\/\/www.mpechicago.com\/product\/800-upd\/"},"modified":"2025-06-03T22:34:18","modified_gmt":"2025-06-04T03:34:18","slug":"800-upd","status":"publish","type":"product","link":"https:\/\/www.mpechicago.com\/pt-br\/produto\/800-upd\/","title":{"rendered":"800 UPD"},"content":{"rendered":"<p>A tecnologia UPD (Ultra Particle Distribution) foi desenvolvida em 2003 em conjunto com um grande produtor de caf\u00e9 sol\u00favel. A tecnologia UPD incorpora cortes de rolo, propor\u00e7\u00f5es e apresenta\u00e7\u00e3o de produto exclusivos para obter uniformidade superior do produto com 40 a 70% menos poeira do que as tecnologias anteriores. O resultado: melhor desempenho de extra\u00e7\u00e3o e filtro.  <\/p>\n","protected":false},"excerpt":{"rendered":"<p>GRANULADOR DE CAF\u00c9 DA S\u00c9RIE SOL\u00daVEL MODELO 800 UPD<\/p>\n","protected":false},"featured_media":2075,"comment_status":"open","ping_status":"closed","template":"","meta":{"_acf_changed":false,"content-type":"","rs_blank_template":"","rs_page_bg_color":"","slide_template_v7":""},"product_brand":[],"product_cat":[429,396],"product_tag":[],"class_list":{"0":"post-31029","1":"product","2":"type-product","3":"status-publish","4":"has-post-thumbnail","6":"product_cat-soluvel-extrato-pt-br","7":"product_cat-industrial-pt-br","9":"first","10":"outofstock","11":"shipping-taxable","12":"product-type-variable"},"acf":[],"yoast_head":"<!-- This site is optimized with the Yoast SEO plugin v27.3 - https:\/\/yoast.com\/product\/yoast-seo-wordpress\/ -->\n<title>800 UPD - Modern Process Equipment<\/title>\n<meta name=\"description\" content=\"O granulador de caf\u00e9 sol\u00favel modelo 800 UPD atinge at\u00e9 2.500 kg\/h de caf\u00e9 sol\u00favel perfeitamente mo\u00eddo. A MPE \u00e9 l\u00edder mundial em equipamentos de moagem de caf\u00e9.\" \/>\n<meta name=\"robots\" content=\"index, follow, max-snippet:-1, max-image-preview:large, max-video-preview:-1\" \/>\n<link rel=\"canonical\" href=\"https:\/\/www.mpechicago.com\/pt-br\/produto\/800-upd\/\" \/>\n<meta property=\"og:locale\" content=\"pt_BR\" \/>\n<meta property=\"og:type\" content=\"article\" \/>\n<meta property=\"og:title\" content=\"800 UPD - Modern Process Equipment\" \/>\n<meta property=\"og:description\" content=\"O granulador de caf\u00e9 sol\u00favel modelo 800 UPD atinge at\u00e9 2.500 kg\/h de caf\u00e9 sol\u00favel perfeitamente mo\u00eddo. A MPE \u00e9 l\u00edder mundial em equipamentos de moagem de caf\u00e9.\" \/>\n<meta property=\"og:url\" content=\"https:\/\/www.mpechicago.com\/pt-br\/produto\/800-upd\/\" \/>\n<meta property=\"og:site_name\" content=\"Modern Process Equipment\" \/>\n<meta property=\"article:modified_time\" content=\"2025-06-04T03:34:18+00:00\" \/>\n<meta property=\"og:image\" content=\"https:\/\/www.mpechicago.com\/wp-content\/uploads\/2019\/12\/MPE-800-UPD.png\" \/>\n\t<meta property=\"og:image:width\" content=\"600\" \/>\n\t<meta property=\"og:image:height\" content=\"600\" \/>\n\t<meta property=\"og:image:type\" content=\"image\/png\" \/>\n<meta name=\"twitter:card\" content=\"summary_large_image\" \/>\n<script type=\"application\/ld+json\" class=\"yoast-schema-graph\">{\"@context\":\"https:\\\/\\\/schema.org\",\"@graph\":[{\"@type\":\"WebPage\",\"@id\":\"https:\\\/\\\/www.mpechicago.com\\\/pt-br\\\/produto\\\/800-upd\\\/\",\"url\":\"https:\\\/\\\/www.mpechicago.com\\\/pt-br\\\/produto\\\/800-upd\\\/\",\"name\":\"800 UPD - Modern Process Equipment\",\"isPartOf\":{\"@id\":\"https:\\\/\\\/www.mpechicago.com\\\/pt-br\\\/#website\"},\"primaryImageOfPage\":{\"@id\":\"https:\\\/\\\/www.mpechicago.com\\\/pt-br\\\/produto\\\/800-upd\\\/#primaryimage\"},\"image\":{\"@id\":\"https:\\\/\\\/www.mpechicago.com\\\/pt-br\\\/produto\\\/800-upd\\\/#primaryimage\"},\"thumbnailUrl\":\"https:\\\/\\\/www.mpechicago.com\\\/wp-content\\\/uploads\\\/2019\\\/12\\\/MPE-800-UPD.png\",\"datePublished\":\"2019-12-18T12:45:11+00:00\",\"dateModified\":\"2025-06-04T03:34:18+00:00\",\"description\":\"O granulador de caf\u00e9 sol\u00favel modelo 800 UPD atinge at\u00e9 2.500 kg\\\/h de caf\u00e9 sol\u00favel perfeitamente mo\u00eddo. A MPE \u00e9 l\u00edder mundial em equipamentos de moagem de caf\u00e9.\",\"breadcrumb\":{\"@id\":\"https:\\\/\\\/www.mpechicago.com\\\/pt-br\\\/produto\\\/800-upd\\\/#breadcrumb\"},\"inLanguage\":\"pt-BR\",\"potentialAction\":[{\"@type\":\"ReadAction\",\"target\":[\"https:\\\/\\\/www.mpechicago.com\\\/pt-br\\\/produto\\\/800-upd\\\/\"]}]},{\"@type\":\"ImageObject\",\"inLanguage\":\"pt-BR\",\"@id\":\"https:\\\/\\\/www.mpechicago.com\\\/pt-br\\\/produto\\\/800-upd\\\/#primaryimage\",\"url\":\"https:\\\/\\\/www.mpechicago.com\\\/wp-content\\\/uploads\\\/2019\\\/12\\\/MPE-800-UPD.png\",\"contentUrl\":\"https:\\\/\\\/www.mpechicago.com\\\/wp-content\\\/uploads\\\/2019\\\/12\\\/MPE-800-UPD.png\",\"width\":600,\"height\":600,\"caption\":\"MPE 800 UPD\"},{\"@type\":\"BreadcrumbList\",\"@id\":\"https:\\\/\\\/www.mpechicago.com\\\/pt-br\\\/produto\\\/800-upd\\\/#breadcrumb\",\"itemListElement\":[{\"@type\":\"ListItem\",\"position\":1,\"name\":\"Casa\",\"item\":\"https:\\\/\\\/www.mpechicago.com\\\/pt-br\\\/\"},{\"@type\":\"ListItem\",\"position\":2,\"name\":\"Private: Shop\",\"item\":\"https:\\\/\\\/www.mpechicago.com\\\/?page_id=1006\"},{\"@type\":\"ListItem\",\"position\":3,\"name\":\"800 UPD\"}]},{\"@type\":\"WebSite\",\"@id\":\"https:\\\/\\\/www.mpechicago.com\\\/pt-br\\\/#website\",\"url\":\"https:\\\/\\\/www.mpechicago.com\\\/pt-br\\\/\",\"name\":\"Modern Process Equipment\",\"description\":\"\",\"publisher\":{\"@id\":\"https:\\\/\\\/www.mpechicago.com\\\/pt-br\\\/#organization\"},\"potentialAction\":[{\"@type\":\"SearchAction\",\"target\":{\"@type\":\"EntryPoint\",\"urlTemplate\":\"https:\\\/\\\/www.mpechicago.com\\\/pt-br\\\/?s={search_term_string}\"},\"query-input\":{\"@type\":\"PropertyValueSpecification\",\"valueRequired\":true,\"valueName\":\"search_term_string\"}}],\"inLanguage\":\"pt-BR\"},{\"@type\":\"Organization\",\"@id\":\"https:\\\/\\\/www.mpechicago.com\\\/pt-br\\\/#organization\",\"name\":\"Modern Process Equipment\",\"url\":\"https:\\\/\\\/www.mpechicago.com\\\/pt-br\\\/\",\"logo\":{\"@type\":\"ImageObject\",\"inLanguage\":\"pt-BR\",\"@id\":\"https:\\\/\\\/www.mpechicago.com\\\/pt-br\\\/#\\\/schema\\\/logo\\\/image\\\/\",\"url\":\"https:\\\/\\\/www.mpechicago.com\\\/wp-content\\\/uploads\\\/2019\\\/12\\\/logo.png\",\"contentUrl\":\"https:\\\/\\\/www.mpechicago.com\\\/wp-content\\\/uploads\\\/2019\\\/12\\\/logo.png\",\"width\":200,\"height\":91,\"caption\":\"Modern Process Equipment\"},\"image\":{\"@id\":\"https:\\\/\\\/www.mpechicago.com\\\/pt-br\\\/#\\\/schema\\\/logo\\\/image\\\/\"}}]}<\/script>\n<!-- \/ Yoast SEO plugin. -->","yoast_head_json":{"title":"800 UPD - Modern Process Equipment","description":"O granulador de caf\u00e9 sol\u00favel modelo 800 UPD atinge at\u00e9 2.500 kg\/h de caf\u00e9 sol\u00favel perfeitamente mo\u00eddo. A MPE \u00e9 l\u00edder mundial em equipamentos de moagem de caf\u00e9.","robots":{"index":"index","follow":"follow","max-snippet":"max-snippet:-1","max-image-preview":"max-image-preview:large","max-video-preview":"max-video-preview:-1"},"canonical":"https:\/\/www.mpechicago.com\/pt-br\/produto\/800-upd\/","og_locale":"pt_BR","og_type":"article","og_title":"800 UPD - Modern Process Equipment","og_description":"O granulador de caf\u00e9 sol\u00favel modelo 800 UPD atinge at\u00e9 2.500 kg\/h de caf\u00e9 sol\u00favel perfeitamente mo\u00eddo. A MPE \u00e9 l\u00edder mundial em equipamentos de moagem de caf\u00e9.","og_url":"https:\/\/www.mpechicago.com\/pt-br\/produto\/800-upd\/","og_site_name":"Modern Process Equipment","article_modified_time":"2025-06-04T03:34:18+00:00","og_image":[{"width":600,"height":600,"url":"https:\/\/www.mpechicago.com\/wp-content\/uploads\/2019\/12\/MPE-800-UPD.png","type":"image\/png"}],"twitter_card":"summary_large_image","schema":{"@context":"https:\/\/schema.org","@graph":[{"@type":"WebPage","@id":"https:\/\/www.mpechicago.com\/pt-br\/produto\/800-upd\/","url":"https:\/\/www.mpechicago.com\/pt-br\/produto\/800-upd\/","name":"800 UPD - Modern Process Equipment","isPartOf":{"@id":"https:\/\/www.mpechicago.com\/pt-br\/#website"},"primaryImageOfPage":{"@id":"https:\/\/www.mpechicago.com\/pt-br\/produto\/800-upd\/#primaryimage"},"image":{"@id":"https:\/\/www.mpechicago.com\/pt-br\/produto\/800-upd\/#primaryimage"},"thumbnailUrl":"https:\/\/www.mpechicago.com\/wp-content\/uploads\/2019\/12\/MPE-800-UPD.png","datePublished":"2019-12-18T12:45:11+00:00","dateModified":"2025-06-04T03:34:18+00:00","description":"O granulador de caf\u00e9 sol\u00favel modelo 800 UPD atinge at\u00e9 2.500 kg\/h de caf\u00e9 sol\u00favel perfeitamente mo\u00eddo. A MPE \u00e9 l\u00edder mundial em equipamentos de moagem de caf\u00e9.","breadcrumb":{"@id":"https:\/\/www.mpechicago.com\/pt-br\/produto\/800-upd\/#breadcrumb"},"inLanguage":"pt-BR","potentialAction":[{"@type":"ReadAction","target":["https:\/\/www.mpechicago.com\/pt-br\/produto\/800-upd\/"]}]},{"@type":"ImageObject","inLanguage":"pt-BR","@id":"https:\/\/www.mpechicago.com\/pt-br\/produto\/800-upd\/#primaryimage","url":"https:\/\/www.mpechicago.com\/wp-content\/uploads\/2019\/12\/MPE-800-UPD.png","contentUrl":"https:\/\/www.mpechicago.com\/wp-content\/uploads\/2019\/12\/MPE-800-UPD.png","width":600,"height":600,"caption":"MPE 800 UPD"},{"@type":"BreadcrumbList","@id":"https:\/\/www.mpechicago.com\/pt-br\/produto\/800-upd\/#breadcrumb","itemListElement":[{"@type":"ListItem","position":1,"name":"Casa","item":"https:\/\/www.mpechicago.com\/pt-br\/"},{"@type":"ListItem","position":2,"name":"Private: Shop","item":"https:\/\/www.mpechicago.com\/?page_id=1006"},{"@type":"ListItem","position":3,"name":"800 UPD"}]},{"@type":"WebSite","@id":"https:\/\/www.mpechicago.com\/pt-br\/#website","url":"https:\/\/www.mpechicago.com\/pt-br\/","name":"Modern Process Equipment","description":"","publisher":{"@id":"https:\/\/www.mpechicago.com\/pt-br\/#organization"},"potentialAction":[{"@type":"SearchAction","target":{"@type":"EntryPoint","urlTemplate":"https:\/\/www.mpechicago.com\/pt-br\/?s={search_term_string}"},"query-input":{"@type":"PropertyValueSpecification","valueRequired":true,"valueName":"search_term_string"}}],"inLanguage":"pt-BR"},{"@type":"Organization","@id":"https:\/\/www.mpechicago.com\/pt-br\/#organization","name":"Modern Process Equipment","url":"https:\/\/www.mpechicago.com\/pt-br\/","logo":{"@type":"ImageObject","inLanguage":"pt-BR","@id":"https:\/\/www.mpechicago.com\/pt-br\/#\/schema\/logo\/image\/","url":"https:\/\/www.mpechicago.com\/wp-content\/uploads\/2019\/12\/logo.png","contentUrl":"https:\/\/www.mpechicago.com\/wp-content\/uploads\/2019\/12\/logo.png","width":200,"height":91,"caption":"Modern Process Equipment"},"image":{"@id":"https:\/\/www.mpechicago.com\/pt-br\/#\/schema\/logo\/image\/"}}]}},"_links":{"self":[{"href":"https:\/\/www.mpechicago.com\/pt-br\/wp-json\/wp\/v2\/product\/31029","targetHints":{"allow":["GET"]}}],"collection":[{"href":"https:\/\/www.mpechicago.com\/pt-br\/wp-json\/wp\/v2\/product"}],"about":[{"href":"https:\/\/www.mpechicago.com\/pt-br\/wp-json\/wp\/v2\/types\/product"}],"replies":[{"embeddable":true,"href":"https:\/\/www.mpechicago.com\/pt-br\/wp-json\/wp\/v2\/comments?post=31029"}],"wp:featuredmedia":[{"embeddable":true,"href":"https:\/\/www.mpechicago.com\/pt-br\/wp-json\/wp\/v2\/media\/2075"}],"wp:attachment":[{"href":"https:\/\/www.mpechicago.com\/pt-br\/wp-json\/wp\/v2\/media?parent=31029"}],"wp:term":[{"taxonomy":"product_brand","embeddable":true,"href":"https:\/\/www.mpechicago.com\/pt-br\/wp-json\/wp\/v2\/product_brand?post=31029"},{"taxonomy":"product_cat","embeddable":true,"href":"https:\/\/www.mpechicago.com\/pt-br\/wp-json\/wp\/v2\/product_cat?post=31029"},{"taxonomy":"product_tag","embeddable":true,"href":"https:\/\/www.mpechicago.com\/pt-br\/wp-json\/wp\/v2\/product_tag?post=31029"}],"curies":[{"name":"wp","href":"https:\/\/api.w.org\/{rel}","templated":true}]}}