{"id":30984,"date":"2019-12-18T12:40:45","date_gmt":"2019-12-18T18:40:45","guid":{"rendered":"https:\/\/www.mpechicago.com\/product\/gpx\/"},"modified":"2025-06-25T12:35:02","modified_gmt":"2025-06-25T17:35:02","slug":"gpx","status":"publish","type":"product","link":"https:\/\/www.mpechicago.com\/pt-br\/produto\/gpx\/","title":{"rendered":"GPX"},"content":{"rendered":"<p>As esmerilhadeiras MPE Disc-Style oferecem um alto grau de versatilidade na redu\u00e7\u00e3o de tamanho de um amplo espectro de materiais. Esses moedores compactos e econ\u00f4micos atendem a uma variedade de aplica\u00e7\u00f5es de moagem, incluindo produtos qu\u00edmicos, alimentos secos, agregados de alimentos, minerais, especiarias e uma ampla variedade de materiais semelhantes. <\/p>\n<p>Constru\u00eddas de forma robusta, as retificadoras estilo disco da MPE apresentam discos de moagem &#8220;duros como diamante&#8221; que s\u00e3o cortados com precis\u00e3o para otimizar sua &#8220;a\u00e7\u00e3o&#8221; de corte, resultando em um produto final melhor com maior capacidade de produ\u00e7\u00e3o. Essa &#8220;a\u00e7\u00e3o&#8221; produz resultados superiores a um moinho de martelos por uma fra\u00e7\u00e3o do pre\u00e7o. As esmerilhadeiras de disco funcionam melhor em materiais &#8220;fri\u00e1veis&#8221; ou quebr\u00e1veis e se ajustam para fornecer tamanhos-alvo de 6 a 150 mesh (3.000 a 100 m\u00edcrons).  <\/p>\n<p>O GPX produz de 50 a 250 kg por hora de produto retificado com precis\u00e3o e usa dois discos de moagem de 5,5&#8243; de di\u00e2metro (140 mm) para reduzir os materiais a uma variedade de tamanhos de alvo. O GPX utiliza um controle de discagem conveniente para alterar o tamanho de moagem desejado e as moagens alvo t\u00edpicas variam de 6 a 150 mesh (3.000 a 100 m\u00edcrons). <\/p>\n<p>Em vez disso, voc\u00ea estava procurando o moedor de caf\u00e9 estilo disco de precis\u00e3o GPX?<\/p>\n<p><a href=\"http:\/\/www.mpechicago.com\/pt-br\/produto\/gpx-2\/\" class=\"btn btn-primary\">Leve-me para a vers\u00e3o caf\u00e9<\/a><\/p>\n","protected":false},"excerpt":{"rendered":"<p>MOEDOR MODELO GPX ESTILO DISCO (<\/p>\n<p>atende \u00e0s especifica\u00e7\u00f5es FGIS)<\/p>\n","protected":false},"featured_media":2456,"comment_status":"open","ping_status":"closed","template":"","meta":{"_acf_changed":false,"content-type":"","rs_blank_template":"","rs_page_bg_color":"","slide_template_v7":""},"product_brand":[],"product_cat":[415],"product_tag":[],"class_list":{"0":"post-30984","1":"product","2":"type-product","3":"status-publish","4":"has-post-thumbnail","6":"product_cat-estilo-de-disco-pt-br","8":"first","9":"instock","10":"shipping-taxable","11":"product-type-simple"},"acf":[],"yoast_head":"<!-- This site is optimized with the Yoast SEO plugin v27.4 - https:\/\/yoast.com\/product\/yoast-seo-wordpress\/ -->\n<title>S\u00e9rie GPX: Equipamento de precis\u00e3o - Modern Process Equipment de alimentos e produtos qu\u00edmicos<\/title>\n<meta name=\"description\" content=\"O moedor modelo GPX Disc-Style \u00e9 ideal para muitas aplica\u00e7\u00f5es aliment\u00edcias, qu\u00edmicas e minerais. A MPE \u00e9 l\u00edder mundial em redu\u00e7\u00e3o de tamanho de part\u00edcula de precis\u00e3o.\" \/>\n<meta name=\"robots\" content=\"index, follow, max-snippet:-1, max-image-preview:large, max-video-preview:-1\" \/>\n<link rel=\"canonical\" href=\"https:\/\/www.mpechicago.com\/pt-br\/produto\/gpx\/\" \/>\n<meta property=\"og:locale\" content=\"pt_BR\" \/>\n<meta property=\"og:type\" content=\"article\" \/>\n<meta property=\"og:title\" content=\"S\u00e9rie GPX: Equipamento de precis\u00e3o - Modern Process Equipment de alimentos e produtos qu\u00edmicos\" \/>\n<meta property=\"og:description\" content=\"O moedor modelo GPX Disc-Style \u00e9 ideal para muitas aplica\u00e7\u00f5es aliment\u00edcias, qu\u00edmicas e minerais. A MPE \u00e9 l\u00edder mundial em redu\u00e7\u00e3o de tamanho de part\u00edcula de precis\u00e3o.\" \/>\n<meta property=\"og:url\" content=\"https:\/\/www.mpechicago.com\/pt-br\/produto\/gpx\/\" \/>\n<meta property=\"og:site_name\" content=\"Modern Process Equipment\" \/>\n<meta property=\"article:modified_time\" content=\"2025-06-25T17:35:02+00:00\" \/>\n<meta property=\"og:image\" content=\"https:\/\/www.mpechicago.com\/wp-content\/uploads\/2019\/12\/MPE-GPX_0-1.png\" \/>\n\t<meta property=\"og:image:width\" content=\"600\" \/>\n\t<meta property=\"og:image:height\" content=\"600\" \/>\n\t<meta property=\"og:image:type\" content=\"image\/png\" \/>\n<meta name=\"twitter:card\" content=\"summary_large_image\" \/>\n<meta name=\"twitter:label1\" content=\"Est. tempo de leitura\" \/>\n\t<meta name=\"twitter:data1\" content=\"1 minuto\" \/>\n<script type=\"application\/ld+json\" class=\"yoast-schema-graph\">{\"@context\":\"https:\\\/\\\/schema.org\",\"@graph\":[{\"@type\":\"WebPage\",\"@id\":\"https:\\\/\\\/www.mpechicago.com\\\/pt-br\\\/produto\\\/gpx\\\/\",\"url\":\"https:\\\/\\\/www.mpechicago.com\\\/pt-br\\\/produto\\\/gpx\\\/\",\"name\":\"S\u00e9rie GPX: Equipamento de precis\u00e3o - Modern Process Equipment de alimentos e produtos qu\u00edmicos\",\"isPartOf\":{\"@id\":\"https:\\\/\\\/www.mpechicago.com\\\/pt-br\\\/#website\"},\"primaryImageOfPage\":{\"@id\":\"https:\\\/\\\/www.mpechicago.com\\\/pt-br\\\/produto\\\/gpx\\\/#primaryimage\"},\"image\":{\"@id\":\"https:\\\/\\\/www.mpechicago.com\\\/pt-br\\\/produto\\\/gpx\\\/#primaryimage\"},\"thumbnailUrl\":\"https:\\\/\\\/www.mpechicago.com\\\/wp-content\\\/uploads\\\/2019\\\/12\\\/MPE-GPX_0-1.png\",\"datePublished\":\"2019-12-18T18:40:45+00:00\",\"dateModified\":\"2025-06-25T17:35:02+00:00\",\"description\":\"O moedor modelo GPX Disc-Style \u00e9 ideal para muitas aplica\u00e7\u00f5es aliment\u00edcias, qu\u00edmicas e minerais. A MPE \u00e9 l\u00edder mundial em redu\u00e7\u00e3o de tamanho de part\u00edcula de precis\u00e3o.\",\"breadcrumb\":{\"@id\":\"https:\\\/\\\/www.mpechicago.com\\\/pt-br\\\/produto\\\/gpx\\\/#breadcrumb\"},\"inLanguage\":\"pt-BR\",\"potentialAction\":[{\"@type\":\"ReadAction\",\"target\":[\"https:\\\/\\\/www.mpechicago.com\\\/pt-br\\\/produto\\\/gpx\\\/\"]}]},{\"@type\":\"ImageObject\",\"inLanguage\":\"pt-BR\",\"@id\":\"https:\\\/\\\/www.mpechicago.com\\\/pt-br\\\/produto\\\/gpx\\\/#primaryimage\",\"url\":\"https:\\\/\\\/www.mpechicago.com\\\/wp-content\\\/uploads\\\/2019\\\/12\\\/MPE-GPX_0-1.png\",\"contentUrl\":\"https:\\\/\\\/www.mpechicago.com\\\/wp-content\\\/uploads\\\/2019\\\/12\\\/MPE-GPX_0-1.png\",\"width\":600,\"height\":600,\"caption\":\"MPE GPX 0\"},{\"@type\":\"BreadcrumbList\",\"@id\":\"https:\\\/\\\/www.mpechicago.com\\\/pt-br\\\/produto\\\/gpx\\\/#breadcrumb\",\"itemListElement\":[{\"@type\":\"ListItem\",\"position\":1,\"name\":\"Casa\",\"item\":\"https:\\\/\\\/www.mpechicago.com\\\/pt-br\\\/\"},{\"@type\":\"ListItem\",\"position\":2,\"name\":\"Private: Shop\",\"item\":\"https:\\\/\\\/www.mpechicago.com\\\/?page_id=1006\"},{\"@type\":\"ListItem\",\"position\":3,\"name\":\"GPX\"}]},{\"@type\":\"WebSite\",\"@id\":\"https:\\\/\\\/www.mpechicago.com\\\/pt-br\\\/#website\",\"url\":\"https:\\\/\\\/www.mpechicago.com\\\/pt-br\\\/\",\"name\":\"Modern Process Equipment\",\"description\":\"\",\"publisher\":{\"@id\":\"https:\\\/\\\/www.mpechicago.com\\\/pt-br\\\/#organization\"},\"potentialAction\":[{\"@type\":\"SearchAction\",\"target\":{\"@type\":\"EntryPoint\",\"urlTemplate\":\"https:\\\/\\\/www.mpechicago.com\\\/pt-br\\\/?s={search_term_string}\"},\"query-input\":{\"@type\":\"PropertyValueSpecification\",\"valueRequired\":true,\"valueName\":\"search_term_string\"}}],\"inLanguage\":\"pt-BR\"},{\"@type\":\"Organization\",\"@id\":\"https:\\\/\\\/www.mpechicago.com\\\/pt-br\\\/#organization\",\"name\":\"Modern Process Equipment\",\"url\":\"https:\\\/\\\/www.mpechicago.com\\\/pt-br\\\/\",\"logo\":{\"@type\":\"ImageObject\",\"inLanguage\":\"pt-BR\",\"@id\":\"https:\\\/\\\/www.mpechicago.com\\\/pt-br\\\/#\\\/schema\\\/logo\\\/image\\\/\",\"url\":\"https:\\\/\\\/www.mpechicago.com\\\/wp-content\\\/uploads\\\/2019\\\/12\\\/logo.png\",\"contentUrl\":\"https:\\\/\\\/www.mpechicago.com\\\/wp-content\\\/uploads\\\/2019\\\/12\\\/logo.png\",\"width\":200,\"height\":91,\"caption\":\"Modern Process Equipment\"},\"image\":{\"@id\":\"https:\\\/\\\/www.mpechicago.com\\\/pt-br\\\/#\\\/schema\\\/logo\\\/image\\\/\"}}]}<\/script>\n<!-- \/ Yoast SEO plugin. -->","yoast_head_json":{"title":"S\u00e9rie GPX: Equipamento de precis\u00e3o - Modern Process Equipment de alimentos e produtos qu\u00edmicos","description":"O moedor modelo GPX Disc-Style \u00e9 ideal para muitas aplica\u00e7\u00f5es aliment\u00edcias, qu\u00edmicas e minerais. A MPE \u00e9 l\u00edder mundial em redu\u00e7\u00e3o de tamanho de part\u00edcula de precis\u00e3o.","robots":{"index":"index","follow":"follow","max-snippet":"max-snippet:-1","max-image-preview":"max-image-preview:large","max-video-preview":"max-video-preview:-1"},"canonical":"https:\/\/www.mpechicago.com\/pt-br\/produto\/gpx\/","og_locale":"pt_BR","og_type":"article","og_title":"S\u00e9rie GPX: Equipamento de precis\u00e3o - Modern Process Equipment de alimentos e produtos qu\u00edmicos","og_description":"O moedor modelo GPX Disc-Style \u00e9 ideal para muitas aplica\u00e7\u00f5es aliment\u00edcias, qu\u00edmicas e minerais. A MPE \u00e9 l\u00edder mundial em redu\u00e7\u00e3o de tamanho de part\u00edcula de precis\u00e3o.","og_url":"https:\/\/www.mpechicago.com\/pt-br\/produto\/gpx\/","og_site_name":"Modern Process Equipment","article_modified_time":"2025-06-25T17:35:02+00:00","og_image":[{"width":600,"height":600,"url":"https:\/\/www.mpechicago.com\/wp-content\/uploads\/2019\/12\/MPE-GPX_0-1.png","type":"image\/png"}],"twitter_card":"summary_large_image","twitter_misc":{"Est. tempo de leitura":"1 minuto"},"schema":{"@context":"https:\/\/schema.org","@graph":[{"@type":"WebPage","@id":"https:\/\/www.mpechicago.com\/pt-br\/produto\/gpx\/","url":"https:\/\/www.mpechicago.com\/pt-br\/produto\/gpx\/","name":"S\u00e9rie GPX: Equipamento de precis\u00e3o - Modern Process Equipment de alimentos e produtos qu\u00edmicos","isPartOf":{"@id":"https:\/\/www.mpechicago.com\/pt-br\/#website"},"primaryImageOfPage":{"@id":"https:\/\/www.mpechicago.com\/pt-br\/produto\/gpx\/#primaryimage"},"image":{"@id":"https:\/\/www.mpechicago.com\/pt-br\/produto\/gpx\/#primaryimage"},"thumbnailUrl":"https:\/\/www.mpechicago.com\/wp-content\/uploads\/2019\/12\/MPE-GPX_0-1.png","datePublished":"2019-12-18T18:40:45+00:00","dateModified":"2025-06-25T17:35:02+00:00","description":"O moedor modelo GPX Disc-Style \u00e9 ideal para muitas aplica\u00e7\u00f5es aliment\u00edcias, qu\u00edmicas e minerais. A MPE \u00e9 l\u00edder mundial em redu\u00e7\u00e3o de tamanho de part\u00edcula de precis\u00e3o.","breadcrumb":{"@id":"https:\/\/www.mpechicago.com\/pt-br\/produto\/gpx\/#breadcrumb"},"inLanguage":"pt-BR","potentialAction":[{"@type":"ReadAction","target":["https:\/\/www.mpechicago.com\/pt-br\/produto\/gpx\/"]}]},{"@type":"ImageObject","inLanguage":"pt-BR","@id":"https:\/\/www.mpechicago.com\/pt-br\/produto\/gpx\/#primaryimage","url":"https:\/\/www.mpechicago.com\/wp-content\/uploads\/2019\/12\/MPE-GPX_0-1.png","contentUrl":"https:\/\/www.mpechicago.com\/wp-content\/uploads\/2019\/12\/MPE-GPX_0-1.png","width":600,"height":600,"caption":"MPE GPX 0"},{"@type":"BreadcrumbList","@id":"https:\/\/www.mpechicago.com\/pt-br\/produto\/gpx\/#breadcrumb","itemListElement":[{"@type":"ListItem","position":1,"name":"Casa","item":"https:\/\/www.mpechicago.com\/pt-br\/"},{"@type":"ListItem","position":2,"name":"Private: Shop","item":"https:\/\/www.mpechicago.com\/?page_id=1006"},{"@type":"ListItem","position":3,"name":"GPX"}]},{"@type":"WebSite","@id":"https:\/\/www.mpechicago.com\/pt-br\/#website","url":"https:\/\/www.mpechicago.com\/pt-br\/","name":"Modern Process Equipment","description":"","publisher":{"@id":"https:\/\/www.mpechicago.com\/pt-br\/#organization"},"potentialAction":[{"@type":"SearchAction","target":{"@type":"EntryPoint","urlTemplate":"https:\/\/www.mpechicago.com\/pt-br\/?s={search_term_string}"},"query-input":{"@type":"PropertyValueSpecification","valueRequired":true,"valueName":"search_term_string"}}],"inLanguage":"pt-BR"},{"@type":"Organization","@id":"https:\/\/www.mpechicago.com\/pt-br\/#organization","name":"Modern Process Equipment","url":"https:\/\/www.mpechicago.com\/pt-br\/","logo":{"@type":"ImageObject","inLanguage":"pt-BR","@id":"https:\/\/www.mpechicago.com\/pt-br\/#\/schema\/logo\/image\/","url":"https:\/\/www.mpechicago.com\/wp-content\/uploads\/2019\/12\/logo.png","contentUrl":"https:\/\/www.mpechicago.com\/wp-content\/uploads\/2019\/12\/logo.png","width":200,"height":91,"caption":"Modern Process Equipment"},"image":{"@id":"https:\/\/www.mpechicago.com\/pt-br\/#\/schema\/logo\/image\/"}}]}},"_links":{"self":[{"href":"https:\/\/www.mpechicago.com\/pt-br\/wp-json\/wp\/v2\/product\/30984","targetHints":{"allow":["GET"]}}],"collection":[{"href":"https:\/\/www.mpechicago.com\/pt-br\/wp-json\/wp\/v2\/product"}],"about":[{"href":"https:\/\/www.mpechicago.com\/pt-br\/wp-json\/wp\/v2\/types\/product"}],"replies":[{"embeddable":true,"href":"https:\/\/www.mpechicago.com\/pt-br\/wp-json\/wp\/v2\/comments?post=30984"}],"wp:featuredmedia":[{"embeddable":true,"href":"https:\/\/www.mpechicago.com\/pt-br\/wp-json\/wp\/v2\/media\/2456"}],"wp:attachment":[{"href":"https:\/\/www.mpechicago.com\/pt-br\/wp-json\/wp\/v2\/media?parent=30984"}],"wp:term":[{"taxonomy":"product_brand","embeddable":true,"href":"https:\/\/www.mpechicago.com\/pt-br\/wp-json\/wp\/v2\/product_brand?post=30984"},{"taxonomy":"product_cat","embeddable":true,"href":"https:\/\/www.mpechicago.com\/pt-br\/wp-json\/wp\/v2\/product_cat?post=30984"},{"taxonomy":"product_tag","embeddable":true,"href":"https:\/\/www.mpechicago.com\/pt-br\/wp-json\/wp\/v2\/product_tag?post=30984"}],"curies":[{"name":"wp","href":"https:\/\/api.w.org\/{rel}","templated":true}]}}