{"id":31299,"date":"2020-05-13T01:06:03","date_gmt":"2020-05-13T06:06:03","guid":{"rendered":"https:\/\/www.mpechicago.com\/aplicativo-de-pre-venda\/"},"modified":"2025-05-14T08:10:57","modified_gmt":"2025-05-14T13:10:57","slug":"aplicativo-de-pre-venda","status":"publish","type":"page","link":"https:\/\/www.mpechicago.com\/pt-br\/aplicativo-de-pre-venda\/","title":{"rendered":"Aplicativo de pr\u00e9-venda"},"content":{"rendered":"\n<h1 class=\"wp-block-heading page-title\">Pre-Sales Testing Request<\/h1>\n\n<p class=\"intro\">Para nos ajudar a determinar os requisitos de laborat\u00f3rio para uma avalia\u00e7\u00e3o, forne\u00e7a-nos o m\u00e1ximo de informa\u00e7\u00f5es poss\u00edvel sobre seu produto e aplica\u00e7\u00e3o. Ap\u00f3s a revis\u00e3o das informa\u00e7\u00f5es enviadas, um de nossos engenheiros de aplica\u00e7\u00e3o entrar\u00e1 em contato com voc\u00ea para fornecer instru\u00e7\u00f5es sobre o envio de amostras de produtos para nosso laborat\u00f3rio de testes. Sinta-se \u00e0 vontade para nos ligar no <a href=\"tel:1773-232-4252\">+1 773.232.4252<\/a>.  <\/p>\n\n<script charset=\"utf-8\" type=\"text\/javascript\" src=\"\/\/js.hsforms.net\/forms\/embed\/v2.js\"><\/script><script>hbspt.forms.create({\n    region: \"na1\",\n    portalId: \"21660890\",\n    formId: \"a3173718-0879-40aa-abe5-8cf3428f3ba8\"\n  });\n<\/script>\n\n<div style=\"height:100px\" aria-hidden=\"true\" class=\"wp-block-spacer\"><\/div>\n","protected":false},"excerpt":{"rendered":"<p>Pre-Sales Testing Request Para nos ajudar a determinar os requisitos de laborat\u00f3rio para uma avalia\u00e7\u00e3o, forne\u00e7a-nos o m\u00e1ximo de informa\u00e7\u00f5es poss\u00edvel sobre seu produto e aplica\u00e7\u00e3o. Ap\u00f3s a revis\u00e3o das informa\u00e7\u00f5es enviadas, um de nossos engenheiros de aplica\u00e7\u00e3o entrar\u00e1 em contato com voc\u00ea para fornecer instru\u00e7\u00f5es sobre o envio de amostras de produtos para nosso<\/p>\n","protected":false},"author":20,"featured_media":0,"parent":0,"menu_order":0,"comment_status":"closed","ping_status":"closed","template":"","meta":{"_acf_changed":false,"content-type":"","rs_blank_template":"","rs_page_bg_color":"","slide_template_v7":"","footnotes":""},"class_list":["post-31299","page","type-page","status-publish","hentry"],"acf":[],"yoast_head":"<!-- This site is optimized with the Yoast SEO plugin v27.4 - https:\/\/yoast.com\/product\/yoast-seo-wordpress\/ -->\n<title>Aplicativo de pr\u00e9-venda - MPE Chicago: envie seus requisitos para solu\u00e7\u00f5es personalizadas<\/title>\n<meta name=\"description\" content=\"Aplicativo de pr\u00e9-venda - MPE Chicago: Envie seus requisitos de inscri\u00e7\u00e3o para solu\u00e7\u00f5es personalizadas.\" \/>\n<meta name=\"robots\" content=\"index, follow, max-snippet:-1, max-image-preview:large, max-video-preview:-1\" \/>\n<link rel=\"canonical\" href=\"https:\/\/www.mpechicago.com\/pt-br\/aplicativo-de-pre-venda\/\" \/>\n<meta property=\"og:locale\" content=\"pt_BR\" \/>\n<meta property=\"og:type\" content=\"article\" \/>\n<meta property=\"og:title\" content=\"Aplicativo de pr\u00e9-venda - MPE Chicago: envie seus requisitos para solu\u00e7\u00f5es personalizadas\" \/>\n<meta property=\"og:description\" content=\"Aplicativo de pr\u00e9-venda - MPE Chicago: Envie seus requisitos de inscri\u00e7\u00e3o para solu\u00e7\u00f5es personalizadas.\" \/>\n<meta property=\"og:url\" content=\"https:\/\/www.mpechicago.com\/pt-br\/aplicativo-de-pre-venda\/\" \/>\n<meta property=\"og:site_name\" content=\"Modern Process Equipment\" \/>\n<meta property=\"article:modified_time\" content=\"2025-05-14T13:10:57+00:00\" \/>\n<meta name=\"twitter:card\" content=\"summary_large_image\" \/>\n<script type=\"application\/ld+json\" class=\"yoast-schema-graph\">{\"@context\":\"https:\\\/\\\/schema.org\",\"@graph\":[{\"@type\":\"WebPage\",\"@id\":\"https:\\\/\\\/www.mpechicago.com\\\/pt-br\\\/aplicativo-de-pre-venda\\\/\",\"url\":\"https:\\\/\\\/www.mpechicago.com\\\/pt-br\\\/aplicativo-de-pre-venda\\\/\",\"name\":\"Aplicativo de pr\u00e9-venda - MPE Chicago: envie seus requisitos para solu\u00e7\u00f5es personalizadas\",\"isPartOf\":{\"@id\":\"https:\\\/\\\/www.mpechicago.com\\\/pt-br\\\/#website\"},\"datePublished\":\"2020-05-13T06:06:03+00:00\",\"dateModified\":\"2025-05-14T13:10:57+00:00\",\"description\":\"Aplicativo de pr\u00e9-venda - MPE Chicago: Envie seus requisitos de inscri\u00e7\u00e3o para solu\u00e7\u00f5es personalizadas.\",\"breadcrumb\":{\"@id\":\"https:\\\/\\\/www.mpechicago.com\\\/pt-br\\\/aplicativo-de-pre-venda\\\/#breadcrumb\"},\"inLanguage\":\"pt-BR\",\"potentialAction\":[{\"@type\":\"ReadAction\",\"target\":[\"https:\\\/\\\/www.mpechicago.com\\\/pt-br\\\/aplicativo-de-pre-venda\\\/\"]}]},{\"@type\":\"BreadcrumbList\",\"@id\":\"https:\\\/\\\/www.mpechicago.com\\\/pt-br\\\/aplicativo-de-pre-venda\\\/#breadcrumb\",\"itemListElement\":[{\"@type\":\"ListItem\",\"position\":1,\"name\":\"Casa\",\"item\":\"https:\\\/\\\/www.mpechicago.com\\\/pt-br\\\/\"},{\"@type\":\"ListItem\",\"position\":2,\"name\":\"Aplicativo de pr\u00e9-venda\"}]},{\"@type\":\"WebSite\",\"@id\":\"https:\\\/\\\/www.mpechicago.com\\\/pt-br\\\/#website\",\"url\":\"https:\\\/\\\/www.mpechicago.com\\\/pt-br\\\/\",\"name\":\"Modern Process Equipment\",\"description\":\"\",\"publisher\":{\"@id\":\"https:\\\/\\\/www.mpechicago.com\\\/pt-br\\\/#organization\"},\"potentialAction\":[{\"@type\":\"SearchAction\",\"target\":{\"@type\":\"EntryPoint\",\"urlTemplate\":\"https:\\\/\\\/www.mpechicago.com\\\/pt-br\\\/?s={search_term_string}\"},\"query-input\":{\"@type\":\"PropertyValueSpecification\",\"valueRequired\":true,\"valueName\":\"search_term_string\"}}],\"inLanguage\":\"pt-BR\"},{\"@type\":\"Organization\",\"@id\":\"https:\\\/\\\/www.mpechicago.com\\\/pt-br\\\/#organization\",\"name\":\"Modern Process Equipment\",\"url\":\"https:\\\/\\\/www.mpechicago.com\\\/pt-br\\\/\",\"logo\":{\"@type\":\"ImageObject\",\"inLanguage\":\"pt-BR\",\"@id\":\"https:\\\/\\\/www.mpechicago.com\\\/pt-br\\\/#\\\/schema\\\/logo\\\/image\\\/\",\"url\":\"https:\\\/\\\/www.mpechicago.com\\\/wp-content\\\/uploads\\\/2019\\\/12\\\/logo.png\",\"contentUrl\":\"https:\\\/\\\/www.mpechicago.com\\\/wp-content\\\/uploads\\\/2019\\\/12\\\/logo.png\",\"width\":200,\"height\":91,\"caption\":\"Modern Process Equipment\"},\"image\":{\"@id\":\"https:\\\/\\\/www.mpechicago.com\\\/pt-br\\\/#\\\/schema\\\/logo\\\/image\\\/\"}}]}<\/script>\n<!-- \/ Yoast SEO plugin. -->","yoast_head_json":{"title":"Aplicativo de pr\u00e9-venda - MPE Chicago: envie seus requisitos para solu\u00e7\u00f5es personalizadas","description":"Aplicativo de pr\u00e9-venda - MPE Chicago: Envie seus requisitos de inscri\u00e7\u00e3o para solu\u00e7\u00f5es personalizadas.","robots":{"index":"index","follow":"follow","max-snippet":"max-snippet:-1","max-image-preview":"max-image-preview:large","max-video-preview":"max-video-preview:-1"},"canonical":"https:\/\/www.mpechicago.com\/pt-br\/aplicativo-de-pre-venda\/","og_locale":"pt_BR","og_type":"article","og_title":"Aplicativo de pr\u00e9-venda - MPE Chicago: envie seus requisitos para solu\u00e7\u00f5es personalizadas","og_description":"Aplicativo de pr\u00e9-venda - MPE Chicago: Envie seus requisitos de inscri\u00e7\u00e3o para solu\u00e7\u00f5es personalizadas.","og_url":"https:\/\/www.mpechicago.com\/pt-br\/aplicativo-de-pre-venda\/","og_site_name":"Modern Process Equipment","article_modified_time":"2025-05-14T13:10:57+00:00","twitter_card":"summary_large_image","schema":{"@context":"https:\/\/schema.org","@graph":[{"@type":"WebPage","@id":"https:\/\/www.mpechicago.com\/pt-br\/aplicativo-de-pre-venda\/","url":"https:\/\/www.mpechicago.com\/pt-br\/aplicativo-de-pre-venda\/","name":"Aplicativo de pr\u00e9-venda - MPE Chicago: envie seus requisitos para solu\u00e7\u00f5es personalizadas","isPartOf":{"@id":"https:\/\/www.mpechicago.com\/pt-br\/#website"},"datePublished":"2020-05-13T06:06:03+00:00","dateModified":"2025-05-14T13:10:57+00:00","description":"Aplicativo de pr\u00e9-venda - MPE Chicago: Envie seus requisitos de inscri\u00e7\u00e3o para solu\u00e7\u00f5es personalizadas.","breadcrumb":{"@id":"https:\/\/www.mpechicago.com\/pt-br\/aplicativo-de-pre-venda\/#breadcrumb"},"inLanguage":"pt-BR","potentialAction":[{"@type":"ReadAction","target":["https:\/\/www.mpechicago.com\/pt-br\/aplicativo-de-pre-venda\/"]}]},{"@type":"BreadcrumbList","@id":"https:\/\/www.mpechicago.com\/pt-br\/aplicativo-de-pre-venda\/#breadcrumb","itemListElement":[{"@type":"ListItem","position":1,"name":"Casa","item":"https:\/\/www.mpechicago.com\/pt-br\/"},{"@type":"ListItem","position":2,"name":"Aplicativo de pr\u00e9-venda"}]},{"@type":"WebSite","@id":"https:\/\/www.mpechicago.com\/pt-br\/#website","url":"https:\/\/www.mpechicago.com\/pt-br\/","name":"Modern Process Equipment","description":"","publisher":{"@id":"https:\/\/www.mpechicago.com\/pt-br\/#organization"},"potentialAction":[{"@type":"SearchAction","target":{"@type":"EntryPoint","urlTemplate":"https:\/\/www.mpechicago.com\/pt-br\/?s={search_term_string}"},"query-input":{"@type":"PropertyValueSpecification","valueRequired":true,"valueName":"search_term_string"}}],"inLanguage":"pt-BR"},{"@type":"Organization","@id":"https:\/\/www.mpechicago.com\/pt-br\/#organization","name":"Modern Process Equipment","url":"https:\/\/www.mpechicago.com\/pt-br\/","logo":{"@type":"ImageObject","inLanguage":"pt-BR","@id":"https:\/\/www.mpechicago.com\/pt-br\/#\/schema\/logo\/image\/","url":"https:\/\/www.mpechicago.com\/wp-content\/uploads\/2019\/12\/logo.png","contentUrl":"https:\/\/www.mpechicago.com\/wp-content\/uploads\/2019\/12\/logo.png","width":200,"height":91,"caption":"Modern Process Equipment"},"image":{"@id":"https:\/\/www.mpechicago.com\/pt-br\/#\/schema\/logo\/image\/"}}]}},"_links":{"self":[{"href":"https:\/\/www.mpechicago.com\/pt-br\/wp-json\/wp\/v2\/pages\/31299","targetHints":{"allow":["GET"]}}],"collection":[{"href":"https:\/\/www.mpechicago.com\/pt-br\/wp-json\/wp\/v2\/pages"}],"about":[{"href":"https:\/\/www.mpechicago.com\/pt-br\/wp-json\/wp\/v2\/types\/page"}],"author":[{"embeddable":true,"href":"https:\/\/www.mpechicago.com\/pt-br\/wp-json\/wp\/v2\/users\/20"}],"replies":[{"embeddable":true,"href":"https:\/\/www.mpechicago.com\/pt-br\/wp-json\/wp\/v2\/comments?post=31299"}],"version-history":[{"count":1,"href":"https:\/\/www.mpechicago.com\/pt-br\/wp-json\/wp\/v2\/pages\/31299\/revisions"}],"predecessor-version":[{"id":31300,"href":"https:\/\/www.mpechicago.com\/pt-br\/wp-json\/wp\/v2\/pages\/31299\/revisions\/31300"}],"wp:attachment":[{"href":"https:\/\/www.mpechicago.com\/pt-br\/wp-json\/wp\/v2\/media?parent=31299"}],"curies":[{"name":"wp","href":"https:\/\/api.w.org\/{rel}","templated":true}]}}