{"id":31291,"date":"2019-12-11T10:49:54","date_gmt":"2019-12-11T16:49:54","guid":{"rendered":"https:\/\/www.mpechicago.com\/vagas-em-aberto\/"},"modified":"2025-05-14T08:10:40","modified_gmt":"2025-05-14T13:10:40","slug":"vagas-em-aberto","status":"publish","type":"page","link":"https:\/\/www.mpechicago.com\/pt-br\/vagas-em-aberto\/","title":{"rendered":"Vagas em aberto"},"content":{"rendered":"<div class=\"wp-bootstrap-blocks-row mb-5\">\n\t<div class=\"row\">\n\t\t\n\n<div class=\"col-12 col-md-9 col-lg-9 col-xl-8\">\n\t<div class=\"\">\n\t\t\n\n<h1 class=\"wp-block-heading\">Careers at MPE<\/h1>\n\n\n\n<p class=\"intro\">Estamos sempre \u00e0 procura de pessoas talentosas para se juntarem \u00e0 nossa empresa.<\/p>\n\n\n\n<figure class=\"wp-block-embed is-type-video is-provider-vimeo wp-block-embed-vimeo wp-embed-aspect-16-9 wp-has-aspect-ratio\"><div class=\"wp-block-embed__wrapper\">\n<iframe title=\"Imagine Yourself at MPE\" src=\"https:\/\/player.vimeo.com\/video\/811412969?dnt=1&amp;app_id=122963\" width=\"580\" height=\"326\" frameborder=\"0\" allow=\"autoplay; fullscreen; picture-in-picture; clipboard-write; encrypted-media\"><\/iframe>\n<\/div><figcaption class=\"wp-element-caption\">Alguns membros da nossa equipe explicam um pouco sobre os produtos que fabricamos e como \u00e9 trabalhar na MPE.<\/figcaption><\/figure>\n\n\n\n<p>Por mais de 65 anos, a MPE tem sido l\u00edder do setor no projeto e fabrica\u00e7\u00e3o de moedores industriais, transportadores e sistemas completos de plantas para a ind\u00fastria de caf\u00e9 e alimentos. Embora tenhamos uma rica hist\u00f3ria no processamento de caf\u00e9 (mais de 90% de participa\u00e7\u00e3o de mercado na Am\u00e9rica do Norte para a produ\u00e7\u00e3o de caf\u00e9 mo\u00eddo), outras ind\u00fastrias incluem alimentos, alimentos para animais de estima\u00e7\u00e3o, cervejarias artesanais, nozes secas, cereais e produtos qu\u00edmicos. Todos os nossos produtos s\u00e3o projetados e fabricados em nossas instala\u00e7\u00f5es em Chicago, IL.    <\/p>\n\n\n\n<h5 class=\"wp-block-heading\">We are an equal opportunity employer and value diversity. We welcome  you to view our open positions below and provide your information  though our submission form.<\/h5>\n\n\n\n<div style=\"height:45px\" aria-hidden=\"true\" class=\"wp-block-spacer\"><\/div>\n\n\n\n<h2 class=\"wp-block-heading has-text-align-center\">Find Your Next Career At MPE<\/h2>\n\n\n\n<div style=\"height:26px\" aria-hidden=\"true\" class=\"wp-block-spacer\"><\/div>\n\n\n\n<div style=\"height:26px\" aria-hidden=\"true\" class=\"wp-block-spacer\"><\/div>\n\n\n<div class=\"wp-bootstrap-blocks-button text-center\">\n\t<a href=\"https:\/\/mpechicago.prevueaps.com\/jobs\/\" class=\"btn btn-primary\">\n\t\tSee All Open MPE Opportunities\t<\/a>\n<\/div>\n\n\n\n<div style=\"height:26px\" aria-hidden=\"true\" class=\"wp-block-spacer\"><\/div>\n\n\t<\/div>\n<\/div>\n\n\n\n<div class=\"col-12 col-md-3 col-lg-3 col-xl-4\">\n\t<div class=\"\">\n\t\t\n\n<figure class=\"wp-block-image size-full\"><img fetchpriority=\"high\" decoding=\"async\" width=\"500\" height=\"357\" src=\"http:\/\/www.mpechicago.com\/wp-content\/uploads\/2021\/10\/MPE-Volunteering-Web-2.gif\" alt=\"\" class=\"wp-image-12136\"\/><figcaption class=\"wp-element-caption\">MPE offers an dynamic, team-orientated company culture. We&#8217;re a family-owned company and we believe in doing the right thing for our employees always and our communities.<\/figcaption><\/figure>\n\n\n\n<h3 class=\"wp-block-heading\">MPE&#8217;s culture    <\/h3>\n\n\n\n<ul class=\"wp-block-list\">\n<li>Uma empresa privada, lucrativa e em crescimento, que valoriza o respeito por cada pessoa, a resolu\u00e7\u00e3o criativa de problemas, a qualidade e o trabalho em equipe.<\/li>\n\n\n\n<li>Uma posi\u00e7\u00e3o desafiadora onde voc\u00ea pode moldar sua pr\u00f3pria carreira, criar suas pr\u00f3prias oportunidades e crescer em todo o seu potencial.<\/li>\n\n\n\n<li>Um ambiente de trabalho divertido e emocionante com foco em tecnologia de ponta.<\/li>\n<\/ul>\n\n\n\n<h3 class=\"wp-block-heading\">Perks of working at MPE    <\/h3>\n\n\n\n<ul class=\"wp-block-list\">\n<li>Localizado em Little Village, oferece deliciosos restaurantes e mercearias nas proximidades<\/li>\n\n\n\n<li>Gin\u00e1sio completo da empresa no local<\/li>\n\n\n\n<li>Mesas de p\u00e9<\/li>\n\n\n\n<li>Parque espa\u00e7oso com quadras de t\u00eanis e basquete do lado de fora<\/li>\n\n\n\n<li>M\u00e1quina de caf\u00e9 expresso Sanremo profissional e cafeteira de dose \u00fanica Bunn na cozinha<\/li>\n\n\n\n<li>Muito estacionamento<\/li>\n<\/ul>\n\n\t<\/div>\n<\/div>\n\n\t<\/div>\n<\/div>\n","protected":false},"excerpt":{"rendered":"","protected":false},"author":20,"featured_media":0,"parent":0,"menu_order":0,"comment_status":"closed","ping_status":"closed","template":"","meta":{"_acf_changed":false,"content-type":"","rs_blank_template":"","rs_page_bg_color":"","slide_template_v7":"","footnotes":""},"class_list":["post-31291","page","type-page","status-publish","hentry"],"acf":[],"yoast_head":"<!-- This site is optimized with the Yoast SEO plugin v27.5 - https:\/\/yoast.com\/product\/yoast-seo-wordpress\/ -->\n<title>Carreiras na MPE - Modern Process Equipment<\/title>\n<meta name=\"description\" content=\"Por quase sessenta anos, a MPE tem sido l\u00edder do setor no projeto e fabrica\u00e7\u00e3o de moedores industriais, transportadores e sistemas completos de plantas para a ind\u00fastria de caf\u00e9 e alimentos. Embora tenhamos uma rica hist\u00f3ria no processamento de caf\u00e9 (mais de 90% de participa\u00e7\u00e3o de mercado na Am\u00e9rica do Norte para a produ\u00e7\u00e3o de caf\u00e9 mo\u00eddo), outras ind\u00fastrias incluem alimentos, alimentos para animais de estima\u00e7\u00e3o, cervejarias artesanais, nozes secas, cereais e produtos qu\u00edmicos. Todos os nossos produtos s\u00e3o projetados e fabricados em nossas instala\u00e7\u00f5es em Chicago, IL.\" \/>\n<meta name=\"robots\" content=\"index, follow, max-snippet:-1, max-image-preview:large, max-video-preview:-1\" \/>\n<link rel=\"canonical\" href=\"https:\/\/www.mpechicago.com\/pt-br\/vagas-em-aberto\/\" \/>\n<meta property=\"og:locale\" content=\"pt_BR\" \/>\n<meta property=\"og:type\" content=\"article\" \/>\n<meta property=\"og:title\" content=\"Carreiras na MPE - Modern Process Equipment\" \/>\n<meta property=\"og:description\" content=\"Por quase sessenta anos, a MPE tem sido l\u00edder do setor no projeto e fabrica\u00e7\u00e3o de moedores industriais, transportadores e sistemas completos de plantas para a ind\u00fastria de caf\u00e9 e alimentos. Embora tenhamos uma rica hist\u00f3ria no processamento de caf\u00e9 (mais de 90% de participa\u00e7\u00e3o de mercado na Am\u00e9rica do Norte para a produ\u00e7\u00e3o de caf\u00e9 mo\u00eddo), outras ind\u00fastrias incluem alimentos, alimentos para animais de estima\u00e7\u00e3o, cervejarias artesanais, nozes secas, cereais e produtos qu\u00edmicos. Todos os nossos produtos s\u00e3o projetados e fabricados em nossas instala\u00e7\u00f5es em Chicago, IL.\" \/>\n<meta property=\"og:url\" content=\"https:\/\/www.mpechicago.com\/pt-br\/vagas-em-aberto\/\" \/>\n<meta property=\"og:site_name\" content=\"Modern Process Equipment\" \/>\n<meta property=\"article:modified_time\" content=\"2025-05-14T13:10:40+00:00\" \/>\n<meta property=\"og:image\" content=\"http:\/\/www.mpechicago.com\/wp-content\/uploads\/2021\/10\/MPE-Volunteering-Web-2.gif\" \/>\n<meta name=\"twitter:card\" content=\"summary_large_image\" \/>\n<meta name=\"twitter:label1\" content=\"Est. tempo de leitura\" \/>\n\t<meta name=\"twitter:data1\" content=\"2 minutos\" \/>\n<script type=\"application\/ld+json\" class=\"yoast-schema-graph\">{\"@context\":\"https:\\\/\\\/schema.org\",\"@graph\":[{\"@type\":\"WebPage\",\"@id\":\"https:\\\/\\\/www.mpechicago.com\\\/pt-br\\\/vagas-em-aberto\\\/\",\"url\":\"https:\\\/\\\/www.mpechicago.com\\\/pt-br\\\/vagas-em-aberto\\\/\",\"name\":\"Carreiras na MPE - Modern Process Equipment\",\"isPartOf\":{\"@id\":\"https:\\\/\\\/www.mpechicago.com\\\/pt-br\\\/#website\"},\"primaryImageOfPage\":{\"@id\":\"https:\\\/\\\/www.mpechicago.com\\\/pt-br\\\/vagas-em-aberto\\\/#primaryimage\"},\"image\":{\"@id\":\"https:\\\/\\\/www.mpechicago.com\\\/pt-br\\\/vagas-em-aberto\\\/#primaryimage\"},\"thumbnailUrl\":\"http:\\\/\\\/www.mpechicago.com\\\/wp-content\\\/uploads\\\/2021\\\/10\\\/MPE-Volunteering-Web-2.gif\",\"datePublished\":\"2019-12-11T16:49:54+00:00\",\"dateModified\":\"2025-05-14T13:10:40+00:00\",\"description\":\"Por quase sessenta anos, a MPE tem sido l\u00edder do setor no projeto e fabrica\u00e7\u00e3o de moedores industriais, transportadores e sistemas completos de plantas para a ind\u00fastria de caf\u00e9 e alimentos. Embora tenhamos uma rica hist\u00f3ria no processamento de caf\u00e9 (mais de 90% de participa\u00e7\u00e3o de mercado na Am\u00e9rica do Norte para a produ\u00e7\u00e3o de caf\u00e9 mo\u00eddo), outras ind\u00fastrias incluem alimentos, alimentos para animais de estima\u00e7\u00e3o, cervejarias artesanais, nozes secas, cereais e produtos qu\u00edmicos. Todos os nossos produtos s\u00e3o projetados e fabricados em nossas instala\u00e7\u00f5es em Chicago, IL.\",\"breadcrumb\":{\"@id\":\"https:\\\/\\\/www.mpechicago.com\\\/pt-br\\\/vagas-em-aberto\\\/#breadcrumb\"},\"inLanguage\":\"pt-BR\",\"potentialAction\":[{\"@type\":\"ReadAction\",\"target\":[\"https:\\\/\\\/www.mpechicago.com\\\/pt-br\\\/vagas-em-aberto\\\/\"]}]},{\"@type\":\"ImageObject\",\"inLanguage\":\"pt-BR\",\"@id\":\"https:\\\/\\\/www.mpechicago.com\\\/pt-br\\\/vagas-em-aberto\\\/#primaryimage\",\"url\":\"http:\\\/\\\/www.mpechicago.com\\\/wp-content\\\/uploads\\\/2021\\\/10\\\/MPE-Volunteering-Web-2.gif\",\"contentUrl\":\"http:\\\/\\\/www.mpechicago.com\\\/wp-content\\\/uploads\\\/2021\\\/10\\\/MPE-Volunteering-Web-2.gif\"},{\"@type\":\"BreadcrumbList\",\"@id\":\"https:\\\/\\\/www.mpechicago.com\\\/pt-br\\\/vagas-em-aberto\\\/#breadcrumb\",\"itemListElement\":[{\"@type\":\"ListItem\",\"position\":1,\"name\":\"Casa\",\"item\":\"https:\\\/\\\/www.mpechicago.com\\\/pt-br\\\/\"},{\"@type\":\"ListItem\",\"position\":2,\"name\":\"Vagas em aberto\"}]},{\"@type\":\"WebSite\",\"@id\":\"https:\\\/\\\/www.mpechicago.com\\\/pt-br\\\/#website\",\"url\":\"https:\\\/\\\/www.mpechicago.com\\\/pt-br\\\/\",\"name\":\"Modern Process Equipment\",\"description\":\"\",\"publisher\":{\"@id\":\"https:\\\/\\\/www.mpechicago.com\\\/pt-br\\\/#organization\"},\"potentialAction\":[{\"@type\":\"SearchAction\",\"target\":{\"@type\":\"EntryPoint\",\"urlTemplate\":\"https:\\\/\\\/www.mpechicago.com\\\/pt-br\\\/?s={search_term_string}\"},\"query-input\":{\"@type\":\"PropertyValueSpecification\",\"valueRequired\":true,\"valueName\":\"search_term_string\"}}],\"inLanguage\":\"pt-BR\"},{\"@type\":\"Organization\",\"@id\":\"https:\\\/\\\/www.mpechicago.com\\\/pt-br\\\/#organization\",\"name\":\"Modern Process Equipment\",\"url\":\"https:\\\/\\\/www.mpechicago.com\\\/pt-br\\\/\",\"logo\":{\"@type\":\"ImageObject\",\"inLanguage\":\"pt-BR\",\"@id\":\"https:\\\/\\\/www.mpechicago.com\\\/pt-br\\\/#\\\/schema\\\/logo\\\/image\\\/\",\"url\":\"https:\\\/\\\/www.mpechicago.com\\\/wp-content\\\/uploads\\\/2019\\\/12\\\/logo.png\",\"contentUrl\":\"https:\\\/\\\/www.mpechicago.com\\\/wp-content\\\/uploads\\\/2019\\\/12\\\/logo.png\",\"width\":200,\"height\":91,\"caption\":\"Modern Process Equipment\"},\"image\":{\"@id\":\"https:\\\/\\\/www.mpechicago.com\\\/pt-br\\\/#\\\/schema\\\/logo\\\/image\\\/\"}}]}<\/script>\n<!-- \/ Yoast SEO plugin. -->","yoast_head_json":{"title":"Carreiras na MPE - Modern Process Equipment","description":"Por quase sessenta anos, a MPE tem sido l\u00edder do setor no projeto e fabrica\u00e7\u00e3o de moedores industriais, transportadores e sistemas completos de plantas para a ind\u00fastria de caf\u00e9 e alimentos. Embora tenhamos uma rica hist\u00f3ria no processamento de caf\u00e9 (mais de 90% de participa\u00e7\u00e3o de mercado na Am\u00e9rica do Norte para a produ\u00e7\u00e3o de caf\u00e9 mo\u00eddo), outras ind\u00fastrias incluem alimentos, alimentos para animais de estima\u00e7\u00e3o, cervejarias artesanais, nozes secas, cereais e produtos qu\u00edmicos. Todos os nossos produtos s\u00e3o projetados e fabricados em nossas instala\u00e7\u00f5es em Chicago, IL.","robots":{"index":"index","follow":"follow","max-snippet":"max-snippet:-1","max-image-preview":"max-image-preview:large","max-video-preview":"max-video-preview:-1"},"canonical":"https:\/\/www.mpechicago.com\/pt-br\/vagas-em-aberto\/","og_locale":"pt_BR","og_type":"article","og_title":"Carreiras na MPE - Modern Process Equipment","og_description":"Por quase sessenta anos, a MPE tem sido l\u00edder do setor no projeto e fabrica\u00e7\u00e3o de moedores industriais, transportadores e sistemas completos de plantas para a ind\u00fastria de caf\u00e9 e alimentos. Embora tenhamos uma rica hist\u00f3ria no processamento de caf\u00e9 (mais de 90% de participa\u00e7\u00e3o de mercado na Am\u00e9rica do Norte para a produ\u00e7\u00e3o de caf\u00e9 mo\u00eddo), outras ind\u00fastrias incluem alimentos, alimentos para animais de estima\u00e7\u00e3o, cervejarias artesanais, nozes secas, cereais e produtos qu\u00edmicos. Todos os nossos produtos s\u00e3o projetados e fabricados em nossas instala\u00e7\u00f5es em Chicago, IL.","og_url":"https:\/\/www.mpechicago.com\/pt-br\/vagas-em-aberto\/","og_site_name":"Modern Process Equipment","article_modified_time":"2025-05-14T13:10:40+00:00","og_image":[{"url":"http:\/\/www.mpechicago.com\/wp-content\/uploads\/2021\/10\/MPE-Volunteering-Web-2.gif","type":"","width":"","height":""}],"twitter_card":"summary_large_image","twitter_misc":{"Est. tempo de leitura":"2 minutos"},"schema":{"@context":"https:\/\/schema.org","@graph":[{"@type":"WebPage","@id":"https:\/\/www.mpechicago.com\/pt-br\/vagas-em-aberto\/","url":"https:\/\/www.mpechicago.com\/pt-br\/vagas-em-aberto\/","name":"Carreiras na MPE - Modern Process Equipment","isPartOf":{"@id":"https:\/\/www.mpechicago.com\/pt-br\/#website"},"primaryImageOfPage":{"@id":"https:\/\/www.mpechicago.com\/pt-br\/vagas-em-aberto\/#primaryimage"},"image":{"@id":"https:\/\/www.mpechicago.com\/pt-br\/vagas-em-aberto\/#primaryimage"},"thumbnailUrl":"http:\/\/www.mpechicago.com\/wp-content\/uploads\/2021\/10\/MPE-Volunteering-Web-2.gif","datePublished":"2019-12-11T16:49:54+00:00","dateModified":"2025-05-14T13:10:40+00:00","description":"Por quase sessenta anos, a MPE tem sido l\u00edder do setor no projeto e fabrica\u00e7\u00e3o de moedores industriais, transportadores e sistemas completos de plantas para a ind\u00fastria de caf\u00e9 e alimentos. Embora tenhamos uma rica hist\u00f3ria no processamento de caf\u00e9 (mais de 90% de participa\u00e7\u00e3o de mercado na Am\u00e9rica do Norte para a produ\u00e7\u00e3o de caf\u00e9 mo\u00eddo), outras ind\u00fastrias incluem alimentos, alimentos para animais de estima\u00e7\u00e3o, cervejarias artesanais, nozes secas, cereais e produtos qu\u00edmicos. Todos os nossos produtos s\u00e3o projetados e fabricados em nossas instala\u00e7\u00f5es em Chicago, IL.","breadcrumb":{"@id":"https:\/\/www.mpechicago.com\/pt-br\/vagas-em-aberto\/#breadcrumb"},"inLanguage":"pt-BR","potentialAction":[{"@type":"ReadAction","target":["https:\/\/www.mpechicago.com\/pt-br\/vagas-em-aberto\/"]}]},{"@type":"ImageObject","inLanguage":"pt-BR","@id":"https:\/\/www.mpechicago.com\/pt-br\/vagas-em-aberto\/#primaryimage","url":"http:\/\/www.mpechicago.com\/wp-content\/uploads\/2021\/10\/MPE-Volunteering-Web-2.gif","contentUrl":"http:\/\/www.mpechicago.com\/wp-content\/uploads\/2021\/10\/MPE-Volunteering-Web-2.gif"},{"@type":"BreadcrumbList","@id":"https:\/\/www.mpechicago.com\/pt-br\/vagas-em-aberto\/#breadcrumb","itemListElement":[{"@type":"ListItem","position":1,"name":"Casa","item":"https:\/\/www.mpechicago.com\/pt-br\/"},{"@type":"ListItem","position":2,"name":"Vagas em aberto"}]},{"@type":"WebSite","@id":"https:\/\/www.mpechicago.com\/pt-br\/#website","url":"https:\/\/www.mpechicago.com\/pt-br\/","name":"Modern Process Equipment","description":"","publisher":{"@id":"https:\/\/www.mpechicago.com\/pt-br\/#organization"},"potentialAction":[{"@type":"SearchAction","target":{"@type":"EntryPoint","urlTemplate":"https:\/\/www.mpechicago.com\/pt-br\/?s={search_term_string}"},"query-input":{"@type":"PropertyValueSpecification","valueRequired":true,"valueName":"search_term_string"}}],"inLanguage":"pt-BR"},{"@type":"Organization","@id":"https:\/\/www.mpechicago.com\/pt-br\/#organization","name":"Modern Process Equipment","url":"https:\/\/www.mpechicago.com\/pt-br\/","logo":{"@type":"ImageObject","inLanguage":"pt-BR","@id":"https:\/\/www.mpechicago.com\/pt-br\/#\/schema\/logo\/image\/","url":"https:\/\/www.mpechicago.com\/wp-content\/uploads\/2019\/12\/logo.png","contentUrl":"https:\/\/www.mpechicago.com\/wp-content\/uploads\/2019\/12\/logo.png","width":200,"height":91,"caption":"Modern Process Equipment"},"image":{"@id":"https:\/\/www.mpechicago.com\/pt-br\/#\/schema\/logo\/image\/"}}]}},"_links":{"self":[{"href":"https:\/\/www.mpechicago.com\/pt-br\/wp-json\/wp\/v2\/pages\/31291","targetHints":{"allow":["GET"]}}],"collection":[{"href":"https:\/\/www.mpechicago.com\/pt-br\/wp-json\/wp\/v2\/pages"}],"about":[{"href":"https:\/\/www.mpechicago.com\/pt-br\/wp-json\/wp\/v2\/types\/page"}],"author":[{"embeddable":true,"href":"https:\/\/www.mpechicago.com\/pt-br\/wp-json\/wp\/v2\/users\/20"}],"replies":[{"embeddable":true,"href":"https:\/\/www.mpechicago.com\/pt-br\/wp-json\/wp\/v2\/comments?post=31291"}],"version-history":[{"count":1,"href":"https:\/\/www.mpechicago.com\/pt-br\/wp-json\/wp\/v2\/pages\/31291\/revisions"}],"predecessor-version":[{"id":31292,"href":"https:\/\/www.mpechicago.com\/pt-br\/wp-json\/wp\/v2\/pages\/31291\/revisions\/31292"}],"wp:attachment":[{"href":"https:\/\/www.mpechicago.com\/pt-br\/wp-json\/wp\/v2\/media?parent=31291"}],"curies":[{"name":"wp","href":"https:\/\/api.w.org\/{rel}","templated":true}]}}