{"id":31269,"date":"2020-05-06T02:36:07","date_gmt":"2020-05-06T07:36:07","guid":{"rendered":"https:\/\/www.mpechicago.com\/servicos-e-suporte\/servicos-e-suporte-de-pre-vendas\/"},"modified":"2025-05-14T08:10:39","modified_gmt":"2025-05-14T13:10:39","slug":"servicos-e-suporte-de-pre-vendas","status":"publish","type":"page","link":"https:\/\/www.mpechicago.com\/pt-br\/servicos-e-suporte\/servicos-e-suporte-de-pre-vendas\/","title":{"rendered":"Servi\u00e7os e suporte de pr\u00e9-vendas"},"content":{"rendered":"\n<div class=\"wp-block-melonpan-block-container\"><div class=\"mbc-container mbc-padding_top-20 mbc-padding_bottom-20 mbc-padding_left-20 mbc-padding_right-20 mbc-padding_top_small_screen-20 mbc-padding_bottom_small_screen-20 mbc-padding_left_small_screen-20 mbc-padding_right_small_screen-20\"><div class=\"mbc-background mbc-background_fixed-disabled mbc-shadow_width-0 mbc-border_width-0\"><\/div><div class=\"mbc-content mbc-content_maxwidth-1300 mbc-content_align-center\"><div class=\"wp-bootstrap-blocks-row mb-4\">\n\t<div class=\"row\">\n\t\t\n\n<div class=\"col-12 col-md-2 col-lg-2 col-xl-2\">\n\t<div class=\"\">\n\t\t\n\n<ul class=\"MainMenu_SubSubNav mb-4\">\n<li class=\"page_item \">\n<a href=\"#Application-Validation-Testing\">Teste de valida\u00e7\u00e3o de aplicativos<\/a>\n<\/li>\n<li class=\"page_item \">\n<a href=\"#Conveyance-Design-Review\">Revis\u00e3o do projeto de transporte<\/a>\n<\/li>\n<li class=\"page_item \">\n<a href=\"#Design-Conceptualization\">Conceitua\u00e7\u00e3o de design<\/a>\n<\/li>\n<li class=\"page_item \">\n<a href=\"#Onsite-Design-Consultation\">Consultoria de design no local<\/a>\n<\/li>\n \n<li class=\"page_item \">\n<a href=\"#Complete-Systems-Design-Consultation\">Consultoria completa de projeto de sistemas<\/a>\n<\/li>\n<\/ul>\n\n\t<\/div>\n<\/div>\n\n\n\n<div class=\"col-12 col-md-10 col-lg-10 col-xl-10 left-panel\">\n\t<div class=\"\">\n\t\t\n\n<h1 class=\"wp-block-heading page-title pt-20\">Pre-Sales Services &amp; Support            <\/h1>\n\n\n\n<p class=\"intro\">Na MPE, somos especialistas em engenharia e fabrica\u00e7\u00e3o de equipamentos de processamento personalizados. Adotamos uma abordagem de engenharia de precis\u00e3o, juntamente com nosso esp\u00edrito inovador, para garantir que nossos equipamentos e projetos sempre atendam \u00e0s expectativas do cliente. N\u00f3s diferimos de nossos concorrentes por n\u00e3o adotar uma abordagem \u00fanica e pronta para uso. Em vez disso, fornecemos um valor incr\u00edvel com engenharia personalizada que resolve os pontos problem\u00e1ticos do cliente sem comprometer seus fluxos de neg\u00f3cios ou processos.   <\/p>\n\n\t<\/div>\n<\/div>\n\n\t<\/div>\n<\/div>\n\n\n\n<h2 class=\"wp-block-heading\" id=\"Application-Validation-Testing\">Application\u00a0Validation\u00a0Testing<\/h2>\n\n\n\n<p class=\"has-text-align-left has-text-justify\">Um dos primeiros passos neste processo de engenharia do cliente \u00e9 fazer uma extensa valida\u00e7\u00e3o do produto\/aplica\u00e7\u00e3o. Com testes rigorosos de suas aplica\u00e7\u00f5es\/produtos, podemos garantir que todos os equipamentos sejam ideais para sua aplica\u00e7\u00e3o. <\/p>\n\n\n\n<h3 class=\"wp-block-heading has-text-align-left Pageblock-subtitle pt-20 has-text-color\" style=\"color:#e9b516\"> State of the Art Testing Facility    <\/h3>\n\n\n<div class=\"wp-bootstrap-blocks-row ticss-b3aec68c\">\n\t<div class=\"row no-gutters\">\n\t\t\n\n<div class=\"col-12 col-md-6\">\n\t<div class=\"\">\n\t\t\n\n<figure class=\"wp-block-image size-large\"><img fetchpriority=\"high\" decoding=\"async\" width=\"900\" height=\"603\" src=\"http:\/\/www.mpechicago.com\/wp-content\/uploads\/2020\/05\/Chain-Vey-testing.jpg\" alt=\"Conveyor testing\" class=\"wp-image-8134\" srcset=\"https:\/\/www.mpechicago.com\/wp-content\/uploads\/2020\/05\/Chain-Vey-testing.jpg 900w, https:\/\/www.mpechicago.com\/wp-content\/uploads\/2020\/05\/Chain-Vey-testing-600x402.jpg 600w, https:\/\/www.mpechicago.com\/wp-content\/uploads\/2020\/05\/Chain-Vey-testing-768x515.jpg 768w\" sizes=\"(max-width: 900px) 100vw, 900px\" \/><\/figure>\n\n\t<\/div>\n<\/div>\n\n\n\n<div class=\"col-12 col-md-6 Pageblock-textWrapper alignment-left\">\n\t<div class=\"\">\n\t\t\n\n<h2 class=\"wp-block-heading\" id=\"Phone-Support\">Chain-Vey<\/h2>\n\n\n\n<p>  Podemos medir e analisar v\u00e1rios dados para validar o uso do Chain-Vey:  <\/p>\n\n\n\n<ul class=\"wp-block-list\">\n<li>Quebra do produto<\/li>\n\n\n\n<li>Viscosidade, oleosidade, teor de gordura, propriedades hidrosc\u00f3picas, etc.<\/li>\n\n\n\n<li>Fluidez e facilidade de regula\u00e7\u00e3o do fluxo<\/li>\n\n\n\n<li>Segrega\u00e7\u00e3o e peneira\u00e7\u00e3o<\/li>\n<\/ul>\n\n\n<div class=\"wp-bootstrap-blocks-button text-left\">\n\t<a href=\"http:\/\/www.mpechicago.com\/pt-br\/pre-sales-application\/\" class=\"btn btn-outline-dark\">\n\t\tRequest Chain-Vey Testing\t<\/a>\n<\/div>\n\n\n\n<p><\/p>\n\n\t<\/div>\n<\/div>\n\n\t<\/div>\n<\/div>\n\n\n\n<div class=\"wp-block-melonpan-block-container ticss-bd8a6da5\"><div class=\"mbc-container mbc-padding_top-20 mbc-padding_bottom-20 mbc-padding_left-20 mbc-padding_right-20 mbc-padding_top_small_screen-20 mbc-padding_bottom_small_screen-20 mbc-padding_left_small_screen-20 mbc-padding_right_small_screen-20\"><div class=\"mbc-background mbc-background_fixed-disabled mbc-shadow_width-0 mbc-border_width-0\"><\/div><div class=\"mbc-content mbc-content_maxwidth-1300 mbc-content_align-center\"><div class=\"wp-bootstrap-blocks-row\">\n\t<div class=\"row\">\n\t\t\n\n<div class=\"col-12 col-md-9 col-lg-9 col-xl-9\">\n\t<div class=\"\">\n\t\t\t<\/div>\n<\/div>\n\n\n\n<div class=\"col-12 col-md-3 col-lg-3 col-xl-3\">\n\t<div class=\"\">\n\t\t\t<\/div>\n<\/div>\n\n\t<\/div>\n<\/div>\n\n\n\n<div style=\"height:30px\" aria-hidden=\"true\" class=\"wp-block-spacer\"><\/div>\n\n\n<div class=\"wp-bootstrap-blocks-row\">\n\t<div class=\"row\">\n\t\t\n\n<div class=\"col-12 col-md-6  order-md-1\">\n\t<div class=\"\">\n\t\t\n\n<figure class=\"wp-block-image size-full\"><img decoding=\"async\" width=\"902\" height=\"676\" src=\"http:\/\/www.mpechicago.com\/wp-content\/uploads\/2020\/05\/Malvern-Test.jpg\" alt=\"\" class=\"wp-image-8133\" srcset=\"https:\/\/www.mpechicago.com\/wp-content\/uploads\/2020\/05\/Malvern-Test.jpg 902w, https:\/\/www.mpechicago.com\/wp-content\/uploads\/2020\/05\/Malvern-Test-600x450.jpg 600w, https:\/\/www.mpechicago.com\/wp-content\/uploads\/2020\/05\/Malvern-Test-768x576.jpg 768w\" sizes=\"(max-width: 902px) 100vw, 902px\" \/><\/figure>\n\n\n\n<p><\/p>\n\n\t<\/div>\n<\/div>\n\n\n\n<div class=\"col-12 col-md-6 Pageblock-textWrapper alignment-right\">\n\t<div class=\"\">\n\t\t\n\n<h2 class=\"wp-block-heading\">Grinding\u00a0<\/h2>\n\n\n\n<p class=\"has-text-align-left\">Podemos medir e analisar dados para validar as retificadoras industriais MPE:<\/p>\n\n\n\n<ul class=\"has-text-align-left wp-block-list\">\n<li>Distribui\u00e7\u00e3o do tamanho da part\u00edcula alvo  <\/li>\n\n\n\n<li>Taxa de redu\u00e7\u00e3o de tamanho<\/li>\n\n\n\n<li>GORDURA<\/li>\n<\/ul>\n\n\n<div class=\"wp-bootstrap-blocks-button text-left\">\n\t<a href=\"http:\/\/www.mpechicago.com\/pt-br\/pre-sales-application\/\" class=\"btn btn-outline-dark\">\n\t\tRequest Grinder Testing\t<\/a>\n<\/div>\n\n\n\n<p><\/p>\n\n\t<\/div>\n<\/div>\n\n\t<\/div>\n<\/div>\n<\/div><\/div><\/div>\n\n\n\n<div style=\"height:40px\" aria-hidden=\"true\" class=\"wp-block-spacer\"><\/div>\n\n\n\n<h2 class=\"wp-block-heading has-text-align-center\">Conveyance Design Review <\/h2>\n\n\n\n<p>H\u00e1 muitas coisas a considerar ao projetar e selecionar equipamentos de transporte de material a granel. Com vasta experi\u00eancia em uma ampla gama de setores, deixe a equipe de engenheiros de vendas da MPE projetar uma solu\u00e7\u00e3o que melhor atenda \u00e0s suas necessidades espec\u00edficas de manuseio:   <\/p>\n\n\n\n<div style=\"height:40px\" aria-hidden=\"true\" class=\"wp-block-spacer\"><\/div>\n\n\n<div class=\"wp-bootstrap-blocks-row\">\n\t<div class=\"row no-gutters\">\n\t\t\n\n<div class=\"col-12 col-md-6  order-md-1\">\n\t<div class=\"\">\n\t\t\n\n<figure class=\"wp-block-image size-large ticss-23649c05\"><img decoding=\"async\" width=\"900\" height=\"603\" src=\"http:\/\/www.mpechicago.com\/wp-content\/uploads\/2020\/05\/Alex-at-computer.jpg\" alt=\"\" class=\"wp-image-8120\" srcset=\"https:\/\/www.mpechicago.com\/wp-content\/uploads\/2020\/05\/Alex-at-computer.jpg 900w, https:\/\/www.mpechicago.com\/wp-content\/uploads\/2020\/05\/Alex-at-computer-600x402.jpg 600w, https:\/\/www.mpechicago.com\/wp-content\/uploads\/2020\/05\/Alex-at-computer-768x515.jpg 768w\" sizes=\"(max-width: 900px) 100vw, 900px\" \/><\/figure>\n\n\t<\/div>\n<\/div>\n\n\n\n<div class=\"col-12 col-md-6 Pageblock-textWrapper alignment-right\">\n\t<div class=\"\">\n\t\t\n\n<h2 class=\"wp-block-heading\" id=\"Complete-Systems-Design-Consultation\">Design Conceptualization <\/h2>\n\n\n\n<p class=\"has-text-align-left\">Voc\u00ea tem um pensamento em sua cabe\u00e7a, esbo\u00e7o \u00e0 m\u00e3o, layout CAD, modelo 3D? Trabalhe com nossa equipe para dar vida a ele.   <\/p>\n\n\n\n<ul class=\"has-text-align-left wp-block-list\">\n<li>  Dimensionamento e compara\u00e7\u00e3o do sistema<\/li>\n\n\n\n<li>Sele\u00e7\u00e3o de Caracter\u00edsticas e Componentes  <\/li>\n\n\n\n<li>Avalia\u00e7\u00e3o e otimiza\u00e7\u00e3o de roteamento<\/li>\n\n\n\n<li>Considera\u00e7\u00f5es sobre integra\u00e7\u00e3o  <\/li>\n<\/ul>\n\n\n\n<div style=\"height:20px\" aria-hidden=\"true\" class=\"wp-block-spacer\"><\/div>\n\n\n<div class=\"wp-bootstrap-blocks-button text-left\">\n\t<a href=\"http:\/\/www.mpechicago.com\/pt-br\/request-for-quote\/\" class=\"btn btn-outline-dark\">\n\t\tTalk to an Expert\t<\/a>\n<\/div>\n\n\t<\/div>\n<\/div>\n\n\t<\/div>\n<\/div>\n\n\n\n<div style=\"height:60px\" aria-hidden=\"true\" class=\"wp-block-spacer\"><\/div>\n\n\n<div class=\"wp-bootstrap-blocks-row\">\n\t<div class=\"row no-gutters\">\n\t\t\n\n<div class=\"col-12 col-md-6  order-md-1\">\n\t<div class=\"\">\n\t\t\n\n<figure class=\"wp-block-image size-large\"><img loading=\"lazy\" decoding=\"async\" width=\"1000\" height=\"714\" src=\"http:\/\/www.mpechicago.com\/wp-content\/uploads\/2020\/03\/Process-System-Hero-3.jpg\" alt=\"Entire bean cleaning system\" class=\"wp-image-5919\" srcset=\"https:\/\/www.mpechicago.com\/wp-content\/uploads\/2020\/03\/Process-System-Hero-3.jpg 1000w, https:\/\/www.mpechicago.com\/wp-content\/uploads\/2020\/03\/Process-System-Hero-3-600x428.jpg 600w, https:\/\/www.mpechicago.com\/wp-content\/uploads\/2020\/03\/Process-System-Hero-3-768x548.jpg 768w\" sizes=\"(max-width: 1000px) 100vw, 1000px\" \/><\/figure>\n\n\t<\/div>\n<\/div>\n\n\n\n<div class=\"col-12 col-md-6 Pageblock-textWrapper alignment-right\">\n\t<div class=\"\">\n\t\t\n\n<h2 class=\"wp-block-heading\" id=\"Complete-Systems-Design-Consultation\"> Onsite Design Consultation <\/h2>\n\n\n\n<p class=\"has-text-align-left\">O encaminhamento do transporte pode ser um processo tedioso em instala\u00e7\u00f5es novas e existentes. Nossos engenheiros de vendas MPE fornecem suporte de pr\u00e9-vendas no local para rotear os caminhos do transportador e avaliar poss\u00edveis interfer\u00eancias.   <\/p>\n\n\n\n<ul class=\"has-text-align-left wp-block-list\">\n<li>  Rotas de transporte propostas para passo a passo  <\/li>\n\n\n\n<li>Coletar informa\u00e7\u00f5es dimensionais para o projeto preliminar<\/li>\n\n\n\n<li>Forne\u00e7a uma estimativa or\u00e7ament\u00e1ria em tempo real  <\/li>\n<\/ul>\n\n\n\n<div style=\"height:20px\" aria-hidden=\"true\" class=\"wp-block-spacer\"><\/div>\n\n\n<div class=\"wp-bootstrap-blocks-button text-left\">\n\t<a href=\"http:\/\/www.mpechicago.com\/pt-br\/request-for-quote\/\" class=\"btn btn-outline-dark\">\n\t\t Talk to an Expert \t<\/a>\n<\/div>\n\n\t<\/div>\n<\/div>\n\n\t<\/div>\n<\/div>\n\n\n\n<div style=\"height:60px\" aria-hidden=\"true\" class=\"wp-block-spacer\"><\/div>\n\n\n<div class=\"wp-bootstrap-blocks-row\">\n\t<div class=\"row no-gutters\">\n\t\t\n\n<div class=\"col-12 col-md-6  order-md-1\">\n\t<div class=\"\">\n\t\t\n\n<figure class=\"wp-block-image size-large\"><img loading=\"lazy\" decoding=\"async\" width=\"1024\" height=\"595\" src=\"http:\/\/www.mpechicago.com\/wp-content\/uploads\/2020\/05\/Ferris_Coffee_1-1-1024x595.jpg\" alt=\"\" class=\"wp-image-7350\" srcset=\"https:\/\/www.mpechicago.com\/wp-content\/uploads\/2020\/05\/Ferris_Coffee_1-1-1024x595.jpg 1024w, https:\/\/www.mpechicago.com\/wp-content\/uploads\/2020\/05\/Ferris_Coffee_1-1-600x348.jpg 600w, https:\/\/www.mpechicago.com\/wp-content\/uploads\/2020\/05\/Ferris_Coffee_1-1-768x446.jpg 768w, https:\/\/www.mpechicago.com\/wp-content\/uploads\/2020\/05\/Ferris_Coffee_1-1-1200x697.jpg 1200w, https:\/\/www.mpechicago.com\/wp-content\/uploads\/2020\/05\/Ferris_Coffee_1-1.jpg 1293w\" sizes=\"(max-width: 1024px) 100vw, 1024px\" \/><\/figure>\n\n\t<\/div>\n<\/div>\n\n\n\n<div class=\"col-12 col-md-6 Pageblock-textWrapper alignment-right\">\n\t<div class=\"\">\n\t\t\n\n<h2 class=\"wp-block-heading\" id=\"Complete-Systems-Design-Consultation\">Complete Systems Design Consultation<\/h2>\n\n\n\n<p class=\"has-text-align-left\">Vemos imenso valor na consultoria de pr\u00e9-venda, na maior parte do tempo sem custo para o cliente, com a elabora\u00e7\u00e3o das seguintes entregas preliminares:<\/p>\n\n\n\n<ul class=\"has-text-align-left wp-block-list\">\n<li>Vis\u00e3o geral do escopo, recursos, caminho a seguir  <\/li>\n\n\n\n<li>Diagrama de Fluxo de Processo, Cota\u00e7\u00e3o Or\u00e7ament\u00e1ria<\/li>\n\n\n\n<li>Gera\u00e7\u00e3o de Design 3D, Proposta Formal  <\/li>\n<\/ul>\n\n\n\n<div style=\"height:20px\" aria-hidden=\"true\" class=\"wp-block-spacer\"><\/div>\n\n\n<div class=\"wp-bootstrap-blocks-button text-left\">\n\t<a href=\"http:\/\/www.mpechicago.com\/pt-br\/request-for-quote\/\" class=\"btn btn-outline-dark\">\n\t\t Talk to an Expert \t<\/a>\n<\/div>\n\n\t<\/div>\n<\/div>\n\n\t<\/div>\n<\/div>\n<\/div><\/div><\/div>\n","protected":false},"excerpt":{"rendered":"","protected":false},"author":20,"featured_media":45975,"parent":29973,"menu_order":0,"comment_status":"closed","ping_status":"closed","template":"","meta":{"_acf_changed":false,"content-type":"","rs_blank_template":"","rs_page_bg_color":"","slide_template_v7":"","footnotes":""},"class_list":["post-31269","page","type-page","status-publish","has-post-thumbnail","hentry"],"acf":[],"yoast_head":"<!-- This site is optimized with the Yoast SEO plugin v27.4 - https:\/\/yoast.com\/product\/yoast-seo-wordpress\/ -->\n<title>Servi\u00e7os e suporte de pr\u00e9-vendas - Modern Process Equipment<\/title>\n<meta name=\"description\" content=\"Conhe\u00e7a nossos servi\u00e7os de pr\u00e9-venda. Descubra como ajudamos na sele\u00e7\u00e3o, teste e personaliza\u00e7\u00e3o de equipamentos.\" \/>\n<meta name=\"robots\" content=\"index, follow, max-snippet:-1, max-image-preview:large, max-video-preview:-1\" \/>\n<link rel=\"canonical\" href=\"https:\/\/www.mpechicago.com\/pt-br\/servicos-e-suporte\/servicos-e-suporte-de-pre-vendas\/\" \/>\n<meta property=\"og:locale\" content=\"pt_BR\" \/>\n<meta property=\"og:type\" content=\"article\" \/>\n<meta property=\"og:title\" content=\"Servi\u00e7os e suporte de pr\u00e9-vendas - Modern Process Equipment\" \/>\n<meta property=\"og:description\" content=\"Conhe\u00e7a nossos servi\u00e7os de pr\u00e9-venda. Descubra como ajudamos na sele\u00e7\u00e3o, teste e personaliza\u00e7\u00e3o de equipamentos.\" \/>\n<meta property=\"og:url\" content=\"https:\/\/www.mpechicago.com\/pt-br\/servicos-e-suporte\/servicos-e-suporte-de-pre-vendas\/\" \/>\n<meta property=\"og:site_name\" content=\"Modern Process Equipment\" \/>\n<meta property=\"article:modified_time\" content=\"2025-05-14T13:10:39+00:00\" \/>\n<meta property=\"og:image\" content=\"https:\/\/www.mpechicago.com\/wp-content\/uploads\/2019\/12\/Evolution_of_Coffee_Grinder-4_0.png\" \/>\n\t<meta property=\"og:image:width\" content=\"2000\" \/>\n\t<meta property=\"og:image:height\" content=\"313\" \/>\n\t<meta property=\"og:image:type\" content=\"image\/png\" \/>\n<meta name=\"twitter:card\" content=\"summary_large_image\" \/>\n<meta name=\"twitter:label1\" content=\"Est. tempo de leitura\" \/>\n\t<meta name=\"twitter:data1\" content=\"2 minutos\" \/>\n<script type=\"application\/ld+json\" class=\"yoast-schema-graph\">{\"@context\":\"https:\\\/\\\/schema.org\",\"@graph\":[{\"@type\":\"WebPage\",\"@id\":\"https:\\\/\\\/www.mpechicago.com\\\/pt-br\\\/servicos-e-suporte\\\/servicos-e-suporte-de-pre-vendas\\\/\",\"url\":\"https:\\\/\\\/www.mpechicago.com\\\/pt-br\\\/servicos-e-suporte\\\/servicos-e-suporte-de-pre-vendas\\\/\",\"name\":\"Servi\u00e7os e suporte de pr\u00e9-vendas - Modern Process Equipment\",\"isPartOf\":{\"@id\":\"https:\\\/\\\/www.mpechicago.com\\\/pt-br\\\/#website\"},\"primaryImageOfPage\":{\"@id\":\"https:\\\/\\\/www.mpechicago.com\\\/pt-br\\\/servicos-e-suporte\\\/servicos-e-suporte-de-pre-vendas\\\/#primaryimage\"},\"image\":{\"@id\":\"https:\\\/\\\/www.mpechicago.com\\\/pt-br\\\/servicos-e-suporte\\\/servicos-e-suporte-de-pre-vendas\\\/#primaryimage\"},\"thumbnailUrl\":\"https:\\\/\\\/www.mpechicago.com\\\/wp-content\\\/uploads\\\/2025\\\/07\\\/Website-Assets_Service-Support-Banner-scaled.jpg\",\"datePublished\":\"2020-05-06T07:36:07+00:00\",\"dateModified\":\"2025-05-14T13:10:39+00:00\",\"description\":\"Conhe\u00e7a nossos servi\u00e7os de pr\u00e9-venda. Descubra como ajudamos na sele\u00e7\u00e3o, teste e personaliza\u00e7\u00e3o de equipamentos.\",\"breadcrumb\":{\"@id\":\"https:\\\/\\\/www.mpechicago.com\\\/pt-br\\\/servicos-e-suporte\\\/servicos-e-suporte-de-pre-vendas\\\/#breadcrumb\"},\"inLanguage\":\"pt-BR\",\"potentialAction\":[{\"@type\":\"ReadAction\",\"target\":[\"https:\\\/\\\/www.mpechicago.com\\\/pt-br\\\/servicos-e-suporte\\\/servicos-e-suporte-de-pre-vendas\\\/\"]}]},{\"@type\":\"ImageObject\",\"inLanguage\":\"pt-BR\",\"@id\":\"https:\\\/\\\/www.mpechicago.com\\\/pt-br\\\/servicos-e-suporte\\\/servicos-e-suporte-de-pre-vendas\\\/#primaryimage\",\"url\":\"https:\\\/\\\/www.mpechicago.com\\\/wp-content\\\/uploads\\\/2025\\\/07\\\/Website-Assets_Service-Support-Banner-scaled.jpg\",\"contentUrl\":\"https:\\\/\\\/www.mpechicago.com\\\/wp-content\\\/uploads\\\/2025\\\/07\\\/Website-Assets_Service-Support-Banner-scaled.jpg\",\"width\":2000,\"height\":343},{\"@type\":\"BreadcrumbList\",\"@id\":\"https:\\\/\\\/www.mpechicago.com\\\/pt-br\\\/servicos-e-suporte\\\/servicos-e-suporte-de-pre-vendas\\\/#breadcrumb\",\"itemListElement\":[{\"@type\":\"ListItem\",\"position\":1,\"name\":\"Casa\",\"item\":\"https:\\\/\\\/www.mpechicago.com\\\/pt-br\\\/\"},{\"@type\":\"ListItem\",\"position\":2,\"name\":\"Atendimento e Suporte T\u00e9cnico\",\"item\":\"https:\\\/\\\/www.mpechicago.com\\\/pt-br\\\/servicos-e-suporte\\\/\"},{\"@type\":\"ListItem\",\"position\":3,\"name\":\"Servi\u00e7os e suporte de pr\u00e9-vendas\"}]},{\"@type\":\"WebSite\",\"@id\":\"https:\\\/\\\/www.mpechicago.com\\\/pt-br\\\/#website\",\"url\":\"https:\\\/\\\/www.mpechicago.com\\\/pt-br\\\/\",\"name\":\"Modern Process Equipment\",\"description\":\"\",\"publisher\":{\"@id\":\"https:\\\/\\\/www.mpechicago.com\\\/pt-br\\\/#organization\"},\"potentialAction\":[{\"@type\":\"SearchAction\",\"target\":{\"@type\":\"EntryPoint\",\"urlTemplate\":\"https:\\\/\\\/www.mpechicago.com\\\/pt-br\\\/?s={search_term_string}\"},\"query-input\":{\"@type\":\"PropertyValueSpecification\",\"valueRequired\":true,\"valueName\":\"search_term_string\"}}],\"inLanguage\":\"pt-BR\"},{\"@type\":\"Organization\",\"@id\":\"https:\\\/\\\/www.mpechicago.com\\\/pt-br\\\/#organization\",\"name\":\"Modern Process Equipment\",\"url\":\"https:\\\/\\\/www.mpechicago.com\\\/pt-br\\\/\",\"logo\":{\"@type\":\"ImageObject\",\"inLanguage\":\"pt-BR\",\"@id\":\"https:\\\/\\\/www.mpechicago.com\\\/pt-br\\\/#\\\/schema\\\/logo\\\/image\\\/\",\"url\":\"https:\\\/\\\/www.mpechicago.com\\\/wp-content\\\/uploads\\\/2019\\\/12\\\/logo.png\",\"contentUrl\":\"https:\\\/\\\/www.mpechicago.com\\\/wp-content\\\/uploads\\\/2019\\\/12\\\/logo.png\",\"width\":200,\"height\":91,\"caption\":\"Modern Process Equipment\"},\"image\":{\"@id\":\"https:\\\/\\\/www.mpechicago.com\\\/pt-br\\\/#\\\/schema\\\/logo\\\/image\\\/\"}}]}<\/script>\n<!-- \/ Yoast SEO plugin. -->","yoast_head_json":{"title":"Servi\u00e7os e suporte de pr\u00e9-vendas - Modern Process Equipment","description":"Conhe\u00e7a nossos servi\u00e7os de pr\u00e9-venda. Descubra como ajudamos na sele\u00e7\u00e3o, teste e personaliza\u00e7\u00e3o de equipamentos.","robots":{"index":"index","follow":"follow","max-snippet":"max-snippet:-1","max-image-preview":"max-image-preview:large","max-video-preview":"max-video-preview:-1"},"canonical":"https:\/\/www.mpechicago.com\/pt-br\/servicos-e-suporte\/servicos-e-suporte-de-pre-vendas\/","og_locale":"pt_BR","og_type":"article","og_title":"Servi\u00e7os e suporte de pr\u00e9-vendas - Modern Process Equipment","og_description":"Conhe\u00e7a nossos servi\u00e7os de pr\u00e9-venda. Descubra como ajudamos na sele\u00e7\u00e3o, teste e personaliza\u00e7\u00e3o de equipamentos.","og_url":"https:\/\/www.mpechicago.com\/pt-br\/servicos-e-suporte\/servicos-e-suporte-de-pre-vendas\/","og_site_name":"Modern Process Equipment","article_modified_time":"2025-05-14T13:10:39+00:00","og_image":[{"width":2000,"height":313,"url":"https:\/\/www.mpechicago.com\/wp-content\/uploads\/2019\/12\/Evolution_of_Coffee_Grinder-4_0.png","type":"image\/png"}],"twitter_card":"summary_large_image","twitter_misc":{"Est. tempo de leitura":"2 minutos"},"schema":{"@context":"https:\/\/schema.org","@graph":[{"@type":"WebPage","@id":"https:\/\/www.mpechicago.com\/pt-br\/servicos-e-suporte\/servicos-e-suporte-de-pre-vendas\/","url":"https:\/\/www.mpechicago.com\/pt-br\/servicos-e-suporte\/servicos-e-suporte-de-pre-vendas\/","name":"Servi\u00e7os e suporte de pr\u00e9-vendas - Modern Process Equipment","isPartOf":{"@id":"https:\/\/www.mpechicago.com\/pt-br\/#website"},"primaryImageOfPage":{"@id":"https:\/\/www.mpechicago.com\/pt-br\/servicos-e-suporte\/servicos-e-suporte-de-pre-vendas\/#primaryimage"},"image":{"@id":"https:\/\/www.mpechicago.com\/pt-br\/servicos-e-suporte\/servicos-e-suporte-de-pre-vendas\/#primaryimage"},"thumbnailUrl":"https:\/\/www.mpechicago.com\/wp-content\/uploads\/2025\/07\/Website-Assets_Service-Support-Banner-scaled.jpg","datePublished":"2020-05-06T07:36:07+00:00","dateModified":"2025-05-14T13:10:39+00:00","description":"Conhe\u00e7a nossos servi\u00e7os de pr\u00e9-venda. Descubra como ajudamos na sele\u00e7\u00e3o, teste e personaliza\u00e7\u00e3o de equipamentos.","breadcrumb":{"@id":"https:\/\/www.mpechicago.com\/pt-br\/servicos-e-suporte\/servicos-e-suporte-de-pre-vendas\/#breadcrumb"},"inLanguage":"pt-BR","potentialAction":[{"@type":"ReadAction","target":["https:\/\/www.mpechicago.com\/pt-br\/servicos-e-suporte\/servicos-e-suporte-de-pre-vendas\/"]}]},{"@type":"ImageObject","inLanguage":"pt-BR","@id":"https:\/\/www.mpechicago.com\/pt-br\/servicos-e-suporte\/servicos-e-suporte-de-pre-vendas\/#primaryimage","url":"https:\/\/www.mpechicago.com\/wp-content\/uploads\/2025\/07\/Website-Assets_Service-Support-Banner-scaled.jpg","contentUrl":"https:\/\/www.mpechicago.com\/wp-content\/uploads\/2025\/07\/Website-Assets_Service-Support-Banner-scaled.jpg","width":2000,"height":343},{"@type":"BreadcrumbList","@id":"https:\/\/www.mpechicago.com\/pt-br\/servicos-e-suporte\/servicos-e-suporte-de-pre-vendas\/#breadcrumb","itemListElement":[{"@type":"ListItem","position":1,"name":"Casa","item":"https:\/\/www.mpechicago.com\/pt-br\/"},{"@type":"ListItem","position":2,"name":"Atendimento e Suporte T\u00e9cnico","item":"https:\/\/www.mpechicago.com\/pt-br\/servicos-e-suporte\/"},{"@type":"ListItem","position":3,"name":"Servi\u00e7os e suporte de pr\u00e9-vendas"}]},{"@type":"WebSite","@id":"https:\/\/www.mpechicago.com\/pt-br\/#website","url":"https:\/\/www.mpechicago.com\/pt-br\/","name":"Modern Process Equipment","description":"","publisher":{"@id":"https:\/\/www.mpechicago.com\/pt-br\/#organization"},"potentialAction":[{"@type":"SearchAction","target":{"@type":"EntryPoint","urlTemplate":"https:\/\/www.mpechicago.com\/pt-br\/?s={search_term_string}"},"query-input":{"@type":"PropertyValueSpecification","valueRequired":true,"valueName":"search_term_string"}}],"inLanguage":"pt-BR"},{"@type":"Organization","@id":"https:\/\/www.mpechicago.com\/pt-br\/#organization","name":"Modern Process Equipment","url":"https:\/\/www.mpechicago.com\/pt-br\/","logo":{"@type":"ImageObject","inLanguage":"pt-BR","@id":"https:\/\/www.mpechicago.com\/pt-br\/#\/schema\/logo\/image\/","url":"https:\/\/www.mpechicago.com\/wp-content\/uploads\/2019\/12\/logo.png","contentUrl":"https:\/\/www.mpechicago.com\/wp-content\/uploads\/2019\/12\/logo.png","width":200,"height":91,"caption":"Modern Process Equipment"},"image":{"@id":"https:\/\/www.mpechicago.com\/pt-br\/#\/schema\/logo\/image\/"}}]}},"_links":{"self":[{"href":"https:\/\/www.mpechicago.com\/pt-br\/wp-json\/wp\/v2\/pages\/31269","targetHints":{"allow":["GET"]}}],"collection":[{"href":"https:\/\/www.mpechicago.com\/pt-br\/wp-json\/wp\/v2\/pages"}],"about":[{"href":"https:\/\/www.mpechicago.com\/pt-br\/wp-json\/wp\/v2\/types\/page"}],"author":[{"embeddable":true,"href":"https:\/\/www.mpechicago.com\/pt-br\/wp-json\/wp\/v2\/users\/20"}],"replies":[{"embeddable":true,"href":"https:\/\/www.mpechicago.com\/pt-br\/wp-json\/wp\/v2\/comments?post=31269"}],"version-history":[{"count":1,"href":"https:\/\/www.mpechicago.com\/pt-br\/wp-json\/wp\/v2\/pages\/31269\/revisions"}],"predecessor-version":[{"id":31289,"href":"https:\/\/www.mpechicago.com\/pt-br\/wp-json\/wp\/v2\/pages\/31269\/revisions\/31289"}],"up":[{"embeddable":true,"href":"https:\/\/www.mpechicago.com\/pt-br\/wp-json\/wp\/v2\/pages\/29973"}],"wp:featuredmedia":[{"embeddable":true,"href":"https:\/\/www.mpechicago.com\/pt-br\/wp-json\/wp\/v2\/media\/45975"}],"wp:attachment":[{"href":"https:\/\/www.mpechicago.com\/pt-br\/wp-json\/wp\/v2\/media?parent=31269"}],"curies":[{"name":"wp","href":"https:\/\/api.w.org\/{rel}","templated":true}]}}