{"id":31131,"date":"2019-12-20T05:28:31","date_gmt":"2019-12-20T11:28:31","guid":{"rendered":"https:\/\/www.mpechicago.com\/transportador-de-amendoas\/"},"modified":"2025-05-13T19:00:53","modified_gmt":"2025-05-14T00:00:53","slug":"transportador-de-amendoas","status":"publish","type":"page","link":"https:\/\/www.mpechicago.com\/pt-br\/transportador-de-amendoas\/","title":{"rendered":"Transportador de am\u00eandoas"},"content":{"rendered":"<div class=\"wp-bootstrap-blocks-row\">\n\t<div class=\"row\">\n\t\t\n\n<div class=\"col-12 col-md-9 col-lg-9 col-xl-9\">\n\t<div class=\"\">\n\t\t\n\n<h1 class=\"page-title pt-20 wp-block-heading\">Transportador de am\u00eandoas<\/h1>\n\n\n\n<p>De am\u00eandoas inteiras a farinha de am\u00eandoa, os engenheiros da MPE trabalharam com produtos de am\u00eandoas que variam em densidades a granel de 22 a 68 lb\/ft<sup>3<\/sup>. Os processadores de am\u00eandoas confiam na Chain-Vey todos os dias para mover seus produtos da ingest\u00e3o de am\u00eandoas cruas at\u00e9 o equipamento de embalagem de am\u00eandoas. Como em todas as aplica\u00e7\u00f5es para transporte ou projeto de sistema de processo, a MPE pode testar sua aplica\u00e7\u00e3o para desenvolver solu\u00e7\u00f5es personalizadas para voc\u00ea.    <\/p>\n\n\n\n<div class=\"wp-block-columns is-layout-flex wp-container-core-columns-is-layout-9d6595d7 wp-block-columns-is-layout-flex\">\n<div class=\"wp-block-column is-layout-flow wp-block-column-is-layout-flow\" style=\"flex-basis:66.66%\">\n<p class=\"has-text-align-center\">Densidades a granel de am\u00eandoas<\/p>\n\n\n\n<table class=\"almond\" style=\"width: 100%;\" cellspacing=\"0\" cellpadding=\"0\">\n<thead>\n<tr>\n<th style=\"width: 59.1133%;\" scope=\"col\" data-sheets-value=\"{\">Produto<\/th>\n<th style=\"width: 19.7044%;\" scope=\"col\" data-sheets-value=\"{\">lb\/ft<sup>3<\/sup><\/th>\n<th style=\"width: 20.6897%;\" scope=\"col\" data-sheets-value=\"{\">g\/cm<sup>3<\/sup><\/th>\n<\/tr>\n<\/thead>\n<tbody>\n<tr>\n<td style=\"width: 59.1133%; text-align: left;\" data-sheets-value=\"{\">Farinha de Am\u00eandoa<\/td>\n<td style=\"width: 19.7044%; text-align: left;\" data-sheets-value=\"{\">68<\/td>\n<td style=\"width: 20.6897%;\" data-sheets-value=\"{\">1,09<\/td>\n<\/tr>\n<tr>\n<td style=\"width: 59.1133%;\" data-sheets-value=\"{\">Am\u00eandoas<\/td>\n<td style=\"width: 19.7044%;\" data-sheets-value=\"{\">49<\/td>\n<td style=\"width: 20.6897%;\" data-sheets-value=\"{\">0,78<\/td>\n<\/tr>\n<tr>\n<td style=\"width: 59.1133%;\" data-sheets-value=\"{\">Am\u00eandoas, escaldadas<\/td>\n<td style=\"width: 19.7044%;\" data-sheets-value=\"{\">42<\/td>\n<td style=\"width: 20.6897%;\" data-sheets-value=\"{\">0,67<\/td>\n<\/tr>\n<tr>\n<td style=\"width: 59.1133%;\" data-sheets-value=\"{\">Am\u00eandoas, Branqueadas &amp; Fatiadas<\/td>\n<td style=\"width: 19.7044%;\" data-sheets-value=\"{\">27<\/td>\n<td style=\"width: 20.6897%;\" data-sheets-value=\"{\">0,44<\/td>\n<\/tr>\n<tr>\n<td style=\"width: 59.1133%;\" data-sheets-value=\"{\">Am\u00eandoas mo\u00eddas<\/td>\n<td style=\"width: 19.7044%;\" data-sheets-value=\"{\">22<\/td>\n<td style=\"width: 20.6897%;\" data-sheets-value=\"{\">0,35<\/td>\n<\/tr>\n<tr>\n<td style=\"width: 59.1133%;\" data-sheets-value=\"{\">Am\u00eandoas fatiadas<\/td>\n<td style=\"width: 19.7044%;\" data-sheets-value=\"{\">50<\/td>\n<td style=\"width: 20.6897%;\" data-sheets-value=\"{\">0<\/td>\n<\/tr>\n<\/tbody>\n<\/table>\n<\/div>\n\n\n\n<div class=\"wp-block-column is-layout-flow wp-block-column-is-layout-flow\" style=\"flex-basis:33.33%\"><\/div>\n<\/div>\n\n\t<\/div>\n<\/div>\n\n\n\n<div class=\"col-12 col-md-3 col-lg-3 col-xl-3\">\n\t<div class=\"\">\n\t\t\n\n<h3 class=\"has-text-align-left Pageblock-subtitle pt-20 wp-block-heading\">Pe\u00e7a a um engenheiro de vendas que entre em contato com voc\u00ea.<\/h3>\n\n\n<div class=\"wp-bootstrap-blocks-button\">\n\t<a href=\"http:\/\/www.mpechicago.com\/pt-br\/contact-us\" class=\"btn btn-primary\">\n\t\tContact Us\t<\/a>\n<\/div>\n\n\n\n<div style=\"height:40px\" aria-hidden=\"true\" class=\"wp-block-spacer\"><\/div>\n\n\n\n<figure class=\"wp-block-image size-large videoicon sm\"><a href=\"https:\/\/www.youtube.com\/watch?v=f2xlayUuvOE\"><img fetchpriority=\"high\" decoding=\"async\" width=\"360\" height=\"200\" src=\"http:\/\/www.mpechicago.com\/wp-content\/uploads\/2019\/12\/almonds-wallpaper-38818-39706-hd-wallpapers.jpg\" alt=\"\" class=\"wp-image-3042\"\/><\/a><figcaption>Chain-Vey conveying almonds<\/figcaption><\/figure>\n\n\t<\/div>\n<\/div>\n\n\t<\/div>\n<\/div>\n\n<div style=\"height:100px\" aria-hidden=\"true\" class=\"wp-block-spacer\"><\/div>\n<div class=\"wp-bootstrap-blocks-row\">\n\t<div class=\"row no-gutters\">\n\t\t\n\n<div class=\"col-12 col-md-6\">\n\t<div class=\"\">\n\t\t\n\n<figure class=\"wp-block-image size-large\"><img decoding=\"async\" width=\"700\" height=\"500\" src=\"http:\/\/www.mpechicago.com\/wp-content\/uploads\/2019\/12\/Z-System.jpg\" alt=\"\" class=\"wp-image-3049\" srcset=\"https:\/\/www.mpechicago.com\/wp-content\/uploads\/2019\/12\/Z-System.jpg 700w, https:\/\/www.mpechicago.com\/wp-content\/uploads\/2019\/12\/Z-System-600x429.jpg 600w\" sizes=\"(max-width: 700px) 100vw, 700px\" \/><\/figure>\n\n\t<\/div>\n<\/div>\n\n\n\n<div class=\"col-12 col-md-6 Pageblock-textWrapper  \">\n\t<div class=\"\">\n\t\t\n\n<h2 class=\"text-uppercase wp-block-heading\">Transporte de am\u00eandoas<\/h2>\n\n\n\n<p>De am\u00eandoas inteiras at\u00e9 farinha de am\u00eandoa, a MPE criou o Chain-Vey como um transportador ideal para processadores de am\u00eandoas. A Chain-Vey pode transportar suas am\u00eandoas em qualquer est\u00e1gio para qualquer ponto, desde a ingest\u00e3o, escaldamento, limpeza e at\u00e9 seus sistemas de embalagem de am\u00eandoas. A Chain-Vey oferece transporte de arrasto tubular e \u00e0 prova de poeira com uma corrente inquebr\u00e1vel e uma gama robusta de op\u00e7\u00f5es adaptadas \u00e0s suas necessidades.  <\/p>\n\n\n<div class=\"wp-bootstrap-blocks-button\">\n\t<a href=\"http:\/\/www.mpechicago.com\/pt-br\/chain-vey\" class=\"btn text-uppercase btn-primary\">\n\t\tSee our Almond conveyors\t<\/a>\n<\/div>\n\n\n\n<p>  <\/p>\n\n\t<\/div>\n<\/div>\n\n\t<\/div>\n<\/div>\n<div class=\"wp-bootstrap-blocks-row\">\n\t<div class=\"row no-gutters\">\n\t\t\n\n<div class=\"col-12 col-md-6 order-lg-1\">\n\t<div class=\"\">\n\t\t\n\n<figure class=\"wp-block-image size-large mb-0\"><img decoding=\"async\" width=\"700\" height=\"500\" src=\"http:\/\/www.mpechicago.com\/wp-content\/uploads\/2019\/12\/0.jpg\" alt=\"\" class=\"wp-image-3060\" srcset=\"https:\/\/www.mpechicago.com\/wp-content\/uploads\/2019\/12\/0.jpg 700w, https:\/\/www.mpechicago.com\/wp-content\/uploads\/2019\/12\/0-600x429.jpg 600w\" sizes=\"(max-width: 700px) 100vw, 700px\" \/><\/figure>\n\n\t<\/div>\n<\/div>\n\n\n\n<div class=\"col-12 col-md-6 Pageblock-textWrapper alignment-right\">\n\t<div class=\"\">\n\t\t\n\n<h2 class=\"text-uppercase wp-block-heading\">Altas capacidades com quebra zero<\/h2>\n\n\n\n<p>A Chain-Vey tornou-se um dos transportadores de am\u00eandoas mais procurados devido \u00e0 sua quebra de produto quase nula, f\u00e1cil limpeza, confiabilidade l\u00edder do setor e opera\u00e7\u00e3o silenciosa e eficiente.<\/p>\n\n\n<div class=\"wp-bootstrap-blocks-button\">\n\t<a href=\"http:\/\/www.mpechicago.com\/pt-br\/chain-vey\/layouts-and-designs#z_system\" class=\"btn text-uppercase btn-primary\">\n\t\tFind your conveyor design\t<\/a>\n<\/div>\n\n\n\n<p><\/p>\n\n\t<\/div>\n<\/div>\n\n\t<\/div>\n<\/div>\n<div class=\"lazyblock-heading-and-link-1z7HoL almond-conveyor alignfull text- wp-block-lazyblock-heading-and-link\">\n   <div class=\"paragraph-content\">\n      \n<h3 class=\"Pageblock-subtitle\">\n      &quot;We&#8217;re getting near zero breakage.&quot;\n  <\/h3>\n<hr class=\"Pageblock-subtitleDecoration\">\n<p style=\"font-weight: 100;font-size: 26px;line-height: 1.38462;color:#9b9b9b; text-align: center;\"><strong> Sam Mirto, Ferris Coffee &amp; Nuts <\/strong><\/p> \n            <div class=\"field field--name-field-text field--type-text-long field-bundlefull-width-block field__item\"><p><a class=\"btn btn-primary btn-minwidth\" href=\"http:\/\/www.mpechicago.com\/pt-br\/contact-us\">Contact Us<\/a><\/p>\n<\/div>\n      \n    <\/div><\/div><div class=\"wp-bootstrap-blocks-row\">\n\t<div class=\"row no-gutters\">\n\t\t\n\n<div class=\"col-12 col-md-6\">\n\t<div class=\"\">\n\t\t\n\n<div class=\"wp-block-image\"><figure class=\"aligncenter size-large\"><img loading=\"lazy\" decoding=\"async\" width=\"700\" height=\"500\" src=\"http:\/\/www.mpechicago.com\/wp-content\/uploads\/2019\/12\/Salt-System.jpg\" alt=\"\" class=\"wp-image-3067\" srcset=\"https:\/\/www.mpechicago.com\/wp-content\/uploads\/2019\/12\/Salt-System.jpg 700w, https:\/\/www.mpechicago.com\/wp-content\/uploads\/2019\/12\/Salt-System-600x429.jpg 600w\" sizes=\"(max-width: 700px) 100vw, 700px\" \/><\/figure><\/div>\n\n\t<\/div>\n<\/div>\n\n\n\n<div class=\"col-12 col-md-6 Pageblock-textWrapper \">\n\t<div class=\"\">\n\t\t\n\n<h2 class=\"text-uppercase wp-block-heading\">Equipamentos e projetos do sistema de am\u00eandoas<\/h2>\n\n\n\n<p>\u00c0s vezes, os produtores de am\u00eandoas precisam de sistemas exclusivos que apenas a MPE tenha a experi\u00eancia e o know-how de design para fazer certo na primeira vez. Do descarregamento ao branqueamento e \u00e0 embalagem &#8211; atualiza\u00e7\u00f5es de equipamentos a projetos greenfield &#8211; a MPE \u00e9 sua parceira e criou os melhores sistemas de processo personalizados do mundo. <\/p>\n\n\n<div class=\"wp-bootstrap-blocks-button\">\n\t<a href=\"http:\/\/www.mpechicago.com\/pt-br\/process-systems-integration\/\" class=\"btn text-uppercase btn-primary\">\n\t\tSee Process Design Capabilities\t<\/a>\n<\/div>\n\n\t<\/div>\n<\/div>\n\n\t<\/div>\n<\/div>\n<div class=\"wp-bootstrap-blocks-row\">\n\t<div class=\"row no-gutters\">\n\t\t\n\n<div class=\"col-12 col-md-6 order-lg-1\">\n\t<div class=\"\">\n\t\t\n\n<div class=\"wp-block-image mb-0\"><figure class=\"aligncenter size-large\"><img loading=\"lazy\" decoding=\"async\" width=\"700\" height=\"500\" src=\"http:\/\/www.mpechicago.com\/wp-content\/uploads\/2019\/12\/Cleaned-up-700x500-2.jpg\" alt=\"\" class=\"wp-image-3070\" srcset=\"https:\/\/www.mpechicago.com\/wp-content\/uploads\/2019\/12\/Cleaned-up-700x500-2.jpg 700w, https:\/\/www.mpechicago.com\/wp-content\/uploads\/2019\/12\/Cleaned-up-700x500-2-600x429.jpg 600w\" sizes=\"(max-width: 700px) 100vw, 700px\" \/><\/figure><\/div>\n\n\t<\/div>\n<\/div>\n\n\n\n<div class=\"col-12 col-md-6 Pageblock-textWrapper alignment-right\">\n\t<div class=\"\">\n\t\t\n\n<h2 class=\"text-uppercase wp-block-heading\">Testes de produtos no MPE  <\/h2>\n\n\n\n<p>Envie-nos amostras de sua aplica\u00e7\u00e3o para testes de transporte em nosso laborat\u00f3rio. Obtenha resultados precisos sobre as capacidades de transporte de baixa quebra de equipamentos e projetos MPE. <\/p>\n\n\n<div class=\"wp-bootstrap-blocks-button\">\n\t<a href=\"http:\/\/www.mpechicago.com\/pt-br\/about-modern-process-equipment-corporation\/testing-lab-mpe\/\" class=\"btn text-uppercase btn-primary\">\n\t\tMPE&#039;s testing capabilities\t<\/a>\n<\/div>\n\n\n\n<p><\/p>\n\n\t<\/div>\n<\/div>\n\n\t<\/div>\n<\/div>\n","protected":false},"excerpt":{"rendered":"","protected":false},"author":20,"featured_media":31132,"parent":0,"menu_order":0,"comment_status":"closed","ping_status":"closed","template":"","meta":{"_acf_changed":false,"content-type":"","rs_blank_template":"","rs_page_bg_color":"","slide_template_v7":"","footnotes":""},"class_list":["post-31131","page","type-page","status-publish","has-post-thumbnail","hentry"],"acf":[],"yoast_head":"<!-- This site is optimized with the Yoast SEO plugin v27.4 - https:\/\/yoast.com\/product\/yoast-seo-wordpress\/ -->\n<title>Transportador de am\u00eandoas - Modern Process Equipment<\/title>\n<meta name=\"description\" content=\"De am\u00eandoas inteiras a farinha de am\u00eandoa, os engenheiros da MPE trabalharam com produtos de am\u00eandoas que variam em densidades a granel de 22 a 68 lb\/ft3. Os processadores de am\u00eandoas confiam na Chain-Vey todos os dias para mover seus produtos da ingest\u00e3o de am\u00eandoas cruas at\u00e9 o equipamento de embalagem de am\u00eandoas. Como em todas as aplica\u00e7\u00f5es para transporte ou projeto de sistema de processo, a MPE pode testar sua aplica\u00e7\u00e3o para desenvolver solu\u00e7\u00f5es personalizadas para voc\u00ea.\" \/>\n<meta name=\"robots\" content=\"index, follow, max-snippet:-1, max-image-preview:large, max-video-preview:-1\" \/>\n<link rel=\"canonical\" href=\"https:\/\/www.mpechicago.com\/pt-br\/transportador-de-amendoas\/\" \/>\n<meta property=\"og:locale\" content=\"pt_BR\" \/>\n<meta property=\"og:type\" content=\"article\" \/>\n<meta property=\"og:title\" content=\"Transportador de am\u00eandoas - Modern Process Equipment\" \/>\n<meta property=\"og:description\" content=\"De am\u00eandoas inteiras a farinha de am\u00eandoa, os engenheiros da MPE trabalharam com produtos de am\u00eandoas que variam em densidades a granel de 22 a 68 lb\/ft3. Os processadores de am\u00eandoas confiam na Chain-Vey todos os dias para mover seus produtos da ingest\u00e3o de am\u00eandoas cruas at\u00e9 o equipamento de embalagem de am\u00eandoas. Como em todas as aplica\u00e7\u00f5es para transporte ou projeto de sistema de processo, a MPE pode testar sua aplica\u00e7\u00e3o para desenvolver solu\u00e7\u00f5es personalizadas para voc\u00ea.\" \/>\n<meta property=\"og:url\" content=\"https:\/\/www.mpechicago.com\/pt-br\/transportador-de-amendoas\/\" \/>\n<meta property=\"og:site_name\" content=\"Modern Process Equipment\" \/>\n<meta property=\"article:modified_time\" content=\"2025-05-14T00:00:53+00:00\" \/>\n<meta property=\"og:image\" content=\"https:\/\/www.mpechicago.com\/wp-content\/uploads\/2019\/12\/Almond-1600x250-1.jpg\" \/>\n\t<meta property=\"og:image:width\" content=\"1600\" \/>\n\t<meta property=\"og:image:height\" content=\"250\" \/>\n\t<meta property=\"og:image:type\" content=\"image\/jpeg\" \/>\n<meta name=\"twitter:card\" content=\"summary_large_image\" \/>\n<meta name=\"twitter:label1\" content=\"Est. tempo de leitura\" \/>\n\t<meta name=\"twitter:data1\" content=\"2 minutos\" \/>\n<script type=\"application\/ld+json\" class=\"yoast-schema-graph\">{\"@context\":\"https:\\\/\\\/schema.org\",\"@graph\":[{\"@type\":\"WebPage\",\"@id\":\"https:\\\/\\\/www.mpechicago.com\\\/pt-br\\\/transportador-de-amendoas\\\/\",\"url\":\"https:\\\/\\\/www.mpechicago.com\\\/pt-br\\\/transportador-de-amendoas\\\/\",\"name\":\"Transportador de am\u00eandoas - Modern Process Equipment\",\"isPartOf\":{\"@id\":\"https:\\\/\\\/www.mpechicago.com\\\/pt-br\\\/#website\"},\"primaryImageOfPage\":{\"@id\":\"https:\\\/\\\/www.mpechicago.com\\\/pt-br\\\/transportador-de-amendoas\\\/#primaryimage\"},\"image\":{\"@id\":\"https:\\\/\\\/www.mpechicago.com\\\/pt-br\\\/transportador-de-amendoas\\\/#primaryimage\"},\"thumbnailUrl\":\"https:\\\/\\\/www.mpechicago.com\\\/wp-content\\\/uploads\\\/2019\\\/12\\\/Almond-1600x250-1.jpg\",\"datePublished\":\"2019-12-20T11:28:31+00:00\",\"dateModified\":\"2025-05-14T00:00:53+00:00\",\"description\":\"De am\u00eandoas inteiras a farinha de am\u00eandoa, os engenheiros da MPE trabalharam com produtos de am\u00eandoas que variam em densidades a granel de 22 a 68 lb\\\/ft3. Os processadores de am\u00eandoas confiam na Chain-Vey todos os dias para mover seus produtos da ingest\u00e3o de am\u00eandoas cruas at\u00e9 o equipamento de embalagem de am\u00eandoas. Como em todas as aplica\u00e7\u00f5es para transporte ou projeto de sistema de processo, a MPE pode testar sua aplica\u00e7\u00e3o para desenvolver solu\u00e7\u00f5es personalizadas para voc\u00ea.\",\"breadcrumb\":{\"@id\":\"https:\\\/\\\/www.mpechicago.com\\\/pt-br\\\/transportador-de-amendoas\\\/#breadcrumb\"},\"inLanguage\":\"pt-BR\",\"potentialAction\":[{\"@type\":\"ReadAction\",\"target\":[\"https:\\\/\\\/www.mpechicago.com\\\/pt-br\\\/transportador-de-amendoas\\\/\"]}]},{\"@type\":\"ImageObject\",\"inLanguage\":\"pt-BR\",\"@id\":\"https:\\\/\\\/www.mpechicago.com\\\/pt-br\\\/transportador-de-amendoas\\\/#primaryimage\",\"url\":\"https:\\\/\\\/www.mpechicago.com\\\/wp-content\\\/uploads\\\/2019\\\/12\\\/Almond-1600x250-1.jpg\",\"contentUrl\":\"https:\\\/\\\/www.mpechicago.com\\\/wp-content\\\/uploads\\\/2019\\\/12\\\/Almond-1600x250-1.jpg\",\"width\":1600,\"height\":250},{\"@type\":\"BreadcrumbList\",\"@id\":\"https:\\\/\\\/www.mpechicago.com\\\/pt-br\\\/transportador-de-amendoas\\\/#breadcrumb\",\"itemListElement\":[{\"@type\":\"ListItem\",\"position\":1,\"name\":\"Casa\",\"item\":\"https:\\\/\\\/www.mpechicago.com\\\/pt-br\\\/\"},{\"@type\":\"ListItem\",\"position\":2,\"name\":\"Transportador de am\u00eandoas\"}]},{\"@type\":\"WebSite\",\"@id\":\"https:\\\/\\\/www.mpechicago.com\\\/pt-br\\\/#website\",\"url\":\"https:\\\/\\\/www.mpechicago.com\\\/pt-br\\\/\",\"name\":\"Modern Process Equipment\",\"description\":\"\",\"publisher\":{\"@id\":\"https:\\\/\\\/www.mpechicago.com\\\/pt-br\\\/#organization\"},\"potentialAction\":[{\"@type\":\"SearchAction\",\"target\":{\"@type\":\"EntryPoint\",\"urlTemplate\":\"https:\\\/\\\/www.mpechicago.com\\\/pt-br\\\/?s={search_term_string}\"},\"query-input\":{\"@type\":\"PropertyValueSpecification\",\"valueRequired\":true,\"valueName\":\"search_term_string\"}}],\"inLanguage\":\"pt-BR\"},{\"@type\":\"Organization\",\"@id\":\"https:\\\/\\\/www.mpechicago.com\\\/pt-br\\\/#organization\",\"name\":\"Modern Process Equipment\",\"url\":\"https:\\\/\\\/www.mpechicago.com\\\/pt-br\\\/\",\"logo\":{\"@type\":\"ImageObject\",\"inLanguage\":\"pt-BR\",\"@id\":\"https:\\\/\\\/www.mpechicago.com\\\/pt-br\\\/#\\\/schema\\\/logo\\\/image\\\/\",\"url\":\"https:\\\/\\\/www.mpechicago.com\\\/wp-content\\\/uploads\\\/2019\\\/12\\\/logo.png\",\"contentUrl\":\"https:\\\/\\\/www.mpechicago.com\\\/wp-content\\\/uploads\\\/2019\\\/12\\\/logo.png\",\"width\":200,\"height\":91,\"caption\":\"Modern Process Equipment\"},\"image\":{\"@id\":\"https:\\\/\\\/www.mpechicago.com\\\/pt-br\\\/#\\\/schema\\\/logo\\\/image\\\/\"}}]}<\/script>\n<!-- \/ Yoast SEO plugin. -->","yoast_head_json":{"title":"Transportador de am\u00eandoas - Modern Process Equipment","description":"De am\u00eandoas inteiras a farinha de am\u00eandoa, os engenheiros da MPE trabalharam com produtos de am\u00eandoas que variam em densidades a granel de 22 a 68 lb\/ft3. Os processadores de am\u00eandoas confiam na Chain-Vey todos os dias para mover seus produtos da ingest\u00e3o de am\u00eandoas cruas at\u00e9 o equipamento de embalagem de am\u00eandoas. Como em todas as aplica\u00e7\u00f5es para transporte ou projeto de sistema de processo, a MPE pode testar sua aplica\u00e7\u00e3o para desenvolver solu\u00e7\u00f5es personalizadas para voc\u00ea.","robots":{"index":"index","follow":"follow","max-snippet":"max-snippet:-1","max-image-preview":"max-image-preview:large","max-video-preview":"max-video-preview:-1"},"canonical":"https:\/\/www.mpechicago.com\/pt-br\/transportador-de-amendoas\/","og_locale":"pt_BR","og_type":"article","og_title":"Transportador de am\u00eandoas - Modern Process Equipment","og_description":"De am\u00eandoas inteiras a farinha de am\u00eandoa, os engenheiros da MPE trabalharam com produtos de am\u00eandoas que variam em densidades a granel de 22 a 68 lb\/ft3. Os processadores de am\u00eandoas confiam na Chain-Vey todos os dias para mover seus produtos da ingest\u00e3o de am\u00eandoas cruas at\u00e9 o equipamento de embalagem de am\u00eandoas. Como em todas as aplica\u00e7\u00f5es para transporte ou projeto de sistema de processo, a MPE pode testar sua aplica\u00e7\u00e3o para desenvolver solu\u00e7\u00f5es personalizadas para voc\u00ea.","og_url":"https:\/\/www.mpechicago.com\/pt-br\/transportador-de-amendoas\/","og_site_name":"Modern Process Equipment","article_modified_time":"2025-05-14T00:00:53+00:00","og_image":[{"width":1600,"height":250,"url":"https:\/\/www.mpechicago.com\/wp-content\/uploads\/2019\/12\/Almond-1600x250-1.jpg","type":"image\/jpeg"}],"twitter_card":"summary_large_image","twitter_misc":{"Est. tempo de leitura":"2 minutos"},"schema":{"@context":"https:\/\/schema.org","@graph":[{"@type":"WebPage","@id":"https:\/\/www.mpechicago.com\/pt-br\/transportador-de-amendoas\/","url":"https:\/\/www.mpechicago.com\/pt-br\/transportador-de-amendoas\/","name":"Transportador de am\u00eandoas - Modern Process Equipment","isPartOf":{"@id":"https:\/\/www.mpechicago.com\/pt-br\/#website"},"primaryImageOfPage":{"@id":"https:\/\/www.mpechicago.com\/pt-br\/transportador-de-amendoas\/#primaryimage"},"image":{"@id":"https:\/\/www.mpechicago.com\/pt-br\/transportador-de-amendoas\/#primaryimage"},"thumbnailUrl":"https:\/\/www.mpechicago.com\/wp-content\/uploads\/2019\/12\/Almond-1600x250-1.jpg","datePublished":"2019-12-20T11:28:31+00:00","dateModified":"2025-05-14T00:00:53+00:00","description":"De am\u00eandoas inteiras a farinha de am\u00eandoa, os engenheiros da MPE trabalharam com produtos de am\u00eandoas que variam em densidades a granel de 22 a 68 lb\/ft3. Os processadores de am\u00eandoas confiam na Chain-Vey todos os dias para mover seus produtos da ingest\u00e3o de am\u00eandoas cruas at\u00e9 o equipamento de embalagem de am\u00eandoas. Como em todas as aplica\u00e7\u00f5es para transporte ou projeto de sistema de processo, a MPE pode testar sua aplica\u00e7\u00e3o para desenvolver solu\u00e7\u00f5es personalizadas para voc\u00ea.","breadcrumb":{"@id":"https:\/\/www.mpechicago.com\/pt-br\/transportador-de-amendoas\/#breadcrumb"},"inLanguage":"pt-BR","potentialAction":[{"@type":"ReadAction","target":["https:\/\/www.mpechicago.com\/pt-br\/transportador-de-amendoas\/"]}]},{"@type":"ImageObject","inLanguage":"pt-BR","@id":"https:\/\/www.mpechicago.com\/pt-br\/transportador-de-amendoas\/#primaryimage","url":"https:\/\/www.mpechicago.com\/wp-content\/uploads\/2019\/12\/Almond-1600x250-1.jpg","contentUrl":"https:\/\/www.mpechicago.com\/wp-content\/uploads\/2019\/12\/Almond-1600x250-1.jpg","width":1600,"height":250},{"@type":"BreadcrumbList","@id":"https:\/\/www.mpechicago.com\/pt-br\/transportador-de-amendoas\/#breadcrumb","itemListElement":[{"@type":"ListItem","position":1,"name":"Casa","item":"https:\/\/www.mpechicago.com\/pt-br\/"},{"@type":"ListItem","position":2,"name":"Transportador de am\u00eandoas"}]},{"@type":"WebSite","@id":"https:\/\/www.mpechicago.com\/pt-br\/#website","url":"https:\/\/www.mpechicago.com\/pt-br\/","name":"Modern Process Equipment","description":"","publisher":{"@id":"https:\/\/www.mpechicago.com\/pt-br\/#organization"},"potentialAction":[{"@type":"SearchAction","target":{"@type":"EntryPoint","urlTemplate":"https:\/\/www.mpechicago.com\/pt-br\/?s={search_term_string}"},"query-input":{"@type":"PropertyValueSpecification","valueRequired":true,"valueName":"search_term_string"}}],"inLanguage":"pt-BR"},{"@type":"Organization","@id":"https:\/\/www.mpechicago.com\/pt-br\/#organization","name":"Modern Process Equipment","url":"https:\/\/www.mpechicago.com\/pt-br\/","logo":{"@type":"ImageObject","inLanguage":"pt-BR","@id":"https:\/\/www.mpechicago.com\/pt-br\/#\/schema\/logo\/image\/","url":"https:\/\/www.mpechicago.com\/wp-content\/uploads\/2019\/12\/logo.png","contentUrl":"https:\/\/www.mpechicago.com\/wp-content\/uploads\/2019\/12\/logo.png","width":200,"height":91,"caption":"Modern Process Equipment"},"image":{"@id":"https:\/\/www.mpechicago.com\/pt-br\/#\/schema\/logo\/image\/"}}]}},"_links":{"self":[{"href":"https:\/\/www.mpechicago.com\/pt-br\/wp-json\/wp\/v2\/pages\/31131","targetHints":{"allow":["GET"]}}],"collection":[{"href":"https:\/\/www.mpechicago.com\/pt-br\/wp-json\/wp\/v2\/pages"}],"about":[{"href":"https:\/\/www.mpechicago.com\/pt-br\/wp-json\/wp\/v2\/types\/page"}],"author":[{"embeddable":true,"href":"https:\/\/www.mpechicago.com\/pt-br\/wp-json\/wp\/v2\/users\/20"}],"replies":[{"embeddable":true,"href":"https:\/\/www.mpechicago.com\/pt-br\/wp-json\/wp\/v2\/comments?post=31131"}],"version-history":[{"count":1,"href":"https:\/\/www.mpechicago.com\/pt-br\/wp-json\/wp\/v2\/pages\/31131\/revisions"}],"predecessor-version":[{"id":31139,"href":"https:\/\/www.mpechicago.com\/pt-br\/wp-json\/wp\/v2\/pages\/31131\/revisions\/31139"}],"wp:featuredmedia":[{"embeddable":true,"href":"https:\/\/www.mpechicago.com\/pt-br\/wp-json\/wp\/v2\/media\/31132"}],"wp:attachment":[{"href":"https:\/\/www.mpechicago.com\/pt-br\/wp-json\/wp\/v2\/media?parent=31131"}],"curies":[{"name":"wp","href":"https:\/\/api.w.org\/{rel}","templated":true}]}}