{"id":30905,"date":"2019-12-11T10:32:41","date_gmt":"2019-12-11T16:32:41","guid":{"rendered":"https:\/\/www.mpechicago.com\/equipamento-de-moagem-de-cafe\/tecnologias-de-moagem-de-cafe\/tecnologias-de-estilo-de-disco-gourmet\/"},"modified":"2025-11-20T16:05:31","modified_gmt":"2025-11-20T22:05:31","slug":"tecnologias-de-estilo-de-disco-gourmet","status":"publish","type":"page","link":"https:\/\/www.mpechicago.com\/pt-br\/equipamento-de-moagem-de-cafe\/tecnologias-de-moagem-de-cafe\/tecnologias-de-estilo-de-disco-gourmet\/","title":{"rendered":"Tecnologias de estilo de disco gourmet"},"content":{"rendered":"<div class=\"wp-bootstrap-blocks-row\">\n\t<div class=\"row\">\n\t\t\n\n<div class=\"col-12 col-md-2 col-lg-2 col-xl-2\">\n\t<div class=\"\">\n\t\t\n\n\n\t<\/div>\n<\/div>\n\n\n\n<div class=\"col-12 col-md-7 col-lg-7 col-xl-6\">\n\t<div class=\"\">\n\t\t\n\n<pre class=\"wp-block-code ticss-0bd57fad\"><code><\/code><\/pre>\n\n\n\n<div class=\"wp-block-columns is-layout-flex wp-container-core-columns-is-layout-9d6595d7 wp-block-columns-is-layout-flex\">\n<div class=\"wp-block-column is-layout-flow wp-block-column-is-layout-flow\">\n<h1 class=\"wp-block-heading\">Gourmet Disc Style Technologies <\/h1>\n\n\n\n<p class=\"intro\">Os moedores estilo disco gourmet da MPE e o granulador estilo rolo s\u00e3o a escolha certa para moagem de caf\u00e9 em escala boutique, oferecendo uma combina\u00e7\u00e3o favor\u00e1vel de versatilidade de moagem, precis\u00e3o e valor total.  <\/p>\n\n\n\n<p>A MPE incorpora recursos universais de \u00faltima gera\u00e7\u00e3o e tecnologias de moagem de caf\u00e9 para fabricar os equipamentos de moagem de caf\u00e9 mais modernos, inovadores e da mais alta qualidade. Os moedores de disco de precis\u00e3o e o granulador de rolos pequenos fornecem gr\u00e3os de caf\u00e9 de alta qualidade de at\u00e9 1.000 lb\/h (450 kg\/h). <\/p>\n\n\n\n<h3 class=\"wp-block-heading\">Can I grind for capsules and pods on a disc style grinder?  <\/h3>\n\n\n\n<p>A resposta curta \u00e9 &#8220;sim&#8221;, mas a resposta longa \u00e9 &#8220;voc\u00ea poderia fazer muito melhor com um moinho de rolos com um dens\u00edfero&#8221;.<\/p>\n\n\n\n<p>Disc style grinders are very versatile, but they don&#8217;t have  densifiers like many of our roller mills do. Capsules and pods benefit  greatly from densification. Learn more about <a href=\"http:\/\/www.mpechicago.com\/pt-br\/precise-perfection\">grinding for pods and capsules in this article.<\/a><\/p>\n<\/div>\n\n\n\n<div class=\"wp-block-column is-layout-flow wp-block-column-is-layout-flow\">\n<figure class=\"wp-block-image size-full\"><img fetchpriority=\"high\" decoding=\"async\" width=\"915\" height=\"400\" src=\"http:\/\/www.mpechicago.com\/wp-content\/uploads\/2024\/04\/MPE_QUIZCTAimg_0424.webp\" alt=\"Grinder CTA\" class=\"wp-image-16000\" srcset=\"https:\/\/www.mpechicago.com\/wp-content\/uploads\/2024\/04\/MPE_QUIZCTAimg_0424.webp 915w, https:\/\/www.mpechicago.com\/wp-content\/uploads\/2024\/04\/MPE_QUIZCTAimg_0424-600x262.webp 600w, https:\/\/www.mpechicago.com\/wp-content\/uploads\/2024\/04\/MPE_QUIZCTAimg_0424-768x336.webp 768w\" sizes=\"(max-width: 915px) 100vw, 915px\" \/><\/figure>\n\n\n\n<style>\n.quiz-cta a {\n    margin-top: 5%;\n    display: block;\n    margin-bottom: 7%;\n}\n@media (max-width: 780px) {\n.quiz-cta img {display: none;}\n.quiz-cta a {margin-top: -3%;}\n}\n<\/style>\n<div class=\"quiz-cta\">\n<a href=\"https:\/\/resources.mpechicago.com\/coffee-grinder-finder-tool-quiz?_gl=1*wkf324*_ga*MTIwNTYwNzk0Ny4xNzEwNTMwMjM1*_ga_GQFZ2YEK86*MTcxMzEwMzEyNS4zNi4wLjE3MTMxMDMxMjUuMC4wLjA.&#038;_ga=2.80478935.1545543855.1713103126-1205607947.1710530235\" target=\"_blank\" class=\"btn btn-sm btn-primary sm-mobile pr-3 pl-3 pt-2 pb-2\" rel=\"noopener\">QUESTION\u00c1RIO DO LOCALIZADOR DE MOEDORES<\/a>\n<\/div>\n<\/div>\n<\/div>\n\n\t<\/div>\n<\/div>\n\n\n\n<div class=\"col-12\">\n\t<div class=\"\">\n\t\t\n<div class=\"wp-bootstrap-blocks-row\">\n\t<div class=\"row no-gutters\">\n\t\t\n\n<div class=\"col-12 col-md-6  order-md-1\">\n\t<div class=\"\">\n\t\t\n\n<figure class=\"wp-block-image alignwide size-full mb-0 videoicon\"><a href=\"https:\/\/vimeo.com\/300388361\"><img decoding=\"async\" src=\"http:\/\/www.mpechicago.com\/wp-content\/uploads\/2023\/10\/Capture2.png\" alt=\"\" class=\"wp-image-1615\"\/><\/a><\/figure>\n\n\t<\/div>\n<\/div>\n\n\n\n<div class=\"col-12 col-md-6 Pageblock-textWrapper alignment-right\">\n\t<div class=\"\">\n\t\t\n\n<h2 class=\"wp-block-heading text-uppercase\">MPE&#8217;s Disc Style Grinders<\/h2>\n\n\n\n<p><a href=\"https:\/\/www.bigshoulderscoffee.com\/\">Big Shoulders Coffee<\/a> is a specialty roaster headquartered in Chicago, USA. The proudly own a <a href=\"http:\/\/www.mpechicago.com\/pt-br\/product\/gpx\/\">Model GPX Coffee Grinder<\/a><\/p>\n\n\n\n<p><\/p>\n\n\t<\/div>\n<\/div>\n\n\t<\/div>\n<\/div>\n\n\n<div class=\"wp-bootstrap-blocks-row\">\n\t<div class=\"row no-gutters\">\n\t\t\n\n<div class=\"col-12 col-md-6\">\n\t<div class=\"\">\n\t\t\n\n<figure class=\"wp-block-image alignwide size-full mb-0 videoicon\"><a href=\"https:\/\/vimeo.com\/394517445\"><img decoding=\"async\" src=\"http:\/\/www.mpechicago.com\/wp-content\/uploads\/2023\/10\/Capture.png\" alt=\"\" class=\"wp-image-1609\"\/><\/a><\/figure>\n\n\t<\/div>\n<\/div>\n\n\n\n<div class=\"col-12 col-md-6 Pageblock-textWrapper\">\n\t<div class=\"\">\n\t\t\n\n<h2 class=\"wp-block-heading text-uppercase\">Unboxing video shows a Model GPX grinder<\/h2>\n\n\n\n<p>This unboxing video shows a <a href=\"http:\/\/www.mpechicago.com\/pt-br\/product\/gpx\/\">Model GPX<\/a> grinder. However, the same features can also be had on the larger capacity <a href=\"http:\/\/www.mpechicago.com\/pt-br\/product\/gpc-140\/\">Model GPC-140<\/a> grinder.<\/p>\n\n\n\n<p><\/p>\n\n\t<\/div>\n<\/div>\n\n\t<\/div>\n<\/div>\n\n\t<\/div>\n<\/div>\n\n\t<\/div>\n<\/div>\n\n<div style=\"height:100px\" aria-hidden=\"true\" class=\"wp-block-spacer\"><\/div>\n<div class=\"wp-bootstrap-blocks-container container mb-2 positionrelative ticss-557f38c4 box-types\">\n\t\n\n<h3 class=\"wp-block-heading has-text-align-center Pageblock-subtitle ticss-e44a83c5\"> MPE Technologies <\/h3>\n\n\n\n<hr class=\"wp-block-separator has-css-opacity Pageblock-subtitleDecoration\"\/>\n\n\n<div class=\"wp-bootstrap-blocks-row ticss-aefb281e\">\n\t<div class=\"row\">\n\t\t\n\n<div class=\"col-12 col-md-4 col-lg-4 col-xl-4\">\n\t<div class=\"\">\n\t\t\n\n<figure class=\"wp-block-image size-large\"><img decoding=\"async\" width=\"700\" height=\"450\" src=\"http:\/\/www.mpechicago.com\/wp-content\/uploads\/2019\/12\/GPX-IC-700x450-1.jpg\" alt=\"\" class=\"wp-image-564\" srcset=\"https:\/\/www.mpechicago.com\/wp-content\/uploads\/2019\/12\/GPX-IC-700x450-1.jpg 700w, https:\/\/www.mpechicago.com\/wp-content\/uploads\/2019\/12\/GPX-IC-700x450-1-600x386.jpg 600w\" sizes=\"(max-width: 700px) 100vw, 700px\" \/><\/figure>\n\n\n\n<h3 class=\"wp-block-heading has-text-align-left Pageblock-subtitle ticss-304e163f\">Large Stainless Steel Hopper    <\/h3>\n\n\n\n<hr class=\"wp-block-separator has-css-opacity Pageblock-subtitleDecorationborder\"\/>\n\n\n\n<p class=\"has-text-align-left\">F\u00e1cil de limpar e operar com uma porta deslizante ajust\u00e1vel<\/p>\n\n\t<\/div>\n<\/div>\n\n\n\n<div class=\"col-12 col-md-4 col-lg-4 col-xl-4\">\n\t<div class=\"\">\n\t\t\n\n<figure class=\"wp-block-image size-large\"><img decoding=\"async\" width=\"700\" height=\"450\" src=\"http:\/\/www.mpechicago.com\/wp-content\/uploads\/2019\/12\/Burr-700x450-1.jpg\" alt=\"\" class=\"wp-image-565\" srcset=\"https:\/\/www.mpechicago.com\/wp-content\/uploads\/2019\/12\/Burr-700x450-1.jpg 700w, https:\/\/www.mpechicago.com\/wp-content\/uploads\/2019\/12\/Burr-700x450-1-600x386.jpg 600w\" sizes=\"(max-width: 700px) 100vw, 700px\" \/><\/figure>\n\n\n\n<h3 class=\"wp-block-heading has-text-align-left Pageblock-subtitle ticss-304e163f\">Diamond-Hard Grinding Discs    <\/h3>\n\n\n\n<hr class=\"wp-block-separator has-css-opacity Pageblock-subtitleDecorationborder\"\/>\n\n\n\n<p class=\"has-text-align-left\">Discos de moagem de diamante projetados para fornecer uniformidade de moagem ideal e minimizar o ac\u00famulo de calor, o que pode alterar os vol\u00e1teis do caf\u00e9<\/p>\n\n\n\n<p><\/p>\n\n\t<\/div>\n<\/div>\n\n\n\n<div class=\"col-12 col-md-4 col-lg-4 col-xl-4\">\n\t<div class=\"\">\n\t\t\n\n<figure class=\"wp-block-image size-large\"><img loading=\"lazy\" decoding=\"async\" width=\"1024\" height=\"658\" src=\"http:\/\/www.mpechicago.com\/wp-content\/uploads\/2019\/12\/Water-Cooling-700x450-1-1024x658.jpg\" alt=\"\" class=\"wp-image-566\" srcset=\"https:\/\/www.mpechicago.com\/wp-content\/uploads\/2019\/12\/Water-Cooling-700x450-1-1024x658.jpg 1024w, https:\/\/www.mpechicago.com\/wp-content\/uploads\/2019\/12\/Water-Cooling-700x450-1-600x386.jpg 600w, https:\/\/www.mpechicago.com\/wp-content\/uploads\/2019\/12\/Water-Cooling-700x450-1-768x494.jpg 768w, https:\/\/www.mpechicago.com\/wp-content\/uploads\/2019\/12\/Water-Cooling-700x450-1-1536x987.jpg 1536w, https:\/\/www.mpechicago.com\/wp-content\/uploads\/2019\/12\/Water-Cooling-700x450-1-scaled.jpg 2000w, https:\/\/www.mpechicago.com\/wp-content\/uploads\/2019\/12\/Water-Cooling-700x450-1-1200x771.jpg 1200w, https:\/\/www.mpechicago.com\/wp-content\/uploads\/2019\/12\/Water-Cooling-700x450-1-1980x1273.jpg 1980w\" sizes=\"(max-width: 1024px) 100vw, 1024px\" \/><\/figure>\n\n\n\n<h3 class=\"wp-block-heading has-text-align-left Pageblock-subtitle ticss-304e163f\">Water Cooling Integration    <\/h3>\n\n\n\n<hr class=\"wp-block-separator has-css-opacity Pageblock-subtitleDecorationborder\"\/>\n\n\n\n<p class=\"has-text-align-left\">A Integra\u00e7\u00e3o de Resfriamento a \u00c1gua (WCI) resfria os discos de desbaste para um desempenho intransigente sob uso cont\u00ednuo<\/p>\n\n\t<\/div>\n<\/div>\n\n\t<\/div>\n<\/div>\n\n<\/div>\n\n<div style=\"height:100px\" aria-hidden=\"true\" class=\"wp-block-spacer\"><\/div>\n<div class=\"lazyblock-heading-and-link-Z1QcUim alignfull alignfull  wp-block-lazyblock-heading-and-link\">\n   <div class=\"paragraph-content\">\n      \n<h3 class=\"Pageblock-subtitle\">\n       NOW THAT YOU KNOW MORE ABOUT GOURMET DISC STYLE COFFEE GRINDERS \n  <\/h3>\n<hr class=\"Pageblock-subtitleDecoration\">\n<p style=\"font-weight: 100;font-size: 26px;line-height: 1.38462;color:#9b9b9b; text-align: center;\"><\/p> \n            <div class=\"field field--name-field-text field--type-text-long field-bundlefull-width-block field__item\"><p><a class=\"btn btn-primary btn-minwidth\" href=\"http:\/\/www.mpechicago.com\/pt-br\/coffee-grinding-equipment\/coffee-grinders\/?gtype&amp;ptype=gourmet\">See All Gourmet Disc Style Grinders<\/a><\/p>\n<\/div>\n      \n    <\/div><\/div>","protected":false},"excerpt":{"rendered":"","protected":false},"author":20,"featured_media":49097,"parent":29894,"menu_order":0,"comment_status":"closed","ping_status":"closed","template":"","meta":{"_acf_changed":false,"content-type":"","rs_blank_template":"","rs_page_bg_color":"","slide_template_v7":"","footnotes":""},"class_list":["post-30905","page","type-page","status-publish","has-post-thumbnail","hentry"],"acf":[],"yoast_head":"<!-- This site is optimized with the Yoast SEO plugin v27.4 - https:\/\/yoast.com\/product\/yoast-seo-wordpress\/ -->\n<title>Melhor Moedor de Caf\u00e9 Comercial Gourmet Estilo Disco - Modern Process Equipment<\/title>\n<meta name=\"description\" content=\"A MPE oferece o melhor em moedores de caf\u00e9 comerciais gourmet estilo disco, que oferecem recursos universais de \u00faltima gera\u00e7\u00e3o e tecnologias de moagem de caf\u00e9. Tritura at\u00e9 1.000 lb\/h (450 kg\/h). Saiba mais online!\" \/>\n<meta name=\"robots\" content=\"index, follow, max-snippet:-1, max-image-preview:large, max-video-preview:-1\" \/>\n<link rel=\"canonical\" href=\"https:\/\/www.mpechicago.com\/pt-br\/equipamento-de-moagem-de-cafe\/tecnologias-de-moagem-de-cafe\/tecnologias-de-estilo-de-disco-gourmet\/\" \/>\n<meta property=\"og:locale\" content=\"pt_BR\" \/>\n<meta property=\"og:type\" content=\"article\" \/>\n<meta property=\"og:title\" content=\"Melhor Moedor de Caf\u00e9 Comercial Gourmet Estilo Disco - Modern Process Equipment\" \/>\n<meta property=\"og:description\" content=\"A MPE oferece o melhor em moedores de caf\u00e9 comerciais gourmet estilo disco, que oferecem recursos universais de \u00faltima gera\u00e7\u00e3o e tecnologias de moagem de caf\u00e9. Tritura at\u00e9 1.000 lb\/h (450 kg\/h). Saiba mais online!\" \/>\n<meta property=\"og:url\" content=\"https:\/\/www.mpechicago.com\/pt-br\/equipamento-de-moagem-de-cafe\/tecnologias-de-moagem-de-cafe\/tecnologias-de-estilo-de-disco-gourmet\/\" \/>\n<meta property=\"og:site_name\" content=\"Modern Process Equipment\" \/>\n<meta property=\"article:modified_time\" content=\"2025-11-20T22:05:31+00:00\" \/>\n<meta property=\"og:image\" content=\"https:\/\/www.mpechicago.com\/wp-content\/uploads\/2019\/12\/Gourmet-Header2000.jpg\" \/>\n\t<meta property=\"og:image:width\" content=\"2000\" \/>\n\t<meta property=\"og:image:height\" content=\"313\" \/>\n\t<meta property=\"og:image:type\" content=\"image\/jpeg\" \/>\n<meta name=\"twitter:card\" content=\"summary_large_image\" \/>\n<meta name=\"twitter:label1\" content=\"Est. tempo de leitura\" \/>\n\t<meta name=\"twitter:data1\" content=\"2 minutos\" \/>\n<script type=\"application\/ld+json\" class=\"yoast-schema-graph\">{\"@context\":\"https:\\\/\\\/schema.org\",\"@graph\":[{\"@type\":\"WebPage\",\"@id\":\"https:\\\/\\\/www.mpechicago.com\\\/pt-br\\\/equipamento-de-moagem-de-cafe\\\/tecnologias-de-moagem-de-cafe\\\/tecnologias-de-estilo-de-disco-gourmet\\\/\",\"url\":\"https:\\\/\\\/www.mpechicago.com\\\/pt-br\\\/equipamento-de-moagem-de-cafe\\\/tecnologias-de-moagem-de-cafe\\\/tecnologias-de-estilo-de-disco-gourmet\\\/\",\"name\":\"Melhor Moedor de Caf\u00e9 Comercial Gourmet Estilo Disco - Modern Process Equipment\",\"isPartOf\":{\"@id\":\"https:\\\/\\\/www.mpechicago.com\\\/pt-br\\\/#website\"},\"primaryImageOfPage\":{\"@id\":\"https:\\\/\\\/www.mpechicago.com\\\/pt-br\\\/equipamento-de-moagem-de-cafe\\\/tecnologias-de-moagem-de-cafe\\\/tecnologias-de-estilo-de-disco-gourmet\\\/#primaryimage\"},\"image\":{\"@id\":\"https:\\\/\\\/www.mpechicago.com\\\/pt-br\\\/equipamento-de-moagem-de-cafe\\\/tecnologias-de-moagem-de-cafe\\\/tecnologias-de-estilo-de-disco-gourmet\\\/#primaryimage\"},\"thumbnailUrl\":\"https:\\\/\\\/www.mpechicago.com\\\/wp-content\\\/uploads\\\/2019\\\/12\\\/Gourmet-Header2000.jpg\",\"datePublished\":\"2019-12-11T16:32:41+00:00\",\"dateModified\":\"2025-11-20T22:05:31+00:00\",\"description\":\"A MPE oferece o melhor em moedores de caf\u00e9 comerciais gourmet estilo disco, que oferecem recursos universais de \u00faltima gera\u00e7\u00e3o e tecnologias de moagem de caf\u00e9. Tritura at\u00e9 1.000 lb\\\/h (450 kg\\\/h). Saiba mais online!\",\"breadcrumb\":{\"@id\":\"https:\\\/\\\/www.mpechicago.com\\\/pt-br\\\/equipamento-de-moagem-de-cafe\\\/tecnologias-de-moagem-de-cafe\\\/tecnologias-de-estilo-de-disco-gourmet\\\/#breadcrumb\"},\"inLanguage\":\"pt-BR\",\"potentialAction\":[{\"@type\":\"ReadAction\",\"target\":[\"https:\\\/\\\/www.mpechicago.com\\\/pt-br\\\/equipamento-de-moagem-de-cafe\\\/tecnologias-de-moagem-de-cafe\\\/tecnologias-de-estilo-de-disco-gourmet\\\/\"]}]},{\"@type\":\"ImageObject\",\"inLanguage\":\"pt-BR\",\"@id\":\"https:\\\/\\\/www.mpechicago.com\\\/pt-br\\\/equipamento-de-moagem-de-cafe\\\/tecnologias-de-moagem-de-cafe\\\/tecnologias-de-estilo-de-disco-gourmet\\\/#primaryimage\",\"url\":\"https:\\\/\\\/www.mpechicago.com\\\/wp-content\\\/uploads\\\/2019\\\/12\\\/Gourmet-Header2000.jpg\",\"contentUrl\":\"https:\\\/\\\/www.mpechicago.com\\\/wp-content\\\/uploads\\\/2019\\\/12\\\/Gourmet-Header2000.jpg\",\"width\":2000,\"height\":313,\"caption\":\"Gourmet Header\"},{\"@type\":\"BreadcrumbList\",\"@id\":\"https:\\\/\\\/www.mpechicago.com\\\/pt-br\\\/equipamento-de-moagem-de-cafe\\\/tecnologias-de-moagem-de-cafe\\\/tecnologias-de-estilo-de-disco-gourmet\\\/#breadcrumb\",\"itemListElement\":[{\"@type\":\"ListItem\",\"position\":1,\"name\":\"Casa\",\"item\":\"https:\\\/\\\/www.mpechicago.com\\\/pt-br\\\/\"},{\"@type\":\"ListItem\",\"position\":2,\"name\":\"Equipamento de Moagem de Caf\u00e9\",\"item\":\"https:\\\/\\\/www.mpechicago.com\\\/pt-br\\\/equipamento-de-moagem-de-cafe\\\/\"},{\"@type\":\"ListItem\",\"position\":3,\"name\":\"Tecnologias de Moagem de Caf\u00e9\",\"item\":\"https:\\\/\\\/www.mpechicago.com\\\/pt-br\\\/equipamento-de-moagem-de-cafe\\\/tecnologias-de-moagem-de-cafe\\\/\"},{\"@type\":\"ListItem\",\"position\":4,\"name\":\"Tecnologias de estilo de disco gourmet\"}]},{\"@type\":\"WebSite\",\"@id\":\"https:\\\/\\\/www.mpechicago.com\\\/pt-br\\\/#website\",\"url\":\"https:\\\/\\\/www.mpechicago.com\\\/pt-br\\\/\",\"name\":\"Modern Process Equipment\",\"description\":\"\",\"publisher\":{\"@id\":\"https:\\\/\\\/www.mpechicago.com\\\/pt-br\\\/#organization\"},\"potentialAction\":[{\"@type\":\"SearchAction\",\"target\":{\"@type\":\"EntryPoint\",\"urlTemplate\":\"https:\\\/\\\/www.mpechicago.com\\\/pt-br\\\/?s={search_term_string}\"},\"query-input\":{\"@type\":\"PropertyValueSpecification\",\"valueRequired\":true,\"valueName\":\"search_term_string\"}}],\"inLanguage\":\"pt-BR\"},{\"@type\":\"Organization\",\"@id\":\"https:\\\/\\\/www.mpechicago.com\\\/pt-br\\\/#organization\",\"name\":\"Modern Process Equipment\",\"url\":\"https:\\\/\\\/www.mpechicago.com\\\/pt-br\\\/\",\"logo\":{\"@type\":\"ImageObject\",\"inLanguage\":\"pt-BR\",\"@id\":\"https:\\\/\\\/www.mpechicago.com\\\/pt-br\\\/#\\\/schema\\\/logo\\\/image\\\/\",\"url\":\"https:\\\/\\\/www.mpechicago.com\\\/wp-content\\\/uploads\\\/2019\\\/12\\\/logo.png\",\"contentUrl\":\"https:\\\/\\\/www.mpechicago.com\\\/wp-content\\\/uploads\\\/2019\\\/12\\\/logo.png\",\"width\":200,\"height\":91,\"caption\":\"Modern Process Equipment\"},\"image\":{\"@id\":\"https:\\\/\\\/www.mpechicago.com\\\/pt-br\\\/#\\\/schema\\\/logo\\\/image\\\/\"}}]}<\/script>\n<!-- \/ Yoast SEO plugin. -->","yoast_head_json":{"title":"Melhor Moedor de Caf\u00e9 Comercial Gourmet Estilo Disco - Modern Process Equipment","description":"A MPE oferece o melhor em moedores de caf\u00e9 comerciais gourmet estilo disco, que oferecem recursos universais de \u00faltima gera\u00e7\u00e3o e tecnologias de moagem de caf\u00e9. Tritura at\u00e9 1.000 lb\/h (450 kg\/h). Saiba mais online!","robots":{"index":"index","follow":"follow","max-snippet":"max-snippet:-1","max-image-preview":"max-image-preview:large","max-video-preview":"max-video-preview:-1"},"canonical":"https:\/\/www.mpechicago.com\/pt-br\/equipamento-de-moagem-de-cafe\/tecnologias-de-moagem-de-cafe\/tecnologias-de-estilo-de-disco-gourmet\/","og_locale":"pt_BR","og_type":"article","og_title":"Melhor Moedor de Caf\u00e9 Comercial Gourmet Estilo Disco - Modern Process Equipment","og_description":"A MPE oferece o melhor em moedores de caf\u00e9 comerciais gourmet estilo disco, que oferecem recursos universais de \u00faltima gera\u00e7\u00e3o e tecnologias de moagem de caf\u00e9. Tritura at\u00e9 1.000 lb\/h (450 kg\/h). Saiba mais online!","og_url":"https:\/\/www.mpechicago.com\/pt-br\/equipamento-de-moagem-de-cafe\/tecnologias-de-moagem-de-cafe\/tecnologias-de-estilo-de-disco-gourmet\/","og_site_name":"Modern Process Equipment","article_modified_time":"2025-11-20T22:05:31+00:00","og_image":[{"width":2000,"height":313,"url":"https:\/\/www.mpechicago.com\/wp-content\/uploads\/2019\/12\/Gourmet-Header2000.jpg","type":"image\/jpeg"}],"twitter_card":"summary_large_image","twitter_misc":{"Est. tempo de leitura":"2 minutos"},"schema":{"@context":"https:\/\/schema.org","@graph":[{"@type":"WebPage","@id":"https:\/\/www.mpechicago.com\/pt-br\/equipamento-de-moagem-de-cafe\/tecnologias-de-moagem-de-cafe\/tecnologias-de-estilo-de-disco-gourmet\/","url":"https:\/\/www.mpechicago.com\/pt-br\/equipamento-de-moagem-de-cafe\/tecnologias-de-moagem-de-cafe\/tecnologias-de-estilo-de-disco-gourmet\/","name":"Melhor Moedor de Caf\u00e9 Comercial Gourmet Estilo Disco - Modern Process Equipment","isPartOf":{"@id":"https:\/\/www.mpechicago.com\/pt-br\/#website"},"primaryImageOfPage":{"@id":"https:\/\/www.mpechicago.com\/pt-br\/equipamento-de-moagem-de-cafe\/tecnologias-de-moagem-de-cafe\/tecnologias-de-estilo-de-disco-gourmet\/#primaryimage"},"image":{"@id":"https:\/\/www.mpechicago.com\/pt-br\/equipamento-de-moagem-de-cafe\/tecnologias-de-moagem-de-cafe\/tecnologias-de-estilo-de-disco-gourmet\/#primaryimage"},"thumbnailUrl":"https:\/\/www.mpechicago.com\/wp-content\/uploads\/2019\/12\/Gourmet-Header2000.jpg","datePublished":"2019-12-11T16:32:41+00:00","dateModified":"2025-11-20T22:05:31+00:00","description":"A MPE oferece o melhor em moedores de caf\u00e9 comerciais gourmet estilo disco, que oferecem recursos universais de \u00faltima gera\u00e7\u00e3o e tecnologias de moagem de caf\u00e9. Tritura at\u00e9 1.000 lb\/h (450 kg\/h). Saiba mais online!","breadcrumb":{"@id":"https:\/\/www.mpechicago.com\/pt-br\/equipamento-de-moagem-de-cafe\/tecnologias-de-moagem-de-cafe\/tecnologias-de-estilo-de-disco-gourmet\/#breadcrumb"},"inLanguage":"pt-BR","potentialAction":[{"@type":"ReadAction","target":["https:\/\/www.mpechicago.com\/pt-br\/equipamento-de-moagem-de-cafe\/tecnologias-de-moagem-de-cafe\/tecnologias-de-estilo-de-disco-gourmet\/"]}]},{"@type":"ImageObject","inLanguage":"pt-BR","@id":"https:\/\/www.mpechicago.com\/pt-br\/equipamento-de-moagem-de-cafe\/tecnologias-de-moagem-de-cafe\/tecnologias-de-estilo-de-disco-gourmet\/#primaryimage","url":"https:\/\/www.mpechicago.com\/wp-content\/uploads\/2019\/12\/Gourmet-Header2000.jpg","contentUrl":"https:\/\/www.mpechicago.com\/wp-content\/uploads\/2019\/12\/Gourmet-Header2000.jpg","width":2000,"height":313,"caption":"Gourmet Header"},{"@type":"BreadcrumbList","@id":"https:\/\/www.mpechicago.com\/pt-br\/equipamento-de-moagem-de-cafe\/tecnologias-de-moagem-de-cafe\/tecnologias-de-estilo-de-disco-gourmet\/#breadcrumb","itemListElement":[{"@type":"ListItem","position":1,"name":"Casa","item":"https:\/\/www.mpechicago.com\/pt-br\/"},{"@type":"ListItem","position":2,"name":"Equipamento de Moagem de Caf\u00e9","item":"https:\/\/www.mpechicago.com\/pt-br\/equipamento-de-moagem-de-cafe\/"},{"@type":"ListItem","position":3,"name":"Tecnologias de Moagem de Caf\u00e9","item":"https:\/\/www.mpechicago.com\/pt-br\/equipamento-de-moagem-de-cafe\/tecnologias-de-moagem-de-cafe\/"},{"@type":"ListItem","position":4,"name":"Tecnologias de estilo de disco gourmet"}]},{"@type":"WebSite","@id":"https:\/\/www.mpechicago.com\/pt-br\/#website","url":"https:\/\/www.mpechicago.com\/pt-br\/","name":"Modern Process Equipment","description":"","publisher":{"@id":"https:\/\/www.mpechicago.com\/pt-br\/#organization"},"potentialAction":[{"@type":"SearchAction","target":{"@type":"EntryPoint","urlTemplate":"https:\/\/www.mpechicago.com\/pt-br\/?s={search_term_string}"},"query-input":{"@type":"PropertyValueSpecification","valueRequired":true,"valueName":"search_term_string"}}],"inLanguage":"pt-BR"},{"@type":"Organization","@id":"https:\/\/www.mpechicago.com\/pt-br\/#organization","name":"Modern Process Equipment","url":"https:\/\/www.mpechicago.com\/pt-br\/","logo":{"@type":"ImageObject","inLanguage":"pt-BR","@id":"https:\/\/www.mpechicago.com\/pt-br\/#\/schema\/logo\/image\/","url":"https:\/\/www.mpechicago.com\/wp-content\/uploads\/2019\/12\/logo.png","contentUrl":"https:\/\/www.mpechicago.com\/wp-content\/uploads\/2019\/12\/logo.png","width":200,"height":91,"caption":"Modern Process Equipment"},"image":{"@id":"https:\/\/www.mpechicago.com\/pt-br\/#\/schema\/logo\/image\/"}}]}},"_links":{"self":[{"href":"https:\/\/www.mpechicago.com\/pt-br\/wp-json\/wp\/v2\/pages\/30905","targetHints":{"allow":["GET"]}}],"collection":[{"href":"https:\/\/www.mpechicago.com\/pt-br\/wp-json\/wp\/v2\/pages"}],"about":[{"href":"https:\/\/www.mpechicago.com\/pt-br\/wp-json\/wp\/v2\/types\/page"}],"author":[{"embeddable":true,"href":"https:\/\/www.mpechicago.com\/pt-br\/wp-json\/wp\/v2\/users\/20"}],"replies":[{"embeddable":true,"href":"https:\/\/www.mpechicago.com\/pt-br\/wp-json\/wp\/v2\/comments?post=30905"}],"version-history":[{"count":2,"href":"https:\/\/www.mpechicago.com\/pt-br\/wp-json\/wp\/v2\/pages\/30905\/revisions"}],"predecessor-version":[{"id":49100,"href":"https:\/\/www.mpechicago.com\/pt-br\/wp-json\/wp\/v2\/pages\/30905\/revisions\/49100"}],"up":[{"embeddable":true,"href":"https:\/\/www.mpechicago.com\/pt-br\/wp-json\/wp\/v2\/pages\/29894"}],"wp:featuredmedia":[{"embeddable":true,"href":"https:\/\/www.mpechicago.com\/pt-br\/wp-json\/wp\/v2\/media\/49097"}],"wp:attachment":[{"href":"https:\/\/www.mpechicago.com\/pt-br\/wp-json\/wp\/v2\/media?parent=30905"}],"curies":[{"name":"wp","href":"https:\/\/api.w.org\/{rel}","templated":true}]}}