{"id":30161,"date":"2019-12-16T06:41:10","date_gmt":"2019-12-16T12:41:10","guid":{"rendered":"https:\/\/www.mpechicago.com\/transportadores-de-arrasto-tubular-chain-vey\/capacidades\/transportador-de-tubos-de-4-ou-102-mm\/"},"modified":"2025-05-29T08:52:33","modified_gmt":"2025-05-29T13:52:33","slug":"transportador-de-tubos-de-4-ou-102-mm","status":"publish","type":"page","link":"https:\/\/www.mpechicago.com\/pt-br\/transportadores-de-arrasto-tubular-chain-vey\/projetos\/capacidades\/transportador-de-tubos-de-4-ou-102-mm\/","title":{"rendered":"Transportador de tubos de 4&#8243; ou 102 mm"},"content":{"rendered":"<div class=\"wp-bootstrap-blocks-row\">\n\t<div class=\"row\">\n\t\t\n\n<div class=\"col-12 col-md-2 col-lg-2 col-xl-2\">\n\t<div class=\"\">\n\t\t\n\n\n\t<\/div>\n<\/div>\n\n\n\n<div class=\"col-12 col-md-7 col-lg-7 col-xl-7 left-panel\">\n\t<div class=\"\">\n\t\t\n\n<h1 class=\"page-title pt-20 wp-block-heading\">4&#8243; or 102 mm Tube Chain Conveyor<\/h1>\n\n\n\n<p class=\"intro has-text-color\" style=\"color:#e9b516\">At\u00e9 650 p\u00e9s<sup>3<\/sup>\/h ou 18 m<sup>3<\/sup>\/h<\/p>\n\n\n\n<p>Os transportadores tubular de corrente com 4 polegadas (102 mm) de di\u00e2metro s\u00e3o fabricados com tubos de a\u00e7o inoxid\u00e1vel Schedule 10 e s\u00e3o amplamente utilizados no transporte de gr\u00e3os de caf\u00e9 (torrados e verdes), aveia, nozes e am\u00eandoas. Esse modelo de 4\u201d \u00e9 um dos tamanhos mais populares, capaz de movimentar mais de 16 super sacos de produto por hora. A for\u00e7a do Chain-Vey permite trajetos longos, eleva\u00e7\u00f5es verticais acentuadas e opera\u00e7\u00f5es com carga total desde o in\u00edcio, sem risco de quebra da corrente. Al\u00e9m disso, o transporte \u00e9 suave, preservando a integridade do produto e evitando quebras durante o processo.    <\/p>\n\n\n\n<hr class=\"wp-block-separator\"\/>\n\n\n\n<h3 class=\"wp-block-heading\">Conveying rates <\/h3>\n\n\n\n<figure class=\"wp-block-image size-large\"><img fetchpriority=\"high\" decoding=\"async\" width=\"1024\" height=\"744\" src=\"http:\/\/www.mpechicago.com\/wp-content\/uploads\/2019\/12\/Drag-Conveyor-Capacities-Graph-8-1_3-1024x744.png\" alt=\"\" class=\"wp-image-1199\" srcset=\"https:\/\/www.mpechicago.com\/wp-content\/uploads\/2019\/12\/Drag-Conveyor-Capacities-Graph-8-1_3-1024x744.png 1024w, https:\/\/www.mpechicago.com\/wp-content\/uploads\/2019\/12\/Drag-Conveyor-Capacities-Graph-8-1_3-600x436.png 600w, https:\/\/www.mpechicago.com\/wp-content\/uploads\/2019\/12\/Drag-Conveyor-Capacities-Graph-8-1_3-768x558.png 768w, https:\/\/www.mpechicago.com\/wp-content\/uploads\/2019\/12\/Drag-Conveyor-Capacities-Graph-8-1_3-1536x1115.png 1536w, https:\/\/www.mpechicago.com\/wp-content\/uploads\/2019\/12\/Drag-Conveyor-Capacities-Graph-8-1_3-1200x871.png 1200w, https:\/\/www.mpechicago.com\/wp-content\/uploads\/2019\/12\/Drag-Conveyor-Capacities-Graph-8-1_3.png 1592w\" sizes=\"(max-width: 1024px) 100vw, 1024px\" \/><\/figure>\n\n\n\n<p>Transportadores com di\u00e2metros de 3&#8243; a 8&#8243; s\u00e3o representados graficamente com a velocidade do transportador (%) no eixo X e a capacidade de transporte (p\u00e9s<sup>3<\/sup>\/h) no eixo Y. Todos os dados s\u00e3o representados graficamente com 80% de preenchimento de bolso. <\/p>\n\n\t<\/div>\n<\/div>\n\n\n\n<div class=\"col-12 col-md-3 col-lg-3 col-xl-3 right-panel\">\n\t<div class=\"\">\n\t\t\n\n<h3 class=\"has-text-align-left Pageblock-subtitle pt-20 wp-block-heading\">Move 16 super sacks in an hour with one tube chain conveyor<\/h3>\n\n\n\n<figure class=\"wp-block-image size-large\"><img decoding=\"async\" width=\"800\" height=\"787\" src=\"http:\/\/www.mpechicago.com\/wp-content\/uploads\/2019\/12\/Drag-Conveyor-4-inch-capacity.png\" alt=\"\" class=\"wp-image-1314\" srcset=\"https:\/\/www.mpechicago.com\/wp-content\/uploads\/2019\/12\/Drag-Conveyor-4-inch-capacity.png 800w, https:\/\/www.mpechicago.com\/wp-content\/uploads\/2019\/12\/Drag-Conveyor-4-inch-capacity-600x590.png 600w, https:\/\/www.mpechicago.com\/wp-content\/uploads\/2019\/12\/Drag-Conveyor-4-inch-capacity-768x756.png 768w\" sizes=\"(max-width: 800px) 100vw, 800px\" \/><\/figure>\n\n\n\n<p>Cada super saco \u00e9 representado tem 40 p\u00e9s<sup>3<\/sup>, equivalente a \u2248 1,13 m<sup>3<\/sup>.<\/p>\n\n\t<\/div>\n<\/div>\n\n\t<\/div>\n<\/div>\n","protected":false},"excerpt":{"rendered":"","protected":false},"author":20,"featured_media":30085,"parent":29875,"menu_order":0,"comment_status":"closed","ping_status":"closed","template":"","meta":{"_acf_changed":false,"content-type":"","rs_blank_template":"","rs_page_bg_color":"","slide_template_v7":"","footnotes":""},"class_list":["post-30161","page","type-page","status-publish","has-post-thumbnail","hentry"],"acf":[],"yoast_head":"<!-- This site is optimized with the Yoast SEO plugin v27.5 - https:\/\/yoast.com\/product\/yoast-seo-wordpress\/ -->\n<title>Transportador Tubular de Corrente de 4 &quot;ou 102 mm - Modern Process Equipment<\/title>\n<meta name=\"description\" content=\"O transportador tubular de corrente de tubo de 4&quot; ou 102 mm de di\u00e2metro move at\u00e9 650 p\u00e9s3\/h ou 18 m3\/h suavemente, sem quebrar ou comprometer a integridade do produto.\" \/>\n<meta name=\"robots\" content=\"index, follow, max-snippet:-1, max-image-preview:large, max-video-preview:-1\" \/>\n<link rel=\"canonical\" href=\"https:\/\/www.mpechicago.com\/pt-br\/transportadores-de-arrasto-tubular-chain-vey\/projetos\/capacidades\/transportador-de-tubos-de-4-ou-102-mm\/\" \/>\n<meta property=\"og:locale\" content=\"pt_BR\" \/>\n<meta property=\"og:type\" content=\"article\" \/>\n<meta property=\"og:title\" content=\"Transportador Tubular de Corrente de 4 &quot;ou 102 mm - Modern Process Equipment\" \/>\n<meta property=\"og:description\" content=\"O transportador tubular de corrente de tubo de 4&quot; ou 102 mm de di\u00e2metro move at\u00e9 650 p\u00e9s3\/h ou 18 m3\/h suavemente, sem quebrar ou comprometer a integridade do produto.\" \/>\n<meta property=\"og:url\" content=\"https:\/\/www.mpechicago.com\/pt-br\/transportadores-de-arrasto-tubular-chain-vey\/projetos\/capacidades\/transportador-de-tubos-de-4-ou-102-mm\/\" \/>\n<meta property=\"og:site_name\" content=\"Modern Process Equipment\" \/>\n<meta property=\"article:modified_time\" content=\"2025-05-29T13:52:33+00:00\" \/>\n<meta property=\"og:image\" content=\"https:\/\/www.mpechicago.com\/wp-content\/uploads\/2019\/12\/Tube-Chain-Conveyor-Header_2.jpg\" \/>\n\t<meta property=\"og:image:width\" content=\"1900\" \/>\n\t<meta property=\"og:image:height\" content=\"297\" \/>\n\t<meta property=\"og:image:type\" content=\"image\/jpeg\" \/>\n<meta name=\"twitter:card\" content=\"summary_large_image\" \/>\n<meta name=\"twitter:label1\" content=\"Est. tempo de leitura\" \/>\n\t<meta name=\"twitter:data1\" content=\"1 minuto\" \/>\n<script type=\"application\/ld+json\" class=\"yoast-schema-graph\">{\"@context\":\"https:\\\/\\\/schema.org\",\"@graph\":[{\"@type\":\"WebPage\",\"@id\":\"https:\\\/\\\/www.mpechicago.com\\\/pt-br\\\/transportadores-de-arrasto-tubular-chain-vey\\\/projetos\\\/capacidades\\\/transportador-de-tubos-de-4-ou-102-mm\\\/\",\"url\":\"https:\\\/\\\/www.mpechicago.com\\\/pt-br\\\/transportadores-de-arrasto-tubular-chain-vey\\\/projetos\\\/capacidades\\\/transportador-de-tubos-de-4-ou-102-mm\\\/\",\"name\":\"Transportador Tubular de Corrente de 4 \\\"ou 102 mm - Modern Process Equipment\",\"isPartOf\":{\"@id\":\"https:\\\/\\\/www.mpechicago.com\\\/pt-br\\\/#website\"},\"primaryImageOfPage\":{\"@id\":\"https:\\\/\\\/www.mpechicago.com\\\/pt-br\\\/transportadores-de-arrasto-tubular-chain-vey\\\/projetos\\\/capacidades\\\/transportador-de-tubos-de-4-ou-102-mm\\\/#primaryimage\"},\"image\":{\"@id\":\"https:\\\/\\\/www.mpechicago.com\\\/pt-br\\\/transportadores-de-arrasto-tubular-chain-vey\\\/projetos\\\/capacidades\\\/transportador-de-tubos-de-4-ou-102-mm\\\/#primaryimage\"},\"thumbnailUrl\":\"https:\\\/\\\/www.mpechicago.com\\\/wp-content\\\/uploads\\\/2019\\\/12\\\/Tube-Chain-Conveyor-Header_2.jpg\",\"datePublished\":\"2019-12-16T12:41:10+00:00\",\"dateModified\":\"2025-05-29T13:52:33+00:00\",\"description\":\"O transportador tubular de corrente de tubo de 4\\\" ou 102 mm de di\u00e2metro move at\u00e9 650 p\u00e9s3\\\/h ou 18 m3\\\/h suavemente, sem quebrar ou comprometer a integridade do produto.\",\"breadcrumb\":{\"@id\":\"https:\\\/\\\/www.mpechicago.com\\\/pt-br\\\/transportadores-de-arrasto-tubular-chain-vey\\\/projetos\\\/capacidades\\\/transportador-de-tubos-de-4-ou-102-mm\\\/#breadcrumb\"},\"inLanguage\":\"pt-BR\",\"potentialAction\":[{\"@type\":\"ReadAction\",\"target\":[\"https:\\\/\\\/www.mpechicago.com\\\/pt-br\\\/transportadores-de-arrasto-tubular-chain-vey\\\/projetos\\\/capacidades\\\/transportador-de-tubos-de-4-ou-102-mm\\\/\"]}]},{\"@type\":\"ImageObject\",\"inLanguage\":\"pt-BR\",\"@id\":\"https:\\\/\\\/www.mpechicago.com\\\/pt-br\\\/transportadores-de-arrasto-tubular-chain-vey\\\/projetos\\\/capacidades\\\/transportador-de-tubos-de-4-ou-102-mm\\\/#primaryimage\",\"url\":\"https:\\\/\\\/www.mpechicago.com\\\/wp-content\\\/uploads\\\/2019\\\/12\\\/Tube-Chain-Conveyor-Header_2.jpg\",\"contentUrl\":\"https:\\\/\\\/www.mpechicago.com\\\/wp-content\\\/uploads\\\/2019\\\/12\\\/Tube-Chain-Conveyor-Header_2.jpg\",\"width\":1900,\"height\":297},{\"@type\":\"BreadcrumbList\",\"@id\":\"https:\\\/\\\/www.mpechicago.com\\\/pt-br\\\/transportadores-de-arrasto-tubular-chain-vey\\\/projetos\\\/capacidades\\\/transportador-de-tubos-de-4-ou-102-mm\\\/#breadcrumb\",\"itemListElement\":[{\"@type\":\"ListItem\",\"position\":1,\"name\":\"Casa\",\"item\":\"https:\\\/\\\/www.mpechicago.com\\\/pt-br\\\/\"},{\"@type\":\"ListItem\",\"position\":2,\"name\":\"Transportadores de Arrasto Tubular Chain-Vey\",\"item\":\"https:\\\/\\\/www.mpechicago.com\\\/pt-br\\\/transportadores-de-arrasto-tubular-chain-vey\\\/\"},{\"@type\":\"ListItem\",\"position\":3,\"name\":\"Capacidades\",\"item\":\"https:\\\/\\\/www.mpechicago.com\\\/pt-br\\\/transportadores-de-arrasto-tubular-chain-vey\\\/capacidades\\\/\"},{\"@type\":\"ListItem\",\"position\":4,\"name\":\"Transportador de tubos de 4&#8243; ou 102 mm\"}]},{\"@type\":\"WebSite\",\"@id\":\"https:\\\/\\\/www.mpechicago.com\\\/pt-br\\\/#website\",\"url\":\"https:\\\/\\\/www.mpechicago.com\\\/pt-br\\\/\",\"name\":\"Modern Process Equipment\",\"description\":\"\",\"publisher\":{\"@id\":\"https:\\\/\\\/www.mpechicago.com\\\/pt-br\\\/#organization\"},\"potentialAction\":[{\"@type\":\"SearchAction\",\"target\":{\"@type\":\"EntryPoint\",\"urlTemplate\":\"https:\\\/\\\/www.mpechicago.com\\\/pt-br\\\/?s={search_term_string}\"},\"query-input\":{\"@type\":\"PropertyValueSpecification\",\"valueRequired\":true,\"valueName\":\"search_term_string\"}}],\"inLanguage\":\"pt-BR\"},{\"@type\":\"Organization\",\"@id\":\"https:\\\/\\\/www.mpechicago.com\\\/pt-br\\\/#organization\",\"name\":\"Modern Process Equipment\",\"url\":\"https:\\\/\\\/www.mpechicago.com\\\/pt-br\\\/\",\"logo\":{\"@type\":\"ImageObject\",\"inLanguage\":\"pt-BR\",\"@id\":\"https:\\\/\\\/www.mpechicago.com\\\/pt-br\\\/#\\\/schema\\\/logo\\\/image\\\/\",\"url\":\"https:\\\/\\\/www.mpechicago.com\\\/wp-content\\\/uploads\\\/2019\\\/12\\\/logo.png\",\"contentUrl\":\"https:\\\/\\\/www.mpechicago.com\\\/wp-content\\\/uploads\\\/2019\\\/12\\\/logo.png\",\"width\":200,\"height\":91,\"caption\":\"Modern Process Equipment\"},\"image\":{\"@id\":\"https:\\\/\\\/www.mpechicago.com\\\/pt-br\\\/#\\\/schema\\\/logo\\\/image\\\/\"}}]}<\/script>\n<!-- \/ Yoast SEO plugin. -->","yoast_head_json":{"title":"Transportador Tubular de Corrente de 4 \"ou 102 mm - Modern Process Equipment","description":"O transportador tubular de corrente de tubo de 4\" ou 102 mm de di\u00e2metro move at\u00e9 650 p\u00e9s3\/h ou 18 m3\/h suavemente, sem quebrar ou comprometer a integridade do produto.","robots":{"index":"index","follow":"follow","max-snippet":"max-snippet:-1","max-image-preview":"max-image-preview:large","max-video-preview":"max-video-preview:-1"},"canonical":"https:\/\/www.mpechicago.com\/pt-br\/transportadores-de-arrasto-tubular-chain-vey\/projetos\/capacidades\/transportador-de-tubos-de-4-ou-102-mm\/","og_locale":"pt_BR","og_type":"article","og_title":"Transportador Tubular de Corrente de 4 \"ou 102 mm - Modern Process Equipment","og_description":"O transportador tubular de corrente de tubo de 4\" ou 102 mm de di\u00e2metro move at\u00e9 650 p\u00e9s3\/h ou 18 m3\/h suavemente, sem quebrar ou comprometer a integridade do produto.","og_url":"https:\/\/www.mpechicago.com\/pt-br\/transportadores-de-arrasto-tubular-chain-vey\/projetos\/capacidades\/transportador-de-tubos-de-4-ou-102-mm\/","og_site_name":"Modern Process Equipment","article_modified_time":"2025-05-29T13:52:33+00:00","og_image":[{"width":1900,"height":297,"url":"https:\/\/www.mpechicago.com\/wp-content\/uploads\/2019\/12\/Tube-Chain-Conveyor-Header_2.jpg","type":"image\/jpeg"}],"twitter_card":"summary_large_image","twitter_misc":{"Est. tempo de leitura":"1 minuto"},"schema":{"@context":"https:\/\/schema.org","@graph":[{"@type":"WebPage","@id":"https:\/\/www.mpechicago.com\/pt-br\/transportadores-de-arrasto-tubular-chain-vey\/projetos\/capacidades\/transportador-de-tubos-de-4-ou-102-mm\/","url":"https:\/\/www.mpechicago.com\/pt-br\/transportadores-de-arrasto-tubular-chain-vey\/projetos\/capacidades\/transportador-de-tubos-de-4-ou-102-mm\/","name":"Transportador Tubular de Corrente de 4 \"ou 102 mm - Modern Process Equipment","isPartOf":{"@id":"https:\/\/www.mpechicago.com\/pt-br\/#website"},"primaryImageOfPage":{"@id":"https:\/\/www.mpechicago.com\/pt-br\/transportadores-de-arrasto-tubular-chain-vey\/projetos\/capacidades\/transportador-de-tubos-de-4-ou-102-mm\/#primaryimage"},"image":{"@id":"https:\/\/www.mpechicago.com\/pt-br\/transportadores-de-arrasto-tubular-chain-vey\/projetos\/capacidades\/transportador-de-tubos-de-4-ou-102-mm\/#primaryimage"},"thumbnailUrl":"https:\/\/www.mpechicago.com\/wp-content\/uploads\/2019\/12\/Tube-Chain-Conveyor-Header_2.jpg","datePublished":"2019-12-16T12:41:10+00:00","dateModified":"2025-05-29T13:52:33+00:00","description":"O transportador tubular de corrente de tubo de 4\" ou 102 mm de di\u00e2metro move at\u00e9 650 p\u00e9s3\/h ou 18 m3\/h suavemente, sem quebrar ou comprometer a integridade do produto.","breadcrumb":{"@id":"https:\/\/www.mpechicago.com\/pt-br\/transportadores-de-arrasto-tubular-chain-vey\/projetos\/capacidades\/transportador-de-tubos-de-4-ou-102-mm\/#breadcrumb"},"inLanguage":"pt-BR","potentialAction":[{"@type":"ReadAction","target":["https:\/\/www.mpechicago.com\/pt-br\/transportadores-de-arrasto-tubular-chain-vey\/projetos\/capacidades\/transportador-de-tubos-de-4-ou-102-mm\/"]}]},{"@type":"ImageObject","inLanguage":"pt-BR","@id":"https:\/\/www.mpechicago.com\/pt-br\/transportadores-de-arrasto-tubular-chain-vey\/projetos\/capacidades\/transportador-de-tubos-de-4-ou-102-mm\/#primaryimage","url":"https:\/\/www.mpechicago.com\/wp-content\/uploads\/2019\/12\/Tube-Chain-Conveyor-Header_2.jpg","contentUrl":"https:\/\/www.mpechicago.com\/wp-content\/uploads\/2019\/12\/Tube-Chain-Conveyor-Header_2.jpg","width":1900,"height":297},{"@type":"BreadcrumbList","@id":"https:\/\/www.mpechicago.com\/pt-br\/transportadores-de-arrasto-tubular-chain-vey\/projetos\/capacidades\/transportador-de-tubos-de-4-ou-102-mm\/#breadcrumb","itemListElement":[{"@type":"ListItem","position":1,"name":"Casa","item":"https:\/\/www.mpechicago.com\/pt-br\/"},{"@type":"ListItem","position":2,"name":"Transportadores de Arrasto Tubular Chain-Vey","item":"https:\/\/www.mpechicago.com\/pt-br\/transportadores-de-arrasto-tubular-chain-vey\/"},{"@type":"ListItem","position":3,"name":"Capacidades","item":"https:\/\/www.mpechicago.com\/pt-br\/transportadores-de-arrasto-tubular-chain-vey\/capacidades\/"},{"@type":"ListItem","position":4,"name":"Transportador de tubos de 4&#8243; ou 102 mm"}]},{"@type":"WebSite","@id":"https:\/\/www.mpechicago.com\/pt-br\/#website","url":"https:\/\/www.mpechicago.com\/pt-br\/","name":"Modern Process Equipment","description":"","publisher":{"@id":"https:\/\/www.mpechicago.com\/pt-br\/#organization"},"potentialAction":[{"@type":"SearchAction","target":{"@type":"EntryPoint","urlTemplate":"https:\/\/www.mpechicago.com\/pt-br\/?s={search_term_string}"},"query-input":{"@type":"PropertyValueSpecification","valueRequired":true,"valueName":"search_term_string"}}],"inLanguage":"pt-BR"},{"@type":"Organization","@id":"https:\/\/www.mpechicago.com\/pt-br\/#organization","name":"Modern Process Equipment","url":"https:\/\/www.mpechicago.com\/pt-br\/","logo":{"@type":"ImageObject","inLanguage":"pt-BR","@id":"https:\/\/www.mpechicago.com\/pt-br\/#\/schema\/logo\/image\/","url":"https:\/\/www.mpechicago.com\/wp-content\/uploads\/2019\/12\/logo.png","contentUrl":"https:\/\/www.mpechicago.com\/wp-content\/uploads\/2019\/12\/logo.png","width":200,"height":91,"caption":"Modern Process Equipment"},"image":{"@id":"https:\/\/www.mpechicago.com\/pt-br\/#\/schema\/logo\/image\/"}}]}},"_links":{"self":[{"href":"https:\/\/www.mpechicago.com\/pt-br\/wp-json\/wp\/v2\/pages\/30161","targetHints":{"allow":["GET"]}}],"collection":[{"href":"https:\/\/www.mpechicago.com\/pt-br\/wp-json\/wp\/v2\/pages"}],"about":[{"href":"https:\/\/www.mpechicago.com\/pt-br\/wp-json\/wp\/v2\/types\/page"}],"author":[{"embeddable":true,"href":"https:\/\/www.mpechicago.com\/pt-br\/wp-json\/wp\/v2\/users\/20"}],"replies":[{"embeddable":true,"href":"https:\/\/www.mpechicago.com\/pt-br\/wp-json\/wp\/v2\/comments?post=30161"}],"version-history":[{"count":3,"href":"https:\/\/www.mpechicago.com\/pt-br\/wp-json\/wp\/v2\/pages\/30161\/revisions"}],"predecessor-version":[{"id":32809,"href":"https:\/\/www.mpechicago.com\/pt-br\/wp-json\/wp\/v2\/pages\/30161\/revisions\/32809"}],"up":[{"embeddable":true,"href":"https:\/\/www.mpechicago.com\/pt-br\/wp-json\/wp\/v2\/pages\/29875"}],"wp:featuredmedia":[{"embeddable":true,"href":"https:\/\/www.mpechicago.com\/pt-br\/wp-json\/wp\/v2\/media\/30085"}],"wp:attachment":[{"href":"https:\/\/www.mpechicago.com\/pt-br\/wp-json\/wp\/v2\/media?parent=30161"}],"curies":[{"name":"wp","href":"https:\/\/api.w.org\/{rel}","templated":true}]}}