{"id":30125,"date":"2021-06-03T11:35:41","date_gmt":"2021-06-03T16:35:41","guid":{"rendered":"https:\/\/www.mpechicago.com\/transportadores-de-arrasto-tubular-chain-vey\/limpeza-no-local\/nivel-3-limpeza-no-local\/"},"modified":"2025-05-29T09:24:24","modified_gmt":"2025-05-29T14:24:24","slug":"nivel-3-limpeza-no-local","status":"publish","type":"page","link":"https:\/\/www.mpechicago.com\/pt-br\/transportadores-de-arrasto-tubular-chain-vey\/limpeza-no-local\/nivel-3-limpeza-no-local\/","title":{"rendered":"N\u00edvel 3 &#8211; Limpeza no local"},"content":{"rendered":"<div class=\"wp-bootstrap-blocks-row has-text-align-left Pageblock-subtitle pt-20\">\n\t<div class=\"row\">\n\t\t\n\n<div class=\"col-12 col-md-6\">\n\t<div class=\"\">\n\t\t\t<\/div>\n<\/div>\n\n\n\n<div class=\"col-12 col-md-6\">\n\t<div class=\"\">\n\t\t\t<\/div>\n<\/div>\n\n\t<\/div>\n<\/div>\n<div class=\"wp-bootstrap-blocks-row\">\n\t<div class=\"row\">\n\t\t\n\n<div class=\"col-12 col-md-8\">\n\t<div class=\"\">\n\t\t\t<\/div>\n<\/div>\n\n\n\n<div class=\"col-12 col-md-4\">\n\t<div class=\"\">\n\t\t\t<\/div>\n<\/div>\n\n\t<\/div>\n<\/div>\n<div class=\"wp-bootstrap-blocks-row\">\n\t<div class=\"row\">\n\t\t\n\n<div class=\"col-12 col-md-2 col-lg-2 col-xl-2\">\n\t<div class=\"\">\n\t\t\n\n\n\t<\/div>\n<\/div>\n\n\n\n<div class=\"col-12 col-md-7 col-lg-7 col-xl-6 left-panel\">\n\t<div class=\"\">\n\t\t\n\n<h1 class=\"page-title pt-20 wp-block-heading\">Chain-Vey Clean-In-Place Tier 3 Options <\/h1>\n\n\n\n<p class=\"intro\">Nosso projeto CIP Tier 3 fornece uma solu\u00e7\u00e3o <a href=\"http:\/\/www.mpechicago.com\/pt-br\/transportadores-de-arrasto-tubular-chain-vey\/limpeza-no-local\/\">de limpeza no local totalmente automatizada<\/a> usando nosso carrinho de limpeza m\u00f3vel.<\/p>\n\n\n\n<p>Este processo \u00e9 ideal para produtos secos e ingredientes com sabores intensos, colora\u00e7\u00e3o marcante, al\u00e9rgenos, cargas bacterianas ou revestimentos que podem deixar res\u00edduos. O sistema \u00e9 projetado para atender rigorosos testes de swab, incluindo ATP, contagem de placas aer\u00f3bicas, coliformes e microorganismos bioluminescentes. As op\u00e7\u00f5es dispon\u00edveis incluem: <\/p>\n\n\n\n<ul class=\"wp-block-list\" id=\"block-0d70d821-1274-4612-a814-da40eede6b75\"><li>Conex\u00f5es Flangeadas ANSI (veda\u00e7\u00e3o estanque)<\/li><li>Bicos de Pulveriza\u00e7\u00e3o, Fundos de Drenagem, Portas de Secagem<\/li><li>V\u00e1lvulas de Esfera Automatizadas Opcionais para Enchimento e Drenagem<\/li><li>Carrinho de Limpeza Program\u00e1vel (processo em 4 etapas: Enx\u00e1gue, Lavagem, Higieniza\u00e7\u00e3o e Secagem)<\/li><li>Sistema de Ar Quente com Filtro de 5 Microns e Filtro HEPA<\/li><\/ul>\n\n\n\n<p>O Carrinho de Limpeza M\u00f3vel totalmente automatizado e program\u00e1vel conta com uma interface gr\u00e1fica de f\u00e1cil utiliza\u00e7\u00e3o. A limpeza \u00e9 realizada por meio de um ciclo CIP com quatro etapas: Enx\u00e1gue, Lavagem, Higieniza\u00e7\u00e3o e Secagem, com dura\u00e7\u00e3o de 60 a 120 minutos (o tempo de secagem com ar quente for\u00e7ado pode variar). Esse processo reduz em at\u00e9 75% o tempo de inatividade necess\u00e1rio para limpeza, quando comparado a m\u00e9todos que n\u00e3o utilizam CIP.  <\/p>\n\n\t<\/div>\n<\/div>\n\n\n\n<div class=\"col-12 col-md-3 col-lg-3 col-xl-4 right-panel\">\n\t<div class=\"\">\n\t\t\n\n<h2 class=\"wp-block-heading\">Companies Using This Tier<\/h2>\n\n\n\n<figure class=\"wp-block-image size-large\"><img fetchpriority=\"high\" decoding=\"async\" width=\"800\" height=\"440\" src=\"http:\/\/www.mpechicago.com\/wp-content\/uploads\/2021\/07\/Tier-3-users-1.jpg\" alt=\"tier 3 cip users\" class=\"wp-image-11655\" srcset=\"https:\/\/www.mpechicago.com\/wp-content\/uploads\/2021\/07\/Tier-3-users-1.jpg 800w, https:\/\/www.mpechicago.com\/wp-content\/uploads\/2021\/07\/Tier-3-users-1-600x330.jpg 600w, https:\/\/www.mpechicago.com\/wp-content\/uploads\/2021\/07\/Tier-3-users-1-768x422.jpg 768w\" sizes=\"(max-width: 800px) 100vw, 800px\" \/><\/figure>\n\n\n\n<h3 class=\"has-text-align-left Pageblock-subtitle pt-20 has-text-color wp-block-heading\" style=\"color:#e9b516\">&#8220;We are very happy with our Chain-Vey and MPE&#8217;s service.&#8221; <\/h3>\n\n\n\n<p>\u2015Troy Julian, FW Renner &amp; Sons<\/p>\n\n\n\n<div style=\"height:50px\" aria-hidden=\"true\" class=\"wp-block-spacer\"><\/div>\n\n\t<\/div>\n<\/div>\n\n\t<\/div>\n<\/div>\n<div class=\"wp-bootstrap-blocks-container container mb-2 positionrelative ticss-557f38c4 mb-5 box-types\">\n\t\n\n<h3 class=\"has-text-align-center Pageblock-subtitle ticss-e44a83c5 wp-block-heading\">Chain-Vey Sanitary Designs<\/h3>\n\n\n\n<hr class=\"wp-block-separator Pageblock-subtitleDecoration\"\/>\n\n\n<div class=\"wp-bootstrap-blocks-row ticss-aefb281e\">\n\t<div class=\"row\">\n\t\t\n\n<div class=\"col-12 col-md-4 col-lg-4 col-xl-4\">\n\t<div class=\"\">\n\t\t\n\n<figure class=\"wp-block-gallery aligncenter columns-1 is-cropped wp-block-gallery-1 is-layout-flex wp-block-gallery-is-layout-flex\"><ul class=\"blocks-gallery-grid\"><li class=\"blocks-gallery-item\"><figure><img decoding=\"async\" width=\"1000\" height=\"450\" src=\"http:\/\/www.mpechicago.com\/wp-content\/uploads\/2021\/07\/pressure-relief-valve2.jpg\" alt=\"V&#xE1;lvula de al&#xED;vio de ar CIP Chain-VEY\" data-id=\"11626\" data-full-url=\"http:\/\/www.mpechicago.com\/wp-content\/uploads\/2021\/07\/pressure-relief-valve2.jpg\" data-link=\"http:\/\/www.mpechicago.com\/chain-vey\/clean-in-place\/tier-3-clean-in-place\/pressure-relief-valve2\/\" class=\"wp-image-11626\" srcset=\"https:\/\/www.mpechicago.com\/wp-content\/uploads\/2021\/07\/pressure-relief-valve2.jpg 1000w, https:\/\/www.mpechicago.com\/wp-content\/uploads\/2021\/07\/pressure-relief-valve2-600x270.jpg 600w, https:\/\/www.mpechicago.com\/wp-content\/uploads\/2021\/07\/pressure-relief-valve2-768x346.jpg 768w\" sizes=\"(max-width: 1000px) 100vw, 1000px\" \/><\/figure><\/li><\/ul><\/figure>\n\n\n\n<h3 class=\"has-text-align-left Pageblock-subtitle ticss-304e163f wp-block-heading\">Air Release Valve<\/h3>\n\n\n\n<hr class=\"wp-block-separator Pageblock-subtitleDecorationborder\"\/>\n\n\n\n<div style=\"height:20px\" aria-hidden=\"true\" class=\"wp-block-spacer\"><\/div>\n\n\n\n<p class=\"has-text-align-left\">Durante o enchimento por inunda\u00e7\u00e3o do sistema CIP do Chain-Vey, a v\u00e1lvula de escape de ar libera todo o ar presente no interior do transportador, permitindo que a \u00e1gua preencha 100% do sistema. <\/p>\n\n\t<\/div>\n<\/div>\n\n\n\n<div class=\"col-12 col-md-4 col-lg-4 col-xl-4\">\n\t<div class=\"\">\n\t\t\n\n<figure class=\"wp-block-gallery aligncenter columns-1 is-cropped wp-block-gallery-2 is-layout-flex wp-block-gallery-is-layout-flex\"><ul class=\"blocks-gallery-grid\"><li class=\"blocks-gallery-item\"><figure><img decoding=\"async\" width=\"350\" height=\"157\" src=\"http:\/\/www.mpechicago.com\/wp-content\/uploads\/2021\/07\/Flanged-Pipe-e1625237402651.png\" alt=\"\" data-id=\"11603\" data-full-url=\"http:\/\/www.mpechicago.com\/wp-content\/uploads\/2021\/07\/Flanged-Pipe-e1625237402651.png\" data-link=\"http:\/\/www.mpechicago.com\/chain-vey\/clean-in-place\/tier-3-clean-in-place\/flanged-pipe\/\" class=\"wp-image-11603\"\/><\/figure><\/li><\/ul><\/figure>\n\n\n\n<h3 class=\"has-text-align-left Pageblock-subtitle ticss-304e163f wp-block-heading\">Flanged Pipe<\/h3>\n\n\n\n<hr class=\"wp-block-separator Pageblock-subtitleDecorationborder\"\/>\n\n\n\n<div style=\"height:20px\" aria-hidden=\"true\" class=\"wp-block-spacer\"><\/div>\n\n\n\n<p class=\"has-text-align-left\">A tubula\u00e7\u00e3o flangeada permite uma constru\u00e7\u00e3o herm\u00e9tica, essencial para o CIP de N\u00edvel 3.<\/p>\n\n\t<\/div>\n<\/div>\n\n\n\n<div class=\"col-12 col-md-4\">\n\t<div class=\"\">\n\t\t\n\n<figure class=\"wp-block-gallery aligncenter columns-1 is-cropped wp-block-gallery-3 is-layout-flex wp-block-gallery-is-layout-flex\"><ul class=\"blocks-gallery-grid\"><li class=\"blocks-gallery-item\"><figure><img loading=\"lazy\" decoding=\"async\" width=\"350\" height=\"157\" src=\"http:\/\/www.mpechicago.com\/wp-content\/uploads\/2021\/07\/CIP-cart-e1625237562585.png\" alt=\"\" data-id=\"11605\" data-full-url=\"http:\/\/www.mpechicago.com\/wp-content\/uploads\/2021\/07\/CIP-cart-e1625237562585.png\" data-link=\"http:\/\/www.mpechicago.com\/chain-vey\/clean-in-place\/tier-3-clean-in-place\/cip-cart\/\" class=\"wp-image-11605\"\/><\/figure><\/li><\/ul><\/figure>\n\n\n\n<h3 class=\"has-text-align-left Pageblock-subtitle ticss-304e163f wp-block-heading\">Stand-Alone CIP Cart<\/h3>\n\n\n\n<hr class=\"wp-block-separator Pageblock-subtitleDecorationborder\"\/>\n\n\n\n<div style=\"height:20px\" aria-hidden=\"true\" class=\"wp-block-spacer\"><\/div>\n\n\n\n<p class=\"has-text-align-left\">O carrinho CIP aut\u00f4nomo da MPE fornece ciclos de lavagem totalmente automatizados, f\u00e1ceis de programar e completamente flex\u00edveis para seus transportadores.<\/p>\n\n\t<\/div>\n<\/div>\n\n\t<\/div>\n<\/div>\n\n\n<div class=\"wp-bootstrap-blocks-row ticss-aefb281e\">\n\t<div class=\"row\">\n\t\t\n\n<div class=\"col-12 col-md-4 col-lg-4 col-xl-4\">\n\t<div class=\"\">\n\t\t\n\n<figure class=\"wp-block-gallery aligncenter columns-1 is-cropped wp-block-gallery-4 is-layout-flex wp-block-gallery-is-layout-flex\"><ul class=\"blocks-gallery-grid\"><li class=\"blocks-gallery-item\"><figure><img loading=\"lazy\" decoding=\"async\" width=\"799\" height=\"362\" src=\"http:\/\/www.mpechicago.com\/wp-content\/uploads\/2021\/07\/Triclover-Fittings.jpg\" alt=\"Conex&#xF5;es TriClover\" data-id=\"11658\" data-full-url=\"http:\/\/www.mpechicago.com\/wp-content\/uploads\/2021\/07\/Triclover-Fittings.jpg\" data-link=\"http:\/\/www.mpechicago.com\/chain-vey\/clean-in-place\/tier-3-clean-in-place\/triclover-fittings\/\" class=\"wp-image-11658\" srcset=\"https:\/\/www.mpechicago.com\/wp-content\/uploads\/2021\/07\/Triclover-Fittings.jpg 799w, https:\/\/www.mpechicago.com\/wp-content\/uploads\/2021\/07\/Triclover-Fittings-600x272.jpg 600w, https:\/\/www.mpechicago.com\/wp-content\/uploads\/2021\/07\/Triclover-Fittings-768x348.jpg 768w\" sizes=\"(max-width: 799px) 100vw, 799px\" \/><\/figure><\/li><\/ul><\/figure>\n\n\n\n<h3 class=\"has-text-align-left Pageblock-subtitle ticss-304e163f wp-block-heading\">Tri-Clamp Fittings<\/h3>\n\n\n\n<hr class=\"wp-block-separator Pageblock-subtitleDecorationborder\"\/>\n\n\n\n<div style=\"height:20px\" aria-hidden=\"true\" class=\"wp-block-spacer\"><\/div>\n\n\n\n<p class=\"has-text-align-left\">As conex\u00f5es Tri-Clamp s\u00e3o uma solu\u00e7\u00e3o pr\u00e1tica para garantir veda\u00e7\u00f5es herm\u00e9ticas. S\u00e3o amplamente utilizadas em sistemas de processamento de alimentos \u00famidos e na ind\u00fastria farmac\u00eautica devido \u00e0 sua facilidade de uso e alto padr\u00e3o sanit\u00e1rio. <\/p>\n\n\t<\/div>\n<\/div>\n\n\n\n<div class=\"col-12 col-md-4 col-lg-4 col-xl-4\">\n\t<div class=\"\">\n\t\t\n\n<figure class=\"wp-block-gallery aligncenter columns-1 is-cropped wp-block-gallery-5 is-layout-flex wp-block-gallery-is-layout-flex\"><ul class=\"blocks-gallery-grid\"><li class=\"blocks-gallery-item\"><figure><img loading=\"lazy\" decoding=\"async\" width=\"800\" height=\"360\" src=\"http:\/\/www.mpechicago.com\/wp-content\/uploads\/2021\/07\/Polished-Surfaces.jpg\" alt=\"transportador de corrente polida\" data-id=\"11660\" data-full-url=\"http:\/\/www.mpechicago.com\/wp-content\/uploads\/2021\/07\/Polished-Surfaces.jpg\" data-link=\"http:\/\/www.mpechicago.com\/chain-vey\/clean-in-place\/tier-3-clean-in-place\/polished-surfaces\/\" class=\"wp-image-11660\" srcset=\"https:\/\/www.mpechicago.com\/wp-content\/uploads\/2021\/07\/Polished-Surfaces.jpg 800w, https:\/\/www.mpechicago.com\/wp-content\/uploads\/2021\/07\/Polished-Surfaces-600x270.jpg 600w, https:\/\/www.mpechicago.com\/wp-content\/uploads\/2021\/07\/Polished-Surfaces-768x346.jpg 768w\" sizes=\"(max-width: 800px) 100vw, 800px\" \/><\/figure><\/li><\/ul><\/figure>\n\n\n\n<h3 class=\"has-text-align-left Pageblock-subtitle ticss-304e163f wp-block-heading\">Polished Surfaces<\/h3>\n\n\n\n<hr class=\"wp-block-separator Pageblock-subtitleDecorationborder\"\/>\n\n\n\n<div style=\"height:20px\" aria-hidden=\"true\" class=\"wp-block-spacer\"><\/div>\n\n\n\n<p class=\"has-text-align-left\">As superf\u00edcies polidas s\u00e3o recomendadas para instala\u00e7\u00f5es em que a apar\u00eancia est\u00e9tica \u00e9 importante, como \u00e1reas de exibi\u00e7\u00e3o.<\/p>\n\n\t<\/div>\n<\/div>\n\n\n\n<div class=\"col-12 col-md-4\">\n\t<div class=\"\">\n\t\t\n\n<figure class=\"wp-block-gallery aligncenter columns-1 is-cropped wp-block-gallery-6 is-layout-flex wp-block-gallery-is-layout-flex\"><ul class=\"blocks-gallery-grid\"><li class=\"blocks-gallery-item\"><figure><img loading=\"lazy\" decoding=\"async\" width=\"1000\" height=\"450\" src=\"http:\/\/www.mpechicago.com\/wp-content\/uploads\/2021\/07\/Chain-standards.jpg\" alt=\"Padr&#xF5;es HACCP\" data-id=\"11672\" data-full-url=\"http:\/\/www.mpechicago.com\/wp-content\/uploads\/2021\/07\/Chain-standards.jpg\" data-link=\"http:\/\/www.mpechicago.com\/chain-vey\/clean-in-place\/tier-3-clean-in-place\/chain-standards\/\" class=\"wp-image-11672\" srcset=\"https:\/\/www.mpechicago.com\/wp-content\/uploads\/2021\/07\/Chain-standards.jpg 1000w, https:\/\/www.mpechicago.com\/wp-content\/uploads\/2021\/07\/Chain-standards-600x270.jpg 600w, https:\/\/www.mpechicago.com\/wp-content\/uploads\/2021\/07\/Chain-standards-768x346.jpg 768w\" sizes=\"(max-width: 1000px) 100vw, 1000px\" \/><\/figure><\/li><\/ul><\/figure>\n\n\n\n<h3 class=\"has-text-align-left Pageblock-subtitle ticss-304e163f wp-block-heading\">Meets HACCP Standards<\/h3>\n\n\n\n<hr class=\"wp-block-separator Pageblock-subtitleDecorationborder\"\/>\n\n\n\n<div style=\"height:20px\" aria-hidden=\"true\" class=\"wp-block-spacer\"><\/div>\n\n\n\n<p class=\"has-text-align-left\">Os Chain-Veys de N\u00edvel 3 s\u00e3o compat\u00edveis com os padr\u00f5es HACCP (An\u00e1lise de Perigos e Pontos Cr\u00edticos de Controle), garantindo seguran\u00e7a no processamento.<\/p>\n\n\t<\/div>\n<\/div>\n\n\t<\/div>\n<\/div>\n\n<\/div>\n","protected":false},"excerpt":{"rendered":"","protected":false},"author":3,"featured_media":29986,"parent":29985,"menu_order":1,"comment_status":"closed","ping_status":"closed","template":"","meta":{"_acf_changed":false,"content-type":"","rs_blank_template":"","rs_page_bg_color":"","slide_template_v7":"","footnotes":""},"class_list":["post-30125","page","type-page","status-publish","has-post-thumbnail","hentry"],"acf":[],"yoast_head":"<!-- This site is optimized with the Yoast SEO plugin v27.5 - https:\/\/yoast.com\/product\/yoast-seo-wordpress\/ -->\n<title>N\u00edvel 3 - Limpeza no local - Modern Process Equipment<\/title>\n<meta name=\"description\" content=\"Garanta uma limpeza completa com o sistema CIP de N\u00edvel 3 da Chain-Vey. Conhe\u00e7a nossos transportadores.\" \/>\n<meta name=\"robots\" content=\"index, follow, max-snippet:-1, max-image-preview:large, max-video-preview:-1\" \/>\n<link rel=\"canonical\" href=\"https:\/\/www.mpechicago.com\/pt-br\/transportadores-de-arrasto-tubular-chain-vey\/limpeza-no-local\/nivel-3-limpeza-no-local\/\" \/>\n<meta property=\"og:locale\" content=\"pt_BR\" \/>\n<meta property=\"og:type\" content=\"article\" \/>\n<meta property=\"og:title\" content=\"N\u00edvel 3 - Limpeza no local - Modern Process Equipment\" \/>\n<meta property=\"og:description\" content=\"Garanta uma limpeza completa com o sistema CIP de N\u00edvel 3 da Chain-Vey. Conhe\u00e7a nossos transportadores.\" \/>\n<meta property=\"og:url\" content=\"https:\/\/www.mpechicago.com\/pt-br\/transportadores-de-arrasto-tubular-chain-vey\/limpeza-no-local\/nivel-3-limpeza-no-local\/\" \/>\n<meta property=\"og:site_name\" content=\"Modern Process Equipment\" \/>\n<meta property=\"article:modified_time\" content=\"2025-05-29T14:24:24+00:00\" \/>\n<meta property=\"og:image\" content=\"https:\/\/www.mpechicago.com\/wp-content\/uploads\/2021\/06\/Clean-In-Place-Header-4.jpg\" \/>\n\t<meta property=\"og:image:width\" content=\"2200\" \/>\n\t<meta property=\"og:image:height\" content=\"344\" \/>\n\t<meta property=\"og:image:type\" content=\"image\/jpeg\" \/>\n<meta name=\"twitter:card\" content=\"summary_large_image\" \/>\n<meta name=\"twitter:label1\" content=\"Est. tempo de leitura\" \/>\n\t<meta name=\"twitter:data1\" content=\"2 minutos\" \/>\n<script type=\"application\/ld+json\" class=\"yoast-schema-graph\">{\"@context\":\"https:\\\/\\\/schema.org\",\"@graph\":[{\"@type\":\"WebPage\",\"@id\":\"https:\\\/\\\/www.mpechicago.com\\\/pt-br\\\/transportadores-de-arrasto-tubular-chain-vey\\\/limpeza-no-local\\\/nivel-3-limpeza-no-local\\\/\",\"url\":\"https:\\\/\\\/www.mpechicago.com\\\/pt-br\\\/transportadores-de-arrasto-tubular-chain-vey\\\/limpeza-no-local\\\/nivel-3-limpeza-no-local\\\/\",\"name\":\"N\u00edvel 3 - Limpeza no local - Modern Process Equipment\",\"isPartOf\":{\"@id\":\"https:\\\/\\\/www.mpechicago.com\\\/pt-br\\\/#website\"},\"primaryImageOfPage\":{\"@id\":\"https:\\\/\\\/www.mpechicago.com\\\/pt-br\\\/transportadores-de-arrasto-tubular-chain-vey\\\/limpeza-no-local\\\/nivel-3-limpeza-no-local\\\/#primaryimage\"},\"image\":{\"@id\":\"https:\\\/\\\/www.mpechicago.com\\\/pt-br\\\/transportadores-de-arrasto-tubular-chain-vey\\\/limpeza-no-local\\\/nivel-3-limpeza-no-local\\\/#primaryimage\"},\"thumbnailUrl\":\"https:\\\/\\\/www.mpechicago.com\\\/wp-content\\\/uploads\\\/2021\\\/06\\\/Clean-In-Place-Header-4.jpg\",\"datePublished\":\"2021-06-03T16:35:41+00:00\",\"dateModified\":\"2025-05-29T14:24:24+00:00\",\"description\":\"Garanta uma limpeza completa com o sistema CIP de N\u00edvel 3 da Chain-Vey. Conhe\u00e7a nossos transportadores.\",\"breadcrumb\":{\"@id\":\"https:\\\/\\\/www.mpechicago.com\\\/pt-br\\\/transportadores-de-arrasto-tubular-chain-vey\\\/limpeza-no-local\\\/nivel-3-limpeza-no-local\\\/#breadcrumb\"},\"inLanguage\":\"pt-BR\",\"potentialAction\":[{\"@type\":\"ReadAction\",\"target\":[\"https:\\\/\\\/www.mpechicago.com\\\/pt-br\\\/transportadores-de-arrasto-tubular-chain-vey\\\/limpeza-no-local\\\/nivel-3-limpeza-no-local\\\/\"]}]},{\"@type\":\"ImageObject\",\"inLanguage\":\"pt-BR\",\"@id\":\"https:\\\/\\\/www.mpechicago.com\\\/pt-br\\\/transportadores-de-arrasto-tubular-chain-vey\\\/limpeza-no-local\\\/nivel-3-limpeza-no-local\\\/#primaryimage\",\"url\":\"https:\\\/\\\/www.mpechicago.com\\\/wp-content\\\/uploads\\\/2021\\\/06\\\/Clean-In-Place-Header-4.jpg\",\"contentUrl\":\"https:\\\/\\\/www.mpechicago.com\\\/wp-content\\\/uploads\\\/2021\\\/06\\\/Clean-In-Place-Header-4.jpg\",\"width\":2200,\"height\":344},{\"@type\":\"BreadcrumbList\",\"@id\":\"https:\\\/\\\/www.mpechicago.com\\\/pt-br\\\/transportadores-de-arrasto-tubular-chain-vey\\\/limpeza-no-local\\\/nivel-3-limpeza-no-local\\\/#breadcrumb\",\"itemListElement\":[{\"@type\":\"ListItem\",\"position\":1,\"name\":\"Casa\",\"item\":\"https:\\\/\\\/www.mpechicago.com\\\/pt-br\\\/\"},{\"@type\":\"ListItem\",\"position\":2,\"name\":\"Transportadores de Arrasto Tubular Chain-Vey\",\"item\":\"https:\\\/\\\/www.mpechicago.com\\\/pt-br\\\/transportadores-de-arrasto-tubular-chain-vey\\\/\"},{\"@type\":\"ListItem\",\"position\":3,\"name\":\"Limpeza no Local (CIP)\",\"item\":\"https:\\\/\\\/www.mpechicago.com\\\/pt-br\\\/transportadores-de-arrasto-tubular-chain-vey\\\/limpeza-no-local\\\/\"},{\"@type\":\"ListItem\",\"position\":4,\"name\":\"N\u00edvel 3 &#8211; Limpeza no local\"}]},{\"@type\":\"WebSite\",\"@id\":\"https:\\\/\\\/www.mpechicago.com\\\/pt-br\\\/#website\",\"url\":\"https:\\\/\\\/www.mpechicago.com\\\/pt-br\\\/\",\"name\":\"Modern Process Equipment\",\"description\":\"\",\"publisher\":{\"@id\":\"https:\\\/\\\/www.mpechicago.com\\\/pt-br\\\/#organization\"},\"potentialAction\":[{\"@type\":\"SearchAction\",\"target\":{\"@type\":\"EntryPoint\",\"urlTemplate\":\"https:\\\/\\\/www.mpechicago.com\\\/pt-br\\\/?s={search_term_string}\"},\"query-input\":{\"@type\":\"PropertyValueSpecification\",\"valueRequired\":true,\"valueName\":\"search_term_string\"}}],\"inLanguage\":\"pt-BR\"},{\"@type\":\"Organization\",\"@id\":\"https:\\\/\\\/www.mpechicago.com\\\/pt-br\\\/#organization\",\"name\":\"Modern Process Equipment\",\"url\":\"https:\\\/\\\/www.mpechicago.com\\\/pt-br\\\/\",\"logo\":{\"@type\":\"ImageObject\",\"inLanguage\":\"pt-BR\",\"@id\":\"https:\\\/\\\/www.mpechicago.com\\\/pt-br\\\/#\\\/schema\\\/logo\\\/image\\\/\",\"url\":\"https:\\\/\\\/www.mpechicago.com\\\/wp-content\\\/uploads\\\/2019\\\/12\\\/logo.png\",\"contentUrl\":\"https:\\\/\\\/www.mpechicago.com\\\/wp-content\\\/uploads\\\/2019\\\/12\\\/logo.png\",\"width\":200,\"height\":91,\"caption\":\"Modern Process Equipment\"},\"image\":{\"@id\":\"https:\\\/\\\/www.mpechicago.com\\\/pt-br\\\/#\\\/schema\\\/logo\\\/image\\\/\"}}]}<\/script>\n<!-- \/ Yoast SEO plugin. -->","yoast_head_json":{"title":"N\u00edvel 3 - Limpeza no local - Modern Process Equipment","description":"Garanta uma limpeza completa com o sistema CIP de N\u00edvel 3 da Chain-Vey. Conhe\u00e7a nossos transportadores.","robots":{"index":"index","follow":"follow","max-snippet":"max-snippet:-1","max-image-preview":"max-image-preview:large","max-video-preview":"max-video-preview:-1"},"canonical":"https:\/\/www.mpechicago.com\/pt-br\/transportadores-de-arrasto-tubular-chain-vey\/limpeza-no-local\/nivel-3-limpeza-no-local\/","og_locale":"pt_BR","og_type":"article","og_title":"N\u00edvel 3 - Limpeza no local - Modern Process Equipment","og_description":"Garanta uma limpeza completa com o sistema CIP de N\u00edvel 3 da Chain-Vey. Conhe\u00e7a nossos transportadores.","og_url":"https:\/\/www.mpechicago.com\/pt-br\/transportadores-de-arrasto-tubular-chain-vey\/limpeza-no-local\/nivel-3-limpeza-no-local\/","og_site_name":"Modern Process Equipment","article_modified_time":"2025-05-29T14:24:24+00:00","og_image":[{"width":2200,"height":344,"url":"https:\/\/www.mpechicago.com\/wp-content\/uploads\/2021\/06\/Clean-In-Place-Header-4.jpg","type":"image\/jpeg"}],"twitter_card":"summary_large_image","twitter_misc":{"Est. tempo de leitura":"2 minutos"},"schema":{"@context":"https:\/\/schema.org","@graph":[{"@type":"WebPage","@id":"https:\/\/www.mpechicago.com\/pt-br\/transportadores-de-arrasto-tubular-chain-vey\/limpeza-no-local\/nivel-3-limpeza-no-local\/","url":"https:\/\/www.mpechicago.com\/pt-br\/transportadores-de-arrasto-tubular-chain-vey\/limpeza-no-local\/nivel-3-limpeza-no-local\/","name":"N\u00edvel 3 - Limpeza no local - Modern Process Equipment","isPartOf":{"@id":"https:\/\/www.mpechicago.com\/pt-br\/#website"},"primaryImageOfPage":{"@id":"https:\/\/www.mpechicago.com\/pt-br\/transportadores-de-arrasto-tubular-chain-vey\/limpeza-no-local\/nivel-3-limpeza-no-local\/#primaryimage"},"image":{"@id":"https:\/\/www.mpechicago.com\/pt-br\/transportadores-de-arrasto-tubular-chain-vey\/limpeza-no-local\/nivel-3-limpeza-no-local\/#primaryimage"},"thumbnailUrl":"https:\/\/www.mpechicago.com\/wp-content\/uploads\/2021\/06\/Clean-In-Place-Header-4.jpg","datePublished":"2021-06-03T16:35:41+00:00","dateModified":"2025-05-29T14:24:24+00:00","description":"Garanta uma limpeza completa com o sistema CIP de N\u00edvel 3 da Chain-Vey. Conhe\u00e7a nossos transportadores.","breadcrumb":{"@id":"https:\/\/www.mpechicago.com\/pt-br\/transportadores-de-arrasto-tubular-chain-vey\/limpeza-no-local\/nivel-3-limpeza-no-local\/#breadcrumb"},"inLanguage":"pt-BR","potentialAction":[{"@type":"ReadAction","target":["https:\/\/www.mpechicago.com\/pt-br\/transportadores-de-arrasto-tubular-chain-vey\/limpeza-no-local\/nivel-3-limpeza-no-local\/"]}]},{"@type":"ImageObject","inLanguage":"pt-BR","@id":"https:\/\/www.mpechicago.com\/pt-br\/transportadores-de-arrasto-tubular-chain-vey\/limpeza-no-local\/nivel-3-limpeza-no-local\/#primaryimage","url":"https:\/\/www.mpechicago.com\/wp-content\/uploads\/2021\/06\/Clean-In-Place-Header-4.jpg","contentUrl":"https:\/\/www.mpechicago.com\/wp-content\/uploads\/2021\/06\/Clean-In-Place-Header-4.jpg","width":2200,"height":344},{"@type":"BreadcrumbList","@id":"https:\/\/www.mpechicago.com\/pt-br\/transportadores-de-arrasto-tubular-chain-vey\/limpeza-no-local\/nivel-3-limpeza-no-local\/#breadcrumb","itemListElement":[{"@type":"ListItem","position":1,"name":"Casa","item":"https:\/\/www.mpechicago.com\/pt-br\/"},{"@type":"ListItem","position":2,"name":"Transportadores de Arrasto Tubular Chain-Vey","item":"https:\/\/www.mpechicago.com\/pt-br\/transportadores-de-arrasto-tubular-chain-vey\/"},{"@type":"ListItem","position":3,"name":"Limpeza no Local (CIP)","item":"https:\/\/www.mpechicago.com\/pt-br\/transportadores-de-arrasto-tubular-chain-vey\/limpeza-no-local\/"},{"@type":"ListItem","position":4,"name":"N\u00edvel 3 &#8211; Limpeza no local"}]},{"@type":"WebSite","@id":"https:\/\/www.mpechicago.com\/pt-br\/#website","url":"https:\/\/www.mpechicago.com\/pt-br\/","name":"Modern Process Equipment","description":"","publisher":{"@id":"https:\/\/www.mpechicago.com\/pt-br\/#organization"},"potentialAction":[{"@type":"SearchAction","target":{"@type":"EntryPoint","urlTemplate":"https:\/\/www.mpechicago.com\/pt-br\/?s={search_term_string}"},"query-input":{"@type":"PropertyValueSpecification","valueRequired":true,"valueName":"search_term_string"}}],"inLanguage":"pt-BR"},{"@type":"Organization","@id":"https:\/\/www.mpechicago.com\/pt-br\/#organization","name":"Modern Process Equipment","url":"https:\/\/www.mpechicago.com\/pt-br\/","logo":{"@type":"ImageObject","inLanguage":"pt-BR","@id":"https:\/\/www.mpechicago.com\/pt-br\/#\/schema\/logo\/image\/","url":"https:\/\/www.mpechicago.com\/wp-content\/uploads\/2019\/12\/logo.png","contentUrl":"https:\/\/www.mpechicago.com\/wp-content\/uploads\/2019\/12\/logo.png","width":200,"height":91,"caption":"Modern Process Equipment"},"image":{"@id":"https:\/\/www.mpechicago.com\/pt-br\/#\/schema\/logo\/image\/"}}]}},"_links":{"self":[{"href":"https:\/\/www.mpechicago.com\/pt-br\/wp-json\/wp\/v2\/pages\/30125","targetHints":{"allow":["GET"]}}],"collection":[{"href":"https:\/\/www.mpechicago.com\/pt-br\/wp-json\/wp\/v2\/pages"}],"about":[{"href":"https:\/\/www.mpechicago.com\/pt-br\/wp-json\/wp\/v2\/types\/page"}],"author":[{"embeddable":true,"href":"https:\/\/www.mpechicago.com\/pt-br\/wp-json\/wp\/v2\/users\/3"}],"replies":[{"embeddable":true,"href":"https:\/\/www.mpechicago.com\/pt-br\/wp-json\/wp\/v2\/comments?post=30125"}],"version-history":[{"count":3,"href":"https:\/\/www.mpechicago.com\/pt-br\/wp-json\/wp\/v2\/pages\/30125\/revisions"}],"predecessor-version":[{"id":32811,"href":"https:\/\/www.mpechicago.com\/pt-br\/wp-json\/wp\/v2\/pages\/30125\/revisions\/32811"}],"up":[{"embeddable":true,"href":"https:\/\/www.mpechicago.com\/pt-br\/wp-json\/wp\/v2\/pages\/29985"}],"wp:featuredmedia":[{"embeddable":true,"href":"https:\/\/www.mpechicago.com\/pt-br\/wp-json\/wp\/v2\/media\/29986"}],"wp:attachment":[{"href":"https:\/\/www.mpechicago.com\/pt-br\/wp-json\/wp\/v2\/media?parent=30125"}],"curies":[{"name":"wp","href":"https:\/\/api.w.org\/{rel}","templated":true}]}}