{"id":30082,"date":"2019-12-16T06:43:26","date_gmt":"2019-12-16T12:43:26","guid":{"rendered":"https:\/\/www.mpechicago.com\/transportadores-de-arrasto-tubular-chain-vey\/capacidades\/transportador-de-tubos-de-8-ou-203-mm\/"},"modified":"2025-05-13T09:14:09","modified_gmt":"2025-05-13T14:14:09","slug":"transportador-de-tubos-de-8-ou-203-mm","status":"publish","type":"page","link":"https:\/\/www.mpechicago.com\/pt-br\/transportadores-de-arrasto-tubular-chain-vey\/projetos\/capacidades\/transportador-de-tubos-de-8-ou-203-mm\/","title":{"rendered":"Transportador de tubos de 8&#8243; ou 203 mm"},"content":{"rendered":"<div class=\"wp-bootstrap-blocks-row\">\n\t<div class=\"row\">\n\t\t\n\n<div class=\"col-12 col-md-2 col-lg-2 col-xl-2\">\n\t<div class=\"\">\n\t\t\n\n\n\t<\/div>\n<\/div>\n\n\n\n<div class=\"col-12 col-md-7 col-lg-7 col-xl-7 left-panel\">\n\t<div class=\"\">\n\t\t\n\n<h1 class=\"wp-block-heading page-title pt-20\">  Transporte suavemente com o sistema de transporte MEGA de 8&#8243; (203 mm)<\/h1>\n\n\n\n<p class=\"intro has-text-color\" style=\"color:#e9b516\"><span style=\"color:#e9b516\" class=\"tadv-color\">At\u00e9 100.000 lb\/h (45.000 kg\/h) ou 2.000 p\u00e9s<sup>3<\/sup>\/h (57 m<sup>3<\/sup>\/h)<\/span><\/p>\n\n\n\n<ul class=\"wp-block-list\">\n<li><span style=\"color:#e9b516\" class=\"tadv-color\"><a href=\"http:\/\/www.mpechicago.com\/pt-br\/worlds-first-dual-drive-tube-conveyor-bridges-the-gap\/\">Dist\u00e2ncia de transporte 500% maior em compara\u00e7\u00e3o com o cabo<\/a><\/span><\/li>\n\n\n\n<li><span style=\"color:#e9b516\" class=\"tadv-color\"><a href=\"http:\/\/www.mpechicago.com\/pt-br\/laboratory-tensile-strength-test-on-chain-vey-vs-leading-cable-conveyor-samples\/\">400% mais forte que o cabo<\/a><\/span><\/li>\n\n\n\n<li><span style=\"color:#e9b516\" class=\"tadv-color\">N\u00e3o \u00e9 necess\u00e1rio equipamento de alimenta\u00e7\u00e3o<\/span><\/li>\n\n\n\n<li><span style=\"color:#e9b516\" class=\"tadv-color\"><a href=\"http:\/\/www.mpechicago.com\/pt-br\/real-world-test-conveying-pistachios\/\">Menor quebra do setor<\/a><\/span><\/li>\n<\/ul>\n\n\n\n<p>Os transportadores de corrente de tubo Chain-Vey Mega 8&#8243; s\u00e3o feitos com tubos de a\u00e7o inoxid\u00e1vel Schedule 10 com um di\u00e2metro interno de 8&#8243; ou 203 mm. Eles t\u00eam um \u00f3timo tamanho para sistemas de processo de grande escala que precisam mover grandes quantidades de produtos de forma r\u00e1pida e eficiente. Um \u00fanico transportador de 8&#8243; de di\u00e2metro pode transportar mais de 50 super sacos de produto em uma hora. A for\u00e7a do Chain-Vey permite corridas muito longas, verticais altas e a capacidade de come\u00e7ar com cargas completas sem risco de quebra da corrente. A natureza suave dos transportadores de corrente tubular significa que seu produto experimentar\u00e1 degrada\u00e7\u00e3o zero durante o transporte.      <\/p>\n\n\n\n<hr class=\"wp-block-separator has-css-opacity\"\/>\n\n\n<div class=\"wp-bootstrap-blocks-container container mb-2 positionrelative ticss-557f38c4 box-types\">\n\t\n\n<h3 class=\"wp-block-heading has-text-align-center Pageblock-subtitle ticss-e44a83c5\">Projetos<\/h3>\n\n\n\n<hr class=\"wp-block-separator has-css-opacity Pageblock-subtitleDecoration\"\/>\n\n\n<div class=\"wp-bootstrap-blocks-row ticss-aefb281e\">\n\t<div class=\"row\">\n\t\t\n\n<div class=\"col-12 col-md-6 col-lg-6 col-xl-6\">\n\t<div class=\"\">\n\t\t\n\n<figure class=\"wp-block-image size-large\"><img fetchpriority=\"high\" decoding=\"async\" width=\"1024\" height=\"682\" src=\"http:\/\/www.mpechicago.com\/wp-content\/uploads\/2020\/11\/Header-Meda-8-Tube-Conveyor-Corn-Case-Study-1024x682.jpg\" alt=\"corn producers conveyance\" class=\"wp-image-10224\" srcset=\"https:\/\/www.mpechicago.com\/wp-content\/uploads\/2020\/11\/Header-Meda-8-Tube-Conveyor-Corn-Case-Study-1024x682.jpg 1024w, https:\/\/www.mpechicago.com\/wp-content\/uploads\/2020\/11\/Header-Meda-8-Tube-Conveyor-Corn-Case-Study-600x400.jpg 600w, https:\/\/www.mpechicago.com\/wp-content\/uploads\/2020\/11\/Header-Meda-8-Tube-Conveyor-Corn-Case-Study-768x511.jpg 768w, https:\/\/www.mpechicago.com\/wp-content\/uploads\/2020\/11\/Header-Meda-8-Tube-Conveyor-Corn-Case-Study.jpg 1200w\" sizes=\"(max-width: 1024px) 100vw, 1024px\" \/><\/figure>\n\n\n\n<h3 class=\"wp-block-heading has-text-align-left Pageblock-subtitle ticss-304e163f\"><a href=\"http:\/\/www.mpechicago.com\/pt-br\/mega-8-keeps-americas-corn-belt-moving\/\">Mega 8&#8243; mant\u00e9m o cintur\u00e3o de milho da Am\u00e9rica em movimento<\/a><\/h3>\n\n\n\n<hr class=\"wp-block-separator has-css-opacity Pageblock-subtitleDecorationborder\"\/>\n\n\n\n<p class=\"has-text-align-left noanchor\"><a href=\"http:\/\/www.mpechicago.com\/pt-br\/mega-8-keeps-americas-corn-belt-moving\/\">A Maize Processors \u00e9 um servi\u00e7o completo que fabrica uma variedade de produtos b\u00e1sicos para consumidores e produtores, como gr\u00e3os, farinhas e farinhas.<\/a><\/p>\n\n\t<\/div>\n<\/div>\n\n\n\n<div class=\"col-12 col-md-6 col-lg-6 col-xl-6\">\n\t<div class=\"\">\n\t\t\n\n<figure class=\"wp-block-image size-full\"><img decoding=\"async\" width=\"1000\" height=\"667\" src=\"http:\/\/www.mpechicago.com\/wp-content\/uploads\/2022\/08\/Lab-compressed.jpg\" alt=\"\" class=\"wp-image-13213\" srcset=\"https:\/\/www.mpechicago.com\/wp-content\/uploads\/2022\/08\/Lab-compressed.jpg 1000w, https:\/\/www.mpechicago.com\/wp-content\/uploads\/2022\/08\/Lab-compressed-600x400.jpg 600w, https:\/\/www.mpechicago.com\/wp-content\/uploads\/2022\/08\/Lab-compressed-768x512.jpg 768w\" sizes=\"(max-width: 1000px) 100vw, 1000px\" \/><\/figure>\n\n\n\n<h3 class=\"wp-block-heading has-text-align-left Pageblock-subtitle ticss-304e163f\">Chain-Vey Lab com um Mega 8&#8243; Transportador<\/h3>\n\n\n\n<hr class=\"wp-block-separator has-css-opacity Pageblock-subtitleDecorationborder\"\/>\n\n\n\n<p class=\"has-text-align-left noanchor\">Nosso Chain-Vey Lab de \u00faltima gera\u00e7\u00e3o possui um transportador Mega de 8&#8243; para testar seu produto.<\/p>\n\n\t<\/div>\n<\/div>\n\n\t<\/div>\n<\/div>\n\n<\/div>\n\n\t<\/div>\n<\/div>\n\n\n\n<div class=\"col-12 col-md-3 col-lg-3 col-xl-3 right-panel\">\n\t<div class=\"\">\n\t\t\n\n<h3 class=\"wp-block-heading has-text-align-left Pageblock-subtitle pt-20\">Mova 50 super sacos em uma hora com um transportador de corrente de tubo  <\/h3>\n\n\n\n<figure class=\"wp-block-image size-large\"><img decoding=\"async\" width=\"1024\" height=\"898\" src=\"http:\/\/www.mpechicago.com\/wp-content\/uploads\/2019\/12\/8-inchConveyor-Capacity-50-Stack-1024x898.png\" alt=\"\" class=\"wp-image-1201\" srcset=\"https:\/\/www.mpechicago.com\/wp-content\/uploads\/2019\/12\/8-inchConveyor-Capacity-50-Stack-1024x898.png 1024w, https:\/\/www.mpechicago.com\/wp-content\/uploads\/2019\/12\/8-inchConveyor-Capacity-50-Stack-600x526.png 600w, https:\/\/www.mpechicago.com\/wp-content\/uploads\/2019\/12\/8-inchConveyor-Capacity-50-Stack-768x674.png 768w, https:\/\/www.mpechicago.com\/wp-content\/uploads\/2019\/12\/8-inchConveyor-Capacity-50-Stack-1200x1053.png 1200w, https:\/\/www.mpechicago.com\/wp-content\/uploads\/2019\/12\/8-inchConveyor-Capacity-50-Stack.png 1255w\" sizes=\"(max-width: 1024px) 100vw, 1024px\" \/><\/figure>\n\n\n\n<p>Cada super sack representado tem 40 p\u00e9s<sup>3<\/sup>, equivalente a \u2248 1,13 m<sup>3<\/sup>.<\/p>\n\n\n\n<hr class=\"wp-block-separator has-css-opacity\"\/>\n\n\n\n<h3 class=\"wp-block-heading has-text-align-left Pageblock-subtitle pt-20\">Capacidades comparadas<\/h3>\n\n\n<style type=\"text\/css\">\n#foogallery-gallery-10080.fg-justified .fg-item { margin-right: 2px; margin-bottom: 2px; }\n#foogallery-gallery-10080.fg-justified .fg-image { height: 200px; }<\/style>\n\t\t\t<div class=\"foogallery foogallery-container foogallery-justified foogallery-lightbox-foobox fg-justified fg-ready fg-light fg-shadow-outline fg-loading-default fg-loaded-fade-in fg-caption-always fg-hover-fade fg-hover-zoom2\" id=\"foogallery-gallery-10080\" data-foogallery=\"{&quot;item&quot;:{&quot;showCaptionTitle&quot;:true,&quot;showCaptionDescription&quot;:false},&quot;lazy&quot;:true,&quot;template&quot;:{&quot;rowHeight&quot;:200,&quot;maxRowHeight&quot;:300,&quot;margins&quot;:2,&quot;align&quot;:&quot;center&quot;,&quot;lastRow&quot;:&quot;smart&quot;}}\" style=\"--fg-title-line-clamp: 0; --fg-description-line-clamp: 0;\" >\n\t<div class=\"fg-item fg-type-image fg-idle\"><figure class=\"fg-item-inner\"><a href=\"https:\/\/www.mpechicago.com\/pt-br\/wp-content\/uploads\/2019\/12\/Drag-Conveyor-Capacities-Graph-8-1_3.png\" data-caption-title=\"Conveyor speed (%) on x-axis and total volume moved (ft3\/hr) on y-axis. All data is graphed at 80% pocket fill.\" data-attachment-id=\"30083\" data-e-disable-page-transition=\"true\" data-type=\"image\" class=\"fg-thumb\"><span class=\"fg-image-wrap\"><img decoding=\"async\" title=\"Conveyor speed (%) on x-axis and total volume moved (ft3\/hr) on y-axis. All data is graphed at 80% pocket fill.\" height=\"300\" width=\"413\" class=\"skip-lazy fg-image\" data-src-fg=\"https:\/\/www.mpechicago.com\/wp-content\/uploads\/cache\/2019\/12\/Drag-Conveyor-Capacities-Graph-8-1_3\/3356062709.png\" src=\"data:image\/svg+xml,%3Csvg%20xmlns%3D%22http%3A%2F%2Fwww.w3.org%2F2000%2Fsvg%22%20width%3D%22413%22%20height%3D%22300%22%20viewBox%3D%220%200%20413%20300%22%3E%3C%2Fsvg%3E\" loading=\"eager\"><\/span><span class=\"fg-image-overlay\"><\/span><\/a><figcaption class=\"fg-caption\"><div class=\"fg-caption-inner\"><div class=\"fg-caption-title\">Conveyor speed (%) on x-axis and total volume moved (ft3\/hr) on y-axis. All data is graphed at 80% pocket fill.<\/div><\/div><\/figcaption><\/figure><div class=\"fg-loader\"><\/div><\/div><\/div>\n\n\n\n<p>Transportadores de 3&#8243; a 8&#8243; de di\u00e2metro representados graficamente.<\/p>\n\n\t<\/div>\n<\/div>\n\n\t<\/div>\n<\/div>\n","protected":false},"excerpt":{"rendered":"","protected":false},"author":20,"featured_media":30086,"parent":29875,"menu_order":0,"comment_status":"closed","ping_status":"closed","template":"","meta":{"_acf_changed":false,"content-type":"","rs_blank_template":"","rs_page_bg_color":"","slide_template_v7":"","footnotes":""},"class_list":["post-30082","page","type-page","status-publish","has-post-thumbnail","hentry"],"acf":[],"yoast_head":"<!-- This site is optimized with the Yoast SEO plugin v27.5 - https:\/\/yoast.com\/product\/yoast-seo-wordpress\/ -->\n<title>8 &quot;ou 203 mm de di\u00e2metro do tubo transportador - Modern Process Equipment<\/title>\n<meta name=\"description\" content=\"At\u00e9 2.000 p\u00e9s3\/h ou 57 m3\/h.\" \/>\n<meta name=\"robots\" content=\"index, follow, max-snippet:-1, max-image-preview:large, max-video-preview:-1\" \/>\n<link rel=\"canonical\" href=\"https:\/\/www.mpechicago.com\/pt-br\/transportadores-de-arrasto-tubular-chain-vey\/projetos\/capacidades\/transportador-de-tubos-de-8-ou-203-mm\/\" \/>\n<meta property=\"og:locale\" content=\"pt_BR\" \/>\n<meta property=\"og:type\" content=\"article\" \/>\n<meta property=\"og:title\" content=\"8 &quot;ou 203 mm de di\u00e2metro do tubo transportador - Modern Process Equipment\" \/>\n<meta property=\"og:description\" content=\"At\u00e9 2.000 p\u00e9s3\/h ou 57 m3\/h.\" \/>\n<meta property=\"og:url\" content=\"https:\/\/www.mpechicago.com\/pt-br\/transportadores-de-arrasto-tubular-chain-vey\/projetos\/capacidades\/transportador-de-tubos-de-8-ou-203-mm\/\" \/>\n<meta property=\"og:site_name\" content=\"Modern Process Equipment\" \/>\n<meta property=\"article:modified_time\" content=\"2025-05-13T14:14:09+00:00\" \/>\n<meta property=\"og:image\" content=\"https:\/\/www.mpechicago.com\/wp-content\/uploads\/2022\/06\/Chain-Vey-Mega-8-Header-1.jpg\" \/>\n\t<meta property=\"og:image:width\" content=\"2000\" \/>\n\t<meta property=\"og:image:height\" content=\"500\" \/>\n\t<meta property=\"og:image:type\" content=\"image\/jpeg\" \/>\n<meta name=\"twitter:card\" content=\"summary_large_image\" \/>\n<meta name=\"twitter:label1\" content=\"Est. tempo de leitura\" \/>\n\t<meta name=\"twitter:data1\" content=\"1 minuto\" \/>\n<script type=\"application\/ld+json\" class=\"yoast-schema-graph\">{\"@context\":\"https:\\\/\\\/schema.org\",\"@graph\":[{\"@type\":\"WebPage\",\"@id\":\"https:\\\/\\\/www.mpechicago.com\\\/pt-br\\\/transportadores-de-arrasto-tubular-chain-vey\\\/projetos\\\/capacidades\\\/transportador-de-tubos-de-8-ou-203-mm\\\/\",\"url\":\"https:\\\/\\\/www.mpechicago.com\\\/pt-br\\\/transportadores-de-arrasto-tubular-chain-vey\\\/projetos\\\/capacidades\\\/transportador-de-tubos-de-8-ou-203-mm\\\/\",\"name\":\"8 \\\"ou 203 mm de di\u00e2metro do tubo transportador - Modern Process Equipment\",\"isPartOf\":{\"@id\":\"https:\\\/\\\/www.mpechicago.com\\\/pt-br\\\/#website\"},\"primaryImageOfPage\":{\"@id\":\"https:\\\/\\\/www.mpechicago.com\\\/pt-br\\\/transportadores-de-arrasto-tubular-chain-vey\\\/projetos\\\/capacidades\\\/transportador-de-tubos-de-8-ou-203-mm\\\/#primaryimage\"},\"image\":{\"@id\":\"https:\\\/\\\/www.mpechicago.com\\\/pt-br\\\/transportadores-de-arrasto-tubular-chain-vey\\\/projetos\\\/capacidades\\\/transportador-de-tubos-de-8-ou-203-mm\\\/#primaryimage\"},\"thumbnailUrl\":\"https:\\\/\\\/www.mpechicago.com\\\/wp-content\\\/uploads\\\/2022\\\/06\\\/Chain-Vey-Mega-8-Header-1.jpg\",\"datePublished\":\"2019-12-16T12:43:26+00:00\",\"dateModified\":\"2025-05-13T14:14:09+00:00\",\"description\":\"At\u00e9 2.000 p\u00e9s3\\\/h ou 57 m3\\\/h.\",\"breadcrumb\":{\"@id\":\"https:\\\/\\\/www.mpechicago.com\\\/pt-br\\\/transportadores-de-arrasto-tubular-chain-vey\\\/projetos\\\/capacidades\\\/transportador-de-tubos-de-8-ou-203-mm\\\/#breadcrumb\"},\"inLanguage\":\"pt-BR\",\"potentialAction\":[{\"@type\":\"ReadAction\",\"target\":[\"https:\\\/\\\/www.mpechicago.com\\\/pt-br\\\/transportadores-de-arrasto-tubular-chain-vey\\\/projetos\\\/capacidades\\\/transportador-de-tubos-de-8-ou-203-mm\\\/\"]}]},{\"@type\":\"ImageObject\",\"inLanguage\":\"pt-BR\",\"@id\":\"https:\\\/\\\/www.mpechicago.com\\\/pt-br\\\/transportadores-de-arrasto-tubular-chain-vey\\\/projetos\\\/capacidades\\\/transportador-de-tubos-de-8-ou-203-mm\\\/#primaryimage\",\"url\":\"https:\\\/\\\/www.mpechicago.com\\\/wp-content\\\/uploads\\\/2022\\\/06\\\/Chain-Vey-Mega-8-Header-1.jpg\",\"contentUrl\":\"https:\\\/\\\/www.mpechicago.com\\\/wp-content\\\/uploads\\\/2022\\\/06\\\/Chain-Vey-Mega-8-Header-1.jpg\",\"width\":2000,\"height\":500},{\"@type\":\"BreadcrumbList\",\"@id\":\"https:\\\/\\\/www.mpechicago.com\\\/pt-br\\\/transportadores-de-arrasto-tubular-chain-vey\\\/projetos\\\/capacidades\\\/transportador-de-tubos-de-8-ou-203-mm\\\/#breadcrumb\",\"itemListElement\":[{\"@type\":\"ListItem\",\"position\":1,\"name\":\"Casa\",\"item\":\"https:\\\/\\\/www.mpechicago.com\\\/pt-br\\\/\"},{\"@type\":\"ListItem\",\"position\":2,\"name\":\"Transportadores de Arrasto Tubular Chain-Vey\",\"item\":\"https:\\\/\\\/www.mpechicago.com\\\/pt-br\\\/transportadores-de-arrasto-tubular-chain-vey\\\/\"},{\"@type\":\"ListItem\",\"position\":3,\"name\":\"Capacidades\",\"item\":\"https:\\\/\\\/www.mpechicago.com\\\/pt-br\\\/transportadores-de-arrasto-tubular-chain-vey\\\/capacidades\\\/\"},{\"@type\":\"ListItem\",\"position\":4,\"name\":\"Transportador de tubos de 8&#8243; ou 203 mm\"}]},{\"@type\":\"WebSite\",\"@id\":\"https:\\\/\\\/www.mpechicago.com\\\/pt-br\\\/#website\",\"url\":\"https:\\\/\\\/www.mpechicago.com\\\/pt-br\\\/\",\"name\":\"Modern Process Equipment\",\"description\":\"\",\"publisher\":{\"@id\":\"https:\\\/\\\/www.mpechicago.com\\\/pt-br\\\/#organization\"},\"potentialAction\":[{\"@type\":\"SearchAction\",\"target\":{\"@type\":\"EntryPoint\",\"urlTemplate\":\"https:\\\/\\\/www.mpechicago.com\\\/pt-br\\\/?s={search_term_string}\"},\"query-input\":{\"@type\":\"PropertyValueSpecification\",\"valueRequired\":true,\"valueName\":\"search_term_string\"}}],\"inLanguage\":\"pt-BR\"},{\"@type\":\"Organization\",\"@id\":\"https:\\\/\\\/www.mpechicago.com\\\/pt-br\\\/#organization\",\"name\":\"Modern Process Equipment\",\"url\":\"https:\\\/\\\/www.mpechicago.com\\\/pt-br\\\/\",\"logo\":{\"@type\":\"ImageObject\",\"inLanguage\":\"pt-BR\",\"@id\":\"https:\\\/\\\/www.mpechicago.com\\\/pt-br\\\/#\\\/schema\\\/logo\\\/image\\\/\",\"url\":\"https:\\\/\\\/www.mpechicago.com\\\/wp-content\\\/uploads\\\/2019\\\/12\\\/logo.png\",\"contentUrl\":\"https:\\\/\\\/www.mpechicago.com\\\/wp-content\\\/uploads\\\/2019\\\/12\\\/logo.png\",\"width\":200,\"height\":91,\"caption\":\"Modern Process Equipment\"},\"image\":{\"@id\":\"https:\\\/\\\/www.mpechicago.com\\\/pt-br\\\/#\\\/schema\\\/logo\\\/image\\\/\"}}]}<\/script>\n<!-- \/ Yoast SEO plugin. -->","yoast_head_json":{"title":"8 \"ou 203 mm de di\u00e2metro do tubo transportador - Modern Process Equipment","description":"At\u00e9 2.000 p\u00e9s3\/h ou 57 m3\/h.","robots":{"index":"index","follow":"follow","max-snippet":"max-snippet:-1","max-image-preview":"max-image-preview:large","max-video-preview":"max-video-preview:-1"},"canonical":"https:\/\/www.mpechicago.com\/pt-br\/transportadores-de-arrasto-tubular-chain-vey\/projetos\/capacidades\/transportador-de-tubos-de-8-ou-203-mm\/","og_locale":"pt_BR","og_type":"article","og_title":"8 \"ou 203 mm de di\u00e2metro do tubo transportador - Modern Process Equipment","og_description":"At\u00e9 2.000 p\u00e9s3\/h ou 57 m3\/h.","og_url":"https:\/\/www.mpechicago.com\/pt-br\/transportadores-de-arrasto-tubular-chain-vey\/projetos\/capacidades\/transportador-de-tubos-de-8-ou-203-mm\/","og_site_name":"Modern Process Equipment","article_modified_time":"2025-05-13T14:14:09+00:00","og_image":[{"width":2000,"height":500,"url":"https:\/\/www.mpechicago.com\/wp-content\/uploads\/2022\/06\/Chain-Vey-Mega-8-Header-1.jpg","type":"image\/jpeg"}],"twitter_card":"summary_large_image","twitter_misc":{"Est. tempo de leitura":"1 minuto"},"schema":{"@context":"https:\/\/schema.org","@graph":[{"@type":"WebPage","@id":"https:\/\/www.mpechicago.com\/pt-br\/transportadores-de-arrasto-tubular-chain-vey\/projetos\/capacidades\/transportador-de-tubos-de-8-ou-203-mm\/","url":"https:\/\/www.mpechicago.com\/pt-br\/transportadores-de-arrasto-tubular-chain-vey\/projetos\/capacidades\/transportador-de-tubos-de-8-ou-203-mm\/","name":"8 \"ou 203 mm de di\u00e2metro do tubo transportador - Modern Process Equipment","isPartOf":{"@id":"https:\/\/www.mpechicago.com\/pt-br\/#website"},"primaryImageOfPage":{"@id":"https:\/\/www.mpechicago.com\/pt-br\/transportadores-de-arrasto-tubular-chain-vey\/projetos\/capacidades\/transportador-de-tubos-de-8-ou-203-mm\/#primaryimage"},"image":{"@id":"https:\/\/www.mpechicago.com\/pt-br\/transportadores-de-arrasto-tubular-chain-vey\/projetos\/capacidades\/transportador-de-tubos-de-8-ou-203-mm\/#primaryimage"},"thumbnailUrl":"https:\/\/www.mpechicago.com\/wp-content\/uploads\/2022\/06\/Chain-Vey-Mega-8-Header-1.jpg","datePublished":"2019-12-16T12:43:26+00:00","dateModified":"2025-05-13T14:14:09+00:00","description":"At\u00e9 2.000 p\u00e9s3\/h ou 57 m3\/h.","breadcrumb":{"@id":"https:\/\/www.mpechicago.com\/pt-br\/transportadores-de-arrasto-tubular-chain-vey\/projetos\/capacidades\/transportador-de-tubos-de-8-ou-203-mm\/#breadcrumb"},"inLanguage":"pt-BR","potentialAction":[{"@type":"ReadAction","target":["https:\/\/www.mpechicago.com\/pt-br\/transportadores-de-arrasto-tubular-chain-vey\/projetos\/capacidades\/transportador-de-tubos-de-8-ou-203-mm\/"]}]},{"@type":"ImageObject","inLanguage":"pt-BR","@id":"https:\/\/www.mpechicago.com\/pt-br\/transportadores-de-arrasto-tubular-chain-vey\/projetos\/capacidades\/transportador-de-tubos-de-8-ou-203-mm\/#primaryimage","url":"https:\/\/www.mpechicago.com\/wp-content\/uploads\/2022\/06\/Chain-Vey-Mega-8-Header-1.jpg","contentUrl":"https:\/\/www.mpechicago.com\/wp-content\/uploads\/2022\/06\/Chain-Vey-Mega-8-Header-1.jpg","width":2000,"height":500},{"@type":"BreadcrumbList","@id":"https:\/\/www.mpechicago.com\/pt-br\/transportadores-de-arrasto-tubular-chain-vey\/projetos\/capacidades\/transportador-de-tubos-de-8-ou-203-mm\/#breadcrumb","itemListElement":[{"@type":"ListItem","position":1,"name":"Casa","item":"https:\/\/www.mpechicago.com\/pt-br\/"},{"@type":"ListItem","position":2,"name":"Transportadores de Arrasto Tubular Chain-Vey","item":"https:\/\/www.mpechicago.com\/pt-br\/transportadores-de-arrasto-tubular-chain-vey\/"},{"@type":"ListItem","position":3,"name":"Capacidades","item":"https:\/\/www.mpechicago.com\/pt-br\/transportadores-de-arrasto-tubular-chain-vey\/capacidades\/"},{"@type":"ListItem","position":4,"name":"Transportador de tubos de 8&#8243; ou 203 mm"}]},{"@type":"WebSite","@id":"https:\/\/www.mpechicago.com\/pt-br\/#website","url":"https:\/\/www.mpechicago.com\/pt-br\/","name":"Modern Process Equipment","description":"","publisher":{"@id":"https:\/\/www.mpechicago.com\/pt-br\/#organization"},"potentialAction":[{"@type":"SearchAction","target":{"@type":"EntryPoint","urlTemplate":"https:\/\/www.mpechicago.com\/pt-br\/?s={search_term_string}"},"query-input":{"@type":"PropertyValueSpecification","valueRequired":true,"valueName":"search_term_string"}}],"inLanguage":"pt-BR"},{"@type":"Organization","@id":"https:\/\/www.mpechicago.com\/pt-br\/#organization","name":"Modern Process Equipment","url":"https:\/\/www.mpechicago.com\/pt-br\/","logo":{"@type":"ImageObject","inLanguage":"pt-BR","@id":"https:\/\/www.mpechicago.com\/pt-br\/#\/schema\/logo\/image\/","url":"https:\/\/www.mpechicago.com\/wp-content\/uploads\/2019\/12\/logo.png","contentUrl":"https:\/\/www.mpechicago.com\/wp-content\/uploads\/2019\/12\/logo.png","width":200,"height":91,"caption":"Modern Process Equipment"},"image":{"@id":"https:\/\/www.mpechicago.com\/pt-br\/#\/schema\/logo\/image\/"}}]}},"_links":{"self":[{"href":"https:\/\/www.mpechicago.com\/pt-br\/wp-json\/wp\/v2\/pages\/30082","targetHints":{"allow":["GET"]}}],"collection":[{"href":"https:\/\/www.mpechicago.com\/pt-br\/wp-json\/wp\/v2\/pages"}],"about":[{"href":"https:\/\/www.mpechicago.com\/pt-br\/wp-json\/wp\/v2\/types\/page"}],"author":[{"embeddable":true,"href":"https:\/\/www.mpechicago.com\/pt-br\/wp-json\/wp\/v2\/users\/20"}],"replies":[{"embeddable":true,"href":"https:\/\/www.mpechicago.com\/pt-br\/wp-json\/wp\/v2\/comments?post=30082"}],"version-history":[{"count":1,"href":"https:\/\/www.mpechicago.com\/pt-br\/wp-json\/wp\/v2\/pages\/30082\/revisions"}],"predecessor-version":[{"id":30088,"href":"https:\/\/www.mpechicago.com\/pt-br\/wp-json\/wp\/v2\/pages\/30082\/revisions\/30088"}],"up":[{"embeddable":true,"href":"https:\/\/www.mpechicago.com\/pt-br\/wp-json\/wp\/v2\/pages\/29875"}],"wp:featuredmedia":[{"embeddable":true,"href":"https:\/\/www.mpechicago.com\/pt-br\/wp-json\/wp\/v2\/media\/30086"}],"wp:attachment":[{"href":"https:\/\/www.mpechicago.com\/pt-br\/wp-json\/wp\/v2\/media?parent=30082"}],"curies":[{"name":"wp","href":"https:\/\/api.w.org\/{rel}","templated":true}]}}