{"id":30026,"date":"2019-12-16T05:44:48","date_gmt":"2019-12-16T11:44:48","guid":{"rendered":"https:\/\/www.mpechicago.com\/transportadores-de-arrasto-tubular-chain-vey\/projetos\/comparar\/"},"modified":"2025-05-13T20:31:44","modified_gmt":"2025-05-14T01:31:44","slug":"comparar","status":"publish","type":"page","link":"https:\/\/www.mpechicago.com\/pt-br\/transportadores-de-arrasto-tubular-chain-vey\/projetos\/comparar\/","title":{"rendered":"Comparar"},"content":{"rendered":"<div class=\"wp-bootstrap-blocks-row mb-5\">\n\t<div class=\"row\">\n\t\t\n\n<div class=\"col-12 col-md-2 col-lg-2 col-xl-2\">\n\t<div class=\"\">\n\t\t\n\n\n\t<\/div>\n<\/div>\n\n\n\n<div class=\"col-12 col-md-7 col-lg-7 col-xl-7 left-panel\">\n\t<div class=\"\">\n\t\t\n\n<h1 class=\"wp-block-heading page-title pt-20\">Transportadores de disco em compara\u00e7\u00e3o com outros tipos<\/h1>\n\n\n\n<p class=\"intro\">Chain-Vey \u00e9 um tipo de transportador de disco cujas vantagens se destacam quando comparadas a outros tipos de sistemas de transportes, e at\u00e9 mesmo transportadores de disco (ou disco) de tubo de cabo de apar\u00eancia semelhante.<\/p>\n\n\n\n<p>O gr\u00e1fico nesta p\u00e1gina verifica as vantagens que nossos transportadores de disco tubular t\u00eam em compara\u00e7\u00e3o com outros tipos de transportadores populares:<\/p>\n\n\t<\/div>\n<\/div>\n\n\n\n<div class=\"col-12 col-md-3 col-lg-3 col-xl-3 right-panel\">\n\t<div class=\"\">\n\t\t\t<\/div>\n<\/div>\n\n\t<\/div>\n<\/div>\n\n\n\n<p class=\"has-text-align-center ticss-ac0b8d73 mb-5 has-text-color\" style=\"color:#9b9b9b\">Gr\u00e1fico de compara\u00e7\u00e3o Chain-Vey<\/p>\n\n\n<div class=\"wp-block-image\">\n<figure class=\"aligncenter size-large\"><a href=\"http:\/\/www.mpechicago.com\/pt-br\/wp-content\/uploads\/2019\/12\/Vertical-Comparison-Chart_0.jpg\"><img fetchpriority=\"high\" decoding=\"async\" width=\"750\" height=\"911\" src=\"http:\/\/www.mpechicago.com\/wp-content\/uploads\/2019\/12\/Vertical-Comparison-Chart_0.jpg\" alt=\"\" class=\"wp-image-2657\" srcset=\"https:\/\/www.mpechicago.com\/wp-content\/uploads\/2019\/12\/Vertical-Comparison-Chart_0.jpg 750w, https:\/\/www.mpechicago.com\/wp-content\/uploads\/2019\/12\/Vertical-Comparison-Chart_0-600x729.jpg 600w, https:\/\/www.mpechicago.com\/wp-content\/uploads\/2019\/12\/Vertical-Comparison-Chart_0-494x600.jpg 494w\" sizes=\"(max-width: 750px) 100vw, 750px\" \/><\/a><\/figure><\/div>\n\n\n<p class=\"has-text-align-center\">Clique para ampli\u00e1-lo.<\/p>\n\n\n\n<h2 class=\"wp-block-heading has-text-align-center text-uppercase\">Cada transportador em compara\u00e7\u00e3o com o Chain-vey<\/h2>\n\n\n\n<div class=\"wp-block-melonpan-block-container mb-5\"><div class=\"mbc-container mbc-padding_top-20 mbc-padding_bottom-20 mbc-padding_left-20 mbc-padding_right-20 mbc-padding_top_small_screen-20 mbc-padding_bottom_small_screen-20 mbc-padding_left_small_screen-20 mbc-padding_right_small_screen-20\"><div class=\"mbc-background mbc-background_fixed-disabled mbc-shadow_width-0 mbc-border_width-0\"><\/div><div class=\"mbc-content mbc-content_maxwidth-1100 mbc-content_align-center\">\n<div class=\"wp-block-pb-accordion-item c-accordion__item js-accordion-item no-js\" data-initially-open=\"false\" data-click-to-close=\"true\" data-auto-close=\"true\" data-scroll=\"false\" data-scroll-offset=\"0\"><h2 id=\"at-300260\" class=\"c-accordion__title js-accordion-controller\" role=\"button\">Chain-Vey vs Pneum\u00e1tico<\/h2><div id=\"ac-300260\" class=\"c-accordion__content\">\n<p>A pneum\u00e1tica entre os diferentes tipos de sistemas de transporte \u00e9 \u00f3tima para mover produtos robustos por longas dist\u00e2ncias. O Chain-Vey tamb\u00e9m tem a capacidade de longas dist\u00e2ncias, embora com os benef\u00edcios adicionais de menos segrega\u00e7\u00e3o e quebra de produtos fr\u00e1geis. Os sistemas Chain-Vey tamb\u00e9m consomem cerca de 1\/10 da energia dos sistemas pneum\u00e1ticos de mesmos comprimentos.  <\/p>\n<\/div><\/div>\n\n\n\n<div class=\"wp-block-pb-accordion-item c-accordion__item js-accordion-item no-js\" data-initially-open=\"false\" data-click-to-close=\"true\" data-auto-close=\"true\" data-scroll=\"false\" data-scroll-offset=\"0\"><h2 id=\"at-300261\" class=\"c-accordion__title js-accordion-controller\" role=\"button\">Chain-Vey vs Transportadores de Rosca Sem-Fim<\/h2><div id=\"ac-300261\" class=\"c-accordion__content\">\n<p>As brocas helicoidais s\u00e3o uma boa escolha para transporte de dire\u00e7\u00e3o \u00fanica. As brocas de parafuso tamb\u00e9m s\u00e3o muito simples e confi\u00e1veis por design. Chain-Vey, no entanto, \u00e9 mais adequado para mudan\u00e7as de dire\u00e7\u00e3o. O Chain-Vey tamb\u00e9m \u00e9 simples por design, com um motor e uma pegada comparativamente compacta.   <\/p>\n<\/div><\/div>\n\n\n\n<div class=\"wp-block-pb-accordion-item c-accordion__item js-accordion-item no-js\" data-initially-open=\"false\" data-click-to-close=\"true\" data-auto-close=\"true\" data-scroll=\"false\" data-scroll-offset=\"0\"><h2 id=\"at-300262\" class=\"c-accordion__title js-accordion-controller\" role=\"button\">Chain-Vey vs Elevadores de Ca\u00e7amba<\/h2><div id=\"ac-300262\" class=\"c-accordion__content\">\n<p>Os transportadores de ca\u00e7amba s\u00e3o uma solu\u00e7\u00e3o testada e comprovada para transporte vertical e inclinado. Eles tamb\u00e9m s\u00e3o populares por suas pegadas compactas. Os transportadores Chain-Vey se comparam bem a esses tipos de sistemas de transporte porque o Chain-Vey pode fazer tanto transporte ascendente quanto os transportadores de ca\u00e7amba dentro de pegadas igualmente apertadas. Al\u00e9m disso, o Chain-Vey supera quando se trata de um design fechado e \u00e0 prova de poeira e maior flexibilidade direcional. Aplica\u00e7\u00f5es ultra-sanit\u00e1rias tamb\u00e9m s\u00e3o mais ideais para Chain-Vey, pois h\u00e1 menos locais potenciais para os pat\u00f3genos se abrigarem dentro de um Chain-Vey.    <\/p>\n<\/div><\/div>\n\n\n\n<div class=\"wp-block-pb-accordion-item c-accordion__item js-accordion-item no-js\" data-initially-open=\"false\" data-click-to-close=\"true\" data-auto-close=\"true\" data-scroll=\"false\" data-scroll-offset=\"0\"><h2 id=\"at-300263\" class=\"c-accordion__title js-accordion-controller\" role=\"button\">Chain-Vey vs Transportadores de Cabo com Discos<\/h2><div id=\"ac-300263\" class=\"c-accordion__content\">\n<p>Os transportadores de tubos de cabo s\u00e3o uma tecnologia s\u00f3lida conhecida por seu design suave e fechado e flexibilidade semelhante. No entanto, <a href=\"http:\/\/www.mpechicago.com\/pt-br\/wp-content\/uploads\/2025\/02\/Chain%20vs%20Cable%20Case%20Study%20%281%29%2002172025.pdf\">os sistemas Chain-Vey s\u00e3o t\u00e3o suaves quanto o cabo, mas s\u00e3o muito mais fortes que o cabo.<\/a> Isso se traduz em dist\u00e2ncias de transporte mais longas e maiores alturas poss\u00edveis. As correntes tamb\u00e9m n\u00e3o se desgastam, o que significa uma limpeza mais f\u00e1cil e melhor higieniza\u00e7\u00e3o. Mais importante, por\u00e9m, as correntes s\u00e3o virtualmente indestrut\u00edveis; eles n\u00e3o se esticar\u00e3o com o tempo, ou pior, quebrar\u00e3o no meio da produ\u00e7\u00e3o. Este \u00e9 um ponto decisivo para muitos clientes do nosso <a href=\"http:\/\/www.mpechicago.com\/pt-br\/transportadores-de-arrasto-tubular-chain-vey\/retrofit-do-transportador-de-cabos\/\">programa Cable-to-Chain-Vey Retrofit<\/a>.    <\/p>\n<\/div><\/div>\n\n\n\n<div class=\"wp-block-pb-accordion-item c-accordion__item js-accordion-item no-js\" data-initially-open=\"false\" data-click-to-close=\"true\" data-auto-close=\"true\" data-scroll=\"false\" data-scroll-offset=\"0\"><h2 id=\"at-300264\" class=\"c-accordion__title js-accordion-controller\" role=\"button\">Chain-Vey vs Outros Transportadores de Corrente com Discos<\/h2><div id=\"ac-300264\" class=\"c-accordion__content\">\n<p>Outros projetos de corrente e disco t\u00eam tipos de corrente semelhantes ou elos de corrente montados individualmente, todos muito fortes e confi\u00e1veis, permitindo longas dist\u00e2ncias. O Chain-Vey, no entanto, pode ser mais adequado para alimentos espec\u00edficos e aplica\u00e7\u00f5es ultra-sanit\u00e1rias com o suporte robusto de equipamentos e op\u00e7\u00f5es complementares. Os engenheiros da MPE Chain-Vey <a href=\"http:\/\/www.mpechicago.com\/pt-br\/transportadores-de-arrasto-tubular-chain-vey\/projetos\/corrente-e-discos\/\">desenvolveram tr\u00eas designs de discos exclusivos propriet\u00e1rios<\/a> para o transporte ideal do seu produto. <a href=\"http:\/\/www.mpechicago.com\/pt-br\/transportadores-de-arrasto-tubular-chain-vey\/projetos\/entradas-e-descargas\/\">O tubo de descarga rotativo da Chain-Vey<\/a> \u00e9 um dos melhores projetos de descarga dispon\u00edveis. Nosso <a href=\"http:\/\/www.mpechicago.com\/pt-br\/transportadores-de-arrasto-tubular-chain-vey\/projetos\/opcoes-de-trilho-em-u-e-tensor\/\">U-Track, e Tensionadores Externos e Pneum\u00e1ticos<\/a> tornam a opera\u00e7\u00e3o de um Chain-Vey incrivelmente f\u00e1cil. E nossos <a href=\"http:\/\/www.mpechicago.com\/pt-br\/transportadores-de-arrasto-tubular-chain-vey\/limpeza-no-local\/#cip_system\">sistemas CIP<\/a> s\u00e3o a solu\u00e7\u00e3o ideal de transporte sanit\u00e1rio com uma ampla gama de op\u00e7\u00f5es de limpeza. Todas essas vantagens significam que voc\u00ea ter\u00e1 um sistema personalizado perfeito para voc\u00ea.     <\/p>\n\n\n\n<p><\/p>\n<\/div><\/div>\n<\/div><\/div><\/div>\n\n\n\n<h2 class=\"wp-block-heading has-text-align-center text-uppercase\">Outras perguntas sobre Chain-Vey<\/h2>\n\n\n\n<div class=\"wp-block-melonpan-block-container mb-5\"><div class=\"mbc-container mbc-padding_top-20 mbc-padding_bottom-20 mbc-padding_left-20 mbc-padding_right-20 mbc-padding_top_small_screen-20 mbc-padding_bottom_small_screen-20 mbc-padding_left_small_screen-20 mbc-padding_right_small_screen-20\"><div class=\"mbc-background mbc-background_fixed-disabled mbc-shadow_width-0 mbc-border_width-0\"><\/div><div class=\"mbc-content mbc-content_maxwidth-1100 mbc-content_align-center\">\n<div class=\"wp-block-pb-accordion-item c-accordion__item js-accordion-item no-js\" data-initially-open=\"false\" data-click-to-close=\"true\" data-auto-close=\"true\" data-scroll=\"false\" data-scroll-offset=\"0\"><h2 id=\"at-300265\" class=\"c-accordion__title js-accordion-controller\" role=\"button\">Ouvi dizer que correntes s\u00e3o dif\u00edceis de instalar e podem torcer facilmente. Isso \u00e9 verdade?<\/h2><div id=\"ac-300265\" class=\"c-accordion__content\">\n<p>Absolutamente n\u00e3o. Puxar uma corrente atrav\u00e9s de um sistema \u00e9 muito f\u00e1cil. Uma pessoa puxa, outra mant\u00e9m os elos da corrente na mesma dire\u00e7\u00e3o. Nunca vai torcer depois disso. \u00c9 simples assim.    <\/p>\n<\/div><\/div>\n\n\n\n<div class=\"wp-block-pb-accordion-item c-accordion__item js-accordion-item no-js\" data-initially-open=\"false\" data-click-to-close=\"true\" data-auto-close=\"true\" data-scroll=\"false\" data-scroll-offset=\"0\"><h2 id=\"at-300266\" class=\"c-accordion__title js-accordion-controller\" role=\"button\">Quanto custa o Chain-Vey?<\/h2><div id=\"ac-300266\" class=\"c-accordion__content\">\n<p>Nosso pre\u00e7o \u00e9 competitivo para qualquer outro transportador de disco de tubo importante. Ao olhar para o custo geral de propriedade ao longo da vida, a Chain-Vey est\u00e1 \u00e0 frente da concorr\u00eancia. Isso inclui sua confiabilidade ultra-alta, baixo consumo de eletricidade e pe\u00e7as de reposi\u00e7\u00e3o quase zero nos primeiros anos.  <\/p>\n<\/div><\/div>\n\n\n\n<div class=\"wp-block-pb-accordion-item c-accordion__item js-accordion-item no-js\" data-initially-open=\"false\" data-click-to-close=\"true\" data-auto-close=\"true\" data-scroll=\"false\" data-scroll-offset=\"0\"><h2 id=\"at-300267\" class=\"c-accordion__title js-accordion-controller\" role=\"button\">Que tipo de suporte recebo ap\u00f3s comprar um Chain-Vey?<\/h2><div id=\"ac-300267\" class=\"c-accordion__content\">\n<p>Todos os Chain-Veys t\u00eam garantia de 1 ano para estarem livres de falhas mec\u00e2nicas ou imperfei\u00e7\u00f5es. Todos os Chain-Veys v\u00eam com o lend\u00e1rio atendimento ao cliente da MPE e suporte oportuno ao produto, que \u00e9 uma marca registrada do nosso neg\u00f3cio desde 1957. <\/p>\n<\/div><\/div>\n<\/div><\/div><\/div>\n","protected":false},"excerpt":{"rendered":"<p>Gr\u00e1fico de compara\u00e7\u00e3o Chain-Vey Clique para ampli\u00e1-lo. Cada transportador em compara\u00e7\u00e3o com o Chain-vey Outras perguntas sobre Chain-Vey<\/p>\n","protected":false},"author":20,"featured_media":30028,"parent":29835,"menu_order":5,"comment_status":"closed","ping_status":"closed","template":"","meta":{"_acf_changed":false,"content-type":"","rs_blank_template":"","rs_page_bg_color":"","slide_template_v7":"","footnotes":""},"class_list":["post-30026","page","type-page","status-publish","has-post-thumbnail","hentry"],"acf":[],"yoast_head":"<!-- This site is optimized with the Yoast SEO plugin v27.5 - https:\/\/yoast.com\/product\/yoast-seo-wordpress\/ -->\n<title>Transportadores de disco tubular Comparado - Modern Process Equipment<\/title>\n<meta name=\"description\" content=\"Compare os transportadores de disco de tubo Chain-Vey com outros tipos de sistemas de transporte, como transportadores de tubos de cabo, brocas helicoidais, elevadores de ca\u00e7ambas e pneum\u00e1ticos.\" \/>\n<meta name=\"robots\" content=\"index, follow, max-snippet:-1, max-image-preview:large, max-video-preview:-1\" \/>\n<link rel=\"canonical\" href=\"https:\/\/www.mpechicago.com\/pt-br\/transportadores-de-arrasto-tubular-chain-vey\/projetos\/comparar\/\" \/>\n<meta property=\"og:locale\" content=\"pt_BR\" \/>\n<meta property=\"og:type\" content=\"article\" \/>\n<meta property=\"og:title\" content=\"Transportadores de disco tubular Comparado - Modern Process Equipment\" \/>\n<meta property=\"og:description\" content=\"Compare os transportadores de disco de tubo Chain-Vey com outros tipos de sistemas de transporte, como transportadores de tubos de cabo, brocas helicoidais, elevadores de ca\u00e7ambas e pneum\u00e1ticos.\" \/>\n<meta property=\"og:url\" content=\"https:\/\/www.mpechicago.com\/pt-br\/transportadores-de-arrasto-tubular-chain-vey\/projetos\/comparar\/\" \/>\n<meta property=\"og:site_name\" content=\"Modern Process Equipment\" \/>\n<meta property=\"article:modified_time\" content=\"2025-05-14T01:31:44+00:00\" \/>\n<meta property=\"og:image\" content=\"https:\/\/www.mpechicago.com\/wp-content\/uploads\/2019\/12\/CV-Design-Header1900_0.jpg\" \/>\n\t<meta property=\"og:image:width\" content=\"1900\" \/>\n\t<meta property=\"og:image:height\" content=\"297\" \/>\n\t<meta property=\"og:image:type\" content=\"image\/jpeg\" \/>\n<meta name=\"twitter:card\" content=\"summary_large_image\" \/>\n<meta name=\"twitter:label1\" content=\"Est. tempo de leitura\" \/>\n\t<meta name=\"twitter:data1\" content=\"4 minutos\" \/>\n<script type=\"application\/ld+json\" class=\"yoast-schema-graph\">{\"@context\":\"https:\\\/\\\/schema.org\",\"@graph\":[{\"@type\":\"WebPage\",\"@id\":\"https:\\\/\\\/www.mpechicago.com\\\/pt-br\\\/transportadores-de-arrasto-tubular-chain-vey\\\/projetos\\\/comparar\\\/\",\"url\":\"https:\\\/\\\/www.mpechicago.com\\\/pt-br\\\/transportadores-de-arrasto-tubular-chain-vey\\\/projetos\\\/comparar\\\/\",\"name\":\"Transportadores de disco tubular Comparado - Modern Process Equipment\",\"isPartOf\":{\"@id\":\"https:\\\/\\\/www.mpechicago.com\\\/pt-br\\\/#website\"},\"primaryImageOfPage\":{\"@id\":\"https:\\\/\\\/www.mpechicago.com\\\/pt-br\\\/transportadores-de-arrasto-tubular-chain-vey\\\/projetos\\\/comparar\\\/#primaryimage\"},\"image\":{\"@id\":\"https:\\\/\\\/www.mpechicago.com\\\/pt-br\\\/transportadores-de-arrasto-tubular-chain-vey\\\/projetos\\\/comparar\\\/#primaryimage\"},\"thumbnailUrl\":\"https:\\\/\\\/www.mpechicago.com\\\/wp-content\\\/uploads\\\/2019\\\/12\\\/CV-Design-Header1900_0.jpg\",\"datePublished\":\"2019-12-16T11:44:48+00:00\",\"dateModified\":\"2025-05-14T01:31:44+00:00\",\"description\":\"Compare os transportadores de disco de tubo Chain-Vey com outros tipos de sistemas de transporte, como transportadores de tubos de cabo, brocas helicoidais, elevadores de ca\u00e7ambas e pneum\u00e1ticos.\",\"breadcrumb\":{\"@id\":\"https:\\\/\\\/www.mpechicago.com\\\/pt-br\\\/transportadores-de-arrasto-tubular-chain-vey\\\/projetos\\\/comparar\\\/#breadcrumb\"},\"inLanguage\":\"pt-BR\",\"potentialAction\":[{\"@type\":\"ReadAction\",\"target\":[\"https:\\\/\\\/www.mpechicago.com\\\/pt-br\\\/transportadores-de-arrasto-tubular-chain-vey\\\/projetos\\\/comparar\\\/\"]}]},{\"@type\":\"ImageObject\",\"inLanguage\":\"pt-BR\",\"@id\":\"https:\\\/\\\/www.mpechicago.com\\\/pt-br\\\/transportadores-de-arrasto-tubular-chain-vey\\\/projetos\\\/comparar\\\/#primaryimage\",\"url\":\"https:\\\/\\\/www.mpechicago.com\\\/wp-content\\\/uploads\\\/2019\\\/12\\\/CV-Design-Header1900_0.jpg\",\"contentUrl\":\"https:\\\/\\\/www.mpechicago.com\\\/wp-content\\\/uploads\\\/2019\\\/12\\\/CV-Design-Header1900_0.jpg\",\"width\":1900,\"height\":297},{\"@type\":\"BreadcrumbList\",\"@id\":\"https:\\\/\\\/www.mpechicago.com\\\/pt-br\\\/transportadores-de-arrasto-tubular-chain-vey\\\/projetos\\\/comparar\\\/#breadcrumb\",\"itemListElement\":[{\"@type\":\"ListItem\",\"position\":1,\"name\":\"Casa\",\"item\":\"https:\\\/\\\/www.mpechicago.com\\\/pt-br\\\/\"},{\"@type\":\"ListItem\",\"position\":2,\"name\":\"Transportadores de Arrasto Tubular Chain-Vey\",\"item\":\"https:\\\/\\\/www.mpechicago.com\\\/pt-br\\\/transportadores-de-arrasto-tubular-chain-vey\\\/\"},{\"@type\":\"ListItem\",\"position\":3,\"name\":\"Projetos\",\"item\":\"https:\\\/\\\/www.mpechicago.com\\\/pt-br\\\/transportadores-de-arrasto-tubular-chain-vey\\\/projetos\\\/\"},{\"@type\":\"ListItem\",\"position\":4,\"name\":\"Comparar\"}]},{\"@type\":\"WebSite\",\"@id\":\"https:\\\/\\\/www.mpechicago.com\\\/pt-br\\\/#website\",\"url\":\"https:\\\/\\\/www.mpechicago.com\\\/pt-br\\\/\",\"name\":\"Modern Process Equipment\",\"description\":\"\",\"publisher\":{\"@id\":\"https:\\\/\\\/www.mpechicago.com\\\/pt-br\\\/#organization\"},\"potentialAction\":[{\"@type\":\"SearchAction\",\"target\":{\"@type\":\"EntryPoint\",\"urlTemplate\":\"https:\\\/\\\/www.mpechicago.com\\\/pt-br\\\/?s={search_term_string}\"},\"query-input\":{\"@type\":\"PropertyValueSpecification\",\"valueRequired\":true,\"valueName\":\"search_term_string\"}}],\"inLanguage\":\"pt-BR\"},{\"@type\":\"Organization\",\"@id\":\"https:\\\/\\\/www.mpechicago.com\\\/pt-br\\\/#organization\",\"name\":\"Modern Process Equipment\",\"url\":\"https:\\\/\\\/www.mpechicago.com\\\/pt-br\\\/\",\"logo\":{\"@type\":\"ImageObject\",\"inLanguage\":\"pt-BR\",\"@id\":\"https:\\\/\\\/www.mpechicago.com\\\/pt-br\\\/#\\\/schema\\\/logo\\\/image\\\/\",\"url\":\"https:\\\/\\\/www.mpechicago.com\\\/wp-content\\\/uploads\\\/2019\\\/12\\\/logo.png\",\"contentUrl\":\"https:\\\/\\\/www.mpechicago.com\\\/wp-content\\\/uploads\\\/2019\\\/12\\\/logo.png\",\"width\":200,\"height\":91,\"caption\":\"Modern Process Equipment\"},\"image\":{\"@id\":\"https:\\\/\\\/www.mpechicago.com\\\/pt-br\\\/#\\\/schema\\\/logo\\\/image\\\/\"}}]}<\/script>\n<!-- \/ Yoast SEO plugin. -->","yoast_head_json":{"title":"Transportadores de disco tubular Comparado - Modern Process Equipment","description":"Compare os transportadores de disco de tubo Chain-Vey com outros tipos de sistemas de transporte, como transportadores de tubos de cabo, brocas helicoidais, elevadores de ca\u00e7ambas e pneum\u00e1ticos.","robots":{"index":"index","follow":"follow","max-snippet":"max-snippet:-1","max-image-preview":"max-image-preview:large","max-video-preview":"max-video-preview:-1"},"canonical":"https:\/\/www.mpechicago.com\/pt-br\/transportadores-de-arrasto-tubular-chain-vey\/projetos\/comparar\/","og_locale":"pt_BR","og_type":"article","og_title":"Transportadores de disco tubular Comparado - Modern Process Equipment","og_description":"Compare os transportadores de disco de tubo Chain-Vey com outros tipos de sistemas de transporte, como transportadores de tubos de cabo, brocas helicoidais, elevadores de ca\u00e7ambas e pneum\u00e1ticos.","og_url":"https:\/\/www.mpechicago.com\/pt-br\/transportadores-de-arrasto-tubular-chain-vey\/projetos\/comparar\/","og_site_name":"Modern Process Equipment","article_modified_time":"2025-05-14T01:31:44+00:00","og_image":[{"width":1900,"height":297,"url":"https:\/\/www.mpechicago.com\/wp-content\/uploads\/2019\/12\/CV-Design-Header1900_0.jpg","type":"image\/jpeg"}],"twitter_card":"summary_large_image","twitter_misc":{"Est. tempo de leitura":"4 minutos"},"schema":{"@context":"https:\/\/schema.org","@graph":[{"@type":"WebPage","@id":"https:\/\/www.mpechicago.com\/pt-br\/transportadores-de-arrasto-tubular-chain-vey\/projetos\/comparar\/","url":"https:\/\/www.mpechicago.com\/pt-br\/transportadores-de-arrasto-tubular-chain-vey\/projetos\/comparar\/","name":"Transportadores de disco tubular Comparado - Modern Process Equipment","isPartOf":{"@id":"https:\/\/www.mpechicago.com\/pt-br\/#website"},"primaryImageOfPage":{"@id":"https:\/\/www.mpechicago.com\/pt-br\/transportadores-de-arrasto-tubular-chain-vey\/projetos\/comparar\/#primaryimage"},"image":{"@id":"https:\/\/www.mpechicago.com\/pt-br\/transportadores-de-arrasto-tubular-chain-vey\/projetos\/comparar\/#primaryimage"},"thumbnailUrl":"https:\/\/www.mpechicago.com\/wp-content\/uploads\/2019\/12\/CV-Design-Header1900_0.jpg","datePublished":"2019-12-16T11:44:48+00:00","dateModified":"2025-05-14T01:31:44+00:00","description":"Compare os transportadores de disco de tubo Chain-Vey com outros tipos de sistemas de transporte, como transportadores de tubos de cabo, brocas helicoidais, elevadores de ca\u00e7ambas e pneum\u00e1ticos.","breadcrumb":{"@id":"https:\/\/www.mpechicago.com\/pt-br\/transportadores-de-arrasto-tubular-chain-vey\/projetos\/comparar\/#breadcrumb"},"inLanguage":"pt-BR","potentialAction":[{"@type":"ReadAction","target":["https:\/\/www.mpechicago.com\/pt-br\/transportadores-de-arrasto-tubular-chain-vey\/projetos\/comparar\/"]}]},{"@type":"ImageObject","inLanguage":"pt-BR","@id":"https:\/\/www.mpechicago.com\/pt-br\/transportadores-de-arrasto-tubular-chain-vey\/projetos\/comparar\/#primaryimage","url":"https:\/\/www.mpechicago.com\/wp-content\/uploads\/2019\/12\/CV-Design-Header1900_0.jpg","contentUrl":"https:\/\/www.mpechicago.com\/wp-content\/uploads\/2019\/12\/CV-Design-Header1900_0.jpg","width":1900,"height":297},{"@type":"BreadcrumbList","@id":"https:\/\/www.mpechicago.com\/pt-br\/transportadores-de-arrasto-tubular-chain-vey\/projetos\/comparar\/#breadcrumb","itemListElement":[{"@type":"ListItem","position":1,"name":"Casa","item":"https:\/\/www.mpechicago.com\/pt-br\/"},{"@type":"ListItem","position":2,"name":"Transportadores de Arrasto Tubular Chain-Vey","item":"https:\/\/www.mpechicago.com\/pt-br\/transportadores-de-arrasto-tubular-chain-vey\/"},{"@type":"ListItem","position":3,"name":"Projetos","item":"https:\/\/www.mpechicago.com\/pt-br\/transportadores-de-arrasto-tubular-chain-vey\/projetos\/"},{"@type":"ListItem","position":4,"name":"Comparar"}]},{"@type":"WebSite","@id":"https:\/\/www.mpechicago.com\/pt-br\/#website","url":"https:\/\/www.mpechicago.com\/pt-br\/","name":"Modern Process Equipment","description":"","publisher":{"@id":"https:\/\/www.mpechicago.com\/pt-br\/#organization"},"potentialAction":[{"@type":"SearchAction","target":{"@type":"EntryPoint","urlTemplate":"https:\/\/www.mpechicago.com\/pt-br\/?s={search_term_string}"},"query-input":{"@type":"PropertyValueSpecification","valueRequired":true,"valueName":"search_term_string"}}],"inLanguage":"pt-BR"},{"@type":"Organization","@id":"https:\/\/www.mpechicago.com\/pt-br\/#organization","name":"Modern Process Equipment","url":"https:\/\/www.mpechicago.com\/pt-br\/","logo":{"@type":"ImageObject","inLanguage":"pt-BR","@id":"https:\/\/www.mpechicago.com\/pt-br\/#\/schema\/logo\/image\/","url":"https:\/\/www.mpechicago.com\/wp-content\/uploads\/2019\/12\/logo.png","contentUrl":"https:\/\/www.mpechicago.com\/wp-content\/uploads\/2019\/12\/logo.png","width":200,"height":91,"caption":"Modern Process Equipment"},"image":{"@id":"https:\/\/www.mpechicago.com\/pt-br\/#\/schema\/logo\/image\/"}}]}},"_links":{"self":[{"href":"https:\/\/www.mpechicago.com\/pt-br\/wp-json\/wp\/v2\/pages\/30026","targetHints":{"allow":["GET"]}}],"collection":[{"href":"https:\/\/www.mpechicago.com\/pt-br\/wp-json\/wp\/v2\/pages"}],"about":[{"href":"https:\/\/www.mpechicago.com\/pt-br\/wp-json\/wp\/v2\/types\/page"}],"author":[{"embeddable":true,"href":"https:\/\/www.mpechicago.com\/pt-br\/wp-json\/wp\/v2\/users\/20"}],"replies":[{"embeddable":true,"href":"https:\/\/www.mpechicago.com\/pt-br\/wp-json\/wp\/v2\/comments?post=30026"}],"version-history":[{"count":3,"href":"https:\/\/www.mpechicago.com\/pt-br\/wp-json\/wp\/v2\/pages\/30026\/revisions"}],"predecessor-version":[{"id":31234,"href":"https:\/\/www.mpechicago.com\/pt-br\/wp-json\/wp\/v2\/pages\/30026\/revisions\/31234"}],"up":[{"embeddable":true,"href":"https:\/\/www.mpechicago.com\/pt-br\/wp-json\/wp\/v2\/pages\/29835"}],"wp:featuredmedia":[{"embeddable":true,"href":"https:\/\/www.mpechicago.com\/pt-br\/wp-json\/wp\/v2\/media\/30028"}],"wp:attachment":[{"href":"https:\/\/www.mpechicago.com\/pt-br\/wp-json\/wp\/v2\/media?parent=30026"}],"curies":[{"name":"wp","href":"https:\/\/api.w.org\/{rel}","templated":true}]}}