{"id":29985,"date":"2021-05-25T14:06:09","date_gmt":"2021-05-25T19:06:09","guid":{"rendered":"https:\/\/www.mpechicago.com\/transportadores-de-arrasto-tubular-chain-vey\/limpeza-no-local\/"},"modified":"2025-06-03T21:17:20","modified_gmt":"2025-06-04T02:17:20","slug":"limpeza-no-local","status":"publish","type":"page","link":"https:\/\/www.mpechicago.com\/pt-br\/transportadores-de-arrasto-tubular-chain-vey\/limpeza-no-local\/","title":{"rendered":"Limpeza no Local (CIP)"},"content":{"rendered":"<div class=\"wp-bootstrap-blocks-row\">\n\t<div class=\"row\">\n\t\t\n\n<div class=\"col-12 col-md-2 col-lg-2 col-xl-2\">\n\t<div class=\"\">\n\t\t\n\n\n\t<\/div>\n<\/div>\n\n\n\n<div class=\"col-12 col-md-7 col-lg-7 col-xl-7 left-panel\">\n\t<div class=\"\">\n\t\t\n\n<h1 class=\"wp-block-heading page-title pt-20\">Solu\u00e7\u00e3o de Transporte Sanit\u00e1rio<\/h1>\n\n\n\n<p class=\"intro\">Os engenheiros da MPE projetaram o Chain-Vey como uma solu\u00e7\u00e3o de transporte higi\u00eanica, adequada para uma ampla variedade de aplica\u00e7\u00f5es.<\/p>\n\n\n\n<p>A equipe de produtos da Chain-Vey acredita que o sistema deve se adaptar \u00e0s exig\u00eancias espec\u00edficas de cada aplica\u00e7\u00e3o, em vez de esperar que o processo do cliente se ajuste a um \u00fanico design padronizado. Cada setor possui requisitos e preocupa\u00e7\u00f5es distintas \u2014 desde controle de bact\u00e9rias at\u00e9 quest\u00f5es relacionadas a aromatizantes, al\u00e9rgenos e outros. Para oferecer um transportador de arrasto tubular que atenda aos requisitos higi\u00eanicos de cada cliente, as op\u00e7\u00f5es de limpeza no local (CIP) da Chain-Vey s\u00e3o organizadas em tr\u00eas n\u00edveis, cada um com diferentes recursos e abordagens de limpeza.  <\/p>\n\n\n\n<ul class=\"wp-block-list\">\n<li><strong>N\u00edvel 1<\/strong>\n<ul class=\"wp-block-list\">\n<li>Limpeza completa de aplica\u00e7\u00f5es secas, sem a utiliza\u00e7\u00e3o de l\u00edquidos ou solventes. Esse m\u00e9todo \u00e9 ideal para sistemas de processo que n\u00e3o podem ser expostos \u00e0 \u00e1gua. A preven\u00e7\u00e3o da contamina\u00e7\u00e3o cruzada \u00e9 essencial, e o N\u00edvel 1 garante a limpeza total do transportador, sem deixar res\u00edduos do produto.    <\/li>\n<\/ul>\n<\/li>\n\n\n\n<li><strong>N\u00edvel 2<\/strong>\n<ul class=\"wp-block-list\">\n<li>Uma abordagem h\u00edbrida que segue protocolos de limpeza personalizados conforme as exig\u00eancias do cliente. Pode incluir o uso de l\u00edquidos ou solventes, nos casos em que o transportador pode ser exposto \u00e0 \u00e1gua ou agentes desinfetantes. O N\u00edvel 2 inclui componentes espec\u00edficos, como descargas dedicadas, discos especiais e pontos de parada, ideais para aplica\u00e7\u00f5es com alto controle higi\u00eanico.  <\/li>\n<\/ul>\n<\/li>\n\n\n\n<li><strong>N\u00edvel 3<\/strong>\n<ul class=\"wp-block-list\">\n<li>O N\u00edvel 3 oferece solu\u00e7\u00f5es higi\u00eanicas personalizadas, projetadas sob medida para as aplica\u00e7\u00f5es mais exigentes. Representa o \u00e1pice do design CIP totalmente automatizado, incluindo o carrinho de limpeza CIP da MPE. N\u00e3o confunda este n\u00edvel como sendo exclusivo para aplica\u00e7\u00f5es \u00famidas, ele tamb\u00e9m \u00e9 perfeitamente adequado para aplica\u00e7\u00f5es secas. Notavelmente, o N\u00edvel 3 se destaca por incorporar um n\u00edvel mais avan\u00e7ado de <em>automa\u00e7\u00e3o.<\/em>    <\/li>\n<\/ul>\n<\/li>\n<\/ul>\n\n\n\n<p>Ap\u00f3s definir o n\u00edvel mais adequado para seu transportador, os elementos de design e as especifica\u00e7\u00f5es podem ser testados e validados em nosso laborat\u00f3rio de testes Chain-Vey. Em seguida, s\u00e3o elaborados os desenhos de aprova\u00e7\u00e3o e inicia-se a fabrica\u00e7\u00e3o de um transportador de arrasto tubular CIP perfeitamente ajustado \u00e0s suas necessidades. <\/p>\n\n\n\n<hr class=\"wp-block-separator has-css-opacity\"\/>\n\n\n<div tabindex=\"0\" class=\"cycloneslider cycloneslider-template-standard cycloneslider-width-responsive\" id=\"cycloneslider-clean-in-place-slider-1\" style=\"max-width:1000px\" > <div class=\"cycloneslider-slides cycle-slideshow\" data-cycle-allow-wrap=\"true\" data-cycle-dynamic-height=\"off\" data-cycle-auto-height=\"1000:600\" data-cycle-auto-height-easing=\"null\" data-cycle-auto-height-speed=\"250\" data-cycle-delay=\"0\" data-cycle-easing=\"\" data-cycle-fx=\"scrollHorz\" data-cycle-hide-non-active=\"true\" data-cycle-log=\"false\" data-cycle-next=\"#cycloneslider-clean-in-place-slider-1 .cycloneslider-next\" data-cycle-pager=\"#cycloneslider-clean-in-place-slider-1 .cycloneslider-pager\" data-cycle-pause-on-hover=\"true\" data-cycle-prev=\"#cycloneslider-clean-in-place-slider-1 .cycloneslider-prev\" data-cycle-slides=\"&gt; div\" data-cycle-speed=\"1000\" data-cycle-swipe=\"1\" data-cycle-tile-count=\"7\" data-cycle-tile-delay=\"100\" data-cycle-tile-vertical=\"true\" data-cycle-timeout=\"4000\" > <div class=\"cycloneslider-slide cycloneslider-slide-image\" > <a class=\"cycloneslider-caption-more\" target=\"_blank\" href=\"http:\/\/www.mpechicago.com\/pt-br\/wp-content\/uploads\/2021\/06\/CIP-Scrolling-Image-Tier-1-2500-x-1500-2-comp.jpg\"> <img decoding=\"async\" src=\"https:\/\/www.mpechicago.com\/wp-content\/uploads\/2021\/06\/CIP-Scrolling-Image-Tier-1-2500-x-1500-2-comp-1000x600.jpg\" alt=\"\" title=\"\" \/> <\/a> <\/div> <div class=\"cycloneslider-slide cycloneslider-slide-image\" > <a class=\"cycloneslider-caption-more\" target=\"_blank\" href=\"http:\/\/www.mpechicago.com\/pt-br\/wp-content\/uploads\/2021\/06\/CIP-Scrolling-Image-Tier-2-2500-x-1500-1-comp.jpg\"> <img decoding=\"async\" src=\"https:\/\/www.mpechicago.com\/wp-content\/uploads\/2021\/06\/CIP-Scrolling-Image-Tier-2-2500-x-1500-1-comp-1000x600.jpg\" alt=\"\" title=\"\" \/> <\/a> <\/div> <div class=\"cycloneslider-slide cycloneslider-slide-image\" > <a class=\"cycloneslider-caption-more\" target=\"_blank\" href=\"http:\/\/www.mpechicago.com\/pt-br\/wp-content\/uploads\/2021\/06\/CIP-Scrolling-Image-Tier-3-2500-x-1500-1-comp.jpg\"> <img decoding=\"async\" src=\"https:\/\/www.mpechicago.com\/wp-content\/uploads\/2021\/06\/CIP-Scrolling-Image-Tier-3-2500-x-1500-1-comp-1000x600.jpg\" alt=\"\" title=\"\" \/> <\/a> <\/div> <\/div> <div class=\"cycloneslider-pager\"><\/div> <a href=\"#\" class=\"cycloneslider-prev\"> <span class=\"arrow\"><\/span> <\/a> <a href=\"#\" class=\"cycloneslider-next\"> <span class=\"arrow\"><\/span> <\/a> <\/div>\n\n\n\n<p><\/p>\n\n\t<\/div>\n<\/div>\n\n\n\n<div class=\"col-12 col-md-3 col-lg-3 col-xl-3 right-panel\">\n\t<div class=\"\">\n\t\t\n\n<h3 class=\"wp-block-heading has-text-align-left Pageblock-subtitle pt-20 has-text-color\" style=\"color:#e9b516\">&#8220;Fizemos a troca para um Chain-Vey flangeado, com lavagem \u00famida completa, e ele entregou o que precis\u00e1vamos.&#8221;<\/h3>\n\n\n\n<p>\u2015Steve Jenkins, Pure Point Foods<\/p>\n\n\n\n<div style=\"height:50px\" aria-hidden=\"true\" class=\"wp-block-spacer\"><\/div>\n\n\n\n<figure class=\"wp-block-embed is-type-video is-provider-youtube wp-block-embed-youtube wp-embed-aspect-16-9 wp-has-aspect-ratio\"><div class=\"wp-block-embed__wrapper\">\n<iframe title=\"Chain-Vey Clean-In-Place\" width=\"580\" height=\"326\" src=\"https:\/\/www.youtube.com\/embed\/Zesr0kE_9G4?feature=oembed\" frameborder=\"0\" allow=\"accelerometer; autoplay; clipboard-write; encrypted-media; gyroscope; picture-in-picture; web-share\" referrerpolicy=\"strict-origin-when-cross-origin\" allowfullscreen><\/iframe>\n<\/div><\/figure>\n\n\t<\/div>\n<\/div>\n\n\t<\/div>\n<\/div>\n\n\n\n<hr class=\"wp-block-separator has-css-opacity\"\/>\n\n\n<div class=\"wp-bootstrap-blocks-row\">\n\t<div class=\"row\">\n\t\t\n\n<div class=\"col-12 col-md-9 col-lg-9 col-xl-9\">\n\t<div class=\"\">\n\t\t\t<\/div>\n<\/div>\n\n\n\n<div class=\"col-12 col-md-4 col-lg-7 col-xl-9\">\n\t<div class=\"\">\n\t\t\t<\/div>\n<\/div>\n\n\t<\/div>\n<\/div>\n\n\n<div class=\"wp-bootstrap-blocks-row\">\n\t<div class=\"row\">\n\t\t\n\n<div class=\"col-12 col-md-4 col-lg-4 col-xl-9\">\n\t<div class=\"\">\n\t\t\t<\/div>\n<\/div>\n\n\n\n<div class=\"col-12 col-md-4 col-lg-4 col-xl-9\">\n\t<div class=\"\">\n\t\t\t<\/div>\n<\/div>\n\n\t<\/div>\n<\/div>\n\n\n<div class=\"wp-bootstrap-blocks-row\">\n\t<div class=\"row\">\n\t\t\n\n<div class=\"col-12 col-md-4 col-lg-4 col-xl-4\">\n\t<div class=\"\">\n\t\t\t<\/div>\n<\/div>\n\n\n\n<div class=\"col-12 col-md-7 col-lg-7 col-xl-9\">\n\t<div class=\"\">\n\t\t\t<\/div>\n<\/div>\n\n\t<\/div>\n<\/div>\n\n\n\n<p><\/p>\n","protected":false},"excerpt":{"rendered":"","protected":false},"author":3,"featured_media":29986,"parent":29697,"menu_order":0,"comment_status":"closed","ping_status":"closed","template":"","meta":{"_acf_changed":false,"content-type":"","rs_blank_template":"","rs_page_bg_color":"","slide_template_v7":"","footnotes":""},"class_list":["post-29985","page","type-page","status-publish","has-post-thumbnail","hentry"],"acf":[],"yoast_head":"<!-- This site is optimized with the Yoast SEO plugin v27.5 - https:\/\/yoast.com\/product\/yoast-seo-wordpress\/ -->\n<title>Solu\u00e7\u00e3o Higi\u00eanica de Transporte com CIP - Modern Process Equipment<\/title>\n<meta name=\"description\" content=\"Os transportadores Chain-Vey\u00ae com CIP s\u00e3o solu\u00e7\u00f5es higi\u00eanicas totalmente automatizadas para aplica\u00e7\u00f5es de alta pureza e requisitos sanit\u00e1rios sens\u00edveis.\" \/>\n<meta name=\"robots\" content=\"index, follow, max-snippet:-1, max-image-preview:large, max-video-preview:-1\" \/>\n<link rel=\"canonical\" href=\"https:\/\/www.mpechicago.com\/pt-br\/transportadores-de-arrasto-tubular-chain-vey\/limpeza-no-local\/\" \/>\n<meta property=\"og:locale\" content=\"pt_BR\" \/>\n<meta property=\"og:type\" content=\"article\" \/>\n<meta property=\"og:title\" content=\"Solu\u00e7\u00e3o Higi\u00eanica de Transporte com CIP - Modern Process Equipment\" \/>\n<meta property=\"og:description\" content=\"Os transportadores Chain-Vey\u00ae com CIP s\u00e3o solu\u00e7\u00f5es higi\u00eanicas totalmente automatizadas para aplica\u00e7\u00f5es de alta pureza e requisitos sanit\u00e1rios sens\u00edveis.\" \/>\n<meta property=\"og:url\" content=\"https:\/\/www.mpechicago.com\/pt-br\/transportadores-de-arrasto-tubular-chain-vey\/limpeza-no-local\/\" \/>\n<meta property=\"og:site_name\" content=\"Modern Process Equipment\" \/>\n<meta property=\"article:modified_time\" content=\"2025-06-04T02:17:20+00:00\" \/>\n<meta property=\"og:image\" content=\"https:\/\/www.mpechicago.com\/wp-content\/uploads\/2021\/06\/Clean-In-Place-Header-4.jpg\" \/>\n\t<meta property=\"og:image:width\" content=\"2200\" \/>\n\t<meta property=\"og:image:height\" content=\"344\" \/>\n\t<meta property=\"og:image:type\" content=\"image\/jpeg\" \/>\n<meta name=\"twitter:card\" content=\"summary_large_image\" \/>\n<meta name=\"twitter:label1\" content=\"Est. tempo de leitura\" \/>\n\t<meta name=\"twitter:data1\" content=\"2 minutos\" \/>\n<script type=\"application\/ld+json\" class=\"yoast-schema-graph\">{\"@context\":\"https:\\\/\\\/schema.org\",\"@graph\":[{\"@type\":\"WebPage\",\"@id\":\"https:\\\/\\\/www.mpechicago.com\\\/pt-br\\\/transportadores-de-arrasto-tubular-chain-vey\\\/limpeza-no-local\\\/\",\"url\":\"https:\\\/\\\/www.mpechicago.com\\\/pt-br\\\/transportadores-de-arrasto-tubular-chain-vey\\\/limpeza-no-local\\\/\",\"name\":\"Solu\u00e7\u00e3o Higi\u00eanica de Transporte com CIP - Modern Process Equipment\",\"isPartOf\":{\"@id\":\"https:\\\/\\\/www.mpechicago.com\\\/pt-br\\\/#website\"},\"primaryImageOfPage\":{\"@id\":\"https:\\\/\\\/www.mpechicago.com\\\/pt-br\\\/transportadores-de-arrasto-tubular-chain-vey\\\/limpeza-no-local\\\/#primaryimage\"},\"image\":{\"@id\":\"https:\\\/\\\/www.mpechicago.com\\\/pt-br\\\/transportadores-de-arrasto-tubular-chain-vey\\\/limpeza-no-local\\\/#primaryimage\"},\"thumbnailUrl\":\"https:\\\/\\\/www.mpechicago.com\\\/wp-content\\\/uploads\\\/2021\\\/06\\\/Clean-In-Place-Header-4.jpg\",\"datePublished\":\"2021-05-25T19:06:09+00:00\",\"dateModified\":\"2025-06-04T02:17:20+00:00\",\"description\":\"Os transportadores Chain-Vey\u00ae com CIP s\u00e3o solu\u00e7\u00f5es higi\u00eanicas totalmente automatizadas para aplica\u00e7\u00f5es de alta pureza e requisitos sanit\u00e1rios sens\u00edveis.\",\"breadcrumb\":{\"@id\":\"https:\\\/\\\/www.mpechicago.com\\\/pt-br\\\/transportadores-de-arrasto-tubular-chain-vey\\\/limpeza-no-local\\\/#breadcrumb\"},\"inLanguage\":\"pt-BR\",\"potentialAction\":[{\"@type\":\"ReadAction\",\"target\":[\"https:\\\/\\\/www.mpechicago.com\\\/pt-br\\\/transportadores-de-arrasto-tubular-chain-vey\\\/limpeza-no-local\\\/\"]}]},{\"@type\":\"ImageObject\",\"inLanguage\":\"pt-BR\",\"@id\":\"https:\\\/\\\/www.mpechicago.com\\\/pt-br\\\/transportadores-de-arrasto-tubular-chain-vey\\\/limpeza-no-local\\\/#primaryimage\",\"url\":\"https:\\\/\\\/www.mpechicago.com\\\/wp-content\\\/uploads\\\/2021\\\/06\\\/Clean-In-Place-Header-4.jpg\",\"contentUrl\":\"https:\\\/\\\/www.mpechicago.com\\\/wp-content\\\/uploads\\\/2021\\\/06\\\/Clean-In-Place-Header-4.jpg\",\"width\":2200,\"height\":344},{\"@type\":\"BreadcrumbList\",\"@id\":\"https:\\\/\\\/www.mpechicago.com\\\/pt-br\\\/transportadores-de-arrasto-tubular-chain-vey\\\/limpeza-no-local\\\/#breadcrumb\",\"itemListElement\":[{\"@type\":\"ListItem\",\"position\":1,\"name\":\"Casa\",\"item\":\"https:\\\/\\\/www.mpechicago.com\\\/pt-br\\\/\"},{\"@type\":\"ListItem\",\"position\":2,\"name\":\"Transportadores de Arrasto Tubular Chain-Vey\",\"item\":\"https:\\\/\\\/www.mpechicago.com\\\/pt-br\\\/transportadores-de-arrasto-tubular-chain-vey\\\/\"},{\"@type\":\"ListItem\",\"position\":3,\"name\":\"Limpeza no Local (CIP)\"}]},{\"@type\":\"WebSite\",\"@id\":\"https:\\\/\\\/www.mpechicago.com\\\/pt-br\\\/#website\",\"url\":\"https:\\\/\\\/www.mpechicago.com\\\/pt-br\\\/\",\"name\":\"Modern Process Equipment\",\"description\":\"\",\"publisher\":{\"@id\":\"https:\\\/\\\/www.mpechicago.com\\\/pt-br\\\/#organization\"},\"potentialAction\":[{\"@type\":\"SearchAction\",\"target\":{\"@type\":\"EntryPoint\",\"urlTemplate\":\"https:\\\/\\\/www.mpechicago.com\\\/pt-br\\\/?s={search_term_string}\"},\"query-input\":{\"@type\":\"PropertyValueSpecification\",\"valueRequired\":true,\"valueName\":\"search_term_string\"}}],\"inLanguage\":\"pt-BR\"},{\"@type\":\"Organization\",\"@id\":\"https:\\\/\\\/www.mpechicago.com\\\/pt-br\\\/#organization\",\"name\":\"Modern Process Equipment\",\"url\":\"https:\\\/\\\/www.mpechicago.com\\\/pt-br\\\/\",\"logo\":{\"@type\":\"ImageObject\",\"inLanguage\":\"pt-BR\",\"@id\":\"https:\\\/\\\/www.mpechicago.com\\\/pt-br\\\/#\\\/schema\\\/logo\\\/image\\\/\",\"url\":\"https:\\\/\\\/www.mpechicago.com\\\/wp-content\\\/uploads\\\/2019\\\/12\\\/logo.png\",\"contentUrl\":\"https:\\\/\\\/www.mpechicago.com\\\/wp-content\\\/uploads\\\/2019\\\/12\\\/logo.png\",\"width\":200,\"height\":91,\"caption\":\"Modern Process Equipment\"},\"image\":{\"@id\":\"https:\\\/\\\/www.mpechicago.com\\\/pt-br\\\/#\\\/schema\\\/logo\\\/image\\\/\"}}]}<\/script>\n<!-- \/ Yoast SEO plugin. -->","yoast_head_json":{"title":"Solu\u00e7\u00e3o Higi\u00eanica de Transporte com CIP - Modern Process Equipment","description":"Os transportadores Chain-Vey\u00ae com CIP s\u00e3o solu\u00e7\u00f5es higi\u00eanicas totalmente automatizadas para aplica\u00e7\u00f5es de alta pureza e requisitos sanit\u00e1rios sens\u00edveis.","robots":{"index":"index","follow":"follow","max-snippet":"max-snippet:-1","max-image-preview":"max-image-preview:large","max-video-preview":"max-video-preview:-1"},"canonical":"https:\/\/www.mpechicago.com\/pt-br\/transportadores-de-arrasto-tubular-chain-vey\/limpeza-no-local\/","og_locale":"pt_BR","og_type":"article","og_title":"Solu\u00e7\u00e3o Higi\u00eanica de Transporte com CIP - Modern Process Equipment","og_description":"Os transportadores Chain-Vey\u00ae com CIP s\u00e3o solu\u00e7\u00f5es higi\u00eanicas totalmente automatizadas para aplica\u00e7\u00f5es de alta pureza e requisitos sanit\u00e1rios sens\u00edveis.","og_url":"https:\/\/www.mpechicago.com\/pt-br\/transportadores-de-arrasto-tubular-chain-vey\/limpeza-no-local\/","og_site_name":"Modern Process Equipment","article_modified_time":"2025-06-04T02:17:20+00:00","og_image":[{"width":2200,"height":344,"url":"https:\/\/www.mpechicago.com\/wp-content\/uploads\/2021\/06\/Clean-In-Place-Header-4.jpg","type":"image\/jpeg"}],"twitter_card":"summary_large_image","twitter_misc":{"Est. tempo de leitura":"2 minutos"},"schema":{"@context":"https:\/\/schema.org","@graph":[{"@type":"WebPage","@id":"https:\/\/www.mpechicago.com\/pt-br\/transportadores-de-arrasto-tubular-chain-vey\/limpeza-no-local\/","url":"https:\/\/www.mpechicago.com\/pt-br\/transportadores-de-arrasto-tubular-chain-vey\/limpeza-no-local\/","name":"Solu\u00e7\u00e3o Higi\u00eanica de Transporte com CIP - Modern Process Equipment","isPartOf":{"@id":"https:\/\/www.mpechicago.com\/pt-br\/#website"},"primaryImageOfPage":{"@id":"https:\/\/www.mpechicago.com\/pt-br\/transportadores-de-arrasto-tubular-chain-vey\/limpeza-no-local\/#primaryimage"},"image":{"@id":"https:\/\/www.mpechicago.com\/pt-br\/transportadores-de-arrasto-tubular-chain-vey\/limpeza-no-local\/#primaryimage"},"thumbnailUrl":"https:\/\/www.mpechicago.com\/wp-content\/uploads\/2021\/06\/Clean-In-Place-Header-4.jpg","datePublished":"2021-05-25T19:06:09+00:00","dateModified":"2025-06-04T02:17:20+00:00","description":"Os transportadores Chain-Vey\u00ae com CIP s\u00e3o solu\u00e7\u00f5es higi\u00eanicas totalmente automatizadas para aplica\u00e7\u00f5es de alta pureza e requisitos sanit\u00e1rios sens\u00edveis.","breadcrumb":{"@id":"https:\/\/www.mpechicago.com\/pt-br\/transportadores-de-arrasto-tubular-chain-vey\/limpeza-no-local\/#breadcrumb"},"inLanguage":"pt-BR","potentialAction":[{"@type":"ReadAction","target":["https:\/\/www.mpechicago.com\/pt-br\/transportadores-de-arrasto-tubular-chain-vey\/limpeza-no-local\/"]}]},{"@type":"ImageObject","inLanguage":"pt-BR","@id":"https:\/\/www.mpechicago.com\/pt-br\/transportadores-de-arrasto-tubular-chain-vey\/limpeza-no-local\/#primaryimage","url":"https:\/\/www.mpechicago.com\/wp-content\/uploads\/2021\/06\/Clean-In-Place-Header-4.jpg","contentUrl":"https:\/\/www.mpechicago.com\/wp-content\/uploads\/2021\/06\/Clean-In-Place-Header-4.jpg","width":2200,"height":344},{"@type":"BreadcrumbList","@id":"https:\/\/www.mpechicago.com\/pt-br\/transportadores-de-arrasto-tubular-chain-vey\/limpeza-no-local\/#breadcrumb","itemListElement":[{"@type":"ListItem","position":1,"name":"Casa","item":"https:\/\/www.mpechicago.com\/pt-br\/"},{"@type":"ListItem","position":2,"name":"Transportadores de Arrasto Tubular Chain-Vey","item":"https:\/\/www.mpechicago.com\/pt-br\/transportadores-de-arrasto-tubular-chain-vey\/"},{"@type":"ListItem","position":3,"name":"Limpeza no Local (CIP)"}]},{"@type":"WebSite","@id":"https:\/\/www.mpechicago.com\/pt-br\/#website","url":"https:\/\/www.mpechicago.com\/pt-br\/","name":"Modern Process Equipment","description":"","publisher":{"@id":"https:\/\/www.mpechicago.com\/pt-br\/#organization"},"potentialAction":[{"@type":"SearchAction","target":{"@type":"EntryPoint","urlTemplate":"https:\/\/www.mpechicago.com\/pt-br\/?s={search_term_string}"},"query-input":{"@type":"PropertyValueSpecification","valueRequired":true,"valueName":"search_term_string"}}],"inLanguage":"pt-BR"},{"@type":"Organization","@id":"https:\/\/www.mpechicago.com\/pt-br\/#organization","name":"Modern Process Equipment","url":"https:\/\/www.mpechicago.com\/pt-br\/","logo":{"@type":"ImageObject","inLanguage":"pt-BR","@id":"https:\/\/www.mpechicago.com\/pt-br\/#\/schema\/logo\/image\/","url":"https:\/\/www.mpechicago.com\/wp-content\/uploads\/2019\/12\/logo.png","contentUrl":"https:\/\/www.mpechicago.com\/wp-content\/uploads\/2019\/12\/logo.png","width":200,"height":91,"caption":"Modern Process Equipment"},"image":{"@id":"https:\/\/www.mpechicago.com\/pt-br\/#\/schema\/logo\/image\/"}}]}},"_links":{"self":[{"href":"https:\/\/www.mpechicago.com\/pt-br\/wp-json\/wp\/v2\/pages\/29985","targetHints":{"allow":["GET"]}}],"collection":[{"href":"https:\/\/www.mpechicago.com\/pt-br\/wp-json\/wp\/v2\/pages"}],"about":[{"href":"https:\/\/www.mpechicago.com\/pt-br\/wp-json\/wp\/v2\/types\/page"}],"author":[{"embeddable":true,"href":"https:\/\/www.mpechicago.com\/pt-br\/wp-json\/wp\/v2\/users\/3"}],"replies":[{"embeddable":true,"href":"https:\/\/www.mpechicago.com\/pt-br\/wp-json\/wp\/v2\/comments?post=29985"}],"version-history":[{"count":4,"href":"https:\/\/www.mpechicago.com\/pt-br\/wp-json\/wp\/v2\/pages\/29985\/revisions"}],"predecessor-version":[{"id":33381,"href":"https:\/\/www.mpechicago.com\/pt-br\/wp-json\/wp\/v2\/pages\/29985\/revisions\/33381"}],"up":[{"embeddable":true,"href":"https:\/\/www.mpechicago.com\/pt-br\/wp-json\/wp\/v2\/pages\/29697"}],"wp:featuredmedia":[{"embeddable":true,"href":"https:\/\/www.mpechicago.com\/pt-br\/wp-json\/wp\/v2\/media\/29986"}],"wp:attachment":[{"href":"https:\/\/www.mpechicago.com\/pt-br\/wp-json\/wp\/v2\/media?parent=29985"}],"curies":[{"name":"wp","href":"https:\/\/api.w.org\/{rel}","templated":true}]}}