{"id":37135,"date":"2019-12-17T07:27:22","date_gmt":"2019-12-17T13:27:22","guid":{"rendered":"https:\/\/www.mpechicago.com\/product\/serie-600-f-2\/"},"modified":"2019-12-17T07:27:22","modified_gmt":"2019-12-17T13:27:22","slug":"serie-600-f-2","status":"publish","type":"product","link":"https:\/\/www.mpechicago.com\/it\/product\/serie-600-f-2\/","title":{"rendered":"Serie 600 F"},"content":{"rendered":"<p>Il modello 600 F \u00e8 il macinacaff\u00e8 a rullo industriale pi\u00f9 piccolo al mondo. Le eccezionali prestazioni granulometriche su una gamma di dimensioni di macinatura e i risultati costanti differenziano il 600 F da altri modelli di macinacaff\u00e8. Inoltre, la 600 F offre una serie di opzioni, come il controllo PLC, il raffreddamento ad acqua e il controllo della densit\u00e0 per migliorare ulteriormente la qualit\u00e0 e la consistenza del caff\u00e8 macinato.  <\/p>\n","protected":false},"excerpt":{"rendered":"<p>GRANULIZZATORE PER CAFF\u00c8 MODELLO 600 SERIE F * 600 F(X) &#8211; DUE (2) SEZIONI DI MACINAZIONE, (X) = CONFIGURAZIONE ESPRESSO OPZIONALE * 666 E &#8211; GRANULIZZATORE RICONDIZIONATO, IN STILE GUMP<\/p>\n","protected":false},"featured_media":1666,"comment_status":"open","ping_status":"closed","template":"","meta":{"_acf_changed":false,"content-type":"","rs_blank_template":"","rs_page_bg_color":"","slide_template_v7":""},"product_brand":[],"product_cat":[635,636,646],"product_tag":[],"class_list":{"0":"post-37135","1":"product","2":"type-product","3":"status-publish","4":"has-post-thumbnail","6":"product_cat-caffe-espresso","7":"product_cat-filtro-it","8":"product_cat-industriale","10":"first","11":"outofstock","12":"shipping-taxable","13":"product-type-variable"},"acf":[],"yoast_head":"<!-- This site is optimized with the Yoast SEO plugin v27.5 - https:\/\/yoast.com\/product\/yoast-seo-wordpress\/ -->\n<title>Serie 600-F: Attrezzatura per la macinazione del caff\u00e8 ad alto volume - Modern Process Equipment precisione<\/title>\n<meta name=\"description\" content=\"Il granulizzatore per caff\u00e8 modello 600 serie F pu\u00f2 raggiungere fino a 450 kg\/ora di caff\u00e8 perfettamente macinato. MPE \u00e8 il leader mondiale nelle attrezzature industriali per la macinazione del caff\u00e8.\" \/>\n<meta name=\"robots\" content=\"index, follow, max-snippet:-1, max-image-preview:large, max-video-preview:-1\" \/>\n<link rel=\"canonical\" href=\"https:\/\/www.mpechicago.com\/it\/product\/serie-600-f-2\/\" \/>\n<meta property=\"og:locale\" content=\"it_IT\" \/>\n<meta property=\"og:type\" content=\"article\" \/>\n<meta property=\"og:title\" content=\"Serie 600-F: Attrezzatura per la macinazione del caff\u00e8 ad alto volume - Modern Process Equipment precisione\" \/>\n<meta property=\"og:description\" content=\"Il granulizzatore per caff\u00e8 modello 600 serie F pu\u00f2 raggiungere fino a 450 kg\/ora di caff\u00e8 perfettamente macinato. MPE \u00e8 il leader mondiale nelle attrezzature industriali per la macinazione del caff\u00e8.\" \/>\n<meta property=\"og:url\" content=\"https:\/\/www.mpechicago.com\/it\/product\/serie-600-f-2\/\" \/>\n<meta property=\"og:site_name\" content=\"Modern Process Equipment\" \/>\n<meta property=\"og:image\" content=\"https:\/\/www.mpechicago.com\/wp-content\/uploads\/2019\/12\/MPE-600-F_0.png\" \/>\n\t<meta property=\"og:image:width\" content=\"600\" \/>\n\t<meta property=\"og:image:height\" content=\"601\" \/>\n\t<meta property=\"og:image:type\" content=\"image\/png\" \/>\n<meta name=\"twitter:card\" content=\"summary_large_image\" \/>\n<script type=\"application\/ld+json\" class=\"yoast-schema-graph\">{\"@context\":\"https:\\\/\\\/schema.org\",\"@graph\":[{\"@type\":\"WebPage\",\"@id\":\"https:\\\/\\\/www.mpechicago.com\\\/it\\\/product\\\/serie-600-f-2\\\/\",\"url\":\"https:\\\/\\\/www.mpechicago.com\\\/it\\\/product\\\/serie-600-f-2\\\/\",\"name\":\"Serie 600-F: Attrezzatura per la macinazione del caff\u00e8 ad alto volume - Modern Process Equipment precisione\",\"isPartOf\":{\"@id\":\"https:\\\/\\\/www.mpechicago.com\\\/it\\\/#website\"},\"primaryImageOfPage\":{\"@id\":\"https:\\\/\\\/www.mpechicago.com\\\/it\\\/product\\\/serie-600-f-2\\\/#primaryimage\"},\"image\":{\"@id\":\"https:\\\/\\\/www.mpechicago.com\\\/it\\\/product\\\/serie-600-f-2\\\/#primaryimage\"},\"thumbnailUrl\":\"https:\\\/\\\/www.mpechicago.com\\\/wp-content\\\/uploads\\\/2019\\\/12\\\/MPE-600-F_0.png\",\"datePublished\":\"2019-12-17T13:27:22+00:00\",\"description\":\"Il granulizzatore per caff\u00e8 modello 600 serie F pu\u00f2 raggiungere fino a 450 kg\\\/ora di caff\u00e8 perfettamente macinato. MPE \u00e8 il leader mondiale nelle attrezzature industriali per la macinazione del caff\u00e8.\",\"breadcrumb\":{\"@id\":\"https:\\\/\\\/www.mpechicago.com\\\/it\\\/product\\\/serie-600-f-2\\\/#breadcrumb\"},\"inLanguage\":\"it-IT\",\"potentialAction\":[{\"@type\":\"ReadAction\",\"target\":[\"https:\\\/\\\/www.mpechicago.com\\\/it\\\/product\\\/serie-600-f-2\\\/\"]}]},{\"@type\":\"ImageObject\",\"inLanguage\":\"it-IT\",\"@id\":\"https:\\\/\\\/www.mpechicago.com\\\/it\\\/product\\\/serie-600-f-2\\\/#primaryimage\",\"url\":\"https:\\\/\\\/www.mpechicago.com\\\/wp-content\\\/uploads\\\/2019\\\/12\\\/MPE-600-F_0.png\",\"contentUrl\":\"https:\\\/\\\/www.mpechicago.com\\\/wp-content\\\/uploads\\\/2019\\\/12\\\/MPE-600-F_0.png\",\"width\":600,\"height\":601,\"caption\":\"MPE-600-F\"},{\"@type\":\"BreadcrumbList\",\"@id\":\"https:\\\/\\\/www.mpechicago.com\\\/it\\\/product\\\/serie-600-f-2\\\/#breadcrumb\",\"itemListElement\":[{\"@type\":\"ListItem\",\"position\":1,\"name\":\"Home\",\"item\":\"https:\\\/\\\/www.mpechicago.com\\\/it\\\/\"},{\"@type\":\"ListItem\",\"position\":2,\"name\":\"Private: Shop\",\"item\":\"https:\\\/\\\/www.mpechicago.com\\\/?page_id=1006\"},{\"@type\":\"ListItem\",\"position\":3,\"name\":\"Serie 600 F\"}]},{\"@type\":\"WebSite\",\"@id\":\"https:\\\/\\\/www.mpechicago.com\\\/it\\\/#website\",\"url\":\"https:\\\/\\\/www.mpechicago.com\\\/it\\\/\",\"name\":\"Modern Process Equipment\",\"description\":\"\",\"publisher\":{\"@id\":\"https:\\\/\\\/www.mpechicago.com\\\/it\\\/#organization\"},\"potentialAction\":[{\"@type\":\"SearchAction\",\"target\":{\"@type\":\"EntryPoint\",\"urlTemplate\":\"https:\\\/\\\/www.mpechicago.com\\\/it\\\/?s={search_term_string}\"},\"query-input\":{\"@type\":\"PropertyValueSpecification\",\"valueRequired\":true,\"valueName\":\"search_term_string\"}}],\"inLanguage\":\"it-IT\"},{\"@type\":\"Organization\",\"@id\":\"https:\\\/\\\/www.mpechicago.com\\\/it\\\/#organization\",\"name\":\"Modern Process Equipment\",\"url\":\"https:\\\/\\\/www.mpechicago.com\\\/it\\\/\",\"logo\":{\"@type\":\"ImageObject\",\"inLanguage\":\"it-IT\",\"@id\":\"https:\\\/\\\/www.mpechicago.com\\\/it\\\/#\\\/schema\\\/logo\\\/image\\\/\",\"url\":\"https:\\\/\\\/www.mpechicago.com\\\/wp-content\\\/uploads\\\/2019\\\/12\\\/logo.png\",\"contentUrl\":\"https:\\\/\\\/www.mpechicago.com\\\/wp-content\\\/uploads\\\/2019\\\/12\\\/logo.png\",\"width\":200,\"height\":91,\"caption\":\"Modern Process Equipment\"},\"image\":{\"@id\":\"https:\\\/\\\/www.mpechicago.com\\\/it\\\/#\\\/schema\\\/logo\\\/image\\\/\"}}]}<\/script>\n<!-- \/ Yoast SEO plugin. -->","yoast_head_json":{"title":"Serie 600-F: Attrezzatura per la macinazione del caff\u00e8 ad alto volume - Modern Process Equipment precisione","description":"Il granulizzatore per caff\u00e8 modello 600 serie F pu\u00f2 raggiungere fino a 450 kg\/ora di caff\u00e8 perfettamente macinato. MPE \u00e8 il leader mondiale nelle attrezzature industriali per la macinazione del caff\u00e8.","robots":{"index":"index","follow":"follow","max-snippet":"max-snippet:-1","max-image-preview":"max-image-preview:large","max-video-preview":"max-video-preview:-1"},"canonical":"https:\/\/www.mpechicago.com\/it\/product\/serie-600-f-2\/","og_locale":"it_IT","og_type":"article","og_title":"Serie 600-F: Attrezzatura per la macinazione del caff\u00e8 ad alto volume - Modern Process Equipment precisione","og_description":"Il granulizzatore per caff\u00e8 modello 600 serie F pu\u00f2 raggiungere fino a 450 kg\/ora di caff\u00e8 perfettamente macinato. MPE \u00e8 il leader mondiale nelle attrezzature industriali per la macinazione del caff\u00e8.","og_url":"https:\/\/www.mpechicago.com\/it\/product\/serie-600-f-2\/","og_site_name":"Modern Process Equipment","og_image":[{"width":600,"height":601,"url":"https:\/\/www.mpechicago.com\/wp-content\/uploads\/2019\/12\/MPE-600-F_0.png","type":"image\/png"}],"twitter_card":"summary_large_image","schema":{"@context":"https:\/\/schema.org","@graph":[{"@type":"WebPage","@id":"https:\/\/www.mpechicago.com\/it\/product\/serie-600-f-2\/","url":"https:\/\/www.mpechicago.com\/it\/product\/serie-600-f-2\/","name":"Serie 600-F: Attrezzatura per la macinazione del caff\u00e8 ad alto volume - Modern Process Equipment precisione","isPartOf":{"@id":"https:\/\/www.mpechicago.com\/it\/#website"},"primaryImageOfPage":{"@id":"https:\/\/www.mpechicago.com\/it\/product\/serie-600-f-2\/#primaryimage"},"image":{"@id":"https:\/\/www.mpechicago.com\/it\/product\/serie-600-f-2\/#primaryimage"},"thumbnailUrl":"https:\/\/www.mpechicago.com\/wp-content\/uploads\/2019\/12\/MPE-600-F_0.png","datePublished":"2019-12-17T13:27:22+00:00","description":"Il granulizzatore per caff\u00e8 modello 600 serie F pu\u00f2 raggiungere fino a 450 kg\/ora di caff\u00e8 perfettamente macinato. MPE \u00e8 il leader mondiale nelle attrezzature industriali per la macinazione del caff\u00e8.","breadcrumb":{"@id":"https:\/\/www.mpechicago.com\/it\/product\/serie-600-f-2\/#breadcrumb"},"inLanguage":"it-IT","potentialAction":[{"@type":"ReadAction","target":["https:\/\/www.mpechicago.com\/it\/product\/serie-600-f-2\/"]}]},{"@type":"ImageObject","inLanguage":"it-IT","@id":"https:\/\/www.mpechicago.com\/it\/product\/serie-600-f-2\/#primaryimage","url":"https:\/\/www.mpechicago.com\/wp-content\/uploads\/2019\/12\/MPE-600-F_0.png","contentUrl":"https:\/\/www.mpechicago.com\/wp-content\/uploads\/2019\/12\/MPE-600-F_0.png","width":600,"height":601,"caption":"MPE-600-F"},{"@type":"BreadcrumbList","@id":"https:\/\/www.mpechicago.com\/it\/product\/serie-600-f-2\/#breadcrumb","itemListElement":[{"@type":"ListItem","position":1,"name":"Home","item":"https:\/\/www.mpechicago.com\/it\/"},{"@type":"ListItem","position":2,"name":"Private: Shop","item":"https:\/\/www.mpechicago.com\/?page_id=1006"},{"@type":"ListItem","position":3,"name":"Serie 600 F"}]},{"@type":"WebSite","@id":"https:\/\/www.mpechicago.com\/it\/#website","url":"https:\/\/www.mpechicago.com\/it\/","name":"Modern Process Equipment","description":"","publisher":{"@id":"https:\/\/www.mpechicago.com\/it\/#organization"},"potentialAction":[{"@type":"SearchAction","target":{"@type":"EntryPoint","urlTemplate":"https:\/\/www.mpechicago.com\/it\/?s={search_term_string}"},"query-input":{"@type":"PropertyValueSpecification","valueRequired":true,"valueName":"search_term_string"}}],"inLanguage":"it-IT"},{"@type":"Organization","@id":"https:\/\/www.mpechicago.com\/it\/#organization","name":"Modern Process Equipment","url":"https:\/\/www.mpechicago.com\/it\/","logo":{"@type":"ImageObject","inLanguage":"it-IT","@id":"https:\/\/www.mpechicago.com\/it\/#\/schema\/logo\/image\/","url":"https:\/\/www.mpechicago.com\/wp-content\/uploads\/2019\/12\/logo.png","contentUrl":"https:\/\/www.mpechicago.com\/wp-content\/uploads\/2019\/12\/logo.png","width":200,"height":91,"caption":"Modern Process Equipment"},"image":{"@id":"https:\/\/www.mpechicago.com\/it\/#\/schema\/logo\/image\/"}}]}},"_links":{"self":[{"href":"https:\/\/www.mpechicago.com\/it\/wp-json\/wp\/v2\/product\/37135","targetHints":{"allow":["GET"]}}],"collection":[{"href":"https:\/\/www.mpechicago.com\/it\/wp-json\/wp\/v2\/product"}],"about":[{"href":"https:\/\/www.mpechicago.com\/it\/wp-json\/wp\/v2\/types\/product"}],"replies":[{"embeddable":true,"href":"https:\/\/www.mpechicago.com\/it\/wp-json\/wp\/v2\/comments?post=37135"}],"wp:featuredmedia":[{"embeddable":true,"href":"https:\/\/www.mpechicago.com\/it\/wp-json\/wp\/v2\/media\/1666"}],"wp:attachment":[{"href":"https:\/\/www.mpechicago.com\/it\/wp-json\/wp\/v2\/media?parent=37135"}],"wp:term":[{"taxonomy":"product_brand","embeddable":true,"href":"https:\/\/www.mpechicago.com\/it\/wp-json\/wp\/v2\/product_brand?post=37135"},{"taxonomy":"product_cat","embeddable":true,"href":"https:\/\/www.mpechicago.com\/it\/wp-json\/wp\/v2\/product_cat?post=37135"},{"taxonomy":"product_tag","embeddable":true,"href":"https:\/\/www.mpechicago.com\/it\/wp-json\/wp\/v2\/product_tag?post=37135"}],"curies":[{"name":"wp","href":"https:\/\/api.w.org\/{rel}","templated":true}]}}