{"id":36532,"date":"2019-12-11T10:37:28","date_gmt":"2019-12-11T16:37:28","guid":{"rendered":"https:\/\/www.mpechicago.com\/trasportatori-tubolari-a-trascinamento-chain-vey\/retrofit-del-trasportatore-di-cavi\/"},"modified":"2025-06-24T20:57:00","modified_gmt":"2025-06-25T01:57:00","slug":"retrofit-del-trasportatore-di-cavi","status":"publish","type":"page","link":"https:\/\/www.mpechicago.com\/it\/trasportatori-tubolari-a-trascinamento-chain-vey\/retrofit-del-trasportatore-di-cavi\/","title":{"rendered":"Retrofit del trasportatore di cavi"},"content":{"rendered":"<div class=\"wp-bootstrap-blocks-row\">\n\t<div class=\"row\">\n\t\t\n\n<div class=\"col-12 col-md-9 col-lg-9 col-xl-9\">\n\t<div class=\"\">\n\t\t\n\n<h1 class=\"wp-block-heading page-title pt-20\">Retrofit da Cavo a Chain-Vey<\/h1>\n\n\n\n<h3 class=\"wp-block-heading\">Quanto denaro spendi ogni anno per sostituire i cavi rotti? Il nostro team di ingegneri Chain-Vey ha sviluppato una semplice soluzione di retrofit per i proprietari che desiderano spendere meno tempo e denaro per componenti, tempi di fermo e manutenzione dei trasportatori a cavo.<\/h3>\n\n\n\n<p>Poich\u00e9 i principali trasportatori a cavo e i trasportatori a tubo Chain-Vey condividono entrambi dimensioni e design dei tubi quasi identici, \u00e8 in realt\u00e0 abbastanza facile sostituire l\u2019interno di un\u2019installazione esistente. Anche i turnaround e le unit\u00e0 di trasmissione in genere devono essere sostituiti; ma i risparmi totali sono grandi se si confrontano le due opzioni. <\/p>\n\n\n\n<p>Chiama i nostri tecnici di vendita Chain-Vey per discutere i prezzi e le specifiche del kit. Il tempo per produrre un kit pu\u00f2 essere di poche settimane. L\u2019installazione richiede meno di un giorno, forse anche mezza giornata. Chain-Vey garantisce che la catena non si romper\u00e0 o si spezzer\u00e0 mai. Inoltre, avrai meno intervalli di manutenzione e minori costi per i pezzi di ricambio all\u2019anno rispetto al cavo esistente. <\/p>\n\n\t<\/div>\n<\/div>\n\n\n\n<div class=\"col-12 col-md-3 col-lg-3 col-xl-3\">\n\t<div class=\"\">\n\t\t\n\n<h3 class=\"wp-block-heading has-text-align-left Pageblock-subtitle pt-20 has-text-color\" style=\"color:#e9b516\">&#8220;Un grande valore per il retrofit. Una buona soluzione ai problemi che avevamo.&#8221;<\/h3>\n\n\n\n<p>\u2015Joel Bean, Farmingham Foods<\/p>\n\n\n<div class=\"wp-bootstrap-blocks-button\">\n\t<a href=\"http:\/\/www.mpechicago.com\/it\/wp-content\/uploads\/2025\/02\/Chain%20vs%20Cable%20Case%20Study%20(1)%2002172025.pdf\" class=\"btn btn-warning\">\n\t\tScarica il Nostro PDF sulle Differenze tra Trasportatori a Cavo e Chain-Vey\t<\/a>\n<\/div>\n\n\t<\/div>\n<\/div>\n\n\t<\/div>\n<\/div>\n\n\n\n<h2 class=\"wp-block-heading has-text-align-center text-uppercase\">Vantaggi della Conversione<\/h2>\n\n\n<div class=\"wp-bootstrap-blocks-row\">\n\t<div class=\"row no-gutters\">\n\t\t\n\n<div class=\"col-12 col-md-6\">\n\t<div class=\"\">\n\t\t\n\n<figure class=\"wp-block-image size-large\"><img fetchpriority=\"high\" decoding=\"async\" width=\"1024\" height=\"806\" src=\"http:\/\/www.mpechicago.com\/wp-content\/uploads\/2023\/08\/Kit-1024x806.jpg\" alt=\"Kit di conversione da cavo a catena\" class=\"wp-image-14757\" srcset=\"https:\/\/www.mpechicago.com\/wp-content\/uploads\/2023\/08\/Kit-1024x806.jpg 1024w, https:\/\/www.mpechicago.com\/wp-content\/uploads\/2023\/08\/Kit-600x472.jpg 600w, https:\/\/www.mpechicago.com\/wp-content\/uploads\/2023\/08\/Kit-768x605.jpg 768w, https:\/\/www.mpechicago.com\/wp-content\/uploads\/2023\/08\/Kit-1536x1209.jpg 1536w, https:\/\/www.mpechicago.com\/wp-content\/uploads\/2023\/08\/Kit-1200x945.jpg 1200w, https:\/\/www.mpechicago.com\/wp-content\/uploads\/2023\/08\/Kit.jpg 1650w\" sizes=\"(max-width: 1024px) 100vw, 1024px\" \/><\/figure>\n\n\t<\/div>\n<\/div>\n\n\n\n<div class=\"col-12 col-md-6 Pageblock-textWrapper\">\n\t<div class=\"\">\n\t\t\n\n<h2 class=\"wp-block-heading text-uppercase\">Design Semplice<\/h2>\n\n\n\n<p>Il Cable-to-Chain-Vey Retrofit \u00e8 un semplice kit in tre parti, che comprende una trasmissione, un turnaround e una catena di ricambio. Il tubo\/tubo esistente e gli ingressi e gli scarichi rimangono in posizione. I tempi di inattivit\u00e0 per effettuare la conversione sono minimi e la maggior parte dei vantaggi di Chain-Vey si ottiene a un prezzo conveniente. <\/p>\n\n\t<\/div>\n<\/div>\n\n\t<\/div>\n<\/div>\n\n\n<div class=\"wp-bootstrap-blocks-row\">\n\t<div class=\"row no-gutters\">\n\t\t\n\n<div class=\"col-12 col-md-6 order-lg-1\">\n\t<div class=\"\">\n\t\t\n\n<figure class=\"wp-block-image size-large\"><img decoding=\"async\" width=\"1024\" height=\"807\" src=\"http:\/\/www.mpechicago.com\/wp-content\/uploads\/2023\/08\/Strength-Image-3-1024x807.jpg\" alt=\"Grafico della resistenza della catena rispetto al cavo per i trasportatori, risultati dei test di laboratorio\" class=\"wp-image-14776\" srcset=\"https:\/\/www.mpechicago.com\/wp-content\/uploads\/2023\/08\/Strength-Image-3-1024x807.jpg 1024w, https:\/\/www.mpechicago.com\/wp-content\/uploads\/2023\/08\/Strength-Image-3-600x473.jpg 600w, https:\/\/www.mpechicago.com\/wp-content\/uploads\/2023\/08\/Strength-Image-3-768x605.jpg 768w, https:\/\/www.mpechicago.com\/wp-content\/uploads\/2023\/08\/Strength-Image-3-1536x1210.jpg 1536w, https:\/\/www.mpechicago.com\/wp-content\/uploads\/2023\/08\/Strength-Image-3-1200x945.jpg 1200w, https:\/\/www.mpechicago.com\/wp-content\/uploads\/2023\/08\/Strength-Image-3.jpg 1650w\" sizes=\"(max-width: 1024px) 100vw, 1024px\" \/><\/figure>\n\n\t<\/div>\n<\/div>\n\n\n\n<div class=\"col-12 col-md-6 Pageblock-textWrapper alignment-right\">\n\t<div class=\"\">\n\t\t\n\n<h2 class=\"wp-block-heading text-uppercase\">Maggiore Resistenza alla Trazione<\/h2>\n\n\n\n<p>I test di laboratorio mostrano come la catena offra una resistenza alla trazione quasi quattro volte superiore rispetto a un campione di cavo per trasportatori a cavo leader. Ci\u00f2 \u00e8 coerente con i precedenti proprietari di sistemi di trasporto dei cavi che ora possiedono sistemi Chain-Vey che la catena \u00e8 pi\u00f9 affidabile e non si rompe. <\/p>\n\n\t<\/div>\n<\/div>\n\n\t<\/div>\n<\/div>\n\n\n<div class=\"wp-bootstrap-blocks-row\">\n\t<div class=\"row no-gutters\">\n\t\t\n\n<div class=\"col-12 col-md-6\">\n\t<div class=\"\">\n\t\t\n\n<figure class=\"wp-block-image size-large mb-0\"><img decoding=\"async\" width=\"1024\" height=\"807\" src=\"http:\/\/www.mpechicago.com\/wp-content\/uploads\/2023\/08\/HACCP-1024x807.jpg\" alt=\"Confronto tra catena e cavo per gli standard igienici dei trasportatori\" class=\"wp-image-14756\" srcset=\"https:\/\/www.mpechicago.com\/wp-content\/uploads\/2023\/08\/HACCP-1024x807.jpg 1024w, https:\/\/www.mpechicago.com\/wp-content\/uploads\/2023\/08\/HACCP-600x473.jpg 600w, https:\/\/www.mpechicago.com\/wp-content\/uploads\/2023\/08\/HACCP-768x605.jpg 768w, https:\/\/www.mpechicago.com\/wp-content\/uploads\/2023\/08\/HACCP-1536x1210.jpg 1536w, https:\/\/www.mpechicago.com\/wp-content\/uploads\/2023\/08\/HACCP-1200x945.jpg 1200w, https:\/\/www.mpechicago.com\/wp-content\/uploads\/2023\/08\/HACCP.jpg 1650w\" sizes=\"(max-width: 1024px) 100vw, 1024px\" \/><\/figure>\n\n\t<\/div>\n<\/div>\n\n\n\n<div class=\"col-12 col-md-6 Pageblock-textWrapper\">\n\t<div class=\"\">\n\t\t\n\n<h2 class=\"wp-block-heading text-uppercase\">Migliori Standard Critici di Sicurezza Alimentare<\/h2>\n\n\n\n<p>La catena non ha punti di rifugio per le particelle di cibo. Il cavo, tuttavia, offre molti punti in cui le particelle di cibo possono rimanere attaccate al cavo. La soluzione dei produttori di cavi \u00e8 quella di avvolgere il cavo con un rivestimento in nylon. Questo \u00e8 efficace solo finch\u00e9 la guaina \u00e8 intatta. Nel corso del tempo, tuttavia, numerosi proprietari di cavi con rivestimento in nylon possono vedere crepe e degrado nel nylon, rivelando punti di rifugio per le particelle di cibo. La catena, anche negli anni di utilizzo, non si degrada, non si screpola ed \u00e8 impermeabile alle particelle di cibo. <\/p>\n\n\t<\/div>\n<\/div>\n\n\t<\/div>\n<\/div>\n\n\n<div class=\"wp-bootstrap-blocks-row\">\n\t<div class=\"row no-gutters\">\n\t\t\n\n<div class=\"col-12 col-md-6 order-lg-1\">\n\t<div class=\"\">\n\t\t\n\n<figure class=\"wp-block-image size-large\"><img loading=\"lazy\" decoding=\"async\" width=\"1024\" height=\"806\" src=\"http:\/\/www.mpechicago.com\/wp-content\/uploads\/2023\/08\/Costs-over-time-1024x806.jpg\" alt=\"Confronto tra catena e cavo per costi e manutenzione\" class=\"wp-image-14755\" srcset=\"https:\/\/www.mpechicago.com\/wp-content\/uploads\/2023\/08\/Costs-over-time-1024x806.jpg 1024w, https:\/\/www.mpechicago.com\/wp-content\/uploads\/2023\/08\/Costs-over-time-600x472.jpg 600w, https:\/\/www.mpechicago.com\/wp-content\/uploads\/2023\/08\/Costs-over-time-768x605.jpg 768w, https:\/\/www.mpechicago.com\/wp-content\/uploads\/2023\/08\/Costs-over-time-1536x1209.jpg 1536w, https:\/\/www.mpechicago.com\/wp-content\/uploads\/2023\/08\/Costs-over-time-1200x945.jpg 1200w, https:\/\/www.mpechicago.com\/wp-content\/uploads\/2023\/08\/Costs-over-time.jpg 1650w\" sizes=\"(max-width: 1024px) 100vw, 1024px\" \/><\/figure>\n\n\t<\/div>\n<\/div>\n\n\n\n<div class=\"col-12 col-md-6 Pageblock-textWrapper alignment-right\">\n\t<div class=\"\">\n\t\t\n\n<h2 class=\"wp-block-heading text-uppercase\">Costo Totale di Possesso Inferiore<\/h2>\n\n\n\n<p>Molti clienti precedenti di sistemi di trasporto a fune, che ora possiedono Chain-Vey, attestano i minori tempi di fermo per la manutenzione e i minori costi delle parti di ricambio nel corso della vita di propriet\u00e0 di ciascun sistema.<\/p>\n\n\t<\/div>\n<\/div>\n\n\t<\/div>\n<\/div>\n\n\n\n<hr class=\"wp-block-separator has-alpha-channel-opacity\"\/>\n\n\n\n<h2 class=\"wp-block-heading has-text-align-center text-uppercase\">Domande Frequenti<\/h2>\n\n\n\n<div class=\"wp-block-melonpan-block-container\"><div class=\"mbc-container mbc-padding_top-20 mbc-padding_bottom-20 mbc-padding_left-20 mbc-padding_right-20 mbc-padding_top_small_screen-20 mbc-padding_bottom_small_screen-20 mbc-padding_left_small_screen-20 mbc-padding_right_small_screen-20\"><div class=\"mbc-background mbc-background_fixed-disabled mbc-shadow_width-0 mbc-border_width-0\"><\/div><div class=\"mbc-content mbc-content_maxwidth-1100 mbc-content_align-center\">\n<div class=\"wp-block-pb-accordion-item c-accordion__item js-accordion-item no-js\" data-initially-open=\"false\" data-click-to-close=\"true\" data-auto-close=\"true\" data-scroll=\"false\" data-scroll-offset=\"0\"><h2 id=\"at-11008\" class=\"c-accordion__title js-accordion-controller\" role=\"button\">Les cha\u00eenes dureront-elles \u00e9ternellement ?<\/h2><div id=\"ac-11008\" class=\"c-accordion__content\">\n<p>Les cha\u00eenes sont si robustes qu \u201celles dureront tr\u00e8s longtemps. Elles peuvent l\u00e9g\u00e8rement s\u201d allonger au cours de leur dur\u00e9e de vie, mais le tendeur absorbera tout allongement. <\/p>\n<\/div><\/div>\n\n\n\n<div class=\"wp-block-pb-accordion-item c-accordion__item js-accordion-item no-js\" data-initially-open=\"false\" data-click-to-close=\"true\" data-auto-close=\"true\" data-scroll=\"false\" data-scroll-offset=\"0\"><h2 id=\"at-110012\" class=\"c-accordion__title js-accordion-controller\" role=\"button\">Les cha\u00eenes se tordent-elles jamais \u00e0 l \u201cint\u00e9rieur d\u201d un syst\u00e8me ?<\/h2><div id=\"ac-110012\" class=\"c-accordion__content\">\n<p>Les cha\u00eenes ne se tordent que si elles ne sont pas install\u00e9es correctement, ce qui n\u00e9cessite tout au plus quelques minutes de soin suppl\u00e9mentaires lors de l&#8217;installation. Une fois la cha\u00eene correctement install\u00e9e, elle ne se tord plus jamais. <\/p>\n\n\n\n<p>Si vous introduisez accidentellement une torsion, cela ne ruinera pas votre convoyeur ni la cha\u00eene. Il suffit d \u201carr\u00eater le convoyeur, de localiser la torsion, de desserrer la tension, de d\u00e9visser le maillon de connexion et de faire pivoter jusqu\u201d \u00e0 ce que la torsion soit \u00e9limin\u00e9e. Resserrez ensuite la tension. Probl\u00e8me r\u00e9solu.   <\/p>\n<\/div><\/div>\n\n\n\n<div class=\"wp-block-pb-accordion-item c-accordion__item js-accordion-item no-js\" data-initially-open=\"false\" data-click-to-close=\"true\" data-auto-close=\"true\" data-scroll=\"false\" data-scroll-offset=\"0\"><h2 id=\"at-110010\" class=\"c-accordion__title js-accordion-controller\" role=\"button\">Est-ce difficile d&#8217;installer la cha\u00eene ?<\/h2><div id=\"ac-110010\" class=\"c-accordion__content\">\n<p>Absolument pas. Il est vraiment facile d&#8217;installer la cha\u00eene, quel que soit le nombre de virages ou de changements de direction. Vous n&#8217;avez qu&#8217;\u00e0 la faire passer comme vous le feriez avec un c\u00e2ble, en vous assurant que les maillons sont orient\u00e9s dans la m\u00eame direction.  <\/p>\n<\/div><\/div>\n\n\n\n<div class=\"wp-block-pb-accordion-item c-accordion__item js-accordion-item no-js\" data-initially-open=\"false\" data-click-to-close=\"true\" data-auto-close=\"true\" data-scroll=\"false\" data-scroll-offset=\"0\"><h2 id=\"at-110011\" class=\"c-accordion__title js-accordion-controller\" role=\"button\">Vendez-vous d&#8217;autres pi\u00e8ces de rechange pour convoyeurs \u00e0 c\u00e2ble ?<\/h2><div id=\"ac-110011\" class=\"c-accordion__content\">\n<p>Chain-Vey est un produit fabriqu\u00e9 par MPE et nous n&#8217;avons aucune affiliation avec un fabricant de convoyeurs \u00e0 tube-c\u00e2ble.<\/p>\n\n\n\n<p>De nombreux composants individuels sont totalement diff\u00e9rents. Pour les clients effectuant une mise \u00e0 niveau, tous les composants fournis par MPE peuvent \u00eatre r\u00e9par\u00e9s ou remplac\u00e9s par nos soins. En revanche, pour toute pi\u00e8ce restante provenant du fabricant d&#8217;origine, il convient de la se procurer aupr\u00e8s de celui-ci.  <\/p>\n\n\n\n<p><\/p>\n<\/div><\/div>\n<\/div><\/div><\/div>\n","protected":false},"excerpt":{"rendered":"<p>Vantaggi della Conversione Domande Frequenti<\/p>\n","protected":false},"author":20,"featured_media":37971,"parent":36026,"menu_order":0,"comment_status":"closed","ping_status":"closed","template":"","meta":{"_acf_changed":false,"content-type":"","rs_blank_template":"","rs_page_bg_color":"","slide_template_v7":"","footnotes":""},"class_list":["post-36532","page","type-page","status-publish","has-post-thumbnail","hentry"],"acf":[],"yoast_head":"<!-- This site is optimized with the Yoast SEO plugin v27.5 - https:\/\/yoast.com\/product\/yoast-seo-wordpress\/ -->\n<title>Sistema di progettazione del trasportatore di cavi Opzioni di retrofit - Modern Process Equipment<\/title>\n<meta name=\"description\" content=\"Le opzioni di retrofit del sistema di progettazione del trasportatore a cavo a Chain-Vey di Modern Process Equipment offrono opzioni pi\u00f9 forti ed efficienti.\" \/>\n<meta name=\"robots\" content=\"index, follow, max-snippet:-1, max-image-preview:large, max-video-preview:-1\" \/>\n<link rel=\"canonical\" href=\"https:\/\/www.mpechicago.com\/it\/trasportatori-tubolari-a-trascinamento-chain-vey\/retrofit-del-trasportatore-di-cavi\/\" \/>\n<meta property=\"og:locale\" content=\"it_IT\" \/>\n<meta property=\"og:type\" content=\"article\" \/>\n<meta property=\"og:title\" content=\"Sistema di progettazione del trasportatore di cavi Opzioni di retrofit - Modern Process Equipment\" \/>\n<meta property=\"og:description\" content=\"Le opzioni di retrofit del sistema di progettazione del trasportatore a cavo a Chain-Vey di Modern Process Equipment offrono opzioni pi\u00f9 forti ed efficienti.\" \/>\n<meta property=\"og:url\" content=\"https:\/\/www.mpechicago.com\/it\/trasportatori-tubolari-a-trascinamento-chain-vey\/retrofit-del-trasportatore-di-cavi\/\" \/>\n<meta property=\"og:site_name\" content=\"Modern Process Equipment\" \/>\n<meta property=\"article:modified_time\" content=\"2025-06-25T01:57:00+00:00\" \/>\n<meta property=\"og:image\" content=\"https:\/\/www.mpechicago.com\/wp-content\/uploads\/2019\/12\/Cable_to_Chain_Retrofit_header.png\" \/>\n\t<meta property=\"og:image:width\" content=\"1900\" \/>\n\t<meta property=\"og:image:height\" content=\"297\" \/>\n\t<meta property=\"og:image:type\" content=\"image\/png\" \/>\n<meta name=\"twitter:card\" content=\"summary_large_image\" \/>\n<meta name=\"twitter:label1\" content=\"Tempo di lettura stimato\" \/>\n\t<meta name=\"twitter:data1\" content=\"6 minuti\" \/>\n<script type=\"application\/ld+json\" class=\"yoast-schema-graph\">{\"@context\":\"https:\\\/\\\/schema.org\",\"@graph\":[{\"@type\":\"WebPage\",\"@id\":\"https:\\\/\\\/www.mpechicago.com\\\/it\\\/trasportatori-tubolari-a-trascinamento-chain-vey\\\/retrofit-del-trasportatore-di-cavi\\\/\",\"url\":\"https:\\\/\\\/www.mpechicago.com\\\/it\\\/trasportatori-tubolari-a-trascinamento-chain-vey\\\/retrofit-del-trasportatore-di-cavi\\\/\",\"name\":\"Sistema di progettazione del trasportatore di cavi Opzioni di retrofit - Modern Process Equipment\",\"isPartOf\":{\"@id\":\"https:\\\/\\\/www.mpechicago.com\\\/it\\\/#website\"},\"primaryImageOfPage\":{\"@id\":\"https:\\\/\\\/www.mpechicago.com\\\/it\\\/trasportatori-tubolari-a-trascinamento-chain-vey\\\/retrofit-del-trasportatore-di-cavi\\\/#primaryimage\"},\"image\":{\"@id\":\"https:\\\/\\\/www.mpechicago.com\\\/it\\\/trasportatori-tubolari-a-trascinamento-chain-vey\\\/retrofit-del-trasportatore-di-cavi\\\/#primaryimage\"},\"thumbnailUrl\":\"https:\\\/\\\/www.mpechicago.com\\\/wp-content\\\/uploads\\\/2019\\\/12\\\/Cable_to_Chain_Retrofit_header.png\",\"datePublished\":\"2019-12-11T16:37:28+00:00\",\"dateModified\":\"2025-06-25T01:57:00+00:00\",\"description\":\"Le opzioni di retrofit del sistema di progettazione del trasportatore a cavo a Chain-Vey di Modern Process Equipment offrono opzioni pi\u00f9 forti ed efficienti.\",\"breadcrumb\":{\"@id\":\"https:\\\/\\\/www.mpechicago.com\\\/it\\\/trasportatori-tubolari-a-trascinamento-chain-vey\\\/retrofit-del-trasportatore-di-cavi\\\/#breadcrumb\"},\"inLanguage\":\"it-IT\",\"potentialAction\":[{\"@type\":\"ReadAction\",\"target\":[\"https:\\\/\\\/www.mpechicago.com\\\/it\\\/trasportatori-tubolari-a-trascinamento-chain-vey\\\/retrofit-del-trasportatore-di-cavi\\\/\"]}]},{\"@type\":\"ImageObject\",\"inLanguage\":\"it-IT\",\"@id\":\"https:\\\/\\\/www.mpechicago.com\\\/it\\\/trasportatori-tubolari-a-trascinamento-chain-vey\\\/retrofit-del-trasportatore-di-cavi\\\/#primaryimage\",\"url\":\"https:\\\/\\\/www.mpechicago.com\\\/wp-content\\\/uploads\\\/2019\\\/12\\\/Cable_to_Chain_Retrofit_header.png\",\"contentUrl\":\"https:\\\/\\\/www.mpechicago.com\\\/wp-content\\\/uploads\\\/2019\\\/12\\\/Cable_to_Chain_Retrofit_header.png\",\"width\":1900,\"height\":297,\"caption\":\"Cable_to_Chain_Retrofit_header\"},{\"@type\":\"BreadcrumbList\",\"@id\":\"https:\\\/\\\/www.mpechicago.com\\\/it\\\/trasportatori-tubolari-a-trascinamento-chain-vey\\\/retrofit-del-trasportatore-di-cavi\\\/#breadcrumb\",\"itemListElement\":[{\"@type\":\"ListItem\",\"position\":1,\"name\":\"Home\",\"item\":\"https:\\\/\\\/www.mpechicago.com\\\/it\\\/\"},{\"@type\":\"ListItem\",\"position\":2,\"name\":\"Trasportatori tubolari a trascinamento Chain-Vey\",\"item\":\"https:\\\/\\\/www.mpechicago.com\\\/it\\\/trasportatori-tubolari-a-trascinamento-chain-vey\\\/\"},{\"@type\":\"ListItem\",\"position\":3,\"name\":\"Retrofit del trasportatore di cavi\"}]},{\"@type\":\"WebSite\",\"@id\":\"https:\\\/\\\/www.mpechicago.com\\\/it\\\/#website\",\"url\":\"https:\\\/\\\/www.mpechicago.com\\\/it\\\/\",\"name\":\"Modern Process Equipment\",\"description\":\"\",\"publisher\":{\"@id\":\"https:\\\/\\\/www.mpechicago.com\\\/it\\\/#organization\"},\"potentialAction\":[{\"@type\":\"SearchAction\",\"target\":{\"@type\":\"EntryPoint\",\"urlTemplate\":\"https:\\\/\\\/www.mpechicago.com\\\/it\\\/?s={search_term_string}\"},\"query-input\":{\"@type\":\"PropertyValueSpecification\",\"valueRequired\":true,\"valueName\":\"search_term_string\"}}],\"inLanguage\":\"it-IT\"},{\"@type\":\"Organization\",\"@id\":\"https:\\\/\\\/www.mpechicago.com\\\/it\\\/#organization\",\"name\":\"Modern Process Equipment\",\"url\":\"https:\\\/\\\/www.mpechicago.com\\\/it\\\/\",\"logo\":{\"@type\":\"ImageObject\",\"inLanguage\":\"it-IT\",\"@id\":\"https:\\\/\\\/www.mpechicago.com\\\/it\\\/#\\\/schema\\\/logo\\\/image\\\/\",\"url\":\"https:\\\/\\\/www.mpechicago.com\\\/wp-content\\\/uploads\\\/2019\\\/12\\\/logo.png\",\"contentUrl\":\"https:\\\/\\\/www.mpechicago.com\\\/wp-content\\\/uploads\\\/2019\\\/12\\\/logo.png\",\"width\":200,\"height\":91,\"caption\":\"Modern Process Equipment\"},\"image\":{\"@id\":\"https:\\\/\\\/www.mpechicago.com\\\/it\\\/#\\\/schema\\\/logo\\\/image\\\/\"}}]}<\/script>\n<!-- \/ Yoast SEO plugin. -->","yoast_head_json":{"title":"Sistema di progettazione del trasportatore di cavi Opzioni di retrofit - Modern Process Equipment","description":"Le opzioni di retrofit del sistema di progettazione del trasportatore a cavo a Chain-Vey di Modern Process Equipment offrono opzioni pi\u00f9 forti ed efficienti.","robots":{"index":"index","follow":"follow","max-snippet":"max-snippet:-1","max-image-preview":"max-image-preview:large","max-video-preview":"max-video-preview:-1"},"canonical":"https:\/\/www.mpechicago.com\/it\/trasportatori-tubolari-a-trascinamento-chain-vey\/retrofit-del-trasportatore-di-cavi\/","og_locale":"it_IT","og_type":"article","og_title":"Sistema di progettazione del trasportatore di cavi Opzioni di retrofit - Modern Process Equipment","og_description":"Le opzioni di retrofit del sistema di progettazione del trasportatore a cavo a Chain-Vey di Modern Process Equipment offrono opzioni pi\u00f9 forti ed efficienti.","og_url":"https:\/\/www.mpechicago.com\/it\/trasportatori-tubolari-a-trascinamento-chain-vey\/retrofit-del-trasportatore-di-cavi\/","og_site_name":"Modern Process Equipment","article_modified_time":"2025-06-25T01:57:00+00:00","og_image":[{"width":1900,"height":297,"url":"https:\/\/www.mpechicago.com\/wp-content\/uploads\/2019\/12\/Cable_to_Chain_Retrofit_header.png","type":"image\/png"}],"twitter_card":"summary_large_image","twitter_misc":{"Tempo di lettura stimato":"6 minuti"},"schema":{"@context":"https:\/\/schema.org","@graph":[{"@type":"WebPage","@id":"https:\/\/www.mpechicago.com\/it\/trasportatori-tubolari-a-trascinamento-chain-vey\/retrofit-del-trasportatore-di-cavi\/","url":"https:\/\/www.mpechicago.com\/it\/trasportatori-tubolari-a-trascinamento-chain-vey\/retrofit-del-trasportatore-di-cavi\/","name":"Sistema di progettazione del trasportatore di cavi Opzioni di retrofit - Modern Process Equipment","isPartOf":{"@id":"https:\/\/www.mpechicago.com\/it\/#website"},"primaryImageOfPage":{"@id":"https:\/\/www.mpechicago.com\/it\/trasportatori-tubolari-a-trascinamento-chain-vey\/retrofit-del-trasportatore-di-cavi\/#primaryimage"},"image":{"@id":"https:\/\/www.mpechicago.com\/it\/trasportatori-tubolari-a-trascinamento-chain-vey\/retrofit-del-trasportatore-di-cavi\/#primaryimage"},"thumbnailUrl":"https:\/\/www.mpechicago.com\/wp-content\/uploads\/2019\/12\/Cable_to_Chain_Retrofit_header.png","datePublished":"2019-12-11T16:37:28+00:00","dateModified":"2025-06-25T01:57:00+00:00","description":"Le opzioni di retrofit del sistema di progettazione del trasportatore a cavo a Chain-Vey di Modern Process Equipment offrono opzioni pi\u00f9 forti ed efficienti.","breadcrumb":{"@id":"https:\/\/www.mpechicago.com\/it\/trasportatori-tubolari-a-trascinamento-chain-vey\/retrofit-del-trasportatore-di-cavi\/#breadcrumb"},"inLanguage":"it-IT","potentialAction":[{"@type":"ReadAction","target":["https:\/\/www.mpechicago.com\/it\/trasportatori-tubolari-a-trascinamento-chain-vey\/retrofit-del-trasportatore-di-cavi\/"]}]},{"@type":"ImageObject","inLanguage":"it-IT","@id":"https:\/\/www.mpechicago.com\/it\/trasportatori-tubolari-a-trascinamento-chain-vey\/retrofit-del-trasportatore-di-cavi\/#primaryimage","url":"https:\/\/www.mpechicago.com\/wp-content\/uploads\/2019\/12\/Cable_to_Chain_Retrofit_header.png","contentUrl":"https:\/\/www.mpechicago.com\/wp-content\/uploads\/2019\/12\/Cable_to_Chain_Retrofit_header.png","width":1900,"height":297,"caption":"Cable_to_Chain_Retrofit_header"},{"@type":"BreadcrumbList","@id":"https:\/\/www.mpechicago.com\/it\/trasportatori-tubolari-a-trascinamento-chain-vey\/retrofit-del-trasportatore-di-cavi\/#breadcrumb","itemListElement":[{"@type":"ListItem","position":1,"name":"Home","item":"https:\/\/www.mpechicago.com\/it\/"},{"@type":"ListItem","position":2,"name":"Trasportatori tubolari a trascinamento Chain-Vey","item":"https:\/\/www.mpechicago.com\/it\/trasportatori-tubolari-a-trascinamento-chain-vey\/"},{"@type":"ListItem","position":3,"name":"Retrofit del trasportatore di cavi"}]},{"@type":"WebSite","@id":"https:\/\/www.mpechicago.com\/it\/#website","url":"https:\/\/www.mpechicago.com\/it\/","name":"Modern Process Equipment","description":"","publisher":{"@id":"https:\/\/www.mpechicago.com\/it\/#organization"},"potentialAction":[{"@type":"SearchAction","target":{"@type":"EntryPoint","urlTemplate":"https:\/\/www.mpechicago.com\/it\/?s={search_term_string}"},"query-input":{"@type":"PropertyValueSpecification","valueRequired":true,"valueName":"search_term_string"}}],"inLanguage":"it-IT"},{"@type":"Organization","@id":"https:\/\/www.mpechicago.com\/it\/#organization","name":"Modern Process Equipment","url":"https:\/\/www.mpechicago.com\/it\/","logo":{"@type":"ImageObject","inLanguage":"it-IT","@id":"https:\/\/www.mpechicago.com\/it\/#\/schema\/logo\/image\/","url":"https:\/\/www.mpechicago.com\/wp-content\/uploads\/2019\/12\/logo.png","contentUrl":"https:\/\/www.mpechicago.com\/wp-content\/uploads\/2019\/12\/logo.png","width":200,"height":91,"caption":"Modern Process Equipment"},"image":{"@id":"https:\/\/www.mpechicago.com\/it\/#\/schema\/logo\/image\/"}}]}},"_links":{"self":[{"href":"https:\/\/www.mpechicago.com\/it\/wp-json\/wp\/v2\/pages\/36532","targetHints":{"allow":["GET"]}}],"collection":[{"href":"https:\/\/www.mpechicago.com\/it\/wp-json\/wp\/v2\/pages"}],"about":[{"href":"https:\/\/www.mpechicago.com\/it\/wp-json\/wp\/v2\/types\/page"}],"author":[{"embeddable":true,"href":"https:\/\/www.mpechicago.com\/it\/wp-json\/wp\/v2\/users\/20"}],"replies":[{"embeddable":true,"href":"https:\/\/www.mpechicago.com\/it\/wp-json\/wp\/v2\/comments?post=36532"}],"version-history":[{"count":2,"href":"https:\/\/www.mpechicago.com\/it\/wp-json\/wp\/v2\/pages\/36532\/revisions"}],"predecessor-version":[{"id":37973,"href":"https:\/\/www.mpechicago.com\/it\/wp-json\/wp\/v2\/pages\/36532\/revisions\/37973"}],"up":[{"embeddable":true,"href":"https:\/\/www.mpechicago.com\/it\/wp-json\/wp\/v2\/pages\/36026"}],"wp:featuredmedia":[{"embeddable":true,"href":"https:\/\/www.mpechicago.com\/it\/wp-json\/wp\/v2\/media\/37971"}],"wp:attachment":[{"href":"https:\/\/www.mpechicago.com\/it\/wp-json\/wp\/v2\/media?parent=36532"}],"curies":[{"name":"wp","href":"https:\/\/api.w.org\/{rel}","templated":true}]}}