{"id":36482,"date":"2019-12-11T10:49:54","date_gmt":"2019-12-11T16:49:54","guid":{"rendered":"https:\/\/www.mpechicago.com\/posizioni-aperte\/"},"modified":"2025-06-19T10:50:53","modified_gmt":"2025-06-19T15:50:53","slug":"posizioni-aperte","status":"publish","type":"page","link":"https:\/\/www.mpechicago.com\/it\/posizioni-aperte\/","title":{"rendered":"Posizioni aperte"},"content":{"rendered":"<div class=\"wp-bootstrap-blocks-row mb-5\">\n\t<div class=\"row\">\n\t\t\n\n<div class=\"col-12 col-md-9 col-lg-9 col-xl-8\">\n\t<div class=\"\">\n\t\t\n\n<h1 class=\"wp-block-heading\">Careers at MPE<\/h1>\n\n\n\n<p class=\"intro\">Siamo sempre alla ricerca di persone di talento da inserire nella nostra azienda.<\/p>\n\n\n\n<figure class=\"wp-block-embed is-type-video is-provider-vimeo wp-block-embed-vimeo wp-embed-aspect-16-9 wp-has-aspect-ratio\"><div class=\"wp-block-embed__wrapper\">\n<iframe title=\"Imagine Yourself at MPE\" src=\"https:\/\/player.vimeo.com\/video\/811412969?dnt=1&amp;app_id=122963\" width=\"580\" height=\"326\" frameborder=\"0\" allow=\"autoplay; fullscreen; picture-in-picture; clipboard-write; encrypted-media; web-share\"><\/iframe>\n<\/div><figcaption class=\"wp-element-caption\">Alcuni membri del nostro team ci spiegano un po \u201ci prodotti che realizziamo e com\u201d \u00e8 lavorare in MPE.<\/figcaption><\/figure>\n\n\n\n<p>Da oltre 65 anni, MPE \u00e8 leader del settore per la progettazione e la produzione di macinatori industriali, nastri trasportatori e sistemi di impianti completi per l&#8217;industria del caff\u00e8 e alimentare. Sebbene abbiamo una ricca storia nella lavorazione del caff\u00e8 (oltre il 90% della quota di mercato in Nord America per la produzione di caff\u00e8 macinato), altri settori includono cibo, cibo per animali domestici, birrifici artigianali, noci essiccate, cereali e prodotti chimici. Tutti i nostri prodotti sono progettati e realizzati presso il nostro stabilimento di Chicago, IL.    <\/p>\n\n\n\n<h5 class=\"wp-block-heading\">We are an equal opportunity employer and value diversity. We welcome  you to view our open positions below and provide your information  though our submission form.<\/h5>\n\n\n\n<div style=\"height:45px\" aria-hidden=\"true\" class=\"wp-block-spacer\"><\/div>\n\n\n\n<h2 class=\"wp-block-heading has-text-align-center\">Find Your Next Career At MPE<\/h2>\n\n\n\n<div style=\"height:26px\" aria-hidden=\"true\" class=\"wp-block-spacer\"><\/div>\n\n\n\n<div style=\"height:26px\" aria-hidden=\"true\" class=\"wp-block-spacer\"><\/div>\n\n\n<div class=\"wp-bootstrap-blocks-button text-center\">\n\t<a href=\"https:\/\/mpechicago.prevueaps.com\/jobs\/\" class=\"btn btn-primary\">\n\t\tSee All Open MPE Opportunities\t<\/a>\n<\/div>\n\n\n\n<div style=\"height:26px\" aria-hidden=\"true\" class=\"wp-block-spacer\"><\/div>\n\n\t<\/div>\n<\/div>\n\n\n\n<div class=\"col-12 col-md-3 col-lg-3 col-xl-4\">\n\t<div class=\"\">\n\t\t\n\n<figure class=\"wp-block-image size-full\"><img fetchpriority=\"high\" decoding=\"async\" width=\"500\" height=\"357\" src=\"http:\/\/www.mpechicago.com\/wp-content\/uploads\/2021\/10\/MPE-Volunteering-Web-2.gif\" alt=\"\" class=\"wp-image-12136\"\/><figcaption class=\"wp-element-caption\">MPE offers an dynamic, team-orientated company culture. We&#8217;re a family-owned company and we believe in doing the right thing for our employees always and our communities.<\/figcaption><\/figure>\n\n\n\n<h3 class=\"wp-block-heading\">MPE&#8217;s culture    <\/h3>\n\n\n\n<ul class=\"wp-block-list\">\n<li>Un&#8217;azienda privata in crescita, redditizia e che valorizza il rispetto per ogni persona, la risoluzione creativa dei problemi, la qualit\u00e0 e il lavoro di squadra.<\/li>\n\n\n\n<li>Una posizione stimolante in cui puoi plasmare la tua carriera, creare le tue opportunit\u00e0 e crescere al massimo delle tue potenzialit\u00e0.<\/li>\n\n\n\n<li>Un ambiente di lavoro divertente ed emozionante incentrato sulla tecnologia all&#8217;avanguardia.<\/li>\n<\/ul>\n\n\n\n<h3 class=\"wp-block-heading\">Perks of working at MPE    <\/h3>\n\n\n\n<ul class=\"wp-block-list\">\n<li>Situato a Little Village offre deliziosi ristoranti e negozi di alimentari nelle vicinanze<\/li>\n\n\n\n<li>Palestra aziendale completa in loco<\/li>\n\n\n\n<li>Scrivanie in piedi<\/li>\n\n\n\n<li>Ampio parco con campi da tennis e basket all&#8217;esterno<\/li>\n\n\n\n<li>Macchina per caff\u00e8 espresso Sanremo professionale e macchina da caff\u00e8 monodose Bunn in cucina<\/li>\n\n\n\n<li>Ampio parcheggio<\/li>\n<\/ul>\n\n\t<\/div>\n<\/div>\n\n\t<\/div>\n<\/div>\n","protected":false},"excerpt":{"rendered":"","protected":false},"author":20,"featured_media":0,"parent":0,"menu_order":0,"comment_status":"closed","ping_status":"closed","template":"","meta":{"_acf_changed":false,"content-type":"","rs_blank_template":"","rs_page_bg_color":"","slide_template_v7":"","footnotes":""},"class_list":["post-36482","page","type-page","status-publish","hentry"],"acf":[],"yoast_head":"<!-- This site is optimized with the Yoast SEO plugin v27.4 - https:\/\/yoast.com\/product\/yoast-seo-wordpress\/ -->\n<title>Opportunit\u00e0 di lavoro in MPE - Modern Process Equipment<\/title>\n<meta name=\"description\" content=\"Da quasi sessant \u201canni, MPE \u00e8 leader del settore nella progettazione e produzione di macinatori industriali, trasportatori e sistemi di impianti completi per l\u201d industria del caff\u00e8 e alimentare. Sebbene abbiamo una ricca storia nella lavorazione del caff\u00e8 (oltre il 90% della quota di mercato in Nord America per la produzione di caff\u00e8 macinato), altri settori includono cibo, cibo per animali domestici, birrifici artigianali, noci essiccate, cereali e prodotti chimici. Tutti i nostri prodotti sono progettati e realizzati presso il nostro stabilimento di Chicago, IL.\" \/>\n<meta name=\"robots\" content=\"index, follow, max-snippet:-1, max-image-preview:large, max-video-preview:-1\" \/>\n<link rel=\"canonical\" href=\"https:\/\/www.mpechicago.com\/it\/posizioni-aperte\/\" \/>\n<meta property=\"og:locale\" content=\"it_IT\" \/>\n<meta property=\"og:type\" content=\"article\" \/>\n<meta property=\"og:title\" content=\"Opportunit\u00e0 di lavoro in MPE - Modern Process Equipment\" \/>\n<meta property=\"og:description\" content=\"Da quasi sessant \u201canni, MPE \u00e8 leader del settore nella progettazione e produzione di macinatori industriali, trasportatori e sistemi di impianti completi per l\u201d industria del caff\u00e8 e alimentare. Sebbene abbiamo una ricca storia nella lavorazione del caff\u00e8 (oltre il 90% della quota di mercato in Nord America per la produzione di caff\u00e8 macinato), altri settori includono cibo, cibo per animali domestici, birrifici artigianali, noci essiccate, cereali e prodotti chimici. Tutti i nostri prodotti sono progettati e realizzati presso il nostro stabilimento di Chicago, IL.\" \/>\n<meta property=\"og:url\" content=\"https:\/\/www.mpechicago.com\/it\/posizioni-aperte\/\" \/>\n<meta property=\"og:site_name\" content=\"Modern Process Equipment\" \/>\n<meta property=\"article:modified_time\" content=\"2025-06-19T15:50:53+00:00\" \/>\n<meta property=\"og:image\" content=\"http:\/\/www.mpechicago.com\/wp-content\/uploads\/2021\/10\/MPE-Volunteering-Web-2.gif\" \/>\n<meta name=\"twitter:card\" content=\"summary_large_image\" \/>\n<meta name=\"twitter:label1\" content=\"Tempo di lettura stimato\" \/>\n\t<meta name=\"twitter:data1\" content=\"1 minuto\" \/>\n<script type=\"application\/ld+json\" class=\"yoast-schema-graph\">{\"@context\":\"https:\\\/\\\/schema.org\",\"@graph\":[{\"@type\":\"WebPage\",\"@id\":\"https:\\\/\\\/www.mpechicago.com\\\/it\\\/posizioni-aperte\\\/\",\"url\":\"https:\\\/\\\/www.mpechicago.com\\\/it\\\/posizioni-aperte\\\/\",\"name\":\"Opportunit\u00e0 di lavoro in MPE - Modern Process Equipment\",\"isPartOf\":{\"@id\":\"https:\\\/\\\/www.mpechicago.com\\\/it\\\/#website\"},\"primaryImageOfPage\":{\"@id\":\"https:\\\/\\\/www.mpechicago.com\\\/it\\\/posizioni-aperte\\\/#primaryimage\"},\"image\":{\"@id\":\"https:\\\/\\\/www.mpechicago.com\\\/it\\\/posizioni-aperte\\\/#primaryimage\"},\"thumbnailUrl\":\"http:\\\/\\\/www.mpechicago.com\\\/wp-content\\\/uploads\\\/2021\\\/10\\\/MPE-Volunteering-Web-2.gif\",\"datePublished\":\"2019-12-11T16:49:54+00:00\",\"dateModified\":\"2025-06-19T15:50:53+00:00\",\"description\":\"Da quasi sessant \u201canni, MPE \u00e8 leader del settore nella progettazione e produzione di macinatori industriali, trasportatori e sistemi di impianti completi per l\u201d industria del caff\u00e8 e alimentare. Sebbene abbiamo una ricca storia nella lavorazione del caff\u00e8 (oltre il 90% della quota di mercato in Nord America per la produzione di caff\u00e8 macinato), altri settori includono cibo, cibo per animali domestici, birrifici artigianali, noci essiccate, cereali e prodotti chimici. Tutti i nostri prodotti sono progettati e realizzati presso il nostro stabilimento di Chicago, IL.\",\"breadcrumb\":{\"@id\":\"https:\\\/\\\/www.mpechicago.com\\\/it\\\/posizioni-aperte\\\/#breadcrumb\"},\"inLanguage\":\"it-IT\",\"potentialAction\":[{\"@type\":\"ReadAction\",\"target\":[\"https:\\\/\\\/www.mpechicago.com\\\/it\\\/posizioni-aperte\\\/\"]}]},{\"@type\":\"ImageObject\",\"inLanguage\":\"it-IT\",\"@id\":\"https:\\\/\\\/www.mpechicago.com\\\/it\\\/posizioni-aperte\\\/#primaryimage\",\"url\":\"http:\\\/\\\/www.mpechicago.com\\\/wp-content\\\/uploads\\\/2021\\\/10\\\/MPE-Volunteering-Web-2.gif\",\"contentUrl\":\"http:\\\/\\\/www.mpechicago.com\\\/wp-content\\\/uploads\\\/2021\\\/10\\\/MPE-Volunteering-Web-2.gif\"},{\"@type\":\"BreadcrumbList\",\"@id\":\"https:\\\/\\\/www.mpechicago.com\\\/it\\\/posizioni-aperte\\\/#breadcrumb\",\"itemListElement\":[{\"@type\":\"ListItem\",\"position\":1,\"name\":\"Home\",\"item\":\"https:\\\/\\\/www.mpechicago.com\\\/it\\\/\"},{\"@type\":\"ListItem\",\"position\":2,\"name\":\"Posizioni aperte\"}]},{\"@type\":\"WebSite\",\"@id\":\"https:\\\/\\\/www.mpechicago.com\\\/it\\\/#website\",\"url\":\"https:\\\/\\\/www.mpechicago.com\\\/it\\\/\",\"name\":\"Modern Process Equipment\",\"description\":\"\",\"publisher\":{\"@id\":\"https:\\\/\\\/www.mpechicago.com\\\/it\\\/#organization\"},\"potentialAction\":[{\"@type\":\"SearchAction\",\"target\":{\"@type\":\"EntryPoint\",\"urlTemplate\":\"https:\\\/\\\/www.mpechicago.com\\\/it\\\/?s={search_term_string}\"},\"query-input\":{\"@type\":\"PropertyValueSpecification\",\"valueRequired\":true,\"valueName\":\"search_term_string\"}}],\"inLanguage\":\"it-IT\"},{\"@type\":\"Organization\",\"@id\":\"https:\\\/\\\/www.mpechicago.com\\\/it\\\/#organization\",\"name\":\"Modern Process Equipment\",\"url\":\"https:\\\/\\\/www.mpechicago.com\\\/it\\\/\",\"logo\":{\"@type\":\"ImageObject\",\"inLanguage\":\"it-IT\",\"@id\":\"https:\\\/\\\/www.mpechicago.com\\\/it\\\/#\\\/schema\\\/logo\\\/image\\\/\",\"url\":\"https:\\\/\\\/www.mpechicago.com\\\/wp-content\\\/uploads\\\/2019\\\/12\\\/logo.png\",\"contentUrl\":\"https:\\\/\\\/www.mpechicago.com\\\/wp-content\\\/uploads\\\/2019\\\/12\\\/logo.png\",\"width\":200,\"height\":91,\"caption\":\"Modern Process Equipment\"},\"image\":{\"@id\":\"https:\\\/\\\/www.mpechicago.com\\\/it\\\/#\\\/schema\\\/logo\\\/image\\\/\"}}]}<\/script>\n<!-- \/ Yoast SEO plugin. -->","yoast_head_json":{"title":"Opportunit\u00e0 di lavoro in MPE - Modern Process Equipment","description":"Da quasi sessant \u201canni, MPE \u00e8 leader del settore nella progettazione e produzione di macinatori industriali, trasportatori e sistemi di impianti completi per l\u201d industria del caff\u00e8 e alimentare. Sebbene abbiamo una ricca storia nella lavorazione del caff\u00e8 (oltre il 90% della quota di mercato in Nord America per la produzione di caff\u00e8 macinato), altri settori includono cibo, cibo per animali domestici, birrifici artigianali, noci essiccate, cereali e prodotti chimici. Tutti i nostri prodotti sono progettati e realizzati presso il nostro stabilimento di Chicago, IL.","robots":{"index":"index","follow":"follow","max-snippet":"max-snippet:-1","max-image-preview":"max-image-preview:large","max-video-preview":"max-video-preview:-1"},"canonical":"https:\/\/www.mpechicago.com\/it\/posizioni-aperte\/","og_locale":"it_IT","og_type":"article","og_title":"Opportunit\u00e0 di lavoro in MPE - Modern Process Equipment","og_description":"Da quasi sessant \u201canni, MPE \u00e8 leader del settore nella progettazione e produzione di macinatori industriali, trasportatori e sistemi di impianti completi per l\u201d industria del caff\u00e8 e alimentare. Sebbene abbiamo una ricca storia nella lavorazione del caff\u00e8 (oltre il 90% della quota di mercato in Nord America per la produzione di caff\u00e8 macinato), altri settori includono cibo, cibo per animali domestici, birrifici artigianali, noci essiccate, cereali e prodotti chimici. Tutti i nostri prodotti sono progettati e realizzati presso il nostro stabilimento di Chicago, IL.","og_url":"https:\/\/www.mpechicago.com\/it\/posizioni-aperte\/","og_site_name":"Modern Process Equipment","article_modified_time":"2025-06-19T15:50:53+00:00","og_image":[{"url":"http:\/\/www.mpechicago.com\/wp-content\/uploads\/2021\/10\/MPE-Volunteering-Web-2.gif","type":"","width":"","height":""}],"twitter_card":"summary_large_image","twitter_misc":{"Tempo di lettura stimato":"1 minuto"},"schema":{"@context":"https:\/\/schema.org","@graph":[{"@type":"WebPage","@id":"https:\/\/www.mpechicago.com\/it\/posizioni-aperte\/","url":"https:\/\/www.mpechicago.com\/it\/posizioni-aperte\/","name":"Opportunit\u00e0 di lavoro in MPE - Modern Process Equipment","isPartOf":{"@id":"https:\/\/www.mpechicago.com\/it\/#website"},"primaryImageOfPage":{"@id":"https:\/\/www.mpechicago.com\/it\/posizioni-aperte\/#primaryimage"},"image":{"@id":"https:\/\/www.mpechicago.com\/it\/posizioni-aperte\/#primaryimage"},"thumbnailUrl":"http:\/\/www.mpechicago.com\/wp-content\/uploads\/2021\/10\/MPE-Volunteering-Web-2.gif","datePublished":"2019-12-11T16:49:54+00:00","dateModified":"2025-06-19T15:50:53+00:00","description":"Da quasi sessant \u201canni, MPE \u00e8 leader del settore nella progettazione e produzione di macinatori industriali, trasportatori e sistemi di impianti completi per l\u201d industria del caff\u00e8 e alimentare. Sebbene abbiamo una ricca storia nella lavorazione del caff\u00e8 (oltre il 90% della quota di mercato in Nord America per la produzione di caff\u00e8 macinato), altri settori includono cibo, cibo per animali domestici, birrifici artigianali, noci essiccate, cereali e prodotti chimici. Tutti i nostri prodotti sono progettati e realizzati presso il nostro stabilimento di Chicago, IL.","breadcrumb":{"@id":"https:\/\/www.mpechicago.com\/it\/posizioni-aperte\/#breadcrumb"},"inLanguage":"it-IT","potentialAction":[{"@type":"ReadAction","target":["https:\/\/www.mpechicago.com\/it\/posizioni-aperte\/"]}]},{"@type":"ImageObject","inLanguage":"it-IT","@id":"https:\/\/www.mpechicago.com\/it\/posizioni-aperte\/#primaryimage","url":"http:\/\/www.mpechicago.com\/wp-content\/uploads\/2021\/10\/MPE-Volunteering-Web-2.gif","contentUrl":"http:\/\/www.mpechicago.com\/wp-content\/uploads\/2021\/10\/MPE-Volunteering-Web-2.gif"},{"@type":"BreadcrumbList","@id":"https:\/\/www.mpechicago.com\/it\/posizioni-aperte\/#breadcrumb","itemListElement":[{"@type":"ListItem","position":1,"name":"Home","item":"https:\/\/www.mpechicago.com\/it\/"},{"@type":"ListItem","position":2,"name":"Posizioni aperte"}]},{"@type":"WebSite","@id":"https:\/\/www.mpechicago.com\/it\/#website","url":"https:\/\/www.mpechicago.com\/it\/","name":"Modern Process Equipment","description":"","publisher":{"@id":"https:\/\/www.mpechicago.com\/it\/#organization"},"potentialAction":[{"@type":"SearchAction","target":{"@type":"EntryPoint","urlTemplate":"https:\/\/www.mpechicago.com\/it\/?s={search_term_string}"},"query-input":{"@type":"PropertyValueSpecification","valueRequired":true,"valueName":"search_term_string"}}],"inLanguage":"it-IT"},{"@type":"Organization","@id":"https:\/\/www.mpechicago.com\/it\/#organization","name":"Modern Process Equipment","url":"https:\/\/www.mpechicago.com\/it\/","logo":{"@type":"ImageObject","inLanguage":"it-IT","@id":"https:\/\/www.mpechicago.com\/it\/#\/schema\/logo\/image\/","url":"https:\/\/www.mpechicago.com\/wp-content\/uploads\/2019\/12\/logo.png","contentUrl":"https:\/\/www.mpechicago.com\/wp-content\/uploads\/2019\/12\/logo.png","width":200,"height":91,"caption":"Modern Process Equipment"},"image":{"@id":"https:\/\/www.mpechicago.com\/it\/#\/schema\/logo\/image\/"}}]}},"_links":{"self":[{"href":"https:\/\/www.mpechicago.com\/it\/wp-json\/wp\/v2\/pages\/36482","targetHints":{"allow":["GET"]}}],"collection":[{"href":"https:\/\/www.mpechicago.com\/it\/wp-json\/wp\/v2\/pages"}],"about":[{"href":"https:\/\/www.mpechicago.com\/it\/wp-json\/wp\/v2\/types\/page"}],"author":[{"embeddable":true,"href":"https:\/\/www.mpechicago.com\/it\/wp-json\/wp\/v2\/users\/20"}],"replies":[{"embeddable":true,"href":"https:\/\/www.mpechicago.com\/it\/wp-json\/wp\/v2\/comments?post=36482"}],"version-history":[{"count":1,"href":"https:\/\/www.mpechicago.com\/it\/wp-json\/wp\/v2\/pages\/36482\/revisions"}],"predecessor-version":[{"id":36488,"href":"https:\/\/www.mpechicago.com\/it\/wp-json\/wp\/v2\/pages\/36482\/revisions\/36488"}],"wp:attachment":[{"href":"https:\/\/www.mpechicago.com\/it\/wp-json\/wp\/v2\/media?parent=36482"}],"curies":[{"name":"wp","href":"https:\/\/api.w.org\/{rel}","templated":true}]}}