{"id":36130,"date":"2020-02-04T19:56:13","date_gmt":"2020-02-05T01:56:13","guid":{"rendered":"https:\/\/www.mpechicago.com\/caffe-medio\/"},"modified":"2025-06-19T10:52:37","modified_gmt":"2025-06-19T15:52:37","slug":"caffe-medio","status":"publish","type":"page","link":"https:\/\/www.mpechicago.com\/it\/risolvere-complesse-sfide-dellingegneria-di-processo\/applicazioni-e-casi-di-studio\/caffe-medio\/","title":{"rendered":"Caff\u00e8 medio"},"content":{"rendered":"\t\t<style type=\"text\/css\">\r\n\t\t\t#masygal-masonry-gallery-4538a.item {\r\n\t\t\t\ttext-decoration: none !important;\r\n\t\t\t\tbox-shadow: none !important;\r\n\t\t\t}\r\n\t\t<\/style>\r\n\r\n\t\t<div id=\"masygal-masonry-gallery-4538\">\r\n\t\t\t\t\t\t\t\t<a class=\"item\"   data-fancybox=\"gallery\" href=\"https:\/\/www.mpechicago.com\/it\/wp-content\/uploads\/2020\/01\/Coffee-Grinding-and-Conveyance-System-scaled.jpg\" >\r\n\t\t\t\t\t\t<img decoding=\"async\" src=\"https:\/\/www.mpechicago.com\/wp-content\/uploads\/2020\/01\/Coffee-Grinding-and-Conveyance-System-scaled.jpg\">\r\n\t\t\t\t\t<\/a>\r\n\t\t\t\t\t\t\t\t<a class=\"item\"   data-fancybox=\"gallery\" href=\"https:\/\/www.mpechicago.com\/it\/wp-content\/uploads\/2020\/01\/Coffee-Loss-in-Weight-Storage-System-scaled.jpg\" >\r\n\t\t\t\t\t\t<img decoding=\"async\" src=\"https:\/\/www.mpechicago.com\/wp-content\/uploads\/2020\/01\/Coffee-Loss-in-Weight-Storage-System-scaled.jpg\">\r\n\t\t\t\t\t<\/a>\r\n\t\t\t\t\t\t\t\t<a class=\"item\"   data-fancybox=\"gallery\" href=\"https:\/\/www.mpechicago.com\/it\/wp-content\/uploads\/2020\/01\/Coffee-Unloading-Cleaning-Sorting-and-Transportation-System-scaled.jpg\" >\r\n\t\t\t\t\t\t<img decoding=\"async\" src=\"https:\/\/www.mpechicago.com\/wp-content\/uploads\/2020\/01\/Coffee-Unloading-Cleaning-Sorting-and-Transportation-System-scaled.jpg\">\r\n\t\t\t\t\t<\/a>\r\n\t\t\t\t\t\t\t\t<a class=\"item\"   data-fancybox=\"gallery\" href=\"https:\/\/www.mpechicago.com\/it\/wp-content\/uploads\/2020\/01\/Complete-Coffee-Manufacturing-Facility-scaled.jpg\" >\r\n\t\t\t\t\t\t<img decoding=\"async\" src=\"https:\/\/www.mpechicago.com\/wp-content\/uploads\/2020\/01\/Complete-Coffee-Manufacturing-Facility-scaled.jpg\">\r\n\t\t\t\t\t<\/a>\r\n\t\t\t\t\t\t\t\t<a class=\"item\"   data-fancybox=\"gallery\" href=\"https:\/\/www.mpechicago.com\/it\/wp-content\/uploads\/2020\/01\/Dry-Bulk-Material-Cleaning-Storage-scaled-e1581506756437.jpg\" >\r\n\t\t\t\t\t\t<img decoding=\"async\" src=\"https:\/\/www.mpechicago.com\/wp-content\/uploads\/2020\/01\/Dry-Bulk-Material-Cleaning-Storage-scaled-e1581506756437.jpg\">\r\n\t\t\t\t\t<\/a>\r\n\t\t\t\t\t\t\t\t<a class=\"item\"   data-fancybox=\"gallery\" href=\"https:\/\/www.mpechicago.com\/it\/wp-content\/uploads\/2020\/01\/Food-Storage-Blending-and-Transportation-System-scaled.jpg\" >\r\n\t\t\t\t\t\t<img decoding=\"async\" src=\"https:\/\/www.mpechicago.com\/wp-content\/uploads\/2020\/01\/Food-Storage-Blending-and-Transportation-System-scaled.jpg\">\r\n\t\t\t\t\t<\/a>\r\n\t\t\t\t\t\t\t\t<a class=\"item\"   data-fancybox=\"gallery\" href=\"https:\/\/www.mpechicago.com\/it\/wp-content\/uploads\/2020\/01\/Green-Coffee-Unloading-Cleaning-and-Storage-System-scaled.jpg\" >\r\n\t\t\t\t\t\t<img decoding=\"async\" src=\"https:\/\/www.mpechicago.com\/wp-content\/uploads\/2020\/01\/Green-Coffee-Unloading-Cleaning-and-Storage-System-scaled.jpg\">\r\n\t\t\t\t\t<\/a>\r\n\t\t\t\t\t\t\t\t<a class=\"item\"   data-fancybox=\"gallery\" href=\"https:\/\/www.mpechicago.com\/it\/wp-content\/uploads\/2020\/01\/Modular-Coffee-Plant-Design-and-Layout.jpg\" >\r\n\t\t\t\t\t\t<img decoding=\"async\" src=\"https:\/\/www.mpechicago.com\/wp-content\/uploads\/2020\/01\/Modular-Coffee-Plant-Design-and-Layout.jpg\">\r\n\t\t\t\t\t<\/a>\r\n\t\t\t\t\t\t\t\t<a class=\"item\"   data-fancybox=\"gallery\" href=\"https:\/\/www.mpechicago.com\/it\/wp-content\/uploads\/2020\/01\/Bulk-Coffee-Cleaning-Storage-and-Weighing-System-scaled.jpg\" >\r\n\t\t\t\t\t\t<img decoding=\"async\" src=\"https:\/\/www.mpechicago.com\/wp-content\/uploads\/2020\/01\/Bulk-Coffee-Cleaning-Storage-and-Weighing-System-scaled.jpg\">\r\n\t\t\t\t\t<\/a>\r\n\t\t\t\t\t\t\t\t<a class=\"item\"   data-fancybox=\"gallery\" href=\"https:\/\/www.mpechicago.com\/it\/wp-content\/uploads\/2020\/01\/Bulk-Coffee-Cleaning-Storage-Weighing-System-scaled.jpg\" >\r\n\t\t\t\t\t\t<img decoding=\"async\" src=\"https:\/\/www.mpechicago.com\/wp-content\/uploads\/2020\/01\/Bulk-Coffee-Cleaning-Storage-Weighing-System-scaled.jpg\">\r\n\t\t\t\t\t<\/a>\r\n\t\t\t\t\t\t\t\t<a class=\"item\"   data-fancybox=\"gallery\" href=\"https:\/\/www.mpechicago.com\/it\/wp-content\/uploads\/2020\/01\/Bulk-Material-Feeding-from-Totes-scaled.jpg\" >\r\n\t\t\t\t\t\t<img decoding=\"async\" src=\"https:\/\/www.mpechicago.com\/wp-content\/uploads\/2020\/01\/Bulk-Material-Feeding-from-Totes-scaled.jpg\">\r\n\t\t\t\t\t<\/a>\r\n\t\t\t\t\t\t\t\t<a class=\"item\"   data-fancybox=\"gallery\" href=\"https:\/\/www.mpechicago.com\/it\/wp-content\/uploads\/2020\/01\/Coffee-Blending-and-Transportation-System--scaled.jpg\" >\r\n\t\t\t\t\t\t<img decoding=\"async\" src=\"https:\/\/www.mpechicago.com\/wp-content\/uploads\/2020\/01\/Coffee-Blending-and-Transportation-System--scaled.jpg\">\r\n\t\t\t\t\t<\/a>\r\n\t\t\t\t\t\t\t\t<a class=\"item\"   data-fancybox=\"gallery\" href=\"https:\/\/www.mpechicago.com\/it\/wp-content\/uploads\/2020\/01\/Coffee-Blending-and-Transportation-System-scaled.jpg\" >\r\n\t\t\t\t\t\t<img decoding=\"async\" src=\"https:\/\/www.mpechicago.com\/wp-content\/uploads\/2020\/01\/Coffee-Blending-and-Transportation-System-scaled.jpg\">\r\n\t\t\t\t\t<\/a>\r\n\t\t\t\t\t<\/div>\r\n\r\n\t\t<script type=\"text\/javascript\">\r\n\t\t\t(function($) {\r\n\t\t\t\t$(window).load(function() {\r\n\t\t\t\t\tvar macy = Macy({\r\n\t\t\t\t\t\tcontainer: '#masygal-masonry-gallery-4538',\r\n\t\t\t\t\t\ttrueOrder: false,\r\n\t\t\t\t\t\twaitForImages: false,\r\n\t\t\t\t\t\tmargin: parseInt(15),\r\n\t\t\t\t\t\tcolumns: parseInt(4),\r\n\t\t\t\t\t\tbreakAt: {\r\n\t\t\t\t\t\t\t1199: parseInt(3),\r\n\t\t\t\t\t\t\t991: parseInt(2),\r\n\t\t\t\t\t\t\t767: parseInt(1)\r\n\t\t\t\t\t\t}\r\n\t\t\t\t\t});\r\n\t\t\t\t});\r\n\t\t\t})(jQuery);\r\n\t\t<\/script>\r\n\n","protected":false},"excerpt":{"rendered":"","protected":false},"author":20,"featured_media":0,"parent":36593,"menu_order":0,"comment_status":"closed","ping_status":"closed","template":"","meta":{"_acf_changed":false,"content-type":"","rs_blank_template":"","rs_page_bg_color":"","slide_template_v7":"","footnotes":""},"class_list":["post-36130","page","type-page","status-publish","hentry"],"acf":[],"yoast_head":"<!-- This site is optimized with the Yoast SEO plugin v27.5 - https:\/\/yoast.com\/product\/yoast-seo-wordpress\/ -->\n<title>Caff\u00e8 medio - Modern Process Equipment<\/title>\n<meta name=\"description\" content=\"Ottimizza i sistemi di caff\u00e8 medio con MPE Systems Group. Ottieni una qualit\u00e0 e una produzione di caff\u00e8 superiori.\" \/>\n<meta name=\"robots\" content=\"index, follow, max-snippet:-1, max-image-preview:large, max-video-preview:-1\" \/>\n<link rel=\"canonical\" href=\"https:\/\/www.mpechicago.com\/it\/risolvere-complesse-sfide-dellingegneria-di-processo\/applicazioni-e-casi-di-studio\/caffe-medio\/\" \/>\n<meta property=\"og:locale\" content=\"it_IT\" \/>\n<meta property=\"og:type\" content=\"article\" \/>\n<meta property=\"og:title\" content=\"Caff\u00e8 medio - Modern Process Equipment\" \/>\n<meta property=\"og:description\" content=\"Ottimizza i sistemi di caff\u00e8 medio con MPE Systems Group. Ottieni una qualit\u00e0 e una produzione di caff\u00e8 superiori.\" \/>\n<meta property=\"og:url\" content=\"https:\/\/www.mpechicago.com\/it\/risolvere-complesse-sfide-dellingegneria-di-processo\/applicazioni-e-casi-di-studio\/caffe-medio\/\" \/>\n<meta property=\"og:site_name\" content=\"Modern Process Equipment\" \/>\n<meta property=\"article:modified_time\" content=\"2025-06-19T15:52:37+00:00\" \/>\n<meta name=\"twitter:card\" content=\"summary_large_image\" \/>\n<script type=\"application\/ld+json\" class=\"yoast-schema-graph\">{\"@context\":\"https:\\\/\\\/schema.org\",\"@graph\":[{\"@type\":\"WebPage\",\"@id\":\"https:\\\/\\\/www.mpechicago.com\\\/it\\\/risolvere-complesse-sfide-dellingegneria-di-processo\\\/applicazioni-e-casi-di-studio\\\/caffe-medio\\\/\",\"url\":\"https:\\\/\\\/www.mpechicago.com\\\/it\\\/risolvere-complesse-sfide-dellingegneria-di-processo\\\/applicazioni-e-casi-di-studio\\\/caffe-medio\\\/\",\"name\":\"Caff\u00e8 medio - Modern Process Equipment\",\"isPartOf\":{\"@id\":\"https:\\\/\\\/www.mpechicago.com\\\/it\\\/#website\"},\"datePublished\":\"2020-02-05T01:56:13+00:00\",\"dateModified\":\"2025-06-19T15:52:37+00:00\",\"description\":\"Ottimizza i sistemi di caff\u00e8 medio con MPE Systems Group. Ottieni una qualit\u00e0 e una produzione di caff\u00e8 superiori.\",\"breadcrumb\":{\"@id\":\"https:\\\/\\\/www.mpechicago.com\\\/it\\\/risolvere-complesse-sfide-dellingegneria-di-processo\\\/applicazioni-e-casi-di-studio\\\/caffe-medio\\\/#breadcrumb\"},\"inLanguage\":\"it-IT\",\"potentialAction\":[{\"@type\":\"ReadAction\",\"target\":[\"https:\\\/\\\/www.mpechicago.com\\\/it\\\/risolvere-complesse-sfide-dellingegneria-di-processo\\\/applicazioni-e-casi-di-studio\\\/caffe-medio\\\/\"]}]},{\"@type\":\"BreadcrumbList\",\"@id\":\"https:\\\/\\\/www.mpechicago.com\\\/it\\\/risolvere-complesse-sfide-dellingegneria-di-processo\\\/applicazioni-e-casi-di-studio\\\/caffe-medio\\\/#breadcrumb\",\"itemListElement\":[{\"@type\":\"ListItem\",\"position\":1,\"name\":\"Home\",\"item\":\"https:\\\/\\\/www.mpechicago.com\\\/it\\\/\"},{\"@type\":\"ListItem\",\"position\":2,\"name\":\"Integrazione dei sistemi di processo\",\"item\":\"https:\\\/\\\/www.mpechicago.com\\\/it\\\/integrazione-dei-sistemi-di-processo\\\/\"},{\"@type\":\"ListItem\",\"position\":3,\"name\":\"Applicazioni e casi di studio\",\"item\":\"https:\\\/\\\/www.mpechicago.com\\\/it\\\/integrazione-dei-sistemi-di-processo\\\/applicazioni-e-casi-di-studio\\\/\"},{\"@type\":\"ListItem\",\"position\":4,\"name\":\"Caff\u00e8 medio\"}]},{\"@type\":\"WebSite\",\"@id\":\"https:\\\/\\\/www.mpechicago.com\\\/it\\\/#website\",\"url\":\"https:\\\/\\\/www.mpechicago.com\\\/it\\\/\",\"name\":\"Modern Process Equipment\",\"description\":\"\",\"publisher\":{\"@id\":\"https:\\\/\\\/www.mpechicago.com\\\/it\\\/#organization\"},\"potentialAction\":[{\"@type\":\"SearchAction\",\"target\":{\"@type\":\"EntryPoint\",\"urlTemplate\":\"https:\\\/\\\/www.mpechicago.com\\\/it\\\/?s={search_term_string}\"},\"query-input\":{\"@type\":\"PropertyValueSpecification\",\"valueRequired\":true,\"valueName\":\"search_term_string\"}}],\"inLanguage\":\"it-IT\"},{\"@type\":\"Organization\",\"@id\":\"https:\\\/\\\/www.mpechicago.com\\\/it\\\/#organization\",\"name\":\"Modern Process Equipment\",\"url\":\"https:\\\/\\\/www.mpechicago.com\\\/it\\\/\",\"logo\":{\"@type\":\"ImageObject\",\"inLanguage\":\"it-IT\",\"@id\":\"https:\\\/\\\/www.mpechicago.com\\\/it\\\/#\\\/schema\\\/logo\\\/image\\\/\",\"url\":\"https:\\\/\\\/www.mpechicago.com\\\/wp-content\\\/uploads\\\/2019\\\/12\\\/logo.png\",\"contentUrl\":\"https:\\\/\\\/www.mpechicago.com\\\/wp-content\\\/uploads\\\/2019\\\/12\\\/logo.png\",\"width\":200,\"height\":91,\"caption\":\"Modern Process Equipment\"},\"image\":{\"@id\":\"https:\\\/\\\/www.mpechicago.com\\\/it\\\/#\\\/schema\\\/logo\\\/image\\\/\"}}]}<\/script>\n<!-- \/ Yoast SEO plugin. -->","yoast_head_json":{"title":"Caff\u00e8 medio - Modern Process Equipment","description":"Ottimizza i sistemi di caff\u00e8 medio con MPE Systems Group. Ottieni una qualit\u00e0 e una produzione di caff\u00e8 superiori.","robots":{"index":"index","follow":"follow","max-snippet":"max-snippet:-1","max-image-preview":"max-image-preview:large","max-video-preview":"max-video-preview:-1"},"canonical":"https:\/\/www.mpechicago.com\/it\/risolvere-complesse-sfide-dellingegneria-di-processo\/applicazioni-e-casi-di-studio\/caffe-medio\/","og_locale":"it_IT","og_type":"article","og_title":"Caff\u00e8 medio - Modern Process Equipment","og_description":"Ottimizza i sistemi di caff\u00e8 medio con MPE Systems Group. Ottieni una qualit\u00e0 e una produzione di caff\u00e8 superiori.","og_url":"https:\/\/www.mpechicago.com\/it\/risolvere-complesse-sfide-dellingegneria-di-processo\/applicazioni-e-casi-di-studio\/caffe-medio\/","og_site_name":"Modern Process Equipment","article_modified_time":"2025-06-19T15:52:37+00:00","twitter_card":"summary_large_image","schema":{"@context":"https:\/\/schema.org","@graph":[{"@type":"WebPage","@id":"https:\/\/www.mpechicago.com\/it\/risolvere-complesse-sfide-dellingegneria-di-processo\/applicazioni-e-casi-di-studio\/caffe-medio\/","url":"https:\/\/www.mpechicago.com\/it\/risolvere-complesse-sfide-dellingegneria-di-processo\/applicazioni-e-casi-di-studio\/caffe-medio\/","name":"Caff\u00e8 medio - Modern Process Equipment","isPartOf":{"@id":"https:\/\/www.mpechicago.com\/it\/#website"},"datePublished":"2020-02-05T01:56:13+00:00","dateModified":"2025-06-19T15:52:37+00:00","description":"Ottimizza i sistemi di caff\u00e8 medio con MPE Systems Group. Ottieni una qualit\u00e0 e una produzione di caff\u00e8 superiori.","breadcrumb":{"@id":"https:\/\/www.mpechicago.com\/it\/risolvere-complesse-sfide-dellingegneria-di-processo\/applicazioni-e-casi-di-studio\/caffe-medio\/#breadcrumb"},"inLanguage":"it-IT","potentialAction":[{"@type":"ReadAction","target":["https:\/\/www.mpechicago.com\/it\/risolvere-complesse-sfide-dellingegneria-di-processo\/applicazioni-e-casi-di-studio\/caffe-medio\/"]}]},{"@type":"BreadcrumbList","@id":"https:\/\/www.mpechicago.com\/it\/risolvere-complesse-sfide-dellingegneria-di-processo\/applicazioni-e-casi-di-studio\/caffe-medio\/#breadcrumb","itemListElement":[{"@type":"ListItem","position":1,"name":"Home","item":"https:\/\/www.mpechicago.com\/it\/"},{"@type":"ListItem","position":2,"name":"Integrazione dei sistemi di processo","item":"https:\/\/www.mpechicago.com\/it\/integrazione-dei-sistemi-di-processo\/"},{"@type":"ListItem","position":3,"name":"Applicazioni e casi di studio","item":"https:\/\/www.mpechicago.com\/it\/integrazione-dei-sistemi-di-processo\/applicazioni-e-casi-di-studio\/"},{"@type":"ListItem","position":4,"name":"Caff\u00e8 medio"}]},{"@type":"WebSite","@id":"https:\/\/www.mpechicago.com\/it\/#website","url":"https:\/\/www.mpechicago.com\/it\/","name":"Modern Process Equipment","description":"","publisher":{"@id":"https:\/\/www.mpechicago.com\/it\/#organization"},"potentialAction":[{"@type":"SearchAction","target":{"@type":"EntryPoint","urlTemplate":"https:\/\/www.mpechicago.com\/it\/?s={search_term_string}"},"query-input":{"@type":"PropertyValueSpecification","valueRequired":true,"valueName":"search_term_string"}}],"inLanguage":"it-IT"},{"@type":"Organization","@id":"https:\/\/www.mpechicago.com\/it\/#organization","name":"Modern Process Equipment","url":"https:\/\/www.mpechicago.com\/it\/","logo":{"@type":"ImageObject","inLanguage":"it-IT","@id":"https:\/\/www.mpechicago.com\/it\/#\/schema\/logo\/image\/","url":"https:\/\/www.mpechicago.com\/wp-content\/uploads\/2019\/12\/logo.png","contentUrl":"https:\/\/www.mpechicago.com\/wp-content\/uploads\/2019\/12\/logo.png","width":200,"height":91,"caption":"Modern Process Equipment"},"image":{"@id":"https:\/\/www.mpechicago.com\/it\/#\/schema\/logo\/image\/"}}]}},"_links":{"self":[{"href":"https:\/\/www.mpechicago.com\/it\/wp-json\/wp\/v2\/pages\/36130","targetHints":{"allow":["GET"]}}],"collection":[{"href":"https:\/\/www.mpechicago.com\/it\/wp-json\/wp\/v2\/pages"}],"about":[{"href":"https:\/\/www.mpechicago.com\/it\/wp-json\/wp\/v2\/types\/page"}],"author":[{"embeddable":true,"href":"https:\/\/www.mpechicago.com\/it\/wp-json\/wp\/v2\/users\/20"}],"replies":[{"embeddable":true,"href":"https:\/\/www.mpechicago.com\/it\/wp-json\/wp\/v2\/comments?post=36130"}],"version-history":[{"count":1,"href":"https:\/\/www.mpechicago.com\/it\/wp-json\/wp\/v2\/pages\/36130\/revisions"}],"predecessor-version":[{"id":36132,"href":"https:\/\/www.mpechicago.com\/it\/wp-json\/wp\/v2\/pages\/36130\/revisions\/36132"}],"up":[{"embeddable":true,"href":"https:\/\/www.mpechicago.com\/it\/wp-json\/wp\/v2\/pages\/36593"}],"wp:attachment":[{"href":"https:\/\/www.mpechicago.com\/it\/wp-json\/wp\/v2\/media?parent=36130"}],"curies":[{"name":"wp","href":"https:\/\/api.w.org\/{rel}","templated":true}]}}