{"id":36014,"date":"2019-12-20T12:21:05","date_gmt":"2019-12-20T18:21:05","guid":{"rendered":"https:\/\/www.mpechicago.com\/macinatore-in-polisilicio\/"},"modified":"2025-06-19T10:43:44","modified_gmt":"2025-06-19T15:43:44","slug":"macinatore-in-polisilicio","status":"publish","type":"page","link":"https:\/\/www.mpechicago.com\/it\/macinatore-in-polisilicio\/","title":{"rendered":"Macinatore in polisilicio"},"content":{"rendered":"<div class=\"wp-bootstrap-blocks-row mb-5\">\n\t<div class=\"row\">\n\t\t\n\n<div class=\"col-12 col-md-9 col-lg-9 col-xl-9 left-panel\">\n\t<div class=\"\">\n\t\t\n\n<h1 class=\"page-title pt-20 wp-block-heading\">Polysilicon Grinder               <\/h1>\n\n\n\n<p class=\"intro\">Il silicio di grado metallurgico, il silicio di grado elettronico e il silicio di grado solare sono incredibilmente importanti per le industrie che servono. Le apparecchiature di macinazione MPE sono in grado di gestire la macinazione di precisione di materie prime policristalline per i processi di ricristallizzazione per realizzare questi prodotti ad alta purezza. <\/p>\n\n\n\n<p>La macinazione di materie prime policristalline in particelle di dimensioni pi\u00f9 uniformi aumenta la resa di produzione e riduce i costi. I Gran-U-Lizer MPE\u2122 raggiungono una migliore uniformit\u00e0 delle particelle rispetto ai tradizionali macinatori a rulli e a martelli perch\u00e9 i Gran-U-Lizer MPE sono dotati di rulli ondulati che tagliano e tagliano le particelle fino a misurarle. MPE pu\u00f2 lavorare con te per costruire il macinatore di silicio industriale perfetto per la tua attivit\u00e0.  <\/p>\n\n\n\n<figure class=\"wp-block-image size-large\"><img fetchpriority=\"high\" decoding=\"async\" width=\"884\" height=\"546\" src=\"http:\/\/www.mpechicago.com\/wp-content\/uploads\/2019\/12\/canvas.png\" alt=\"\" class=\"wp-image-2980\" srcset=\"https:\/\/www.mpechicago.com\/wp-content\/uploads\/2019\/12\/canvas.png 884w, https:\/\/www.mpechicago.com\/wp-content\/uploads\/2019\/12\/canvas-600x371.png 600w, https:\/\/www.mpechicago.com\/wp-content\/uploads\/2019\/12\/canvas-768x474.png 768w\" sizes=\"(max-width: 884px) 100vw, 884px\" \/><\/figure>\n\n\t<\/div>\n<\/div>\n\n\n\n<div class=\"col-12 col-md-3 col-lg-3 col-xl-3 right-panel\">\n\t<div class=\"\">\n\t\t\n\n<h3 class=\"mb-3 wp-block-heading\">Have a sales engineer reach out to you. <\/h3>\n\n\n<div class=\"wp-bootstrap-blocks-button\">\n\t<a href=\"http:\/\/www.mpechicago.com\/it\/contact-us\/\" class=\"btn mb-5 btn-primary\">\n\t\tContact Us\t<\/a>\n<\/div>\n\n\n\n<h3 class=\"mb-2 wp-block-heading\">What&#8217;s the difference between Gran-U-Lizers\u2122 and other roller mills?<\/h3>\n\n\n\n<p>I Gran-U-Lizers MPE sono dotati di\u2122 rotoli ondulati che tagliano e lucidano accuratamente il prodotto fino a specifiche dimensioni delle particelle; ovunque tra 4 e 325 mesh o tra 4.760 e 50 micron. Mentre le smerigliatrici a rulli tradizionali frantumano il prodotto in dimensioni meno uniformi con pi\u00f9 fini. <\/p>\n\n\n\n<figure class=\"wp-block-image wp-block-gallery columns-2 is-cropped\"><img decoding=\"async\" width=\"360\" height=\"250\" src=\"http:\/\/www.mpechicago.com\/wp-content\/uploads\/2019\/12\/22fad4f36b7b6a34efd40bfdb330e84147aa72d0.jpg\" alt=\"\" class=\"wp-image-3256\"\/><figcaption>MPE has built polycrystalline silicon Gran-U-Lizers for use in the photovoltaic industry, among many other users. <\/figcaption><\/figure>\n\n\t<\/div>\n<\/div>\n\n\t<\/div>\n<\/div>\n\n<div class=\"wp-block-melonpan-block-container mb-5 size-reduction-machines\"><div class=\"mbc-container mbc-padding_top-0 mbc-padding_bottom-0 mbc-padding_left-0 mbc-padding_right-0 mbc-padding_top_small_screen-20 mbc-padding_bottom_small_screen-20 mbc-padding_left_small_screen-20 mbc-padding_right_small_screen-20\"><div class=\"mbc-background mbc-has-image mbc-background_fixed-disabled mbc-shadow_width-0 mbc-border_width-0\" style=\"background-image:url(http:\/\/www.mpechicago.com\/wp-content\/uploads\/2019\/12\/Roll-collage-for-LPP-darker-1600x575_1-1024x368.jpg)\"><img decoding=\"async\" class=\"mbc-background-image\" sizes=\"100vw\" src=\"http:\/\/www.mpechicago.com\/wp-content\/uploads\/2019\/12\/Roll-collage-for-LPP-darker-1600x575_1-1024x368.jpg\" srcset=\"http:\/\/www.mpechicago.com\/wp-content\/uploads\/2019\/12\/Roll-collage-for-LPP-darker-1600x575_1-150x150.jpg 150w, http:\/\/www.mpechicago.com\/wp-content\/uploads\/2019\/12\/Roll-collage-for-LPP-darker-1600x575_1-1024x368.jpg 580w, http:\/\/www.mpechicago.com\/wp-content\/uploads\/2019\/12\/Roll-collage-for-LPP-darker-1600x575_1-600x216.jpg 600w, http:\/\/www.mpechicago.com\/wp-content\/uploads\/2019\/12\/Roll-collage-for-LPP-darker-1600x575_1.jpg 1836w\"\/><\/div><div class=\"mbc-content mbc-content_maxwidth-1200 mbc-content_align-full\"><div class=\"lazyblock-no-slug-ZD1lxg wp-block-lazyblock-no-slug\"><div class=\"Pageblock-container\">\n\n\n            <div class=\"Pageblock-75Col\">\n                <div class=\"Pageblock-75OuterWrapper\">\n\n                    <div class=\"Pageblock-75InnerWrapper\">\n            <h3 class=\"Pageblock-75Title\">Gran-U-Lizers per silicio policristallino<\/h3>\n            <hr class=\"Pageblock-subtitleDecoration\">\n            <p class=\"Pageblock-75Text\">  Macinatori a disco per silicio policristallino  <\/p>\n          <\/div>\n                    <div class=\"Pageblock-75LinkWrapper\">\n            <div class=\"Pageblock-75NubLeft\"><\/div>\n            <a class=\"Pageblock-75Link\" href=\"http:\/\/www.mpechicago.com\/it\/size-reduction-machines\/fcm-grinders\/?ptype&amp;gtype=gran-u-lizers\">Vedi tutti i Gran-U-Lizers<\/a>\n            <div class=\"Pageblock-75NubRight\"><\/div>\n          <\/div>\n        <\/div>      <\/div>\n\n            <div class=\"Pageblock-25Col\">\n\n        <div class=\"Pageblock-25ColTextWrapper\">\n          <h3 class=\"Pageblock-25Title\">Per la riduzione pi\u00f9 accurata delle dimensioni delle particelle e le massime capacit\u00e0.<\/h3>\n          <hr class=\"Pageblock-subtitleDecoration\">\n          <p class=\"Pageblock-25Text\">  Offrendo il massimo valore per capacit\u00e0 pi\u00f9 piccole.  <\/p>\n        <\/div>\n\n        <a class=\"Pageblock-25Link\" href=\"http:\/\/www.mpechicago.com\/it\/size-reduction-machines\/fcm-grinders\/?ptype&amp;gtype=disc-style\">\n          <div class=\"Pageblock-25LinkText\">Vedi tutti i macinacaff\u00e8 a disco<\/div>\n          <div class=\"Pageblock-25LinkDecoration\">\n            <hr>\n          <\/div>\n        <\/a>\n      <\/div>\n\n    <\/div><\/div><\/div><\/div><\/div>\n<div class=\"wp-bootstrap-blocks-row\">\n\t<div class=\"row no-gutters\">\n\t\t\n\n<div class=\"col-12 col-md-6\">\n\t<div class=\"\">\n\t\t\n\n<figure class=\"wp-block-image size-large\"><img decoding=\"async\" width=\"700\" height=\"500\" src=\"http:\/\/www.mpechicago.com\/wp-content\/uploads\/2019\/12\/Recipe-System-700x500-1.jpg\" alt=\"\" class=\"wp-image-2988\" srcset=\"https:\/\/www.mpechicago.com\/wp-content\/uploads\/2019\/12\/Recipe-System-700x500-1.jpg 700w, https:\/\/www.mpechicago.com\/wp-content\/uploads\/2019\/12\/Recipe-System-700x500-1-600x429.jpg 600w\" sizes=\"(max-width: 700px) 100vw, 700px\" \/><\/figure>\n\n\t<\/div>\n<\/div>\n\n\n\n<div class=\"col-12 col-md-6 Pageblock-textWrapper\">\n\t<div class=\"\">\n\t\t\n\n<h2 class=\"text-uppercase wp-block-heading\">INDUSTRIAL GRINDING TECHNOLOGY FOR SILICON<\/h2>\n\n\n\n<p>MPE \u00e8 il leader indiscusso nelle attrezzature per la macinazione del carbonio, offrendo le distribuzioni granulometriche pi\u00f9 accurate alle pi\u00f9 alte capacit\u00e0 rispetto a qualsiasi concorrente. Fattori come i rapporti di velocit\u00e0 dei rulli, le ondulazioni, il design dello stadio della smerigliatrice, il tipo di acciaio e altri sono tutti progettati alla perfezione, supportati da 60+ anni di applicazione e know-how ingegneristico. <\/p>\n\n\n<div class=\"wp-bootstrap-blocks-button\">\n\t<a href=\"http:\/\/www.mpechicago.com\/it\/fcm-grinder-technology\" class=\"btn btn-primary\">\n\t\tMORE ON GRAN-U-LIZER DESIGN\t<\/a>\n<\/div>\n\n\t<\/div>\n<\/div>\n\n\t<\/div>\n<\/div>\n","protected":false},"excerpt":{"rendered":"","protected":false},"author":20,"featured_media":36015,"parent":0,"menu_order":0,"comment_status":"closed","ping_status":"closed","template":"","meta":{"_acf_changed":false,"content-type":"","rs_blank_template":"","rs_page_bg_color":"","slide_template_v7":"","footnotes":""},"class_list":["post-36014","page","type-page","status-publish","has-post-thumbnail","hentry"],"acf":[],"yoast_head":"<!-- This site is optimized with the Yoast SEO plugin v27.5 - https:\/\/yoast.com\/product\/yoast-seo-wordpress\/ -->\n<title>Polysilicon Grinder - Modern Process Equipment<\/title>\n<meta name=\"description\" content=\"Il silicio di grado metallurgico, il silicio di grado elettronico e il silicio di grado solare sono incredibilmente importanti per le industrie che servono. Le apparecchiature di macinazione MPE sono in grado di gestire la macinazione di precisione di materie prime policristalline per i processi di ricristallizzazione per realizzare questi prodotti ad alta purezza.\" \/>\n<meta name=\"robots\" content=\"index, follow, max-snippet:-1, max-image-preview:large, max-video-preview:-1\" \/>\n<link rel=\"canonical\" href=\"https:\/\/www.mpechicago.com\/it\/macinatore-in-polisilicio\/\" \/>\n<meta property=\"og:locale\" content=\"it_IT\" \/>\n<meta property=\"og:type\" content=\"article\" \/>\n<meta property=\"og:title\" content=\"Polysilicon Grinder - Modern Process Equipment\" \/>\n<meta property=\"og:description\" content=\"Il silicio di grado metallurgico, il silicio di grado elettronico e il silicio di grado solare sono incredibilmente importanti per le industrie che servono. Le apparecchiature di macinazione MPE sono in grado di gestire la macinazione di precisione di materie prime policristalline per i processi di ricristallizzazione per realizzare questi prodotti ad alta purezza.\" \/>\n<meta property=\"og:url\" content=\"https:\/\/www.mpechicago.com\/it\/macinatore-in-polisilicio\/\" \/>\n<meta property=\"og:site_name\" content=\"Modern Process Equipment\" \/>\n<meta property=\"article:modified_time\" content=\"2025-06-19T15:43:44+00:00\" \/>\n<meta property=\"og:image\" content=\"https:\/\/www.mpechicago.com\/wp-content\/uploads\/2019\/12\/FCM-HeaderLong-Tailsilicon.png\" \/>\n\t<meta property=\"og:image:width\" content=\"1600\" \/>\n\t<meta property=\"og:image:height\" content=\"250\" \/>\n\t<meta property=\"og:image:type\" content=\"image\/png\" \/>\n<meta name=\"twitter:card\" content=\"summary_large_image\" \/>\n<meta name=\"twitter:label1\" content=\"Tempo di lettura stimato\" \/>\n\t<meta name=\"twitter:data1\" content=\"1 minuto\" \/>\n<script type=\"application\/ld+json\" class=\"yoast-schema-graph\">{\"@context\":\"https:\\\/\\\/schema.org\",\"@graph\":[{\"@type\":\"WebPage\",\"@id\":\"https:\\\/\\\/www.mpechicago.com\\\/it\\\/macinatore-in-polisilicio\\\/\",\"url\":\"https:\\\/\\\/www.mpechicago.com\\\/it\\\/macinatore-in-polisilicio\\\/\",\"name\":\"Polysilicon Grinder - Modern Process Equipment\",\"isPartOf\":{\"@id\":\"https:\\\/\\\/www.mpechicago.com\\\/it\\\/#website\"},\"primaryImageOfPage\":{\"@id\":\"https:\\\/\\\/www.mpechicago.com\\\/it\\\/macinatore-in-polisilicio\\\/#primaryimage\"},\"image\":{\"@id\":\"https:\\\/\\\/www.mpechicago.com\\\/it\\\/macinatore-in-polisilicio\\\/#primaryimage\"},\"thumbnailUrl\":\"https:\\\/\\\/www.mpechicago.com\\\/wp-content\\\/uploads\\\/2019\\\/12\\\/FCM-HeaderLong-Tailsilicon.png\",\"datePublished\":\"2019-12-20T18:21:05+00:00\",\"dateModified\":\"2025-06-19T15:43:44+00:00\",\"description\":\"Il silicio di grado metallurgico, il silicio di grado elettronico e il silicio di grado solare sono incredibilmente importanti per le industrie che servono. Le apparecchiature di macinazione MPE sono in grado di gestire la macinazione di precisione di materie prime policristalline per i processi di ricristallizzazione per realizzare questi prodotti ad alta purezza.\",\"breadcrumb\":{\"@id\":\"https:\\\/\\\/www.mpechicago.com\\\/it\\\/macinatore-in-polisilicio\\\/#breadcrumb\"},\"inLanguage\":\"it-IT\",\"potentialAction\":[{\"@type\":\"ReadAction\",\"target\":[\"https:\\\/\\\/www.mpechicago.com\\\/it\\\/macinatore-in-polisilicio\\\/\"]}]},{\"@type\":\"ImageObject\",\"inLanguage\":\"it-IT\",\"@id\":\"https:\\\/\\\/www.mpechicago.com\\\/it\\\/macinatore-in-polisilicio\\\/#primaryimage\",\"url\":\"https:\\\/\\\/www.mpechicago.com\\\/wp-content\\\/uploads\\\/2019\\\/12\\\/FCM-HeaderLong-Tailsilicon.png\",\"contentUrl\":\"https:\\\/\\\/www.mpechicago.com\\\/wp-content\\\/uploads\\\/2019\\\/12\\\/FCM-HeaderLong-Tailsilicon.png\",\"width\":1600,\"height\":250,\"caption\":\"Modern Process Equipment (MPE)\"},{\"@type\":\"BreadcrumbList\",\"@id\":\"https:\\\/\\\/www.mpechicago.com\\\/it\\\/macinatore-in-polisilicio\\\/#breadcrumb\",\"itemListElement\":[{\"@type\":\"ListItem\",\"position\":1,\"name\":\"Home\",\"item\":\"https:\\\/\\\/www.mpechicago.com\\\/it\\\/\"},{\"@type\":\"ListItem\",\"position\":2,\"name\":\"Macinatore in polisilicio\"}]},{\"@type\":\"WebSite\",\"@id\":\"https:\\\/\\\/www.mpechicago.com\\\/it\\\/#website\",\"url\":\"https:\\\/\\\/www.mpechicago.com\\\/it\\\/\",\"name\":\"Modern Process Equipment\",\"description\":\"\",\"publisher\":{\"@id\":\"https:\\\/\\\/www.mpechicago.com\\\/it\\\/#organization\"},\"potentialAction\":[{\"@type\":\"SearchAction\",\"target\":{\"@type\":\"EntryPoint\",\"urlTemplate\":\"https:\\\/\\\/www.mpechicago.com\\\/it\\\/?s={search_term_string}\"},\"query-input\":{\"@type\":\"PropertyValueSpecification\",\"valueRequired\":true,\"valueName\":\"search_term_string\"}}],\"inLanguage\":\"it-IT\"},{\"@type\":\"Organization\",\"@id\":\"https:\\\/\\\/www.mpechicago.com\\\/it\\\/#organization\",\"name\":\"Modern Process Equipment\",\"url\":\"https:\\\/\\\/www.mpechicago.com\\\/it\\\/\",\"logo\":{\"@type\":\"ImageObject\",\"inLanguage\":\"it-IT\",\"@id\":\"https:\\\/\\\/www.mpechicago.com\\\/it\\\/#\\\/schema\\\/logo\\\/image\\\/\",\"url\":\"https:\\\/\\\/www.mpechicago.com\\\/wp-content\\\/uploads\\\/2019\\\/12\\\/logo.png\",\"contentUrl\":\"https:\\\/\\\/www.mpechicago.com\\\/wp-content\\\/uploads\\\/2019\\\/12\\\/logo.png\",\"width\":200,\"height\":91,\"caption\":\"Modern Process Equipment\"},\"image\":{\"@id\":\"https:\\\/\\\/www.mpechicago.com\\\/it\\\/#\\\/schema\\\/logo\\\/image\\\/\"}}]}<\/script>\n<!-- \/ Yoast SEO plugin. -->","yoast_head_json":{"title":"Polysilicon Grinder - Modern Process Equipment","description":"Il silicio di grado metallurgico, il silicio di grado elettronico e il silicio di grado solare sono incredibilmente importanti per le industrie che servono. Le apparecchiature di macinazione MPE sono in grado di gestire la macinazione di precisione di materie prime policristalline per i processi di ricristallizzazione per realizzare questi prodotti ad alta purezza.","robots":{"index":"index","follow":"follow","max-snippet":"max-snippet:-1","max-image-preview":"max-image-preview:large","max-video-preview":"max-video-preview:-1"},"canonical":"https:\/\/www.mpechicago.com\/it\/macinatore-in-polisilicio\/","og_locale":"it_IT","og_type":"article","og_title":"Polysilicon Grinder - Modern Process Equipment","og_description":"Il silicio di grado metallurgico, il silicio di grado elettronico e il silicio di grado solare sono incredibilmente importanti per le industrie che servono. Le apparecchiature di macinazione MPE sono in grado di gestire la macinazione di precisione di materie prime policristalline per i processi di ricristallizzazione per realizzare questi prodotti ad alta purezza.","og_url":"https:\/\/www.mpechicago.com\/it\/macinatore-in-polisilicio\/","og_site_name":"Modern Process Equipment","article_modified_time":"2025-06-19T15:43:44+00:00","og_image":[{"width":1600,"height":250,"url":"https:\/\/www.mpechicago.com\/wp-content\/uploads\/2019\/12\/FCM-HeaderLong-Tailsilicon.png","type":"image\/png"}],"twitter_card":"summary_large_image","twitter_misc":{"Tempo di lettura stimato":"1 minuto"},"schema":{"@context":"https:\/\/schema.org","@graph":[{"@type":"WebPage","@id":"https:\/\/www.mpechicago.com\/it\/macinatore-in-polisilicio\/","url":"https:\/\/www.mpechicago.com\/it\/macinatore-in-polisilicio\/","name":"Polysilicon Grinder - Modern Process Equipment","isPartOf":{"@id":"https:\/\/www.mpechicago.com\/it\/#website"},"primaryImageOfPage":{"@id":"https:\/\/www.mpechicago.com\/it\/macinatore-in-polisilicio\/#primaryimage"},"image":{"@id":"https:\/\/www.mpechicago.com\/it\/macinatore-in-polisilicio\/#primaryimage"},"thumbnailUrl":"https:\/\/www.mpechicago.com\/wp-content\/uploads\/2019\/12\/FCM-HeaderLong-Tailsilicon.png","datePublished":"2019-12-20T18:21:05+00:00","dateModified":"2025-06-19T15:43:44+00:00","description":"Il silicio di grado metallurgico, il silicio di grado elettronico e il silicio di grado solare sono incredibilmente importanti per le industrie che servono. Le apparecchiature di macinazione MPE sono in grado di gestire la macinazione di precisione di materie prime policristalline per i processi di ricristallizzazione per realizzare questi prodotti ad alta purezza.","breadcrumb":{"@id":"https:\/\/www.mpechicago.com\/it\/macinatore-in-polisilicio\/#breadcrumb"},"inLanguage":"it-IT","potentialAction":[{"@type":"ReadAction","target":["https:\/\/www.mpechicago.com\/it\/macinatore-in-polisilicio\/"]}]},{"@type":"ImageObject","inLanguage":"it-IT","@id":"https:\/\/www.mpechicago.com\/it\/macinatore-in-polisilicio\/#primaryimage","url":"https:\/\/www.mpechicago.com\/wp-content\/uploads\/2019\/12\/FCM-HeaderLong-Tailsilicon.png","contentUrl":"https:\/\/www.mpechicago.com\/wp-content\/uploads\/2019\/12\/FCM-HeaderLong-Tailsilicon.png","width":1600,"height":250,"caption":"Modern Process Equipment (MPE)"},{"@type":"BreadcrumbList","@id":"https:\/\/www.mpechicago.com\/it\/macinatore-in-polisilicio\/#breadcrumb","itemListElement":[{"@type":"ListItem","position":1,"name":"Home","item":"https:\/\/www.mpechicago.com\/it\/"},{"@type":"ListItem","position":2,"name":"Macinatore in polisilicio"}]},{"@type":"WebSite","@id":"https:\/\/www.mpechicago.com\/it\/#website","url":"https:\/\/www.mpechicago.com\/it\/","name":"Modern Process Equipment","description":"","publisher":{"@id":"https:\/\/www.mpechicago.com\/it\/#organization"},"potentialAction":[{"@type":"SearchAction","target":{"@type":"EntryPoint","urlTemplate":"https:\/\/www.mpechicago.com\/it\/?s={search_term_string}"},"query-input":{"@type":"PropertyValueSpecification","valueRequired":true,"valueName":"search_term_string"}}],"inLanguage":"it-IT"},{"@type":"Organization","@id":"https:\/\/www.mpechicago.com\/it\/#organization","name":"Modern Process Equipment","url":"https:\/\/www.mpechicago.com\/it\/","logo":{"@type":"ImageObject","inLanguage":"it-IT","@id":"https:\/\/www.mpechicago.com\/it\/#\/schema\/logo\/image\/","url":"https:\/\/www.mpechicago.com\/wp-content\/uploads\/2019\/12\/logo.png","contentUrl":"https:\/\/www.mpechicago.com\/wp-content\/uploads\/2019\/12\/logo.png","width":200,"height":91,"caption":"Modern Process Equipment"},"image":{"@id":"https:\/\/www.mpechicago.com\/it\/#\/schema\/logo\/image\/"}}]}},"_links":{"self":[{"href":"https:\/\/www.mpechicago.com\/it\/wp-json\/wp\/v2\/pages\/36014","targetHints":{"allow":["GET"]}}],"collection":[{"href":"https:\/\/www.mpechicago.com\/it\/wp-json\/wp\/v2\/pages"}],"about":[{"href":"https:\/\/www.mpechicago.com\/it\/wp-json\/wp\/v2\/types\/page"}],"author":[{"embeddable":true,"href":"https:\/\/www.mpechicago.com\/it\/wp-json\/wp\/v2\/users\/20"}],"replies":[{"embeddable":true,"href":"https:\/\/www.mpechicago.com\/it\/wp-json\/wp\/v2\/comments?post=36014"}],"version-history":[{"count":3,"href":"https:\/\/www.mpechicago.com\/it\/wp-json\/wp\/v2\/pages\/36014\/revisions"}],"predecessor-version":[{"id":36114,"href":"https:\/\/www.mpechicago.com\/it\/wp-json\/wp\/v2\/pages\/36014\/revisions\/36114"}],"wp:featuredmedia":[{"embeddable":true,"href":"https:\/\/www.mpechicago.com\/it\/wp-json\/wp\/v2\/media\/36015"}],"wp:attachment":[{"href":"https:\/\/www.mpechicago.com\/it\/wp-json\/wp\/v2\/media?parent=36014"}],"curies":[{"name":"wp","href":"https:\/\/api.w.org\/{rel}","templated":true}]}}