{"id":29102,"date":"2019-12-18T05:37:21","date_gmt":"2019-12-18T11:37:21","guid":{"rendered":"https:\/\/www.mpechicago.com\/product\/serie-imd-669-ft\/"},"modified":"2025-05-11T23:07:30","modified_gmt":"2025-05-12T04:07:30","slug":"serie-imd-669-ft","status":"publish","type":"product","link":"https:\/\/www.mpechicago.com\/fr\/produit\/serie-imd-669-ft\/","title":{"rendered":"S\u00e9rie IMD 669 FT"},"content":{"rendered":"<p>L\u2019IMD 669 FT produit une mouture ultrafine constante de 50 \u00e0 125 \u03bcm \u00e0 une capacit\u00e9 allant jusqu\u2019\u00e0 175 kg\/h. En utilisant le refroidissement par eau pour tous les rouleaux et toute la surface de l\u2019homog\u00e9n\u00e9isateur, les temp\u00e9ratures du caf\u00e9 restent inf\u00e9rieures \u00e0 40 \u00b0 C \u00e0 tout moment et les huiles et ar\u00f4mes volatils du caf\u00e9 sont pr\u00e9serv\u00e9s dans le caf\u00e9. De plus, le refroidissement par eau permet de produire un caf\u00e9 ultrafin 24 heures sur 24, de mani\u00e8re constante et pr\u00e9cise. Dans la chambre de normalisation, le super homog\u00e9n\u00e9isateur MPE permet un m\u00e9lange de produit \u00e0 haut cisaillement, ce qui cr\u00e9e la texture douce unique associ\u00e9e au caf\u00e9 ultrafin sans exc\u00e8s de temp\u00e9rature du produit.   <\/p>\n","protected":false},"excerpt":{"rendered":"<p>MOD\u00c8LE IMD 669 FT GRANULATEUR DE CAF\u00c9 ULTRAFINE SERIES<\/p>\n","protected":false},"featured_media":19348,"comment_status":"open","ping_status":"closed","template":"","meta":{"_acf_changed":false,"content-type":"","rs_blank_template":"","rs_page_bg_color":"","slide_template_v7":""},"product_brand":[],"product_cat":[218,220],"product_tag":[],"class_list":{"0":"post-29102","1":"product","2":"type-product","3":"status-publish","4":"has-post-thumbnail","6":"product_cat-industriel","7":"product_cat-ultrafin-turc","9":"first","10":"outofstock","11":"shipping-taxable","12":"product-type-variable"},"acf":[],"yoast_head":"<!-- This site is optimized with the Yoast SEO plugin v27.4 - https:\/\/yoast.com\/product\/yoast-seo-wordpress\/ -->\n<title>S\u00e9rie IMD 669 FT - \u00c9quipement de traitement moderne<\/title>\n<meta name=\"description\" content=\"Le granulateur de caf\u00e9 de la s\u00e9rie IMD 669 FT Ultrafine atteint jusqu\u2019\u00e0 150 kg\/h de caf\u00e9 parfaitement moulu. MPE est le leader mondial des \u00e9quipements de mouture de caf\u00e9.\" \/>\n<meta name=\"robots\" content=\"index, follow, max-snippet:-1, max-image-preview:large, max-video-preview:-1\" \/>\n<link rel=\"canonical\" href=\"https:\/\/www.mpechicago.com\/fr\/produit\/serie-imd-669-ft\/\" \/>\n<meta property=\"og:locale\" content=\"fr_FR\" \/>\n<meta property=\"og:type\" content=\"article\" \/>\n<meta property=\"og:title\" content=\"S\u00e9rie IMD 669 FT - \u00c9quipement de traitement moderne\" \/>\n<meta property=\"og:description\" content=\"Le granulateur de caf\u00e9 de la s\u00e9rie IMD 669 FT Ultrafine atteint jusqu\u2019\u00e0 150 kg\/h de caf\u00e9 parfaitement moulu. MPE est le leader mondial des \u00e9quipements de mouture de caf\u00e9.\" \/>\n<meta property=\"og:url\" content=\"https:\/\/www.mpechicago.com\/fr\/produit\/serie-imd-669-ft\/\" \/>\n<meta property=\"og:site_name\" content=\"\u00c9quipement de traitement moderne\" \/>\n<meta property=\"article:modified_time\" content=\"2025-05-12T04:07:30+00:00\" \/>\n<meta property=\"og:image\" content=\"https:\/\/www.mpechicago.com\/wp-content\/uploads\/2019\/12\/MPE-IMD-669-FT-Ultrafine.png\" \/>\n\t<meta property=\"og:image:width\" content=\"600\" \/>\n\t<meta property=\"og:image:height\" content=\"601\" \/>\n\t<meta property=\"og:image:type\" content=\"image\/png\" \/>\n<meta name=\"twitter:card\" content=\"summary_large_image\" \/>\n<meta name=\"twitter:label1\" content=\"Dur\u00e9e de lecture estim\u00e9e\" \/>\n\t<meta name=\"twitter:data1\" content=\"1 minute\" \/>\n<script type=\"application\/ld+json\" class=\"yoast-schema-graph\">{\"@context\":\"https:\\\/\\\/schema.org\",\"@graph\":[{\"@type\":\"WebPage\",\"@id\":\"https:\\\/\\\/www.mpechicago.com\\\/fr\\\/produit\\\/serie-imd-669-ft\\\/\",\"url\":\"https:\\\/\\\/www.mpechicago.com\\\/fr\\\/produit\\\/serie-imd-669-ft\\\/\",\"name\":\"S\u00e9rie IMD 669 FT - \u00c9quipement de traitement moderne\",\"isPartOf\":{\"@id\":\"https:\\\/\\\/www.mpechicago.com\\\/fr\\\/#website\"},\"primaryImageOfPage\":{\"@id\":\"https:\\\/\\\/www.mpechicago.com\\\/fr\\\/produit\\\/serie-imd-669-ft\\\/#primaryimage\"},\"image\":{\"@id\":\"https:\\\/\\\/www.mpechicago.com\\\/fr\\\/produit\\\/serie-imd-669-ft\\\/#primaryimage\"},\"thumbnailUrl\":\"https:\\\/\\\/www.mpechicago.com\\\/wp-content\\\/uploads\\\/2019\\\/12\\\/MPE-IMD-669-FT-Ultrafine.png\",\"datePublished\":\"2019-12-18T11:37:21+00:00\",\"dateModified\":\"2025-05-12T04:07:30+00:00\",\"description\":\"Le granulateur de caf\u00e9 de la s\u00e9rie IMD 669 FT Ultrafine atteint jusqu\u2019\u00e0 150 kg\\\/h de caf\u00e9 parfaitement moulu. MPE est le leader mondial des \u00e9quipements de mouture de caf\u00e9.\",\"breadcrumb\":{\"@id\":\"https:\\\/\\\/www.mpechicago.com\\\/fr\\\/produit\\\/serie-imd-669-ft\\\/#breadcrumb\"},\"inLanguage\":\"fr-FR\",\"potentialAction\":[{\"@type\":\"ReadAction\",\"target\":[\"https:\\\/\\\/www.mpechicago.com\\\/fr\\\/produit\\\/serie-imd-669-ft\\\/\"]}]},{\"@type\":\"ImageObject\",\"inLanguage\":\"fr-FR\",\"@id\":\"https:\\\/\\\/www.mpechicago.com\\\/fr\\\/produit\\\/serie-imd-669-ft\\\/#primaryimage\",\"url\":\"https:\\\/\\\/www.mpechicago.com\\\/wp-content\\\/uploads\\\/2019\\\/12\\\/MPE-IMD-669-FT-Ultrafine.png\",\"contentUrl\":\"https:\\\/\\\/www.mpechicago.com\\\/wp-content\\\/uploads\\\/2019\\\/12\\\/MPE-IMD-669-FT-Ultrafine.png\",\"width\":600,\"height\":601,\"caption\":\"MPE IMD 669 FT Ultrafin\"},{\"@type\":\"BreadcrumbList\",\"@id\":\"https:\\\/\\\/www.mpechicago.com\\\/fr\\\/produit\\\/serie-imd-669-ft\\\/#breadcrumb\",\"itemListElement\":[{\"@type\":\"ListItem\",\"position\":1,\"name\":\"Domicile\",\"item\":\"https:\\\/\\\/www.mpechicago.com\\\/fr\\\/\"},{\"@type\":\"ListItem\",\"position\":2,\"name\":\"Priv\u00e9\u00a0: Boutique\",\"item\":\"https:\\\/\\\/www.mpechicago.com\\\/fr\\\/?page_id=32361\"},{\"@type\":\"ListItem\",\"position\":3,\"name\":\"S\u00e9rie IMD 669 FT\"}]},{\"@type\":\"WebSite\",\"@id\":\"https:\\\/\\\/www.mpechicago.com\\\/fr\\\/#website\",\"url\":\"https:\\\/\\\/www.mpechicago.com\\\/fr\\\/\",\"name\":\"\u00c9quipement de traitement moderne\",\"description\":\"\",\"publisher\":{\"@id\":\"https:\\\/\\\/www.mpechicago.com\\\/fr\\\/#organization\"},\"potentialAction\":[{\"@type\":\"SearchAction\",\"target\":{\"@type\":\"EntryPoint\",\"urlTemplate\":\"https:\\\/\\\/www.mpechicago.com\\\/fr\\\/?s={search_term_string}\"},\"query-input\":{\"@type\":\"PropertyValueSpecification\",\"valueRequired\":true,\"valueName\":\"search_term_string\"}}],\"inLanguage\":\"fr-FR\"},{\"@type\":\"Organization\",\"@id\":\"https:\\\/\\\/www.mpechicago.com\\\/fr\\\/#organization\",\"name\":\"\u00c9quipement de traitement moderne\",\"url\":\"https:\\\/\\\/www.mpechicago.com\\\/fr\\\/\",\"logo\":{\"@type\":\"ImageObject\",\"inLanguage\":\"fr-FR\",\"@id\":\"https:\\\/\\\/www.mpechicago.com\\\/fr\\\/#\\\/schema\\\/logo\\\/image\\\/\",\"url\":\"https:\\\/\\\/www.mpechicago.com\\\/wp-content\\\/uploads\\\/2019\\\/12\\\/logo.png\",\"contentUrl\":\"https:\\\/\\\/www.mpechicago.com\\\/wp-content\\\/uploads\\\/2019\\\/12\\\/logo.png\",\"width\":200,\"height\":91,\"caption\":\"\u00c9quipement de traitement moderne\"},\"image\":{\"@id\":\"https:\\\/\\\/www.mpechicago.com\\\/fr\\\/#\\\/schema\\\/logo\\\/image\\\/\"}}]}<\/script>\n<!-- \/ Yoast SEO plugin. -->","yoast_head_json":{"title":"S\u00e9rie IMD 669 FT - \u00c9quipement de traitement moderne","description":"Le granulateur de caf\u00e9 de la s\u00e9rie IMD 669 FT Ultrafine atteint jusqu\u2019\u00e0 150 kg\/h de caf\u00e9 parfaitement moulu. MPE est le leader mondial des \u00e9quipements de mouture de caf\u00e9.","robots":{"index":"index","follow":"follow","max-snippet":"max-snippet:-1","max-image-preview":"max-image-preview:large","max-video-preview":"max-video-preview:-1"},"canonical":"https:\/\/www.mpechicago.com\/fr\/produit\/serie-imd-669-ft\/","og_locale":"fr_FR","og_type":"article","og_title":"S\u00e9rie IMD 669 FT - \u00c9quipement de traitement moderne","og_description":"Le granulateur de caf\u00e9 de la s\u00e9rie IMD 669 FT Ultrafine atteint jusqu\u2019\u00e0 150 kg\/h de caf\u00e9 parfaitement moulu. MPE est le leader mondial des \u00e9quipements de mouture de caf\u00e9.","og_url":"https:\/\/www.mpechicago.com\/fr\/produit\/serie-imd-669-ft\/","og_site_name":"\u00c9quipement de traitement moderne","article_modified_time":"2025-05-12T04:07:30+00:00","og_image":[{"width":600,"height":601,"url":"https:\/\/www.mpechicago.com\/wp-content\/uploads\/2019\/12\/MPE-IMD-669-FT-Ultrafine.png","type":"image\/png"}],"twitter_card":"summary_large_image","twitter_misc":{"Dur\u00e9e de lecture estim\u00e9e":"1 minute"},"schema":{"@context":"https:\/\/schema.org","@graph":[{"@type":"WebPage","@id":"https:\/\/www.mpechicago.com\/fr\/produit\/serie-imd-669-ft\/","url":"https:\/\/www.mpechicago.com\/fr\/produit\/serie-imd-669-ft\/","name":"S\u00e9rie IMD 669 FT - \u00c9quipement de traitement moderne","isPartOf":{"@id":"https:\/\/www.mpechicago.com\/fr\/#website"},"primaryImageOfPage":{"@id":"https:\/\/www.mpechicago.com\/fr\/produit\/serie-imd-669-ft\/#primaryimage"},"image":{"@id":"https:\/\/www.mpechicago.com\/fr\/produit\/serie-imd-669-ft\/#primaryimage"},"thumbnailUrl":"https:\/\/www.mpechicago.com\/wp-content\/uploads\/2019\/12\/MPE-IMD-669-FT-Ultrafine.png","datePublished":"2019-12-18T11:37:21+00:00","dateModified":"2025-05-12T04:07:30+00:00","description":"Le granulateur de caf\u00e9 de la s\u00e9rie IMD 669 FT Ultrafine atteint jusqu\u2019\u00e0 150 kg\/h de caf\u00e9 parfaitement moulu. MPE est le leader mondial des \u00e9quipements de mouture de caf\u00e9.","breadcrumb":{"@id":"https:\/\/www.mpechicago.com\/fr\/produit\/serie-imd-669-ft\/#breadcrumb"},"inLanguage":"fr-FR","potentialAction":[{"@type":"ReadAction","target":["https:\/\/www.mpechicago.com\/fr\/produit\/serie-imd-669-ft\/"]}]},{"@type":"ImageObject","inLanguage":"fr-FR","@id":"https:\/\/www.mpechicago.com\/fr\/produit\/serie-imd-669-ft\/#primaryimage","url":"https:\/\/www.mpechicago.com\/wp-content\/uploads\/2019\/12\/MPE-IMD-669-FT-Ultrafine.png","contentUrl":"https:\/\/www.mpechicago.com\/wp-content\/uploads\/2019\/12\/MPE-IMD-669-FT-Ultrafine.png","width":600,"height":601,"caption":"MPE IMD 669 FT Ultrafin"},{"@type":"BreadcrumbList","@id":"https:\/\/www.mpechicago.com\/fr\/produit\/serie-imd-669-ft\/#breadcrumb","itemListElement":[{"@type":"ListItem","position":1,"name":"Domicile","item":"https:\/\/www.mpechicago.com\/fr\/"},{"@type":"ListItem","position":2,"name":"Priv\u00e9\u00a0: Boutique","item":"https:\/\/www.mpechicago.com\/fr\/?page_id=32361"},{"@type":"ListItem","position":3,"name":"S\u00e9rie IMD 669 FT"}]},{"@type":"WebSite","@id":"https:\/\/www.mpechicago.com\/fr\/#website","url":"https:\/\/www.mpechicago.com\/fr\/","name":"\u00c9quipement de traitement moderne","description":"","publisher":{"@id":"https:\/\/www.mpechicago.com\/fr\/#organization"},"potentialAction":[{"@type":"SearchAction","target":{"@type":"EntryPoint","urlTemplate":"https:\/\/www.mpechicago.com\/fr\/?s={search_term_string}"},"query-input":{"@type":"PropertyValueSpecification","valueRequired":true,"valueName":"search_term_string"}}],"inLanguage":"fr-FR"},{"@type":"Organization","@id":"https:\/\/www.mpechicago.com\/fr\/#organization","name":"\u00c9quipement de traitement moderne","url":"https:\/\/www.mpechicago.com\/fr\/","logo":{"@type":"ImageObject","inLanguage":"fr-FR","@id":"https:\/\/www.mpechicago.com\/fr\/#\/schema\/logo\/image\/","url":"https:\/\/www.mpechicago.com\/wp-content\/uploads\/2019\/12\/logo.png","contentUrl":"https:\/\/www.mpechicago.com\/wp-content\/uploads\/2019\/12\/logo.png","width":200,"height":91,"caption":"\u00c9quipement de traitement moderne"},"image":{"@id":"https:\/\/www.mpechicago.com\/fr\/#\/schema\/logo\/image\/"}}]}},"_links":{"self":[{"href":"https:\/\/www.mpechicago.com\/fr\/wp-json\/wp\/v2\/product\/29102","targetHints":{"allow":["GET"]}}],"collection":[{"href":"https:\/\/www.mpechicago.com\/fr\/wp-json\/wp\/v2\/product"}],"about":[{"href":"https:\/\/www.mpechicago.com\/fr\/wp-json\/wp\/v2\/types\/product"}],"replies":[{"embeddable":true,"href":"https:\/\/www.mpechicago.com\/fr\/wp-json\/wp\/v2\/comments?post=29102"}],"wp:featuredmedia":[{"embeddable":true,"href":"https:\/\/www.mpechicago.com\/fr\/wp-json\/wp\/v2\/media\/19348"}],"wp:attachment":[{"href":"https:\/\/www.mpechicago.com\/fr\/wp-json\/wp\/v2\/media?parent=29102"}],"wp:term":[{"taxonomy":"product_brand","embeddable":true,"href":"https:\/\/www.mpechicago.com\/fr\/wp-json\/wp\/v2\/product_brand?post=29102"},{"taxonomy":"product_cat","embeddable":true,"href":"https:\/\/www.mpechicago.com\/fr\/wp-json\/wp\/v2\/product_cat?post=29102"},{"taxonomy":"product_tag","embeddable":true,"href":"https:\/\/www.mpechicago.com\/fr\/wp-json\/wp\/v2\/product_tag?post=29102"}],"curies":[{"name":"wp","href":"https:\/\/api.w.org\/{rel}","templated":true}]}}