{"id":29062,"date":"2019-12-17T09:07:33","date_gmt":"2019-12-17T15:07:33","guid":{"rendered":"https:\/\/www.mpechicago.com\/product\/moulins-des-series-600-mini-max-et-super-max\/"},"modified":"2025-05-12T18:34:14","modified_gmt":"2025-05-12T23:34:14","slug":"moulins-des-series-600-mini-max-et-super-max","status":"publish","type":"product","link":"https:\/\/www.mpechicago.com\/fr\/produit\/moulins-des-series-600-mini-max-et-super-max\/","title":{"rendered":"Moulins des s\u00e9ries 600 Mini.Max et Super.Max"},"content":{"rendered":"<p>Le mod\u00e8le 600 Mini.Max \u00e0 2 hauteurs a \u00e9t\u00e9 le premier broyeur \u00e0 cylindres \u00ab en place \u00bb au monde pour la fabrication de capsules et de dosettes, qui pouvait offrir la perfection d\u2019un broyeur \u00e0 rouleaux au-dessus de votre \u00e9quipement d\u2019emballage. Peu de temps apr\u00e8s, une version \u00e0 3 hauteurs a \u00e9t\u00e9 introduite, ainsi que les nouveaux moulins de la s\u00e9rie Super.Max, qui sont des versions de plus grande capacit\u00e9 de la s\u00e9rie Mini.Max. <\/p>\n<p>Ensemble, les moulins des s\u00e9ries 600 Mini.Max et Super.Max sont sp\u00e9cialement con\u00e7us pour \u00eatre utilis\u00e9s avec des machines d\u2019emballage de caf\u00e9 \u00e0 portion individuelle. Ces moulins tout-en-un produisent les moutures optimales pour les K-Cup, Nespresso<span style=\"font-size: 12pt; font-family: georgia, palatino, serif;\"><b>\u2122<\/b><\/span>, l\u2019espresso et pratiquement toutes les autres moutures requises pour l\u2019emballage de capsules individuelles. <\/p>\n<p>La mouture de qualit\u00e9 qui n\u2019\u00e9tait jusqu\u2019\u00e0 pr\u00e9sent obtenue qu\u2019avec un broyeur \u00e0 rouleaux peut \u00eatre install\u00e9e, de mani\u00e8re \u00e9conomique, en tandem avec des machines de remplissage de capsules. Il n\u2019est plus n\u00e9cessaire de faire des compromis avec un moulin \u00e0 disque. <\/p>\n<p>Avec les moulins des s\u00e9ries 600 MM (abr\u00e9viation de Mini.Max) et 600 SM (abr\u00e9viation de Super.Max), pratiquement toutes les densit\u00e9s n\u00e9cessaires peuvent \u00eatre atteintes avec leurs normaliseurs Vortex brevet\u00e9s MPE. Les hachoirs des s\u00e9ries 600 MM et 600 SM peuvent garantir l\u2019uniformit\u00e9 et la coh\u00e9rence requises pour une extraction optimale en portion individuelle par l\u2019utilisateur final. <\/p>\n","protected":false},"excerpt":{"rendered":"<p>Meuleuses de la s\u00e9rie Mini.Max pour jusqu\u2019\u00e0 350 kg\/h et meuleuses de la s\u00e9rie Super.Max pour jusqu\u2019\u00e0 520 kg\/h<\/p>\n","protected":false},"featured_media":23630,"comment_status":"open","ping_status":"closed","template":"","meta":{"_acf_changed":false,"content-type":"","rs_blank_template":"","rs_page_bg_color":"","slide_template_v7":""},"product_brand":[],"product_cat":[218,222,308],"product_tag":[],"class_list":{"0":"post-29062","1":"product","2":"type-product","3":"status-publish","4":"has-post-thumbnail","6":"product_cat-industriel","7":"product_cat-dosettes-et-capsules","8":"product_cat-expresso","10":"first","11":"outofstock","12":"shipping-taxable","13":"product-type-variable"},"acf":[],"yoast_head":"<!-- This site is optimized with the Yoast SEO plugin v27.5 - https:\/\/yoast.com\/product\/yoast-seo-wordpress\/ -->\n<title>Moulins des s\u00e9ries 600 Mini.Max et Super.Max - \u00c9quipement de traitement moderne<\/title>\n<meta name=\"description\" content=\"Les granulateurs de caf\u00e9 Mini.Max et Super.Max des mod\u00e8les 600 atteignent jusqu\u2019\u00e0 520 kg\/h. MPE est le premier fabricant mondial d\u2019\u00e9quipements de mouture du caf\u00e9.\" \/>\n<meta name=\"robots\" content=\"index, follow, max-snippet:-1, max-image-preview:large, max-video-preview:-1\" \/>\n<link rel=\"canonical\" href=\"https:\/\/www.mpechicago.com\/fr\/produit\/moulins-des-series-600-mini-max-et-super-max\/\" \/>\n<meta property=\"og:locale\" content=\"fr_FR\" \/>\n<meta property=\"og:type\" content=\"article\" \/>\n<meta property=\"og:title\" content=\"Moulins des s\u00e9ries 600 Mini.Max et Super.Max - \u00c9quipement de traitement moderne\" \/>\n<meta property=\"og:description\" content=\"Les granulateurs de caf\u00e9 Mini.Max et Super.Max des mod\u00e8les 600 atteignent jusqu\u2019\u00e0 520 kg\/h. MPE est le premier fabricant mondial d\u2019\u00e9quipements de mouture du caf\u00e9.\" \/>\n<meta property=\"og:url\" content=\"https:\/\/www.mpechicago.com\/fr\/produit\/moulins-des-series-600-mini-max-et-super-max\/\" \/>\n<meta property=\"og:site_name\" content=\"\u00c9quipement de traitement moderne\" \/>\n<meta property=\"article:modified_time\" content=\"2025-05-12T23:34:14+00:00\" \/>\n<meta property=\"og:image\" content=\"https:\/\/www.mpechicago.com\/wp-content\/uploads\/2019\/12\/MPE-MiniMax-No-Hopper-1-small-compressed.jpg\" \/>\n\t<meta property=\"og:image:width\" content=\"1000\" \/>\n\t<meta property=\"og:image:height\" content=\"1000\" \/>\n\t<meta property=\"og:image:type\" content=\"image\/jpeg\" \/>\n<meta name=\"twitter:card\" content=\"summary_large_image\" \/>\n<meta name=\"twitter:label1\" content=\"Dur\u00e9e de lecture estim\u00e9e\" \/>\n\t<meta name=\"twitter:data1\" content=\"1 minute\" \/>\n<script type=\"application\/ld+json\" class=\"yoast-schema-graph\">{\"@context\":\"https:\\\/\\\/schema.org\",\"@graph\":[{\"@type\":\"WebPage\",\"@id\":\"https:\\\/\\\/www.mpechicago.com\\\/fr\\\/produit\\\/moulins-des-series-600-mini-max-et-super-max\\\/\",\"url\":\"https:\\\/\\\/www.mpechicago.com\\\/fr\\\/produit\\\/moulins-des-series-600-mini-max-et-super-max\\\/\",\"name\":\"Moulins des s\u00e9ries 600 Mini.Max et Super.Max - \u00c9quipement de traitement moderne\",\"isPartOf\":{\"@id\":\"https:\\\/\\\/www.mpechicago.com\\\/fr\\\/#website\"},\"primaryImageOfPage\":{\"@id\":\"https:\\\/\\\/www.mpechicago.com\\\/fr\\\/produit\\\/moulins-des-series-600-mini-max-et-super-max\\\/#primaryimage\"},\"image\":{\"@id\":\"https:\\\/\\\/www.mpechicago.com\\\/fr\\\/produit\\\/moulins-des-series-600-mini-max-et-super-max\\\/#primaryimage\"},\"thumbnailUrl\":\"https:\\\/\\\/www.mpechicago.com\\\/wp-content\\\/uploads\\\/2019\\\/12\\\/MPE-MiniMax-No-Hopper-1-small-compressed.jpg\",\"datePublished\":\"2019-12-17T15:07:33+00:00\",\"dateModified\":\"2025-05-12T23:34:14+00:00\",\"description\":\"Les granulateurs de caf\u00e9 Mini.Max et Super.Max des mod\u00e8les 600 atteignent jusqu\u2019\u00e0 520 kg\\\/h. MPE est le premier fabricant mondial d\u2019\u00e9quipements de mouture du caf\u00e9.\",\"breadcrumb\":{\"@id\":\"https:\\\/\\\/www.mpechicago.com\\\/fr\\\/produit\\\/moulins-des-series-600-mini-max-et-super-max\\\/#breadcrumb\"},\"inLanguage\":\"fr-FR\",\"potentialAction\":[{\"@type\":\"ReadAction\",\"target\":[\"https:\\\/\\\/www.mpechicago.com\\\/fr\\\/produit\\\/moulins-des-series-600-mini-max-et-super-max\\\/\"]}]},{\"@type\":\"ImageObject\",\"inLanguage\":\"fr-FR\",\"@id\":\"https:\\\/\\\/www.mpechicago.com\\\/fr\\\/produit\\\/moulins-des-series-600-mini-max-et-super-max\\\/#primaryimage\",\"url\":\"https:\\\/\\\/www.mpechicago.com\\\/wp-content\\\/uploads\\\/2019\\\/12\\\/MPE-MiniMax-No-Hopper-1-small-compressed.jpg\",\"contentUrl\":\"https:\\\/\\\/www.mpechicago.com\\\/wp-content\\\/uploads\\\/2019\\\/12\\\/MPE-MiniMax-No-Hopper-1-small-compressed.jpg\",\"width\":1000,\"height\":1000},{\"@type\":\"BreadcrumbList\",\"@id\":\"https:\\\/\\\/www.mpechicago.com\\\/fr\\\/produit\\\/moulins-des-series-600-mini-max-et-super-max\\\/#breadcrumb\",\"itemListElement\":[{\"@type\":\"ListItem\",\"position\":1,\"name\":\"Domicile\",\"item\":\"https:\\\/\\\/www.mpechicago.com\\\/fr\\\/\"},{\"@type\":\"ListItem\",\"position\":2,\"name\":\"Priv\u00e9\u00a0: Boutique\",\"item\":\"https:\\\/\\\/www.mpechicago.com\\\/fr\\\/?page_id=32361\"},{\"@type\":\"ListItem\",\"position\":3,\"name\":\"Moulins des s\u00e9ries 600 Mini.Max et Super.Max\"}]},{\"@type\":\"WebSite\",\"@id\":\"https:\\\/\\\/www.mpechicago.com\\\/fr\\\/#website\",\"url\":\"https:\\\/\\\/www.mpechicago.com\\\/fr\\\/\",\"name\":\"\u00c9quipement de traitement moderne\",\"description\":\"\",\"publisher\":{\"@id\":\"https:\\\/\\\/www.mpechicago.com\\\/fr\\\/#organization\"},\"potentialAction\":[{\"@type\":\"SearchAction\",\"target\":{\"@type\":\"EntryPoint\",\"urlTemplate\":\"https:\\\/\\\/www.mpechicago.com\\\/fr\\\/?s={search_term_string}\"},\"query-input\":{\"@type\":\"PropertyValueSpecification\",\"valueRequired\":true,\"valueName\":\"search_term_string\"}}],\"inLanguage\":\"fr-FR\"},{\"@type\":\"Organization\",\"@id\":\"https:\\\/\\\/www.mpechicago.com\\\/fr\\\/#organization\",\"name\":\"\u00c9quipement de traitement moderne\",\"url\":\"https:\\\/\\\/www.mpechicago.com\\\/fr\\\/\",\"logo\":{\"@type\":\"ImageObject\",\"inLanguage\":\"fr-FR\",\"@id\":\"https:\\\/\\\/www.mpechicago.com\\\/fr\\\/#\\\/schema\\\/logo\\\/image\\\/\",\"url\":\"https:\\\/\\\/www.mpechicago.com\\\/wp-content\\\/uploads\\\/2019\\\/12\\\/logo.png\",\"contentUrl\":\"https:\\\/\\\/www.mpechicago.com\\\/wp-content\\\/uploads\\\/2019\\\/12\\\/logo.png\",\"width\":200,\"height\":91,\"caption\":\"\u00c9quipement de traitement moderne\"},\"image\":{\"@id\":\"https:\\\/\\\/www.mpechicago.com\\\/fr\\\/#\\\/schema\\\/logo\\\/image\\\/\"}}]}<\/script>\n<!-- \/ Yoast SEO plugin. -->","yoast_head_json":{"title":"Moulins des s\u00e9ries 600 Mini.Max et Super.Max - \u00c9quipement de traitement moderne","description":"Les granulateurs de caf\u00e9 Mini.Max et Super.Max des mod\u00e8les 600 atteignent jusqu\u2019\u00e0 520 kg\/h. MPE est le premier fabricant mondial d\u2019\u00e9quipements de mouture du caf\u00e9.","robots":{"index":"index","follow":"follow","max-snippet":"max-snippet:-1","max-image-preview":"max-image-preview:large","max-video-preview":"max-video-preview:-1"},"canonical":"https:\/\/www.mpechicago.com\/fr\/produit\/moulins-des-series-600-mini-max-et-super-max\/","og_locale":"fr_FR","og_type":"article","og_title":"Moulins des s\u00e9ries 600 Mini.Max et Super.Max - \u00c9quipement de traitement moderne","og_description":"Les granulateurs de caf\u00e9 Mini.Max et Super.Max des mod\u00e8les 600 atteignent jusqu\u2019\u00e0 520 kg\/h. MPE est le premier fabricant mondial d\u2019\u00e9quipements de mouture du caf\u00e9.","og_url":"https:\/\/www.mpechicago.com\/fr\/produit\/moulins-des-series-600-mini-max-et-super-max\/","og_site_name":"\u00c9quipement de traitement moderne","article_modified_time":"2025-05-12T23:34:14+00:00","og_image":[{"width":1000,"height":1000,"url":"https:\/\/www.mpechicago.com\/wp-content\/uploads\/2019\/12\/MPE-MiniMax-No-Hopper-1-small-compressed.jpg","type":"image\/jpeg"}],"twitter_card":"summary_large_image","twitter_misc":{"Dur\u00e9e de lecture estim\u00e9e":"1 minute"},"schema":{"@context":"https:\/\/schema.org","@graph":[{"@type":"WebPage","@id":"https:\/\/www.mpechicago.com\/fr\/produit\/moulins-des-series-600-mini-max-et-super-max\/","url":"https:\/\/www.mpechicago.com\/fr\/produit\/moulins-des-series-600-mini-max-et-super-max\/","name":"Moulins des s\u00e9ries 600 Mini.Max et Super.Max - \u00c9quipement de traitement moderne","isPartOf":{"@id":"https:\/\/www.mpechicago.com\/fr\/#website"},"primaryImageOfPage":{"@id":"https:\/\/www.mpechicago.com\/fr\/produit\/moulins-des-series-600-mini-max-et-super-max\/#primaryimage"},"image":{"@id":"https:\/\/www.mpechicago.com\/fr\/produit\/moulins-des-series-600-mini-max-et-super-max\/#primaryimage"},"thumbnailUrl":"https:\/\/www.mpechicago.com\/wp-content\/uploads\/2019\/12\/MPE-MiniMax-No-Hopper-1-small-compressed.jpg","datePublished":"2019-12-17T15:07:33+00:00","dateModified":"2025-05-12T23:34:14+00:00","description":"Les granulateurs de caf\u00e9 Mini.Max et Super.Max des mod\u00e8les 600 atteignent jusqu\u2019\u00e0 520 kg\/h. MPE est le premier fabricant mondial d\u2019\u00e9quipements de mouture du caf\u00e9.","breadcrumb":{"@id":"https:\/\/www.mpechicago.com\/fr\/produit\/moulins-des-series-600-mini-max-et-super-max\/#breadcrumb"},"inLanguage":"fr-FR","potentialAction":[{"@type":"ReadAction","target":["https:\/\/www.mpechicago.com\/fr\/produit\/moulins-des-series-600-mini-max-et-super-max\/"]}]},{"@type":"ImageObject","inLanguage":"fr-FR","@id":"https:\/\/www.mpechicago.com\/fr\/produit\/moulins-des-series-600-mini-max-et-super-max\/#primaryimage","url":"https:\/\/www.mpechicago.com\/wp-content\/uploads\/2019\/12\/MPE-MiniMax-No-Hopper-1-small-compressed.jpg","contentUrl":"https:\/\/www.mpechicago.com\/wp-content\/uploads\/2019\/12\/MPE-MiniMax-No-Hopper-1-small-compressed.jpg","width":1000,"height":1000},{"@type":"BreadcrumbList","@id":"https:\/\/www.mpechicago.com\/fr\/produit\/moulins-des-series-600-mini-max-et-super-max\/#breadcrumb","itemListElement":[{"@type":"ListItem","position":1,"name":"Domicile","item":"https:\/\/www.mpechicago.com\/fr\/"},{"@type":"ListItem","position":2,"name":"Priv\u00e9\u00a0: Boutique","item":"https:\/\/www.mpechicago.com\/fr\/?page_id=32361"},{"@type":"ListItem","position":3,"name":"Moulins des s\u00e9ries 600 Mini.Max et Super.Max"}]},{"@type":"WebSite","@id":"https:\/\/www.mpechicago.com\/fr\/#website","url":"https:\/\/www.mpechicago.com\/fr\/","name":"\u00c9quipement de traitement moderne","description":"","publisher":{"@id":"https:\/\/www.mpechicago.com\/fr\/#organization"},"potentialAction":[{"@type":"SearchAction","target":{"@type":"EntryPoint","urlTemplate":"https:\/\/www.mpechicago.com\/fr\/?s={search_term_string}"},"query-input":{"@type":"PropertyValueSpecification","valueRequired":true,"valueName":"search_term_string"}}],"inLanguage":"fr-FR"},{"@type":"Organization","@id":"https:\/\/www.mpechicago.com\/fr\/#organization","name":"\u00c9quipement de traitement moderne","url":"https:\/\/www.mpechicago.com\/fr\/","logo":{"@type":"ImageObject","inLanguage":"fr-FR","@id":"https:\/\/www.mpechicago.com\/fr\/#\/schema\/logo\/image\/","url":"https:\/\/www.mpechicago.com\/wp-content\/uploads\/2019\/12\/logo.png","contentUrl":"https:\/\/www.mpechicago.com\/wp-content\/uploads\/2019\/12\/logo.png","width":200,"height":91,"caption":"\u00c9quipement de traitement moderne"},"image":{"@id":"https:\/\/www.mpechicago.com\/fr\/#\/schema\/logo\/image\/"}}]}},"_links":{"self":[{"href":"https:\/\/www.mpechicago.com\/fr\/wp-json\/wp\/v2\/product\/29062","targetHints":{"allow":["GET"]}}],"collection":[{"href":"https:\/\/www.mpechicago.com\/fr\/wp-json\/wp\/v2\/product"}],"about":[{"href":"https:\/\/www.mpechicago.com\/fr\/wp-json\/wp\/v2\/types\/product"}],"replies":[{"embeddable":true,"href":"https:\/\/www.mpechicago.com\/fr\/wp-json\/wp\/v2\/comments?post=29062"}],"wp:featuredmedia":[{"embeddable":true,"href":"https:\/\/www.mpechicago.com\/fr\/wp-json\/wp\/v2\/media\/23630"}],"wp:attachment":[{"href":"https:\/\/www.mpechicago.com\/fr\/wp-json\/wp\/v2\/media?parent=29062"}],"wp:term":[{"taxonomy":"product_brand","embeddable":true,"href":"https:\/\/www.mpechicago.com\/fr\/wp-json\/wp\/v2\/product_brand?post=29062"},{"taxonomy":"product_cat","embeddable":true,"href":"https:\/\/www.mpechicago.com\/fr\/wp-json\/wp\/v2\/product_cat?post=29062"},{"taxonomy":"product_tag","embeddable":true,"href":"https:\/\/www.mpechicago.com\/fr\/wp-json\/wp\/v2\/product_tag?post=29062"}],"curies":[{"name":"wp","href":"https:\/\/api.w.org\/{rel}","templated":true}]}}