{"id":29053,"date":"2019-12-17T07:52:43","date_gmt":"2019-12-17T13:52:43","guid":{"rendered":"https:\/\/www.mpechicago.com\/product\/serie-700-f-2\/"},"modified":"2025-05-11T23:06:53","modified_gmt":"2025-05-12T04:06:53","slug":"serie-700-f-2","status":"publish","type":"product","link":"https:\/\/www.mpechicago.com\/fr\/produit\/serie-700-f-2\/","title":{"rendered":"S\u00e9rie 700 F"},"content":{"rendered":"<p>Le mod\u00e8le 700 F est l\u2019un des moulins \u00e0 caf\u00e9 industriels les plus populaires au monde. Des performances granulom\u00e9triques exceptionnelles sur une gamme de tailles de mouture et des r\u00e9sultats coh\u00e9rents diff\u00e9rencient le 700 F des autres mod\u00e8les de broyeurs. De plus, le 700 F offre un certain nombre d\u2019options, telles que le contr\u00f4le PLC, le refroidissement par eau et le contr\u00f4le de la densit\u00e9 pour am\u00e9liorer encore la qualit\u00e9 et la coh\u00e9rence du caf\u00e9 moulu.  <\/p>\n","protected":false},"excerpt":{"rendered":"<p>GRANULATEUR DE CAF\u00c9 MOD\u00c8LE 700 S\u00c9RIE F * 700 F(X) \u2013 DEUX (2) SECTIONS DE MOUTURE, (X) = CONFIGURATION ESPRESSO EN OPTION * 777 E \u2013 GRANULATEUR RECONDITIONN\u00c9, \u00ab GUMP \u00bb<\/p>\n","protected":false},"featured_media":18923,"comment_status":"open","ping_status":"closed","template":"","meta":{"_acf_changed":false,"content-type":"","rs_blank_template":"","rs_page_bg_color":"","slide_template_v7":""},"product_brand":[],"product_cat":[218,222,308,309],"product_tag":[],"class_list":{"0":"post-29053","1":"product","2":"type-product","3":"status-publish","4":"has-post-thumbnail","6":"product_cat-industriel","7":"product_cat-dosettes-et-capsules","8":"product_cat-expresso","9":"product_cat-filtre","11":"first","12":"outofstock","13":"shipping-taxable","14":"product-type-variable"},"acf":[],"yoast_head":"<!-- This site is optimized with the Yoast SEO plugin v27.4 - https:\/\/yoast.com\/product\/yoast-seo-wordpress\/ -->\n<title>S\u00e9rie 700-F- \u00c9quipement de traitement moderne broyage de caf\u00e9 de pr\u00e9cision \u00e0 haut volume<\/title>\n<meta name=\"description\" content=\"Le granulateur de caf\u00e9 mod\u00e8le 700 de la s\u00e9rie F peut atteindre jusqu\u2019\u00e0 900 kg\/h de caf\u00e9 parfaitement moulu. MPE est le leader mondial des \u00e9quipements de mouture de caf\u00e9 industriel.\" \/>\n<meta name=\"robots\" content=\"index, follow, max-snippet:-1, max-image-preview:large, max-video-preview:-1\" \/>\n<link rel=\"canonical\" href=\"https:\/\/www.mpechicago.com\/fr\/produit\/serie-700-f-2\/\" \/>\n<meta property=\"og:locale\" content=\"fr_FR\" \/>\n<meta property=\"og:type\" content=\"article\" \/>\n<meta property=\"og:title\" content=\"S\u00e9rie 700-F- \u00c9quipement de traitement moderne broyage de caf\u00e9 de pr\u00e9cision \u00e0 haut volume\" \/>\n<meta property=\"og:description\" content=\"Le granulateur de caf\u00e9 mod\u00e8le 700 de la s\u00e9rie F peut atteindre jusqu\u2019\u00e0 900 kg\/h de caf\u00e9 parfaitement moulu. MPE est le leader mondial des \u00e9quipements de mouture de caf\u00e9 industriel.\" \/>\n<meta property=\"og:url\" content=\"https:\/\/www.mpechicago.com\/fr\/produit\/serie-700-f-2\/\" \/>\n<meta property=\"og:site_name\" content=\"\u00c9quipement de traitement moderne\" \/>\n<meta property=\"article:modified_time\" content=\"2025-05-12T04:06:53+00:00\" \/>\n<meta property=\"og:image\" content=\"https:\/\/www.mpechicago.com\/wp-content\/uploads\/2019\/12\/700FX-Equal-Exchange3.png\" \/>\n\t<meta property=\"og:image:width\" content=\"600\" \/>\n\t<meta property=\"og:image:height\" content=\"600\" \/>\n\t<meta property=\"og:image:type\" content=\"image\/png\" \/>\n<meta name=\"twitter:card\" content=\"summary_large_image\" \/>\n<script type=\"application\/ld+json\" class=\"yoast-schema-graph\">{\"@context\":\"https:\\\/\\\/schema.org\",\"@graph\":[{\"@type\":\"WebPage\",\"@id\":\"https:\\\/\\\/www.mpechicago.com\\\/fr\\\/produit\\\/serie-700-f-2\\\/\",\"url\":\"https:\\\/\\\/www.mpechicago.com\\\/fr\\\/produit\\\/serie-700-f-2\\\/\",\"name\":\"S\u00e9rie 700-F- \u00c9quipement de traitement moderne broyage de caf\u00e9 de pr\u00e9cision \u00e0 haut volume\",\"isPartOf\":{\"@id\":\"https:\\\/\\\/www.mpechicago.com\\\/fr\\\/#website\"},\"primaryImageOfPage\":{\"@id\":\"https:\\\/\\\/www.mpechicago.com\\\/fr\\\/produit\\\/serie-700-f-2\\\/#primaryimage\"},\"image\":{\"@id\":\"https:\\\/\\\/www.mpechicago.com\\\/fr\\\/produit\\\/serie-700-f-2\\\/#primaryimage\"},\"thumbnailUrl\":\"https:\\\/\\\/www.mpechicago.com\\\/wp-content\\\/uploads\\\/2019\\\/12\\\/700FX-Equal-Exchange3.png\",\"datePublished\":\"2019-12-17T13:52:43+00:00\",\"dateModified\":\"2025-05-12T04:06:53+00:00\",\"description\":\"Le granulateur de caf\u00e9 mod\u00e8le 700 de la s\u00e9rie F peut atteindre jusqu\u2019\u00e0 900 kg\\\/h de caf\u00e9 parfaitement moulu. MPE est le leader mondial des \u00e9quipements de mouture de caf\u00e9 industriel.\",\"breadcrumb\":{\"@id\":\"https:\\\/\\\/www.mpechicago.com\\\/fr\\\/produit\\\/serie-700-f-2\\\/#breadcrumb\"},\"inLanguage\":\"fr-FR\",\"potentialAction\":[{\"@type\":\"ReadAction\",\"target\":[\"https:\\\/\\\/www.mpechicago.com\\\/fr\\\/produit\\\/serie-700-f-2\\\/\"]}]},{\"@type\":\"ImageObject\",\"inLanguage\":\"fr-FR\",\"@id\":\"https:\\\/\\\/www.mpechicago.com\\\/fr\\\/produit\\\/serie-700-f-2\\\/#primaryimage\",\"url\":\"https:\\\/\\\/www.mpechicago.com\\\/wp-content\\\/uploads\\\/2019\\\/12\\\/700FX-Equal-Exchange3.png\",\"contentUrl\":\"https:\\\/\\\/www.mpechicago.com\\\/wp-content\\\/uploads\\\/2019\\\/12\\\/700FX-Equal-Exchange3.png\",\"width\":600,\"height\":600,\"caption\":\"700FX \u00c9change \u00e9gal\"},{\"@type\":\"BreadcrumbList\",\"@id\":\"https:\\\/\\\/www.mpechicago.com\\\/fr\\\/produit\\\/serie-700-f-2\\\/#breadcrumb\",\"itemListElement\":[{\"@type\":\"ListItem\",\"position\":1,\"name\":\"Domicile\",\"item\":\"https:\\\/\\\/www.mpechicago.com\\\/fr\\\/\"},{\"@type\":\"ListItem\",\"position\":2,\"name\":\"Priv\u00e9\u00a0: Boutique\",\"item\":\"https:\\\/\\\/www.mpechicago.com\\\/fr\\\/?page_id=32361\"},{\"@type\":\"ListItem\",\"position\":3,\"name\":\"S\u00e9rie 700 F\"}]},{\"@type\":\"WebSite\",\"@id\":\"https:\\\/\\\/www.mpechicago.com\\\/fr\\\/#website\",\"url\":\"https:\\\/\\\/www.mpechicago.com\\\/fr\\\/\",\"name\":\"\u00c9quipement de traitement moderne\",\"description\":\"\",\"publisher\":{\"@id\":\"https:\\\/\\\/www.mpechicago.com\\\/fr\\\/#organization\"},\"potentialAction\":[{\"@type\":\"SearchAction\",\"target\":{\"@type\":\"EntryPoint\",\"urlTemplate\":\"https:\\\/\\\/www.mpechicago.com\\\/fr\\\/?s={search_term_string}\"},\"query-input\":{\"@type\":\"PropertyValueSpecification\",\"valueRequired\":true,\"valueName\":\"search_term_string\"}}],\"inLanguage\":\"fr-FR\"},{\"@type\":\"Organization\",\"@id\":\"https:\\\/\\\/www.mpechicago.com\\\/fr\\\/#organization\",\"name\":\"\u00c9quipement de traitement moderne\",\"url\":\"https:\\\/\\\/www.mpechicago.com\\\/fr\\\/\",\"logo\":{\"@type\":\"ImageObject\",\"inLanguage\":\"fr-FR\",\"@id\":\"https:\\\/\\\/www.mpechicago.com\\\/fr\\\/#\\\/schema\\\/logo\\\/image\\\/\",\"url\":\"https:\\\/\\\/www.mpechicago.com\\\/wp-content\\\/uploads\\\/2019\\\/12\\\/logo.png\",\"contentUrl\":\"https:\\\/\\\/www.mpechicago.com\\\/wp-content\\\/uploads\\\/2019\\\/12\\\/logo.png\",\"width\":200,\"height\":91,\"caption\":\"\u00c9quipement de traitement moderne\"},\"image\":{\"@id\":\"https:\\\/\\\/www.mpechicago.com\\\/fr\\\/#\\\/schema\\\/logo\\\/image\\\/\"}}]}<\/script>\n<!-- \/ Yoast SEO plugin. -->","yoast_head_json":{"title":"S\u00e9rie 700-F- \u00c9quipement de traitement moderne broyage de caf\u00e9 de pr\u00e9cision \u00e0 haut volume","description":"Le granulateur de caf\u00e9 mod\u00e8le 700 de la s\u00e9rie F peut atteindre jusqu\u2019\u00e0 900 kg\/h de caf\u00e9 parfaitement moulu. MPE est le leader mondial des \u00e9quipements de mouture de caf\u00e9 industriel.","robots":{"index":"index","follow":"follow","max-snippet":"max-snippet:-1","max-image-preview":"max-image-preview:large","max-video-preview":"max-video-preview:-1"},"canonical":"https:\/\/www.mpechicago.com\/fr\/produit\/serie-700-f-2\/","og_locale":"fr_FR","og_type":"article","og_title":"S\u00e9rie 700-F- \u00c9quipement de traitement moderne broyage de caf\u00e9 de pr\u00e9cision \u00e0 haut volume","og_description":"Le granulateur de caf\u00e9 mod\u00e8le 700 de la s\u00e9rie F peut atteindre jusqu\u2019\u00e0 900 kg\/h de caf\u00e9 parfaitement moulu. MPE est le leader mondial des \u00e9quipements de mouture de caf\u00e9 industriel.","og_url":"https:\/\/www.mpechicago.com\/fr\/produit\/serie-700-f-2\/","og_site_name":"\u00c9quipement de traitement moderne","article_modified_time":"2025-05-12T04:06:53+00:00","og_image":[{"width":600,"height":600,"url":"https:\/\/www.mpechicago.com\/wp-content\/uploads\/2019\/12\/700FX-Equal-Exchange3.png","type":"image\/png"}],"twitter_card":"summary_large_image","schema":{"@context":"https:\/\/schema.org","@graph":[{"@type":"WebPage","@id":"https:\/\/www.mpechicago.com\/fr\/produit\/serie-700-f-2\/","url":"https:\/\/www.mpechicago.com\/fr\/produit\/serie-700-f-2\/","name":"S\u00e9rie 700-F- \u00c9quipement de traitement moderne broyage de caf\u00e9 de pr\u00e9cision \u00e0 haut volume","isPartOf":{"@id":"https:\/\/www.mpechicago.com\/fr\/#website"},"primaryImageOfPage":{"@id":"https:\/\/www.mpechicago.com\/fr\/produit\/serie-700-f-2\/#primaryimage"},"image":{"@id":"https:\/\/www.mpechicago.com\/fr\/produit\/serie-700-f-2\/#primaryimage"},"thumbnailUrl":"https:\/\/www.mpechicago.com\/wp-content\/uploads\/2019\/12\/700FX-Equal-Exchange3.png","datePublished":"2019-12-17T13:52:43+00:00","dateModified":"2025-05-12T04:06:53+00:00","description":"Le granulateur de caf\u00e9 mod\u00e8le 700 de la s\u00e9rie F peut atteindre jusqu\u2019\u00e0 900 kg\/h de caf\u00e9 parfaitement moulu. MPE est le leader mondial des \u00e9quipements de mouture de caf\u00e9 industriel.","breadcrumb":{"@id":"https:\/\/www.mpechicago.com\/fr\/produit\/serie-700-f-2\/#breadcrumb"},"inLanguage":"fr-FR","potentialAction":[{"@type":"ReadAction","target":["https:\/\/www.mpechicago.com\/fr\/produit\/serie-700-f-2\/"]}]},{"@type":"ImageObject","inLanguage":"fr-FR","@id":"https:\/\/www.mpechicago.com\/fr\/produit\/serie-700-f-2\/#primaryimage","url":"https:\/\/www.mpechicago.com\/wp-content\/uploads\/2019\/12\/700FX-Equal-Exchange3.png","contentUrl":"https:\/\/www.mpechicago.com\/wp-content\/uploads\/2019\/12\/700FX-Equal-Exchange3.png","width":600,"height":600,"caption":"700FX \u00c9change \u00e9gal"},{"@type":"BreadcrumbList","@id":"https:\/\/www.mpechicago.com\/fr\/produit\/serie-700-f-2\/#breadcrumb","itemListElement":[{"@type":"ListItem","position":1,"name":"Domicile","item":"https:\/\/www.mpechicago.com\/fr\/"},{"@type":"ListItem","position":2,"name":"Priv\u00e9\u00a0: Boutique","item":"https:\/\/www.mpechicago.com\/fr\/?page_id=32361"},{"@type":"ListItem","position":3,"name":"S\u00e9rie 700 F"}]},{"@type":"WebSite","@id":"https:\/\/www.mpechicago.com\/fr\/#website","url":"https:\/\/www.mpechicago.com\/fr\/","name":"\u00c9quipement de traitement moderne","description":"","publisher":{"@id":"https:\/\/www.mpechicago.com\/fr\/#organization"},"potentialAction":[{"@type":"SearchAction","target":{"@type":"EntryPoint","urlTemplate":"https:\/\/www.mpechicago.com\/fr\/?s={search_term_string}"},"query-input":{"@type":"PropertyValueSpecification","valueRequired":true,"valueName":"search_term_string"}}],"inLanguage":"fr-FR"},{"@type":"Organization","@id":"https:\/\/www.mpechicago.com\/fr\/#organization","name":"\u00c9quipement de traitement moderne","url":"https:\/\/www.mpechicago.com\/fr\/","logo":{"@type":"ImageObject","inLanguage":"fr-FR","@id":"https:\/\/www.mpechicago.com\/fr\/#\/schema\/logo\/image\/","url":"https:\/\/www.mpechicago.com\/wp-content\/uploads\/2019\/12\/logo.png","contentUrl":"https:\/\/www.mpechicago.com\/wp-content\/uploads\/2019\/12\/logo.png","width":200,"height":91,"caption":"\u00c9quipement de traitement moderne"},"image":{"@id":"https:\/\/www.mpechicago.com\/fr\/#\/schema\/logo\/image\/"}}]}},"_links":{"self":[{"href":"https:\/\/www.mpechicago.com\/fr\/wp-json\/wp\/v2\/product\/29053","targetHints":{"allow":["GET"]}}],"collection":[{"href":"https:\/\/www.mpechicago.com\/fr\/wp-json\/wp\/v2\/product"}],"about":[{"href":"https:\/\/www.mpechicago.com\/fr\/wp-json\/wp\/v2\/types\/product"}],"replies":[{"embeddable":true,"href":"https:\/\/www.mpechicago.com\/fr\/wp-json\/wp\/v2\/comments?post=29053"}],"wp:featuredmedia":[{"embeddable":true,"href":"https:\/\/www.mpechicago.com\/fr\/wp-json\/wp\/v2\/media\/18923"}],"wp:attachment":[{"href":"https:\/\/www.mpechicago.com\/fr\/wp-json\/wp\/v2\/media?parent=29053"}],"wp:term":[{"taxonomy":"product_brand","embeddable":true,"href":"https:\/\/www.mpechicago.com\/fr\/wp-json\/wp\/v2\/product_brand?post=29053"},{"taxonomy":"product_cat","embeddable":true,"href":"https:\/\/www.mpechicago.com\/fr\/wp-json\/wp\/v2\/product_cat?post=29053"},{"taxonomy":"product_tag","embeddable":true,"href":"https:\/\/www.mpechicago.com\/fr\/wp-json\/wp\/v2\/product_tag?post=29053"}],"curies":[{"name":"wp","href":"https:\/\/api.w.org\/{rel}","templated":true}]}}