{"id":28659,"date":"2019-12-18T12:40:45","date_gmt":"2019-12-18T18:40:45","guid":{"rendered":"https:\/\/www.mpechicago.com\/product\/gpx\/"},"modified":"2025-06-25T12:35:04","modified_gmt":"2025-06-25T17:35:04","slug":"gpx","status":"publish","type":"product","link":"https:\/\/www.mpechicago.com\/fr\/produit\/gpx\/","title":{"rendered":"GPX"},"content":{"rendered":"<p>Les meuleuses \u00e0 disque MPE offrent un haut degr\u00e9 de polyvalence dans la r\u00e9duction de la taille d\u2019un large \u00e9ventail de mat\u00e9riaux. Ces broyeurs compacts et \u00e9conomiques servent \u00e0 une vari\u00e9t\u00e9 d\u2019applications de broyage, notamment les produits chimiques, les aliments secs, les agr\u00e9gats alimentaires, les min\u00e9raux, les \u00e9pices et un large assortiment de mat\u00e9riaux similaires. <\/p>\n<p>De construction robuste, les meuleuses \u00e0 disque de MPE sont dot\u00e9es de disques de meulage \u00ab durs comme diamant \u00bb qui sont coup\u00e9s avec pr\u00e9cision pour optimiser leur \u00ab action \u00bb de coupe, ce qui permet d\u2019obtenir un meilleur produit final avec une capacit\u00e9 de production accrue. Cette \u00ab action \u00bb produit des r\u00e9sultats sup\u00e9rieurs \u00e0 un broyeur \u00e0 marteaux \u00e0 une fraction du prix. Les meuleuses \u00e0 disque fonctionnent mieux sur les mat\u00e9riaux \u00ab friables \u00bb ou cassables et s\u2019ajustent pour fournir des tailles cibles de 6 \u00e0 150 mailles (3 000 \u00e0 100 microns).  <\/p>\n<p>Le GPX produit 50 \u00e0 250 kg par heure de produit rectifi\u00e9 avec pr\u00e9cision et utilise deux disques de meulage de 5,5 pouces de diam\u00e8tre (140 mm) pour r\u00e9duire les mat\u00e9riaux \u00e0 une gamme de tailles cibles. Le GPX utilise une commande \u00e0 cadran pratique pour modifier la taille de mouture souhait\u00e9e et les moutures cibles typiques vont de 6 \u00e0 150 mailles (3 000 \u00e0 100 microns). <\/p>\n<p>Cherchiez-vous plut\u00f4t le moulin \u00e0 caf\u00e9 GPX Precision Disc-Style ?<\/p>\n<p><a href=\"http:\/\/www.mpechicago.com\/fr\/produit\/gpx-2\/\" class=\"btn btn-primary\">Emmenez-moi \u00e0 la version caf\u00e9<\/a><\/p>\n","protected":false},"excerpt":{"rendered":"<p>MOD\u00c8LE GPX DISQUE STYLE GRINDER<\/p>\n<p> (Conforme aux sp\u00e9cifications FGIS)<\/p>\n","protected":false},"featured_media":19978,"comment_status":"open","ping_status":"closed","template":"","meta":{"_acf_changed":false,"content-type":"","rs_blank_template":"","rs_page_bg_color":"","slide_template_v7":""},"product_brand":[],"product_cat":[278],"product_tag":[],"class_list":{"0":"post-28659","1":"product","2":"type-product","3":"status-publish","4":"has-post-thumbnail","6":"product_cat-style-disque","8":"first","9":"instock","10":"shipping-taxable","11":"product-type-simple"},"acf":[],"yoast_head":"<!-- This site is optimized with the Yoast SEO plugin v27.4 - https:\/\/yoast.com\/product\/yoast-seo-wordpress\/ -->\n<title>GPX Series\u00a0: \u00c9quipement de pr\u00e9cision \u00c9quipement de traitement moderne - broyage des aliments et des produits chimiques<\/title>\n<meta name=\"description\" content=\"Le broyeur \u00e0 disque mod\u00e8le GPX est id\u00e9al pour de nombreuses applications alimentaires, chimiques et min\u00e9rales. MPE est le leader mondial de la r\u00e9duction granulom\u00e9trique de pr\u00e9cision.\" \/>\n<meta name=\"robots\" content=\"index, follow, max-snippet:-1, max-image-preview:large, max-video-preview:-1\" \/>\n<link rel=\"canonical\" href=\"https:\/\/www.mpechicago.com\/fr\/produit\/gpx\/\" \/>\n<meta property=\"og:locale\" content=\"fr_FR\" \/>\n<meta property=\"og:type\" content=\"article\" \/>\n<meta property=\"og:title\" content=\"GPX Series\u00a0: \u00c9quipement de pr\u00e9cision \u00c9quipement de traitement moderne - broyage des aliments et des produits chimiques\" \/>\n<meta property=\"og:description\" content=\"Le broyeur \u00e0 disque mod\u00e8le GPX est id\u00e9al pour de nombreuses applications alimentaires, chimiques et min\u00e9rales. MPE est le leader mondial de la r\u00e9duction granulom\u00e9trique de pr\u00e9cision.\" \/>\n<meta property=\"og:url\" content=\"https:\/\/www.mpechicago.com\/fr\/produit\/gpx\/\" \/>\n<meta property=\"og:site_name\" content=\"\u00c9quipement de traitement moderne\" \/>\n<meta property=\"article:modified_time\" content=\"2025-06-25T17:35:04+00:00\" \/>\n<meta property=\"og:image\" content=\"https:\/\/www.mpechicago.com\/wp-content\/uploads\/2019\/12\/MPE-GPX_0-1.png\" \/>\n\t<meta property=\"og:image:width\" content=\"600\" \/>\n\t<meta property=\"og:image:height\" content=\"600\" \/>\n\t<meta property=\"og:image:type\" content=\"image\/png\" \/>\n<meta name=\"twitter:card\" content=\"summary_large_image\" \/>\n<meta name=\"twitter:label1\" content=\"Dur\u00e9e de lecture estim\u00e9e\" \/>\n\t<meta name=\"twitter:data1\" content=\"1 minute\" \/>\n<script type=\"application\/ld+json\" class=\"yoast-schema-graph\">{\"@context\":\"https:\\\/\\\/schema.org\",\"@graph\":[{\"@type\":\"WebPage\",\"@id\":\"https:\\\/\\\/www.mpechicago.com\\\/fr\\\/produit\\\/gpx\\\/\",\"url\":\"https:\\\/\\\/www.mpechicago.com\\\/fr\\\/produit\\\/gpx\\\/\",\"name\":\"GPX Series\u00a0: \u00c9quipement de pr\u00e9cision \u00c9quipement de traitement moderne - broyage des aliments et des produits chimiques\",\"isPartOf\":{\"@id\":\"https:\\\/\\\/www.mpechicago.com\\\/fr\\\/#website\"},\"primaryImageOfPage\":{\"@id\":\"https:\\\/\\\/www.mpechicago.com\\\/fr\\\/produit\\\/gpx\\\/#primaryimage\"},\"image\":{\"@id\":\"https:\\\/\\\/www.mpechicago.com\\\/fr\\\/produit\\\/gpx\\\/#primaryimage\"},\"thumbnailUrl\":\"https:\\\/\\\/www.mpechicago.com\\\/wp-content\\\/uploads\\\/2019\\\/12\\\/MPE-GPX_0-1.png\",\"datePublished\":\"2019-12-18T18:40:45+00:00\",\"dateModified\":\"2025-06-25T17:35:04+00:00\",\"description\":\"Le broyeur \u00e0 disque mod\u00e8le GPX est id\u00e9al pour de nombreuses applications alimentaires, chimiques et min\u00e9rales. MPE est le leader mondial de la r\u00e9duction granulom\u00e9trique de pr\u00e9cision.\",\"breadcrumb\":{\"@id\":\"https:\\\/\\\/www.mpechicago.com\\\/fr\\\/produit\\\/gpx\\\/#breadcrumb\"},\"inLanguage\":\"fr-FR\",\"potentialAction\":[{\"@type\":\"ReadAction\",\"target\":[\"https:\\\/\\\/www.mpechicago.com\\\/fr\\\/produit\\\/gpx\\\/\"]}]},{\"@type\":\"ImageObject\",\"inLanguage\":\"fr-FR\",\"@id\":\"https:\\\/\\\/www.mpechicago.com\\\/fr\\\/produit\\\/gpx\\\/#primaryimage\",\"url\":\"https:\\\/\\\/www.mpechicago.com\\\/wp-content\\\/uploads\\\/2019\\\/12\\\/MPE-GPX_0-1.png\",\"contentUrl\":\"https:\\\/\\\/www.mpechicago.com\\\/wp-content\\\/uploads\\\/2019\\\/12\\\/MPE-GPX_0-1.png\",\"width\":600,\"height\":600,\"caption\":\"MPE GPX 0\"},{\"@type\":\"BreadcrumbList\",\"@id\":\"https:\\\/\\\/www.mpechicago.com\\\/fr\\\/produit\\\/gpx\\\/#breadcrumb\",\"itemListElement\":[{\"@type\":\"ListItem\",\"position\":1,\"name\":\"Domicile\",\"item\":\"https:\\\/\\\/www.mpechicago.com\\\/fr\\\/\"},{\"@type\":\"ListItem\",\"position\":2,\"name\":\"Priv\u00e9\u00a0: Boutique\",\"item\":\"https:\\\/\\\/www.mpechicago.com\\\/fr\\\/?page_id=32361\"},{\"@type\":\"ListItem\",\"position\":3,\"name\":\"GPX\"}]},{\"@type\":\"WebSite\",\"@id\":\"https:\\\/\\\/www.mpechicago.com\\\/fr\\\/#website\",\"url\":\"https:\\\/\\\/www.mpechicago.com\\\/fr\\\/\",\"name\":\"\u00c9quipement de traitement moderne\",\"description\":\"\",\"publisher\":{\"@id\":\"https:\\\/\\\/www.mpechicago.com\\\/fr\\\/#organization\"},\"potentialAction\":[{\"@type\":\"SearchAction\",\"target\":{\"@type\":\"EntryPoint\",\"urlTemplate\":\"https:\\\/\\\/www.mpechicago.com\\\/fr\\\/?s={search_term_string}\"},\"query-input\":{\"@type\":\"PropertyValueSpecification\",\"valueRequired\":true,\"valueName\":\"search_term_string\"}}],\"inLanguage\":\"fr-FR\"},{\"@type\":\"Organization\",\"@id\":\"https:\\\/\\\/www.mpechicago.com\\\/fr\\\/#organization\",\"name\":\"\u00c9quipement de traitement moderne\",\"url\":\"https:\\\/\\\/www.mpechicago.com\\\/fr\\\/\",\"logo\":{\"@type\":\"ImageObject\",\"inLanguage\":\"fr-FR\",\"@id\":\"https:\\\/\\\/www.mpechicago.com\\\/fr\\\/#\\\/schema\\\/logo\\\/image\\\/\",\"url\":\"https:\\\/\\\/www.mpechicago.com\\\/wp-content\\\/uploads\\\/2019\\\/12\\\/logo.png\",\"contentUrl\":\"https:\\\/\\\/www.mpechicago.com\\\/wp-content\\\/uploads\\\/2019\\\/12\\\/logo.png\",\"width\":200,\"height\":91,\"caption\":\"\u00c9quipement de traitement moderne\"},\"image\":{\"@id\":\"https:\\\/\\\/www.mpechicago.com\\\/fr\\\/#\\\/schema\\\/logo\\\/image\\\/\"}}]}<\/script>\n<!-- \/ Yoast SEO plugin. -->","yoast_head_json":{"title":"GPX Series\u00a0: \u00c9quipement de pr\u00e9cision \u00c9quipement de traitement moderne - broyage des aliments et des produits chimiques","description":"Le broyeur \u00e0 disque mod\u00e8le GPX est id\u00e9al pour de nombreuses applications alimentaires, chimiques et min\u00e9rales. MPE est le leader mondial de la r\u00e9duction granulom\u00e9trique de pr\u00e9cision.","robots":{"index":"index","follow":"follow","max-snippet":"max-snippet:-1","max-image-preview":"max-image-preview:large","max-video-preview":"max-video-preview:-1"},"canonical":"https:\/\/www.mpechicago.com\/fr\/produit\/gpx\/","og_locale":"fr_FR","og_type":"article","og_title":"GPX Series\u00a0: \u00c9quipement de pr\u00e9cision \u00c9quipement de traitement moderne - broyage des aliments et des produits chimiques","og_description":"Le broyeur \u00e0 disque mod\u00e8le GPX est id\u00e9al pour de nombreuses applications alimentaires, chimiques et min\u00e9rales. MPE est le leader mondial de la r\u00e9duction granulom\u00e9trique de pr\u00e9cision.","og_url":"https:\/\/www.mpechicago.com\/fr\/produit\/gpx\/","og_site_name":"\u00c9quipement de traitement moderne","article_modified_time":"2025-06-25T17:35:04+00:00","og_image":[{"width":600,"height":600,"url":"https:\/\/www.mpechicago.com\/wp-content\/uploads\/2019\/12\/MPE-GPX_0-1.png","type":"image\/png"}],"twitter_card":"summary_large_image","twitter_misc":{"Dur\u00e9e de lecture estim\u00e9e":"1 minute"},"schema":{"@context":"https:\/\/schema.org","@graph":[{"@type":"WebPage","@id":"https:\/\/www.mpechicago.com\/fr\/produit\/gpx\/","url":"https:\/\/www.mpechicago.com\/fr\/produit\/gpx\/","name":"GPX Series\u00a0: \u00c9quipement de pr\u00e9cision \u00c9quipement de traitement moderne - broyage des aliments et des produits chimiques","isPartOf":{"@id":"https:\/\/www.mpechicago.com\/fr\/#website"},"primaryImageOfPage":{"@id":"https:\/\/www.mpechicago.com\/fr\/produit\/gpx\/#primaryimage"},"image":{"@id":"https:\/\/www.mpechicago.com\/fr\/produit\/gpx\/#primaryimage"},"thumbnailUrl":"https:\/\/www.mpechicago.com\/wp-content\/uploads\/2019\/12\/MPE-GPX_0-1.png","datePublished":"2019-12-18T18:40:45+00:00","dateModified":"2025-06-25T17:35:04+00:00","description":"Le broyeur \u00e0 disque mod\u00e8le GPX est id\u00e9al pour de nombreuses applications alimentaires, chimiques et min\u00e9rales. MPE est le leader mondial de la r\u00e9duction granulom\u00e9trique de pr\u00e9cision.","breadcrumb":{"@id":"https:\/\/www.mpechicago.com\/fr\/produit\/gpx\/#breadcrumb"},"inLanguage":"fr-FR","potentialAction":[{"@type":"ReadAction","target":["https:\/\/www.mpechicago.com\/fr\/produit\/gpx\/"]}]},{"@type":"ImageObject","inLanguage":"fr-FR","@id":"https:\/\/www.mpechicago.com\/fr\/produit\/gpx\/#primaryimage","url":"https:\/\/www.mpechicago.com\/wp-content\/uploads\/2019\/12\/MPE-GPX_0-1.png","contentUrl":"https:\/\/www.mpechicago.com\/wp-content\/uploads\/2019\/12\/MPE-GPX_0-1.png","width":600,"height":600,"caption":"MPE GPX 0"},{"@type":"BreadcrumbList","@id":"https:\/\/www.mpechicago.com\/fr\/produit\/gpx\/#breadcrumb","itemListElement":[{"@type":"ListItem","position":1,"name":"Domicile","item":"https:\/\/www.mpechicago.com\/fr\/"},{"@type":"ListItem","position":2,"name":"Priv\u00e9\u00a0: Boutique","item":"https:\/\/www.mpechicago.com\/fr\/?page_id=32361"},{"@type":"ListItem","position":3,"name":"GPX"}]},{"@type":"WebSite","@id":"https:\/\/www.mpechicago.com\/fr\/#website","url":"https:\/\/www.mpechicago.com\/fr\/","name":"\u00c9quipement de traitement moderne","description":"","publisher":{"@id":"https:\/\/www.mpechicago.com\/fr\/#organization"},"potentialAction":[{"@type":"SearchAction","target":{"@type":"EntryPoint","urlTemplate":"https:\/\/www.mpechicago.com\/fr\/?s={search_term_string}"},"query-input":{"@type":"PropertyValueSpecification","valueRequired":true,"valueName":"search_term_string"}}],"inLanguage":"fr-FR"},{"@type":"Organization","@id":"https:\/\/www.mpechicago.com\/fr\/#organization","name":"\u00c9quipement de traitement moderne","url":"https:\/\/www.mpechicago.com\/fr\/","logo":{"@type":"ImageObject","inLanguage":"fr-FR","@id":"https:\/\/www.mpechicago.com\/fr\/#\/schema\/logo\/image\/","url":"https:\/\/www.mpechicago.com\/wp-content\/uploads\/2019\/12\/logo.png","contentUrl":"https:\/\/www.mpechicago.com\/wp-content\/uploads\/2019\/12\/logo.png","width":200,"height":91,"caption":"\u00c9quipement de traitement moderne"},"image":{"@id":"https:\/\/www.mpechicago.com\/fr\/#\/schema\/logo\/image\/"}}]}},"_links":{"self":[{"href":"https:\/\/www.mpechicago.com\/fr\/wp-json\/wp\/v2\/product\/28659","targetHints":{"allow":["GET"]}}],"collection":[{"href":"https:\/\/www.mpechicago.com\/fr\/wp-json\/wp\/v2\/product"}],"about":[{"href":"https:\/\/www.mpechicago.com\/fr\/wp-json\/wp\/v2\/types\/product"}],"replies":[{"embeddable":true,"href":"https:\/\/www.mpechicago.com\/fr\/wp-json\/wp\/v2\/comments?post=28659"}],"wp:featuredmedia":[{"embeddable":true,"href":"https:\/\/www.mpechicago.com\/fr\/wp-json\/wp\/v2\/media\/19978"}],"wp:attachment":[{"href":"https:\/\/www.mpechicago.com\/fr\/wp-json\/wp\/v2\/media?parent=28659"}],"wp:term":[{"taxonomy":"product_brand","embeddable":true,"href":"https:\/\/www.mpechicago.com\/fr\/wp-json\/wp\/v2\/product_brand?post=28659"},{"taxonomy":"product_cat","embeddable":true,"href":"https:\/\/www.mpechicago.com\/fr\/wp-json\/wp\/v2\/product_cat?post=28659"},{"taxonomy":"product_tag","embeddable":true,"href":"https:\/\/www.mpechicago.com\/fr\/wp-json\/wp\/v2\/product_tag?post=28659"}],"curies":[{"name":"wp","href":"https:\/\/api.w.org\/{rel}","templated":true}]}}