{"id":28627,"date":"2019-12-18T11:51:02","date_gmt":"2019-12-18T17:51:02","guid":{"rendered":"https:\/\/www.mpechicago.com\/product\/serie-imd-700\/"},"modified":"2025-05-11T23:09:08","modified_gmt":"2025-05-12T04:09:08","slug":"serie-imd-700","status":"publish","type":"product","link":"https:\/\/www.mpechicago.com\/fr\/produit\/serie-imd-700\/","title":{"rendered":"S\u00e9rie IMD 700"},"content":{"rendered":"<p>Les granuliseurs des s\u00e9ries IMD 600, 700, 800 et 900 ont g\u00e9n\u00e9ralement une \u00e0 quatre sections de rouleaux empil\u00e9es verticalement. Chaque section de rouleau contient la combinaison optimale de dents de rouleau, de vitesses de rouleau et d\u2019\u00e9cartement de rouleau pour maximiser le rendement de votre produit. <\/p>\n","protected":false},"excerpt":{"rendered":"<p>IMD 700 S\u00c9RIE DEUX SECTIONS GRAN-U-LIZERS\u2122<\/p>\n","protected":false},"featured_media":19908,"comment_status":"open","ping_status":"closed","template":"","meta":{"_acf_changed":false,"content-type":"","rs_blank_template":"","rs_page_bg_color":"","slide_template_v7":""},"product_brand":[],"product_cat":[273],"product_tag":[],"class_list":{"0":"post-28627","1":"product","2":"type-product","3":"status-publish","4":"has-post-thumbnail","6":"product_cat-gran-u-lizers-fr","8":"first","9":"instock","10":"shipping-taxable","11":"product-type-simple"},"acf":[],"yoast_head":"<!-- This site is optimized with the Yoast SEO plugin v27.5 - https:\/\/yoast.com\/product\/yoast-seo-wordpress\/ -->\n<title>IMD 700 Series- \u00c9quipement de traitement moderne r\u00e9duction de taille de pr\u00e9cision industrielle<\/title>\n<meta name=\"description\" content=\"IMD s\u00e9rie 700 Gran-U-Lizer pour une r\u00e9duction pr\u00e9cise de la taille des particules. MPE est le leader mondial des \u00e9quipements de broyage de pr\u00e9cision pour les aliments, les produits chimiques et les min\u00e9raux.\" \/>\n<meta name=\"robots\" content=\"index, follow, max-snippet:-1, max-image-preview:large, max-video-preview:-1\" \/>\n<link rel=\"canonical\" href=\"https:\/\/www.mpechicago.com\/fr\/produit\/serie-imd-700\/\" \/>\n<meta property=\"og:locale\" content=\"fr_FR\" \/>\n<meta property=\"og:type\" content=\"article\" \/>\n<meta property=\"og:title\" content=\"IMD 700 Series- \u00c9quipement de traitement moderne r\u00e9duction de taille de pr\u00e9cision industrielle\" \/>\n<meta property=\"og:description\" content=\"IMD s\u00e9rie 700 Gran-U-Lizer pour une r\u00e9duction pr\u00e9cise de la taille des particules. MPE est le leader mondial des \u00e9quipements de broyage de pr\u00e9cision pour les aliments, les produits chimiques et les min\u00e9raux.\" \/>\n<meta property=\"og:url\" content=\"https:\/\/www.mpechicago.com\/fr\/produit\/serie-imd-700\/\" \/>\n<meta property=\"og:site_name\" content=\"\u00c9quipement de traitement moderne\" \/>\n<meta property=\"article:modified_time\" content=\"2025-05-12T04:09:08+00:00\" \/>\n<meta property=\"og:image\" content=\"https:\/\/www.mpechicago.com\/wp-content\/uploads\/2019\/12\/MPE-IMD-700.png\" \/>\n\t<meta property=\"og:image:width\" content=\"600\" \/>\n\t<meta property=\"og:image:height\" content=\"600\" \/>\n\t<meta property=\"og:image:type\" content=\"image\/png\" \/>\n<meta name=\"twitter:card\" content=\"summary_large_image\" \/>\n<script type=\"application\/ld+json\" class=\"yoast-schema-graph\">{\"@context\":\"https:\\\/\\\/schema.org\",\"@graph\":[{\"@type\":\"WebPage\",\"@id\":\"https:\\\/\\\/www.mpechicago.com\\\/fr\\\/produit\\\/serie-imd-700\\\/\",\"url\":\"https:\\\/\\\/www.mpechicago.com\\\/fr\\\/produit\\\/serie-imd-700\\\/\",\"name\":\"IMD 700 Series- \u00c9quipement de traitement moderne r\u00e9duction de taille de pr\u00e9cision industrielle\",\"isPartOf\":{\"@id\":\"https:\\\/\\\/www.mpechicago.com\\\/fr\\\/#website\"},\"primaryImageOfPage\":{\"@id\":\"https:\\\/\\\/www.mpechicago.com\\\/fr\\\/produit\\\/serie-imd-700\\\/#primaryimage\"},\"image\":{\"@id\":\"https:\\\/\\\/www.mpechicago.com\\\/fr\\\/produit\\\/serie-imd-700\\\/#primaryimage\"},\"thumbnailUrl\":\"https:\\\/\\\/www.mpechicago.com\\\/wp-content\\\/uploads\\\/2019\\\/12\\\/MPE-IMD-700.png\",\"datePublished\":\"2019-12-18T17:51:02+00:00\",\"dateModified\":\"2025-05-12T04:09:08+00:00\",\"description\":\"IMD s\u00e9rie 700 Gran-U-Lizer pour une r\u00e9duction pr\u00e9cise de la taille des particules. MPE est le leader mondial des \u00e9quipements de broyage de pr\u00e9cision pour les aliments, les produits chimiques et les min\u00e9raux.\",\"breadcrumb\":{\"@id\":\"https:\\\/\\\/www.mpechicago.com\\\/fr\\\/produit\\\/serie-imd-700\\\/#breadcrumb\"},\"inLanguage\":\"fr-FR\",\"potentialAction\":[{\"@type\":\"ReadAction\",\"target\":[\"https:\\\/\\\/www.mpechicago.com\\\/fr\\\/produit\\\/serie-imd-700\\\/\"]}]},{\"@type\":\"ImageObject\",\"inLanguage\":\"fr-FR\",\"@id\":\"https:\\\/\\\/www.mpechicago.com\\\/fr\\\/produit\\\/serie-imd-700\\\/#primaryimage\",\"url\":\"https:\\\/\\\/www.mpechicago.com\\\/wp-content\\\/uploads\\\/2019\\\/12\\\/MPE-IMD-700.png\",\"contentUrl\":\"https:\\\/\\\/www.mpechicago.com\\\/wp-content\\\/uploads\\\/2019\\\/12\\\/MPE-IMD-700.png\",\"width\":600,\"height\":600,\"caption\":\"MPE IMD 700\"},{\"@type\":\"BreadcrumbList\",\"@id\":\"https:\\\/\\\/www.mpechicago.com\\\/fr\\\/produit\\\/serie-imd-700\\\/#breadcrumb\",\"itemListElement\":[{\"@type\":\"ListItem\",\"position\":1,\"name\":\"Domicile\",\"item\":\"https:\\\/\\\/www.mpechicago.com\\\/fr\\\/\"},{\"@type\":\"ListItem\",\"position\":2,\"name\":\"Priv\u00e9\u00a0: Boutique\",\"item\":\"https:\\\/\\\/www.mpechicago.com\\\/fr\\\/?page_id=32361\"},{\"@type\":\"ListItem\",\"position\":3,\"name\":\"S\u00e9rie IMD 700\"}]},{\"@type\":\"WebSite\",\"@id\":\"https:\\\/\\\/www.mpechicago.com\\\/fr\\\/#website\",\"url\":\"https:\\\/\\\/www.mpechicago.com\\\/fr\\\/\",\"name\":\"\u00c9quipement de traitement moderne\",\"description\":\"\",\"publisher\":{\"@id\":\"https:\\\/\\\/www.mpechicago.com\\\/fr\\\/#organization\"},\"potentialAction\":[{\"@type\":\"SearchAction\",\"target\":{\"@type\":\"EntryPoint\",\"urlTemplate\":\"https:\\\/\\\/www.mpechicago.com\\\/fr\\\/?s={search_term_string}\"},\"query-input\":{\"@type\":\"PropertyValueSpecification\",\"valueRequired\":true,\"valueName\":\"search_term_string\"}}],\"inLanguage\":\"fr-FR\"},{\"@type\":\"Organization\",\"@id\":\"https:\\\/\\\/www.mpechicago.com\\\/fr\\\/#organization\",\"name\":\"\u00c9quipement de traitement moderne\",\"url\":\"https:\\\/\\\/www.mpechicago.com\\\/fr\\\/\",\"logo\":{\"@type\":\"ImageObject\",\"inLanguage\":\"fr-FR\",\"@id\":\"https:\\\/\\\/www.mpechicago.com\\\/fr\\\/#\\\/schema\\\/logo\\\/image\\\/\",\"url\":\"https:\\\/\\\/www.mpechicago.com\\\/wp-content\\\/uploads\\\/2019\\\/12\\\/logo.png\",\"contentUrl\":\"https:\\\/\\\/www.mpechicago.com\\\/wp-content\\\/uploads\\\/2019\\\/12\\\/logo.png\",\"width\":200,\"height\":91,\"caption\":\"\u00c9quipement de traitement moderne\"},\"image\":{\"@id\":\"https:\\\/\\\/www.mpechicago.com\\\/fr\\\/#\\\/schema\\\/logo\\\/image\\\/\"}}]}<\/script>\n<!-- \/ Yoast SEO plugin. -->","yoast_head_json":{"title":"IMD 700 Series- \u00c9quipement de traitement moderne r\u00e9duction de taille de pr\u00e9cision industrielle","description":"IMD s\u00e9rie 700 Gran-U-Lizer pour une r\u00e9duction pr\u00e9cise de la taille des particules. MPE est le leader mondial des \u00e9quipements de broyage de pr\u00e9cision pour les aliments, les produits chimiques et les min\u00e9raux.","robots":{"index":"index","follow":"follow","max-snippet":"max-snippet:-1","max-image-preview":"max-image-preview:large","max-video-preview":"max-video-preview:-1"},"canonical":"https:\/\/www.mpechicago.com\/fr\/produit\/serie-imd-700\/","og_locale":"fr_FR","og_type":"article","og_title":"IMD 700 Series- \u00c9quipement de traitement moderne r\u00e9duction de taille de pr\u00e9cision industrielle","og_description":"IMD s\u00e9rie 700 Gran-U-Lizer pour une r\u00e9duction pr\u00e9cise de la taille des particules. MPE est le leader mondial des \u00e9quipements de broyage de pr\u00e9cision pour les aliments, les produits chimiques et les min\u00e9raux.","og_url":"https:\/\/www.mpechicago.com\/fr\/produit\/serie-imd-700\/","og_site_name":"\u00c9quipement de traitement moderne","article_modified_time":"2025-05-12T04:09:08+00:00","og_image":[{"width":600,"height":600,"url":"https:\/\/www.mpechicago.com\/wp-content\/uploads\/2019\/12\/MPE-IMD-700.png","type":"image\/png"}],"twitter_card":"summary_large_image","schema":{"@context":"https:\/\/schema.org","@graph":[{"@type":"WebPage","@id":"https:\/\/www.mpechicago.com\/fr\/produit\/serie-imd-700\/","url":"https:\/\/www.mpechicago.com\/fr\/produit\/serie-imd-700\/","name":"IMD 700 Series- \u00c9quipement de traitement moderne r\u00e9duction de taille de pr\u00e9cision industrielle","isPartOf":{"@id":"https:\/\/www.mpechicago.com\/fr\/#website"},"primaryImageOfPage":{"@id":"https:\/\/www.mpechicago.com\/fr\/produit\/serie-imd-700\/#primaryimage"},"image":{"@id":"https:\/\/www.mpechicago.com\/fr\/produit\/serie-imd-700\/#primaryimage"},"thumbnailUrl":"https:\/\/www.mpechicago.com\/wp-content\/uploads\/2019\/12\/MPE-IMD-700.png","datePublished":"2019-12-18T17:51:02+00:00","dateModified":"2025-05-12T04:09:08+00:00","description":"IMD s\u00e9rie 700 Gran-U-Lizer pour une r\u00e9duction pr\u00e9cise de la taille des particules. MPE est le leader mondial des \u00e9quipements de broyage de pr\u00e9cision pour les aliments, les produits chimiques et les min\u00e9raux.","breadcrumb":{"@id":"https:\/\/www.mpechicago.com\/fr\/produit\/serie-imd-700\/#breadcrumb"},"inLanguage":"fr-FR","potentialAction":[{"@type":"ReadAction","target":["https:\/\/www.mpechicago.com\/fr\/produit\/serie-imd-700\/"]}]},{"@type":"ImageObject","inLanguage":"fr-FR","@id":"https:\/\/www.mpechicago.com\/fr\/produit\/serie-imd-700\/#primaryimage","url":"https:\/\/www.mpechicago.com\/wp-content\/uploads\/2019\/12\/MPE-IMD-700.png","contentUrl":"https:\/\/www.mpechicago.com\/wp-content\/uploads\/2019\/12\/MPE-IMD-700.png","width":600,"height":600,"caption":"MPE IMD 700"},{"@type":"BreadcrumbList","@id":"https:\/\/www.mpechicago.com\/fr\/produit\/serie-imd-700\/#breadcrumb","itemListElement":[{"@type":"ListItem","position":1,"name":"Domicile","item":"https:\/\/www.mpechicago.com\/fr\/"},{"@type":"ListItem","position":2,"name":"Priv\u00e9\u00a0: Boutique","item":"https:\/\/www.mpechicago.com\/fr\/?page_id=32361"},{"@type":"ListItem","position":3,"name":"S\u00e9rie IMD 700"}]},{"@type":"WebSite","@id":"https:\/\/www.mpechicago.com\/fr\/#website","url":"https:\/\/www.mpechicago.com\/fr\/","name":"\u00c9quipement de traitement moderne","description":"","publisher":{"@id":"https:\/\/www.mpechicago.com\/fr\/#organization"},"potentialAction":[{"@type":"SearchAction","target":{"@type":"EntryPoint","urlTemplate":"https:\/\/www.mpechicago.com\/fr\/?s={search_term_string}"},"query-input":{"@type":"PropertyValueSpecification","valueRequired":true,"valueName":"search_term_string"}}],"inLanguage":"fr-FR"},{"@type":"Organization","@id":"https:\/\/www.mpechicago.com\/fr\/#organization","name":"\u00c9quipement de traitement moderne","url":"https:\/\/www.mpechicago.com\/fr\/","logo":{"@type":"ImageObject","inLanguage":"fr-FR","@id":"https:\/\/www.mpechicago.com\/fr\/#\/schema\/logo\/image\/","url":"https:\/\/www.mpechicago.com\/wp-content\/uploads\/2019\/12\/logo.png","contentUrl":"https:\/\/www.mpechicago.com\/wp-content\/uploads\/2019\/12\/logo.png","width":200,"height":91,"caption":"\u00c9quipement de traitement moderne"},"image":{"@id":"https:\/\/www.mpechicago.com\/fr\/#\/schema\/logo\/image\/"}}]}},"_links":{"self":[{"href":"https:\/\/www.mpechicago.com\/fr\/wp-json\/wp\/v2\/product\/28627","targetHints":{"allow":["GET"]}}],"collection":[{"href":"https:\/\/www.mpechicago.com\/fr\/wp-json\/wp\/v2\/product"}],"about":[{"href":"https:\/\/www.mpechicago.com\/fr\/wp-json\/wp\/v2\/types\/product"}],"replies":[{"embeddable":true,"href":"https:\/\/www.mpechicago.com\/fr\/wp-json\/wp\/v2\/comments?post=28627"}],"wp:featuredmedia":[{"embeddable":true,"href":"https:\/\/www.mpechicago.com\/fr\/wp-json\/wp\/v2\/media\/19908"}],"wp:attachment":[{"href":"https:\/\/www.mpechicago.com\/fr\/wp-json\/wp\/v2\/media?parent=28627"}],"wp:term":[{"taxonomy":"product_brand","embeddable":true,"href":"https:\/\/www.mpechicago.com\/fr\/wp-json\/wp\/v2\/product_brand?post=28627"},{"taxonomy":"product_cat","embeddable":true,"href":"https:\/\/www.mpechicago.com\/fr\/wp-json\/wp\/v2\/product_cat?post=28627"},{"taxonomy":"product_tag","embeddable":true,"href":"https:\/\/www.mpechicago.com\/fr\/wp-json\/wp\/v2\/product_tag?post=28627"}],"curies":[{"name":"wp","href":"https:\/\/api.w.org\/{rel}","templated":true}]}}