{"id":28619,"date":"2019-12-18T11:37:58","date_gmt":"2019-12-18T17:37:58","guid":{"rendered":"https:\/\/www.mpechicago.com\/product\/serie-imd-900\/"},"modified":"2025-05-11T23:08:57","modified_gmt":"2025-05-12T04:08:57","slug":"serie-imd-900","status":"publish","type":"product","link":"https:\/\/www.mpechicago.com\/fr\/produit\/serie-imd-900\/","title":{"rendered":"S\u00e9rie IMD 900"},"content":{"rendered":"<p>Les Gran-U-Lizers des s\u00e9ries IMD 600, 700, 800 et 900 ont g\u00e9n\u00e9ralement une \u00e0 quatre sections de rouleaux empil\u00e9es verticalement. Chaque section de rouleau contient la combinaison optimale de dents de rouleau, de vitesses de rouleau et d\u2019\u00e9cartement de rouleau pour maximiser le rendement de votre produit. <\/p>\n","protected":false},"excerpt":{"rendered":"<p>GRAN-U-LIZERS\u2122 S\u00c9RIE IMD 900<\/p>\n","protected":false},"featured_media":25852,"comment_status":"open","ping_status":"closed","template":"","meta":{"_acf_changed":false,"content-type":"","rs_blank_template":"","rs_page_bg_color":"","slide_template_v7":""},"product_brand":[],"product_cat":[273],"product_tag":[],"class_list":{"0":"post-28619","1":"product","2":"type-product","3":"status-publish","4":"has-post-thumbnail","6":"product_cat-gran-u-lizers-fr","8":"first","9":"instock","10":"shipping-taxable","11":"product-type-simple"},"acf":[],"yoast_head":"<!-- This site is optimized with the Yoast SEO plugin v27.5 - https:\/\/yoast.com\/product\/yoast-seo-wordpress\/ -->\n<title>S\u00e9rie IMD 900- \u00c9quipement de traitement moderne r\u00e9duction de taille de pr\u00e9cision industrielle<\/title>\n<meta name=\"description\" content=\"IMD 900 Series Gran-U-Lizer pour une r\u00e9duction pr\u00e9cise de la taille des particules. MPE est le leader mondial des \u00e9quipements de broyage de pr\u00e9cision pour les aliments, les produits chimiques et les min\u00e9raux.\" \/>\n<meta name=\"robots\" content=\"index, follow, max-snippet:-1, max-image-preview:large, max-video-preview:-1\" \/>\n<link rel=\"canonical\" href=\"https:\/\/www.mpechicago.com\/fr\/produit\/serie-imd-900\/\" \/>\n<meta property=\"og:locale\" content=\"fr_FR\" \/>\n<meta property=\"og:type\" content=\"article\" \/>\n<meta property=\"og:title\" content=\"S\u00e9rie IMD 900- \u00c9quipement de traitement moderne r\u00e9duction de taille de pr\u00e9cision industrielle\" \/>\n<meta property=\"og:description\" content=\"IMD 900 Series Gran-U-Lizer pour une r\u00e9duction pr\u00e9cise de la taille des particules. MPE est le leader mondial des \u00e9quipements de broyage de pr\u00e9cision pour les aliments, les produits chimiques et les min\u00e9raux.\" \/>\n<meta property=\"og:url\" content=\"https:\/\/www.mpechicago.com\/fr\/produit\/serie-imd-900\/\" \/>\n<meta property=\"og:site_name\" content=\"\u00c9quipement de traitement moderne\" \/>\n<meta property=\"article:modified_time\" content=\"2025-05-12T04:08:57+00:00\" \/>\n<meta property=\"og:image\" content=\"https:\/\/www.mpechicago.com\/wp-content\/uploads\/2019\/12\/IMD-999-Square.jpg\" \/>\n\t<meta property=\"og:image:width\" content=\"1000\" \/>\n\t<meta property=\"og:image:height\" content=\"1000\" \/>\n\t<meta property=\"og:image:type\" content=\"image\/jpeg\" \/>\n<meta name=\"twitter:card\" content=\"summary_large_image\" \/>\n<script type=\"application\/ld+json\" class=\"yoast-schema-graph\">{\"@context\":\"https:\\\/\\\/schema.org\",\"@graph\":[{\"@type\":\"WebPage\",\"@id\":\"https:\\\/\\\/www.mpechicago.com\\\/fr\\\/produit\\\/serie-imd-900\\\/\",\"url\":\"https:\\\/\\\/www.mpechicago.com\\\/fr\\\/produit\\\/serie-imd-900\\\/\",\"name\":\"S\u00e9rie IMD 900- \u00c9quipement de traitement moderne r\u00e9duction de taille de pr\u00e9cision industrielle\",\"isPartOf\":{\"@id\":\"https:\\\/\\\/www.mpechicago.com\\\/fr\\\/#website\"},\"primaryImageOfPage\":{\"@id\":\"https:\\\/\\\/www.mpechicago.com\\\/fr\\\/produit\\\/serie-imd-900\\\/#primaryimage\"},\"image\":{\"@id\":\"https:\\\/\\\/www.mpechicago.com\\\/fr\\\/produit\\\/serie-imd-900\\\/#primaryimage\"},\"thumbnailUrl\":\"https:\\\/\\\/www.mpechicago.com\\\/wp-content\\\/uploads\\\/2019\\\/12\\\/IMD-999-Square.jpg\",\"datePublished\":\"2019-12-18T17:37:58+00:00\",\"dateModified\":\"2025-05-12T04:08:57+00:00\",\"description\":\"IMD 900 Series Gran-U-Lizer pour une r\u00e9duction pr\u00e9cise de la taille des particules. MPE est le leader mondial des \u00e9quipements de broyage de pr\u00e9cision pour les aliments, les produits chimiques et les min\u00e9raux.\",\"breadcrumb\":{\"@id\":\"https:\\\/\\\/www.mpechicago.com\\\/fr\\\/produit\\\/serie-imd-900\\\/#breadcrumb\"},\"inLanguage\":\"fr-FR\",\"potentialAction\":[{\"@type\":\"ReadAction\",\"target\":[\"https:\\\/\\\/www.mpechicago.com\\\/fr\\\/produit\\\/serie-imd-900\\\/\"]}]},{\"@type\":\"ImageObject\",\"inLanguage\":\"fr-FR\",\"@id\":\"https:\\\/\\\/www.mpechicago.com\\\/fr\\\/produit\\\/serie-imd-900\\\/#primaryimage\",\"url\":\"https:\\\/\\\/www.mpechicago.com\\\/wp-content\\\/uploads\\\/2019\\\/12\\\/IMD-999-Square.jpg\",\"contentUrl\":\"https:\\\/\\\/www.mpechicago.com\\\/wp-content\\\/uploads\\\/2019\\\/12\\\/IMD-999-Square.jpg\",\"width\":1000,\"height\":1000,\"caption\":\"Broyeur \u00e0 rouleaux IMD 999\"},{\"@type\":\"BreadcrumbList\",\"@id\":\"https:\\\/\\\/www.mpechicago.com\\\/fr\\\/produit\\\/serie-imd-900\\\/#breadcrumb\",\"itemListElement\":[{\"@type\":\"ListItem\",\"position\":1,\"name\":\"Domicile\",\"item\":\"https:\\\/\\\/www.mpechicago.com\\\/fr\\\/\"},{\"@type\":\"ListItem\",\"position\":2,\"name\":\"Priv\u00e9\u00a0: Boutique\",\"item\":\"https:\\\/\\\/www.mpechicago.com\\\/fr\\\/?page_id=32361\"},{\"@type\":\"ListItem\",\"position\":3,\"name\":\"S\u00e9rie IMD 900\"}]},{\"@type\":\"WebSite\",\"@id\":\"https:\\\/\\\/www.mpechicago.com\\\/fr\\\/#website\",\"url\":\"https:\\\/\\\/www.mpechicago.com\\\/fr\\\/\",\"name\":\"\u00c9quipement de traitement moderne\",\"description\":\"\",\"publisher\":{\"@id\":\"https:\\\/\\\/www.mpechicago.com\\\/fr\\\/#organization\"},\"potentialAction\":[{\"@type\":\"SearchAction\",\"target\":{\"@type\":\"EntryPoint\",\"urlTemplate\":\"https:\\\/\\\/www.mpechicago.com\\\/fr\\\/?s={search_term_string}\"},\"query-input\":{\"@type\":\"PropertyValueSpecification\",\"valueRequired\":true,\"valueName\":\"search_term_string\"}}],\"inLanguage\":\"fr-FR\"},{\"@type\":\"Organization\",\"@id\":\"https:\\\/\\\/www.mpechicago.com\\\/fr\\\/#organization\",\"name\":\"\u00c9quipement de traitement moderne\",\"url\":\"https:\\\/\\\/www.mpechicago.com\\\/fr\\\/\",\"logo\":{\"@type\":\"ImageObject\",\"inLanguage\":\"fr-FR\",\"@id\":\"https:\\\/\\\/www.mpechicago.com\\\/fr\\\/#\\\/schema\\\/logo\\\/image\\\/\",\"url\":\"https:\\\/\\\/www.mpechicago.com\\\/wp-content\\\/uploads\\\/2019\\\/12\\\/logo.png\",\"contentUrl\":\"https:\\\/\\\/www.mpechicago.com\\\/wp-content\\\/uploads\\\/2019\\\/12\\\/logo.png\",\"width\":200,\"height\":91,\"caption\":\"\u00c9quipement de traitement moderne\"},\"image\":{\"@id\":\"https:\\\/\\\/www.mpechicago.com\\\/fr\\\/#\\\/schema\\\/logo\\\/image\\\/\"}}]}<\/script>\n<!-- \/ Yoast SEO plugin. -->","yoast_head_json":{"title":"S\u00e9rie IMD 900- \u00c9quipement de traitement moderne r\u00e9duction de taille de pr\u00e9cision industrielle","description":"IMD 900 Series Gran-U-Lizer pour une r\u00e9duction pr\u00e9cise de la taille des particules. MPE est le leader mondial des \u00e9quipements de broyage de pr\u00e9cision pour les aliments, les produits chimiques et les min\u00e9raux.","robots":{"index":"index","follow":"follow","max-snippet":"max-snippet:-1","max-image-preview":"max-image-preview:large","max-video-preview":"max-video-preview:-1"},"canonical":"https:\/\/www.mpechicago.com\/fr\/produit\/serie-imd-900\/","og_locale":"fr_FR","og_type":"article","og_title":"S\u00e9rie IMD 900- \u00c9quipement de traitement moderne r\u00e9duction de taille de pr\u00e9cision industrielle","og_description":"IMD 900 Series Gran-U-Lizer pour une r\u00e9duction pr\u00e9cise de la taille des particules. MPE est le leader mondial des \u00e9quipements de broyage de pr\u00e9cision pour les aliments, les produits chimiques et les min\u00e9raux.","og_url":"https:\/\/www.mpechicago.com\/fr\/produit\/serie-imd-900\/","og_site_name":"\u00c9quipement de traitement moderne","article_modified_time":"2025-05-12T04:08:57+00:00","og_image":[{"width":1000,"height":1000,"url":"https:\/\/www.mpechicago.com\/wp-content\/uploads\/2019\/12\/IMD-999-Square.jpg","type":"image\/jpeg"}],"twitter_card":"summary_large_image","schema":{"@context":"https:\/\/schema.org","@graph":[{"@type":"WebPage","@id":"https:\/\/www.mpechicago.com\/fr\/produit\/serie-imd-900\/","url":"https:\/\/www.mpechicago.com\/fr\/produit\/serie-imd-900\/","name":"S\u00e9rie IMD 900- \u00c9quipement de traitement moderne r\u00e9duction de taille de pr\u00e9cision industrielle","isPartOf":{"@id":"https:\/\/www.mpechicago.com\/fr\/#website"},"primaryImageOfPage":{"@id":"https:\/\/www.mpechicago.com\/fr\/produit\/serie-imd-900\/#primaryimage"},"image":{"@id":"https:\/\/www.mpechicago.com\/fr\/produit\/serie-imd-900\/#primaryimage"},"thumbnailUrl":"https:\/\/www.mpechicago.com\/wp-content\/uploads\/2019\/12\/IMD-999-Square.jpg","datePublished":"2019-12-18T17:37:58+00:00","dateModified":"2025-05-12T04:08:57+00:00","description":"IMD 900 Series Gran-U-Lizer pour une r\u00e9duction pr\u00e9cise de la taille des particules. MPE est le leader mondial des \u00e9quipements de broyage de pr\u00e9cision pour les aliments, les produits chimiques et les min\u00e9raux.","breadcrumb":{"@id":"https:\/\/www.mpechicago.com\/fr\/produit\/serie-imd-900\/#breadcrumb"},"inLanguage":"fr-FR","potentialAction":[{"@type":"ReadAction","target":["https:\/\/www.mpechicago.com\/fr\/produit\/serie-imd-900\/"]}]},{"@type":"ImageObject","inLanguage":"fr-FR","@id":"https:\/\/www.mpechicago.com\/fr\/produit\/serie-imd-900\/#primaryimage","url":"https:\/\/www.mpechicago.com\/wp-content\/uploads\/2019\/12\/IMD-999-Square.jpg","contentUrl":"https:\/\/www.mpechicago.com\/wp-content\/uploads\/2019\/12\/IMD-999-Square.jpg","width":1000,"height":1000,"caption":"Broyeur \u00e0 rouleaux IMD 999"},{"@type":"BreadcrumbList","@id":"https:\/\/www.mpechicago.com\/fr\/produit\/serie-imd-900\/#breadcrumb","itemListElement":[{"@type":"ListItem","position":1,"name":"Domicile","item":"https:\/\/www.mpechicago.com\/fr\/"},{"@type":"ListItem","position":2,"name":"Priv\u00e9\u00a0: Boutique","item":"https:\/\/www.mpechicago.com\/fr\/?page_id=32361"},{"@type":"ListItem","position":3,"name":"S\u00e9rie IMD 900"}]},{"@type":"WebSite","@id":"https:\/\/www.mpechicago.com\/fr\/#website","url":"https:\/\/www.mpechicago.com\/fr\/","name":"\u00c9quipement de traitement moderne","description":"","publisher":{"@id":"https:\/\/www.mpechicago.com\/fr\/#organization"},"potentialAction":[{"@type":"SearchAction","target":{"@type":"EntryPoint","urlTemplate":"https:\/\/www.mpechicago.com\/fr\/?s={search_term_string}"},"query-input":{"@type":"PropertyValueSpecification","valueRequired":true,"valueName":"search_term_string"}}],"inLanguage":"fr-FR"},{"@type":"Organization","@id":"https:\/\/www.mpechicago.com\/fr\/#organization","name":"\u00c9quipement de traitement moderne","url":"https:\/\/www.mpechicago.com\/fr\/","logo":{"@type":"ImageObject","inLanguage":"fr-FR","@id":"https:\/\/www.mpechicago.com\/fr\/#\/schema\/logo\/image\/","url":"https:\/\/www.mpechicago.com\/wp-content\/uploads\/2019\/12\/logo.png","contentUrl":"https:\/\/www.mpechicago.com\/wp-content\/uploads\/2019\/12\/logo.png","width":200,"height":91,"caption":"\u00c9quipement de traitement moderne"},"image":{"@id":"https:\/\/www.mpechicago.com\/fr\/#\/schema\/logo\/image\/"}}]}},"_links":{"self":[{"href":"https:\/\/www.mpechicago.com\/fr\/wp-json\/wp\/v2\/product\/28619","targetHints":{"allow":["GET"]}}],"collection":[{"href":"https:\/\/www.mpechicago.com\/fr\/wp-json\/wp\/v2\/product"}],"about":[{"href":"https:\/\/www.mpechicago.com\/fr\/wp-json\/wp\/v2\/types\/product"}],"replies":[{"embeddable":true,"href":"https:\/\/www.mpechicago.com\/fr\/wp-json\/wp\/v2\/comments?post=28619"}],"wp:featuredmedia":[{"embeddable":true,"href":"https:\/\/www.mpechicago.com\/fr\/wp-json\/wp\/v2\/media\/25852"}],"wp:attachment":[{"href":"https:\/\/www.mpechicago.com\/fr\/wp-json\/wp\/v2\/media?parent=28619"}],"wp:term":[{"taxonomy":"product_brand","embeddable":true,"href":"https:\/\/www.mpechicago.com\/fr\/wp-json\/wp\/v2\/product_brand?post=28619"},{"taxonomy":"product_cat","embeddable":true,"href":"https:\/\/www.mpechicago.com\/fr\/wp-json\/wp\/v2\/product_cat?post=28619"},{"taxonomy":"product_tag","embeddable":true,"href":"https:\/\/www.mpechicago.com\/fr\/wp-json\/wp\/v2\/product_tag?post=28619"}],"curies":[{"name":"wp","href":"https:\/\/api.w.org\/{rel}","templated":true}]}}