{"id":28597,"date":"2019-12-18T06:45:11","date_gmt":"2019-12-18T12:45:11","guid":{"rendered":"https:\/\/www.mpechicago.com\/product\/800-jusquau\/"},"modified":"2025-05-11T23:08:26","modified_gmt":"2025-05-12T04:08:26","slug":"800-jusquau","status":"publish","type":"product","link":"https:\/\/www.mpechicago.com\/fr\/produit\/800-jusquau\/","title":{"rendered":"800 JUSQU\u2019AU"},"content":{"rendered":"<p>La technologie UPD (Ultra Particle Distribution) a \u00e9t\u00e9 d\u00e9velopp\u00e9e en 2003 en collaboration avec un important producteur de caf\u00e9 soluble. La technologie UPD int\u00e8gre des coupes de rouleau, des ratios et une pr\u00e9sentation du produit uniques pour obtenir une uniformit\u00e9 sup\u00e9rieure du produit avec 40 \u00e0 70 % de poussi\u00e8re en moins que les technologies pr\u00e9c\u00e9dentes. Le r\u00e9sultat : de meilleures performances d\u2019extraction et de filtration.  <\/p>\n","protected":false},"excerpt":{"rendered":"<p>MOD\u00c8LE 800 UPD GRANULATEUR DE CAF\u00c9 SOLUBLE SERIES<\/p>\n","protected":false},"featured_media":19418,"comment_status":"open","ping_status":"closed","template":"","meta":{"_acf_changed":false,"content-type":"","rs_blank_template":"","rs_page_bg_color":"","slide_template_v7":""},"product_brand":[],"product_cat":[218,219],"product_tag":[],"class_list":{"0":"post-28597","1":"product","2":"type-product","3":"status-publish","4":"has-post-thumbnail","6":"product_cat-industriel","7":"product_cat-soluble-et-extrait","9":"first","10":"outofstock","11":"shipping-taxable","12":"product-type-variable"},"acf":[],"yoast_head":"<!-- This site is optimized with the Yoast SEO plugin v27.5 - https:\/\/yoast.com\/product\/yoast-seo-wordpress\/ -->\n<title>800 JUSQU\u2019AU - \u00c9quipement de traitement moderne<\/title>\n<meta name=\"description\" content=\"Le granulateur de caf\u00e9 soluble mod\u00e8le 800 UPD permet d\u2019obtenir jusqu\u2019\u00e0 2 500 kg\/h de caf\u00e9 soluble parfaitement moulu. MPE est le leader mondial des \u00e9quipements de mouture de caf\u00e9.\" \/>\n<meta name=\"robots\" content=\"index, follow, max-snippet:-1, max-image-preview:large, max-video-preview:-1\" \/>\n<link rel=\"canonical\" href=\"https:\/\/www.mpechicago.com\/fr\/produit\/800-jusquau\/\" \/>\n<meta property=\"og:locale\" content=\"fr_FR\" \/>\n<meta property=\"og:type\" content=\"article\" \/>\n<meta property=\"og:title\" content=\"800 JUSQU\u2019AU - \u00c9quipement de traitement moderne\" \/>\n<meta property=\"og:description\" content=\"Le granulateur de caf\u00e9 soluble mod\u00e8le 800 UPD permet d\u2019obtenir jusqu\u2019\u00e0 2 500 kg\/h de caf\u00e9 soluble parfaitement moulu. MPE est le leader mondial des \u00e9quipements de mouture de caf\u00e9.\" \/>\n<meta property=\"og:url\" content=\"https:\/\/www.mpechicago.com\/fr\/produit\/800-jusquau\/\" \/>\n<meta property=\"og:site_name\" content=\"\u00c9quipement de traitement moderne\" \/>\n<meta property=\"article:modified_time\" content=\"2025-05-12T04:08:26+00:00\" \/>\n<meta property=\"og:image\" content=\"https:\/\/www.mpechicago.com\/wp-content\/uploads\/2019\/12\/MPE-800-UPD.png\" \/>\n\t<meta property=\"og:image:width\" content=\"600\" \/>\n\t<meta property=\"og:image:height\" content=\"600\" \/>\n\t<meta property=\"og:image:type\" content=\"image\/png\" \/>\n<meta name=\"twitter:card\" content=\"summary_large_image\" \/>\n<script type=\"application\/ld+json\" class=\"yoast-schema-graph\">{\"@context\":\"https:\\\/\\\/schema.org\",\"@graph\":[{\"@type\":\"WebPage\",\"@id\":\"https:\\\/\\\/www.mpechicago.com\\\/fr\\\/produit\\\/800-jusquau\\\/\",\"url\":\"https:\\\/\\\/www.mpechicago.com\\\/fr\\\/produit\\\/800-jusquau\\\/\",\"name\":\"800 JUSQU\u2019AU - \u00c9quipement de traitement moderne\",\"isPartOf\":{\"@id\":\"https:\\\/\\\/www.mpechicago.com\\\/fr\\\/#website\"},\"primaryImageOfPage\":{\"@id\":\"https:\\\/\\\/www.mpechicago.com\\\/fr\\\/produit\\\/800-jusquau\\\/#primaryimage\"},\"image\":{\"@id\":\"https:\\\/\\\/www.mpechicago.com\\\/fr\\\/produit\\\/800-jusquau\\\/#primaryimage\"},\"thumbnailUrl\":\"https:\\\/\\\/www.mpechicago.com\\\/wp-content\\\/uploads\\\/2019\\\/12\\\/MPE-800-UPD.png\",\"datePublished\":\"2019-12-18T12:45:11+00:00\",\"dateModified\":\"2025-05-12T04:08:26+00:00\",\"description\":\"Le granulateur de caf\u00e9 soluble mod\u00e8le 800 UPD permet d\u2019obtenir jusqu\u2019\u00e0 2 500 kg\\\/h de caf\u00e9 soluble parfaitement moulu. MPE est le leader mondial des \u00e9quipements de mouture de caf\u00e9.\",\"breadcrumb\":{\"@id\":\"https:\\\/\\\/www.mpechicago.com\\\/fr\\\/produit\\\/800-jusquau\\\/#breadcrumb\"},\"inLanguage\":\"fr-FR\",\"potentialAction\":[{\"@type\":\"ReadAction\",\"target\":[\"https:\\\/\\\/www.mpechicago.com\\\/fr\\\/produit\\\/800-jusquau\\\/\"]}]},{\"@type\":\"ImageObject\",\"inLanguage\":\"fr-FR\",\"@id\":\"https:\\\/\\\/www.mpechicago.com\\\/fr\\\/produit\\\/800-jusquau\\\/#primaryimage\",\"url\":\"https:\\\/\\\/www.mpechicago.com\\\/wp-content\\\/uploads\\\/2019\\\/12\\\/MPE-800-UPD.png\",\"contentUrl\":\"https:\\\/\\\/www.mpechicago.com\\\/wp-content\\\/uploads\\\/2019\\\/12\\\/MPE-800-UPD.png\",\"width\":600,\"height\":600,\"caption\":\"MPE 800 UPD\"},{\"@type\":\"BreadcrumbList\",\"@id\":\"https:\\\/\\\/www.mpechicago.com\\\/fr\\\/produit\\\/800-jusquau\\\/#breadcrumb\",\"itemListElement\":[{\"@type\":\"ListItem\",\"position\":1,\"name\":\"Domicile\",\"item\":\"https:\\\/\\\/www.mpechicago.com\\\/fr\\\/\"},{\"@type\":\"ListItem\",\"position\":2,\"name\":\"Priv\u00e9\u00a0: Boutique\",\"item\":\"https:\\\/\\\/www.mpechicago.com\\\/fr\\\/?page_id=32361\"},{\"@type\":\"ListItem\",\"position\":3,\"name\":\"800 JUSQU\u2019AU\"}]},{\"@type\":\"WebSite\",\"@id\":\"https:\\\/\\\/www.mpechicago.com\\\/fr\\\/#website\",\"url\":\"https:\\\/\\\/www.mpechicago.com\\\/fr\\\/\",\"name\":\"\u00c9quipement de traitement moderne\",\"description\":\"\",\"publisher\":{\"@id\":\"https:\\\/\\\/www.mpechicago.com\\\/fr\\\/#organization\"},\"potentialAction\":[{\"@type\":\"SearchAction\",\"target\":{\"@type\":\"EntryPoint\",\"urlTemplate\":\"https:\\\/\\\/www.mpechicago.com\\\/fr\\\/?s={search_term_string}\"},\"query-input\":{\"@type\":\"PropertyValueSpecification\",\"valueRequired\":true,\"valueName\":\"search_term_string\"}}],\"inLanguage\":\"fr-FR\"},{\"@type\":\"Organization\",\"@id\":\"https:\\\/\\\/www.mpechicago.com\\\/fr\\\/#organization\",\"name\":\"\u00c9quipement de traitement moderne\",\"url\":\"https:\\\/\\\/www.mpechicago.com\\\/fr\\\/\",\"logo\":{\"@type\":\"ImageObject\",\"inLanguage\":\"fr-FR\",\"@id\":\"https:\\\/\\\/www.mpechicago.com\\\/fr\\\/#\\\/schema\\\/logo\\\/image\\\/\",\"url\":\"https:\\\/\\\/www.mpechicago.com\\\/wp-content\\\/uploads\\\/2019\\\/12\\\/logo.png\",\"contentUrl\":\"https:\\\/\\\/www.mpechicago.com\\\/wp-content\\\/uploads\\\/2019\\\/12\\\/logo.png\",\"width\":200,\"height\":91,\"caption\":\"\u00c9quipement de traitement moderne\"},\"image\":{\"@id\":\"https:\\\/\\\/www.mpechicago.com\\\/fr\\\/#\\\/schema\\\/logo\\\/image\\\/\"}}]}<\/script>\n<!-- \/ Yoast SEO plugin. -->","yoast_head_json":{"title":"800 JUSQU\u2019AU - \u00c9quipement de traitement moderne","description":"Le granulateur de caf\u00e9 soluble mod\u00e8le 800 UPD permet d\u2019obtenir jusqu\u2019\u00e0 2 500 kg\/h de caf\u00e9 soluble parfaitement moulu. MPE est le leader mondial des \u00e9quipements de mouture de caf\u00e9.","robots":{"index":"index","follow":"follow","max-snippet":"max-snippet:-1","max-image-preview":"max-image-preview:large","max-video-preview":"max-video-preview:-1"},"canonical":"https:\/\/www.mpechicago.com\/fr\/produit\/800-jusquau\/","og_locale":"fr_FR","og_type":"article","og_title":"800 JUSQU\u2019AU - \u00c9quipement de traitement moderne","og_description":"Le granulateur de caf\u00e9 soluble mod\u00e8le 800 UPD permet d\u2019obtenir jusqu\u2019\u00e0 2 500 kg\/h de caf\u00e9 soluble parfaitement moulu. MPE est le leader mondial des \u00e9quipements de mouture de caf\u00e9.","og_url":"https:\/\/www.mpechicago.com\/fr\/produit\/800-jusquau\/","og_site_name":"\u00c9quipement de traitement moderne","article_modified_time":"2025-05-12T04:08:26+00:00","og_image":[{"width":600,"height":600,"url":"https:\/\/www.mpechicago.com\/wp-content\/uploads\/2019\/12\/MPE-800-UPD.png","type":"image\/png"}],"twitter_card":"summary_large_image","schema":{"@context":"https:\/\/schema.org","@graph":[{"@type":"WebPage","@id":"https:\/\/www.mpechicago.com\/fr\/produit\/800-jusquau\/","url":"https:\/\/www.mpechicago.com\/fr\/produit\/800-jusquau\/","name":"800 JUSQU\u2019AU - \u00c9quipement de traitement moderne","isPartOf":{"@id":"https:\/\/www.mpechicago.com\/fr\/#website"},"primaryImageOfPage":{"@id":"https:\/\/www.mpechicago.com\/fr\/produit\/800-jusquau\/#primaryimage"},"image":{"@id":"https:\/\/www.mpechicago.com\/fr\/produit\/800-jusquau\/#primaryimage"},"thumbnailUrl":"https:\/\/www.mpechicago.com\/wp-content\/uploads\/2019\/12\/MPE-800-UPD.png","datePublished":"2019-12-18T12:45:11+00:00","dateModified":"2025-05-12T04:08:26+00:00","description":"Le granulateur de caf\u00e9 soluble mod\u00e8le 800 UPD permet d\u2019obtenir jusqu\u2019\u00e0 2 500 kg\/h de caf\u00e9 soluble parfaitement moulu. MPE est le leader mondial des \u00e9quipements de mouture de caf\u00e9.","breadcrumb":{"@id":"https:\/\/www.mpechicago.com\/fr\/produit\/800-jusquau\/#breadcrumb"},"inLanguage":"fr-FR","potentialAction":[{"@type":"ReadAction","target":["https:\/\/www.mpechicago.com\/fr\/produit\/800-jusquau\/"]}]},{"@type":"ImageObject","inLanguage":"fr-FR","@id":"https:\/\/www.mpechicago.com\/fr\/produit\/800-jusquau\/#primaryimage","url":"https:\/\/www.mpechicago.com\/wp-content\/uploads\/2019\/12\/MPE-800-UPD.png","contentUrl":"https:\/\/www.mpechicago.com\/wp-content\/uploads\/2019\/12\/MPE-800-UPD.png","width":600,"height":600,"caption":"MPE 800 UPD"},{"@type":"BreadcrumbList","@id":"https:\/\/www.mpechicago.com\/fr\/produit\/800-jusquau\/#breadcrumb","itemListElement":[{"@type":"ListItem","position":1,"name":"Domicile","item":"https:\/\/www.mpechicago.com\/fr\/"},{"@type":"ListItem","position":2,"name":"Priv\u00e9\u00a0: Boutique","item":"https:\/\/www.mpechicago.com\/fr\/?page_id=32361"},{"@type":"ListItem","position":3,"name":"800 JUSQU\u2019AU"}]},{"@type":"WebSite","@id":"https:\/\/www.mpechicago.com\/fr\/#website","url":"https:\/\/www.mpechicago.com\/fr\/","name":"\u00c9quipement de traitement moderne","description":"","publisher":{"@id":"https:\/\/www.mpechicago.com\/fr\/#organization"},"potentialAction":[{"@type":"SearchAction","target":{"@type":"EntryPoint","urlTemplate":"https:\/\/www.mpechicago.com\/fr\/?s={search_term_string}"},"query-input":{"@type":"PropertyValueSpecification","valueRequired":true,"valueName":"search_term_string"}}],"inLanguage":"fr-FR"},{"@type":"Organization","@id":"https:\/\/www.mpechicago.com\/fr\/#organization","name":"\u00c9quipement de traitement moderne","url":"https:\/\/www.mpechicago.com\/fr\/","logo":{"@type":"ImageObject","inLanguage":"fr-FR","@id":"https:\/\/www.mpechicago.com\/fr\/#\/schema\/logo\/image\/","url":"https:\/\/www.mpechicago.com\/wp-content\/uploads\/2019\/12\/logo.png","contentUrl":"https:\/\/www.mpechicago.com\/wp-content\/uploads\/2019\/12\/logo.png","width":200,"height":91,"caption":"\u00c9quipement de traitement moderne"},"image":{"@id":"https:\/\/www.mpechicago.com\/fr\/#\/schema\/logo\/image\/"}}]}},"_links":{"self":[{"href":"https:\/\/www.mpechicago.com\/fr\/wp-json\/wp\/v2\/product\/28597","targetHints":{"allow":["GET"]}}],"collection":[{"href":"https:\/\/www.mpechicago.com\/fr\/wp-json\/wp\/v2\/product"}],"about":[{"href":"https:\/\/www.mpechicago.com\/fr\/wp-json\/wp\/v2\/types\/product"}],"replies":[{"embeddable":true,"href":"https:\/\/www.mpechicago.com\/fr\/wp-json\/wp\/v2\/comments?post=28597"}],"wp:featuredmedia":[{"embeddable":true,"href":"https:\/\/www.mpechicago.com\/fr\/wp-json\/wp\/v2\/media\/19418"}],"wp:attachment":[{"href":"https:\/\/www.mpechicago.com\/fr\/wp-json\/wp\/v2\/media?parent=28597"}],"wp:term":[{"taxonomy":"product_brand","embeddable":true,"href":"https:\/\/www.mpechicago.com\/fr\/wp-json\/wp\/v2\/product_brand?post=28597"},{"taxonomy":"product_cat","embeddable":true,"href":"https:\/\/www.mpechicago.com\/fr\/wp-json\/wp\/v2\/product_cat?post=28597"},{"taxonomy":"product_tag","embeddable":true,"href":"https:\/\/www.mpechicago.com\/fr\/wp-json\/wp\/v2\/product_tag?post=28597"}],"curies":[{"name":"wp","href":"https:\/\/api.w.org\/{rel}","templated":true}]}}