{"id":32320,"date":"2019-12-20T05:17:52","date_gmt":"2019-12-20T11:17:52","guid":{"rendered":"https:\/\/www.mpechicago.com\/carbonate-de-calcium\/"},"modified":"2025-05-26T02:00:17","modified_gmt":"2025-05-26T07:00:17","slug":"carbonate-de-calcium","status":"publish","type":"page","link":"https:\/\/www.mpechicago.com\/fr\/carbonate-de-calcium\/","title":{"rendered":"Carbonate de calcium"},"content":{"rendered":"\n<h1 class=\"wp-block-heading\">Calcium Carbonate<\/h1>\n\n<p class=\"intro\">Donn\u00e9es techniques sur la r\u00e9duction de particules pour les applications industrielles. D\u00e9tails suppl\u00e9mentaires sur la distribution granulom\u00e9trique disponibles sur demande.<\/p>\n\n<figure class=\"wp-block-image size-large\"><img fetchpriority=\"high\" decoding=\"async\" width=\"600\" height=\"407\" src=\"http:\/\/www.mpechicago.com\/wp-content\/uploads\/2019\/12\/calcium_carbonate.jpg\" alt=\"\" class=\"wp-image-2961\"\/><\/figure>\n","protected":false},"excerpt":{"rendered":"<p>Calcium Carbonate Donn\u00e9es techniques sur la r\u00e9duction de particules pour les applications industrielles. D\u00e9tails suppl\u00e9mentaires sur la distribution granulom\u00e9trique disponibles sur demande.<\/p>\n","protected":false},"author":20,"featured_media":0,"parent":0,"menu_order":0,"comment_status":"closed","ping_status":"closed","template":"","meta":{"_acf_changed":false,"content-type":"","rs_blank_template":"","rs_page_bg_color":"","slide_template_v7":"","footnotes":""},"class_list":["post-32320","page","type-page","status-publish","hentry"],"acf":[],"yoast_head":"<!-- This site is optimized with the Yoast SEO plugin v27.5 - https:\/\/yoast.com\/product\/yoast-seo-wordpress\/ -->\n<title>Application des technologies de r\u00e9duction granulom\u00e9trique au carbonate de calcium - \u00c9quipement de traitement moderne<\/title>\n<meta name=\"description\" content=\"Donn\u00e9es techniques et \u00e9quipements de broyage pour le traitement du carbonate de calcium.MPE s\u2019impose comme le leader mondial en mati\u00e8re de technologies de r\u00e9duction granulom\u00e9trique de haute pr\u00e9cision.\" \/>\n<meta name=\"robots\" content=\"index, follow, max-snippet:-1, max-image-preview:large, max-video-preview:-1\" \/>\n<link rel=\"canonical\" href=\"https:\/\/www.mpechicago.com\/fr\/carbonate-de-calcium\/\" \/>\n<meta property=\"og:locale\" content=\"fr_FR\" \/>\n<meta property=\"og:type\" content=\"article\" \/>\n<meta property=\"og:title\" content=\"Application des technologies de r\u00e9duction granulom\u00e9trique au carbonate de calcium - \u00c9quipement de traitement moderne\" \/>\n<meta property=\"og:description\" content=\"Donn\u00e9es techniques et \u00e9quipements de broyage pour le traitement du carbonate de calcium.MPE s\u2019impose comme le leader mondial en mati\u00e8re de technologies de r\u00e9duction granulom\u00e9trique de haute pr\u00e9cision.\" \/>\n<meta property=\"og:url\" content=\"https:\/\/www.mpechicago.com\/fr\/carbonate-de-calcium\/\" \/>\n<meta property=\"og:site_name\" content=\"\u00c9quipement de traitement moderne\" \/>\n<meta property=\"article:modified_time\" content=\"2025-05-26T07:00:17+00:00\" \/>\n<meta property=\"og:image\" content=\"http:\/\/www.mpechicago.com\/wp-content\/uploads\/2019\/12\/calcium_carbonate.jpg\" \/>\n<meta name=\"twitter:card\" content=\"summary_large_image\" \/>\n<script type=\"application\/ld+json\" class=\"yoast-schema-graph\">{\"@context\":\"https:\\\/\\\/schema.org\",\"@graph\":[{\"@type\":\"WebPage\",\"@id\":\"https:\\\/\\\/www.mpechicago.com\\\/fr\\\/carbonate-de-calcium\\\/\",\"url\":\"https:\\\/\\\/www.mpechicago.com\\\/fr\\\/carbonate-de-calcium\\\/\",\"name\":\"Application des technologies de r\u00e9duction granulom\u00e9trique au carbonate de calcium - \u00c9quipement de traitement moderne\",\"isPartOf\":{\"@id\":\"https:\\\/\\\/www.mpechicago.com\\\/fr\\\/#website\"},\"primaryImageOfPage\":{\"@id\":\"https:\\\/\\\/www.mpechicago.com\\\/fr\\\/carbonate-de-calcium\\\/#primaryimage\"},\"image\":{\"@id\":\"https:\\\/\\\/www.mpechicago.com\\\/fr\\\/carbonate-de-calcium\\\/#primaryimage\"},\"thumbnailUrl\":\"http:\\\/\\\/www.mpechicago.com\\\/wp-content\\\/uploads\\\/2019\\\/12\\\/calcium_carbonate.jpg\",\"datePublished\":\"2019-12-20T11:17:52+00:00\",\"dateModified\":\"2025-05-26T07:00:17+00:00\",\"description\":\"Donn\u00e9es techniques et \u00e9quipements de broyage pour le traitement du carbonate de calcium.MPE s\u2019impose comme le leader mondial en mati\u00e8re de technologies de r\u00e9duction granulom\u00e9trique de haute pr\u00e9cision.\",\"breadcrumb\":{\"@id\":\"https:\\\/\\\/www.mpechicago.com\\\/fr\\\/carbonate-de-calcium\\\/#breadcrumb\"},\"inLanguage\":\"fr-FR\",\"potentialAction\":[{\"@type\":\"ReadAction\",\"target\":[\"https:\\\/\\\/www.mpechicago.com\\\/fr\\\/carbonate-de-calcium\\\/\"]}]},{\"@type\":\"ImageObject\",\"inLanguage\":\"fr-FR\",\"@id\":\"https:\\\/\\\/www.mpechicago.com\\\/fr\\\/carbonate-de-calcium\\\/#primaryimage\",\"url\":\"http:\\\/\\\/www.mpechicago.com\\\/wp-content\\\/uploads\\\/2019\\\/12\\\/calcium_carbonate.jpg\",\"contentUrl\":\"http:\\\/\\\/www.mpechicago.com\\\/wp-content\\\/uploads\\\/2019\\\/12\\\/calcium_carbonate.jpg\"},{\"@type\":\"BreadcrumbList\",\"@id\":\"https:\\\/\\\/www.mpechicago.com\\\/fr\\\/carbonate-de-calcium\\\/#breadcrumb\",\"itemListElement\":[{\"@type\":\"ListItem\",\"position\":1,\"name\":\"Domicile\",\"item\":\"https:\\\/\\\/www.mpechicago.com\\\/fr\\\/\"},{\"@type\":\"ListItem\",\"position\":2,\"name\":\"Carbonate de calcium\"}]},{\"@type\":\"WebSite\",\"@id\":\"https:\\\/\\\/www.mpechicago.com\\\/fr\\\/#website\",\"url\":\"https:\\\/\\\/www.mpechicago.com\\\/fr\\\/\",\"name\":\"\u00c9quipement de traitement moderne\",\"description\":\"\",\"publisher\":{\"@id\":\"https:\\\/\\\/www.mpechicago.com\\\/fr\\\/#organization\"},\"potentialAction\":[{\"@type\":\"SearchAction\",\"target\":{\"@type\":\"EntryPoint\",\"urlTemplate\":\"https:\\\/\\\/www.mpechicago.com\\\/fr\\\/?s={search_term_string}\"},\"query-input\":{\"@type\":\"PropertyValueSpecification\",\"valueRequired\":true,\"valueName\":\"search_term_string\"}}],\"inLanguage\":\"fr-FR\"},{\"@type\":\"Organization\",\"@id\":\"https:\\\/\\\/www.mpechicago.com\\\/fr\\\/#organization\",\"name\":\"\u00c9quipement de traitement moderne\",\"url\":\"https:\\\/\\\/www.mpechicago.com\\\/fr\\\/\",\"logo\":{\"@type\":\"ImageObject\",\"inLanguage\":\"fr-FR\",\"@id\":\"https:\\\/\\\/www.mpechicago.com\\\/fr\\\/#\\\/schema\\\/logo\\\/image\\\/\",\"url\":\"https:\\\/\\\/www.mpechicago.com\\\/wp-content\\\/uploads\\\/2019\\\/12\\\/logo.png\",\"contentUrl\":\"https:\\\/\\\/www.mpechicago.com\\\/wp-content\\\/uploads\\\/2019\\\/12\\\/logo.png\",\"width\":200,\"height\":91,\"caption\":\"\u00c9quipement de traitement moderne\"},\"image\":{\"@id\":\"https:\\\/\\\/www.mpechicago.com\\\/fr\\\/#\\\/schema\\\/logo\\\/image\\\/\"}}]}<\/script>\n<!-- \/ Yoast SEO plugin. -->","yoast_head_json":{"title":"Application des technologies de r\u00e9duction granulom\u00e9trique au carbonate de calcium - \u00c9quipement de traitement moderne","description":"Donn\u00e9es techniques et \u00e9quipements de broyage pour le traitement du carbonate de calcium.MPE s\u2019impose comme le leader mondial en mati\u00e8re de technologies de r\u00e9duction granulom\u00e9trique de haute pr\u00e9cision.","robots":{"index":"index","follow":"follow","max-snippet":"max-snippet:-1","max-image-preview":"max-image-preview:large","max-video-preview":"max-video-preview:-1"},"canonical":"https:\/\/www.mpechicago.com\/fr\/carbonate-de-calcium\/","og_locale":"fr_FR","og_type":"article","og_title":"Application des technologies de r\u00e9duction granulom\u00e9trique au carbonate de calcium - \u00c9quipement de traitement moderne","og_description":"Donn\u00e9es techniques et \u00e9quipements de broyage pour le traitement du carbonate de calcium.MPE s\u2019impose comme le leader mondial en mati\u00e8re de technologies de r\u00e9duction granulom\u00e9trique de haute pr\u00e9cision.","og_url":"https:\/\/www.mpechicago.com\/fr\/carbonate-de-calcium\/","og_site_name":"\u00c9quipement de traitement moderne","article_modified_time":"2025-05-26T07:00:17+00:00","og_image":[{"url":"http:\/\/www.mpechicago.com\/wp-content\/uploads\/2019\/12\/calcium_carbonate.jpg","type":"","width":"","height":""}],"twitter_card":"summary_large_image","schema":{"@context":"https:\/\/schema.org","@graph":[{"@type":"WebPage","@id":"https:\/\/www.mpechicago.com\/fr\/carbonate-de-calcium\/","url":"https:\/\/www.mpechicago.com\/fr\/carbonate-de-calcium\/","name":"Application des technologies de r\u00e9duction granulom\u00e9trique au carbonate de calcium - \u00c9quipement de traitement moderne","isPartOf":{"@id":"https:\/\/www.mpechicago.com\/fr\/#website"},"primaryImageOfPage":{"@id":"https:\/\/www.mpechicago.com\/fr\/carbonate-de-calcium\/#primaryimage"},"image":{"@id":"https:\/\/www.mpechicago.com\/fr\/carbonate-de-calcium\/#primaryimage"},"thumbnailUrl":"http:\/\/www.mpechicago.com\/wp-content\/uploads\/2019\/12\/calcium_carbonate.jpg","datePublished":"2019-12-20T11:17:52+00:00","dateModified":"2025-05-26T07:00:17+00:00","description":"Donn\u00e9es techniques et \u00e9quipements de broyage pour le traitement du carbonate de calcium.MPE s\u2019impose comme le leader mondial en mati\u00e8re de technologies de r\u00e9duction granulom\u00e9trique de haute pr\u00e9cision.","breadcrumb":{"@id":"https:\/\/www.mpechicago.com\/fr\/carbonate-de-calcium\/#breadcrumb"},"inLanguage":"fr-FR","potentialAction":[{"@type":"ReadAction","target":["https:\/\/www.mpechicago.com\/fr\/carbonate-de-calcium\/"]}]},{"@type":"ImageObject","inLanguage":"fr-FR","@id":"https:\/\/www.mpechicago.com\/fr\/carbonate-de-calcium\/#primaryimage","url":"http:\/\/www.mpechicago.com\/wp-content\/uploads\/2019\/12\/calcium_carbonate.jpg","contentUrl":"http:\/\/www.mpechicago.com\/wp-content\/uploads\/2019\/12\/calcium_carbonate.jpg"},{"@type":"BreadcrumbList","@id":"https:\/\/www.mpechicago.com\/fr\/carbonate-de-calcium\/#breadcrumb","itemListElement":[{"@type":"ListItem","position":1,"name":"Domicile","item":"https:\/\/www.mpechicago.com\/fr\/"},{"@type":"ListItem","position":2,"name":"Carbonate de calcium"}]},{"@type":"WebSite","@id":"https:\/\/www.mpechicago.com\/fr\/#website","url":"https:\/\/www.mpechicago.com\/fr\/","name":"\u00c9quipement de traitement moderne","description":"","publisher":{"@id":"https:\/\/www.mpechicago.com\/fr\/#organization"},"potentialAction":[{"@type":"SearchAction","target":{"@type":"EntryPoint","urlTemplate":"https:\/\/www.mpechicago.com\/fr\/?s={search_term_string}"},"query-input":{"@type":"PropertyValueSpecification","valueRequired":true,"valueName":"search_term_string"}}],"inLanguage":"fr-FR"},{"@type":"Organization","@id":"https:\/\/www.mpechicago.com\/fr\/#organization","name":"\u00c9quipement de traitement moderne","url":"https:\/\/www.mpechicago.com\/fr\/","logo":{"@type":"ImageObject","inLanguage":"fr-FR","@id":"https:\/\/www.mpechicago.com\/fr\/#\/schema\/logo\/image\/","url":"https:\/\/www.mpechicago.com\/wp-content\/uploads\/2019\/12\/logo.png","contentUrl":"https:\/\/www.mpechicago.com\/wp-content\/uploads\/2019\/12\/logo.png","width":200,"height":91,"caption":"\u00c9quipement de traitement moderne"},"image":{"@id":"https:\/\/www.mpechicago.com\/fr\/#\/schema\/logo\/image\/"}}]}},"_links":{"self":[{"href":"https:\/\/www.mpechicago.com\/fr\/wp-json\/wp\/v2\/pages\/32320","targetHints":{"allow":["GET"]}}],"collection":[{"href":"https:\/\/www.mpechicago.com\/fr\/wp-json\/wp\/v2\/pages"}],"about":[{"href":"https:\/\/www.mpechicago.com\/fr\/wp-json\/wp\/v2\/types\/page"}],"author":[{"embeddable":true,"href":"https:\/\/www.mpechicago.com\/fr\/wp-json\/wp\/v2\/users\/20"}],"replies":[{"embeddable":true,"href":"https:\/\/www.mpechicago.com\/fr\/wp-json\/wp\/v2\/comments?post=32320"}],"version-history":[{"count":5,"href":"https:\/\/www.mpechicago.com\/fr\/wp-json\/wp\/v2\/pages\/32320\/revisions"}],"predecessor-version":[{"id":32466,"href":"https:\/\/www.mpechicago.com\/fr\/wp-json\/wp\/v2\/pages\/32320\/revisions\/32466"}],"wp:attachment":[{"href":"https:\/\/www.mpechicago.com\/fr\/wp-json\/wp\/v2\/media?parent=32320"}],"curies":[{"name":"wp","href":"https:\/\/api.w.org\/{rel}","templated":true}]}}