{"id":26899,"date":"2021-06-03T11:17:16","date_gmt":"2021-06-03T16:17:16","guid":{"rendered":"https:\/\/www.mpechicago.com\/niveau-1-nettoyage-en-place\/"},"modified":"2025-05-26T06:44:07","modified_gmt":"2025-05-26T11:44:07","slug":"niveau-1-nettoyage-en-place","status":"publish","type":"page","link":"https:\/\/www.mpechicago.com\/fr\/convoyeurs-tubulaires-a-trainee-chain-vey\/nettoyage-en-place\/niveau-1-nettoyage-en-place\/","title":{"rendered":"Niveau 1 &#8211; Nettoyage en place"},"content":{"rendered":"<div class=\"wp-bootstrap-blocks-row has-text-align-left Pageblock-subtitle pt-20\">\n\t<div class=\"row\">\n\t\t\n\n<div class=\"col-12 col-md-6\">\n\t<div class=\"\">\n\t\t\t<\/div>\n<\/div>\n\n\n\n<div class=\"col-12 col-md-6\">\n\t<div class=\"\">\n\t\t\t<\/div>\n<\/div>\n\n\t<\/div>\n<\/div>\n<div class=\"wp-bootstrap-blocks-row\">\n\t<div class=\"row\">\n\t\t\n\n<div class=\"col-12 col-md-8\">\n\t<div class=\"\">\n\t\t\t<\/div>\n<\/div>\n\n\n\n<div class=\"col-12 col-md-4\">\n\t<div class=\"\">\n\t\t\t<\/div>\n<\/div>\n\n\t<\/div>\n<\/div>\n<div class=\"wp-bootstrap-blocks-row\">\n\t<div class=\"row\">\n\t\t\n\n<div class=\"col-12 col-md-2 col-lg-2 col-xl-2\">\n\t<div class=\"\">\n\t\t\n\n\n\t<\/div>\n<\/div>\n\n\n\n<div class=\"col-12 col-md-7 col-lg-7 col-xl-6 left-panel\">\n\t<div class=\"\">\n\t\t\n\n<h1 class=\"page-title pt-20 wp-block-heading\">Chain-Vey Clean-In-Place Tier 1 Options<\/h1>\n\n\n\n<p class=\"intro\">Le niveau 1 correspond \u00e0 une cat\u00e9gorie de nettoyage \u00e0 sec, sp\u00e9cialement con\u00e7ue pour le transport de produits secs de types similaires.<\/p>\n\n\n\n<p>Notre conception standard de nettoyage \u00e0 sec permet d\u2019\u00e9liminer l\u2019accumulation de r\u00e9sidus et la contamination crois\u00e9e par de grosses particules, gr\u00e2ce \u00e0 des options NEP personnalis\u00e9es incluant notamment :<\/p>\n\n\n\n<ul class=\"wp-block-list\"><li>Aides \u00e0 l\u2019\u00e9vacuation (lames d\u2019air, heurtoirs m\u00e9caniques)<\/li><li>Disques de nettoyage (polyur\u00e9thane, \u00e9ponge, al\u00e9sage)<\/li><li>Bo\u00eete \u00e0 brosses (passive, motoris\u00e9e)<\/li><\/ul>\n\n\n\n<p>L\u2019option Tier 1 permet \u00e0 Chain-Vey d\u2019assurer un nettoyage en continu, r\u00e9duisant significativement le recours au nettoyage manuel et g\u00e9n\u00e9rant ainsi des \u00e9conomies de temps et de co\u00fbts.<\/p>\n\n\t<\/div>\n<\/div>\n\n\n\n<div class=\"col-12 col-md-3 col-lg-3 col-xl-4 right-panel\">\n\t<div class=\"\">\n\t\t\n\n<h2 class=\"wp-block-heading\">Companies Using This Tier<\/h2>\n\n\n\n<figure class=\"wp-block-image size-full\"><img fetchpriority=\"high\" decoding=\"async\" width=\"1000\" height=\"550\" src=\"http:\/\/www.mpechicago.com\/wp-content\/uploads\/2021\/09\/Tier-1.jpg\" alt=\"\" class=\"wp-image-11719\" srcset=\"https:\/\/www.mpechicago.com\/wp-content\/uploads\/2021\/09\/Tier-1.jpg 1000w, https:\/\/www.mpechicago.com\/wp-content\/uploads\/2021\/09\/Tier-1-600x330.jpg 600w, https:\/\/www.mpechicago.com\/wp-content\/uploads\/2021\/09\/Tier-1-768x422.jpg 768w\" sizes=\"(max-width: 1000px) 100vw, 1000px\" \/><\/figure>\n\n\n\n<h3 class=\"has-text-align-left Pageblock-subtitle pt-20 has-text-color wp-block-heading\" style=\"color:#e9b516\">\u00ab\u00a0We are very happy with our Chain-Vey and MPE&rsquo;s service.\u00a0\u00bb <\/h3>\n\n\n\n<p>\u2015Troy Julian, FW Renner &amp; Sons<\/p>\n\n\n\n<div style=\"height:50px\" aria-hidden=\"true\" class=\"wp-block-spacer\"><\/div>\n\n\n\n<p><\/p>\n\n\t<\/div>\n<\/div>\n\n\t<\/div>\n<\/div>\n\n<div style=\"height:30px\" aria-hidden=\"true\" class=\"wp-block-spacer\"><\/div>\n\n<div class=\"col-12\">\n\t<div class=\"\">\n\t\t\n<div class=\"wp-bootstrap-blocks-container container mb-2 positionrelative ticss-557f38c4 mb-5 box-types\">\n\t\n\n<h3 class=\"has-text-align-center Pageblock-subtitle ticss-e44a83c5 wp-block-heading\">Chain-Vey Sanitary Designs<\/h3>\n\n\n\n<hr class=\"wp-block-separator Pageblock-subtitleDecoration\"\/>\n\n\n<div class=\"wp-bootstrap-blocks-row ticss-aefb281e\">\n\t<div class=\"row\">\n\t\t\n\n<div class=\"col-12 col-md-4 col-lg-4 col-xl-4\">\n\t<div class=\"\">\n\t\t\n\n<figure class=\"wp-block-gallery aligncenter columns-1 is-cropped wp-block-gallery-1 is-layout-flex wp-block-gallery-is-layout-flex\"><ul class=\"blocks-gallery-grid\"><li class=\"blocks-gallery-item\"><figure><img decoding=\"async\" width=\"1000\" height=\"450\" src=\"http:\/\/www.mpechicago.com\/wp-content\/uploads\/2021\/03\/Turnaround-Tray-Comp.jpg\" alt=\"Convoyeur facile &#xE0; nettoyer\" data-id=\"10811\" data-full-url=\"http:\/\/www.mpechicago.com\/wp-content\/uploads\/2021\/03\/Turnaround-Tray-Comp.jpg\" data-link=\"http:\/\/www.mpechicago.com\/chain-vey\/layouts-and-designs\/sanitary-design\/turnaround-tray-comp\/\" class=\"wp-image-10811\" srcset=\"https:\/\/www.mpechicago.com\/wp-content\/uploads\/2021\/03\/Turnaround-Tray-Comp.jpg 1000w, https:\/\/www.mpechicago.com\/wp-content\/uploads\/2021\/03\/Turnaround-Tray-Comp-600x270.jpg 600w, https:\/\/www.mpechicago.com\/wp-content\/uploads\/2021\/03\/Turnaround-Tray-Comp-768x346.jpg 768w\" sizes=\"(max-width: 1000px) 100vw, 1000px\" \/><\/figure><\/li><\/ul><\/figure>\n\n\n\n<h3 class=\"has-text-align-left Pageblock-subtitle ticss-304e163f wp-block-heading\">Removable Tray <\/h3>\n\n\n\n<hr class=\"wp-block-separator Pageblock-subtitleDecorationborder\"\/>\n\n\n\n<div style=\"height:20px\" aria-hidden=\"true\" class=\"wp-block-spacer\"><\/div>\n\n\n\n<p class=\"has-text-align-left\">Des plateaux amovibles sont situ\u00e9s sur des composants tels que les retournements et les bo\u00eetes \u00e0 brosses, ce qui permet un nettoyage facile de l\u2019accumulation de produit \u00e0 l\u2019int\u00e9rieur du convoyeur.<\/p>\n\n\t<\/div>\n<\/div>\n\n\n\n<div class=\"col-12 col-md-4 col-lg-4 col-xl-4\">\n\t<div class=\"\">\n\t\t\n\n<figure class=\"wp-block-gallery aligncenter columns-1 is-cropped wp-block-gallery-2 is-layout-flex wp-block-gallery-is-layout-flex\"><ul class=\"blocks-gallery-grid\"><li class=\"blocks-gallery-item\"><figure><img decoding=\"async\" width=\"800\" height=\"360\" src=\"http:\/\/www.mpechicago.com\/wp-content\/uploads\/2021\/07\/Air-Knife-comp.jpg\" alt=\"Convoyeur autonettoyant\" data-id=\"11633\" data-full-url=\"http:\/\/www.mpechicago.com\/wp-content\/uploads\/2021\/07\/Air-Knife-comp.jpg\" data-link=\"http:\/\/www.mpechicago.com\/chain-vey\/clean-in-place\/tier-1-clean-in-place\/air-knife-comp\/\" class=\"wp-image-11633\" srcset=\"https:\/\/www.mpechicago.com\/wp-content\/uploads\/2021\/07\/Air-Knife-comp.jpg 800w, https:\/\/www.mpechicago.com\/wp-content\/uploads\/2021\/07\/Air-Knife-comp-600x270.jpg 600w, https:\/\/www.mpechicago.com\/wp-content\/uploads\/2021\/07\/Air-Knife-comp-768x346.jpg 768w\" sizes=\"(max-width: 800px) 100vw, 800px\" \/><\/figure><\/li><\/ul><\/figure>\n\n\n\n<h3 class=\"has-text-align-left Pageblock-subtitle ticss-304e163f wp-block-heading\">Air Knives<\/h3>\n\n\n\n<hr class=\"wp-block-separator Pageblock-subtitleDecorationborder\"\/>\n\n\n\n<div style=\"height:20px\" aria-hidden=\"true\" class=\"wp-block-spacer\"><\/div>\n\n\n\n<p class=\"has-text-align-left\">Les lames d\u2019air sont efficaces pour nettoyer les produits particulaires des disques et de la cha\u00eene.<\/p>\n\n\t<\/div>\n<\/div>\n\n\n\n<div class=\"col-12 col-md-4\">\n\t<div class=\"\">\n\t\t\n\n<figure class=\"wp-block-gallery aligncenter columns-1 is-cropped wp-block-gallery-3 is-layout-flex wp-block-gallery-is-layout-flex\"><ul class=\"blocks-gallery-grid\"><li class=\"blocks-gallery-item\"><figure><img loading=\"lazy\" decoding=\"async\" width=\"800\" height=\"360\" src=\"http:\/\/www.mpechicago.com\/wp-content\/uploads\/2021\/07\/Knocker-comp.jpg\" alt=\"D&#xE9;colleur pour convoyeur tubulaire\" data-id=\"11635\" data-full-url=\"http:\/\/www.mpechicago.com\/wp-content\/uploads\/2021\/07\/Knocker-comp.jpg\" data-link=\"http:\/\/www.mpechicago.com\/chain-vey\/clean-in-place\/tier-1-clean-in-place\/knocker-comp\/\" class=\"wp-image-11635\" srcset=\"https:\/\/www.mpechicago.com\/wp-content\/uploads\/2021\/07\/Knocker-comp.jpg 800w, https:\/\/www.mpechicago.com\/wp-content\/uploads\/2021\/07\/Knocker-comp-600x270.jpg 600w, https:\/\/www.mpechicago.com\/wp-content\/uploads\/2021\/07\/Knocker-comp-768x346.jpg 768w\" sizes=\"(max-width: 800px) 100vw, 800px\" \/><\/figure><\/li><\/ul><\/figure>\n\n\n\n<h3 class=\"has-text-align-left Pageblock-subtitle ticss-304e163f wp-block-heading\">Disc Knocker<\/h3>\n\n\n\n<hr class=\"wp-block-separator Pageblock-subtitleDecorationborder\"\/>\n\n\n\n<div style=\"height:20px\" aria-hidden=\"true\" class=\"wp-block-spacer\"><\/div>\n\n\n\n<p class=\"has-text-align-left\">Le d\u00e9colleur de disques est une solution simple et robuste pour \u00e9liminer les applications collantes des disques \u00e0 l\u2019int\u00e9rieur des sorties du convoyeur. <\/p>\n\n\t<\/div>\n<\/div>\n\n\t<\/div>\n<\/div>\n\n\n<div class=\"wp-bootstrap-blocks-row ticss-aefb281e\">\n\t<div class=\"row\">\n\t\t\n\n<div class=\"col-12 col-md-4 col-lg-4 col-xl-4\">\n\t<div class=\"\">\n\t\t\n\n<figure class=\"wp-block-gallery aligncenter columns-1 is-cropped wp-block-gallery-4 is-layout-flex wp-block-gallery-is-layout-flex\"><ul class=\"blocks-gallery-grid\"><li class=\"blocks-gallery-item\"><figure><img loading=\"lazy\" decoding=\"async\" width=\"1000\" height=\"450\" src=\"http:\/\/www.mpechicago.com\/wp-content\/uploads\/2021\/03\/New-Feet-comp.jpg\" alt=\"Pieds de convoyeur sanitaire\" data-id=\"10819\" data-full-url=\"http:\/\/www.mpechicago.com\/wp-content\/uploads\/2021\/03\/New-Feet-comp.jpg\" data-link=\"http:\/\/www.mpechicago.com\/chain-vey\/layouts-and-designs\/sanitary-design\/new-feet-comp\/\" class=\"wp-image-10819\" srcset=\"https:\/\/www.mpechicago.com\/wp-content\/uploads\/2021\/03\/New-Feet-comp.jpg 1000w, https:\/\/www.mpechicago.com\/wp-content\/uploads\/2021\/03\/New-Feet-comp-600x270.jpg 600w, https:\/\/www.mpechicago.com\/wp-content\/uploads\/2021\/03\/New-Feet-comp-768x346.jpg 768w\" sizes=\"(max-width: 1000px) 100vw, 1000px\" \/><\/figure><\/li><\/ul><\/figure>\n\n\n\n<h3 class=\"has-text-align-left Pageblock-subtitle ticss-304e163f wp-block-heading\">Sanitary Feet Design<\/h3>\n\n\n\n<hr class=\"wp-block-separator Pageblock-subtitleDecorationborder\"\/>\n\n\n\n<div style=\"height:20px\" aria-hidden=\"true\" class=\"wp-block-spacer\"><\/div>\n\n\n\n<p class=\"has-text-align-left\">Les pieds de tous les composants au sol sont en acier \u00e0 barres rondes solides ; conception emp\u00eachant la r\u00e9tention de mati\u00e8re.<\/p>\n\n\t<\/div>\n<\/div>\n\n\n\n<div class=\"col-12 col-md-4 col-lg-4 col-xl-4\">\n\t<div class=\"\">\n\t\t\n\n<figure class=\"wp-block-gallery aligncenter columns-1 is-cropped wp-block-gallery-5 is-layout-flex wp-block-gallery-is-layout-flex\"><ul class=\"blocks-gallery-grid\"><li class=\"blocks-gallery-item\"><figure><img loading=\"lazy\" decoding=\"async\" width=\"1000\" height=\"450\" src=\"http:\/\/www.mpechicago.com\/wp-content\/uploads\/2021\/09\/Cleaning-Discs-in-Sight-Glass-3.jpg\" alt=\"\" data-id=\"11722\" data-full-url=\"http:\/\/www.mpechicago.com\/wp-content\/uploads\/2021\/09\/Cleaning-Discs-in-Sight-Glass-3.jpg\" data-link=\"http:\/\/www.mpechicago.com\/chain-vey\/clean-in-place\/tier-1-clean-in-place\/cleaning-discs-in-sight-glass-3\/\" class=\"wp-image-11722\" srcset=\"https:\/\/www.mpechicago.com\/wp-content\/uploads\/2021\/09\/Cleaning-Discs-in-Sight-Glass-3.jpg 1000w, https:\/\/www.mpechicago.com\/wp-content\/uploads\/2021\/09\/Cleaning-Discs-in-Sight-Glass-3-600x270.jpg 600w, https:\/\/www.mpechicago.com\/wp-content\/uploads\/2021\/09\/Cleaning-Discs-in-Sight-Glass-3-768x346.jpg 768w\" sizes=\"(max-width: 1000px) 100vw, 1000px\" \/><\/figure><\/li><\/ul><\/figure>\n\n\n\n<h3 class=\"has-text-align-left Pageblock-subtitle ticss-304e163f wp-block-heading\">Variety of Clean-Out Discs<\/h3>\n\n\n\n<hr class=\"wp-block-separator Pageblock-subtitleDecorationborder\"\/>\n\n\n\n<div style=\"height:20px\" aria-hidden=\"true\" class=\"wp-block-spacer\"><\/div>\n\n\n\n<p class=\"has-text-align-left\">Avec une vari\u00e9t\u00e9 de disques de nettoyage, chaque syst\u00e8me est construit avec le disque id\u00e9al qui assure un nettoyage complet du convoyeur.<\/p>\n\n\t<\/div>\n<\/div>\n\n\n\n<div class=\"col-12 col-md-4\">\n\t<div class=\"\">\n\t\t\n\n<figure class=\"wp-block-gallery aligncenter columns-1 is-cropped wp-block-gallery-6 is-layout-flex wp-block-gallery-is-layout-flex\"><ul class=\"blocks-gallery-grid\"><li class=\"blocks-gallery-item\"><figure><img loading=\"lazy\" decoding=\"async\" width=\"1000\" height=\"450\" src=\"http:\/\/www.mpechicago.com\/wp-content\/uploads\/2021\/03\/Turnaround-Cover-Comp.jpg\" alt=\"Convoyeur facile &#xE0; nettoyer\" data-id=\"10816\" data-full-url=\"http:\/\/www.mpechicago.com\/wp-content\/uploads\/2021\/03\/Turnaround-Cover-Comp.jpg\" data-link=\"http:\/\/www.mpechicago.com\/chain-vey\/layouts-and-designs\/sanitary-design\/turnaround-cover-comp\/\" class=\"wp-image-10816\" srcset=\"https:\/\/www.mpechicago.com\/wp-content\/uploads\/2021\/03\/Turnaround-Cover-Comp.jpg 1000w, https:\/\/www.mpechicago.com\/wp-content\/uploads\/2021\/03\/Turnaround-Cover-Comp-600x270.jpg 600w, https:\/\/www.mpechicago.com\/wp-content\/uploads\/2021\/03\/Turnaround-Cover-Comp-768x346.jpg 768w\" sizes=\"(max-width: 1000px) 100vw, 1000px\" \/><\/figure><\/li><\/ul><\/figure>\n\n\n\n<h3 class=\"has-text-align-left Pageblock-subtitle ticss-304e163f wp-block-heading\">Easy Access Doors<\/h3>\n\n\n\n<hr class=\"wp-block-separator Pageblock-subtitleDecorationborder\"\/>\n\n\n\n<div style=\"height:20px\" aria-hidden=\"true\" class=\"wp-block-spacer\"><\/div>\n\n\n\n<p class=\"has-text-align-left\">Les portes d\u2019acc\u00e8s faciles sur les demi-tours Chain-Vey ne n\u00e9cessitent aucun outil pour entrer. Cela fait gagner du temps aux professionnels de la maintenance. <\/p>\n\n\t<\/div>\n<\/div>\n\n\t<\/div>\n<\/div>\n\n<\/div>\n\n\t<\/div>\n<\/div>\n<p><!-- \/wp:post-content --><\/p>\n<p><!-- \/wp:wp-bootstrap-blocks\/container --><\/p>\n","protected":false},"excerpt":{"rendered":"","protected":false},"author":3,"featured_media":23150,"parent":26898,"menu_order":1,"comment_status":"closed","ping_status":"closed","template":"","meta":{"_acf_changed":false,"content-type":"","rs_blank_template":"","rs_page_bg_color":"","slide_template_v7":"","footnotes":""},"class_list":["post-26899","page","type-page","status-publish","has-post-thumbnail","hentry"],"acf":[],"yoast_head":"<!-- This site is optimized with the Yoast SEO plugin v27.6 - https:\/\/yoast.com\/product\/yoast-seo-wordpress\/ -->\n<title>Niveau 1 - Nettoyage en place - \u00c9quipement de traitement moderne<\/title>\n<meta name=\"description\" content=\"En savoir plus sur le syst\u00e8me de nettoyage en place de niveau 1 de Chain-Vey pour faciliter l\u2019entretien du convoyeur et la conception sanitaire. D\u00e9couvrez nos convoyeurs CIP.\" \/>\n<meta name=\"robots\" content=\"index, follow, max-snippet:-1, max-image-preview:large, max-video-preview:-1\" \/>\n<link rel=\"canonical\" href=\"https:\/\/www.mpechicago.com\/fr\/convoyeurs-tubulaires-a-trainee-chain-vey\/nettoyage-en-place\/niveau-1-nettoyage-en-place\/\" \/>\n<meta property=\"og:locale\" content=\"fr_FR\" \/>\n<meta property=\"og:type\" content=\"article\" \/>\n<meta property=\"og:title\" content=\"Niveau 1 - Nettoyage en place - \u00c9quipement de traitement moderne\" \/>\n<meta property=\"og:description\" content=\"En savoir plus sur le syst\u00e8me de nettoyage en place de niveau 1 de Chain-Vey pour faciliter l\u2019entretien du convoyeur et la conception sanitaire. D\u00e9couvrez nos convoyeurs CIP.\" \/>\n<meta property=\"og:url\" content=\"https:\/\/www.mpechicago.com\/fr\/convoyeurs-tubulaires-a-trainee-chain-vey\/nettoyage-en-place\/niveau-1-nettoyage-en-place\/\" \/>\n<meta property=\"og:site_name\" content=\"\u00c9quipement de traitement moderne\" \/>\n<meta property=\"article:modified_time\" content=\"2025-05-26T11:44:07+00:00\" \/>\n<meta property=\"og:image\" content=\"https:\/\/www.mpechicago.com\/wp-content\/uploads\/2021\/06\/Clean-In-Place-Header-4.jpg\" \/>\n\t<meta property=\"og:image:width\" content=\"2200\" \/>\n\t<meta property=\"og:image:height\" content=\"344\" \/>\n\t<meta property=\"og:image:type\" content=\"image\/jpeg\" \/>\n<meta name=\"twitter:card\" content=\"summary_large_image\" \/>\n<meta name=\"twitter:label1\" content=\"Dur\u00e9e de lecture estim\u00e9e\" \/>\n\t<meta name=\"twitter:data1\" content=\"2 minutes\" \/>\n<script type=\"application\/ld+json\" class=\"yoast-schema-graph\">{\"@context\":\"https:\\\/\\\/schema.org\",\"@graph\":[{\"@type\":\"WebPage\",\"@id\":\"https:\\\/\\\/www.mpechicago.com\\\/fr\\\/convoyeurs-tubulaires-a-trainee-chain-vey\\\/nettoyage-en-place\\\/niveau-1-nettoyage-en-place\\\/\",\"url\":\"https:\\\/\\\/www.mpechicago.com\\\/fr\\\/convoyeurs-tubulaires-a-trainee-chain-vey\\\/nettoyage-en-place\\\/niveau-1-nettoyage-en-place\\\/\",\"name\":\"Niveau 1 - Nettoyage en place - \u00c9quipement de traitement moderne\",\"isPartOf\":{\"@id\":\"https:\\\/\\\/www.mpechicago.com\\\/fr\\\/#website\"},\"primaryImageOfPage\":{\"@id\":\"https:\\\/\\\/www.mpechicago.com\\\/fr\\\/convoyeurs-tubulaires-a-trainee-chain-vey\\\/nettoyage-en-place\\\/niveau-1-nettoyage-en-place\\\/#primaryimage\"},\"image\":{\"@id\":\"https:\\\/\\\/www.mpechicago.com\\\/fr\\\/convoyeurs-tubulaires-a-trainee-chain-vey\\\/nettoyage-en-place\\\/niveau-1-nettoyage-en-place\\\/#primaryimage\"},\"thumbnailUrl\":\"https:\\\/\\\/www.mpechicago.com\\\/wp-content\\\/uploads\\\/2021\\\/06\\\/Clean-In-Place-Header-4.jpg\",\"datePublished\":\"2021-06-03T16:17:16+00:00\",\"dateModified\":\"2025-05-26T11:44:07+00:00\",\"description\":\"En savoir plus sur le syst\u00e8me de nettoyage en place de niveau 1 de Chain-Vey pour faciliter l\u2019entretien du convoyeur et la conception sanitaire. D\u00e9couvrez nos convoyeurs CIP.\",\"breadcrumb\":{\"@id\":\"https:\\\/\\\/www.mpechicago.com\\\/fr\\\/convoyeurs-tubulaires-a-trainee-chain-vey\\\/nettoyage-en-place\\\/niveau-1-nettoyage-en-place\\\/#breadcrumb\"},\"inLanguage\":\"fr-FR\",\"potentialAction\":[{\"@type\":\"ReadAction\",\"target\":[\"https:\\\/\\\/www.mpechicago.com\\\/fr\\\/convoyeurs-tubulaires-a-trainee-chain-vey\\\/nettoyage-en-place\\\/niveau-1-nettoyage-en-place\\\/\"]}]},{\"@type\":\"ImageObject\",\"inLanguage\":\"fr-FR\",\"@id\":\"https:\\\/\\\/www.mpechicago.com\\\/fr\\\/convoyeurs-tubulaires-a-trainee-chain-vey\\\/nettoyage-en-place\\\/niveau-1-nettoyage-en-place\\\/#primaryimage\",\"url\":\"https:\\\/\\\/www.mpechicago.com\\\/wp-content\\\/uploads\\\/2021\\\/06\\\/Clean-In-Place-Header-4.jpg\",\"contentUrl\":\"https:\\\/\\\/www.mpechicago.com\\\/wp-content\\\/uploads\\\/2021\\\/06\\\/Clean-In-Place-Header-4.jpg\",\"width\":2200,\"height\":344},{\"@type\":\"BreadcrumbList\",\"@id\":\"https:\\\/\\\/www.mpechicago.com\\\/fr\\\/convoyeurs-tubulaires-a-trainee-chain-vey\\\/nettoyage-en-place\\\/niveau-1-nettoyage-en-place\\\/#breadcrumb\",\"itemListElement\":[{\"@type\":\"ListItem\",\"position\":1,\"name\":\"Domicile\",\"item\":\"https:\\\/\\\/www.mpechicago.com\\\/fr\\\/\"},{\"@type\":\"ListItem\",\"position\":2,\"name\":\"Convoyeurs tubulaires \u00e0 cha\u00eene Chain-Vey\",\"item\":\"https:\\\/\\\/www.mpechicago.com\\\/fr\\\/convoyeurs-tubulaires-a-trainee-chain-vey\\\/\"},{\"@type\":\"ListItem\",\"position\":3,\"name\":\"Nettoyage en place\",\"item\":\"https:\\\/\\\/www.mpechicago.com\\\/fr\\\/convoyeurs-tubulaires-a-trainee-chain-vey\\\/nettoyage-en-place\\\/\"},{\"@type\":\"ListItem\",\"position\":4,\"name\":\"Niveau 1 &#8211; Nettoyage en place\"}]},{\"@type\":\"WebSite\",\"@id\":\"https:\\\/\\\/www.mpechicago.com\\\/fr\\\/#website\",\"url\":\"https:\\\/\\\/www.mpechicago.com\\\/fr\\\/\",\"name\":\"\u00c9quipement de traitement moderne\",\"description\":\"\",\"publisher\":{\"@id\":\"https:\\\/\\\/www.mpechicago.com\\\/fr\\\/#organization\"},\"potentialAction\":[{\"@type\":\"SearchAction\",\"target\":{\"@type\":\"EntryPoint\",\"urlTemplate\":\"https:\\\/\\\/www.mpechicago.com\\\/fr\\\/?s={search_term_string}\"},\"query-input\":{\"@type\":\"PropertyValueSpecification\",\"valueRequired\":true,\"valueName\":\"search_term_string\"}}],\"inLanguage\":\"fr-FR\"},{\"@type\":\"Organization\",\"@id\":\"https:\\\/\\\/www.mpechicago.com\\\/fr\\\/#organization\",\"name\":\"\u00c9quipement de traitement moderne\",\"url\":\"https:\\\/\\\/www.mpechicago.com\\\/fr\\\/\",\"logo\":{\"@type\":\"ImageObject\",\"inLanguage\":\"fr-FR\",\"@id\":\"https:\\\/\\\/www.mpechicago.com\\\/fr\\\/#\\\/schema\\\/logo\\\/image\\\/\",\"url\":\"https:\\\/\\\/www.mpechicago.com\\\/wp-content\\\/uploads\\\/2019\\\/12\\\/logo.png\",\"contentUrl\":\"https:\\\/\\\/www.mpechicago.com\\\/wp-content\\\/uploads\\\/2019\\\/12\\\/logo.png\",\"width\":200,\"height\":91,\"caption\":\"\u00c9quipement de traitement moderne\"},\"image\":{\"@id\":\"https:\\\/\\\/www.mpechicago.com\\\/fr\\\/#\\\/schema\\\/logo\\\/image\\\/\"}}]}<\/script>\n<!-- \/ Yoast SEO plugin. -->","yoast_head_json":{"title":"Niveau 1 - Nettoyage en place - \u00c9quipement de traitement moderne","description":"En savoir plus sur le syst\u00e8me de nettoyage en place de niveau 1 de Chain-Vey pour faciliter l\u2019entretien du convoyeur et la conception sanitaire. D\u00e9couvrez nos convoyeurs CIP.","robots":{"index":"index","follow":"follow","max-snippet":"max-snippet:-1","max-image-preview":"max-image-preview:large","max-video-preview":"max-video-preview:-1"},"canonical":"https:\/\/www.mpechicago.com\/fr\/convoyeurs-tubulaires-a-trainee-chain-vey\/nettoyage-en-place\/niveau-1-nettoyage-en-place\/","og_locale":"fr_FR","og_type":"article","og_title":"Niveau 1 - Nettoyage en place - \u00c9quipement de traitement moderne","og_description":"En savoir plus sur le syst\u00e8me de nettoyage en place de niveau 1 de Chain-Vey pour faciliter l\u2019entretien du convoyeur et la conception sanitaire. D\u00e9couvrez nos convoyeurs CIP.","og_url":"https:\/\/www.mpechicago.com\/fr\/convoyeurs-tubulaires-a-trainee-chain-vey\/nettoyage-en-place\/niveau-1-nettoyage-en-place\/","og_site_name":"\u00c9quipement de traitement moderne","article_modified_time":"2025-05-26T11:44:07+00:00","og_image":[{"width":2200,"height":344,"url":"https:\/\/www.mpechicago.com\/wp-content\/uploads\/2021\/06\/Clean-In-Place-Header-4.jpg","type":"image\/jpeg"}],"twitter_card":"summary_large_image","twitter_misc":{"Dur\u00e9e de lecture estim\u00e9e":"2 minutes"},"schema":{"@context":"https:\/\/schema.org","@graph":[{"@type":"WebPage","@id":"https:\/\/www.mpechicago.com\/fr\/convoyeurs-tubulaires-a-trainee-chain-vey\/nettoyage-en-place\/niveau-1-nettoyage-en-place\/","url":"https:\/\/www.mpechicago.com\/fr\/convoyeurs-tubulaires-a-trainee-chain-vey\/nettoyage-en-place\/niveau-1-nettoyage-en-place\/","name":"Niveau 1 - Nettoyage en place - \u00c9quipement de traitement moderne","isPartOf":{"@id":"https:\/\/www.mpechicago.com\/fr\/#website"},"primaryImageOfPage":{"@id":"https:\/\/www.mpechicago.com\/fr\/convoyeurs-tubulaires-a-trainee-chain-vey\/nettoyage-en-place\/niveau-1-nettoyage-en-place\/#primaryimage"},"image":{"@id":"https:\/\/www.mpechicago.com\/fr\/convoyeurs-tubulaires-a-trainee-chain-vey\/nettoyage-en-place\/niveau-1-nettoyage-en-place\/#primaryimage"},"thumbnailUrl":"https:\/\/www.mpechicago.com\/wp-content\/uploads\/2021\/06\/Clean-In-Place-Header-4.jpg","datePublished":"2021-06-03T16:17:16+00:00","dateModified":"2025-05-26T11:44:07+00:00","description":"En savoir plus sur le syst\u00e8me de nettoyage en place de niveau 1 de Chain-Vey pour faciliter l\u2019entretien du convoyeur et la conception sanitaire. D\u00e9couvrez nos convoyeurs CIP.","breadcrumb":{"@id":"https:\/\/www.mpechicago.com\/fr\/convoyeurs-tubulaires-a-trainee-chain-vey\/nettoyage-en-place\/niveau-1-nettoyage-en-place\/#breadcrumb"},"inLanguage":"fr-FR","potentialAction":[{"@type":"ReadAction","target":["https:\/\/www.mpechicago.com\/fr\/convoyeurs-tubulaires-a-trainee-chain-vey\/nettoyage-en-place\/niveau-1-nettoyage-en-place\/"]}]},{"@type":"ImageObject","inLanguage":"fr-FR","@id":"https:\/\/www.mpechicago.com\/fr\/convoyeurs-tubulaires-a-trainee-chain-vey\/nettoyage-en-place\/niveau-1-nettoyage-en-place\/#primaryimage","url":"https:\/\/www.mpechicago.com\/wp-content\/uploads\/2021\/06\/Clean-In-Place-Header-4.jpg","contentUrl":"https:\/\/www.mpechicago.com\/wp-content\/uploads\/2021\/06\/Clean-In-Place-Header-4.jpg","width":2200,"height":344},{"@type":"BreadcrumbList","@id":"https:\/\/www.mpechicago.com\/fr\/convoyeurs-tubulaires-a-trainee-chain-vey\/nettoyage-en-place\/niveau-1-nettoyage-en-place\/#breadcrumb","itemListElement":[{"@type":"ListItem","position":1,"name":"Domicile","item":"https:\/\/www.mpechicago.com\/fr\/"},{"@type":"ListItem","position":2,"name":"Convoyeurs tubulaires \u00e0 cha\u00eene Chain-Vey","item":"https:\/\/www.mpechicago.com\/fr\/convoyeurs-tubulaires-a-trainee-chain-vey\/"},{"@type":"ListItem","position":3,"name":"Nettoyage en place","item":"https:\/\/www.mpechicago.com\/fr\/convoyeurs-tubulaires-a-trainee-chain-vey\/nettoyage-en-place\/"},{"@type":"ListItem","position":4,"name":"Niveau 1 &#8211; Nettoyage en place"}]},{"@type":"WebSite","@id":"https:\/\/www.mpechicago.com\/fr\/#website","url":"https:\/\/www.mpechicago.com\/fr\/","name":"\u00c9quipement de traitement moderne","description":"","publisher":{"@id":"https:\/\/www.mpechicago.com\/fr\/#organization"},"potentialAction":[{"@type":"SearchAction","target":{"@type":"EntryPoint","urlTemplate":"https:\/\/www.mpechicago.com\/fr\/?s={search_term_string}"},"query-input":{"@type":"PropertyValueSpecification","valueRequired":true,"valueName":"search_term_string"}}],"inLanguage":"fr-FR"},{"@type":"Organization","@id":"https:\/\/www.mpechicago.com\/fr\/#organization","name":"\u00c9quipement de traitement moderne","url":"https:\/\/www.mpechicago.com\/fr\/","logo":{"@type":"ImageObject","inLanguage":"fr-FR","@id":"https:\/\/www.mpechicago.com\/fr\/#\/schema\/logo\/image\/","url":"https:\/\/www.mpechicago.com\/wp-content\/uploads\/2019\/12\/logo.png","contentUrl":"https:\/\/www.mpechicago.com\/wp-content\/uploads\/2019\/12\/logo.png","width":200,"height":91,"caption":"\u00c9quipement de traitement moderne"},"image":{"@id":"https:\/\/www.mpechicago.com\/fr\/#\/schema\/logo\/image\/"}}]}},"_links":{"self":[{"href":"https:\/\/www.mpechicago.com\/fr\/wp-json\/wp\/v2\/pages\/26899","targetHints":{"allow":["GET"]}}],"collection":[{"href":"https:\/\/www.mpechicago.com\/fr\/wp-json\/wp\/v2\/pages"}],"about":[{"href":"https:\/\/www.mpechicago.com\/fr\/wp-json\/wp\/v2\/types\/page"}],"author":[{"embeddable":true,"href":"https:\/\/www.mpechicago.com\/fr\/wp-json\/wp\/v2\/users\/3"}],"replies":[{"embeddable":true,"href":"https:\/\/www.mpechicago.com\/fr\/wp-json\/wp\/v2\/comments?post=26899"}],"version-history":[{"count":2,"href":"https:\/\/www.mpechicago.com\/fr\/wp-json\/wp\/v2\/pages\/26899\/revisions"}],"predecessor-version":[{"id":32501,"href":"https:\/\/www.mpechicago.com\/fr\/wp-json\/wp\/v2\/pages\/26899\/revisions\/32501"}],"up":[{"embeddable":true,"href":"https:\/\/www.mpechicago.com\/fr\/wp-json\/wp\/v2\/pages\/26898"}],"wp:featuredmedia":[{"embeddable":true,"href":"https:\/\/www.mpechicago.com\/fr\/wp-json\/wp\/v2\/media\/23150"}],"wp:attachment":[{"href":"https:\/\/www.mpechicago.com\/fr\/wp-json\/wp\/v2\/media?parent=26899"}],"curies":[{"name":"wp","href":"https:\/\/api.w.org\/{rel}","templated":true}]}}