{"id":26853,"date":"2020-05-13T01:06:03","date_gmt":"2020-05-13T06:06:03","guid":{"rendered":"https:\/\/www.mpechicago.com\/application-avant-vente\/"},"modified":"2025-05-27T05:12:35","modified_gmt":"2025-05-27T10:12:35","slug":"application-avant-vente","status":"publish","type":"page","link":"https:\/\/www.mpechicago.com\/fr\/application-avant-vente\/","title":{"rendered":"Formulaire de pr\u00e9-vente"},"content":{"rendered":"\n<h1 class=\"wp-block-heading page-title\">Pre-Sales Testing Request<\/h1>\n\n<p class=\"intro\">Afin de nous aider \u00e0 d\u00e9finir les exigences de laboratoire pour l\u2019\u00e9valuation, merci de nous fournir le plus d\u2019informations possible sur votre produit et son application. Une fois vos informations examin\u00e9es, l\u2019un de nos ing\u00e9nieurs d\u2019application vous contactera pour vous indiquer les modalit\u00e9s d\u2019envoi des \u00e9chantillons \u00e0 notre laboratoire d\u2019essais. N\u2019h\u00e9sitez pas \u00e0 nous appeler au <a href=\"tel:1773-232-4252\">+1 773.232.4252<\/a>.  <\/p>\n\n<script charset=\"utf-8\" type=\"text\/javascript\" src=\"\/\/js.hsforms.net\/forms\/embed\/v2.js\"><\/script><script>hbspt.forms.create({\n    region: \"na1\",\n    portalId: \"21660890\",\n    formId: \"a3173718-0879-40aa-abe5-8cf3428f3ba8\"\n  });\n<\/script>\n\n<div style=\"height:100px\" aria-hidden=\"true\" class=\"wp-block-spacer\"><\/div>\n","protected":false},"excerpt":{"rendered":"<p>Pre-Sales Testing Request Afin de nous aider \u00e0 d\u00e9finir les exigences de laboratoire pour l\u2019\u00e9valuation, merci de nous fournir le plus d\u2019informations possible sur votre produit et son application. Une fois vos informations examin\u00e9es, l\u2019un de nos ing\u00e9nieurs d\u2019application vous contactera pour vous indiquer les modalit\u00e9s d\u2019envoi des \u00e9chantillons \u00e0 notre laboratoire d\u2019essais. N\u2019h\u00e9sitez pas<\/p>\n","protected":false},"author":20,"featured_media":0,"parent":0,"menu_order":0,"comment_status":"closed","ping_status":"closed","template":"","meta":{"_acf_changed":false,"content-type":"","rs_blank_template":"","rs_page_bg_color":"","slide_template_v7":"","footnotes":""},"class_list":["post-26853","page","type-page","status-publish","hentry"],"acf":[],"yoast_head":"<!-- This site is optimized with the Yoast SEO plugin v27.5 - https:\/\/yoast.com\/product\/yoast-seo-wordpress\/ -->\n<title>Formulaire de pr\u00e9-vente - MPE Chicago : Soumettez vos besoins et obtenez une solution sur mesure<\/title>\n<meta name=\"description\" content=\"Formulaire de pr\u00e9-vente - MPE Chicago : D\u00e9crivez les exigences de votre application, nous concevons une solution sur mesure.\" \/>\n<meta name=\"robots\" content=\"index, follow, max-snippet:-1, max-image-preview:large, max-video-preview:-1\" \/>\n<link rel=\"canonical\" href=\"https:\/\/www.mpechicago.com\/fr\/application-avant-vente\/\" \/>\n<meta property=\"og:locale\" content=\"fr_FR\" \/>\n<meta property=\"og:type\" content=\"article\" \/>\n<meta property=\"og:title\" content=\"Formulaire de pr\u00e9-vente - MPE Chicago : Soumettez vos besoins et obtenez une solution sur mesure\" \/>\n<meta property=\"og:description\" content=\"Formulaire de pr\u00e9-vente - MPE Chicago : D\u00e9crivez les exigences de votre application, nous concevons une solution sur mesure.\" \/>\n<meta property=\"og:url\" content=\"https:\/\/www.mpechicago.com\/fr\/application-avant-vente\/\" \/>\n<meta property=\"og:site_name\" content=\"\u00c9quipement de traitement moderne\" \/>\n<meta property=\"article:modified_time\" content=\"2025-05-27T10:12:35+00:00\" \/>\n<meta name=\"twitter:card\" content=\"summary_large_image\" \/>\n<script type=\"application\/ld+json\" class=\"yoast-schema-graph\">{\"@context\":\"https:\\\/\\\/schema.org\",\"@graph\":[{\"@type\":\"WebPage\",\"@id\":\"https:\\\/\\\/www.mpechicago.com\\\/fr\\\/application-avant-vente\\\/\",\"url\":\"https:\\\/\\\/www.mpechicago.com\\\/fr\\\/application-avant-vente\\\/\",\"name\":\"Formulaire de pr\u00e9-vente - MPE Chicago : Soumettez vos besoins et obtenez une solution sur mesure\",\"isPartOf\":{\"@id\":\"https:\\\/\\\/www.mpechicago.com\\\/fr\\\/#website\"},\"datePublished\":\"2020-05-13T06:06:03+00:00\",\"dateModified\":\"2025-05-27T10:12:35+00:00\",\"description\":\"Formulaire de pr\u00e9-vente - MPE Chicago : D\u00e9crivez les exigences de votre application, nous concevons une solution sur mesure.\",\"breadcrumb\":{\"@id\":\"https:\\\/\\\/www.mpechicago.com\\\/fr\\\/application-avant-vente\\\/#breadcrumb\"},\"inLanguage\":\"fr-FR\",\"potentialAction\":[{\"@type\":\"ReadAction\",\"target\":[\"https:\\\/\\\/www.mpechicago.com\\\/fr\\\/application-avant-vente\\\/\"]}]},{\"@type\":\"BreadcrumbList\",\"@id\":\"https:\\\/\\\/www.mpechicago.com\\\/fr\\\/application-avant-vente\\\/#breadcrumb\",\"itemListElement\":[{\"@type\":\"ListItem\",\"position\":1,\"name\":\"Domicile\",\"item\":\"https:\\\/\\\/www.mpechicago.com\\\/fr\\\/\"},{\"@type\":\"ListItem\",\"position\":2,\"name\":\"Formulaire de pr\u00e9-vente\"}]},{\"@type\":\"WebSite\",\"@id\":\"https:\\\/\\\/www.mpechicago.com\\\/fr\\\/#website\",\"url\":\"https:\\\/\\\/www.mpechicago.com\\\/fr\\\/\",\"name\":\"\u00c9quipement de traitement moderne\",\"description\":\"\",\"publisher\":{\"@id\":\"https:\\\/\\\/www.mpechicago.com\\\/fr\\\/#organization\"},\"potentialAction\":[{\"@type\":\"SearchAction\",\"target\":{\"@type\":\"EntryPoint\",\"urlTemplate\":\"https:\\\/\\\/www.mpechicago.com\\\/fr\\\/?s={search_term_string}\"},\"query-input\":{\"@type\":\"PropertyValueSpecification\",\"valueRequired\":true,\"valueName\":\"search_term_string\"}}],\"inLanguage\":\"fr-FR\"},{\"@type\":\"Organization\",\"@id\":\"https:\\\/\\\/www.mpechicago.com\\\/fr\\\/#organization\",\"name\":\"\u00c9quipement de traitement moderne\",\"url\":\"https:\\\/\\\/www.mpechicago.com\\\/fr\\\/\",\"logo\":{\"@type\":\"ImageObject\",\"inLanguage\":\"fr-FR\",\"@id\":\"https:\\\/\\\/www.mpechicago.com\\\/fr\\\/#\\\/schema\\\/logo\\\/image\\\/\",\"url\":\"https:\\\/\\\/www.mpechicago.com\\\/wp-content\\\/uploads\\\/2019\\\/12\\\/logo.png\",\"contentUrl\":\"https:\\\/\\\/www.mpechicago.com\\\/wp-content\\\/uploads\\\/2019\\\/12\\\/logo.png\",\"width\":200,\"height\":91,\"caption\":\"\u00c9quipement de traitement moderne\"},\"image\":{\"@id\":\"https:\\\/\\\/www.mpechicago.com\\\/fr\\\/#\\\/schema\\\/logo\\\/image\\\/\"}}]}<\/script>\n<!-- \/ Yoast SEO plugin. -->","yoast_head_json":{"title":"Formulaire de pr\u00e9-vente - MPE Chicago : Soumettez vos besoins et obtenez une solution sur mesure","description":"Formulaire de pr\u00e9-vente - MPE Chicago : D\u00e9crivez les exigences de votre application, nous concevons une solution sur mesure.","robots":{"index":"index","follow":"follow","max-snippet":"max-snippet:-1","max-image-preview":"max-image-preview:large","max-video-preview":"max-video-preview:-1"},"canonical":"https:\/\/www.mpechicago.com\/fr\/application-avant-vente\/","og_locale":"fr_FR","og_type":"article","og_title":"Formulaire de pr\u00e9-vente - MPE Chicago : Soumettez vos besoins et obtenez une solution sur mesure","og_description":"Formulaire de pr\u00e9-vente - MPE Chicago : D\u00e9crivez les exigences de votre application, nous concevons une solution sur mesure.","og_url":"https:\/\/www.mpechicago.com\/fr\/application-avant-vente\/","og_site_name":"\u00c9quipement de traitement moderne","article_modified_time":"2025-05-27T10:12:35+00:00","twitter_card":"summary_large_image","schema":{"@context":"https:\/\/schema.org","@graph":[{"@type":"WebPage","@id":"https:\/\/www.mpechicago.com\/fr\/application-avant-vente\/","url":"https:\/\/www.mpechicago.com\/fr\/application-avant-vente\/","name":"Formulaire de pr\u00e9-vente - MPE Chicago : Soumettez vos besoins et obtenez une solution sur mesure","isPartOf":{"@id":"https:\/\/www.mpechicago.com\/fr\/#website"},"datePublished":"2020-05-13T06:06:03+00:00","dateModified":"2025-05-27T10:12:35+00:00","description":"Formulaire de pr\u00e9-vente - MPE Chicago : D\u00e9crivez les exigences de votre application, nous concevons une solution sur mesure.","breadcrumb":{"@id":"https:\/\/www.mpechicago.com\/fr\/application-avant-vente\/#breadcrumb"},"inLanguage":"fr-FR","potentialAction":[{"@type":"ReadAction","target":["https:\/\/www.mpechicago.com\/fr\/application-avant-vente\/"]}]},{"@type":"BreadcrumbList","@id":"https:\/\/www.mpechicago.com\/fr\/application-avant-vente\/#breadcrumb","itemListElement":[{"@type":"ListItem","position":1,"name":"Domicile","item":"https:\/\/www.mpechicago.com\/fr\/"},{"@type":"ListItem","position":2,"name":"Formulaire de pr\u00e9-vente"}]},{"@type":"WebSite","@id":"https:\/\/www.mpechicago.com\/fr\/#website","url":"https:\/\/www.mpechicago.com\/fr\/","name":"\u00c9quipement de traitement moderne","description":"","publisher":{"@id":"https:\/\/www.mpechicago.com\/fr\/#organization"},"potentialAction":[{"@type":"SearchAction","target":{"@type":"EntryPoint","urlTemplate":"https:\/\/www.mpechicago.com\/fr\/?s={search_term_string}"},"query-input":{"@type":"PropertyValueSpecification","valueRequired":true,"valueName":"search_term_string"}}],"inLanguage":"fr-FR"},{"@type":"Organization","@id":"https:\/\/www.mpechicago.com\/fr\/#organization","name":"\u00c9quipement de traitement moderne","url":"https:\/\/www.mpechicago.com\/fr\/","logo":{"@type":"ImageObject","inLanguage":"fr-FR","@id":"https:\/\/www.mpechicago.com\/fr\/#\/schema\/logo\/image\/","url":"https:\/\/www.mpechicago.com\/wp-content\/uploads\/2019\/12\/logo.png","contentUrl":"https:\/\/www.mpechicago.com\/wp-content\/uploads\/2019\/12\/logo.png","width":200,"height":91,"caption":"\u00c9quipement de traitement moderne"},"image":{"@id":"https:\/\/www.mpechicago.com\/fr\/#\/schema\/logo\/image\/"}}]}},"_links":{"self":[{"href":"https:\/\/www.mpechicago.com\/fr\/wp-json\/wp\/v2\/pages\/26853","targetHints":{"allow":["GET"]}}],"collection":[{"href":"https:\/\/www.mpechicago.com\/fr\/wp-json\/wp\/v2\/pages"}],"about":[{"href":"https:\/\/www.mpechicago.com\/fr\/wp-json\/wp\/v2\/types\/page"}],"author":[{"embeddable":true,"href":"https:\/\/www.mpechicago.com\/fr\/wp-json\/wp\/v2\/users\/20"}],"replies":[{"embeddable":true,"href":"https:\/\/www.mpechicago.com\/fr\/wp-json\/wp\/v2\/comments?post=26853"}],"version-history":[{"count":5,"href":"https:\/\/www.mpechicago.com\/fr\/wp-json\/wp\/v2\/pages\/26853\/revisions"}],"predecessor-version":[{"id":32573,"href":"https:\/\/www.mpechicago.com\/fr\/wp-json\/wp\/v2\/pages\/26853\/revisions\/32573"}],"wp:attachment":[{"href":"https:\/\/www.mpechicago.com\/fr\/wp-json\/wp\/v2\/media?parent=26853"}],"curies":[{"name":"wp","href":"https:\/\/api.w.org\/{rel}","templated":true}]}}