{"id":26790,"date":"2019-12-20T12:21:05","date_gmt":"2019-12-20T18:21:05","guid":{"rendered":"https:\/\/www.mpechicago.com\/broyeur-en-polysilicium\/"},"modified":"2025-05-27T05:11:51","modified_gmt":"2025-05-27T10:11:51","slug":"broyeur-en-polysilicium","status":"publish","type":"page","link":"https:\/\/www.mpechicago.com\/fr\/broyeur-en-polysilicium\/","title":{"rendered":"Broyeur en polysilicium"},"content":{"rendered":"<div class=\"wp-bootstrap-blocks-row mb-5\">\n\t<div class=\"row\">\n\t\t\n\n<div class=\"col-12 col-md-9 col-lg-9 col-xl-9 left-panel\">\n\t<div class=\"\">\n\t\t\n\n<h1 class=\"page-title pt-20 wp-block-heading\">Polysilicon Grinder               <\/h1>\n\n\n\n<p class=\"intro\">Le silicium de qualit\u00e9 m\u00e9tallurgique, le silicium de qualit\u00e9 \u00e9lectronique et le silicium de qualit\u00e9 solaire sont incroyablement importants pour les industries qu\u2019elles servent. L\u2019\u00e9quipement de broyage MPE peut g\u00e9rer le broyage de pr\u00e9cision de mati\u00e8res premi\u00e8res polycristallines pour les processus de recristallisation afin de fabriquer ces produits de haute puret\u00e9. <\/p>\n\n\n\n<p>Le broyage de mati\u00e8res premi\u00e8res polycristallines en particules plus uniformes augmente les rendements de production et r\u00e9duit les co\u00fbts. Les MPE Gran-U-Lizers\u2122 obtiennent une meilleure uniformit\u00e9 des particules que les broyeurs \u00e0 rouleaux et \u00e0 marteaux traditionnels, car les MPE Gran-U-Lizers ont des rouleaux ondul\u00e9s qui coupent et cisaillent les particules \u00e0 leur taille. MPE peut travailler avec vous pour construire la meuleuse de silicium industrielle parfaite pour votre entreprise.  <\/p>\n\n\n\n<figure class=\"wp-block-image size-large\"><img fetchpriority=\"high\" decoding=\"async\" width=\"884\" height=\"546\" src=\"http:\/\/www.mpechicago.com\/wp-content\/uploads\/2019\/12\/canvas.png\" alt=\"\" class=\"wp-image-2980\" srcset=\"https:\/\/www.mpechicago.com\/wp-content\/uploads\/2019\/12\/canvas.png 884w, https:\/\/www.mpechicago.com\/wp-content\/uploads\/2019\/12\/canvas-600x371.png 600w, https:\/\/www.mpechicago.com\/wp-content\/uploads\/2019\/12\/canvas-768x474.png 768w\" sizes=\"(max-width: 884px) 100vw, 884px\" \/><\/figure>\n\n\t<\/div>\n<\/div>\n\n\n\n<div class=\"col-12 col-md-3 col-lg-3 col-xl-3 right-panel\">\n\t<div class=\"\">\n\t\t\n\n<h3 class=\"mb-3 wp-block-heading\">Have a sales engineer reach out to you. <\/h3>\n\n\n<div class=\"wp-bootstrap-blocks-button\">\n\t<a href=\"http:\/\/www.mpechicago.com\/fr\/contact-us\/\" class=\"btn mb-5 btn-primary\">\n\t\tContact Us\t<\/a>\n<\/div>\n\n\n\n<h3 class=\"mb-2 wp-block-heading\">What&rsquo;s the difference between Gran-U-Lizers\u2122 and other roller mills?<\/h3>\n\n\n\n<p>Les Gran-U-Lizers MPE sont \u00e9quip\u00e9s de\u2122 rouleaux de carton ondul\u00e9 qui coupent et transf\u00e8rent avec pr\u00e9cision le produit jusqu\u2019\u00e0 des tailles de particules sp\u00e9cifiques ; entre 4 et 325 mailles ou entre 4 760 et 50 microns. Alors que les broyeurs \u00e0 rouleaux traditionnels broient le produit en tailles moins uniformes avec plus de particules. <\/p>\n\n\n\n<figure class=\"wp-block-image wp-block-gallery columns-2 is-cropped\"><img decoding=\"async\" width=\"360\" height=\"250\" src=\"http:\/\/www.mpechicago.com\/wp-content\/uploads\/2019\/12\/22fad4f36b7b6a34efd40bfdb330e84147aa72d0.jpg\" alt=\"\" class=\"wp-image-3256\"\/><figcaption>MPE has built polycrystalline silicon Gran-U-Lizers for use in the photovoltaic industry, among many other users. <\/figcaption><\/figure>\n\n\t<\/div>\n<\/div>\n\n\t<\/div>\n<\/div>\n\n<div class=\"wp-block-melonpan-block-container mb-5 size-reduction-machines\"><div class=\"mbc-container mbc-padding_top-0 mbc-padding_bottom-0 mbc-padding_left-0 mbc-padding_right-0 mbc-padding_top_small_screen-20 mbc-padding_bottom_small_screen-20 mbc-padding_left_small_screen-20 mbc-padding_right_small_screen-20\"><div class=\"mbc-background mbc-has-image mbc-background_fixed-disabled mbc-shadow_width-0 mbc-border_width-0\" style=\"background-image:url(http:\/\/www.mpechicago.com\/wp-content\/uploads\/2019\/12\/Roll-collage-for-LPP-darker-1600x575_1-1024x368.jpg)\"><img decoding=\"async\" class=\"mbc-background-image\" sizes=\"100vw\" src=\"http:\/\/www.mpechicago.com\/wp-content\/uploads\/2019\/12\/Roll-collage-for-LPP-darker-1600x575_1-1024x368.jpg\" srcset=\"http:\/\/www.mpechicago.com\/wp-content\/uploads\/2019\/12\/Roll-collage-for-LPP-darker-1600x575_1-150x150.jpg 150w, http:\/\/www.mpechicago.com\/wp-content\/uploads\/2019\/12\/Roll-collage-for-LPP-darker-1600x575_1-1024x368.jpg 580w, http:\/\/www.mpechicago.com\/wp-content\/uploads\/2019\/12\/Roll-collage-for-LPP-darker-1600x575_1-600x216.jpg 600w, http:\/\/www.mpechicago.com\/wp-content\/uploads\/2019\/12\/Roll-collage-for-LPP-darker-1600x575_1.jpg 1836w\"\/><\/div><div class=\"mbc-content mbc-content_maxwidth-1200 mbc-content_align-full\"><div class=\"lazyblock-no-slug-ZD1lxg wp-block-lazyblock-no-slug\"><div class=\"Pageblock-container\">\n\n\n            <div class=\"Pageblock-75Col\">\n                <div class=\"Pageblock-75OuterWrapper\">\n\n                    <div class=\"Pageblock-75InnerWrapper\">\n            <h3 class=\"Pageblock-75Title\">Gran-U-Lizers pour silicium polycristallin<\/h3>\n            <hr class=\"Pageblock-subtitleDecoration\">\n            <p class=\"Pageblock-75Text\">  Broyeurs \u00e0 disque pour silicium polycristallin  <\/p>\n          <\/div>\n                    <div class=\"Pageblock-75LinkWrapper\">\n            <div class=\"Pageblock-75NubLeft\"><\/div>\n            <a class=\"Pageblock-75Link\" href=\"http:\/\/www.mpechicago.com\/fr\/size-reduction-machines\/fcm-grinders\/?ptype&amp;gtype=gran-u-lizers\">Voir tout Gran-U-Lizers<\/a>\n            <div class=\"Pageblock-75NubRight\"><\/div>\n          <\/div>\n        <\/div>      <\/div>\n\n            <div class=\"Pageblock-25Col\">\n\n        <div class=\"Pageblock-25ColTextWrapper\">\n          <h3 class=\"Pageblock-25Title\">Pour une r\u00e9duction de la taille des particules la plus pr\u00e9cise et des capacit\u00e9s les plus \u00e9lev\u00e9es.<\/h3>\n          <hr class=\"Pageblock-subtitleDecoration\">\n          <p class=\"Pageblock-25Text\"> La meilleure performance, m\u00eame \u00e0 petite \u00e9chelle. <\/p>\n        <\/div>\n\n        <a class=\"Pageblock-25Link\" href=\"http:\/\/www.mpechicago.com\/fr\/size-reduction-machines\/fcm-grinders\/?ptype&amp;gtype=disc-style\">\n          <div class=\"Pageblock-25LinkText\">Voir toutes les meuleuses \u00e0 disques<\/div>\n          <div class=\"Pageblock-25LinkDecoration\">\n            <hr>\n          <\/div>\n        <\/a>\n      <\/div>\n\n    <\/div><\/div><\/div><\/div><\/div>\n<div class=\"wp-bootstrap-blocks-row\">\n\t<div class=\"row no-gutters\">\n\t\t\n\n<div class=\"col-12 col-md-6\">\n\t<div class=\"\">\n\t\t\n\n<figure class=\"wp-block-image size-large\"><img decoding=\"async\" width=\"700\" height=\"500\" src=\"http:\/\/www.mpechicago.com\/wp-content\/uploads\/2019\/12\/Recipe-System-700x500-1.jpg\" alt=\"\" class=\"wp-image-2988\" srcset=\"https:\/\/www.mpechicago.com\/wp-content\/uploads\/2019\/12\/Recipe-System-700x500-1.jpg 700w, https:\/\/www.mpechicago.com\/wp-content\/uploads\/2019\/12\/Recipe-System-700x500-1-600x429.jpg 600w\" sizes=\"(max-width: 700px) 100vw, 700px\" \/><\/figure>\n\n\t<\/div>\n<\/div>\n\n\n\n<div class=\"col-12 col-md-6 Pageblock-textWrapper\">\n\t<div class=\"\">\n\t\t\n\n<h2 class=\"text-uppercase wp-block-heading\">INDUSTRIAL GRINDING TECHNOLOGY FOR SILICON<\/h2>\n\n\n\n<p>MPE est le leader incontest\u00e9 des \u00e9quipements de broyage du carbone, offrant les distributions granulom\u00e9triques les plus pr\u00e9cises aux capacit\u00e9s les plus \u00e9lev\u00e9es par rapport \u00e0 tout concurrent. Des facteurs tels que les rapports de vitesse de rouleau, les ondulations, la conception de l\u2019\u00e9tage de broyage, le type d\u2019acier et autres sont tous con\u00e7us \u00e0 la perfection, soutenus par 60+ ans d\u2019application et de savoir-faire en ing\u00e9nierie. <\/p>\n\n\n<div class=\"wp-bootstrap-blocks-button\">\n\t<a href=\"http:\/\/www.mpechicago.com\/fr\/fcm-grinder-technology\" class=\"btn btn-primary\">\n\t\tMORE ON GRAN-U-LIZER DESIGN\t<\/a>\n<\/div>\n\n\t<\/div>\n<\/div>\n\n\t<\/div>\n<\/div>\n","protected":false},"excerpt":{"rendered":"","protected":false},"author":20,"featured_media":20748,"parent":0,"menu_order":0,"comment_status":"closed","ping_status":"closed","template":"","meta":{"_acf_changed":false,"content-type":"","rs_blank_template":"","rs_page_bg_color":"","slide_template_v7":"","footnotes":""},"class_list":["post-26790","page","type-page","status-publish","has-post-thumbnail","hentry"],"acf":[],"yoast_head":"<!-- This site is optimized with the Yoast SEO plugin v27.5 - https:\/\/yoast.com\/product\/yoast-seo-wordpress\/ -->\n<title>Broyeur en polysilicium - \u00c9quipement de traitement moderne<\/title>\n<meta name=\"description\" content=\"Le silicium de qualit\u00e9 m\u00e9tallurgique, le silicium de qualit\u00e9 \u00e9lectronique et le silicium de qualit\u00e9 solaire sont incroyablement importants pour les industries qu\u2019elles servent. L\u2019\u00e9quipement de broyage MPE peut g\u00e9rer le broyage de pr\u00e9cision de mati\u00e8res premi\u00e8res polycristallines pour les processus de recristallisation afin de fabriquer ces produits de haute puret\u00e9.\" \/>\n<meta name=\"robots\" content=\"index, follow, max-snippet:-1, max-image-preview:large, max-video-preview:-1\" \/>\n<link rel=\"canonical\" href=\"https:\/\/www.mpechicago.com\/fr\/broyeur-en-polysilicium\/\" \/>\n<meta property=\"og:locale\" content=\"fr_FR\" \/>\n<meta property=\"og:type\" content=\"article\" \/>\n<meta property=\"og:title\" content=\"Broyeur en polysilicium - \u00c9quipement de traitement moderne\" \/>\n<meta property=\"og:description\" content=\"Le silicium de qualit\u00e9 m\u00e9tallurgique, le silicium de qualit\u00e9 \u00e9lectronique et le silicium de qualit\u00e9 solaire sont incroyablement importants pour les industries qu\u2019elles servent. L\u2019\u00e9quipement de broyage MPE peut g\u00e9rer le broyage de pr\u00e9cision de mati\u00e8res premi\u00e8res polycristallines pour les processus de recristallisation afin de fabriquer ces produits de haute puret\u00e9.\" \/>\n<meta property=\"og:url\" content=\"https:\/\/www.mpechicago.com\/fr\/broyeur-en-polysilicium\/\" \/>\n<meta property=\"og:site_name\" content=\"\u00c9quipement de traitement moderne\" \/>\n<meta property=\"article:modified_time\" content=\"2025-05-27T10:11:51+00:00\" \/>\n<meta property=\"og:image\" content=\"https:\/\/www.mpechicago.com\/wp-content\/uploads\/2019\/12\/FCM-HeaderLong-Tailsilicon.png\" \/>\n\t<meta property=\"og:image:width\" content=\"1600\" \/>\n\t<meta property=\"og:image:height\" content=\"250\" \/>\n\t<meta property=\"og:image:type\" content=\"image\/png\" \/>\n<meta name=\"twitter:card\" content=\"summary_large_image\" \/>\n<meta name=\"twitter:label1\" content=\"Dur\u00e9e de lecture estim\u00e9e\" \/>\n\t<meta name=\"twitter:data1\" content=\"1 minute\" \/>\n<script type=\"application\/ld+json\" class=\"yoast-schema-graph\">{\"@context\":\"https:\\\/\\\/schema.org\",\"@graph\":[{\"@type\":\"WebPage\",\"@id\":\"https:\\\/\\\/www.mpechicago.com\\\/fr\\\/broyeur-en-polysilicium\\\/\",\"url\":\"https:\\\/\\\/www.mpechicago.com\\\/fr\\\/broyeur-en-polysilicium\\\/\",\"name\":\"Broyeur en polysilicium - \u00c9quipement de traitement moderne\",\"isPartOf\":{\"@id\":\"https:\\\/\\\/www.mpechicago.com\\\/fr\\\/#website\"},\"primaryImageOfPage\":{\"@id\":\"https:\\\/\\\/www.mpechicago.com\\\/fr\\\/broyeur-en-polysilicium\\\/#primaryimage\"},\"image\":{\"@id\":\"https:\\\/\\\/www.mpechicago.com\\\/fr\\\/broyeur-en-polysilicium\\\/#primaryimage\"},\"thumbnailUrl\":\"https:\\\/\\\/www.mpechicago.com\\\/wp-content\\\/uploads\\\/2019\\\/12\\\/FCM-HeaderLong-Tailsilicon.png\",\"datePublished\":\"2019-12-20T18:21:05+00:00\",\"dateModified\":\"2025-05-27T10:11:51+00:00\",\"description\":\"Le silicium de qualit\u00e9 m\u00e9tallurgique, le silicium de qualit\u00e9 \u00e9lectronique et le silicium de qualit\u00e9 solaire sont incroyablement importants pour les industries qu\u2019elles servent. L\u2019\u00e9quipement de broyage MPE peut g\u00e9rer le broyage de pr\u00e9cision de mati\u00e8res premi\u00e8res polycristallines pour les processus de recristallisation afin de fabriquer ces produits de haute puret\u00e9.\",\"breadcrumb\":{\"@id\":\"https:\\\/\\\/www.mpechicago.com\\\/fr\\\/broyeur-en-polysilicium\\\/#breadcrumb\"},\"inLanguage\":\"fr-FR\",\"potentialAction\":[{\"@type\":\"ReadAction\",\"target\":[\"https:\\\/\\\/www.mpechicago.com\\\/fr\\\/broyeur-en-polysilicium\\\/\"]}]},{\"@type\":\"ImageObject\",\"inLanguage\":\"fr-FR\",\"@id\":\"https:\\\/\\\/www.mpechicago.com\\\/fr\\\/broyeur-en-polysilicium\\\/#primaryimage\",\"url\":\"https:\\\/\\\/www.mpechicago.com\\\/wp-content\\\/uploads\\\/2019\\\/12\\\/FCM-HeaderLong-Tailsilicon.png\",\"contentUrl\":\"https:\\\/\\\/www.mpechicago.com\\\/wp-content\\\/uploads\\\/2019\\\/12\\\/FCM-HeaderLong-Tailsilicon.png\",\"width\":1600,\"height\":250},{\"@type\":\"BreadcrumbList\",\"@id\":\"https:\\\/\\\/www.mpechicago.com\\\/fr\\\/broyeur-en-polysilicium\\\/#breadcrumb\",\"itemListElement\":[{\"@type\":\"ListItem\",\"position\":1,\"name\":\"Domicile\",\"item\":\"https:\\\/\\\/www.mpechicago.com\\\/fr\\\/\"},{\"@type\":\"ListItem\",\"position\":2,\"name\":\"Broyeur en polysilicium\"}]},{\"@type\":\"WebSite\",\"@id\":\"https:\\\/\\\/www.mpechicago.com\\\/fr\\\/#website\",\"url\":\"https:\\\/\\\/www.mpechicago.com\\\/fr\\\/\",\"name\":\"\u00c9quipement de traitement moderne\",\"description\":\"\",\"publisher\":{\"@id\":\"https:\\\/\\\/www.mpechicago.com\\\/fr\\\/#organization\"},\"potentialAction\":[{\"@type\":\"SearchAction\",\"target\":{\"@type\":\"EntryPoint\",\"urlTemplate\":\"https:\\\/\\\/www.mpechicago.com\\\/fr\\\/?s={search_term_string}\"},\"query-input\":{\"@type\":\"PropertyValueSpecification\",\"valueRequired\":true,\"valueName\":\"search_term_string\"}}],\"inLanguage\":\"fr-FR\"},{\"@type\":\"Organization\",\"@id\":\"https:\\\/\\\/www.mpechicago.com\\\/fr\\\/#organization\",\"name\":\"\u00c9quipement de traitement moderne\",\"url\":\"https:\\\/\\\/www.mpechicago.com\\\/fr\\\/\",\"logo\":{\"@type\":\"ImageObject\",\"inLanguage\":\"fr-FR\",\"@id\":\"https:\\\/\\\/www.mpechicago.com\\\/fr\\\/#\\\/schema\\\/logo\\\/image\\\/\",\"url\":\"https:\\\/\\\/www.mpechicago.com\\\/wp-content\\\/uploads\\\/2019\\\/12\\\/logo.png\",\"contentUrl\":\"https:\\\/\\\/www.mpechicago.com\\\/wp-content\\\/uploads\\\/2019\\\/12\\\/logo.png\",\"width\":200,\"height\":91,\"caption\":\"\u00c9quipement de traitement moderne\"},\"image\":{\"@id\":\"https:\\\/\\\/www.mpechicago.com\\\/fr\\\/#\\\/schema\\\/logo\\\/image\\\/\"}}]}<\/script>\n<!-- \/ Yoast SEO plugin. -->","yoast_head_json":{"title":"Broyeur en polysilicium - \u00c9quipement de traitement moderne","description":"Le silicium de qualit\u00e9 m\u00e9tallurgique, le silicium de qualit\u00e9 \u00e9lectronique et le silicium de qualit\u00e9 solaire sont incroyablement importants pour les industries qu\u2019elles servent. L\u2019\u00e9quipement de broyage MPE peut g\u00e9rer le broyage de pr\u00e9cision de mati\u00e8res premi\u00e8res polycristallines pour les processus de recristallisation afin de fabriquer ces produits de haute puret\u00e9.","robots":{"index":"index","follow":"follow","max-snippet":"max-snippet:-1","max-image-preview":"max-image-preview:large","max-video-preview":"max-video-preview:-1"},"canonical":"https:\/\/www.mpechicago.com\/fr\/broyeur-en-polysilicium\/","og_locale":"fr_FR","og_type":"article","og_title":"Broyeur en polysilicium - \u00c9quipement de traitement moderne","og_description":"Le silicium de qualit\u00e9 m\u00e9tallurgique, le silicium de qualit\u00e9 \u00e9lectronique et le silicium de qualit\u00e9 solaire sont incroyablement importants pour les industries qu\u2019elles servent. L\u2019\u00e9quipement de broyage MPE peut g\u00e9rer le broyage de pr\u00e9cision de mati\u00e8res premi\u00e8res polycristallines pour les processus de recristallisation afin de fabriquer ces produits de haute puret\u00e9.","og_url":"https:\/\/www.mpechicago.com\/fr\/broyeur-en-polysilicium\/","og_site_name":"\u00c9quipement de traitement moderne","article_modified_time":"2025-05-27T10:11:51+00:00","og_image":[{"width":1600,"height":250,"url":"https:\/\/www.mpechicago.com\/wp-content\/uploads\/2019\/12\/FCM-HeaderLong-Tailsilicon.png","type":"image\/png"}],"twitter_card":"summary_large_image","twitter_misc":{"Dur\u00e9e de lecture estim\u00e9e":"1 minute"},"schema":{"@context":"https:\/\/schema.org","@graph":[{"@type":"WebPage","@id":"https:\/\/www.mpechicago.com\/fr\/broyeur-en-polysilicium\/","url":"https:\/\/www.mpechicago.com\/fr\/broyeur-en-polysilicium\/","name":"Broyeur en polysilicium - \u00c9quipement de traitement moderne","isPartOf":{"@id":"https:\/\/www.mpechicago.com\/fr\/#website"},"primaryImageOfPage":{"@id":"https:\/\/www.mpechicago.com\/fr\/broyeur-en-polysilicium\/#primaryimage"},"image":{"@id":"https:\/\/www.mpechicago.com\/fr\/broyeur-en-polysilicium\/#primaryimage"},"thumbnailUrl":"https:\/\/www.mpechicago.com\/wp-content\/uploads\/2019\/12\/FCM-HeaderLong-Tailsilicon.png","datePublished":"2019-12-20T18:21:05+00:00","dateModified":"2025-05-27T10:11:51+00:00","description":"Le silicium de qualit\u00e9 m\u00e9tallurgique, le silicium de qualit\u00e9 \u00e9lectronique et le silicium de qualit\u00e9 solaire sont incroyablement importants pour les industries qu\u2019elles servent. L\u2019\u00e9quipement de broyage MPE peut g\u00e9rer le broyage de pr\u00e9cision de mati\u00e8res premi\u00e8res polycristallines pour les processus de recristallisation afin de fabriquer ces produits de haute puret\u00e9.","breadcrumb":{"@id":"https:\/\/www.mpechicago.com\/fr\/broyeur-en-polysilicium\/#breadcrumb"},"inLanguage":"fr-FR","potentialAction":[{"@type":"ReadAction","target":["https:\/\/www.mpechicago.com\/fr\/broyeur-en-polysilicium\/"]}]},{"@type":"ImageObject","inLanguage":"fr-FR","@id":"https:\/\/www.mpechicago.com\/fr\/broyeur-en-polysilicium\/#primaryimage","url":"https:\/\/www.mpechicago.com\/wp-content\/uploads\/2019\/12\/FCM-HeaderLong-Tailsilicon.png","contentUrl":"https:\/\/www.mpechicago.com\/wp-content\/uploads\/2019\/12\/FCM-HeaderLong-Tailsilicon.png","width":1600,"height":250},{"@type":"BreadcrumbList","@id":"https:\/\/www.mpechicago.com\/fr\/broyeur-en-polysilicium\/#breadcrumb","itemListElement":[{"@type":"ListItem","position":1,"name":"Domicile","item":"https:\/\/www.mpechicago.com\/fr\/"},{"@type":"ListItem","position":2,"name":"Broyeur en polysilicium"}]},{"@type":"WebSite","@id":"https:\/\/www.mpechicago.com\/fr\/#website","url":"https:\/\/www.mpechicago.com\/fr\/","name":"\u00c9quipement de traitement moderne","description":"","publisher":{"@id":"https:\/\/www.mpechicago.com\/fr\/#organization"},"potentialAction":[{"@type":"SearchAction","target":{"@type":"EntryPoint","urlTemplate":"https:\/\/www.mpechicago.com\/fr\/?s={search_term_string}"},"query-input":{"@type":"PropertyValueSpecification","valueRequired":true,"valueName":"search_term_string"}}],"inLanguage":"fr-FR"},{"@type":"Organization","@id":"https:\/\/www.mpechicago.com\/fr\/#organization","name":"\u00c9quipement de traitement moderne","url":"https:\/\/www.mpechicago.com\/fr\/","logo":{"@type":"ImageObject","inLanguage":"fr-FR","@id":"https:\/\/www.mpechicago.com\/fr\/#\/schema\/logo\/image\/","url":"https:\/\/www.mpechicago.com\/wp-content\/uploads\/2019\/12\/logo.png","contentUrl":"https:\/\/www.mpechicago.com\/wp-content\/uploads\/2019\/12\/logo.png","width":200,"height":91,"caption":"\u00c9quipement de traitement moderne"},"image":{"@id":"https:\/\/www.mpechicago.com\/fr\/#\/schema\/logo\/image\/"}}]}},"_links":{"self":[{"href":"https:\/\/www.mpechicago.com\/fr\/wp-json\/wp\/v2\/pages\/26790","targetHints":{"allow":["GET"]}}],"collection":[{"href":"https:\/\/www.mpechicago.com\/fr\/wp-json\/wp\/v2\/pages"}],"about":[{"href":"https:\/\/www.mpechicago.com\/fr\/wp-json\/wp\/v2\/types\/page"}],"author":[{"embeddable":true,"href":"https:\/\/www.mpechicago.com\/fr\/wp-json\/wp\/v2\/users\/20"}],"replies":[{"embeddable":true,"href":"https:\/\/www.mpechicago.com\/fr\/wp-json\/wp\/v2\/comments?post=26790"}],"version-history":[{"count":2,"href":"https:\/\/www.mpechicago.com\/fr\/wp-json\/wp\/v2\/pages\/26790\/revisions"}],"predecessor-version":[{"id":32571,"href":"https:\/\/www.mpechicago.com\/fr\/wp-json\/wp\/v2\/pages\/26790\/revisions\/32571"}],"wp:featuredmedia":[{"embeddable":true,"href":"https:\/\/www.mpechicago.com\/fr\/wp-json\/wp\/v2\/media\/20748"}],"wp:attachment":[{"href":"https:\/\/www.mpechicago.com\/fr\/wp-json\/wp\/v2\/media?parent=26790"}],"curies":[{"name":"wp","href":"https:\/\/api.w.org\/{rel}","templated":true}]}}