{"id":26748,"date":"2019-12-20T05:28:31","date_gmt":"2019-12-20T11:28:31","guid":{"rendered":"https:\/\/www.mpechicago.com\/convoyeur-damandes\/"},"modified":"2025-05-26T01:53:26","modified_gmt":"2025-05-26T06:53:26","slug":"convoyeur-damandes","status":"publish","type":"page","link":"https:\/\/www.mpechicago.com\/fr\/convoyeur-damandes\/","title":{"rendered":"Convoyeur d\u2019amandes"},"content":{"rendered":"<div class=\"wp-bootstrap-blocks-row\">\n\t<div class=\"row\">\n\t\t\n\n<div class=\"col-12 col-md-9 col-lg-9 col-xl-9\">\n\t<div class=\"\">\n\t\t\n\n<h1 class=\"page-title pt-20 wp-block-heading\">Almond Conveyor<\/h1>\n\n\n\n<p>Des amandes enti\u00e8res \u00e0 la farine d\u2019amande, les ing\u00e9nieurs de MPE ont travaill\u00e9 avec des produits \u00e0 base d\u2019amandes dont les densit\u00e9s en vrac varient de 22 \u00e0 68 lb\/<sup>pi3<\/sup>. Les transformateurs d\u2019amandes font confiance \u00e0 Chain-Vey tous les jours pour transporter leur produit de la consommation d\u2019amandes crues jusqu\u2019\u00e0 l\u2019\u00e9quipement de conditionnement des amandes. Comme pour toutes les applications de convoyage ou de conception de syst\u00e8mes de processus, MPE peut tester votre application pour d\u00e9velopper des solutions personnalis\u00e9es pour vous.   <\/p>\n\n\n\n<div class=\"wp-block-columns is-layout-flex wp-container-core-columns-is-layout-9d6595d7 wp-block-columns-is-layout-flex\">\n<div class=\"wp-block-column is-layout-flow wp-block-column-is-layout-flow\" style=\"flex-basis:66.66%\">\n<p class=\"has-text-align-center\">Densit\u00e9s en vrac d\u2019amandes<\/p>\n\n\n\n<table class=\"almond\" style=\"width: 100%;\" cellspacing=\"0\" cellpadding=\"0\">\n<thead>\n<tr>\n<th style=\"width: 59.1133%;\" scope=\"col\" data-sheets-value=\"{\">Produit<\/th>\n<th style=\"width: 19.7044%;\" scope=\"col\" data-sheets-value=\"{\">lb\/pi<sup>3<\/sup><\/th>\n<th style=\"width: 20.6897%;\" scope=\"col\" data-sheets-value=\"{\">g\/cm<sup>3<\/sup><\/th>\n<\/tr>\n<\/thead>\n<tbody>\n<tr>\n<td style=\"width: 59.1133%; text-align: left;\" data-sheets-value=\"{\">Farine d\u2019amande<\/td>\n<td style=\"width: 19.7044%; text-align: left;\" data-sheets-value=\"{\">68<\/td>\n<td style=\"width: 20.6897%;\" data-sheets-value=\"{\">1,09<\/td>\n<\/tr>\n<tr>\n<td style=\"width: 59.1133%;\" data-sheets-value=\"{\">Amandes<\/td>\n<td style=\"width: 19.7044%;\" data-sheets-value=\"{\">49<\/td>\n<td style=\"width: 20.6897%;\" data-sheets-value=\"{\">0,78<\/td>\n<\/tr>\n<tr>\n<td style=\"width: 59.1133%;\" data-sheets-value=\"{\">Amandes \u00e9mond\u00e9es<\/td>\n<td style=\"width: 19.7044%;\" data-sheets-value=\"{\">42<\/td>\n<td style=\"width: 20.6897%;\" data-sheets-value=\"{\">0,67<\/td>\n<\/tr>\n<tr>\n<td style=\"width: 59.1133%;\" data-sheets-value=\"{\">Amandes, \u00e9mond\u00e9es et tranch\u00e9es<\/td>\n<td style=\"width: 19.7044%;\" data-sheets-value=\"{\">27<\/td>\n<td style=\"width: 20.6897%;\" data-sheets-value=\"{\">0,44<\/td>\n<\/tr>\n<tr>\n<td style=\"width: 59.1133%;\" data-sheets-value=\"{\">Poudre d\u2019amandes<\/td>\n<td style=\"width: 19.7044%;\" data-sheets-value=\"{\">22<\/td>\n<td style=\"width: 20.6897%;\" data-sheets-value=\"{\">0,35<\/td>\n<\/tr>\n<tr>\n<td style=\"width: 59.1133%;\" data-sheets-value=\"{\">Amandes<\/td>\n effil\u00e9es<td style=\"width: 19.7044%;\" data-sheets-value=\"{\">50<\/td>\n<td style=\"width: 20.6897%;\" data-sheets-value=\"{\">0<\/td>\n<\/tr>\n<\/tbody>\n<\/table>\n<\/div>\n\n\n\n<div class=\"wp-block-column is-layout-flow wp-block-column-is-layout-flow\" style=\"flex-basis:33.33%\"><\/div>\n<\/div>\n\n\t<\/div>\n<\/div>\n\n\n\n<div class=\"col-12 col-md-3 col-lg-3 col-xl-3\">\n\t<div class=\"\">\n\t\t\n\n<h3 class=\"has-text-align-left Pageblock-subtitle pt-20 wp-block-heading\">Have a sales engineer reach out to you.<\/h3>\n\n\n<div class=\"wp-bootstrap-blocks-button\">\n\t<a href=\"http:\/\/www.mpechicago.com\/fr\/contact-us\" class=\"btn btn-primary\">\n\t\tContact Us\t<\/a>\n<\/div>\n\n\n\n<div style=\"height:40px\" aria-hidden=\"true\" class=\"wp-block-spacer\"><\/div>\n\n\n\n<figure class=\"wp-block-image size-large videoicon sm\"><a href=\"https:\/\/www.youtube.com\/watch?v=f2xlayUuvOE\"><img fetchpriority=\"high\" decoding=\"async\" width=\"360\" height=\"200\" src=\"http:\/\/www.mpechicago.com\/wp-content\/uploads\/2019\/12\/almonds-wallpaper-38818-39706-hd-wallpapers.jpg\" alt=\"\" class=\"wp-image-3042\"\/><\/a><figcaption>Chain-Vey conveying almonds<\/figcaption><\/figure>\n\n\t<\/div>\n<\/div>\n\n\t<\/div>\n<\/div>\n\n<div style=\"height:100px\" aria-hidden=\"true\" class=\"wp-block-spacer\"><\/div>\n<div class=\"wp-bootstrap-blocks-row\">\n\t<div class=\"row no-gutters\">\n\t\t\n\n<div class=\"col-12 col-md-6\">\n\t<div class=\"\">\n\t\t\n\n<figure class=\"wp-block-image size-large\"><img decoding=\"async\" width=\"700\" height=\"500\" src=\"http:\/\/www.mpechicago.com\/wp-content\/uploads\/2019\/12\/Z-System.jpg\" alt=\"\" class=\"wp-image-3049\" srcset=\"https:\/\/www.mpechicago.com\/wp-content\/uploads\/2019\/12\/Z-System.jpg 700w, https:\/\/www.mpechicago.com\/wp-content\/uploads\/2019\/12\/Z-System-600x429.jpg 600w\" sizes=\"(max-width: 700px) 100vw, 700px\" \/><\/figure>\n\n\t<\/div>\n<\/div>\n\n\n\n<div class=\"col-12 col-md-6 Pageblock-textWrapper  \">\n\t<div class=\"\">\n\t\t\n\n<h2 class=\"text-uppercase wp-block-heading\">Almond Conveyance<\/h2>\n\n\n\n<p>Des amandes enti\u00e8res \u00e0 la farine d\u2019amande, MPE a con\u00e7u Chain-Vey, le convoyeur id\u00e9al pour les transformateurs d\u2019amandes. Chain-Vey transporte vos amandes \u00e0 chaque \u00e9tape du processus \u2014 de la r\u00e9ception au blanchiment, au nettoyage, jusqu\u2019aux syst\u00e8mes de conditionnement. Ce syst\u00e8me tubulaire offre un transport \u00e9tanche \u00e0 la poussi\u00e8re, \u00e9quip\u00e9 d\u2019une cha\u00eene incassable et d\u2019une large gamme d\u2019options robustes parfaitement adapt\u00e9es \u00e0 vos besoins.  <\/p>\n\n\n<div class=\"wp-bootstrap-blocks-button\">\n\t<a href=\"http:\/\/www.mpechicago.com\/fr\/chain-vey\" class=\"btn text-uppercase btn-primary\">\n\t\tSee our Almond conveyors\t<\/a>\n<\/div>\n\n\n\n<p>  <\/p>\n\n\t<\/div>\n<\/div>\n\n\t<\/div>\n<\/div>\n<div class=\"wp-bootstrap-blocks-row\">\n\t<div class=\"row no-gutters\">\n\t\t\n\n<div class=\"col-12 col-md-6 order-lg-1\">\n\t<div class=\"\">\n\t\t\n\n<figure class=\"wp-block-image size-large mb-0\"><img decoding=\"async\" width=\"700\" height=\"500\" src=\"http:\/\/www.mpechicago.com\/wp-content\/uploads\/2019\/12\/0.jpg\" alt=\"\" class=\"wp-image-3060\" srcset=\"https:\/\/www.mpechicago.com\/wp-content\/uploads\/2019\/12\/0.jpg 700w, https:\/\/www.mpechicago.com\/wp-content\/uploads\/2019\/12\/0-600x429.jpg 600w\" sizes=\"(max-width: 700px) 100vw, 700px\" \/><\/figure>\n\n\t<\/div>\n<\/div>\n\n\n\n<div class=\"col-12 col-md-6 Pageblock-textWrapper alignment-right\">\n\t<div class=\"\">\n\t\t\n\n<h2 class=\"text-uppercase wp-block-heading\">High capacities at zero breakage<\/h2>\n\n\n\n<p>Chain-Vey s\u2019est impos\u00e9 comme l\u2019un des convoyeurs d\u2019amandes les plus pris\u00e9s gr\u00e2ce \u00e0 sa capacit\u00e9 quasi nulle de casse produit, sa facilit\u00e9 de nettoyage, sa fiabilit\u00e9 exemplaire et son fonctionnement silencieux et efficace.<\/p>\n\n\n<div class=\"wp-bootstrap-blocks-button\">\n\t<a href=\"http:\/\/www.mpechicago.com\/fr\/chain-vey\/layouts-and-designs#z_system\" class=\"btn text-uppercase btn-primary\">\n\t\tFind your conveyor design\t<\/a>\n<\/div>\n\n\n\n<p><\/p>\n\n\t<\/div>\n<\/div>\n\n\t<\/div>\n<\/div>\n<div class=\"lazyblock-heading-and-link-1z7HoL almond-conveyor alignfull text- wp-block-lazyblock-heading-and-link\">\n   <div class=\"paragraph-content\">\n      \n<h3 class=\"Pageblock-subtitle\">\n      &quot;We&rsquo;re getting near zero breakage.&quot;\n  <\/h3>\n<hr class=\"Pageblock-subtitleDecoration\">\n<p style=\"font-weight: 100;font-size: 26px;line-height: 1.38462;color:#9b9b9b; text-align: center;\"><strong> Sam Mirto, Ferris Coffee &amp; Nuts <\/strong><\/p> \n            <div class=\"field field--name-field-text field--type-text-long field-bundlefull-width-block field__item\"><p><a class=\"btn btn-primary btn-minwidth\" href=\"http:\/\/www.mpechicago.com\/fr\/contact-us\">Contact Us<\/a><\/p>\n<\/div>\n      \n    <\/div><\/div><div class=\"wp-bootstrap-blocks-row\">\n\t<div class=\"row no-gutters\">\n\t\t\n\n<div class=\"col-12 col-md-6\">\n\t<div class=\"\">\n\t\t\n\n<div class=\"wp-block-image\"><figure class=\"aligncenter size-large\"><img loading=\"lazy\" decoding=\"async\" width=\"700\" height=\"500\" src=\"http:\/\/www.mpechicago.com\/wp-content\/uploads\/2019\/12\/Salt-System.jpg\" alt=\"\" class=\"wp-image-3067\" srcset=\"https:\/\/www.mpechicago.com\/wp-content\/uploads\/2019\/12\/Salt-System.jpg 700w, https:\/\/www.mpechicago.com\/wp-content\/uploads\/2019\/12\/Salt-System-600x429.jpg 600w\" sizes=\"(max-width: 700px) 100vw, 700px\" \/><\/figure><\/div>\n\n\t<\/div>\n<\/div>\n\n\n\n<div class=\"col-12 col-md-6 Pageblock-textWrapper \">\n\t<div class=\"\">\n\t\t\n\n<h2 class=\"text-uppercase wp-block-heading\">Almond System Equipment and Designs<\/h2>\n\n\n\n<p>Parfois, les producteurs d\u2019amandes ont besoin de syst\u00e8mes uniques que seule MPE poss\u00e8de l\u2019expertise et le savoir-faire en conception pour r\u00e9aliser parfaitement d\u00e8s la premi\u00e8re fois. Qu\u2019il s\u2019agisse de d\u00e9chargement, de blanchiment, d\u2019emballage, de modernisation d\u2019\u00e9quipements ou de projets neufs, MPE est votre partenaire pour cr\u00e9er les meilleurs syst\u00e8mes de process sur mesure au monde. <\/p>\n\n\n<div class=\"wp-bootstrap-blocks-button\">\n\t<a href=\"http:\/\/www.mpechicago.com\/fr\/process-systems-integration\/\" class=\"btn text-uppercase btn-primary\">\n\t\tSee Process Design Capabilities\t<\/a>\n<\/div>\n\n\t<\/div>\n<\/div>\n\n\t<\/div>\n<\/div>\n<div class=\"wp-bootstrap-blocks-row\">\n\t<div class=\"row no-gutters\">\n\t\t\n\n<div class=\"col-12 col-md-6 order-lg-1\">\n\t<div class=\"\">\n\t\t\n\n<div class=\"wp-block-image mb-0\"><figure class=\"aligncenter size-large\"><img loading=\"lazy\" decoding=\"async\" width=\"700\" height=\"500\" src=\"http:\/\/www.mpechicago.com\/wp-content\/uploads\/2019\/12\/Cleaned-up-700x500-2.jpg\" alt=\"\" class=\"wp-image-3070\" srcset=\"https:\/\/www.mpechicago.com\/wp-content\/uploads\/2019\/12\/Cleaned-up-700x500-2.jpg 700w, https:\/\/www.mpechicago.com\/wp-content\/uploads\/2019\/12\/Cleaned-up-700x500-2-600x429.jpg 600w\" sizes=\"(max-width: 700px) 100vw, 700px\" \/><\/figure><\/div>\n\n\t<\/div>\n<\/div>\n\n\n\n<div class=\"col-12 col-md-6 Pageblock-textWrapper alignment-right\">\n\t<div class=\"\">\n\t\t\n\n<h2 class=\"text-uppercase wp-block-heading\">Product testing at MPE   <\/h2>\n\n\n\n<p>Envoyez-nous un \u00e9chantillon de votre produit et d\u00e9couvrez comment nos \u00e9quipements MPE assurent un transport efficace avec un minimum de casse. Profitez de r\u00e9sultats pr\u00e9cis issus de nos tests en laboratoire pour optimiser votre process ! <\/p>\n\n\n<div class=\"wp-bootstrap-blocks-button\">\n\t<a href=\"http:\/\/www.mpechicago.com\/fr\/about-modern-process-equipment-corporation\/testing-lab-mpe\/\" class=\"btn text-uppercase btn-primary\">\n\t\tMPE&#039;s testing capabilities\t<\/a>\n<\/div>\n\n\n\n<p><\/p>\n\n\t<\/div>\n<\/div>\n\n\t<\/div>\n<\/div>\n","protected":false},"excerpt":{"rendered":"","protected":false},"author":20,"featured_media":20603,"parent":0,"menu_order":0,"comment_status":"closed","ping_status":"closed","template":"","meta":{"_acf_changed":false,"content-type":"","rs_blank_template":"","rs_page_bg_color":"","slide_template_v7":"","footnotes":""},"class_list":["post-26748","page","type-page","status-publish","has-post-thumbnail","hentry"],"acf":[],"yoast_head":"<!-- This site is optimized with the Yoast SEO plugin v27.4 - https:\/\/yoast.com\/product\/yoast-seo-wordpress\/ -->\n<title>Convoyeur d\u2019amandes - \u00c9quipement de traitement moderne<\/title>\n<meta name=\"description\" content=\"Des amandes enti\u00e8res \u00e0 la farine d\u2019amande, les ing\u00e9nieurs de MPE ont travaill\u00e9 avec des produits \u00e0 base d\u2019amandes dont les densit\u00e9s en vrac varient de 22 \u00e0 68 lb\/pi3. Les transformateurs d\u2019amandes font confiance \u00e0 Chain-Vey tous les jours pour transporter leur produit de la consommation d\u2019amandes crues jusqu\u2019\u00e0 l\u2019\u00e9quipement de conditionnement des amandes. Comme pour toutes les applications de convoyage ou de conception de syst\u00e8mes de processus, MPE peut tester votre application pour d\u00e9velopper des solutions personnalis\u00e9es pour vous.\" \/>\n<meta name=\"robots\" content=\"index, follow, max-snippet:-1, max-image-preview:large, max-video-preview:-1\" \/>\n<link rel=\"canonical\" href=\"https:\/\/www.mpechicago.com\/fr\/convoyeur-damandes\/\" \/>\n<meta property=\"og:locale\" content=\"fr_FR\" \/>\n<meta property=\"og:type\" content=\"article\" \/>\n<meta property=\"og:title\" content=\"Convoyeur d\u2019amandes - \u00c9quipement de traitement moderne\" \/>\n<meta property=\"og:description\" content=\"Des amandes enti\u00e8res \u00e0 la farine d\u2019amande, les ing\u00e9nieurs de MPE ont travaill\u00e9 avec des produits \u00e0 base d\u2019amandes dont les densit\u00e9s en vrac varient de 22 \u00e0 68 lb\/pi3. Les transformateurs d\u2019amandes font confiance \u00e0 Chain-Vey tous les jours pour transporter leur produit de la consommation d\u2019amandes crues jusqu\u2019\u00e0 l\u2019\u00e9quipement de conditionnement des amandes. Comme pour toutes les applications de convoyage ou de conception de syst\u00e8mes de processus, MPE peut tester votre application pour d\u00e9velopper des solutions personnalis\u00e9es pour vous.\" \/>\n<meta property=\"og:url\" content=\"https:\/\/www.mpechicago.com\/fr\/convoyeur-damandes\/\" \/>\n<meta property=\"og:site_name\" content=\"\u00c9quipement de traitement moderne\" \/>\n<meta property=\"article:modified_time\" content=\"2025-05-26T06:53:26+00:00\" \/>\n<meta property=\"og:image\" content=\"https:\/\/www.mpechicago.com\/wp-content\/uploads\/2019\/12\/Almond-1600x250-1.jpg\" \/>\n\t<meta property=\"og:image:width\" content=\"1600\" \/>\n\t<meta property=\"og:image:height\" content=\"250\" \/>\n\t<meta property=\"og:image:type\" content=\"image\/jpeg\" \/>\n<meta name=\"twitter:card\" content=\"summary_large_image\" \/>\n<meta name=\"twitter:label1\" content=\"Dur\u00e9e de lecture estim\u00e9e\" \/>\n\t<meta name=\"twitter:data1\" content=\"2 minutes\" \/>\n<script type=\"application\/ld+json\" class=\"yoast-schema-graph\">{\"@context\":\"https:\\\/\\\/schema.org\",\"@graph\":[{\"@type\":\"WebPage\",\"@id\":\"https:\\\/\\\/www.mpechicago.com\\\/fr\\\/convoyeur-damandes\\\/\",\"url\":\"https:\\\/\\\/www.mpechicago.com\\\/fr\\\/convoyeur-damandes\\\/\",\"name\":\"Convoyeur d\u2019amandes - \u00c9quipement de traitement moderne\",\"isPartOf\":{\"@id\":\"https:\\\/\\\/www.mpechicago.com\\\/fr\\\/#website\"},\"primaryImageOfPage\":{\"@id\":\"https:\\\/\\\/www.mpechicago.com\\\/fr\\\/convoyeur-damandes\\\/#primaryimage\"},\"image\":{\"@id\":\"https:\\\/\\\/www.mpechicago.com\\\/fr\\\/convoyeur-damandes\\\/#primaryimage\"},\"thumbnailUrl\":\"https:\\\/\\\/www.mpechicago.com\\\/wp-content\\\/uploads\\\/2019\\\/12\\\/Almond-1600x250-1.jpg\",\"datePublished\":\"2019-12-20T11:28:31+00:00\",\"dateModified\":\"2025-05-26T06:53:26+00:00\",\"description\":\"Des amandes enti\u00e8res \u00e0 la farine d\u2019amande, les ing\u00e9nieurs de MPE ont travaill\u00e9 avec des produits \u00e0 base d\u2019amandes dont les densit\u00e9s en vrac varient de 22 \u00e0 68 lb\\\/pi3. Les transformateurs d\u2019amandes font confiance \u00e0 Chain-Vey tous les jours pour transporter leur produit de la consommation d\u2019amandes crues jusqu\u2019\u00e0 l\u2019\u00e9quipement de conditionnement des amandes. Comme pour toutes les applications de convoyage ou de conception de syst\u00e8mes de processus, MPE peut tester votre application pour d\u00e9velopper des solutions personnalis\u00e9es pour vous.\",\"breadcrumb\":{\"@id\":\"https:\\\/\\\/www.mpechicago.com\\\/fr\\\/convoyeur-damandes\\\/#breadcrumb\"},\"inLanguage\":\"fr-FR\",\"potentialAction\":[{\"@type\":\"ReadAction\",\"target\":[\"https:\\\/\\\/www.mpechicago.com\\\/fr\\\/convoyeur-damandes\\\/\"]}]},{\"@type\":\"ImageObject\",\"inLanguage\":\"fr-FR\",\"@id\":\"https:\\\/\\\/www.mpechicago.com\\\/fr\\\/convoyeur-damandes\\\/#primaryimage\",\"url\":\"https:\\\/\\\/www.mpechicago.com\\\/wp-content\\\/uploads\\\/2019\\\/12\\\/Almond-1600x250-1.jpg\",\"contentUrl\":\"https:\\\/\\\/www.mpechicago.com\\\/wp-content\\\/uploads\\\/2019\\\/12\\\/Almond-1600x250-1.jpg\",\"width\":1600,\"height\":250},{\"@type\":\"BreadcrumbList\",\"@id\":\"https:\\\/\\\/www.mpechicago.com\\\/fr\\\/convoyeur-damandes\\\/#breadcrumb\",\"itemListElement\":[{\"@type\":\"ListItem\",\"position\":1,\"name\":\"Domicile\",\"item\":\"https:\\\/\\\/www.mpechicago.com\\\/fr\\\/\"},{\"@type\":\"ListItem\",\"position\":2,\"name\":\"Convoyeur d\u2019amandes\"}]},{\"@type\":\"WebSite\",\"@id\":\"https:\\\/\\\/www.mpechicago.com\\\/fr\\\/#website\",\"url\":\"https:\\\/\\\/www.mpechicago.com\\\/fr\\\/\",\"name\":\"\u00c9quipement de traitement moderne\",\"description\":\"\",\"publisher\":{\"@id\":\"https:\\\/\\\/www.mpechicago.com\\\/fr\\\/#organization\"},\"potentialAction\":[{\"@type\":\"SearchAction\",\"target\":{\"@type\":\"EntryPoint\",\"urlTemplate\":\"https:\\\/\\\/www.mpechicago.com\\\/fr\\\/?s={search_term_string}\"},\"query-input\":{\"@type\":\"PropertyValueSpecification\",\"valueRequired\":true,\"valueName\":\"search_term_string\"}}],\"inLanguage\":\"fr-FR\"},{\"@type\":\"Organization\",\"@id\":\"https:\\\/\\\/www.mpechicago.com\\\/fr\\\/#organization\",\"name\":\"\u00c9quipement de traitement moderne\",\"url\":\"https:\\\/\\\/www.mpechicago.com\\\/fr\\\/\",\"logo\":{\"@type\":\"ImageObject\",\"inLanguage\":\"fr-FR\",\"@id\":\"https:\\\/\\\/www.mpechicago.com\\\/fr\\\/#\\\/schema\\\/logo\\\/image\\\/\",\"url\":\"https:\\\/\\\/www.mpechicago.com\\\/wp-content\\\/uploads\\\/2019\\\/12\\\/logo.png\",\"contentUrl\":\"https:\\\/\\\/www.mpechicago.com\\\/wp-content\\\/uploads\\\/2019\\\/12\\\/logo.png\",\"width\":200,\"height\":91,\"caption\":\"\u00c9quipement de traitement moderne\"},\"image\":{\"@id\":\"https:\\\/\\\/www.mpechicago.com\\\/fr\\\/#\\\/schema\\\/logo\\\/image\\\/\"}}]}<\/script>\n<!-- \/ Yoast SEO plugin. -->","yoast_head_json":{"title":"Convoyeur d\u2019amandes - \u00c9quipement de traitement moderne","description":"Des amandes enti\u00e8res \u00e0 la farine d\u2019amande, les ing\u00e9nieurs de MPE ont travaill\u00e9 avec des produits \u00e0 base d\u2019amandes dont les densit\u00e9s en vrac varient de 22 \u00e0 68 lb\/pi3. Les transformateurs d\u2019amandes font confiance \u00e0 Chain-Vey tous les jours pour transporter leur produit de la consommation d\u2019amandes crues jusqu\u2019\u00e0 l\u2019\u00e9quipement de conditionnement des amandes. Comme pour toutes les applications de convoyage ou de conception de syst\u00e8mes de processus, MPE peut tester votre application pour d\u00e9velopper des solutions personnalis\u00e9es pour vous.","robots":{"index":"index","follow":"follow","max-snippet":"max-snippet:-1","max-image-preview":"max-image-preview:large","max-video-preview":"max-video-preview:-1"},"canonical":"https:\/\/www.mpechicago.com\/fr\/convoyeur-damandes\/","og_locale":"fr_FR","og_type":"article","og_title":"Convoyeur d\u2019amandes - \u00c9quipement de traitement moderne","og_description":"Des amandes enti\u00e8res \u00e0 la farine d\u2019amande, les ing\u00e9nieurs de MPE ont travaill\u00e9 avec des produits \u00e0 base d\u2019amandes dont les densit\u00e9s en vrac varient de 22 \u00e0 68 lb\/pi3. Les transformateurs d\u2019amandes font confiance \u00e0 Chain-Vey tous les jours pour transporter leur produit de la consommation d\u2019amandes crues jusqu\u2019\u00e0 l\u2019\u00e9quipement de conditionnement des amandes. Comme pour toutes les applications de convoyage ou de conception de syst\u00e8mes de processus, MPE peut tester votre application pour d\u00e9velopper des solutions personnalis\u00e9es pour vous.","og_url":"https:\/\/www.mpechicago.com\/fr\/convoyeur-damandes\/","og_site_name":"\u00c9quipement de traitement moderne","article_modified_time":"2025-05-26T06:53:26+00:00","og_image":[{"width":1600,"height":250,"url":"https:\/\/www.mpechicago.com\/wp-content\/uploads\/2019\/12\/Almond-1600x250-1.jpg","type":"image\/jpeg"}],"twitter_card":"summary_large_image","twitter_misc":{"Dur\u00e9e de lecture estim\u00e9e":"2 minutes"},"schema":{"@context":"https:\/\/schema.org","@graph":[{"@type":"WebPage","@id":"https:\/\/www.mpechicago.com\/fr\/convoyeur-damandes\/","url":"https:\/\/www.mpechicago.com\/fr\/convoyeur-damandes\/","name":"Convoyeur d\u2019amandes - \u00c9quipement de traitement moderne","isPartOf":{"@id":"https:\/\/www.mpechicago.com\/fr\/#website"},"primaryImageOfPage":{"@id":"https:\/\/www.mpechicago.com\/fr\/convoyeur-damandes\/#primaryimage"},"image":{"@id":"https:\/\/www.mpechicago.com\/fr\/convoyeur-damandes\/#primaryimage"},"thumbnailUrl":"https:\/\/www.mpechicago.com\/wp-content\/uploads\/2019\/12\/Almond-1600x250-1.jpg","datePublished":"2019-12-20T11:28:31+00:00","dateModified":"2025-05-26T06:53:26+00:00","description":"Des amandes enti\u00e8res \u00e0 la farine d\u2019amande, les ing\u00e9nieurs de MPE ont travaill\u00e9 avec des produits \u00e0 base d\u2019amandes dont les densit\u00e9s en vrac varient de 22 \u00e0 68 lb\/pi3. Les transformateurs d\u2019amandes font confiance \u00e0 Chain-Vey tous les jours pour transporter leur produit de la consommation d\u2019amandes crues jusqu\u2019\u00e0 l\u2019\u00e9quipement de conditionnement des amandes. Comme pour toutes les applications de convoyage ou de conception de syst\u00e8mes de processus, MPE peut tester votre application pour d\u00e9velopper des solutions personnalis\u00e9es pour vous.","breadcrumb":{"@id":"https:\/\/www.mpechicago.com\/fr\/convoyeur-damandes\/#breadcrumb"},"inLanguage":"fr-FR","potentialAction":[{"@type":"ReadAction","target":["https:\/\/www.mpechicago.com\/fr\/convoyeur-damandes\/"]}]},{"@type":"ImageObject","inLanguage":"fr-FR","@id":"https:\/\/www.mpechicago.com\/fr\/convoyeur-damandes\/#primaryimage","url":"https:\/\/www.mpechicago.com\/wp-content\/uploads\/2019\/12\/Almond-1600x250-1.jpg","contentUrl":"https:\/\/www.mpechicago.com\/wp-content\/uploads\/2019\/12\/Almond-1600x250-1.jpg","width":1600,"height":250},{"@type":"BreadcrumbList","@id":"https:\/\/www.mpechicago.com\/fr\/convoyeur-damandes\/#breadcrumb","itemListElement":[{"@type":"ListItem","position":1,"name":"Domicile","item":"https:\/\/www.mpechicago.com\/fr\/"},{"@type":"ListItem","position":2,"name":"Convoyeur d\u2019amandes"}]},{"@type":"WebSite","@id":"https:\/\/www.mpechicago.com\/fr\/#website","url":"https:\/\/www.mpechicago.com\/fr\/","name":"\u00c9quipement de traitement moderne","description":"","publisher":{"@id":"https:\/\/www.mpechicago.com\/fr\/#organization"},"potentialAction":[{"@type":"SearchAction","target":{"@type":"EntryPoint","urlTemplate":"https:\/\/www.mpechicago.com\/fr\/?s={search_term_string}"},"query-input":{"@type":"PropertyValueSpecification","valueRequired":true,"valueName":"search_term_string"}}],"inLanguage":"fr-FR"},{"@type":"Organization","@id":"https:\/\/www.mpechicago.com\/fr\/#organization","name":"\u00c9quipement de traitement moderne","url":"https:\/\/www.mpechicago.com\/fr\/","logo":{"@type":"ImageObject","inLanguage":"fr-FR","@id":"https:\/\/www.mpechicago.com\/fr\/#\/schema\/logo\/image\/","url":"https:\/\/www.mpechicago.com\/wp-content\/uploads\/2019\/12\/logo.png","contentUrl":"https:\/\/www.mpechicago.com\/wp-content\/uploads\/2019\/12\/logo.png","width":200,"height":91,"caption":"\u00c9quipement de traitement moderne"},"image":{"@id":"https:\/\/www.mpechicago.com\/fr\/#\/schema\/logo\/image\/"}}]}},"_links":{"self":[{"href":"https:\/\/www.mpechicago.com\/fr\/wp-json\/wp\/v2\/pages\/26748","targetHints":{"allow":["GET"]}}],"collection":[{"href":"https:\/\/www.mpechicago.com\/fr\/wp-json\/wp\/v2\/pages"}],"about":[{"href":"https:\/\/www.mpechicago.com\/fr\/wp-json\/wp\/v2\/types\/page"}],"author":[{"embeddable":true,"href":"https:\/\/www.mpechicago.com\/fr\/wp-json\/wp\/v2\/users\/20"}],"replies":[{"embeddable":true,"href":"https:\/\/www.mpechicago.com\/fr\/wp-json\/wp\/v2\/comments?post=26748"}],"version-history":[{"count":4,"href":"https:\/\/www.mpechicago.com\/fr\/wp-json\/wp\/v2\/pages\/26748\/revisions"}],"predecessor-version":[{"id":32462,"href":"https:\/\/www.mpechicago.com\/fr\/wp-json\/wp\/v2\/pages\/26748\/revisions\/32462"}],"wp:featuredmedia":[{"embeddable":true,"href":"https:\/\/www.mpechicago.com\/fr\/wp-json\/wp\/v2\/media\/20603"}],"wp:attachment":[{"href":"https:\/\/www.mpechicago.com\/fr\/wp-json\/wp\/v2\/media?parent=26748"}],"curies":[{"name":"wp","href":"https:\/\/api.w.org\/{rel}","templated":true}]}}