{"id":26686,"date":"2019-12-16T06:40:27","date_gmt":"2019-12-16T12:40:27","guid":{"rendered":"https:\/\/www.mpechicago.com\/convoyeurs-tubulaires-a-trainee-chain-vey\/capacites\/convoyeur-tubulaire-de-3-ou-76-mm\/"},"modified":"2025-06-13T06:51:43","modified_gmt":"2025-06-13T11:51:43","slug":"convoyeur-tubulaire-de-3-ou-76-mm","status":"publish","type":"page","link":"https:\/\/www.mpechicago.com\/fr\/convoyeurs-tubulaires-a-trainee-chain-vey\/conceptions\/capacites\/convoyeur-tubulaire-de-3-ou-76-mm\/","title":{"rendered":"Convoyeur tubulaire de 3&Prime; ou 76 mm"},"content":{"rendered":"<div class=\"wp-bootstrap-blocks-row\">\n\t<div class=\"row\">\n\t\t\n\n<div class=\"col-12 col-md-2 col-lg-2 col-xl-2\">\n\t<div class=\"\">\n\t\t\n\n\n\t<\/div>\n<\/div>\n\n\n\n<div class=\"col-12 col-md-7 col-lg-7 col-xl-7 left-panel\">\n\t<div class=\"\">\n\t\t\n\n<h1 class=\"page-title pt-20 wp-block-heading\">3&Prime; or 76 mm Tube Chain Conveyor<\/h1>\n\n\n\n<p class=\"intro has-text-color\" style=\"color:#e9b516\">Jusqu\u2019\u00e0 175 pi<sup>3<\/sup>\/h ou 5 m<sup>3<\/sup>\/h<\/p>\n\n\n\n<p>\u00ab\u00a0Les convoyeurs \u00e0 cha\u00eene tubulaire de 3&Prime; ou 72 mm de diam\u00e8tre sont fabriqu\u00e9s avec des tubes en acier inoxydable de calibre 11 d\u2019un diam\u00e8tre int\u00e9rieur de 2,75 \u00bb ou 70 mm. Il s\u2019agit de syst\u00e8mes de grande taille pour le transport d\u2019orge malt\u00e9e, de graines et de miettes. Un seul convoyeur de 3\u00a0\u00bb de diam\u00e8tre peut transporter plus de 4 super sacs de produit en une heure. La r\u00e9sistance de Chain-Vey permet des courses tr\u00e8s longues, des verticales \u00e9lev\u00e9es et la possibilit\u00e9 de partir de charges compl\u00e8tes sans risque de rupture de la cha\u00eene. La nature douce des convoyeurs \u00e0 cha\u00eene tubulaire signifie que votre produit ne se brisera pas pendant le transport.  <\/p>\n\n\n\n<hr class=\"wp-block-separator\"\/>\n\n\n\n<h3 class=\"wp-block-heading\">Conveying rates <\/h3>\n\n\n\n<figure class=\"wp-block-image size-large\"><img fetchpriority=\"high\" decoding=\"async\" width=\"1024\" height=\"744\" src=\"http:\/\/www.mpechicago.com\/wp-content\/uploads\/2019\/12\/Drag-Conveyor-Capacities-Graph-8-1_3-1024x744.png\" alt=\"\" class=\"wp-image-1199\" srcset=\"https:\/\/www.mpechicago.com\/wp-content\/uploads\/2019\/12\/Drag-Conveyor-Capacities-Graph-8-1_3-1024x744.png 1024w, https:\/\/www.mpechicago.com\/wp-content\/uploads\/2019\/12\/Drag-Conveyor-Capacities-Graph-8-1_3-600x436.png 600w, https:\/\/www.mpechicago.com\/wp-content\/uploads\/2019\/12\/Drag-Conveyor-Capacities-Graph-8-1_3-768x558.png 768w, https:\/\/www.mpechicago.com\/wp-content\/uploads\/2019\/12\/Drag-Conveyor-Capacities-Graph-8-1_3-1536x1115.png 1536w, https:\/\/www.mpechicago.com\/wp-content\/uploads\/2019\/12\/Drag-Conveyor-Capacities-Graph-8-1_3-1200x871.png 1200w, https:\/\/www.mpechicago.com\/wp-content\/uploads\/2019\/12\/Drag-Conveyor-Capacities-Graph-8-1_3.png 1592w\" sizes=\"(max-width: 1024px) 100vw, 1024px\" \/><figcaption>3&Prime; through 8&Prime; diameter conveyors graphed with conveyor speed (%) on x-axis and total volume moved (ft3\/hr) on y-axis. All data is graphed at 80% pocket fill.<\/figcaption><\/figure>\n\n\t<\/div>\n<\/div>\n\n\n\n<div class=\"col-12 col-md-3 col-lg-3 col-xl-3 right-panel\">\n\t<div class=\"\">\n\t\t\n\n<h3 class=\"has-text-align-left Pageblock-subtitle pt-20 wp-block-heading\">Move 4+ super sacks in an hour with one tube chain conveyor <\/h3>\n\n\n\n<figure class=\"wp-block-image size-large\"><img decoding=\"async\" width=\"1000\" height=\"697\" src=\"http:\/\/www.mpechicago.com\/wp-content\/uploads\/2019\/12\/Drag-Conveyor-3-inch-capacity_0.png\" alt=\"\" class=\"wp-image-1307\" srcset=\"https:\/\/www.mpechicago.com\/wp-content\/uploads\/2019\/12\/Drag-Conveyor-3-inch-capacity_0.png 1000w, https:\/\/www.mpechicago.com\/wp-content\/uploads\/2019\/12\/Drag-Conveyor-3-inch-capacity_0-600x418.png 600w, https:\/\/www.mpechicago.com\/wp-content\/uploads\/2019\/12\/Drag-Conveyor-3-inch-capacity_0-768x535.png 768w\" sizes=\"(max-width: 1000px) 100vw, 1000px\" \/><\/figure>\n\n\n\n<p>Chaque super sac repr\u00e9sent\u00e9 mesure 40 pieds<sup>3<\/sup>, ce qui \u00e9quivaut \u00e0 1,13 m<sup>3<\/sup> \u2248.<\/p>\n\n\t<\/div>\n<\/div>\n\n\t<\/div>\n<\/div>\n","protected":false},"excerpt":{"rendered":"","protected":false},"author":20,"featured_media":18283,"parent":26522,"menu_order":0,"comment_status":"closed","ping_status":"closed","template":"","meta":{"_acf_changed":false,"content-type":"","rs_blank_template":"","rs_page_bg_color":"","slide_template_v7":"","footnotes":""},"class_list":["post-26686","page","type-page","status-publish","has-post-thumbnail","hentry"],"acf":[],"yoast_head":"<!-- This site is optimized with the Yoast SEO plugin v27.6 - https:\/\/yoast.com\/product\/yoast-seo-wordpress\/ -->\n<title>Convoyeur \u00e0 cha\u00eene tubulaire de 3&quot; ou 76 mm - \u00c9quipement de traitement moderne diam\u00e8tre<\/title>\n<meta name=\"description\" content=\"Le convoyeur \u00e0 cha\u00eene tubulaire de 3&quot; ou 76 mm de diam\u00e8tre se d\u00e9place jusqu\u2019\u00e0 175 pi3\/h ou 5 m3\/h en douceur, sans bris ni compromettre l\u2019int\u00e9grit\u00e9 du produit.\" \/>\n<meta name=\"robots\" content=\"index, follow, max-snippet:-1, max-image-preview:large, max-video-preview:-1\" \/>\n<link rel=\"canonical\" href=\"https:\/\/www.mpechicago.com\/fr\/convoyeurs-tubulaires-a-trainee-chain-vey\/conceptions\/capacites\/convoyeur-tubulaire-de-3-ou-76-mm\/\" \/>\n<meta property=\"og:locale\" content=\"fr_FR\" \/>\n<meta property=\"og:type\" content=\"article\" \/>\n<meta property=\"og:title\" content=\"Convoyeur \u00e0 cha\u00eene tubulaire de 3&quot; ou 76 mm - \u00c9quipement de traitement moderne diam\u00e8tre\" \/>\n<meta property=\"og:description\" content=\"Le convoyeur \u00e0 cha\u00eene tubulaire de 3&quot; ou 76 mm de diam\u00e8tre se d\u00e9place jusqu\u2019\u00e0 175 pi3\/h ou 5 m3\/h en douceur, sans bris ni compromettre l\u2019int\u00e9grit\u00e9 du produit.\" \/>\n<meta property=\"og:url\" content=\"https:\/\/www.mpechicago.com\/fr\/convoyeurs-tubulaires-a-trainee-chain-vey\/conceptions\/capacites\/convoyeur-tubulaire-de-3-ou-76-mm\/\" \/>\n<meta property=\"og:site_name\" content=\"\u00c9quipement de traitement moderne\" \/>\n<meta property=\"article:modified_time\" content=\"2025-06-13T11:51:43+00:00\" \/>\n<meta property=\"og:image\" content=\"https:\/\/www.mpechicago.com\/wp-content\/uploads\/2019\/12\/Tube-Chain-Conveyor-Header_2.jpg\" \/>\n\t<meta property=\"og:image:width\" content=\"1900\" \/>\n\t<meta property=\"og:image:height\" content=\"297\" \/>\n\t<meta property=\"og:image:type\" content=\"image\/jpeg\" \/>\n<meta name=\"twitter:card\" content=\"summary_large_image\" \/>\n<meta name=\"twitter:label1\" content=\"Dur\u00e9e de lecture estim\u00e9e\" \/>\n\t<meta name=\"twitter:data1\" content=\"1 minute\" \/>\n<script type=\"application\/ld+json\" class=\"yoast-schema-graph\">{\"@context\":\"https:\\\/\\\/schema.org\",\"@graph\":[{\"@type\":\"WebPage\",\"@id\":\"https:\\\/\\\/www.mpechicago.com\\\/fr\\\/convoyeurs-tubulaires-a-trainee-chain-vey\\\/conceptions\\\/capacites\\\/convoyeur-tubulaire-de-3-ou-76-mm\\\/\",\"url\":\"https:\\\/\\\/www.mpechicago.com\\\/fr\\\/convoyeurs-tubulaires-a-trainee-chain-vey\\\/conceptions\\\/capacites\\\/convoyeur-tubulaire-de-3-ou-76-mm\\\/\",\"name\":\"Convoyeur \u00e0 cha\u00eene tubulaire de 3\\\" ou 76 mm - \u00c9quipement de traitement moderne diam\u00e8tre\",\"isPartOf\":{\"@id\":\"https:\\\/\\\/www.mpechicago.com\\\/fr\\\/#website\"},\"primaryImageOfPage\":{\"@id\":\"https:\\\/\\\/www.mpechicago.com\\\/fr\\\/convoyeurs-tubulaires-a-trainee-chain-vey\\\/conceptions\\\/capacites\\\/convoyeur-tubulaire-de-3-ou-76-mm\\\/#primaryimage\"},\"image\":{\"@id\":\"https:\\\/\\\/www.mpechicago.com\\\/fr\\\/convoyeurs-tubulaires-a-trainee-chain-vey\\\/conceptions\\\/capacites\\\/convoyeur-tubulaire-de-3-ou-76-mm\\\/#primaryimage\"},\"thumbnailUrl\":\"https:\\\/\\\/www.mpechicago.com\\\/wp-content\\\/uploads\\\/2019\\\/12\\\/Tube-Chain-Conveyor-Header_2.jpg\",\"datePublished\":\"2019-12-16T12:40:27+00:00\",\"dateModified\":\"2025-06-13T11:51:43+00:00\",\"description\":\"Le convoyeur \u00e0 cha\u00eene tubulaire de 3\\\" ou 76 mm de diam\u00e8tre se d\u00e9place jusqu\u2019\u00e0 175 pi3\\\/h ou 5 m3\\\/h en douceur, sans bris ni compromettre l\u2019int\u00e9grit\u00e9 du produit.\",\"breadcrumb\":{\"@id\":\"https:\\\/\\\/www.mpechicago.com\\\/fr\\\/convoyeurs-tubulaires-a-trainee-chain-vey\\\/conceptions\\\/capacites\\\/convoyeur-tubulaire-de-3-ou-76-mm\\\/#breadcrumb\"},\"inLanguage\":\"fr-FR\",\"potentialAction\":[{\"@type\":\"ReadAction\",\"target\":[\"https:\\\/\\\/www.mpechicago.com\\\/fr\\\/convoyeurs-tubulaires-a-trainee-chain-vey\\\/conceptions\\\/capacites\\\/convoyeur-tubulaire-de-3-ou-76-mm\\\/\"]}]},{\"@type\":\"ImageObject\",\"inLanguage\":\"fr-FR\",\"@id\":\"https:\\\/\\\/www.mpechicago.com\\\/fr\\\/convoyeurs-tubulaires-a-trainee-chain-vey\\\/conceptions\\\/capacites\\\/convoyeur-tubulaire-de-3-ou-76-mm\\\/#primaryimage\",\"url\":\"https:\\\/\\\/www.mpechicago.com\\\/wp-content\\\/uploads\\\/2019\\\/12\\\/Tube-Chain-Conveyor-Header_2.jpg\",\"contentUrl\":\"https:\\\/\\\/www.mpechicago.com\\\/wp-content\\\/uploads\\\/2019\\\/12\\\/Tube-Chain-Conveyor-Header_2.jpg\",\"width\":1900,\"height\":297},{\"@type\":\"BreadcrumbList\",\"@id\":\"https:\\\/\\\/www.mpechicago.com\\\/fr\\\/convoyeurs-tubulaires-a-trainee-chain-vey\\\/conceptions\\\/capacites\\\/convoyeur-tubulaire-de-3-ou-76-mm\\\/#breadcrumb\",\"itemListElement\":[{\"@type\":\"ListItem\",\"position\":1,\"name\":\"Domicile\",\"item\":\"https:\\\/\\\/www.mpechicago.com\\\/fr\\\/\"},{\"@type\":\"ListItem\",\"position\":2,\"name\":\"Convoyeurs tubulaires \u00e0 cha\u00eene Chain-Vey\",\"item\":\"https:\\\/\\\/www.mpechicago.com\\\/fr\\\/convoyeurs-tubulaires-a-trainee-chain-vey\\\/\"},{\"@type\":\"ListItem\",\"position\":3,\"name\":\"Capacit\u00e9s\",\"item\":\"https:\\\/\\\/www.mpechicago.com\\\/fr\\\/convoyeurs-tubulaires-a-trainee-chain-vey\\\/capacites\\\/\"},{\"@type\":\"ListItem\",\"position\":4,\"name\":\"Convoyeur tubulaire de 3&Prime; ou 76 mm\"}]},{\"@type\":\"WebSite\",\"@id\":\"https:\\\/\\\/www.mpechicago.com\\\/fr\\\/#website\",\"url\":\"https:\\\/\\\/www.mpechicago.com\\\/fr\\\/\",\"name\":\"\u00c9quipement de traitement moderne\",\"description\":\"\",\"publisher\":{\"@id\":\"https:\\\/\\\/www.mpechicago.com\\\/fr\\\/#organization\"},\"potentialAction\":[{\"@type\":\"SearchAction\",\"target\":{\"@type\":\"EntryPoint\",\"urlTemplate\":\"https:\\\/\\\/www.mpechicago.com\\\/fr\\\/?s={search_term_string}\"},\"query-input\":{\"@type\":\"PropertyValueSpecification\",\"valueRequired\":true,\"valueName\":\"search_term_string\"}}],\"inLanguage\":\"fr-FR\"},{\"@type\":\"Organization\",\"@id\":\"https:\\\/\\\/www.mpechicago.com\\\/fr\\\/#organization\",\"name\":\"\u00c9quipement de traitement moderne\",\"url\":\"https:\\\/\\\/www.mpechicago.com\\\/fr\\\/\",\"logo\":{\"@type\":\"ImageObject\",\"inLanguage\":\"fr-FR\",\"@id\":\"https:\\\/\\\/www.mpechicago.com\\\/fr\\\/#\\\/schema\\\/logo\\\/image\\\/\",\"url\":\"https:\\\/\\\/www.mpechicago.com\\\/wp-content\\\/uploads\\\/2019\\\/12\\\/logo.png\",\"contentUrl\":\"https:\\\/\\\/www.mpechicago.com\\\/wp-content\\\/uploads\\\/2019\\\/12\\\/logo.png\",\"width\":200,\"height\":91,\"caption\":\"\u00c9quipement de traitement moderne\"},\"image\":{\"@id\":\"https:\\\/\\\/www.mpechicago.com\\\/fr\\\/#\\\/schema\\\/logo\\\/image\\\/\"}}]}<\/script>\n<!-- \/ Yoast SEO plugin. -->","yoast_head_json":{"title":"Convoyeur \u00e0 cha\u00eene tubulaire de 3\" ou 76 mm - \u00c9quipement de traitement moderne diam\u00e8tre","description":"Le convoyeur \u00e0 cha\u00eene tubulaire de 3\" ou 76 mm de diam\u00e8tre se d\u00e9place jusqu\u2019\u00e0 175 pi3\/h ou 5 m3\/h en douceur, sans bris ni compromettre l\u2019int\u00e9grit\u00e9 du produit.","robots":{"index":"index","follow":"follow","max-snippet":"max-snippet:-1","max-image-preview":"max-image-preview:large","max-video-preview":"max-video-preview:-1"},"canonical":"https:\/\/www.mpechicago.com\/fr\/convoyeurs-tubulaires-a-trainee-chain-vey\/conceptions\/capacites\/convoyeur-tubulaire-de-3-ou-76-mm\/","og_locale":"fr_FR","og_type":"article","og_title":"Convoyeur \u00e0 cha\u00eene tubulaire de 3\" ou 76 mm - \u00c9quipement de traitement moderne diam\u00e8tre","og_description":"Le convoyeur \u00e0 cha\u00eene tubulaire de 3\" ou 76 mm de diam\u00e8tre se d\u00e9place jusqu\u2019\u00e0 175 pi3\/h ou 5 m3\/h en douceur, sans bris ni compromettre l\u2019int\u00e9grit\u00e9 du produit.","og_url":"https:\/\/www.mpechicago.com\/fr\/convoyeurs-tubulaires-a-trainee-chain-vey\/conceptions\/capacites\/convoyeur-tubulaire-de-3-ou-76-mm\/","og_site_name":"\u00c9quipement de traitement moderne","article_modified_time":"2025-06-13T11:51:43+00:00","og_image":[{"width":1900,"height":297,"url":"https:\/\/www.mpechicago.com\/wp-content\/uploads\/2019\/12\/Tube-Chain-Conveyor-Header_2.jpg","type":"image\/jpeg"}],"twitter_card":"summary_large_image","twitter_misc":{"Dur\u00e9e de lecture estim\u00e9e":"1 minute"},"schema":{"@context":"https:\/\/schema.org","@graph":[{"@type":"WebPage","@id":"https:\/\/www.mpechicago.com\/fr\/convoyeurs-tubulaires-a-trainee-chain-vey\/conceptions\/capacites\/convoyeur-tubulaire-de-3-ou-76-mm\/","url":"https:\/\/www.mpechicago.com\/fr\/convoyeurs-tubulaires-a-trainee-chain-vey\/conceptions\/capacites\/convoyeur-tubulaire-de-3-ou-76-mm\/","name":"Convoyeur \u00e0 cha\u00eene tubulaire de 3\" ou 76 mm - \u00c9quipement de traitement moderne diam\u00e8tre","isPartOf":{"@id":"https:\/\/www.mpechicago.com\/fr\/#website"},"primaryImageOfPage":{"@id":"https:\/\/www.mpechicago.com\/fr\/convoyeurs-tubulaires-a-trainee-chain-vey\/conceptions\/capacites\/convoyeur-tubulaire-de-3-ou-76-mm\/#primaryimage"},"image":{"@id":"https:\/\/www.mpechicago.com\/fr\/convoyeurs-tubulaires-a-trainee-chain-vey\/conceptions\/capacites\/convoyeur-tubulaire-de-3-ou-76-mm\/#primaryimage"},"thumbnailUrl":"https:\/\/www.mpechicago.com\/wp-content\/uploads\/2019\/12\/Tube-Chain-Conveyor-Header_2.jpg","datePublished":"2019-12-16T12:40:27+00:00","dateModified":"2025-06-13T11:51:43+00:00","description":"Le convoyeur \u00e0 cha\u00eene tubulaire de 3\" ou 76 mm de diam\u00e8tre se d\u00e9place jusqu\u2019\u00e0 175 pi3\/h ou 5 m3\/h en douceur, sans bris ni compromettre l\u2019int\u00e9grit\u00e9 du produit.","breadcrumb":{"@id":"https:\/\/www.mpechicago.com\/fr\/convoyeurs-tubulaires-a-trainee-chain-vey\/conceptions\/capacites\/convoyeur-tubulaire-de-3-ou-76-mm\/#breadcrumb"},"inLanguage":"fr-FR","potentialAction":[{"@type":"ReadAction","target":["https:\/\/www.mpechicago.com\/fr\/convoyeurs-tubulaires-a-trainee-chain-vey\/conceptions\/capacites\/convoyeur-tubulaire-de-3-ou-76-mm\/"]}]},{"@type":"ImageObject","inLanguage":"fr-FR","@id":"https:\/\/www.mpechicago.com\/fr\/convoyeurs-tubulaires-a-trainee-chain-vey\/conceptions\/capacites\/convoyeur-tubulaire-de-3-ou-76-mm\/#primaryimage","url":"https:\/\/www.mpechicago.com\/wp-content\/uploads\/2019\/12\/Tube-Chain-Conveyor-Header_2.jpg","contentUrl":"https:\/\/www.mpechicago.com\/wp-content\/uploads\/2019\/12\/Tube-Chain-Conveyor-Header_2.jpg","width":1900,"height":297},{"@type":"BreadcrumbList","@id":"https:\/\/www.mpechicago.com\/fr\/convoyeurs-tubulaires-a-trainee-chain-vey\/conceptions\/capacites\/convoyeur-tubulaire-de-3-ou-76-mm\/#breadcrumb","itemListElement":[{"@type":"ListItem","position":1,"name":"Domicile","item":"https:\/\/www.mpechicago.com\/fr\/"},{"@type":"ListItem","position":2,"name":"Convoyeurs tubulaires \u00e0 cha\u00eene Chain-Vey","item":"https:\/\/www.mpechicago.com\/fr\/convoyeurs-tubulaires-a-trainee-chain-vey\/"},{"@type":"ListItem","position":3,"name":"Capacit\u00e9s","item":"https:\/\/www.mpechicago.com\/fr\/convoyeurs-tubulaires-a-trainee-chain-vey\/capacites\/"},{"@type":"ListItem","position":4,"name":"Convoyeur tubulaire de 3&Prime; ou 76 mm"}]},{"@type":"WebSite","@id":"https:\/\/www.mpechicago.com\/fr\/#website","url":"https:\/\/www.mpechicago.com\/fr\/","name":"\u00c9quipement de traitement moderne","description":"","publisher":{"@id":"https:\/\/www.mpechicago.com\/fr\/#organization"},"potentialAction":[{"@type":"SearchAction","target":{"@type":"EntryPoint","urlTemplate":"https:\/\/www.mpechicago.com\/fr\/?s={search_term_string}"},"query-input":{"@type":"PropertyValueSpecification","valueRequired":true,"valueName":"search_term_string"}}],"inLanguage":"fr-FR"},{"@type":"Organization","@id":"https:\/\/www.mpechicago.com\/fr\/#organization","name":"\u00c9quipement de traitement moderne","url":"https:\/\/www.mpechicago.com\/fr\/","logo":{"@type":"ImageObject","inLanguage":"fr-FR","@id":"https:\/\/www.mpechicago.com\/fr\/#\/schema\/logo\/image\/","url":"https:\/\/www.mpechicago.com\/wp-content\/uploads\/2019\/12\/logo.png","contentUrl":"https:\/\/www.mpechicago.com\/wp-content\/uploads\/2019\/12\/logo.png","width":200,"height":91,"caption":"\u00c9quipement de traitement moderne"},"image":{"@id":"https:\/\/www.mpechicago.com\/fr\/#\/schema\/logo\/image\/"}}]}},"_links":{"self":[{"href":"https:\/\/www.mpechicago.com\/fr\/wp-json\/wp\/v2\/pages\/26686","targetHints":{"allow":["GET"]}}],"collection":[{"href":"https:\/\/www.mpechicago.com\/fr\/wp-json\/wp\/v2\/pages"}],"about":[{"href":"https:\/\/www.mpechicago.com\/fr\/wp-json\/wp\/v2\/types\/page"}],"author":[{"embeddable":true,"href":"https:\/\/www.mpechicago.com\/fr\/wp-json\/wp\/v2\/users\/20"}],"replies":[{"embeddable":true,"href":"https:\/\/www.mpechicago.com\/fr\/wp-json\/wp\/v2\/comments?post=26686"}],"version-history":[{"count":4,"href":"https:\/\/www.mpechicago.com\/fr\/wp-json\/wp\/v2\/pages\/26686\/revisions"}],"predecessor-version":[{"id":33575,"href":"https:\/\/www.mpechicago.com\/fr\/wp-json\/wp\/v2\/pages\/26686\/revisions\/33575"}],"up":[{"embeddable":true,"href":"https:\/\/www.mpechicago.com\/fr\/wp-json\/wp\/v2\/pages\/26522"}],"wp:featuredmedia":[{"embeddable":true,"href":"https:\/\/www.mpechicago.com\/fr\/wp-json\/wp\/v2\/media\/18283"}],"wp:attachment":[{"href":"https:\/\/www.mpechicago.com\/fr\/wp-json\/wp\/v2\/media?parent=26686"}],"curies":[{"name":"wp","href":"https:\/\/api.w.org\/{rel}","templated":true}]}}