{"id":26465,"date":"2024-03-27T12:44:12","date_gmt":"2024-03-27T17:44:12","guid":{"rendered":"https:\/\/www.mpechicago.com\/page-autres-options-si-chimique-agricole-alimentaire-epice-autre-lp\/"},"modified":"2025-05-27T05:09:53","modified_gmt":"2025-05-27T10:09:53","slug":"page-autres-options-si-chimique-agricole-alimentaire-epice-autre-lp","status":"publish","type":"page","link":"https:\/\/www.mpechicago.com\/fr\/page-autres-options-si-chimique-agricole-alimentaire-epice-autre-lp\/","title":{"rendered":"Page Autres options (si chimique, agricole, alimentaire\/\u00e9pice, autre : LP"},"content":{"rendered":"\n<style>body {background: #060606;}\n.footer, .headermn, #mega-menu-wrap-mainmenu {display: none;}\nbody > .wrapper > .Herotop {padding-top: 0;}\nbody > .wrapper {padding-top: 0;}\n.container {max-width: 100%; padding: 0;}\n.site-content-main {padding: 0;}\n\n\/* heading styles *\/\n#custom-page-heading {\n position: relative;\n z-index: 1;\n margin-top: 12%;\n padding: 40px;\n}\n#custom-page-heading h1 {\n font-size: 80px;\n margin-top: 10px;\n line-height: 80px;\n color: #fff;\n text-align: left;\n display: block;\n}\np {color: #fff; font-size: 22px;}\nh1 {font-size: 100px; color: #fff;}\nul li {font-size: 20px!important; color: #fff;}\n\n#headerarea {\n display: flex;\n margin-left: auto;\n margin-right: auto;\njustify-content: center;\n padding: 15px;\n}\n\n\/* 2 col sec styles *\/\n#two-col-sec {\n display: grid;\n grid-template-columns: 1fr 1fr;\n gap: 40px;\n background: url(\"http:\/\/www.mpechicago.com\/wp-content\/uploads\/2024\/03\/MPE_DarkbkgLPImg.webp\");\n background-size: cover;\n background-repeat: no-repeat;\npadding: 5% 8%;\nalign-items: center;\n}\n.three-col-grid {\n display: grid;\n grid-template-columns: 1fr 1fr 1fr;\n gap: 30px;\n}\n.learnmore-sec {\n background: #fff;\n padding: 8% 8%;\n}\n.learnmore-sec h2 {\n text-align: center;\nmargin-bottom: 4%;\n}\n.three-col-grid div{\n    padding: 5% 5%;\n    text-align: center;\n    font-weight: bold;\n}\n.three-col-grid div p {\n    margin: 0;\n    font-size: 20px;\n    border: solid 1px gray;\n    padding: 35px 15px;\n}\n\n@media (max-width: 1175px) {\n    #two-col-sec {grid-template-columns: 1fr;}\n    #custom-page-heading {margin-top: 0%;}\n}\n@media (max-width: 920px) {\n.three-col-grid {grid-template-columns: 1fr;}\nh1 {font-size: 70px;}\n}\n\n<\/style><div id=\"headerarea\"><img decoding=\"async\" src=\"http:\/\/www.mpechicago.com\/wp-content\/uploads\/2019\/12\/logo.png\"\/><\/div><div id=\"two-col-sec\"><div><h1>Explore Industrial Grinders<\/h1><p>MPE manufactures industrial size reduction equipment critical for the production of many food, chemical, and mineral (FCM) goods and products.<\/p><p>Our state-of-the-art Gran-U-Lizer\u2122 and Crack-U-Lator\u00ae equipment produce the most accurate particle size distributions that improve product yields and reduce unwanted fines. From cereal and peanuts to quartz and zinc, our grinding equipment can grind anything for commercial and industrial settings.<\/p><ul><li>Gran-U-Lizers accurately cut and sheer product down to specific particle sizes\u2014not crush<\/li><li>Crack-U-Lators produce narrow particle distributions with a controlled cracking process between longitudinal and\/or circumferential cuts on mating rolls<\/li><\/ul><\/div><div><img decoding=\"async\" src=\"http:\/\/www.mpechicago.com\/wp-content\/uploads\/2024\/03\/MPE_Img_collage_grinder2.webp\"\/><\/div><\/div><div class=\"learnmore-sec\"><div><h2>Learn More About the Gran-U-Lizer\u2122 and the Crack-U-Lator\u00ae Equipment<\/h2><\/div><div class=\"three-col-grid\"><a href=\"http:\/\/www.mpechicago.com\/fr\/saltworks-choisit-la-technologie-mpe-gran-u-lizer-pour-un-nettoyage-facile-et-un-minimum-de-particules-fines\/\" target=\"_blank\" rel=\"noopener\"><div style=\"background: url('http:\/\/www.mpechicago.com\/wp-content\/uploads\/2024\/03\/Saltworks_Img.webp'); background-size: cover; background-repeat: no-repeat\"><p>SaltWorks\u00ae chooses MPE Grinder for Accuracy<br\/><span style=\"text-decoration: underline;\">Read More >><\/span><\/p><\/div><\/a><a href=\"http:\/\/www.mpechicago.com\/fr\/histoire-de-cas-de-van-de-vries-spice-corp\/\" target=\"_blank\" rel=\"noopener\"><div style=\"background: url('http:\/\/www.mpechicago.com\/wp-content\/uploads\/2024\/03\/Vande_Img.webp'); background-size: cover; background-repeat: no-repeat\"><p>Van de Vies Spices Gets <br\/>Consistent-Tea<br\/><span style=\"text-decoration: underline;\">View Case Study >><\/span><\/p><\/div><\/a><a href=\"http:\/\/www.mpechicago.com\/fr\/broyage-du-silicium-de-haute-purete\/\" target=\"_blank\" rel=\"noopener\"><div style=\"background: url('http:\/\/www.mpechicago.com\/wp-content\/uploads\/2024\/03\/HighPurity_Img-1.webp'); background-size: cover; background-repeat: no-repeat\"><p>High Purity Silicon Grinding <br\/>Case Study <br\/><span style=\"text-decoration: underline;\">View Case Study >><\/span><\/p><\/div><\/a><\/div><\/div>\n","protected":false},"excerpt":{"rendered":"<p>Explore Industrial Grinders MPE manufactures industrial size reduction equipment critical for the production of many food, chemical, and mineral (FCM) goods and products. Our state-of-the-art Gran-U-Lizer\u2122 and Crack-U-Lator\u00ae equipment produce the most accurate particle size distributions that improve product yields and reduce unwanted fines. From cereal and peanuts to quartz and zinc, our grinding equipment<\/p>\n","protected":false},"author":25,"featured_media":0,"parent":0,"menu_order":0,"comment_status":"closed","ping_status":"closed","template":"","meta":{"_acf_changed":false,"content-type":"","rs_blank_template":"","rs_page_bg_color":"","slide_template_v7":"","footnotes":""},"class_list":["post-26465","page","type-page","status-publish","hentry"],"acf":[],"yoast_head":"<!-- This site is optimized with the Yoast SEO plugin v27.4 - https:\/\/yoast.com\/product\/yoast-seo-wordpress\/ -->\n<title>Options de broyeur de petite capacit\u00e9 - Modern Process Equipment<\/title>\n<meta name=\"description\" content=\"D\u00e9couvrez comment nous avons aid\u00e9 nos clients \u00e0 r\u00e9pondre \u00e0 leurs besoins en mati\u00e8re de meulage industriel et contactez-nous pour plus d\u2019informations.\" \/>\n<meta name=\"robots\" content=\"index, follow, max-snippet:-1, max-image-preview:large, max-video-preview:-1\" \/>\n<link rel=\"canonical\" href=\"https:\/\/www.mpechicago.com\/fr\/page-autres-options-si-chimique-agricole-alimentaire-epice-autre-lp\/\" \/>\n<meta property=\"og:locale\" content=\"fr_FR\" \/>\n<meta property=\"og:type\" content=\"article\" \/>\n<meta property=\"og:title\" content=\"Options de broyeur de petite capacit\u00e9 - Modern Process Equipment\" \/>\n<meta property=\"og:description\" content=\"D\u00e9couvrez comment nous avons aid\u00e9 nos clients \u00e0 r\u00e9pondre \u00e0 leurs besoins en mati\u00e8re de meulage industriel et contactez-nous pour plus d\u2019informations.\" \/>\n<meta property=\"og:url\" content=\"https:\/\/www.mpechicago.com\/fr\/page-autres-options-si-chimique-agricole-alimentaire-epice-autre-lp\/\" \/>\n<meta property=\"og:site_name\" content=\"\u00c9quipement de traitement moderne\" \/>\n<meta property=\"article:modified_time\" content=\"2025-05-27T10:09:53+00:00\" \/>\n<meta property=\"og:image\" content=\"http:\/\/www.mpechicago.com\/wp-content\/uploads\/2019\/12\/logo.png\" \/>\n<meta name=\"twitter:card\" content=\"summary_large_image\" \/>\n<meta name=\"twitter:label1\" content=\"Dur\u00e9e de lecture estim\u00e9e\" \/>\n\t<meta name=\"twitter:data1\" content=\"1 minute\" \/>\n<script type=\"application\/ld+json\" class=\"yoast-schema-graph\">{\"@context\":\"https:\\\/\\\/schema.org\",\"@graph\":[{\"@type\":\"WebPage\",\"@id\":\"https:\\\/\\\/www.mpechicago.com\\\/fr\\\/page-autres-options-si-chimique-agricole-alimentaire-epice-autre-lp\\\/\",\"url\":\"https:\\\/\\\/www.mpechicago.com\\\/fr\\\/page-autres-options-si-chimique-agricole-alimentaire-epice-autre-lp\\\/\",\"name\":\"Options de broyeur de petite capacit\u00e9 - Modern Process Equipment\",\"isPartOf\":{\"@id\":\"https:\\\/\\\/www.mpechicago.com\\\/fr\\\/#website\"},\"primaryImageOfPage\":{\"@id\":\"https:\\\/\\\/www.mpechicago.com\\\/fr\\\/page-autres-options-si-chimique-agricole-alimentaire-epice-autre-lp\\\/#primaryimage\"},\"image\":{\"@id\":\"https:\\\/\\\/www.mpechicago.com\\\/fr\\\/page-autres-options-si-chimique-agricole-alimentaire-epice-autre-lp\\\/#primaryimage\"},\"thumbnailUrl\":\"http:\\\/\\\/www.mpechicago.com\\\/wp-content\\\/uploads\\\/2019\\\/12\\\/logo.png\",\"datePublished\":\"2024-03-27T17:44:12+00:00\",\"dateModified\":\"2025-05-27T10:09:53+00:00\",\"description\":\"D\u00e9couvrez comment nous avons aid\u00e9 nos clients \u00e0 r\u00e9pondre \u00e0 leurs besoins en mati\u00e8re de meulage industriel et contactez-nous pour plus d\u2019informations.\",\"breadcrumb\":{\"@id\":\"https:\\\/\\\/www.mpechicago.com\\\/fr\\\/page-autres-options-si-chimique-agricole-alimentaire-epice-autre-lp\\\/#breadcrumb\"},\"inLanguage\":\"fr-FR\",\"potentialAction\":[{\"@type\":\"ReadAction\",\"target\":[\"https:\\\/\\\/www.mpechicago.com\\\/fr\\\/page-autres-options-si-chimique-agricole-alimentaire-epice-autre-lp\\\/\"]}]},{\"@type\":\"ImageObject\",\"inLanguage\":\"fr-FR\",\"@id\":\"https:\\\/\\\/www.mpechicago.com\\\/fr\\\/page-autres-options-si-chimique-agricole-alimentaire-epice-autre-lp\\\/#primaryimage\",\"url\":\"http:\\\/\\\/www.mpechicago.com\\\/wp-content\\\/uploads\\\/2019\\\/12\\\/logo.png\",\"contentUrl\":\"http:\\\/\\\/www.mpechicago.com\\\/wp-content\\\/uploads\\\/2019\\\/12\\\/logo.png\"},{\"@type\":\"BreadcrumbList\",\"@id\":\"https:\\\/\\\/www.mpechicago.com\\\/fr\\\/page-autres-options-si-chimique-agricole-alimentaire-epice-autre-lp\\\/#breadcrumb\",\"itemListElement\":[{\"@type\":\"ListItem\",\"position\":1,\"name\":\"Domicile\",\"item\":\"https:\\\/\\\/www.mpechicago.com\\\/fr\\\/\"},{\"@type\":\"ListItem\",\"position\":2,\"name\":\"Page Autres options (si chimique, agricole, alimentaire\\\/\u00e9pice, autre : LP\"}]},{\"@type\":\"WebSite\",\"@id\":\"https:\\\/\\\/www.mpechicago.com\\\/fr\\\/#website\",\"url\":\"https:\\\/\\\/www.mpechicago.com\\\/fr\\\/\",\"name\":\"\u00c9quipement de traitement moderne\",\"description\":\"\",\"publisher\":{\"@id\":\"https:\\\/\\\/www.mpechicago.com\\\/fr\\\/#organization\"},\"potentialAction\":[{\"@type\":\"SearchAction\",\"target\":{\"@type\":\"EntryPoint\",\"urlTemplate\":\"https:\\\/\\\/www.mpechicago.com\\\/fr\\\/?s={search_term_string}\"},\"query-input\":{\"@type\":\"PropertyValueSpecification\",\"valueRequired\":true,\"valueName\":\"search_term_string\"}}],\"inLanguage\":\"fr-FR\"},{\"@type\":\"Organization\",\"@id\":\"https:\\\/\\\/www.mpechicago.com\\\/fr\\\/#organization\",\"name\":\"\u00c9quipement de traitement moderne\",\"url\":\"https:\\\/\\\/www.mpechicago.com\\\/fr\\\/\",\"logo\":{\"@type\":\"ImageObject\",\"inLanguage\":\"fr-FR\",\"@id\":\"https:\\\/\\\/www.mpechicago.com\\\/fr\\\/#\\\/schema\\\/logo\\\/image\\\/\",\"url\":\"https:\\\/\\\/www.mpechicago.com\\\/wp-content\\\/uploads\\\/2019\\\/12\\\/logo.png\",\"contentUrl\":\"https:\\\/\\\/www.mpechicago.com\\\/wp-content\\\/uploads\\\/2019\\\/12\\\/logo.png\",\"width\":200,\"height\":91,\"caption\":\"\u00c9quipement de traitement moderne\"},\"image\":{\"@id\":\"https:\\\/\\\/www.mpechicago.com\\\/fr\\\/#\\\/schema\\\/logo\\\/image\\\/\"}}]}<\/script>\n<!-- \/ Yoast SEO plugin. -->","yoast_head_json":{"title":"Options de broyeur de petite capacit\u00e9 - Modern Process Equipment","description":"D\u00e9couvrez comment nous avons aid\u00e9 nos clients \u00e0 r\u00e9pondre \u00e0 leurs besoins en mati\u00e8re de meulage industriel et contactez-nous pour plus d\u2019informations.","robots":{"index":"index","follow":"follow","max-snippet":"max-snippet:-1","max-image-preview":"max-image-preview:large","max-video-preview":"max-video-preview:-1"},"canonical":"https:\/\/www.mpechicago.com\/fr\/page-autres-options-si-chimique-agricole-alimentaire-epice-autre-lp\/","og_locale":"fr_FR","og_type":"article","og_title":"Options de broyeur de petite capacit\u00e9 - Modern Process Equipment","og_description":"D\u00e9couvrez comment nous avons aid\u00e9 nos clients \u00e0 r\u00e9pondre \u00e0 leurs besoins en mati\u00e8re de meulage industriel et contactez-nous pour plus d\u2019informations.","og_url":"https:\/\/www.mpechicago.com\/fr\/page-autres-options-si-chimique-agricole-alimentaire-epice-autre-lp\/","og_site_name":"\u00c9quipement de traitement moderne","article_modified_time":"2025-05-27T10:09:53+00:00","og_image":[{"url":"http:\/\/www.mpechicago.com\/wp-content\/uploads\/2019\/12\/logo.png","type":"","width":"","height":""}],"twitter_card":"summary_large_image","twitter_misc":{"Dur\u00e9e de lecture estim\u00e9e":"1 minute"},"schema":{"@context":"https:\/\/schema.org","@graph":[{"@type":"WebPage","@id":"https:\/\/www.mpechicago.com\/fr\/page-autres-options-si-chimique-agricole-alimentaire-epice-autre-lp\/","url":"https:\/\/www.mpechicago.com\/fr\/page-autres-options-si-chimique-agricole-alimentaire-epice-autre-lp\/","name":"Options de broyeur de petite capacit\u00e9 - Modern Process Equipment","isPartOf":{"@id":"https:\/\/www.mpechicago.com\/fr\/#website"},"primaryImageOfPage":{"@id":"https:\/\/www.mpechicago.com\/fr\/page-autres-options-si-chimique-agricole-alimentaire-epice-autre-lp\/#primaryimage"},"image":{"@id":"https:\/\/www.mpechicago.com\/fr\/page-autres-options-si-chimique-agricole-alimentaire-epice-autre-lp\/#primaryimage"},"thumbnailUrl":"http:\/\/www.mpechicago.com\/wp-content\/uploads\/2019\/12\/logo.png","datePublished":"2024-03-27T17:44:12+00:00","dateModified":"2025-05-27T10:09:53+00:00","description":"D\u00e9couvrez comment nous avons aid\u00e9 nos clients \u00e0 r\u00e9pondre \u00e0 leurs besoins en mati\u00e8re de meulage industriel et contactez-nous pour plus d\u2019informations.","breadcrumb":{"@id":"https:\/\/www.mpechicago.com\/fr\/page-autres-options-si-chimique-agricole-alimentaire-epice-autre-lp\/#breadcrumb"},"inLanguage":"fr-FR","potentialAction":[{"@type":"ReadAction","target":["https:\/\/www.mpechicago.com\/fr\/page-autres-options-si-chimique-agricole-alimentaire-epice-autre-lp\/"]}]},{"@type":"ImageObject","inLanguage":"fr-FR","@id":"https:\/\/www.mpechicago.com\/fr\/page-autres-options-si-chimique-agricole-alimentaire-epice-autre-lp\/#primaryimage","url":"http:\/\/www.mpechicago.com\/wp-content\/uploads\/2019\/12\/logo.png","contentUrl":"http:\/\/www.mpechicago.com\/wp-content\/uploads\/2019\/12\/logo.png"},{"@type":"BreadcrumbList","@id":"https:\/\/www.mpechicago.com\/fr\/page-autres-options-si-chimique-agricole-alimentaire-epice-autre-lp\/#breadcrumb","itemListElement":[{"@type":"ListItem","position":1,"name":"Domicile","item":"https:\/\/www.mpechicago.com\/fr\/"},{"@type":"ListItem","position":2,"name":"Page Autres options (si chimique, agricole, alimentaire\/\u00e9pice, autre : LP"}]},{"@type":"WebSite","@id":"https:\/\/www.mpechicago.com\/fr\/#website","url":"https:\/\/www.mpechicago.com\/fr\/","name":"\u00c9quipement de traitement moderne","description":"","publisher":{"@id":"https:\/\/www.mpechicago.com\/fr\/#organization"},"potentialAction":[{"@type":"SearchAction","target":{"@type":"EntryPoint","urlTemplate":"https:\/\/www.mpechicago.com\/fr\/?s={search_term_string}"},"query-input":{"@type":"PropertyValueSpecification","valueRequired":true,"valueName":"search_term_string"}}],"inLanguage":"fr-FR"},{"@type":"Organization","@id":"https:\/\/www.mpechicago.com\/fr\/#organization","name":"\u00c9quipement de traitement moderne","url":"https:\/\/www.mpechicago.com\/fr\/","logo":{"@type":"ImageObject","inLanguage":"fr-FR","@id":"https:\/\/www.mpechicago.com\/fr\/#\/schema\/logo\/image\/","url":"https:\/\/www.mpechicago.com\/wp-content\/uploads\/2019\/12\/logo.png","contentUrl":"https:\/\/www.mpechicago.com\/wp-content\/uploads\/2019\/12\/logo.png","width":200,"height":91,"caption":"\u00c9quipement de traitement moderne"},"image":{"@id":"https:\/\/www.mpechicago.com\/fr\/#\/schema\/logo\/image\/"}}]}},"_links":{"self":[{"href":"https:\/\/www.mpechicago.com\/fr\/wp-json\/wp\/v2\/pages\/26465","targetHints":{"allow":["GET"]}}],"collection":[{"href":"https:\/\/www.mpechicago.com\/fr\/wp-json\/wp\/v2\/pages"}],"about":[{"href":"https:\/\/www.mpechicago.com\/fr\/wp-json\/wp\/v2\/types\/page"}],"author":[{"embeddable":true,"href":"https:\/\/www.mpechicago.com\/fr\/wp-json\/wp\/v2\/users\/25"}],"replies":[{"embeddable":true,"href":"https:\/\/www.mpechicago.com\/fr\/wp-json\/wp\/v2\/comments?post=26465"}],"version-history":[{"count":2,"href":"https:\/\/www.mpechicago.com\/fr\/wp-json\/wp\/v2\/pages\/26465\/revisions"}],"predecessor-version":[{"id":32569,"href":"https:\/\/www.mpechicago.com\/fr\/wp-json\/wp\/v2\/pages\/26465\/revisions\/32569"}],"wp:attachment":[{"href":"https:\/\/www.mpechicago.com\/fr\/wp-json\/wp\/v2\/media?parent=26465"}],"curies":[{"name":"wp","href":"https:\/\/api.w.org\/{rel}","templated":true}]}}