{"id":29087,"date":"2019-12-17T13:16:54","date_gmt":"2019-12-17T19:16:54","guid":{"rendered":"https:\/\/www.mpechicago.com\/product\/serie-imd-900-2\/"},"modified":"2025-05-12T00:11:57","modified_gmt":"2025-05-12T05:11:57","slug":"serie-imd-900-2","status":"publish","type":"product","link":"https:\/\/www.mpechicago.com\/es\/producto\/serie-imd-900-2\/","title":{"rendered":"Serie IMD 900"},"content":{"rendered":"<p>El granulador de la serie IMD 900 es el molinillo de caf\u00e9 m\u00e1s avanzado del mundo, que produce hasta 5.000 kg\/h de caf\u00e9 molido con las tolerancias m\u00e1s altas y las especificaciones m\u00e1s precisas. Un componente central del IMD 900 es el sistema de control PLC basado en recetas, que monitorea y controla todos los aspectos del tama\u00f1o de la molienda y el control de la densidad con retroalimentaci\u00f3n de rendimiento en tiempo real. Las caracter\u00edsticas modernas, como la refrigeraci\u00f3n por agua, el control de densidad en tiempo real y la molienda bimodal, hacen del IMD 900 el molinillo de caf\u00e9 industrial de alta capacidad m\u00e1s popular del mundo.    <\/p>\n","protected":false},"excerpt":{"rendered":"<p>GRANULADOR DE CAF\u00c9 MODELO IMD 900 * IMD 99 &#8211; DOS (2) SECCIONES DE MOLIENDA * IMD 999 &#8211; TRES (3) SECCIONES DE MOLIENDA<\/p>\n","protected":false},"featured_media":19226,"comment_status":"open","ping_status":"closed","template":"","meta":{"_acf_changed":false,"content-type":"","rs_blank_template":"","rs_page_bg_color":"","slide_template_v7":""},"product_brand":[],"product_cat":[287,288,185,187],"product_tag":[],"class_list":{"0":"post-29087","1":"product","2":"type-product","3":"status-publish","4":"has-post-thumbnail","6":"product_cat-espresso-es","7":"product_cat-filtro","8":"product_cat-industrial-es","9":"product_cat-vainas-y-capsulas","11":"first","12":"outofstock","13":"shipping-taxable","14":"product-type-variable"},"acf":[],"yoast_head":"<!-- This site is optimized with the Yoast SEO plugin v27.5 - https:\/\/yoast.com\/product\/yoast-seo-wordpress\/ -->\n<title>IMD 900 Series- Equipos de proceso modernos Molido de caf\u00e9 industrial<\/title>\n<meta name=\"description\" content=\"El modelo de granulador de caf\u00e9 de la serie IMD 900 puede alcanzar hasta 4.500 kg\/h de caf\u00e9 perfectamente molido. MPE es el l\u00edder mundial en equipos de molienda de caf\u00e9.\" \/>\n<meta name=\"robots\" content=\"index, follow, max-snippet:-1, max-image-preview:large, max-video-preview:-1\" \/>\n<link rel=\"canonical\" href=\"https:\/\/www.mpechicago.com\/es\/producto\/serie-imd-900-2\/\" \/>\n<meta property=\"og:locale\" content=\"es_ES\" \/>\n<meta property=\"og:type\" content=\"article\" \/>\n<meta property=\"og:title\" content=\"IMD 900 Series- Equipos de proceso modernos Molido de caf\u00e9 industrial\" \/>\n<meta property=\"og:description\" content=\"El modelo de granulador de caf\u00e9 de la serie IMD 900 puede alcanzar hasta 4.500 kg\/h de caf\u00e9 perfectamente molido. MPE es el l\u00edder mundial en equipos de molienda de caf\u00e9.\" \/>\n<meta property=\"og:url\" content=\"https:\/\/www.mpechicago.com\/es\/producto\/serie-imd-900-2\/\" \/>\n<meta property=\"og:site_name\" content=\"Equipos de proceso modernos\" \/>\n<meta property=\"article:modified_time\" content=\"2025-05-12T05:11:57+00:00\" \/>\n<meta property=\"og:image\" content=\"https:\/\/www.mpechicago.com\/wp-content\/uploads\/2019\/12\/MPE-IMD-900.png\" \/>\n\t<meta property=\"og:image:width\" content=\"600\" \/>\n\t<meta property=\"og:image:height\" content=\"600\" \/>\n\t<meta property=\"og:image:type\" content=\"image\/png\" \/>\n<meta name=\"twitter:card\" content=\"summary_large_image\" \/>\n<meta name=\"twitter:label1\" content=\"Tiempo de lectura\" \/>\n\t<meta name=\"twitter:data1\" content=\"1 minuto\" \/>\n<script type=\"application\/ld+json\" class=\"yoast-schema-graph\">{\"@context\":\"https:\\\/\\\/schema.org\",\"@graph\":[{\"@type\":\"WebPage\",\"@id\":\"https:\\\/\\\/www.mpechicago.com\\\/es\\\/producto\\\/serie-imd-900-2\\\/\",\"url\":\"https:\\\/\\\/www.mpechicago.com\\\/es\\\/producto\\\/serie-imd-900-2\\\/\",\"name\":\"IMD 900 Series- Equipos de proceso modernos Molido de caf\u00e9 industrial\",\"isPartOf\":{\"@id\":\"https:\\\/\\\/www.mpechicago.com\\\/es\\\/#website\"},\"primaryImageOfPage\":{\"@id\":\"https:\\\/\\\/www.mpechicago.com\\\/es\\\/producto\\\/serie-imd-900-2\\\/#primaryimage\"},\"image\":{\"@id\":\"https:\\\/\\\/www.mpechicago.com\\\/es\\\/producto\\\/serie-imd-900-2\\\/#primaryimage\"},\"thumbnailUrl\":\"https:\\\/\\\/www.mpechicago.com\\\/wp-content\\\/uploads\\\/2019\\\/12\\\/MPE-IMD-900.png\",\"datePublished\":\"2019-12-17T19:16:54+00:00\",\"dateModified\":\"2025-05-12T05:11:57+00:00\",\"description\":\"El modelo de granulador de caf\u00e9 de la serie IMD 900 puede alcanzar hasta 4.500 kg\\\/h de caf\u00e9 perfectamente molido. MPE es el l\u00edder mundial en equipos de molienda de caf\u00e9.\",\"breadcrumb\":{\"@id\":\"https:\\\/\\\/www.mpechicago.com\\\/es\\\/producto\\\/serie-imd-900-2\\\/#breadcrumb\"},\"inLanguage\":\"es\",\"potentialAction\":[{\"@type\":\"ReadAction\",\"target\":[\"https:\\\/\\\/www.mpechicago.com\\\/es\\\/producto\\\/serie-imd-900-2\\\/\"]}]},{\"@type\":\"ImageObject\",\"inLanguage\":\"es\",\"@id\":\"https:\\\/\\\/www.mpechicago.com\\\/es\\\/producto\\\/serie-imd-900-2\\\/#primaryimage\",\"url\":\"https:\\\/\\\/www.mpechicago.com\\\/wp-content\\\/uploads\\\/2019\\\/12\\\/MPE-IMD-900.png\",\"contentUrl\":\"https:\\\/\\\/www.mpechicago.com\\\/wp-content\\\/uploads\\\/2019\\\/12\\\/MPE-IMD-900.png\",\"width\":600,\"height\":600,\"caption\":\"MPE IMD 900\"},{\"@type\":\"BreadcrumbList\",\"@id\":\"https:\\\/\\\/www.mpechicago.com\\\/es\\\/producto\\\/serie-imd-900-2\\\/#breadcrumb\",\"itemListElement\":[{\"@type\":\"ListItem\",\"position\":1,\"name\":\"Hogar\",\"item\":\"https:\\\/\\\/www.mpechicago.com\\\/es\\\/\"},{\"@type\":\"ListItem\",\"position\":2,\"name\":\"Private: Shop\",\"item\":\"https:\\\/\\\/www.mpechicago.com\\\/?page_id=1006\"},{\"@type\":\"ListItem\",\"position\":3,\"name\":\"Serie IMD 900\"}]},{\"@type\":\"WebSite\",\"@id\":\"https:\\\/\\\/www.mpechicago.com\\\/es\\\/#website\",\"url\":\"https:\\\/\\\/www.mpechicago.com\\\/es\\\/\",\"name\":\"Equipos de proceso modernos\",\"description\":\"\",\"publisher\":{\"@id\":\"https:\\\/\\\/www.mpechicago.com\\\/es\\\/#organization\"},\"potentialAction\":[{\"@type\":\"SearchAction\",\"target\":{\"@type\":\"EntryPoint\",\"urlTemplate\":\"https:\\\/\\\/www.mpechicago.com\\\/es\\\/?s={search_term_string}\"},\"query-input\":{\"@type\":\"PropertyValueSpecification\",\"valueRequired\":true,\"valueName\":\"search_term_string\"}}],\"inLanguage\":\"es\"},{\"@type\":\"Organization\",\"@id\":\"https:\\\/\\\/www.mpechicago.com\\\/es\\\/#organization\",\"name\":\"Equipos de proceso modernos\",\"url\":\"https:\\\/\\\/www.mpechicago.com\\\/es\\\/\",\"logo\":{\"@type\":\"ImageObject\",\"inLanguage\":\"es\",\"@id\":\"https:\\\/\\\/www.mpechicago.com\\\/es\\\/#\\\/schema\\\/logo\\\/image\\\/\",\"url\":\"https:\\\/\\\/www.mpechicago.com\\\/wp-content\\\/uploads\\\/2019\\\/12\\\/logo.png\",\"contentUrl\":\"https:\\\/\\\/www.mpechicago.com\\\/wp-content\\\/uploads\\\/2019\\\/12\\\/logo.png\",\"width\":200,\"height\":91,\"caption\":\"Equipos de proceso modernos\"},\"image\":{\"@id\":\"https:\\\/\\\/www.mpechicago.com\\\/es\\\/#\\\/schema\\\/logo\\\/image\\\/\"}}]}<\/script>\n<!-- \/ Yoast SEO plugin. -->","yoast_head_json":{"title":"IMD 900 Series- Equipos de proceso modernos Molido de caf\u00e9 industrial","description":"El modelo de granulador de caf\u00e9 de la serie IMD 900 puede alcanzar hasta 4.500 kg\/h de caf\u00e9 perfectamente molido. MPE es el l\u00edder mundial en equipos de molienda de caf\u00e9.","robots":{"index":"index","follow":"follow","max-snippet":"max-snippet:-1","max-image-preview":"max-image-preview:large","max-video-preview":"max-video-preview:-1"},"canonical":"https:\/\/www.mpechicago.com\/es\/producto\/serie-imd-900-2\/","og_locale":"es_ES","og_type":"article","og_title":"IMD 900 Series- Equipos de proceso modernos Molido de caf\u00e9 industrial","og_description":"El modelo de granulador de caf\u00e9 de la serie IMD 900 puede alcanzar hasta 4.500 kg\/h de caf\u00e9 perfectamente molido. MPE es el l\u00edder mundial en equipos de molienda de caf\u00e9.","og_url":"https:\/\/www.mpechicago.com\/es\/producto\/serie-imd-900-2\/","og_site_name":"Equipos de proceso modernos","article_modified_time":"2025-05-12T05:11:57+00:00","og_image":[{"width":600,"height":600,"url":"https:\/\/www.mpechicago.com\/wp-content\/uploads\/2019\/12\/MPE-IMD-900.png","type":"image\/png"}],"twitter_card":"summary_large_image","twitter_misc":{"Tiempo de lectura":"1 minuto"},"schema":{"@context":"https:\/\/schema.org","@graph":[{"@type":"WebPage","@id":"https:\/\/www.mpechicago.com\/es\/producto\/serie-imd-900-2\/","url":"https:\/\/www.mpechicago.com\/es\/producto\/serie-imd-900-2\/","name":"IMD 900 Series- Equipos de proceso modernos Molido de caf\u00e9 industrial","isPartOf":{"@id":"https:\/\/www.mpechicago.com\/es\/#website"},"primaryImageOfPage":{"@id":"https:\/\/www.mpechicago.com\/es\/producto\/serie-imd-900-2\/#primaryimage"},"image":{"@id":"https:\/\/www.mpechicago.com\/es\/producto\/serie-imd-900-2\/#primaryimage"},"thumbnailUrl":"https:\/\/www.mpechicago.com\/wp-content\/uploads\/2019\/12\/MPE-IMD-900.png","datePublished":"2019-12-17T19:16:54+00:00","dateModified":"2025-05-12T05:11:57+00:00","description":"El modelo de granulador de caf\u00e9 de la serie IMD 900 puede alcanzar hasta 4.500 kg\/h de caf\u00e9 perfectamente molido. MPE es el l\u00edder mundial en equipos de molienda de caf\u00e9.","breadcrumb":{"@id":"https:\/\/www.mpechicago.com\/es\/producto\/serie-imd-900-2\/#breadcrumb"},"inLanguage":"es","potentialAction":[{"@type":"ReadAction","target":["https:\/\/www.mpechicago.com\/es\/producto\/serie-imd-900-2\/"]}]},{"@type":"ImageObject","inLanguage":"es","@id":"https:\/\/www.mpechicago.com\/es\/producto\/serie-imd-900-2\/#primaryimage","url":"https:\/\/www.mpechicago.com\/wp-content\/uploads\/2019\/12\/MPE-IMD-900.png","contentUrl":"https:\/\/www.mpechicago.com\/wp-content\/uploads\/2019\/12\/MPE-IMD-900.png","width":600,"height":600,"caption":"MPE IMD 900"},{"@type":"BreadcrumbList","@id":"https:\/\/www.mpechicago.com\/es\/producto\/serie-imd-900-2\/#breadcrumb","itemListElement":[{"@type":"ListItem","position":1,"name":"Hogar","item":"https:\/\/www.mpechicago.com\/es\/"},{"@type":"ListItem","position":2,"name":"Private: Shop","item":"https:\/\/www.mpechicago.com\/?page_id=1006"},{"@type":"ListItem","position":3,"name":"Serie IMD 900"}]},{"@type":"WebSite","@id":"https:\/\/www.mpechicago.com\/es\/#website","url":"https:\/\/www.mpechicago.com\/es\/","name":"Equipos de proceso modernos","description":"","publisher":{"@id":"https:\/\/www.mpechicago.com\/es\/#organization"},"potentialAction":[{"@type":"SearchAction","target":{"@type":"EntryPoint","urlTemplate":"https:\/\/www.mpechicago.com\/es\/?s={search_term_string}"},"query-input":{"@type":"PropertyValueSpecification","valueRequired":true,"valueName":"search_term_string"}}],"inLanguage":"es"},{"@type":"Organization","@id":"https:\/\/www.mpechicago.com\/es\/#organization","name":"Equipos de proceso modernos","url":"https:\/\/www.mpechicago.com\/es\/","logo":{"@type":"ImageObject","inLanguage":"es","@id":"https:\/\/www.mpechicago.com\/es\/#\/schema\/logo\/image\/","url":"https:\/\/www.mpechicago.com\/wp-content\/uploads\/2019\/12\/logo.png","contentUrl":"https:\/\/www.mpechicago.com\/wp-content\/uploads\/2019\/12\/logo.png","width":200,"height":91,"caption":"Equipos de proceso modernos"},"image":{"@id":"https:\/\/www.mpechicago.com\/es\/#\/schema\/logo\/image\/"}}]}},"_links":{"self":[{"href":"https:\/\/www.mpechicago.com\/es\/wp-json\/wp\/v2\/product\/29087","targetHints":{"allow":["GET"]}}],"collection":[{"href":"https:\/\/www.mpechicago.com\/es\/wp-json\/wp\/v2\/product"}],"about":[{"href":"https:\/\/www.mpechicago.com\/es\/wp-json\/wp\/v2\/types\/product"}],"replies":[{"embeddable":true,"href":"https:\/\/www.mpechicago.com\/es\/wp-json\/wp\/v2\/comments?post=29087"}],"wp:featuredmedia":[{"embeddable":true,"href":"https:\/\/www.mpechicago.com\/es\/wp-json\/wp\/v2\/media\/19226"}],"wp:attachment":[{"href":"https:\/\/www.mpechicago.com\/es\/wp-json\/wp\/v2\/media?parent=29087"}],"wp:term":[{"taxonomy":"product_brand","embeddable":true,"href":"https:\/\/www.mpechicago.com\/es\/wp-json\/wp\/v2\/product_brand?post=29087"},{"taxonomy":"product_cat","embeddable":true,"href":"https:\/\/www.mpechicago.com\/es\/wp-json\/wp\/v2\/product_cat?post=29087"},{"taxonomy":"product_tag","embeddable":true,"href":"https:\/\/www.mpechicago.com\/es\/wp-json\/wp\/v2\/product_tag?post=29087"}],"curies":[{"name":"wp","href":"https:\/\/api.w.org\/{rel}","templated":true}]}}