{"id":29057,"date":"2019-12-17T09:07:33","date_gmt":"2019-12-17T15:07:33","guid":{"rendered":"https:\/\/www.mpechicago.com\/product\/amoladoras-modelo-600-de-las-series-mini-max-y-super-max\/"},"modified":"2025-05-12T18:34:08","modified_gmt":"2025-05-12T23:34:08","slug":"amoladoras-modelo-600-de-las-series-mini-max-y-super-max","status":"publish","type":"product","link":"https:\/\/www.mpechicago.com\/es\/producto\/amoladoras-modelo-600-de-las-series-mini-max-y-super-max\/","title":{"rendered":"Amoladoras modelo 600 de las series Mini.Max y Super.Max"},"content":{"rendered":"<p>El modelo 600 Mini.Max de 2 alturas fue el primer molino de rodillos \u00abin situ\u00bb del mundo para la fabricaci\u00f3n de c\u00e1psulas y c\u00e1psulas, que pod\u00eda ofrecer la perfecci\u00f3n de la trituradora de rodillos por encima de su equipo de envasado. Poco tiempo despu\u00e9s se introdujo una versi\u00f3n de 3 alturas, as\u00ed como los nuevos molinos de la serie Super.Max, que son versiones de mayor capacidad de la serie Mini.Max. <\/p>\n<p>Juntos, los molinillos de las series Mini.Max y Super.Max modelo 600 est\u00e1n dise\u00f1ados espec\u00edficamente para su uso con m\u00e1quinas empacadoras de caf\u00e9 de una sola porci\u00f3n. Estos molinillos todo en uno producen las moliendas \u00f3ptimas para K-Cup, Nespresso<span style=\"font-size: 12pt; font-family: georgia, palatino, serif;\"><b>\u2122<\/b><\/span>, espresso y pr\u00e1cticamente cualquier otra molienda necesaria para el envasado de c\u00e1psulas de una sola porci\u00f3n. <\/p>\n<p>La molienda de calidad que antes solo se lograba con un molinillo de rodillos se puede instalar, de manera econ\u00f3mica, junto con las m\u00e1quinas de llenado de c\u00e1psulas. Ya no es necesario hacer concesiones con un molinillo tipo disco. <\/p>\n<p>Con los molinos de las series Modelo 600 MM (abreviatura de Mini.Max) y Modelo 600 SM (abreviatura de Super.Max), se puede lograr pr\u00e1cticamente cualquier densidad necesaria con sus normalizadores de v\u00f3rtice patentados por MPE. Los molinos de las series 600 MM y 600 SM pueden garantizar la uniformidad y consistencia necesarias para una extracci\u00f3n \u00f3ptima de una sola porci\u00f3n para el usuario final. <\/p>\n","protected":false},"excerpt":{"rendered":"<p>Molinos de la serie Mini.Max para hasta 350 Kg\/H y molinos de la serie Super.Max para hasta 520 Kg\/H<\/p>\n","protected":false},"featured_media":23633,"comment_status":"open","ping_status":"closed","template":"","meta":{"_acf_changed":false,"content-type":"","rs_blank_template":"","rs_page_bg_color":"","slide_template_v7":""},"product_brand":[],"product_cat":[287,185,187],"product_tag":[],"class_list":{"0":"post-29057","1":"product","2":"type-product","3":"status-publish","4":"has-post-thumbnail","6":"product_cat-espresso-es","7":"product_cat-industrial-es","8":"product_cat-vainas-y-capsulas","10":"first","11":"outofstock","12":"shipping-taxable","13":"product-type-variable"},"acf":[],"yoast_head":"<!-- This site is optimized with the Yoast SEO plugin v27.3 - https:\/\/yoast.com\/product\/yoast-seo-wordpress\/ -->\n<title>Amoladoras modelo 600 de las series Mini.Max y Super.Max - Equipos de proceso modernos<\/title>\n<meta name=\"description\" content=\"Los granuladores de caf\u00e9 modelo 600 Mini.Max y Super.Max alcanzan hasta 520 kg\/h. MPE es el fabricante l\u00edder mundial de equipos de molienda de caf\u00e9.\" \/>\n<meta name=\"robots\" content=\"index, follow, max-snippet:-1, max-image-preview:large, max-video-preview:-1\" \/>\n<link rel=\"canonical\" href=\"https:\/\/www.mpechicago.com\/es\/producto\/amoladoras-modelo-600-de-las-series-mini-max-y-super-max\/\" \/>\n<meta property=\"og:locale\" content=\"es_ES\" \/>\n<meta property=\"og:type\" content=\"article\" \/>\n<meta property=\"og:title\" content=\"Amoladoras modelo 600 de las series Mini.Max y Super.Max - Equipos de proceso modernos\" \/>\n<meta property=\"og:description\" content=\"Los granuladores de caf\u00e9 modelo 600 Mini.Max y Super.Max alcanzan hasta 520 kg\/h. MPE es el fabricante l\u00edder mundial de equipos de molienda de caf\u00e9.\" \/>\n<meta property=\"og:url\" content=\"https:\/\/www.mpechicago.com\/es\/producto\/amoladoras-modelo-600-de-las-series-mini-max-y-super-max\/\" \/>\n<meta property=\"og:site_name\" content=\"Equipos de proceso modernos\" \/>\n<meta property=\"article:modified_time\" content=\"2025-05-12T23:34:08+00:00\" \/>\n<meta property=\"og:image\" content=\"https:\/\/www.mpechicago.com\/wp-content\/uploads\/2019\/12\/MPE-MiniMax-No-Hopper-1-small-compressed.jpg\" \/>\n\t<meta property=\"og:image:width\" content=\"1000\" \/>\n\t<meta property=\"og:image:height\" content=\"1000\" \/>\n\t<meta property=\"og:image:type\" content=\"image\/jpeg\" \/>\n<meta name=\"twitter:card\" content=\"summary_large_image\" \/>\n<meta name=\"twitter:label1\" content=\"Tiempo de lectura\" \/>\n\t<meta name=\"twitter:data1\" content=\"1 minuto\" \/>\n<script type=\"application\/ld+json\" class=\"yoast-schema-graph\">{\"@context\":\"https:\\\/\\\/schema.org\",\"@graph\":[{\"@type\":\"WebPage\",\"@id\":\"https:\\\/\\\/www.mpechicago.com\\\/es\\\/producto\\\/amoladoras-modelo-600-de-las-series-mini-max-y-super-max\\\/\",\"url\":\"https:\\\/\\\/www.mpechicago.com\\\/es\\\/producto\\\/amoladoras-modelo-600-de-las-series-mini-max-y-super-max\\\/\",\"name\":\"Amoladoras modelo 600 de las series Mini.Max y Super.Max - Equipos de proceso modernos\",\"isPartOf\":{\"@id\":\"https:\\\/\\\/www.mpechicago.com\\\/es\\\/#website\"},\"primaryImageOfPage\":{\"@id\":\"https:\\\/\\\/www.mpechicago.com\\\/es\\\/producto\\\/amoladoras-modelo-600-de-las-series-mini-max-y-super-max\\\/#primaryimage\"},\"image\":{\"@id\":\"https:\\\/\\\/www.mpechicago.com\\\/es\\\/producto\\\/amoladoras-modelo-600-de-las-series-mini-max-y-super-max\\\/#primaryimage\"},\"thumbnailUrl\":\"https:\\\/\\\/www.mpechicago.com\\\/wp-content\\\/uploads\\\/2019\\\/12\\\/MPE-MiniMax-No-Hopper-1-small-compressed.jpg\",\"datePublished\":\"2019-12-17T15:07:33+00:00\",\"dateModified\":\"2025-05-12T23:34:08+00:00\",\"description\":\"Los granuladores de caf\u00e9 modelo 600 Mini.Max y Super.Max alcanzan hasta 520 kg\\\/h. MPE es el fabricante l\u00edder mundial de equipos de molienda de caf\u00e9.\",\"breadcrumb\":{\"@id\":\"https:\\\/\\\/www.mpechicago.com\\\/es\\\/producto\\\/amoladoras-modelo-600-de-las-series-mini-max-y-super-max\\\/#breadcrumb\"},\"inLanguage\":\"es\",\"potentialAction\":[{\"@type\":\"ReadAction\",\"target\":[\"https:\\\/\\\/www.mpechicago.com\\\/es\\\/producto\\\/amoladoras-modelo-600-de-las-series-mini-max-y-super-max\\\/\"]}]},{\"@type\":\"ImageObject\",\"inLanguage\":\"es\",\"@id\":\"https:\\\/\\\/www.mpechicago.com\\\/es\\\/producto\\\/amoladoras-modelo-600-de-las-series-mini-max-y-super-max\\\/#primaryimage\",\"url\":\"https:\\\/\\\/www.mpechicago.com\\\/wp-content\\\/uploads\\\/2019\\\/12\\\/MPE-MiniMax-No-Hopper-1-small-compressed.jpg\",\"contentUrl\":\"https:\\\/\\\/www.mpechicago.com\\\/wp-content\\\/uploads\\\/2019\\\/12\\\/MPE-MiniMax-No-Hopper-1-small-compressed.jpg\",\"width\":1000,\"height\":1000},{\"@type\":\"BreadcrumbList\",\"@id\":\"https:\\\/\\\/www.mpechicago.com\\\/es\\\/producto\\\/amoladoras-modelo-600-de-las-series-mini-max-y-super-max\\\/#breadcrumb\",\"itemListElement\":[{\"@type\":\"ListItem\",\"position\":1,\"name\":\"Hogar\",\"item\":\"https:\\\/\\\/www.mpechicago.com\\\/es\\\/\"},{\"@type\":\"ListItem\",\"position\":2,\"name\":\"Private: Shop\",\"item\":\"https:\\\/\\\/www.mpechicago.com\\\/?page_id=1006\"},{\"@type\":\"ListItem\",\"position\":3,\"name\":\"Amoladoras modelo 600 de las series Mini.Max y Super.Max\"}]},{\"@type\":\"WebSite\",\"@id\":\"https:\\\/\\\/www.mpechicago.com\\\/es\\\/#website\",\"url\":\"https:\\\/\\\/www.mpechicago.com\\\/es\\\/\",\"name\":\"Equipos de proceso modernos\",\"description\":\"\",\"publisher\":{\"@id\":\"https:\\\/\\\/www.mpechicago.com\\\/es\\\/#organization\"},\"potentialAction\":[{\"@type\":\"SearchAction\",\"target\":{\"@type\":\"EntryPoint\",\"urlTemplate\":\"https:\\\/\\\/www.mpechicago.com\\\/es\\\/?s={search_term_string}\"},\"query-input\":{\"@type\":\"PropertyValueSpecification\",\"valueRequired\":true,\"valueName\":\"search_term_string\"}}],\"inLanguage\":\"es\"},{\"@type\":\"Organization\",\"@id\":\"https:\\\/\\\/www.mpechicago.com\\\/es\\\/#organization\",\"name\":\"Equipos de proceso modernos\",\"url\":\"https:\\\/\\\/www.mpechicago.com\\\/es\\\/\",\"logo\":{\"@type\":\"ImageObject\",\"inLanguage\":\"es\",\"@id\":\"https:\\\/\\\/www.mpechicago.com\\\/es\\\/#\\\/schema\\\/logo\\\/image\\\/\",\"url\":\"https:\\\/\\\/www.mpechicago.com\\\/wp-content\\\/uploads\\\/2019\\\/12\\\/logo.png\",\"contentUrl\":\"https:\\\/\\\/www.mpechicago.com\\\/wp-content\\\/uploads\\\/2019\\\/12\\\/logo.png\",\"width\":200,\"height\":91,\"caption\":\"Equipos de proceso modernos\"},\"image\":{\"@id\":\"https:\\\/\\\/www.mpechicago.com\\\/es\\\/#\\\/schema\\\/logo\\\/image\\\/\"}}]}<\/script>\n<!-- \/ Yoast SEO plugin. -->","yoast_head_json":{"title":"Amoladoras modelo 600 de las series Mini.Max y Super.Max - Equipos de proceso modernos","description":"Los granuladores de caf\u00e9 modelo 600 Mini.Max y Super.Max alcanzan hasta 520 kg\/h. MPE es el fabricante l\u00edder mundial de equipos de molienda de caf\u00e9.","robots":{"index":"index","follow":"follow","max-snippet":"max-snippet:-1","max-image-preview":"max-image-preview:large","max-video-preview":"max-video-preview:-1"},"canonical":"https:\/\/www.mpechicago.com\/es\/producto\/amoladoras-modelo-600-de-las-series-mini-max-y-super-max\/","og_locale":"es_ES","og_type":"article","og_title":"Amoladoras modelo 600 de las series Mini.Max y Super.Max - Equipos de proceso modernos","og_description":"Los granuladores de caf\u00e9 modelo 600 Mini.Max y Super.Max alcanzan hasta 520 kg\/h. MPE es el fabricante l\u00edder mundial de equipos de molienda de caf\u00e9.","og_url":"https:\/\/www.mpechicago.com\/es\/producto\/amoladoras-modelo-600-de-las-series-mini-max-y-super-max\/","og_site_name":"Equipos de proceso modernos","article_modified_time":"2025-05-12T23:34:08+00:00","og_image":[{"width":1000,"height":1000,"url":"https:\/\/www.mpechicago.com\/wp-content\/uploads\/2019\/12\/MPE-MiniMax-No-Hopper-1-small-compressed.jpg","type":"image\/jpeg"}],"twitter_card":"summary_large_image","twitter_misc":{"Tiempo de lectura":"1 minuto"},"schema":{"@context":"https:\/\/schema.org","@graph":[{"@type":"WebPage","@id":"https:\/\/www.mpechicago.com\/es\/producto\/amoladoras-modelo-600-de-las-series-mini-max-y-super-max\/","url":"https:\/\/www.mpechicago.com\/es\/producto\/amoladoras-modelo-600-de-las-series-mini-max-y-super-max\/","name":"Amoladoras modelo 600 de las series Mini.Max y Super.Max - Equipos de proceso modernos","isPartOf":{"@id":"https:\/\/www.mpechicago.com\/es\/#website"},"primaryImageOfPage":{"@id":"https:\/\/www.mpechicago.com\/es\/producto\/amoladoras-modelo-600-de-las-series-mini-max-y-super-max\/#primaryimage"},"image":{"@id":"https:\/\/www.mpechicago.com\/es\/producto\/amoladoras-modelo-600-de-las-series-mini-max-y-super-max\/#primaryimage"},"thumbnailUrl":"https:\/\/www.mpechicago.com\/wp-content\/uploads\/2019\/12\/MPE-MiniMax-No-Hopper-1-small-compressed.jpg","datePublished":"2019-12-17T15:07:33+00:00","dateModified":"2025-05-12T23:34:08+00:00","description":"Los granuladores de caf\u00e9 modelo 600 Mini.Max y Super.Max alcanzan hasta 520 kg\/h. MPE es el fabricante l\u00edder mundial de equipos de molienda de caf\u00e9.","breadcrumb":{"@id":"https:\/\/www.mpechicago.com\/es\/producto\/amoladoras-modelo-600-de-las-series-mini-max-y-super-max\/#breadcrumb"},"inLanguage":"es","potentialAction":[{"@type":"ReadAction","target":["https:\/\/www.mpechicago.com\/es\/producto\/amoladoras-modelo-600-de-las-series-mini-max-y-super-max\/"]}]},{"@type":"ImageObject","inLanguage":"es","@id":"https:\/\/www.mpechicago.com\/es\/producto\/amoladoras-modelo-600-de-las-series-mini-max-y-super-max\/#primaryimage","url":"https:\/\/www.mpechicago.com\/wp-content\/uploads\/2019\/12\/MPE-MiniMax-No-Hopper-1-small-compressed.jpg","contentUrl":"https:\/\/www.mpechicago.com\/wp-content\/uploads\/2019\/12\/MPE-MiniMax-No-Hopper-1-small-compressed.jpg","width":1000,"height":1000},{"@type":"BreadcrumbList","@id":"https:\/\/www.mpechicago.com\/es\/producto\/amoladoras-modelo-600-de-las-series-mini-max-y-super-max\/#breadcrumb","itemListElement":[{"@type":"ListItem","position":1,"name":"Hogar","item":"https:\/\/www.mpechicago.com\/es\/"},{"@type":"ListItem","position":2,"name":"Private: Shop","item":"https:\/\/www.mpechicago.com\/?page_id=1006"},{"@type":"ListItem","position":3,"name":"Amoladoras modelo 600 de las series Mini.Max y Super.Max"}]},{"@type":"WebSite","@id":"https:\/\/www.mpechicago.com\/es\/#website","url":"https:\/\/www.mpechicago.com\/es\/","name":"Equipos de proceso modernos","description":"","publisher":{"@id":"https:\/\/www.mpechicago.com\/es\/#organization"},"potentialAction":[{"@type":"SearchAction","target":{"@type":"EntryPoint","urlTemplate":"https:\/\/www.mpechicago.com\/es\/?s={search_term_string}"},"query-input":{"@type":"PropertyValueSpecification","valueRequired":true,"valueName":"search_term_string"}}],"inLanguage":"es"},{"@type":"Organization","@id":"https:\/\/www.mpechicago.com\/es\/#organization","name":"Equipos de proceso modernos","url":"https:\/\/www.mpechicago.com\/es\/","logo":{"@type":"ImageObject","inLanguage":"es","@id":"https:\/\/www.mpechicago.com\/es\/#\/schema\/logo\/image\/","url":"https:\/\/www.mpechicago.com\/wp-content\/uploads\/2019\/12\/logo.png","contentUrl":"https:\/\/www.mpechicago.com\/wp-content\/uploads\/2019\/12\/logo.png","width":200,"height":91,"caption":"Equipos de proceso modernos"},"image":{"@id":"https:\/\/www.mpechicago.com\/es\/#\/schema\/logo\/image\/"}}]}},"_links":{"self":[{"href":"https:\/\/www.mpechicago.com\/es\/wp-json\/wp\/v2\/product\/29057","targetHints":{"allow":["GET"]}}],"collection":[{"href":"https:\/\/www.mpechicago.com\/es\/wp-json\/wp\/v2\/product"}],"about":[{"href":"https:\/\/www.mpechicago.com\/es\/wp-json\/wp\/v2\/types\/product"}],"replies":[{"embeddable":true,"href":"https:\/\/www.mpechicago.com\/es\/wp-json\/wp\/v2\/comments?post=29057"}],"wp:featuredmedia":[{"embeddable":true,"href":"https:\/\/www.mpechicago.com\/es\/wp-json\/wp\/v2\/media\/23633"}],"wp:attachment":[{"href":"https:\/\/www.mpechicago.com\/es\/wp-json\/wp\/v2\/media?parent=29057"}],"wp:term":[{"taxonomy":"product_brand","embeddable":true,"href":"https:\/\/www.mpechicago.com\/es\/wp-json\/wp\/v2\/product_brand?post=29057"},{"taxonomy":"product_cat","embeddable":true,"href":"https:\/\/www.mpechicago.com\/es\/wp-json\/wp\/v2\/product_cat?post=29057"},{"taxonomy":"product_tag","embeddable":true,"href":"https:\/\/www.mpechicago.com\/es\/wp-json\/wp\/v2\/product_tag?post=29057"}],"curies":[{"name":"wp","href":"https:\/\/api.w.org\/{rel}","templated":true}]}}