{"id":29047,"date":"2019-12-17T07:52:43","date_gmt":"2019-12-17T13:52:43","guid":{"rendered":"https:\/\/www.mpechicago.com\/product\/serie-700-f-2\/"},"modified":"2025-05-12T00:11:38","modified_gmt":"2025-05-12T05:11:38","slug":"serie-700-f-2","status":"publish","type":"product","link":"https:\/\/www.mpechicago.com\/es\/producto\/serie-700-f-2\/","title":{"rendered":"Serie 700 F"},"content":{"rendered":"<p>El modelo 700 F es uno de los molinillos de caf\u00e9 industriales m\u00e1s populares del mundo. El excelente rendimiento del tama\u00f1o de part\u00edcula en una variedad de tama\u00f1os de molienda y los resultados consistentes diferencian al 700 F de otros modelos de molinos. Adem\u00e1s, el 700 F ofrece una serie de opciones, como control PLC, refrigeraci\u00f3n por agua y control de densidad para mejorar a\u00fan m\u00e1s la calidad y la consistencia del caf\u00e9 molido.    <\/p>\n","protected":false},"excerpt":{"rendered":"<p>GRANULADOR DE CAF\u00c9 MODELO 700 SERIE F * 700 F(X) \u2013 DOS (2) SECCIONES DE MOLIENDA, (X) = CONFIGURACI\u00d3N DE ESPRESSO OPCIONAL * 777 E \u2013 GRANULADOR REACONDICIONADO, \u00abGUMP\u00bb<\/p>\n","protected":false},"featured_media":18926,"comment_status":"open","ping_status":"closed","template":"","meta":{"_acf_changed":false,"content-type":"","rs_blank_template":"","rs_page_bg_color":"","slide_template_v7":""},"product_brand":[],"product_cat":[187,287,288,185],"product_tag":[],"class_list":{"0":"post-29047","1":"product","2":"type-product","3":"status-publish","4":"has-post-thumbnail","6":"product_cat-vainas-y-capsulas","7":"product_cat-espresso-es","8":"product_cat-filtro","9":"product_cat-industrial-es","11":"first","12":"outofstock","13":"shipping-taxable","14":"product-type-variable"},"acf":[],"yoast_head":"<!-- This site is optimized with the Yoast SEO plugin v27.4 - https:\/\/yoast.com\/product\/yoast-seo-wordpress\/ -->\n<title>Serie 700-F- Equipos de proceso modernos Molienda de caf\u00e9 de precisi\u00f3n de alto volumen<\/title>\n<meta name=\"description\" content=\"El granulador de caf\u00e9 modelo 700 de la serie F puede alcanzar hasta 900 kg\/h de caf\u00e9 perfectamente molido. MPE es el l\u00edder mundial en equipos industriales de molienda de caf\u00e9.\" \/>\n<meta name=\"robots\" content=\"index, follow, max-snippet:-1, max-image-preview:large, max-video-preview:-1\" \/>\n<link rel=\"canonical\" href=\"https:\/\/www.mpechicago.com\/es\/producto\/serie-700-f-2\/\" \/>\n<meta property=\"og:locale\" content=\"es_ES\" \/>\n<meta property=\"og:type\" content=\"article\" \/>\n<meta property=\"og:title\" content=\"Serie 700-F- Equipos de proceso modernos Molienda de caf\u00e9 de precisi\u00f3n de alto volumen\" \/>\n<meta property=\"og:description\" content=\"El granulador de caf\u00e9 modelo 700 de la serie F puede alcanzar hasta 900 kg\/h de caf\u00e9 perfectamente molido. MPE es el l\u00edder mundial en equipos industriales de molienda de caf\u00e9.\" \/>\n<meta property=\"og:url\" content=\"https:\/\/www.mpechicago.com\/es\/producto\/serie-700-f-2\/\" \/>\n<meta property=\"og:site_name\" content=\"Equipos de proceso modernos\" \/>\n<meta property=\"article:modified_time\" content=\"2025-05-12T05:11:38+00:00\" \/>\n<meta property=\"og:image\" content=\"https:\/\/www.mpechicago.com\/wp-content\/uploads\/2019\/12\/700FX-Equal-Exchange3.png\" \/>\n\t<meta property=\"og:image:width\" content=\"600\" \/>\n\t<meta property=\"og:image:height\" content=\"600\" \/>\n\t<meta property=\"og:image:type\" content=\"image\/png\" \/>\n<meta name=\"twitter:card\" content=\"summary_large_image\" \/>\n<script type=\"application\/ld+json\" class=\"yoast-schema-graph\">{\"@context\":\"https:\\\/\\\/schema.org\",\"@graph\":[{\"@type\":\"WebPage\",\"@id\":\"https:\\\/\\\/www.mpechicago.com\\\/es\\\/producto\\\/serie-700-f-2\\\/\",\"url\":\"https:\\\/\\\/www.mpechicago.com\\\/es\\\/producto\\\/serie-700-f-2\\\/\",\"name\":\"Serie 700-F- Equipos de proceso modernos Molienda de caf\u00e9 de precisi\u00f3n de alto volumen\",\"isPartOf\":{\"@id\":\"https:\\\/\\\/www.mpechicago.com\\\/es\\\/#website\"},\"primaryImageOfPage\":{\"@id\":\"https:\\\/\\\/www.mpechicago.com\\\/es\\\/producto\\\/serie-700-f-2\\\/#primaryimage\"},\"image\":{\"@id\":\"https:\\\/\\\/www.mpechicago.com\\\/es\\\/producto\\\/serie-700-f-2\\\/#primaryimage\"},\"thumbnailUrl\":\"https:\\\/\\\/www.mpechicago.com\\\/wp-content\\\/uploads\\\/2019\\\/12\\\/700FX-Equal-Exchange3.png\",\"datePublished\":\"2019-12-17T13:52:43+00:00\",\"dateModified\":\"2025-05-12T05:11:38+00:00\",\"description\":\"El granulador de caf\u00e9 modelo 700 de la serie F puede alcanzar hasta 900 kg\\\/h de caf\u00e9 perfectamente molido. MPE es el l\u00edder mundial en equipos industriales de molienda de caf\u00e9.\",\"breadcrumb\":{\"@id\":\"https:\\\/\\\/www.mpechicago.com\\\/es\\\/producto\\\/serie-700-f-2\\\/#breadcrumb\"},\"inLanguage\":\"es\",\"potentialAction\":[{\"@type\":\"ReadAction\",\"target\":[\"https:\\\/\\\/www.mpechicago.com\\\/es\\\/producto\\\/serie-700-f-2\\\/\"]}]},{\"@type\":\"ImageObject\",\"inLanguage\":\"es\",\"@id\":\"https:\\\/\\\/www.mpechicago.com\\\/es\\\/producto\\\/serie-700-f-2\\\/#primaryimage\",\"url\":\"https:\\\/\\\/www.mpechicago.com\\\/wp-content\\\/uploads\\\/2019\\\/12\\\/700FX-Equal-Exchange3.png\",\"contentUrl\":\"https:\\\/\\\/www.mpechicago.com\\\/wp-content\\\/uploads\\\/2019\\\/12\\\/700FX-Equal-Exchange3.png\",\"width\":600,\"height\":600,\"caption\":\"700FX Intercambio igualitario\"},{\"@type\":\"BreadcrumbList\",\"@id\":\"https:\\\/\\\/www.mpechicago.com\\\/es\\\/producto\\\/serie-700-f-2\\\/#breadcrumb\",\"itemListElement\":[{\"@type\":\"ListItem\",\"position\":1,\"name\":\"Hogar\",\"item\":\"https:\\\/\\\/www.mpechicago.com\\\/es\\\/\"},{\"@type\":\"ListItem\",\"position\":2,\"name\":\"Private: Shop\",\"item\":\"https:\\\/\\\/www.mpechicago.com\\\/?page_id=1006\"},{\"@type\":\"ListItem\",\"position\":3,\"name\":\"Serie 700 F\"}]},{\"@type\":\"WebSite\",\"@id\":\"https:\\\/\\\/www.mpechicago.com\\\/es\\\/#website\",\"url\":\"https:\\\/\\\/www.mpechicago.com\\\/es\\\/\",\"name\":\"Equipos de proceso modernos\",\"description\":\"\",\"publisher\":{\"@id\":\"https:\\\/\\\/www.mpechicago.com\\\/es\\\/#organization\"},\"potentialAction\":[{\"@type\":\"SearchAction\",\"target\":{\"@type\":\"EntryPoint\",\"urlTemplate\":\"https:\\\/\\\/www.mpechicago.com\\\/es\\\/?s={search_term_string}\"},\"query-input\":{\"@type\":\"PropertyValueSpecification\",\"valueRequired\":true,\"valueName\":\"search_term_string\"}}],\"inLanguage\":\"es\"},{\"@type\":\"Organization\",\"@id\":\"https:\\\/\\\/www.mpechicago.com\\\/es\\\/#organization\",\"name\":\"Equipos de proceso modernos\",\"url\":\"https:\\\/\\\/www.mpechicago.com\\\/es\\\/\",\"logo\":{\"@type\":\"ImageObject\",\"inLanguage\":\"es\",\"@id\":\"https:\\\/\\\/www.mpechicago.com\\\/es\\\/#\\\/schema\\\/logo\\\/image\\\/\",\"url\":\"https:\\\/\\\/www.mpechicago.com\\\/wp-content\\\/uploads\\\/2019\\\/12\\\/logo.png\",\"contentUrl\":\"https:\\\/\\\/www.mpechicago.com\\\/wp-content\\\/uploads\\\/2019\\\/12\\\/logo.png\",\"width\":200,\"height\":91,\"caption\":\"Equipos de proceso modernos\"},\"image\":{\"@id\":\"https:\\\/\\\/www.mpechicago.com\\\/es\\\/#\\\/schema\\\/logo\\\/image\\\/\"}}]}<\/script>\n<!-- \/ Yoast SEO plugin. -->","yoast_head_json":{"title":"Serie 700-F- Equipos de proceso modernos Molienda de caf\u00e9 de precisi\u00f3n de alto volumen","description":"El granulador de caf\u00e9 modelo 700 de la serie F puede alcanzar hasta 900 kg\/h de caf\u00e9 perfectamente molido. MPE es el l\u00edder mundial en equipos industriales de molienda de caf\u00e9.","robots":{"index":"index","follow":"follow","max-snippet":"max-snippet:-1","max-image-preview":"max-image-preview:large","max-video-preview":"max-video-preview:-1"},"canonical":"https:\/\/www.mpechicago.com\/es\/producto\/serie-700-f-2\/","og_locale":"es_ES","og_type":"article","og_title":"Serie 700-F- Equipos de proceso modernos Molienda de caf\u00e9 de precisi\u00f3n de alto volumen","og_description":"El granulador de caf\u00e9 modelo 700 de la serie F puede alcanzar hasta 900 kg\/h de caf\u00e9 perfectamente molido. MPE es el l\u00edder mundial en equipos industriales de molienda de caf\u00e9.","og_url":"https:\/\/www.mpechicago.com\/es\/producto\/serie-700-f-2\/","og_site_name":"Equipos de proceso modernos","article_modified_time":"2025-05-12T05:11:38+00:00","og_image":[{"width":600,"height":600,"url":"https:\/\/www.mpechicago.com\/wp-content\/uploads\/2019\/12\/700FX-Equal-Exchange3.png","type":"image\/png"}],"twitter_card":"summary_large_image","schema":{"@context":"https:\/\/schema.org","@graph":[{"@type":"WebPage","@id":"https:\/\/www.mpechicago.com\/es\/producto\/serie-700-f-2\/","url":"https:\/\/www.mpechicago.com\/es\/producto\/serie-700-f-2\/","name":"Serie 700-F- Equipos de proceso modernos Molienda de caf\u00e9 de precisi\u00f3n de alto volumen","isPartOf":{"@id":"https:\/\/www.mpechicago.com\/es\/#website"},"primaryImageOfPage":{"@id":"https:\/\/www.mpechicago.com\/es\/producto\/serie-700-f-2\/#primaryimage"},"image":{"@id":"https:\/\/www.mpechicago.com\/es\/producto\/serie-700-f-2\/#primaryimage"},"thumbnailUrl":"https:\/\/www.mpechicago.com\/wp-content\/uploads\/2019\/12\/700FX-Equal-Exchange3.png","datePublished":"2019-12-17T13:52:43+00:00","dateModified":"2025-05-12T05:11:38+00:00","description":"El granulador de caf\u00e9 modelo 700 de la serie F puede alcanzar hasta 900 kg\/h de caf\u00e9 perfectamente molido. MPE es el l\u00edder mundial en equipos industriales de molienda de caf\u00e9.","breadcrumb":{"@id":"https:\/\/www.mpechicago.com\/es\/producto\/serie-700-f-2\/#breadcrumb"},"inLanguage":"es","potentialAction":[{"@type":"ReadAction","target":["https:\/\/www.mpechicago.com\/es\/producto\/serie-700-f-2\/"]}]},{"@type":"ImageObject","inLanguage":"es","@id":"https:\/\/www.mpechicago.com\/es\/producto\/serie-700-f-2\/#primaryimage","url":"https:\/\/www.mpechicago.com\/wp-content\/uploads\/2019\/12\/700FX-Equal-Exchange3.png","contentUrl":"https:\/\/www.mpechicago.com\/wp-content\/uploads\/2019\/12\/700FX-Equal-Exchange3.png","width":600,"height":600,"caption":"700FX Intercambio igualitario"},{"@type":"BreadcrumbList","@id":"https:\/\/www.mpechicago.com\/es\/producto\/serie-700-f-2\/#breadcrumb","itemListElement":[{"@type":"ListItem","position":1,"name":"Hogar","item":"https:\/\/www.mpechicago.com\/es\/"},{"@type":"ListItem","position":2,"name":"Private: Shop","item":"https:\/\/www.mpechicago.com\/?page_id=1006"},{"@type":"ListItem","position":3,"name":"Serie 700 F"}]},{"@type":"WebSite","@id":"https:\/\/www.mpechicago.com\/es\/#website","url":"https:\/\/www.mpechicago.com\/es\/","name":"Equipos de proceso modernos","description":"","publisher":{"@id":"https:\/\/www.mpechicago.com\/es\/#organization"},"potentialAction":[{"@type":"SearchAction","target":{"@type":"EntryPoint","urlTemplate":"https:\/\/www.mpechicago.com\/es\/?s={search_term_string}"},"query-input":{"@type":"PropertyValueSpecification","valueRequired":true,"valueName":"search_term_string"}}],"inLanguage":"es"},{"@type":"Organization","@id":"https:\/\/www.mpechicago.com\/es\/#organization","name":"Equipos de proceso modernos","url":"https:\/\/www.mpechicago.com\/es\/","logo":{"@type":"ImageObject","inLanguage":"es","@id":"https:\/\/www.mpechicago.com\/es\/#\/schema\/logo\/image\/","url":"https:\/\/www.mpechicago.com\/wp-content\/uploads\/2019\/12\/logo.png","contentUrl":"https:\/\/www.mpechicago.com\/wp-content\/uploads\/2019\/12\/logo.png","width":200,"height":91,"caption":"Equipos de proceso modernos"},"image":{"@id":"https:\/\/www.mpechicago.com\/es\/#\/schema\/logo\/image\/"}}]}},"_links":{"self":[{"href":"https:\/\/www.mpechicago.com\/es\/wp-json\/wp\/v2\/product\/29047","targetHints":{"allow":["GET"]}}],"collection":[{"href":"https:\/\/www.mpechicago.com\/es\/wp-json\/wp\/v2\/product"}],"about":[{"href":"https:\/\/www.mpechicago.com\/es\/wp-json\/wp\/v2\/types\/product"}],"replies":[{"embeddable":true,"href":"https:\/\/www.mpechicago.com\/es\/wp-json\/wp\/v2\/comments?post=29047"}],"wp:featuredmedia":[{"embeddable":true,"href":"https:\/\/www.mpechicago.com\/es\/wp-json\/wp\/v2\/media\/18926"}],"wp:attachment":[{"href":"https:\/\/www.mpechicago.com\/es\/wp-json\/wp\/v2\/media?parent=29047"}],"wp:term":[{"taxonomy":"product_brand","embeddable":true,"href":"https:\/\/www.mpechicago.com\/es\/wp-json\/wp\/v2\/product_brand?post=29047"},{"taxonomy":"product_cat","embeddable":true,"href":"https:\/\/www.mpechicago.com\/es\/wp-json\/wp\/v2\/product_cat?post=29047"},{"taxonomy":"product_tag","embeddable":true,"href":"https:\/\/www.mpechicago.com\/es\/wp-json\/wp\/v2\/product_tag?post=29047"}],"curies":[{"name":"wp","href":"https:\/\/api.w.org\/{rel}","templated":true}]}}