{"id":28662,"date":"2019-12-18T12:45:20","date_gmt":"2019-12-18T18:45:20","guid":{"rendered":"https:\/\/www.mpechicago.com\/product\/gp-140\/"},"modified":"2025-06-25T12:35:13","modified_gmt":"2025-06-25T17:35:13","slug":"gp-140","status":"publish","type":"product","link":"https:\/\/www.mpechicago.com\/es\/producto\/gp-140\/","title":{"rendered":"GP-140"},"content":{"rendered":"<p>Las amoladoras de disco MPE proporcionan un alto grado de versatilidad en la reducci\u00f3n de tama\u00f1o de un amplio espectro de materiales. Estos molinos compactos y econ\u00f3micos sirven para una variedad de aplicaciones de molienda, incluidos productos qu\u00edmicos, alimentos secos, agregados de alimentos, minerales, especias y una amplia variedad de materiales similares. <\/p>\n<p>De construcci\u00f3n robusta, las amoladoras de disco de MPE cuentan con discos abrasivos \u00abduros como el diamante\u00bb que se cortan con precisi\u00f3n para optimizar su \u00abacci\u00f3n\u00bb de corte, lo que da como resultado un mejor producto final con una mayor capacidad de producci\u00f3n. Esta \u00abacci\u00f3n\u00bb produce resultados superiores a los de un molino de martillos a una fracci\u00f3n del precio. Las amoladoras de disco funcionan mejor en materiales \u00abfriables\u00bb o fr\u00e1giles y se ajustan para ofrecer tama\u00f1os objetivo de malla de 6 a 150 (3.000 a 100 micras).  <\/p>\n<p>La GP-140 utiliza dos discos abrasivos de 7,8&#8243; de di\u00e1metro (180 mm) para reducir materiales de hasta 6&#8243; de di\u00e1metro (con el LumpBuster opcional) a una gama de tama\u00f1os objetivo. El GP-140 utiliza un conveniente control de dial para alterar el tama\u00f1o de molienda deseado y las moliendas objetivo t\u00edpicas oscilan entre 6 y 150 mallas (3,000 a 100 micras). <\/p>\n<hr>\n<p>\u00bfEstabas buscando el molinillo de caf\u00e9 estilo disco GPC-140 en su lugar?<\/p>\n<p><a class=\"btn btn-primary\" href=\"http:\/\/www.mpechicago.com\/es\/producto\/gpx-2\/\">Ll\u00e9vame a la versi\u00f3n caf\u00e9<\/a><\/p>\n","protected":false},"excerpt":{"rendered":"<p>MODELO GP-140 AMOLADORA DE DISCO<\/p>\n","protected":false},"featured_media":19986,"comment_status":"open","ping_status":"closed","template":"","meta":{"_acf_changed":false,"content-type":"","rs_blank_template":"","rs_page_bg_color":"","slide_template_v7":""},"product_brand":[],"product_cat":[279],"product_tag":[],"class_list":{"0":"post-28662","1":"product","2":"type-product","3":"status-publish","4":"has-post-thumbnail","6":"product_cat-estilo-de-disco-es","8":"first","9":"instock","10":"shipping-taxable","11":"product-type-simple"},"acf":[],"yoast_head":"<!-- This site is optimized with the Yoast SEO plugin v27.3 - https:\/\/yoast.com\/product\/yoast-seo-wordpress\/ -->\n<title>GP-140 - Equipos de proceso modernos<\/title>\n<meta name=\"description\" content=\"El molinillo de disco modelo GP-140 es ideal para muchas aplicaciones alimentarias, qu\u00edmicas y minerales. MPE es el l\u00edder mundial en la reducci\u00f3n precisa del tama\u00f1o de las part\u00edculas.\" \/>\n<meta name=\"robots\" content=\"index, follow, max-snippet:-1, max-image-preview:large, max-video-preview:-1\" \/>\n<link rel=\"canonical\" href=\"https:\/\/www.mpechicago.com\/es\/producto\/gp-140\/\" \/>\n<meta property=\"og:locale\" content=\"es_ES\" \/>\n<meta property=\"og:type\" content=\"article\" \/>\n<meta property=\"og:title\" content=\"GP-140 - Equipos de proceso modernos\" \/>\n<meta property=\"og:description\" content=\"El molinillo de disco modelo GP-140 es ideal para muchas aplicaciones alimentarias, qu\u00edmicas y minerales. MPE es el l\u00edder mundial en la reducci\u00f3n precisa del tama\u00f1o de las part\u00edculas.\" \/>\n<meta property=\"og:url\" content=\"https:\/\/www.mpechicago.com\/es\/producto\/gp-140\/\" \/>\n<meta property=\"og:site_name\" content=\"Equipos de proceso modernos\" \/>\n<meta property=\"article:modified_time\" content=\"2025-06-25T17:35:13+00:00\" \/>\n<meta property=\"og:image\" content=\"https:\/\/www.mpechicago.com\/wp-content\/uploads\/2019\/12\/MPE-GP-140.png\" \/>\n\t<meta property=\"og:image:width\" content=\"600\" \/>\n\t<meta property=\"og:image:height\" content=\"600\" \/>\n\t<meta property=\"og:image:type\" content=\"image\/png\" \/>\n<meta name=\"twitter:card\" content=\"summary_large_image\" \/>\n<meta name=\"twitter:label1\" content=\"Tiempo de lectura\" \/>\n\t<meta name=\"twitter:data1\" content=\"1 minuto\" \/>\n<script type=\"application\/ld+json\" class=\"yoast-schema-graph\">{\"@context\":\"https:\\\/\\\/schema.org\",\"@graph\":[{\"@type\":\"WebPage\",\"@id\":\"https:\\\/\\\/www.mpechicago.com\\\/es\\\/producto\\\/gp-140\\\/\",\"url\":\"https:\\\/\\\/www.mpechicago.com\\\/es\\\/producto\\\/gp-140\\\/\",\"name\":\"GP-140 - Equipos de proceso modernos\",\"isPartOf\":{\"@id\":\"https:\\\/\\\/www.mpechicago.com\\\/es\\\/#website\"},\"primaryImageOfPage\":{\"@id\":\"https:\\\/\\\/www.mpechicago.com\\\/es\\\/producto\\\/gp-140\\\/#primaryimage\"},\"image\":{\"@id\":\"https:\\\/\\\/www.mpechicago.com\\\/es\\\/producto\\\/gp-140\\\/#primaryimage\"},\"thumbnailUrl\":\"https:\\\/\\\/www.mpechicago.com\\\/wp-content\\\/uploads\\\/2019\\\/12\\\/MPE-GP-140.png\",\"datePublished\":\"2019-12-18T18:45:20+00:00\",\"dateModified\":\"2025-06-25T17:35:13+00:00\",\"description\":\"El molinillo de disco modelo GP-140 es ideal para muchas aplicaciones alimentarias, qu\u00edmicas y minerales. MPE es el l\u00edder mundial en la reducci\u00f3n precisa del tama\u00f1o de las part\u00edculas.\",\"breadcrumb\":{\"@id\":\"https:\\\/\\\/www.mpechicago.com\\\/es\\\/producto\\\/gp-140\\\/#breadcrumb\"},\"inLanguage\":\"es\",\"potentialAction\":[{\"@type\":\"ReadAction\",\"target\":[\"https:\\\/\\\/www.mpechicago.com\\\/es\\\/producto\\\/gp-140\\\/\"]}]},{\"@type\":\"ImageObject\",\"inLanguage\":\"es\",\"@id\":\"https:\\\/\\\/www.mpechicago.com\\\/es\\\/producto\\\/gp-140\\\/#primaryimage\",\"url\":\"https:\\\/\\\/www.mpechicago.com\\\/wp-content\\\/uploads\\\/2019\\\/12\\\/MPE-GP-140.png\",\"contentUrl\":\"https:\\\/\\\/www.mpechicago.com\\\/wp-content\\\/uploads\\\/2019\\\/12\\\/MPE-GP-140.png\",\"width\":600,\"height\":600,\"caption\":\"MPE GP 140\"},{\"@type\":\"BreadcrumbList\",\"@id\":\"https:\\\/\\\/www.mpechicago.com\\\/es\\\/producto\\\/gp-140\\\/#breadcrumb\",\"itemListElement\":[{\"@type\":\"ListItem\",\"position\":1,\"name\":\"Hogar\",\"item\":\"https:\\\/\\\/www.mpechicago.com\\\/es\\\/\"},{\"@type\":\"ListItem\",\"position\":2,\"name\":\"Private: Shop\",\"item\":\"https:\\\/\\\/www.mpechicago.com\\\/?page_id=1006\"},{\"@type\":\"ListItem\",\"position\":3,\"name\":\"GP-140\"}]},{\"@type\":\"WebSite\",\"@id\":\"https:\\\/\\\/www.mpechicago.com\\\/es\\\/#website\",\"url\":\"https:\\\/\\\/www.mpechicago.com\\\/es\\\/\",\"name\":\"Equipos de proceso modernos\",\"description\":\"\",\"publisher\":{\"@id\":\"https:\\\/\\\/www.mpechicago.com\\\/es\\\/#organization\"},\"potentialAction\":[{\"@type\":\"SearchAction\",\"target\":{\"@type\":\"EntryPoint\",\"urlTemplate\":\"https:\\\/\\\/www.mpechicago.com\\\/es\\\/?s={search_term_string}\"},\"query-input\":{\"@type\":\"PropertyValueSpecification\",\"valueRequired\":true,\"valueName\":\"search_term_string\"}}],\"inLanguage\":\"es\"},{\"@type\":\"Organization\",\"@id\":\"https:\\\/\\\/www.mpechicago.com\\\/es\\\/#organization\",\"name\":\"Equipos de proceso modernos\",\"url\":\"https:\\\/\\\/www.mpechicago.com\\\/es\\\/\",\"logo\":{\"@type\":\"ImageObject\",\"inLanguage\":\"es\",\"@id\":\"https:\\\/\\\/www.mpechicago.com\\\/es\\\/#\\\/schema\\\/logo\\\/image\\\/\",\"url\":\"https:\\\/\\\/www.mpechicago.com\\\/wp-content\\\/uploads\\\/2019\\\/12\\\/logo.png\",\"contentUrl\":\"https:\\\/\\\/www.mpechicago.com\\\/wp-content\\\/uploads\\\/2019\\\/12\\\/logo.png\",\"width\":200,\"height\":91,\"caption\":\"Equipos de proceso modernos\"},\"image\":{\"@id\":\"https:\\\/\\\/www.mpechicago.com\\\/es\\\/#\\\/schema\\\/logo\\\/image\\\/\"}}]}<\/script>\n<!-- \/ Yoast SEO plugin. -->","yoast_head_json":{"title":"GP-140 - Equipos de proceso modernos","description":"El molinillo de disco modelo GP-140 es ideal para muchas aplicaciones alimentarias, qu\u00edmicas y minerales. MPE es el l\u00edder mundial en la reducci\u00f3n precisa del tama\u00f1o de las part\u00edculas.","robots":{"index":"index","follow":"follow","max-snippet":"max-snippet:-1","max-image-preview":"max-image-preview:large","max-video-preview":"max-video-preview:-1"},"canonical":"https:\/\/www.mpechicago.com\/es\/producto\/gp-140\/","og_locale":"es_ES","og_type":"article","og_title":"GP-140 - Equipos de proceso modernos","og_description":"El molinillo de disco modelo GP-140 es ideal para muchas aplicaciones alimentarias, qu\u00edmicas y minerales. MPE es el l\u00edder mundial en la reducci\u00f3n precisa del tama\u00f1o de las part\u00edculas.","og_url":"https:\/\/www.mpechicago.com\/es\/producto\/gp-140\/","og_site_name":"Equipos de proceso modernos","article_modified_time":"2025-06-25T17:35:13+00:00","og_image":[{"width":600,"height":600,"url":"https:\/\/www.mpechicago.com\/wp-content\/uploads\/2019\/12\/MPE-GP-140.png","type":"image\/png"}],"twitter_card":"summary_large_image","twitter_misc":{"Tiempo de lectura":"1 minuto"},"schema":{"@context":"https:\/\/schema.org","@graph":[{"@type":"WebPage","@id":"https:\/\/www.mpechicago.com\/es\/producto\/gp-140\/","url":"https:\/\/www.mpechicago.com\/es\/producto\/gp-140\/","name":"GP-140 - Equipos de proceso modernos","isPartOf":{"@id":"https:\/\/www.mpechicago.com\/es\/#website"},"primaryImageOfPage":{"@id":"https:\/\/www.mpechicago.com\/es\/producto\/gp-140\/#primaryimage"},"image":{"@id":"https:\/\/www.mpechicago.com\/es\/producto\/gp-140\/#primaryimage"},"thumbnailUrl":"https:\/\/www.mpechicago.com\/wp-content\/uploads\/2019\/12\/MPE-GP-140.png","datePublished":"2019-12-18T18:45:20+00:00","dateModified":"2025-06-25T17:35:13+00:00","description":"El molinillo de disco modelo GP-140 es ideal para muchas aplicaciones alimentarias, qu\u00edmicas y minerales. MPE es el l\u00edder mundial en la reducci\u00f3n precisa del tama\u00f1o de las part\u00edculas.","breadcrumb":{"@id":"https:\/\/www.mpechicago.com\/es\/producto\/gp-140\/#breadcrumb"},"inLanguage":"es","potentialAction":[{"@type":"ReadAction","target":["https:\/\/www.mpechicago.com\/es\/producto\/gp-140\/"]}]},{"@type":"ImageObject","inLanguage":"es","@id":"https:\/\/www.mpechicago.com\/es\/producto\/gp-140\/#primaryimage","url":"https:\/\/www.mpechicago.com\/wp-content\/uploads\/2019\/12\/MPE-GP-140.png","contentUrl":"https:\/\/www.mpechicago.com\/wp-content\/uploads\/2019\/12\/MPE-GP-140.png","width":600,"height":600,"caption":"MPE GP 140"},{"@type":"BreadcrumbList","@id":"https:\/\/www.mpechicago.com\/es\/producto\/gp-140\/#breadcrumb","itemListElement":[{"@type":"ListItem","position":1,"name":"Hogar","item":"https:\/\/www.mpechicago.com\/es\/"},{"@type":"ListItem","position":2,"name":"Private: Shop","item":"https:\/\/www.mpechicago.com\/?page_id=1006"},{"@type":"ListItem","position":3,"name":"GP-140"}]},{"@type":"WebSite","@id":"https:\/\/www.mpechicago.com\/es\/#website","url":"https:\/\/www.mpechicago.com\/es\/","name":"Equipos de proceso modernos","description":"","publisher":{"@id":"https:\/\/www.mpechicago.com\/es\/#organization"},"potentialAction":[{"@type":"SearchAction","target":{"@type":"EntryPoint","urlTemplate":"https:\/\/www.mpechicago.com\/es\/?s={search_term_string}"},"query-input":{"@type":"PropertyValueSpecification","valueRequired":true,"valueName":"search_term_string"}}],"inLanguage":"es"},{"@type":"Organization","@id":"https:\/\/www.mpechicago.com\/es\/#organization","name":"Equipos de proceso modernos","url":"https:\/\/www.mpechicago.com\/es\/","logo":{"@type":"ImageObject","inLanguage":"es","@id":"https:\/\/www.mpechicago.com\/es\/#\/schema\/logo\/image\/","url":"https:\/\/www.mpechicago.com\/wp-content\/uploads\/2019\/12\/logo.png","contentUrl":"https:\/\/www.mpechicago.com\/wp-content\/uploads\/2019\/12\/logo.png","width":200,"height":91,"caption":"Equipos de proceso modernos"},"image":{"@id":"https:\/\/www.mpechicago.com\/es\/#\/schema\/logo\/image\/"}}]}},"_links":{"self":[{"href":"https:\/\/www.mpechicago.com\/es\/wp-json\/wp\/v2\/product\/28662","targetHints":{"allow":["GET"]}}],"collection":[{"href":"https:\/\/www.mpechicago.com\/es\/wp-json\/wp\/v2\/product"}],"about":[{"href":"https:\/\/www.mpechicago.com\/es\/wp-json\/wp\/v2\/types\/product"}],"replies":[{"embeddable":true,"href":"https:\/\/www.mpechicago.com\/es\/wp-json\/wp\/v2\/comments?post=28662"}],"wp:featuredmedia":[{"embeddable":true,"href":"https:\/\/www.mpechicago.com\/es\/wp-json\/wp\/v2\/media\/19986"}],"wp:attachment":[{"href":"https:\/\/www.mpechicago.com\/es\/wp-json\/wp\/v2\/media?parent=28662"}],"wp:term":[{"taxonomy":"product_brand","embeddable":true,"href":"https:\/\/www.mpechicago.com\/es\/wp-json\/wp\/v2\/product_brand?post=28662"},{"taxonomy":"product_cat","embeddable":true,"href":"https:\/\/www.mpechicago.com\/es\/wp-json\/wp\/v2\/product_cat?post=28662"},{"taxonomy":"product_tag","embeddable":true,"href":"https:\/\/www.mpechicago.com\/es\/wp-json\/wp\/v2\/product_tag?post=28662"}],"curies":[{"name":"wp","href":"https:\/\/api.w.org\/{rel}","templated":true}]}}