{"id":28611,"date":"2019-12-18T11:26:11","date_gmt":"2019-12-18T17:26:11","guid":{"rendered":"https:\/\/www.mpechicago.com\/product\/serie-imd-1060\/"},"modified":"2025-05-12T00:12:21","modified_gmt":"2025-05-12T05:12:21","slug":"serie-imd-1060","status":"publish","type":"product","link":"https:\/\/www.mpechicago.com\/es\/producto\/serie-imd-1060\/","title":{"rendered":"Serie IMD 1060"},"content":{"rendered":"<p>Los molinos 1062 son molinos de rodillos grandes y de alta resistencia ofrecidos por MPE. Las m\u00e1quinas t\u00edpicas tienen de una a cuatro secciones de rodillos apilados verticalmente, donde cada secci\u00f3n contiene la combinaci\u00f3n \u00f3ptima de dientes de rodillos, velocidades de rodillos y espaciado de rodillos para maximizar el rendimiento de su producto.   <\/p>\n","protected":false},"excerpt":{"rendered":"<p>Serie IMD 1060 GRAN-U-Lizers\u2122<\/p>\n","protected":false},"featured_media":19856,"comment_status":"open","ping_status":"closed","template":"","meta":{"_acf_changed":false,"content-type":"","rs_blank_template":"","rs_page_bg_color":"","slide_template_v7":""},"product_brand":[],"product_cat":[275],"product_tag":[],"class_list":{"0":"post-28611","1":"product","2":"type-product","3":"status-publish","4":"has-post-thumbnail","6":"product_cat-gran-u-lizers-es","8":"first","9":"instock","10":"shipping-taxable","11":"product-type-simple"},"acf":[],"yoast_head":"<!-- This site is optimized with the Yoast SEO plugin v27.3 - https:\/\/yoast.com\/product\/yoast-seo-wordpress\/ -->\n<title>Serie IMD 1060 - Equipos de proceso modernos<\/title>\n<meta name=\"description\" content=\"Modelo Gran-U-Lizer de la serie IMD 1060 para una reducci\u00f3n precisa del tama\u00f1o de part\u00edcula. MPE es el l\u00edder mundial en equipos de molienda para alimentos, productos qu\u00edmicos y minerales.\" \/>\n<meta name=\"robots\" content=\"index, follow, max-snippet:-1, max-image-preview:large, max-video-preview:-1\" \/>\n<link rel=\"canonical\" href=\"https:\/\/www.mpechicago.com\/es\/producto\/serie-imd-1060\/\" \/>\n<meta property=\"og:locale\" content=\"es_ES\" \/>\n<meta property=\"og:type\" content=\"article\" \/>\n<meta property=\"og:title\" content=\"Serie IMD 1060 - Equipos de proceso modernos\" \/>\n<meta property=\"og:description\" content=\"Modelo Gran-U-Lizer de la serie IMD 1060 para una reducci\u00f3n precisa del tama\u00f1o de part\u00edcula. MPE es el l\u00edder mundial en equipos de molienda para alimentos, productos qu\u00edmicos y minerales.\" \/>\n<meta property=\"og:url\" content=\"https:\/\/www.mpechicago.com\/es\/producto\/serie-imd-1060\/\" \/>\n<meta property=\"og:site_name\" content=\"Equipos de proceso modernos\" \/>\n<meta property=\"article:modified_time\" content=\"2025-05-12T05:12:21+00:00\" \/>\n<meta property=\"og:image\" content=\"https:\/\/www.mpechicago.com\/wp-content\/uploads\/2019\/12\/MPE-IMD-1060.png\" \/>\n\t<meta property=\"og:image:width\" content=\"600\" \/>\n\t<meta property=\"og:image:height\" content=\"600\" \/>\n\t<meta property=\"og:image:type\" content=\"image\/png\" \/>\n<meta name=\"twitter:card\" content=\"summary_large_image\" \/>\n<script type=\"application\/ld+json\" class=\"yoast-schema-graph\">{\"@context\":\"https:\\\/\\\/schema.org\",\"@graph\":[{\"@type\":\"WebPage\",\"@id\":\"https:\\\/\\\/www.mpechicago.com\\\/es\\\/producto\\\/serie-imd-1060\\\/\",\"url\":\"https:\\\/\\\/www.mpechicago.com\\\/es\\\/producto\\\/serie-imd-1060\\\/\",\"name\":\"Serie IMD 1060 - Equipos de proceso modernos\",\"isPartOf\":{\"@id\":\"https:\\\/\\\/www.mpechicago.com\\\/es\\\/#website\"},\"primaryImageOfPage\":{\"@id\":\"https:\\\/\\\/www.mpechicago.com\\\/es\\\/producto\\\/serie-imd-1060\\\/#primaryimage\"},\"image\":{\"@id\":\"https:\\\/\\\/www.mpechicago.com\\\/es\\\/producto\\\/serie-imd-1060\\\/#primaryimage\"},\"thumbnailUrl\":\"https:\\\/\\\/www.mpechicago.com\\\/wp-content\\\/uploads\\\/2019\\\/12\\\/MPE-IMD-1060.png\",\"datePublished\":\"2019-12-18T17:26:11+00:00\",\"dateModified\":\"2025-05-12T05:12:21+00:00\",\"description\":\"Modelo Gran-U-Lizer de la serie IMD 1060 para una reducci\u00f3n precisa del tama\u00f1o de part\u00edcula. MPE es el l\u00edder mundial en equipos de molienda para alimentos, productos qu\u00edmicos y minerales.\",\"breadcrumb\":{\"@id\":\"https:\\\/\\\/www.mpechicago.com\\\/es\\\/producto\\\/serie-imd-1060\\\/#breadcrumb\"},\"inLanguage\":\"es\",\"potentialAction\":[{\"@type\":\"ReadAction\",\"target\":[\"https:\\\/\\\/www.mpechicago.com\\\/es\\\/producto\\\/serie-imd-1060\\\/\"]}]},{\"@type\":\"ImageObject\",\"inLanguage\":\"es\",\"@id\":\"https:\\\/\\\/www.mpechicago.com\\\/es\\\/producto\\\/serie-imd-1060\\\/#primaryimage\",\"url\":\"https:\\\/\\\/www.mpechicago.com\\\/wp-content\\\/uploads\\\/2019\\\/12\\\/MPE-IMD-1060.png\",\"contentUrl\":\"https:\\\/\\\/www.mpechicago.com\\\/wp-content\\\/uploads\\\/2019\\\/12\\\/MPE-IMD-1060.png\",\"width\":600,\"height\":600,\"caption\":\"MPE IMD 1060\"},{\"@type\":\"BreadcrumbList\",\"@id\":\"https:\\\/\\\/www.mpechicago.com\\\/es\\\/producto\\\/serie-imd-1060\\\/#breadcrumb\",\"itemListElement\":[{\"@type\":\"ListItem\",\"position\":1,\"name\":\"Hogar\",\"item\":\"https:\\\/\\\/www.mpechicago.com\\\/es\\\/\"},{\"@type\":\"ListItem\",\"position\":2,\"name\":\"Private: Shop\",\"item\":\"https:\\\/\\\/www.mpechicago.com\\\/?page_id=1006\"},{\"@type\":\"ListItem\",\"position\":3,\"name\":\"Serie IMD 1060\"}]},{\"@type\":\"WebSite\",\"@id\":\"https:\\\/\\\/www.mpechicago.com\\\/es\\\/#website\",\"url\":\"https:\\\/\\\/www.mpechicago.com\\\/es\\\/\",\"name\":\"Equipos de proceso modernos\",\"description\":\"\",\"publisher\":{\"@id\":\"https:\\\/\\\/www.mpechicago.com\\\/es\\\/#organization\"},\"potentialAction\":[{\"@type\":\"SearchAction\",\"target\":{\"@type\":\"EntryPoint\",\"urlTemplate\":\"https:\\\/\\\/www.mpechicago.com\\\/es\\\/?s={search_term_string}\"},\"query-input\":{\"@type\":\"PropertyValueSpecification\",\"valueRequired\":true,\"valueName\":\"search_term_string\"}}],\"inLanguage\":\"es\"},{\"@type\":\"Organization\",\"@id\":\"https:\\\/\\\/www.mpechicago.com\\\/es\\\/#organization\",\"name\":\"Equipos de proceso modernos\",\"url\":\"https:\\\/\\\/www.mpechicago.com\\\/es\\\/\",\"logo\":{\"@type\":\"ImageObject\",\"inLanguage\":\"es\",\"@id\":\"https:\\\/\\\/www.mpechicago.com\\\/es\\\/#\\\/schema\\\/logo\\\/image\\\/\",\"url\":\"https:\\\/\\\/www.mpechicago.com\\\/wp-content\\\/uploads\\\/2019\\\/12\\\/logo.png\",\"contentUrl\":\"https:\\\/\\\/www.mpechicago.com\\\/wp-content\\\/uploads\\\/2019\\\/12\\\/logo.png\",\"width\":200,\"height\":91,\"caption\":\"Equipos de proceso modernos\"},\"image\":{\"@id\":\"https:\\\/\\\/www.mpechicago.com\\\/es\\\/#\\\/schema\\\/logo\\\/image\\\/\"}}]}<\/script>\n<!-- \/ Yoast SEO plugin. -->","yoast_head_json":{"title":"Serie IMD 1060 - Equipos de proceso modernos","description":"Modelo Gran-U-Lizer de la serie IMD 1060 para una reducci\u00f3n precisa del tama\u00f1o de part\u00edcula. MPE es el l\u00edder mundial en equipos de molienda para alimentos, productos qu\u00edmicos y minerales.","robots":{"index":"index","follow":"follow","max-snippet":"max-snippet:-1","max-image-preview":"max-image-preview:large","max-video-preview":"max-video-preview:-1"},"canonical":"https:\/\/www.mpechicago.com\/es\/producto\/serie-imd-1060\/","og_locale":"es_ES","og_type":"article","og_title":"Serie IMD 1060 - Equipos de proceso modernos","og_description":"Modelo Gran-U-Lizer de la serie IMD 1060 para una reducci\u00f3n precisa del tama\u00f1o de part\u00edcula. MPE es el l\u00edder mundial en equipos de molienda para alimentos, productos qu\u00edmicos y minerales.","og_url":"https:\/\/www.mpechicago.com\/es\/producto\/serie-imd-1060\/","og_site_name":"Equipos de proceso modernos","article_modified_time":"2025-05-12T05:12:21+00:00","og_image":[{"width":600,"height":600,"url":"https:\/\/www.mpechicago.com\/wp-content\/uploads\/2019\/12\/MPE-IMD-1060.png","type":"image\/png"}],"twitter_card":"summary_large_image","schema":{"@context":"https:\/\/schema.org","@graph":[{"@type":"WebPage","@id":"https:\/\/www.mpechicago.com\/es\/producto\/serie-imd-1060\/","url":"https:\/\/www.mpechicago.com\/es\/producto\/serie-imd-1060\/","name":"Serie IMD 1060 - Equipos de proceso modernos","isPartOf":{"@id":"https:\/\/www.mpechicago.com\/es\/#website"},"primaryImageOfPage":{"@id":"https:\/\/www.mpechicago.com\/es\/producto\/serie-imd-1060\/#primaryimage"},"image":{"@id":"https:\/\/www.mpechicago.com\/es\/producto\/serie-imd-1060\/#primaryimage"},"thumbnailUrl":"https:\/\/www.mpechicago.com\/wp-content\/uploads\/2019\/12\/MPE-IMD-1060.png","datePublished":"2019-12-18T17:26:11+00:00","dateModified":"2025-05-12T05:12:21+00:00","description":"Modelo Gran-U-Lizer de la serie IMD 1060 para una reducci\u00f3n precisa del tama\u00f1o de part\u00edcula. MPE es el l\u00edder mundial en equipos de molienda para alimentos, productos qu\u00edmicos y minerales.","breadcrumb":{"@id":"https:\/\/www.mpechicago.com\/es\/producto\/serie-imd-1060\/#breadcrumb"},"inLanguage":"es","potentialAction":[{"@type":"ReadAction","target":["https:\/\/www.mpechicago.com\/es\/producto\/serie-imd-1060\/"]}]},{"@type":"ImageObject","inLanguage":"es","@id":"https:\/\/www.mpechicago.com\/es\/producto\/serie-imd-1060\/#primaryimage","url":"https:\/\/www.mpechicago.com\/wp-content\/uploads\/2019\/12\/MPE-IMD-1060.png","contentUrl":"https:\/\/www.mpechicago.com\/wp-content\/uploads\/2019\/12\/MPE-IMD-1060.png","width":600,"height":600,"caption":"MPE IMD 1060"},{"@type":"BreadcrumbList","@id":"https:\/\/www.mpechicago.com\/es\/producto\/serie-imd-1060\/#breadcrumb","itemListElement":[{"@type":"ListItem","position":1,"name":"Hogar","item":"https:\/\/www.mpechicago.com\/es\/"},{"@type":"ListItem","position":2,"name":"Private: Shop","item":"https:\/\/www.mpechicago.com\/?page_id=1006"},{"@type":"ListItem","position":3,"name":"Serie IMD 1060"}]},{"@type":"WebSite","@id":"https:\/\/www.mpechicago.com\/es\/#website","url":"https:\/\/www.mpechicago.com\/es\/","name":"Equipos de proceso modernos","description":"","publisher":{"@id":"https:\/\/www.mpechicago.com\/es\/#organization"},"potentialAction":[{"@type":"SearchAction","target":{"@type":"EntryPoint","urlTemplate":"https:\/\/www.mpechicago.com\/es\/?s={search_term_string}"},"query-input":{"@type":"PropertyValueSpecification","valueRequired":true,"valueName":"search_term_string"}}],"inLanguage":"es"},{"@type":"Organization","@id":"https:\/\/www.mpechicago.com\/es\/#organization","name":"Equipos de proceso modernos","url":"https:\/\/www.mpechicago.com\/es\/","logo":{"@type":"ImageObject","inLanguage":"es","@id":"https:\/\/www.mpechicago.com\/es\/#\/schema\/logo\/image\/","url":"https:\/\/www.mpechicago.com\/wp-content\/uploads\/2019\/12\/logo.png","contentUrl":"https:\/\/www.mpechicago.com\/wp-content\/uploads\/2019\/12\/logo.png","width":200,"height":91,"caption":"Equipos de proceso modernos"},"image":{"@id":"https:\/\/www.mpechicago.com\/es\/#\/schema\/logo\/image\/"}}]}},"_links":{"self":[{"href":"https:\/\/www.mpechicago.com\/es\/wp-json\/wp\/v2\/product\/28611","targetHints":{"allow":["GET"]}}],"collection":[{"href":"https:\/\/www.mpechicago.com\/es\/wp-json\/wp\/v2\/product"}],"about":[{"href":"https:\/\/www.mpechicago.com\/es\/wp-json\/wp\/v2\/types\/product"}],"replies":[{"embeddable":true,"href":"https:\/\/www.mpechicago.com\/es\/wp-json\/wp\/v2\/comments?post=28611"}],"wp:featuredmedia":[{"embeddable":true,"href":"https:\/\/www.mpechicago.com\/es\/wp-json\/wp\/v2\/media\/19856"}],"wp:attachment":[{"href":"https:\/\/www.mpechicago.com\/es\/wp-json\/wp\/v2\/media?parent=28611"}],"wp:term":[{"taxonomy":"product_brand","embeddable":true,"href":"https:\/\/www.mpechicago.com\/es\/wp-json\/wp\/v2\/product_brand?post=28611"},{"taxonomy":"product_cat","embeddable":true,"href":"https:\/\/www.mpechicago.com\/es\/wp-json\/wp\/v2\/product_cat?post=28611"},{"taxonomy":"product_tag","embeddable":true,"href":"https:\/\/www.mpechicago.com\/es\/wp-json\/wp\/v2\/product_tag?post=28611"}],"curies":[{"name":"wp","href":"https:\/\/api.w.org\/{rel}","templated":true}]}}