{"id":48562,"date":"2025-09-08T13:16:55","date_gmt":"2025-09-08T18:16:55","guid":{"rendered":"https:\/\/www.mpechicago.com\/nueva-pagina-prueba-de-lengua\/"},"modified":"2025-09-08T13:40:32","modified_gmt":"2025-09-08T18:40:32","slug":"nueva-pagina-prueba-de-lengua","status":"publish","type":"page","link":"https:\/\/www.mpechicago.com\/es\/nueva-pagina-prueba-de-lengua\/","title":{"rendered":"Nueva p\u00e1gina Prueba de lengua"},"content":{"rendered":"<div class=\"wp-bootstrap-blocks-row\">\n\t<div class=\"row\">\n\t\t\n\n<div class=\"col-12 col-md-9 col-lg-9 col-xl-9\">\n\t<div class=\"\">\n\t\t\n\n<h1 class=\"wp-block-heading page-title pt-20\">Acerca de Modern Process Equipment Corporation<\/h1>\n\n\n\n<p class=\"intro\">Fundada en 1957 y con sede mundial en Chicago (EE.UU.), Modern Process Equipment Corporation, una empresa familiar, se ha forjado una reputaci\u00f3n por dise\u00f1ar, fabricar y ofrecer productos y servicios inigualables.<\/p>\n\n\n\n<p>MPE se dedica a liderar la invenci\u00f3n, el desarrollo y la fabricaci\u00f3n de los equipos de procesamiento m\u00e1s avanzados de nuestra industria, incluidas trituradoras, cintas transportadoras y soluciones de sistemas totales. Convertimos estas ofertas en valor para nuestros clientes a trav\u00e9s de nuestras soluciones y servicios profesionales. <\/p>\n\n\n\n<p>Llevamos a casa el mismo sentido del compromiso creando un lugar de trabajo en el que las personas se sientan inspiradas para ser lo mejor que pueden ser tanto profesional como personalmente.<\/p>\n\n\t<\/div>\n<\/div>\n\n\n\n<div class=\"col-12 col-md-3 col-lg-3 col-xl-3\">\n\t<div class=\"\">\n\t\t\n\n<h3 class=\"wp-block-heading has-text-align-left Pageblock-subtitle pt-20\">Interested in working at MPE?<\/h3>\n\n\n\n<figure class=\"wp-block-image size-full\"><img fetchpriority=\"high\" decoding=\"async\" width=\"700\" height=\"467\" src=\"http:\/\/www.mpechicago.com\/wp-content\/uploads\/2022\/10\/Group-Shot.jpg\" alt=\"\" class=\"wp-image-13799\" srcset=\"https:\/\/www.mpechicago.com\/wp-content\/uploads\/2022\/10\/Group-Shot.jpg 700w, https:\/\/www.mpechicago.com\/wp-content\/uploads\/2022\/10\/Group-Shot-600x400.jpg 600w\" sizes=\"(max-width: 700px) 100vw, 700px\" \/><\/figure>\n\n\n\n<div style=\"height:20px\" aria-hidden=\"true\" class=\"wp-block-spacer\"><\/div>\n\n\n<div class=\"wp-bootstrap-blocks-button text-left\">\n\t<a href=\"http:\/\/www.mpechicago.com\/es\/careers\/\" class=\"btn btn-lg ticss-e323cd10 btn-primary\">\n\t\t Open Positions\t<\/a>\n<\/div>\n\n\t<\/div>\n<\/div>\n\n\t<\/div>\n<\/div>\n\n\n\n<div style=\"height:100px\" aria-hidden=\"true\" class=\"wp-block-spacer\"><\/div>\n\n\n<div class=\"wp-bootstrap-blocks-container container mb-2 positionrelative ticss-557f38c4 box-types\">\n\t\n\n<h3 class=\"wp-block-heading has-text-align-center Pageblock-subtitle ticss-e44a83c5\">MPE&#8217;s Divisions<\/h3>\n\n\n\n<hr class=\"wp-block-separator has-css-opacity Pageblock-subtitleDecoration\"\/>\n\n\n<div class=\"wp-bootstrap-blocks-row ticss-aefb281e\">\n\t<div class=\"row\">\n\t\t\n\n<div class=\"col-12 col-md-3 col-lg-3 col-xl-3\">\n\t<div class=\"\">\n\t\t\n\n<figure class=\"wp-block-image size-large\"><a href=\"http:\/\/www.mpechicago.com\/es\/coffee-grinders\"><img decoding=\"async\" width=\"1024\" height=\"658\" src=\"http:\/\/www.mpechicago.com\/wp-content\/uploads\/2019\/12\/Dan-Phil-700x450-1024x658.jpg\" alt=\"\" class=\"wp-image-342\" srcset=\"https:\/\/www.mpechicago.com\/wp-content\/uploads\/2019\/12\/Dan-Phil-700x450-1024x658.jpg 1024w, https:\/\/www.mpechicago.com\/wp-content\/uploads\/2019\/12\/Dan-Phil-700x450-600x386.jpg 600w, https:\/\/www.mpechicago.com\/wp-content\/uploads\/2019\/12\/Dan-Phil-700x450-300x193.jpg 300w, https:\/\/www.mpechicago.com\/wp-content\/uploads\/2019\/12\/Dan-Phil-700x450-768x494.jpg 768w, https:\/\/www.mpechicago.com\/wp-content\/uploads\/2019\/12\/Dan-Phil-700x450-1536x987.jpg 1536w, https:\/\/www.mpechicago.com\/wp-content\/uploads\/2019\/12\/Dan-Phil-700x450-1200x771.jpg 1200w, https:\/\/www.mpechicago.com\/wp-content\/uploads\/2019\/12\/Dan-Phil-700x450-1980x1272.jpg 1980w, https:\/\/www.mpechicago.com\/wp-content\/uploads\/2019\/12\/Dan-Phil-700x450.jpg 2026w\" sizes=\"(max-width: 1024px) 100vw, 1024px\" \/><\/a><\/figure>\n\n\n\n<h3 class=\"wp-block-heading has-text-align-left Pageblock-subtitle ticss-304e163f\"><a href=\"http:\/\/www.mpechicago.com\/es\/coffee-grinders\">Industrial Style Coffee Grinding Equipment<\/a><\/h3>\n\n\n\n<hr class=\"wp-block-separator has-css-opacity Pageblock-subtitleDecorationborder\"\/>\n\n\n\n<p class=\"has-text-align-left noanchor\"><a href=\"http:\/\/www.mpechicago.com\/es\/coffee-grinders\">Nuestros molinillos de caf\u00e9 manejan todo tipo de caf\u00e9, incluidos solubles, espresso, c\u00e1psulas, c\u00e1psulas, turco y ultrafino.<\/a> <\/p>\n\n\t<\/div>\n<\/div>\n\n\n\n<div class=\"col-12 col-md-3 col-lg-3 col-xl-3\">\n\t<div class=\"\">\n\t\t\n\n<figure class=\"wp-block-image size-large\"><a href=\"http:\/\/www.mpechicago.com\/es\/size-reduction-machines\/\"><img decoding=\"async\" width=\"700\" height=\"450\" src=\"http:\/\/www.mpechicago.com\/wp-content\/uploads\/2019\/12\/mpe-coffee-grinder-700X450.png\" alt=\"\" class=\"wp-image-353\" srcset=\"https:\/\/www.mpechicago.com\/wp-content\/uploads\/2019\/12\/mpe-coffee-grinder-700X450.png 700w, https:\/\/www.mpechicago.com\/wp-content\/uploads\/2019\/12\/mpe-coffee-grinder-700X450-600x386.png 600w, https:\/\/www.mpechicago.com\/wp-content\/uploads\/2019\/12\/mpe-coffee-grinder-700X450-300x193.png 300w\" sizes=\"(max-width: 700px) 100vw, 700px\" \/><\/a><\/figure>\n\n\n\n<h3 class=\"wp-block-heading has-text-align-left Pageblock-subtitle ticss-304e163f\"><a href=\"http:\/\/www.mpechicago.com\/es\/size-reduction-machines\/\">State-of-the-Art Grinding Technology<\/a><\/h3>\n\n\n\n<hr class=\"wp-block-separator has-css-opacity Pageblock-subtitleDecorationborder\"\/>\n\n\n\n<p class=\"has-text-align-left noanchor\"><a href=\"http:\/\/www.mpechicago.com\/es\/size-reduction-machines\/\">Nuestros molinos estilo molino de rodillos de \u00faltima generaci\u00f3n ofrecen mayores rendimientos, reducen los finos no deseados y logran una reducci\u00f3n superior del tama\u00f1o de las part\u00edculas.<\/a><\/p>\n\n\t<\/div>\n<\/div>\n\n\n\n<div class=\"col-12 col-md-3 col-lg-3 col-xl-3\">\n\t<div class=\"\">\n\t\t\n\n<figure class=\"wp-block-image size-large\"><a href=\"http:\/\/www.mpechicago.com\/es\/chain-vey\/\"><img loading=\"lazy\" decoding=\"async\" width=\"700\" height=\"451\" src=\"http:\/\/www.mpechicago.com\/wp-content\/uploads\/2019\/12\/Chain-Vey-system-700x450-1.jpg\" alt=\"\" class=\"wp-image-357\" srcset=\"https:\/\/www.mpechicago.com\/wp-content\/uploads\/2019\/12\/Chain-Vey-system-700x450-1.jpg 700w, https:\/\/www.mpechicago.com\/wp-content\/uploads\/2019\/12\/Chain-Vey-system-700x450-1-600x387.jpg 600w, https:\/\/www.mpechicago.com\/wp-content\/uploads\/2019\/12\/Chain-Vey-system-700x450-1-300x193.jpg 300w\" sizes=\"(max-width: 700px) 100vw, 700px\" \/><\/a><\/figure>\n\n\n\n<h3 class=\"wp-block-heading has-text-align-left Pageblock-subtitle ticss-304e163f\"><a href=\"http:\/\/www.mpechicago.com\/es\/chain-vey\/\">Chain-Vey Tubular Drag Conveyor Systems<\/a><\/h3>\n\n\n\n<hr class=\"wp-block-separator has-css-opacity Pageblock-subtitleDecorationborder\"\/>\n\n\n\n<p class=\"has-text-align-left noanchor\"><a href=\"http:\/\/www.mpechicago.com\/es\/chain-vey\/\">Los transportadores tubulares Chain-Vey de MPE se utilizan para transportar de manera suave y eficiente cientos de productos como granos, nueces, alimentos para mascotas, especias, polvos a granel y m\u00e1s.<\/a><\/p>\n\n\t<\/div>\n<\/div>\n\n\n\n<div class=\"col-12 col-md-3 col-lg-3 col-xl-3\">\n\t<div class=\"\">\n\t\t\n\n<figure class=\"wp-block-image size-large\"><a href=\"http:\/\/www.mpechicago.com\/es\/process-systems-integration\/\"><img loading=\"lazy\" decoding=\"async\" width=\"700\" height=\"450\" src=\"http:\/\/www.mpechicago.com\/wp-content\/uploads\/2019\/12\/Systems-Image-700x450.jpg\" alt=\"\" class=\"wp-image-355\" srcset=\"https:\/\/www.mpechicago.com\/wp-content\/uploads\/2019\/12\/Systems-Image-700x450.jpg 700w, https:\/\/www.mpechicago.com\/wp-content\/uploads\/2019\/12\/Systems-Image-700x450-600x386.jpg 600w, https:\/\/www.mpechicago.com\/wp-content\/uploads\/2019\/12\/Systems-Image-700x450-300x193.jpg 300w\" sizes=\"(max-width: 700px) 100vw, 700px\" \/><\/a><\/figure>\n\n\n\n<h3 class=\"wp-block-heading has-text-align-left Pageblock-subtitle ticss-304e163f\"><a href=\"http:\/\/www.mpechicago.com\/es\/process-systems-integration\/\">Process Systems Integration<\/a><\/h3>\n\n\n\n<hr class=\"wp-block-separator has-css-opacity Pageblock-subtitleDecorationborder\"\/>\n\n\n\n<p class=\"has-text-align-left noanchor\"><a href=\"http:\/\/www.mpechicago.com\/es\/process-systems-integration\/\">MPE ofrece soluciones personalizadas para la clasificaci\u00f3n, el almacenamiento, el transporte, la mezcla, la reducci\u00f3n del tama\u00f1o de part\u00edcula y la automatizaci\u00f3n llave en mano para diversas industrias y aplicaciones.<\/a><\/p>\n\n\t<\/div>\n<\/div>\n\n\t<\/div>\n<\/div>\n\n<\/div>\n\n\n\n<div style=\"height:100px\" aria-hidden=\"true\" class=\"wp-block-spacer\"><\/div>\n\n\n<div class=\"wp-bootstrap-blocks-row\">\n\t<div class=\"row no-gutters\">\n\t\t\n\n<div class=\"col-12 col-md-6\">\n\t<div class=\"\">\n\t\t\n\n<figure class=\"wp-block-image alignwide size-large mb-0\"><img loading=\"lazy\" decoding=\"async\" width=\"800\" height=\"536\" src=\"http:\/\/www.mpechicago.com\/wp-content\/uploads\/2019\/12\/Group-photo_1.jpg\" alt=\"\" class=\"wp-image-363\" srcset=\"https:\/\/www.mpechicago.com\/wp-content\/uploads\/2019\/12\/Group-photo_1.jpg 800w, https:\/\/www.mpechicago.com\/wp-content\/uploads\/2019\/12\/Group-photo_1-600x402.jpg 600w, https:\/\/www.mpechicago.com\/wp-content\/uploads\/2019\/12\/Group-photo_1-768x515.jpg 768w\" sizes=\"(max-width: 800px) 100vw, 800px\" \/><\/figure>\n\n\t<\/div>\n<\/div>\n\n\n\n<div class=\"col-12 col-md-6 Pageblock-textWrapper\">\n\t<div class=\"\">\n\t\t\n\n<h2 class=\"wp-block-heading\">THE MPE FAMILY <\/h2>\n\n\n\n<p>Nos comprometemos a crear un lugar de trabajo en el que las personas se sientan inspiradas para ser lo mejor que puedan ser tanto profesional como personalmente.<\/p>\n\n\n<div class=\"wp-bootstrap-blocks-button\">\n\t<a href=\"http:\/\/www.mpechicago.com\/es\/beginnings-and-commitments-mpe\/\" class=\"btn btn-outline-dark\">\n\t\tRead more about MPE&#039;s history anD Culture  \t<\/a>\n<\/div>\n\n\t<\/div>\n<\/div>\n\n\t<\/div>\n<\/div>\n\n\n<div class=\"wp-bootstrap-blocks-row\">\n\t<div class=\"row no-gutters\">\n\t\t\n\n<div class=\"col-12 col-md-6 order-lg-1\">\n\t<div class=\"\">\n\t\t\n<div tabindex=\"0\" class=\"cycloneslider cycloneslider-template-standard cycloneslider-width-full\" id=\"cycloneslider-about-us-slider-2-1\" > <div class=\"cycloneslider-slides cycle-slideshow\" data-cycle-allow-wrap=\"true\" data-cycle-dynamic-height=\"off\" data-cycle-auto-height=\"960:600\" data-cycle-auto-height-easing=\"null\" data-cycle-auto-height-speed=\"250\" data-cycle-delay=\"0\" data-cycle-easing=\"\" data-cycle-fx=\"fade\" data-cycle-hide-non-active=\"true\" data-cycle-log=\"false\" data-cycle-next=\"#cycloneslider-about-us-slider-2-1 .cycloneslider-next\" data-cycle-pager=\"#cycloneslider-about-us-slider-2-1 .cycloneslider-pager\" data-cycle-pause-on-hover=\"true\" data-cycle-prev=\"#cycloneslider-about-us-slider-2-1 .cycloneslider-prev\" data-cycle-slides=\"&gt; div\" data-cycle-speed=\"1000\" data-cycle-swipe=\"1\" data-cycle-tile-count=\"7\" data-cycle-tile-delay=\"100\" data-cycle-tile-vertical=\"true\" data-cycle-timeout=\"4000\" > <div class=\"cycloneslider-slide cycloneslider-slide-image\" > <img decoding=\"async\" src=\"https:\/\/www.mpechicago.com\/wp-content\/uploads\/2019\/12\/Hector_0-960x600.jpg\" alt=\"\" title=\"\" \/> <\/div> <div class=\"cycloneslider-slide cycloneslider-slide-image\" > <img decoding=\"async\" src=\"https:\/\/www.mpechicago.com\/wp-content\/uploads\/2019\/12\/header9-960x600.jpg\" alt=\"\" title=\"\" \/> <\/div> <div class=\"cycloneslider-slide cycloneslider-slide-image\" > <img decoding=\"async\" src=\"https:\/\/www.mpechicago.com\/wp-content\/uploads\/2019\/12\/header8x-960x600.jpg\" alt=\"\" title=\"\" \/> <\/div> <div class=\"cycloneslider-slide cycloneslider-slide-image\" > <img decoding=\"async\" src=\"https:\/\/www.mpechicago.com\/wp-content\/uploads\/2019\/12\/header7-960x600.jpg\" alt=\"\" title=\"\" \/> <\/div> <div class=\"cycloneslider-slide cycloneslider-slide-image\" > <img decoding=\"async\" src=\"https:\/\/www.mpechicago.com\/wp-content\/uploads\/2019\/12\/header6x-960x600.jpg\" alt=\"\" title=\"\" \/> <\/div> <div class=\"cycloneslider-slide cycloneslider-slide-image\" > <img decoding=\"async\" src=\"https:\/\/www.mpechicago.com\/wp-content\/uploads\/2019\/12\/header5-960x600.jpg\" alt=\"\" title=\"\" \/> <\/div> <div class=\"cycloneslider-slide cycloneslider-slide-image\" > <img decoding=\"async\" src=\"https:\/\/www.mpechicago.com\/wp-content\/uploads\/2019\/12\/header4-960x600.jpg\" alt=\"\" title=\"\" \/> <\/div> <div class=\"cycloneslider-slide cycloneslider-slide-image\" > <img decoding=\"async\" src=\"https:\/\/www.mpechicago.com\/wp-content\/uploads\/2019\/12\/header3-960x600.jpg\" alt=\"\" title=\"\" \/> <\/div> <div class=\"cycloneslider-slide cycloneslider-slide-image\" > <img decoding=\"async\" src=\"https:\/\/www.mpechicago.com\/wp-content\/uploads\/2019\/12\/header2-960x600.jpg\" alt=\"\" title=\"\" \/> <\/div> <\/div> <a href=\"#\" class=\"cycloneslider-prev\"> <span class=\"arrow\"><\/span> <\/a> <a href=\"#\" class=\"cycloneslider-next\"> <span class=\"arrow\"><\/span> <\/a> <\/div>\n\n\t<\/div>\n<\/div>\n\n\n\n<div class=\"col-12 col-md-6 Pageblock-textWrapper alignment-right\">\n\t<div class=\"\">\n\t\t\n\n<h2 class=\"wp-block-heading\">MPE Throughout the Years<\/h2>\n\n\n\n<p>MPE siempre ha sido una empresa centrada en la familia. Estamos orgullosos de lo que somos y nuestras fotos nos recuerdan a las muchas grandes personas que ayudaron a convertir nuestra empresa en lo que es hoy. Tambi\u00e9n miramos con alegr\u00eda a las futuras generaciones que se convertir\u00e1n en los l\u00edderes del ma\u00f1ana.    <\/p>\n\n\t<\/div>\n<\/div>\n\n\t<\/div>\n<\/div>\n","protected":false},"excerpt":{"rendered":"","protected":false},"author":25,"featured_media":0,"parent":0,"menu_order":0,"comment_status":"closed","ping_status":"closed","template":"","meta":{"_acf_changed":false,"content-type":"","rs_blank_template":"","rs_page_bg_color":"","slide_template_v7":"","footnotes":""},"class_list":["post-48562","page","type-page","status-publish","hentry"],"acf":[],"yoast_head":"<!-- This site is optimized with the Yoast SEO plugin v27.6 - https:\/\/yoast.com\/product\/yoast-seo-wordpress\/ -->\n<title>Nueva p\u00e1gina Prueba de lengua - Equipos de proceso modernos<\/title>\n<meta name=\"robots\" content=\"index, follow, max-snippet:-1, max-image-preview:large, max-video-preview:-1\" \/>\n<link rel=\"canonical\" href=\"https:\/\/www.mpechicago.com\/es\/nueva-pagina-prueba-de-lengua\/\" \/>\n<meta property=\"og:locale\" content=\"es_ES\" \/>\n<meta property=\"og:type\" content=\"article\" \/>\n<meta property=\"og:title\" content=\"Nueva p\u00e1gina Prueba de lengua - Equipos de proceso modernos\" \/>\n<meta property=\"og:url\" content=\"https:\/\/www.mpechicago.com\/es\/nueva-pagina-prueba-de-lengua\/\" \/>\n<meta property=\"og:site_name\" content=\"Equipos de proceso modernos\" \/>\n<meta property=\"article:modified_time\" content=\"2025-09-08T18:40:32+00:00\" \/>\n<meta property=\"og:image\" content=\"https:\/\/www.mpechicago.com\/wp-content\/uploads\/2022\/10\/Group-Shot.jpg\" \/>\n\t<meta property=\"og:image:width\" content=\"700\" \/>\n\t<meta property=\"og:image:height\" content=\"467\" \/>\n\t<meta property=\"og:image:type\" content=\"image\/jpeg\" \/>\n<meta name=\"twitter:card\" content=\"summary_large_image\" \/>\n<meta name=\"twitter:label1\" content=\"Tiempo de lectura\" \/>\n\t<meta name=\"twitter:data1\" content=\"3 minutos\" \/>\n<script type=\"application\/ld+json\" class=\"yoast-schema-graph\">{\"@context\":\"https:\\\/\\\/schema.org\",\"@graph\":[{\"@type\":\"WebPage\",\"@id\":\"https:\\\/\\\/www.mpechicago.com\\\/es\\\/nueva-pagina-prueba-de-lengua\\\/\",\"url\":\"https:\\\/\\\/www.mpechicago.com\\\/es\\\/nueva-pagina-prueba-de-lengua\\\/\",\"name\":\"Nueva p\u00e1gina Prueba de lengua - Equipos de proceso modernos\",\"isPartOf\":{\"@id\":\"https:\\\/\\\/www.mpechicago.com\\\/es\\\/#website\"},\"primaryImageOfPage\":{\"@id\":\"https:\\\/\\\/www.mpechicago.com\\\/es\\\/nueva-pagina-prueba-de-lengua\\\/#primaryimage\"},\"image\":{\"@id\":\"https:\\\/\\\/www.mpechicago.com\\\/es\\\/nueva-pagina-prueba-de-lengua\\\/#primaryimage\"},\"thumbnailUrl\":\"http:\\\/\\\/www.mpechicago.com\\\/wp-content\\\/uploads\\\/2022\\\/10\\\/Group-Shot.jpg\",\"datePublished\":\"2025-09-08T18:16:55+00:00\",\"dateModified\":\"2025-09-08T18:40:32+00:00\",\"breadcrumb\":{\"@id\":\"https:\\\/\\\/www.mpechicago.com\\\/es\\\/nueva-pagina-prueba-de-lengua\\\/#breadcrumb\"},\"inLanguage\":\"es\",\"potentialAction\":[{\"@type\":\"ReadAction\",\"target\":[\"https:\\\/\\\/www.mpechicago.com\\\/es\\\/nueva-pagina-prueba-de-lengua\\\/\"]}]},{\"@type\":\"ImageObject\",\"inLanguage\":\"es\",\"@id\":\"https:\\\/\\\/www.mpechicago.com\\\/es\\\/nueva-pagina-prueba-de-lengua\\\/#primaryimage\",\"url\":\"http:\\\/\\\/www.mpechicago.com\\\/wp-content\\\/uploads\\\/2022\\\/10\\\/Group-Shot.jpg\",\"contentUrl\":\"http:\\\/\\\/www.mpechicago.com\\\/wp-content\\\/uploads\\\/2022\\\/10\\\/Group-Shot.jpg\"},{\"@type\":\"BreadcrumbList\",\"@id\":\"https:\\\/\\\/www.mpechicago.com\\\/es\\\/nueva-pagina-prueba-de-lengua\\\/#breadcrumb\",\"itemListElement\":[{\"@type\":\"ListItem\",\"position\":1,\"name\":\"Hogar\",\"item\":\"https:\\\/\\\/www.mpechicago.com\\\/es\\\/\"},{\"@type\":\"ListItem\",\"position\":2,\"name\":\"Nueva p\u00e1gina Prueba de lengua\"}]},{\"@type\":\"WebSite\",\"@id\":\"https:\\\/\\\/www.mpechicago.com\\\/es\\\/#website\",\"url\":\"https:\\\/\\\/www.mpechicago.com\\\/es\\\/\",\"name\":\"Equipos de proceso modernos\",\"description\":\"\",\"publisher\":{\"@id\":\"https:\\\/\\\/www.mpechicago.com\\\/es\\\/#organization\"},\"potentialAction\":[{\"@type\":\"SearchAction\",\"target\":{\"@type\":\"EntryPoint\",\"urlTemplate\":\"https:\\\/\\\/www.mpechicago.com\\\/es\\\/?s={search_term_string}\"},\"query-input\":{\"@type\":\"PropertyValueSpecification\",\"valueRequired\":true,\"valueName\":\"search_term_string\"}}],\"inLanguage\":\"es\"},{\"@type\":\"Organization\",\"@id\":\"https:\\\/\\\/www.mpechicago.com\\\/es\\\/#organization\",\"name\":\"Equipos de proceso modernos\",\"url\":\"https:\\\/\\\/www.mpechicago.com\\\/es\\\/\",\"logo\":{\"@type\":\"ImageObject\",\"inLanguage\":\"es\",\"@id\":\"https:\\\/\\\/www.mpechicago.com\\\/es\\\/#\\\/schema\\\/logo\\\/image\\\/\",\"url\":\"https:\\\/\\\/www.mpechicago.com\\\/wp-content\\\/uploads\\\/2019\\\/12\\\/logo.png\",\"contentUrl\":\"https:\\\/\\\/www.mpechicago.com\\\/wp-content\\\/uploads\\\/2019\\\/12\\\/logo.png\",\"width\":200,\"height\":91,\"caption\":\"Equipos de proceso modernos\"},\"image\":{\"@id\":\"https:\\\/\\\/www.mpechicago.com\\\/es\\\/#\\\/schema\\\/logo\\\/image\\\/\"}}]}<\/script>\n<!-- \/ Yoast SEO plugin. -->","yoast_head_json":{"title":"Nueva p\u00e1gina Prueba de lengua - Equipos de proceso modernos","robots":{"index":"index","follow":"follow","max-snippet":"max-snippet:-1","max-image-preview":"max-image-preview:large","max-video-preview":"max-video-preview:-1"},"canonical":"https:\/\/www.mpechicago.com\/es\/nueva-pagina-prueba-de-lengua\/","og_locale":"es_ES","og_type":"article","og_title":"Nueva p\u00e1gina Prueba de lengua - Equipos de proceso modernos","og_url":"https:\/\/www.mpechicago.com\/es\/nueva-pagina-prueba-de-lengua\/","og_site_name":"Equipos de proceso modernos","article_modified_time":"2025-09-08T18:40:32+00:00","og_image":[{"width":700,"height":467,"url":"https:\/\/www.mpechicago.com\/wp-content\/uploads\/2022\/10\/Group-Shot.jpg","type":"image\/jpeg"}],"twitter_card":"summary_large_image","twitter_misc":{"Tiempo de lectura":"3 minutos"},"schema":{"@context":"https:\/\/schema.org","@graph":[{"@type":"WebPage","@id":"https:\/\/www.mpechicago.com\/es\/nueva-pagina-prueba-de-lengua\/","url":"https:\/\/www.mpechicago.com\/es\/nueva-pagina-prueba-de-lengua\/","name":"Nueva p\u00e1gina Prueba de lengua - Equipos de proceso modernos","isPartOf":{"@id":"https:\/\/www.mpechicago.com\/es\/#website"},"primaryImageOfPage":{"@id":"https:\/\/www.mpechicago.com\/es\/nueva-pagina-prueba-de-lengua\/#primaryimage"},"image":{"@id":"https:\/\/www.mpechicago.com\/es\/nueva-pagina-prueba-de-lengua\/#primaryimage"},"thumbnailUrl":"http:\/\/www.mpechicago.com\/wp-content\/uploads\/2022\/10\/Group-Shot.jpg","datePublished":"2025-09-08T18:16:55+00:00","dateModified":"2025-09-08T18:40:32+00:00","breadcrumb":{"@id":"https:\/\/www.mpechicago.com\/es\/nueva-pagina-prueba-de-lengua\/#breadcrumb"},"inLanguage":"es","potentialAction":[{"@type":"ReadAction","target":["https:\/\/www.mpechicago.com\/es\/nueva-pagina-prueba-de-lengua\/"]}]},{"@type":"ImageObject","inLanguage":"es","@id":"https:\/\/www.mpechicago.com\/es\/nueva-pagina-prueba-de-lengua\/#primaryimage","url":"http:\/\/www.mpechicago.com\/wp-content\/uploads\/2022\/10\/Group-Shot.jpg","contentUrl":"http:\/\/www.mpechicago.com\/wp-content\/uploads\/2022\/10\/Group-Shot.jpg"},{"@type":"BreadcrumbList","@id":"https:\/\/www.mpechicago.com\/es\/nueva-pagina-prueba-de-lengua\/#breadcrumb","itemListElement":[{"@type":"ListItem","position":1,"name":"Hogar","item":"https:\/\/www.mpechicago.com\/es\/"},{"@type":"ListItem","position":2,"name":"Nueva p\u00e1gina Prueba de lengua"}]},{"@type":"WebSite","@id":"https:\/\/www.mpechicago.com\/es\/#website","url":"https:\/\/www.mpechicago.com\/es\/","name":"Equipos de proceso modernos","description":"","publisher":{"@id":"https:\/\/www.mpechicago.com\/es\/#organization"},"potentialAction":[{"@type":"SearchAction","target":{"@type":"EntryPoint","urlTemplate":"https:\/\/www.mpechicago.com\/es\/?s={search_term_string}"},"query-input":{"@type":"PropertyValueSpecification","valueRequired":true,"valueName":"search_term_string"}}],"inLanguage":"es"},{"@type":"Organization","@id":"https:\/\/www.mpechicago.com\/es\/#organization","name":"Equipos de proceso modernos","url":"https:\/\/www.mpechicago.com\/es\/","logo":{"@type":"ImageObject","inLanguage":"es","@id":"https:\/\/www.mpechicago.com\/es\/#\/schema\/logo\/image\/","url":"https:\/\/www.mpechicago.com\/wp-content\/uploads\/2019\/12\/logo.png","contentUrl":"https:\/\/www.mpechicago.com\/wp-content\/uploads\/2019\/12\/logo.png","width":200,"height":91,"caption":"Equipos de proceso modernos"},"image":{"@id":"https:\/\/www.mpechicago.com\/es\/#\/schema\/logo\/image\/"}}]}},"_links":{"self":[{"href":"https:\/\/www.mpechicago.com\/es\/wp-json\/wp\/v2\/pages\/48562","targetHints":{"allow":["GET"]}}],"collection":[{"href":"https:\/\/www.mpechicago.com\/es\/wp-json\/wp\/v2\/pages"}],"about":[{"href":"https:\/\/www.mpechicago.com\/es\/wp-json\/wp\/v2\/types\/page"}],"author":[{"embeddable":true,"href":"https:\/\/www.mpechicago.com\/es\/wp-json\/wp\/v2\/users\/25"}],"replies":[{"embeddable":true,"href":"https:\/\/www.mpechicago.com\/es\/wp-json\/wp\/v2\/comments?post=48562"}],"version-history":[{"count":2,"href":"https:\/\/www.mpechicago.com\/es\/wp-json\/wp\/v2\/pages\/48562\/revisions"}],"predecessor-version":[{"id":48575,"href":"https:\/\/www.mpechicago.com\/es\/wp-json\/wp\/v2\/pages\/48562\/revisions\/48575"}],"wp:attachment":[{"href":"https:\/\/www.mpechicago.com\/es\/wp-json\/wp\/v2\/media?parent=48562"}],"curies":[{"name":"wp","href":"https:\/\/api.w.org\/{rel}","templated":true}]}}