{"id":48022,"date":"2025-06-27T10:18:09","date_gmt":"2025-06-27T15:18:09","guid":{"rendered":"https:\/\/www.mpechicago.com\/piezas-y-servicio\/"},"modified":"2025-08-12T09:59:55","modified_gmt":"2025-08-12T14:59:55","slug":"piezas-y-servicio","status":"publish","type":"page","link":"https:\/\/www.mpechicago.com\/es\/piezas-y-servicio\/","title":{"rendered":"Piezas y servicio"},"content":{"rendered":"","protected":true},"excerpt":{"rendered":"","protected":true},"author":33,"featured_media":0,"parent":0,"menu_order":0,"comment_status":"closed","ping_status":"closed","template":"","meta":{"_acf_changed":false,"content-type":"","rs_blank_template":"","rs_page_bg_color":"","slide_template_v7":"","footnotes":""},"class_list":["post-48022","page","type-page","status-publish","post-password-required","hentry"],"acf":[],"yoast_head":"<!-- This site is optimized with the Yoast SEO plugin v27.5 - https:\/\/yoast.com\/product\/yoast-seo-wordpress\/ -->\n<title>Servicios y soporte: soluciones integrales para mantenimiento y asistencia t\u00e9cnica<\/title>\n<meta name=\"description\" content=\"Servicios y soporte: Documentaci\u00f3n de mantenimiento integral, piezas y asistencia t\u00e9cnica para su equipo MPE.\" \/>\n<meta name=\"robots\" content=\"index, follow, max-snippet:-1, max-image-preview:large, max-video-preview:-1\" \/>\n<link rel=\"canonical\" href=\"https:\/\/www.mpechicago.com\/es\/piezas-y-servicio\/\" \/>\n<meta property=\"og:locale\" content=\"es_ES\" \/>\n<meta property=\"og:type\" content=\"article\" \/>\n<meta property=\"og:title\" content=\"Servicios y soporte: soluciones integrales para mantenimiento y asistencia t\u00e9cnica\" \/>\n<meta property=\"og:description\" content=\"Servicios y soporte: Documentaci\u00f3n de mantenimiento integral, piezas y asistencia t\u00e9cnica para su equipo MPE.\" \/>\n<meta property=\"og:url\" content=\"https:\/\/www.mpechicago.com\/es\/piezas-y-servicio\/\" \/>\n<meta property=\"og:site_name\" content=\"Equipos de proceso modernos\" \/>\n<meta property=\"article:modified_time\" content=\"2025-08-12T14:59:55+00:00\" \/>\n<meta name=\"twitter:card\" content=\"summary_large_image\" \/>\n<meta name=\"twitter:label1\" content=\"Tiempo de lectura\" \/>\n\t<meta name=\"twitter:data1\" content=\"1 minuto\" \/>\n<script type=\"application\/ld+json\" class=\"yoast-schema-graph\">{\"@context\":\"https:\\\/\\\/schema.org\",\"@graph\":[{\"@type\":\"WebPage\",\"@id\":\"https:\\\/\\\/www.mpechicago.com\\\/es\\\/piezas-y-servicio\\\/\",\"url\":\"https:\\\/\\\/www.mpechicago.com\\\/es\\\/piezas-y-servicio\\\/\",\"name\":\"Servicios y soporte: soluciones integrales para mantenimiento y asistencia t\u00e9cnica\",\"isPartOf\":{\"@id\":\"https:\\\/\\\/www.mpechicago.com\\\/es\\\/#website\"},\"datePublished\":\"2025-06-27T15:18:09+00:00\",\"dateModified\":\"2025-08-12T14:59:55+00:00\",\"breadcrumb\":{\"@id\":\"https:\\\/\\\/www.mpechicago.com\\\/es\\\/piezas-y-servicio\\\/#breadcrumb\"},\"inLanguage\":\"es\"},{\"@type\":\"WebSite\",\"@id\":\"https:\\\/\\\/www.mpechicago.com\\\/es\\\/#website\",\"url\":\"https:\\\/\\\/www.mpechicago.com\\\/es\\\/\",\"name\":\"Equipos de proceso modernos\",\"description\":\"\",\"publisher\":{\"@id\":\"https:\\\/\\\/www.mpechicago.com\\\/es\\\/#organization\"},\"potentialAction\":[{\"@type\":\"SearchAction\",\"target\":{\"@type\":\"EntryPoint\",\"urlTemplate\":\"https:\\\/\\\/www.mpechicago.com\\\/es\\\/?s={search_term_string}\"},\"query-input\":{\"@type\":\"PropertyValueSpecification\",\"valueRequired\":true,\"valueName\":\"search_term_string\"}}],\"inLanguage\":\"es\"},{\"@type\":\"Organization\",\"@id\":\"https:\\\/\\\/www.mpechicago.com\\\/es\\\/#organization\",\"name\":\"Equipos de proceso modernos\",\"url\":\"https:\\\/\\\/www.mpechicago.com\\\/es\\\/\",\"logo\":{\"@type\":\"ImageObject\",\"inLanguage\":\"es\",\"@id\":\"https:\\\/\\\/www.mpechicago.com\\\/es\\\/#\\\/schema\\\/logo\\\/image\\\/\",\"url\":\"https:\\\/\\\/www.mpechicago.com\\\/wp-content\\\/uploads\\\/2019\\\/12\\\/logo.png\",\"contentUrl\":\"https:\\\/\\\/www.mpechicago.com\\\/wp-content\\\/uploads\\\/2019\\\/12\\\/logo.png\",\"width\":200,\"height\":91,\"caption\":\"Equipos de proceso modernos\"},\"image\":{\"@id\":\"https:\\\/\\\/www.mpechicago.com\\\/es\\\/#\\\/schema\\\/logo\\\/image\\\/\"}}]}<\/script>\n<!-- \/ Yoast SEO plugin. -->","yoast_head_json":{"title":"Servicios y soporte: soluciones integrales para mantenimiento y asistencia t\u00e9cnica","description":"Servicios y soporte: Documentaci\u00f3n de mantenimiento integral, piezas y asistencia t\u00e9cnica para su equipo MPE.","robots":{"index":"index","follow":"follow","max-snippet":"max-snippet:-1","max-image-preview":"max-image-preview:large","max-video-preview":"max-video-preview:-1"},"canonical":"https:\/\/www.mpechicago.com\/es\/piezas-y-servicio\/","og_locale":"es_ES","og_type":"article","og_title":"Servicios y soporte: soluciones integrales para mantenimiento y asistencia t\u00e9cnica","og_description":"Servicios y soporte: Documentaci\u00f3n de mantenimiento integral, piezas y asistencia t\u00e9cnica para su equipo MPE.","og_url":"https:\/\/www.mpechicago.com\/es\/piezas-y-servicio\/","og_site_name":"Equipos de proceso modernos","article_modified_time":"2025-08-12T14:59:55+00:00","twitter_card":"summary_large_image","twitter_misc":{"Tiempo de lectura":"1 minuto"},"schema":{"@context":"https:\/\/schema.org","@graph":[{"@type":"WebPage","@id":"https:\/\/www.mpechicago.com\/es\/piezas-y-servicio\/","url":"https:\/\/www.mpechicago.com\/es\/piezas-y-servicio\/","name":"Servicios y soporte: soluciones integrales para mantenimiento y asistencia t\u00e9cnica","isPartOf":{"@id":"https:\/\/www.mpechicago.com\/es\/#website"},"datePublished":"2025-06-27T15:18:09+00:00","dateModified":"2025-08-12T14:59:55+00:00","breadcrumb":{"@id":"https:\/\/www.mpechicago.com\/es\/piezas-y-servicio\/#breadcrumb"},"inLanguage":"es"},{"@type":"WebSite","@id":"https:\/\/www.mpechicago.com\/es\/#website","url":"https:\/\/www.mpechicago.com\/es\/","name":"Equipos de proceso modernos","description":"","publisher":{"@id":"https:\/\/www.mpechicago.com\/es\/#organization"},"potentialAction":[{"@type":"SearchAction","target":{"@type":"EntryPoint","urlTemplate":"https:\/\/www.mpechicago.com\/es\/?s={search_term_string}"},"query-input":{"@type":"PropertyValueSpecification","valueRequired":true,"valueName":"search_term_string"}}],"inLanguage":"es"},{"@type":"Organization","@id":"https:\/\/www.mpechicago.com\/es\/#organization","name":"Equipos de proceso modernos","url":"https:\/\/www.mpechicago.com\/es\/","logo":{"@type":"ImageObject","inLanguage":"es","@id":"https:\/\/www.mpechicago.com\/es\/#\/schema\/logo\/image\/","url":"https:\/\/www.mpechicago.com\/wp-content\/uploads\/2019\/12\/logo.png","contentUrl":"https:\/\/www.mpechicago.com\/wp-content\/uploads\/2019\/12\/logo.png","width":200,"height":91,"caption":"Equipos de proceso modernos"},"image":{"@id":"https:\/\/www.mpechicago.com\/es\/#\/schema\/logo\/image\/"}}]}},"_links":{"self":[{"href":"https:\/\/www.mpechicago.com\/es\/wp-json\/wp\/v2\/pages\/48022","targetHints":{"allow":["GET"]}}],"collection":[{"href":"https:\/\/www.mpechicago.com\/es\/wp-json\/wp\/v2\/pages"}],"about":[{"href":"https:\/\/www.mpechicago.com\/es\/wp-json\/wp\/v2\/types\/page"}],"author":[{"embeddable":true,"href":"https:\/\/www.mpechicago.com\/es\/wp-json\/wp\/v2\/users\/33"}],"replies":[{"embeddable":true,"href":"https:\/\/www.mpechicago.com\/es\/wp-json\/wp\/v2\/comments?post=48022"}],"version-history":[{"count":1,"href":"https:\/\/www.mpechicago.com\/es\/wp-json\/wp\/v2\/pages\/48022\/revisions"}],"predecessor-version":[{"id":48025,"href":"https:\/\/www.mpechicago.com\/es\/wp-json\/wp\/v2\/pages\/48022\/revisions\/48025"}],"wp:attachment":[{"href":"https:\/\/www.mpechicago.com\/es\/wp-json\/wp\/v2\/media?parent=48022"}],"curies":[{"name":"wp","href":"https:\/\/api.w.org\/{rel}","templated":true}]}}