{"id":26736,"date":"2019-12-20T05:28:31","date_gmt":"2019-12-20T11:28:31","guid":{"rendered":"https:\/\/www.mpechicago.com\/transportador-de-almendras\/"},"modified":"2025-05-01T23:10:33","modified_gmt":"2025-05-02T04:10:33","slug":"transportador-de-almendras","status":"publish","type":"page","link":"https:\/\/www.mpechicago.com\/es\/transportador-de-almendras\/","title":{"rendered":"Transportador de almendras"},"content":{"rendered":"<div class=\"wp-bootstrap-blocks-row\">\n\t<div class=\"row\">\n\t\t\n\n<div class=\"col-12 col-md-9 col-lg-9 col-xl-9\">\n\t<div class=\"\">\n\t\t\n\n<h1 class=\"page-title pt-20 wp-block-heading\">Transportador de almendras<\/h1>\n\n\n\n<p>Desde almendras enteras hasta harina de almendras, los ingenieros de MPE han trabajado con productos de almendras que var\u00edan en densidades aparentes de 22 a 68 lb\/pie<sup>3<\/sup>. Los procesadores de almendras conf\u00edan en Chain-Vey todos los d\u00edas para mover su producto desde la ingesta de almendras crudas hasta el equipo de envasado de almendras. Al igual que con todas las aplicaciones para el transporte o el dise\u00f1o de sistemas de proceso, MPE puede probar su aplicaci\u00f3n para desarrollar soluciones personalizadas para usted.    <\/p>\n\n\n\n<div class=\"wp-block-columns is-layout-flex wp-container-core-columns-is-layout-9d6595d7 wp-block-columns-is-layout-flex\">\n<div class=\"wp-block-column is-layout-flow wp-block-column-is-layout-flow\" style=\"flex-basis:66.66%\">\n<p class=\"has-text-align-center\">Densidades aparentes de almendra<\/p>\n\n\n\n<table class=\"almond\" style=\"width: 100%;\" cellspacing=\"0\" cellpadding=\"0\">\n<thead>\n<tr>\n<th style=\"width: 59.1133%;\" scope=\"col\" data-sheets-value=\"{\">Producto<\/th>\n<th style=\"width: 19.7044%;\" scope=\"col\" data-sheets-value=\"{\">libras\/pie<sup>3<\/sup><\/th>\n<th style=\"width: 20.6897%;\" scope=\"col\" data-sheets-value=\"{\">g\/cm<sup>3<\/sup><\/th>\n<\/tr>\n<\/thead>\n<tbody>\n<tr>\n<td style=\"width: 59.1133%; text-align: left;\" data-sheets-value=\"{\">Harina<\/td>\n de almendras<td style=\"width: 19.7044%; text-align: left;\" data-sheets-value=\"{\">Art\u00edculo 68<\/td>\n<td style=\"width: 20.6897%;\" data-sheets-value=\"{\">1.09<\/td>\n<\/tr>\n<tr>\n<td style=\"width: 59.1133%;\" data-sheets-value=\"{\">Almendras<\/td>\n<td style=\"width: 19.7044%;\" data-sheets-value=\"{\">49<\/td>\n<td style=\"width: 20.6897%;\" data-sheets-value=\"{\">0.78<\/td>\n<\/tr>\n<tr>\n<td style=\"width: 59.1133%;\" data-sheets-value=\"{\">Almendras blanqueadas<\/td>\n<td style=\"width: 19.7044%;\" data-sheets-value=\"{\">42<\/td>\n<td style=\"width: 20.6897%;\" data-sheets-value=\"{\">0.67<\/td>\n<\/tr>\n<tr>\n<td style=\"width: 59.1133%;\" data-sheets-value=\"{\">Almendras, escaldadas y en rodajas<\/td>\n<td style=\"width: 19.7044%;\" data-sheets-value=\"{\">27<\/td>\n<td style=\"width: 20.6897%;\" data-sheets-value=\"{\">0.44<\/td>\n<\/tr>\n<tr>\n<td style=\"width: 59.1133%;\" data-sheets-value=\"{\">Almendras<\/td>\n molidas<td style=\"width: 19.7044%;\" data-sheets-value=\"{\">22<\/td>\n<td style=\"width: 20.6897%;\" data-sheets-value=\"{\">0.35<\/td>\n<\/tr>\n<tr>\n<td style=\"width: 59.1133%;\" data-sheets-value=\"{\">Almendras en rodajas<\/td>\n<td style=\"width: 19.7044%;\" data-sheets-value=\"{\">50<\/td>\n<td style=\"width: 20.6897%;\" data-sheets-value=\"{\">0<\/td>\n<\/tr>\n<\/tbody>\n<\/table>\n<\/div>\n\n\n\n<div class=\"wp-block-column is-layout-flow wp-block-column-is-layout-flow\" style=\"flex-basis:33.33%\"><\/div>\n<\/div>\n\n\t<\/div>\n<\/div>\n\n\n\n<div class=\"col-12 col-md-3 col-lg-3 col-xl-3\">\n\t<div class=\"\">\n\t\t\n\n<h3 class=\"has-text-align-left Pageblock-subtitle pt-20 wp-block-heading\">P\u00eddele a un ingeniero de ventas que se ponga en contacto contigo.<\/h3>\n\n\n<div class=\"wp-bootstrap-blocks-button\">\n\t<a href=\"http:\/\/www.mpechicago.com\/es\/contact-us\" class=\"btn btn-primary\">\n\t\tContact Us\t<\/a>\n<\/div>\n\n\n\n<div style=\"height:40px\" aria-hidden=\"true\" class=\"wp-block-spacer\"><\/div>\n\n\n\n<figure class=\"wp-block-image size-large videoicon sm\"><a href=\"https:\/\/www.youtube.com\/watch?v=f2xlayUuvOE\"><img fetchpriority=\"high\" decoding=\"async\" width=\"360\" height=\"200\" src=\"http:\/\/www.mpechicago.com\/wp-content\/uploads\/2019\/12\/almonds-wallpaper-38818-39706-hd-wallpapers.jpg\" alt=\"\" class=\"wp-image-3042\"\/><\/a><figcaption>Cadena de transporte de almendras<\/figcaption><\/figure>\n\n\t<\/div>\n<\/div>\n\n\t<\/div>\n<\/div>\n\n<div style=\"height:100px\" aria-hidden=\"true\" class=\"wp-block-spacer\"><\/div>\n<div class=\"wp-bootstrap-blocks-row\">\n\t<div class=\"row no-gutters\">\n\t\t\n\n<div class=\"col-12 col-md-6\">\n\t<div class=\"\">\n\t\t\n\n<figure class=\"wp-block-image size-large\"><img decoding=\"async\" width=\"700\" height=\"500\" src=\"http:\/\/www.mpechicago.com\/wp-content\/uploads\/2019\/12\/Z-System.jpg\" alt=\"\" class=\"wp-image-3049\" srcset=\"https:\/\/www.mpechicago.com\/wp-content\/uploads\/2019\/12\/Z-System.jpg 700w, https:\/\/www.mpechicago.com\/wp-content\/uploads\/2019\/12\/Z-System-600x429.jpg 600w\" sizes=\"(max-width: 700px) 100vw, 700px\" \/><\/figure>\n\n\t<\/div>\n<\/div>\n\n\n\n<div class=\"col-12 col-md-6 Pageblock-textWrapper  \">\n\t<div class=\"\">\n\t\t\n\n<h2 class=\"text-uppercase wp-block-heading\">Transporte de almendras<\/h2>\n\n\n\n<p>Desde almendras enteras hasta harina de almendras, MPE cre\u00f3 el Chain-Vey para convertirlo en un transportador ideal para los procesadores de almendras. Chain-Vey puede transportar sus almendras en cualquier etapa y a cualquier punto, desde la entrada hasta el escaldado, la limpieza y sus sistemas de envasado de almendras. Chain-Vey ofrece un transporte de arrastre tubular y herm\u00e9tico al polvo con una cadena irrompible y una s\u00f3lida gama de opciones adaptadas a sus necesidades.  <\/p>\n\n\n<div class=\"wp-bootstrap-blocks-button\">\n\t<a href=\"http:\/\/www.mpechicago.com\/es\/chain-vey\" class=\"btn text-uppercase btn-primary\">\n\t\tSee our Almond conveyors\t<\/a>\n<\/div>\n\n\n\n<p>  <\/p>\n\n\t<\/div>\n<\/div>\n\n\t<\/div>\n<\/div>\n<div class=\"wp-bootstrap-blocks-row\">\n\t<div class=\"row no-gutters\">\n\t\t\n\n<div class=\"col-12 col-md-6 order-lg-1\">\n\t<div class=\"\">\n\t\t\n\n<figure class=\"wp-block-image size-large mb-0\"><img decoding=\"async\" width=\"700\" height=\"500\" src=\"http:\/\/www.mpechicago.com\/wp-content\/uploads\/2019\/12\/0.jpg\" alt=\"\" class=\"wp-image-3060\" srcset=\"https:\/\/www.mpechicago.com\/wp-content\/uploads\/2019\/12\/0.jpg 700w, https:\/\/www.mpechicago.com\/wp-content\/uploads\/2019\/12\/0-600x429.jpg 600w\" sizes=\"(max-width: 700px) 100vw, 700px\" \/><\/figure>\n\n\t<\/div>\n<\/div>\n\n\n\n<div class=\"col-12 col-md-6 Pageblock-textWrapper alignment-right\">\n\t<div class=\"\">\n\t\t\n\n<h2 class=\"text-uppercase wp-block-heading\">Altas capacidades con cero roturas<\/h2>\n\n\n\n<p>Chain-Vey se ha convertido en uno de los transportadores de almendras m\u00e1s buscados debido a su rotura de producto casi nula, su f\u00e1cil limpieza, su confiabilidad l\u00edder en la industria y su operaci\u00f3n silenciosa y eficiente.<\/p>\n\n\n<div class=\"wp-bootstrap-blocks-button\">\n\t<a href=\"http:\/\/www.mpechicago.com\/es\/chain-vey\/layouts-and-designs#z_system\" class=\"btn text-uppercase btn-primary\">\n\t\tFind your conveyor design\t<\/a>\n<\/div>\n\n\n\n<p><\/p>\n\n\t<\/div>\n<\/div>\n\n\t<\/div>\n<\/div>\n<div class=\"lazyblock-heading-and-link-1z7HoL almond-conveyor alignfull text- wp-block-lazyblock-heading-and-link\">\n   <div class=\"paragraph-content\">\n      \n<h3 class=\"Pageblock-subtitle\">\n      &quot;We&#8217;re getting near zero breakage.&quot;\n  <\/h3>\n<hr class=\"Pageblock-subtitleDecoration\">\n<p style=\"font-weight: 100;font-size: 26px;line-height: 1.38462;color:#9b9b9b; text-align: center;\"><strong> Sam Mirto, Ferris Coffee &amp; Nuts <\/strong><\/p> \n            <div class=\"field field--name-field-text field--type-text-long field-bundlefull-width-block field__item\"><p><a class=\"btn btn-primary btn-minwidth\" href=\"http:\/\/www.mpechicago.com\/es\/contact-us\">Contact Us<\/a><\/p>\n<\/div>\n      \n    <\/div><\/div><div class=\"wp-bootstrap-blocks-row\">\n\t<div class=\"row no-gutters\">\n\t\t\n\n<div class=\"col-12 col-md-6\">\n\t<div class=\"\">\n\t\t\n\n<div class=\"wp-block-image\"><figure class=\"aligncenter size-large\"><img loading=\"lazy\" decoding=\"async\" width=\"700\" height=\"500\" src=\"http:\/\/www.mpechicago.com\/wp-content\/uploads\/2019\/12\/Salt-System.jpg\" alt=\"\" class=\"wp-image-3067\" srcset=\"https:\/\/www.mpechicago.com\/wp-content\/uploads\/2019\/12\/Salt-System.jpg 700w, https:\/\/www.mpechicago.com\/wp-content\/uploads\/2019\/12\/Salt-System-600x429.jpg 600w\" sizes=\"(max-width: 700px) 100vw, 700px\" \/><\/figure><\/div>\n\n\t<\/div>\n<\/div>\n\n\n\n<div class=\"col-12 col-md-6 Pageblock-textWrapper \">\n\t<div class=\"\">\n\t\t\n\n<h2 class=\"text-uppercase wp-block-heading\">Equipos y dise\u00f1os del sistema de almendras<\/h2>\n\n\n\n<p>A veces, los productores de almendras necesitan sistemas \u00fanicos que solo MPE tiene la experiencia y el conocimiento de dise\u00f1o para hacerlo bien la primera vez. Desde la descarga hasta el escaldado, pasando por el embalaje, desde las actualizaciones de equipos hasta los proyectos nuevos, MPE es su socio y crea los mejores sistemas de procesos personalizados del mundo. <\/p>\n\n\n<div class=\"wp-bootstrap-blocks-button\">\n\t<a href=\"http:\/\/www.mpechicago.com\/es\/process-systems-integration\/\" class=\"btn text-uppercase btn-primary\">\n\t\tSee Process Design Capabilities\t<\/a>\n<\/div>\n\n\t<\/div>\n<\/div>\n\n\t<\/div>\n<\/div>\n<div class=\"wp-bootstrap-blocks-row\">\n\t<div class=\"row no-gutters\">\n\t\t\n\n<div class=\"col-12 col-md-6 order-lg-1\">\n\t<div class=\"\">\n\t\t\n\n<div class=\"wp-block-image mb-0\"><figure class=\"aligncenter size-large\"><img loading=\"lazy\" decoding=\"async\" width=\"700\" height=\"500\" src=\"http:\/\/www.mpechicago.com\/wp-content\/uploads\/2019\/12\/Cleaned-up-700x500-2.jpg\" alt=\"\" class=\"wp-image-3070\" srcset=\"https:\/\/www.mpechicago.com\/wp-content\/uploads\/2019\/12\/Cleaned-up-700x500-2.jpg 700w, https:\/\/www.mpechicago.com\/wp-content\/uploads\/2019\/12\/Cleaned-up-700x500-2-600x429.jpg 600w\" sizes=\"(max-width: 700px) 100vw, 700px\" \/><\/figure><\/div>\n\n\t<\/div>\n<\/div>\n\n\n\n<div class=\"col-12 col-md-6 Pageblock-textWrapper alignment-right\">\n\t<div class=\"\">\n\t\t\n\n<h2 class=\"text-uppercase wp-block-heading\">Pruebas de productos en MPE  <\/h2>\n\n\n\n<p>Env\u00edenos muestras de su aplicaci\u00f3n para pruebas de transporte en nuestro laboratorio. Obtenga resultados precisos sobre las capacidades de transporte de baja rotura de los equipos y dise\u00f1os de MPE. <\/p>\n\n\n<div class=\"wp-bootstrap-blocks-button\">\n\t<a href=\"http:\/\/www.mpechicago.com\/es\/about-modern-process-equipment-corporation\/testing-lab-mpe\/\" class=\"btn text-uppercase btn-primary\">\n\t\tMPE&#039;s testing capabilities\t<\/a>\n<\/div>\n\n\n\n<p><\/p>\n\n\t<\/div>\n<\/div>\n\n\t<\/div>\n<\/div>\n","protected":false},"excerpt":{"rendered":"","protected":false},"author":20,"featured_media":20606,"parent":0,"menu_order":0,"comment_status":"closed","ping_status":"closed","template":"","meta":{"_acf_changed":false,"content-type":"","rs_blank_template":"","rs_page_bg_color":"","slide_template_v7":"","footnotes":""},"class_list":["post-26736","page","type-page","status-publish","has-post-thumbnail","hentry"],"acf":[],"yoast_head":"<!-- This site is optimized with the Yoast SEO plugin v27.5 - https:\/\/yoast.com\/product\/yoast-seo-wordpress\/ -->\n<title>Almond Conveyor - Equipos de proceso modernos<\/title>\n<meta name=\"description\" content=\"Desde almendras enteras hasta harina de almendras, los ingenieros de MPE han trabajado con productos de almendras que var\u00edan en densidades aparentes de 22 a 68 lb\/ft3. Los procesadores de almendras conf\u00edan en Chain-Vey todos los d\u00edas para mover su producto desde la ingesta de almendras crudas hasta el equipo de envasado de almendras. Al igual que con todas las aplicaciones para el transporte o el dise\u00f1o de sistemas de proceso, MPE puede probar su aplicaci\u00f3n para desarrollar soluciones personalizadas para usted.\" \/>\n<meta name=\"robots\" content=\"index, follow, max-snippet:-1, max-image-preview:large, max-video-preview:-1\" \/>\n<link rel=\"canonical\" href=\"https:\/\/www.mpechicago.com\/es\/transportador-de-almendras\/\" \/>\n<meta property=\"og:locale\" content=\"es_ES\" \/>\n<meta property=\"og:type\" content=\"article\" \/>\n<meta property=\"og:title\" content=\"Almond Conveyor - Equipos de proceso modernos\" \/>\n<meta property=\"og:description\" content=\"Desde almendras enteras hasta harina de almendras, los ingenieros de MPE han trabajado con productos de almendras que var\u00edan en densidades aparentes de 22 a 68 lb\/ft3. Los procesadores de almendras conf\u00edan en Chain-Vey todos los d\u00edas para mover su producto desde la ingesta de almendras crudas hasta el equipo de envasado de almendras. Al igual que con todas las aplicaciones para el transporte o el dise\u00f1o de sistemas de proceso, MPE puede probar su aplicaci\u00f3n para desarrollar soluciones personalizadas para usted.\" \/>\n<meta property=\"og:url\" content=\"https:\/\/www.mpechicago.com\/es\/transportador-de-almendras\/\" \/>\n<meta property=\"og:site_name\" content=\"Equipos de proceso modernos\" \/>\n<meta property=\"article:modified_time\" content=\"2025-05-02T04:10:33+00:00\" \/>\n<meta property=\"og:image\" content=\"https:\/\/www.mpechicago.com\/wp-content\/uploads\/2019\/12\/Almond-1600x250-1.jpg\" \/>\n\t<meta property=\"og:image:width\" content=\"1600\" \/>\n\t<meta property=\"og:image:height\" content=\"250\" \/>\n\t<meta property=\"og:image:type\" content=\"image\/jpeg\" \/>\n<meta name=\"twitter:card\" content=\"summary_large_image\" \/>\n<meta name=\"twitter:label1\" content=\"Tiempo de lectura\" \/>\n\t<meta name=\"twitter:data1\" content=\"2 minutos\" \/>\n<script type=\"application\/ld+json\" class=\"yoast-schema-graph\">{\"@context\":\"https:\\\/\\\/schema.org\",\"@graph\":[{\"@type\":\"WebPage\",\"@id\":\"https:\\\/\\\/www.mpechicago.com\\\/es\\\/transportador-de-almendras\\\/\",\"url\":\"https:\\\/\\\/www.mpechicago.com\\\/es\\\/transportador-de-almendras\\\/\",\"name\":\"Almond Conveyor - Equipos de proceso modernos\",\"isPartOf\":{\"@id\":\"https:\\\/\\\/www.mpechicago.com\\\/es\\\/#website\"},\"primaryImageOfPage\":{\"@id\":\"https:\\\/\\\/www.mpechicago.com\\\/es\\\/transportador-de-almendras\\\/#primaryimage\"},\"image\":{\"@id\":\"https:\\\/\\\/www.mpechicago.com\\\/es\\\/transportador-de-almendras\\\/#primaryimage\"},\"thumbnailUrl\":\"https:\\\/\\\/www.mpechicago.com\\\/wp-content\\\/uploads\\\/2019\\\/12\\\/Almond-1600x250-1.jpg\",\"datePublished\":\"2019-12-20T11:28:31+00:00\",\"dateModified\":\"2025-05-02T04:10:33+00:00\",\"description\":\"Desde almendras enteras hasta harina de almendras, los ingenieros de MPE han trabajado con productos de almendras que var\u00edan en densidades aparentes de 22 a 68 lb\\\/ft3. Los procesadores de almendras conf\u00edan en Chain-Vey todos los d\u00edas para mover su producto desde la ingesta de almendras crudas hasta el equipo de envasado de almendras. Al igual que con todas las aplicaciones para el transporte o el dise\u00f1o de sistemas de proceso, MPE puede probar su aplicaci\u00f3n para desarrollar soluciones personalizadas para usted.\",\"breadcrumb\":{\"@id\":\"https:\\\/\\\/www.mpechicago.com\\\/es\\\/transportador-de-almendras\\\/#breadcrumb\"},\"inLanguage\":\"es\",\"potentialAction\":[{\"@type\":\"ReadAction\",\"target\":[\"https:\\\/\\\/www.mpechicago.com\\\/es\\\/transportador-de-almendras\\\/\"]}]},{\"@type\":\"ImageObject\",\"inLanguage\":\"es\",\"@id\":\"https:\\\/\\\/www.mpechicago.com\\\/es\\\/transportador-de-almendras\\\/#primaryimage\",\"url\":\"https:\\\/\\\/www.mpechicago.com\\\/wp-content\\\/uploads\\\/2019\\\/12\\\/Almond-1600x250-1.jpg\",\"contentUrl\":\"https:\\\/\\\/www.mpechicago.com\\\/wp-content\\\/uploads\\\/2019\\\/12\\\/Almond-1600x250-1.jpg\",\"width\":1600,\"height\":250},{\"@type\":\"BreadcrumbList\",\"@id\":\"https:\\\/\\\/www.mpechicago.com\\\/es\\\/transportador-de-almendras\\\/#breadcrumb\",\"itemListElement\":[{\"@type\":\"ListItem\",\"position\":1,\"name\":\"Hogar\",\"item\":\"https:\\\/\\\/www.mpechicago.com\\\/es\\\/\"},{\"@type\":\"ListItem\",\"position\":2,\"name\":\"Transportador de almendras\"}]},{\"@type\":\"WebSite\",\"@id\":\"https:\\\/\\\/www.mpechicago.com\\\/es\\\/#website\",\"url\":\"https:\\\/\\\/www.mpechicago.com\\\/es\\\/\",\"name\":\"Equipos de proceso modernos\",\"description\":\"\",\"publisher\":{\"@id\":\"https:\\\/\\\/www.mpechicago.com\\\/es\\\/#organization\"},\"potentialAction\":[{\"@type\":\"SearchAction\",\"target\":{\"@type\":\"EntryPoint\",\"urlTemplate\":\"https:\\\/\\\/www.mpechicago.com\\\/es\\\/?s={search_term_string}\"},\"query-input\":{\"@type\":\"PropertyValueSpecification\",\"valueRequired\":true,\"valueName\":\"search_term_string\"}}],\"inLanguage\":\"es\"},{\"@type\":\"Organization\",\"@id\":\"https:\\\/\\\/www.mpechicago.com\\\/es\\\/#organization\",\"name\":\"Equipos de proceso modernos\",\"url\":\"https:\\\/\\\/www.mpechicago.com\\\/es\\\/\",\"logo\":{\"@type\":\"ImageObject\",\"inLanguage\":\"es\",\"@id\":\"https:\\\/\\\/www.mpechicago.com\\\/es\\\/#\\\/schema\\\/logo\\\/image\\\/\",\"url\":\"https:\\\/\\\/www.mpechicago.com\\\/wp-content\\\/uploads\\\/2019\\\/12\\\/logo.png\",\"contentUrl\":\"https:\\\/\\\/www.mpechicago.com\\\/wp-content\\\/uploads\\\/2019\\\/12\\\/logo.png\",\"width\":200,\"height\":91,\"caption\":\"Equipos de proceso modernos\"},\"image\":{\"@id\":\"https:\\\/\\\/www.mpechicago.com\\\/es\\\/#\\\/schema\\\/logo\\\/image\\\/\"}}]}<\/script>\n<!-- \/ Yoast SEO plugin. -->","yoast_head_json":{"title":"Almond Conveyor - Equipos de proceso modernos","description":"Desde almendras enteras hasta harina de almendras, los ingenieros de MPE han trabajado con productos de almendras que var\u00edan en densidades aparentes de 22 a 68 lb\/ft3. Los procesadores de almendras conf\u00edan en Chain-Vey todos los d\u00edas para mover su producto desde la ingesta de almendras crudas hasta el equipo de envasado de almendras. Al igual que con todas las aplicaciones para el transporte o el dise\u00f1o de sistemas de proceso, MPE puede probar su aplicaci\u00f3n para desarrollar soluciones personalizadas para usted.","robots":{"index":"index","follow":"follow","max-snippet":"max-snippet:-1","max-image-preview":"max-image-preview:large","max-video-preview":"max-video-preview:-1"},"canonical":"https:\/\/www.mpechicago.com\/es\/transportador-de-almendras\/","og_locale":"es_ES","og_type":"article","og_title":"Almond Conveyor - Equipos de proceso modernos","og_description":"Desde almendras enteras hasta harina de almendras, los ingenieros de MPE han trabajado con productos de almendras que var\u00edan en densidades aparentes de 22 a 68 lb\/ft3. Los procesadores de almendras conf\u00edan en Chain-Vey todos los d\u00edas para mover su producto desde la ingesta de almendras crudas hasta el equipo de envasado de almendras. Al igual que con todas las aplicaciones para el transporte o el dise\u00f1o de sistemas de proceso, MPE puede probar su aplicaci\u00f3n para desarrollar soluciones personalizadas para usted.","og_url":"https:\/\/www.mpechicago.com\/es\/transportador-de-almendras\/","og_site_name":"Equipos de proceso modernos","article_modified_time":"2025-05-02T04:10:33+00:00","og_image":[{"width":1600,"height":250,"url":"https:\/\/www.mpechicago.com\/wp-content\/uploads\/2019\/12\/Almond-1600x250-1.jpg","type":"image\/jpeg"}],"twitter_card":"summary_large_image","twitter_misc":{"Tiempo de lectura":"2 minutos"},"schema":{"@context":"https:\/\/schema.org","@graph":[{"@type":"WebPage","@id":"https:\/\/www.mpechicago.com\/es\/transportador-de-almendras\/","url":"https:\/\/www.mpechicago.com\/es\/transportador-de-almendras\/","name":"Almond Conveyor - Equipos de proceso modernos","isPartOf":{"@id":"https:\/\/www.mpechicago.com\/es\/#website"},"primaryImageOfPage":{"@id":"https:\/\/www.mpechicago.com\/es\/transportador-de-almendras\/#primaryimage"},"image":{"@id":"https:\/\/www.mpechicago.com\/es\/transportador-de-almendras\/#primaryimage"},"thumbnailUrl":"https:\/\/www.mpechicago.com\/wp-content\/uploads\/2019\/12\/Almond-1600x250-1.jpg","datePublished":"2019-12-20T11:28:31+00:00","dateModified":"2025-05-02T04:10:33+00:00","description":"Desde almendras enteras hasta harina de almendras, los ingenieros de MPE han trabajado con productos de almendras que var\u00edan en densidades aparentes de 22 a 68 lb\/ft3. Los procesadores de almendras conf\u00edan en Chain-Vey todos los d\u00edas para mover su producto desde la ingesta de almendras crudas hasta el equipo de envasado de almendras. Al igual que con todas las aplicaciones para el transporte o el dise\u00f1o de sistemas de proceso, MPE puede probar su aplicaci\u00f3n para desarrollar soluciones personalizadas para usted.","breadcrumb":{"@id":"https:\/\/www.mpechicago.com\/es\/transportador-de-almendras\/#breadcrumb"},"inLanguage":"es","potentialAction":[{"@type":"ReadAction","target":["https:\/\/www.mpechicago.com\/es\/transportador-de-almendras\/"]}]},{"@type":"ImageObject","inLanguage":"es","@id":"https:\/\/www.mpechicago.com\/es\/transportador-de-almendras\/#primaryimage","url":"https:\/\/www.mpechicago.com\/wp-content\/uploads\/2019\/12\/Almond-1600x250-1.jpg","contentUrl":"https:\/\/www.mpechicago.com\/wp-content\/uploads\/2019\/12\/Almond-1600x250-1.jpg","width":1600,"height":250},{"@type":"BreadcrumbList","@id":"https:\/\/www.mpechicago.com\/es\/transportador-de-almendras\/#breadcrumb","itemListElement":[{"@type":"ListItem","position":1,"name":"Hogar","item":"https:\/\/www.mpechicago.com\/es\/"},{"@type":"ListItem","position":2,"name":"Transportador de almendras"}]},{"@type":"WebSite","@id":"https:\/\/www.mpechicago.com\/es\/#website","url":"https:\/\/www.mpechicago.com\/es\/","name":"Equipos de proceso modernos","description":"","publisher":{"@id":"https:\/\/www.mpechicago.com\/es\/#organization"},"potentialAction":[{"@type":"SearchAction","target":{"@type":"EntryPoint","urlTemplate":"https:\/\/www.mpechicago.com\/es\/?s={search_term_string}"},"query-input":{"@type":"PropertyValueSpecification","valueRequired":true,"valueName":"search_term_string"}}],"inLanguage":"es"},{"@type":"Organization","@id":"https:\/\/www.mpechicago.com\/es\/#organization","name":"Equipos de proceso modernos","url":"https:\/\/www.mpechicago.com\/es\/","logo":{"@type":"ImageObject","inLanguage":"es","@id":"https:\/\/www.mpechicago.com\/es\/#\/schema\/logo\/image\/","url":"https:\/\/www.mpechicago.com\/wp-content\/uploads\/2019\/12\/logo.png","contentUrl":"https:\/\/www.mpechicago.com\/wp-content\/uploads\/2019\/12\/logo.png","width":200,"height":91,"caption":"Equipos de proceso modernos"},"image":{"@id":"https:\/\/www.mpechicago.com\/es\/#\/schema\/logo\/image\/"}}]}},"_links":{"self":[{"href":"https:\/\/www.mpechicago.com\/es\/wp-json\/wp\/v2\/pages\/26736","targetHints":{"allow":["GET"]}}],"collection":[{"href":"https:\/\/www.mpechicago.com\/es\/wp-json\/wp\/v2\/pages"}],"about":[{"href":"https:\/\/www.mpechicago.com\/es\/wp-json\/wp\/v2\/types\/page"}],"author":[{"embeddable":true,"href":"https:\/\/www.mpechicago.com\/es\/wp-json\/wp\/v2\/users\/20"}],"replies":[{"embeddable":true,"href":"https:\/\/www.mpechicago.com\/es\/wp-json\/wp\/v2\/comments?post=26736"}],"version-history":[{"count":1,"href":"https:\/\/www.mpechicago.com\/es\/wp-json\/wp\/v2\/pages\/26736\/revisions"}],"predecessor-version":[{"id":26738,"href":"https:\/\/www.mpechicago.com\/es\/wp-json\/wp\/v2\/pages\/26736\/revisions\/26738"}],"wp:featuredmedia":[{"embeddable":true,"href":"https:\/\/www.mpechicago.com\/es\/wp-json\/wp\/v2\/media\/20606"}],"wp:attachment":[{"href":"https:\/\/www.mpechicago.com\/es\/wp-json\/wp\/v2\/media?parent=26736"}],"curies":[{"name":"wp","href":"https:\/\/api.w.org\/{rel}","templated":true}]}}