{"id":26675,"date":"2019-12-16T06:40:27","date_gmt":"2019-12-16T12:40:27","guid":{"rendered":"https:\/\/www.mpechicago.com\/transportadores-de-arrastre-tubulares-de-cadena\/capacidades\/transportador-de-tubo-de-3-o-76-mm\/"},"modified":"2025-05-01T23:10:08","modified_gmt":"2025-05-02T04:10:08","slug":"transportador-de-tubo-de-3-o-76-mm","status":"publish","type":"page","link":"https:\/\/www.mpechicago.com\/es\/transportadores-de-arrastre-tubulares-de-cadena\/disenos\/capacidades\/transportador-de-tubo-de-3-o-76-mm\/","title":{"rendered":"Transportador de tubo de 3&#8243; o 76 mm"},"content":{"rendered":"<div class=\"wp-bootstrap-blocks-row\">\n\t<div class=\"row\">\n\t\t\n\n<div class=\"col-12 col-md-2 col-lg-2 col-xl-2\">\n\t<div class=\"\">\n\t\t\n\n\n\t<\/div>\n<\/div>\n\n\n\n<div class=\"col-12 col-md-7 col-lg-7 col-xl-7 left-panel\">\n\t<div class=\"\">\n\t\t\n\n<h1 class=\"page-title pt-20 wp-block-heading\">Transportador de cadena de tubo de 3&#8243; o 76 mm<\/h1>\n\n\n\n<p class=\"intro has-text-color\" style=\"color:#e9b516\">Hasta 175 pies<sup>3<\/sup>\/h o 5 m<sup>3<\/sup>\/h<\/p>\n\n\n\n<p>Los transportadores de cadena de tubos de 3&#8243; o 72 mm de di\u00e1metro est\u00e1n fabricados con tubos de acero inoxidable de calibre 11 con un di\u00e1metro interior de 2,75&#8243; o 70 mm. Son sistemas de gran tama\u00f1o para transportar cebada malteada, semillas y migas. Un solo transportador de 3&#8243; de di\u00e1metro puede transportar m\u00e1s de 4 supersacos de producto en una hora. La resistencia de Chain-Vey permite tiradas muy largas, verticales altas y la capacidad de comenzar a partir de cargas completas sin riesgo de que la cadena se rompa. La naturaleza suave de los transportadores de cadena de tubos significa que su producto no se romper\u00e1 durante el transporte.  <\/p>\n\n\n\n<hr class=\"wp-block-separator\"\/>\n\n\n\n<h3 class=\"wp-block-heading\">Velocidades de transporte  <\/h3>\n\n\n\n<figure class=\"wp-block-image size-large\"><img fetchpriority=\"high\" decoding=\"async\" width=\"1024\" height=\"744\" src=\"http:\/\/www.mpechicago.com\/wp-content\/uploads\/2019\/12\/Drag-Conveyor-Capacities-Graph-8-1_3-1024x744.png\" alt=\"\" class=\"wp-image-1199\" srcset=\"https:\/\/www.mpechicago.com\/wp-content\/uploads\/2019\/12\/Drag-Conveyor-Capacities-Graph-8-1_3-1024x744.png 1024w, https:\/\/www.mpechicago.com\/wp-content\/uploads\/2019\/12\/Drag-Conveyor-Capacities-Graph-8-1_3-600x436.png 600w, https:\/\/www.mpechicago.com\/wp-content\/uploads\/2019\/12\/Drag-Conveyor-Capacities-Graph-8-1_3-768x558.png 768w, https:\/\/www.mpechicago.com\/wp-content\/uploads\/2019\/12\/Drag-Conveyor-Capacities-Graph-8-1_3-1536x1115.png 1536w, https:\/\/www.mpechicago.com\/wp-content\/uploads\/2019\/12\/Drag-Conveyor-Capacities-Graph-8-1_3-1200x871.png 1200w, https:\/\/www.mpechicago.com\/wp-content\/uploads\/2019\/12\/Drag-Conveyor-Capacities-Graph-8-1_3.png 1592w\" sizes=\"(max-width: 1024px) 100vw, 1024px\" \/><figcaption>Transportadores de 3&#8243; a 8&#8243; de di\u00e1metro graficados con la velocidad del transportador (%) en el eje x y el volumen total movido (ft3\/h) en el eje y. Todos los datos se grafican con un 80% de relleno de bolsa. <\/figcaption><\/figure>\n\n\t<\/div>\n<\/div>\n\n\n\n<div class=\"col-12 col-md-3 col-lg-3 col-xl-3 right-panel\">\n\t<div class=\"\">\n\t\t\n\n<h3 class=\"has-text-align-left Pageblock-subtitle pt-20 wp-block-heading\">Mueva 4+ s\u00faper sacos en una hora con un transportador de cadena de tubos  <\/h3>\n\n\n\n<figure class=\"wp-block-image size-large\"><img decoding=\"async\" width=\"1000\" height=\"697\" src=\"http:\/\/www.mpechicago.com\/wp-content\/uploads\/2019\/12\/Drag-Conveyor-3-inch-capacity_0.png\" alt=\"\" class=\"wp-image-1307\" srcset=\"https:\/\/www.mpechicago.com\/wp-content\/uploads\/2019\/12\/Drag-Conveyor-3-inch-capacity_0.png 1000w, https:\/\/www.mpechicago.com\/wp-content\/uploads\/2019\/12\/Drag-Conveyor-3-inch-capacity_0-600x418.png 600w, https:\/\/www.mpechicago.com\/wp-content\/uploads\/2019\/12\/Drag-Conveyor-3-inch-capacity_0-768x535.png 768w\" sizes=\"(max-width: 1000px) 100vw, 1000px\" \/><\/figure>\n\n\n\n<p>Cada s\u00faper saco representado mide 40 pies<sup>3<\/sup>, lo que equivale a \u22481,13 m<sup>3<\/sup>.<\/p>\n\n\t<\/div>\n<\/div>\n\n\t<\/div>\n<\/div>\n","protected":false},"excerpt":{"rendered":"","protected":false},"author":20,"featured_media":18286,"parent":26509,"menu_order":0,"comment_status":"closed","ping_status":"closed","template":"","meta":{"_acf_changed":false,"content-type":"","rs_blank_template":"","rs_page_bg_color":"","slide_template_v7":"","footnotes":""},"class_list":["post-26675","page","type-page","status-publish","has-post-thumbnail","hentry"],"acf":[],"yoast_head":"<!-- This site is optimized with the Yoast SEO plugin v27.5 - https:\/\/yoast.com\/product\/yoast-seo-wordpress\/ -->\n<title>Transportador de cadena de tubo de 3&quot; o 76 mm de di\u00e1metro - Equipos de proceso modernos<\/title>\n<meta name=\"description\" content=\"El transportador de cadena de tubo de 3&quot; o 76 mm de di\u00e1metro se mueve hasta 175 pies3\/h o 5 m3\/h suavemente, sin roturas ni comprometer la integridad del producto.\" \/>\n<meta name=\"robots\" content=\"index, follow, max-snippet:-1, max-image-preview:large, max-video-preview:-1\" \/>\n<link rel=\"canonical\" href=\"https:\/\/www.mpechicago.com\/es\/transportadores-de-arrastre-tubulares-de-cadena\/disenos\/capacidades\/transportador-de-tubo-de-3-o-76-mm\/\" \/>\n<meta property=\"og:locale\" content=\"es_ES\" \/>\n<meta property=\"og:type\" content=\"article\" \/>\n<meta property=\"og:title\" content=\"Transportador de cadena de tubo de 3&quot; o 76 mm de di\u00e1metro - Equipos de proceso modernos\" \/>\n<meta property=\"og:description\" content=\"El transportador de cadena de tubo de 3&quot; o 76 mm de di\u00e1metro se mueve hasta 175 pies3\/h o 5 m3\/h suavemente, sin roturas ni comprometer la integridad del producto.\" \/>\n<meta property=\"og:url\" content=\"https:\/\/www.mpechicago.com\/es\/transportadores-de-arrastre-tubulares-de-cadena\/disenos\/capacidades\/transportador-de-tubo-de-3-o-76-mm\/\" \/>\n<meta property=\"og:site_name\" content=\"Equipos de proceso modernos\" \/>\n<meta property=\"article:modified_time\" content=\"2025-05-02T04:10:08+00:00\" \/>\n<meta property=\"og:image\" content=\"https:\/\/www.mpechicago.com\/wp-content\/uploads\/2019\/12\/Tube-Chain-Conveyor-Header_2.jpg\" \/>\n\t<meta property=\"og:image:width\" content=\"1900\" \/>\n\t<meta property=\"og:image:height\" content=\"297\" \/>\n\t<meta property=\"og:image:type\" content=\"image\/jpeg\" \/>\n<meta name=\"twitter:card\" content=\"summary_large_image\" \/>\n<meta name=\"twitter:label1\" content=\"Tiempo de lectura\" \/>\n\t<meta name=\"twitter:data1\" content=\"1 minuto\" \/>\n<script type=\"application\/ld+json\" class=\"yoast-schema-graph\">{\"@context\":\"https:\\\/\\\/schema.org\",\"@graph\":[{\"@type\":\"WebPage\",\"@id\":\"https:\\\/\\\/www.mpechicago.com\\\/es\\\/transportadores-de-arrastre-tubulares-de-cadena\\\/disenos\\\/capacidades\\\/transportador-de-tubo-de-3-o-76-mm\\\/\",\"url\":\"https:\\\/\\\/www.mpechicago.com\\\/es\\\/transportadores-de-arrastre-tubulares-de-cadena\\\/disenos\\\/capacidades\\\/transportador-de-tubo-de-3-o-76-mm\\\/\",\"name\":\"Transportador de cadena de tubo de 3\\\" o 76 mm de di\u00e1metro - Equipos de proceso modernos\",\"isPartOf\":{\"@id\":\"https:\\\/\\\/www.mpechicago.com\\\/es\\\/#website\"},\"primaryImageOfPage\":{\"@id\":\"https:\\\/\\\/www.mpechicago.com\\\/es\\\/transportadores-de-arrastre-tubulares-de-cadena\\\/disenos\\\/capacidades\\\/transportador-de-tubo-de-3-o-76-mm\\\/#primaryimage\"},\"image\":{\"@id\":\"https:\\\/\\\/www.mpechicago.com\\\/es\\\/transportadores-de-arrastre-tubulares-de-cadena\\\/disenos\\\/capacidades\\\/transportador-de-tubo-de-3-o-76-mm\\\/#primaryimage\"},\"thumbnailUrl\":\"https:\\\/\\\/www.mpechicago.com\\\/wp-content\\\/uploads\\\/2019\\\/12\\\/Tube-Chain-Conveyor-Header_2.jpg\",\"datePublished\":\"2019-12-16T12:40:27+00:00\",\"dateModified\":\"2025-05-02T04:10:08+00:00\",\"description\":\"El transportador de cadena de tubo de 3\\\" o 76 mm de di\u00e1metro se mueve hasta 175 pies3\\\/h o 5 m3\\\/h suavemente, sin roturas ni comprometer la integridad del producto.\",\"breadcrumb\":{\"@id\":\"https:\\\/\\\/www.mpechicago.com\\\/es\\\/transportadores-de-arrastre-tubulares-de-cadena\\\/disenos\\\/capacidades\\\/transportador-de-tubo-de-3-o-76-mm\\\/#breadcrumb\"},\"inLanguage\":\"es\",\"potentialAction\":[{\"@type\":\"ReadAction\",\"target\":[\"https:\\\/\\\/www.mpechicago.com\\\/es\\\/transportadores-de-arrastre-tubulares-de-cadena\\\/disenos\\\/capacidades\\\/transportador-de-tubo-de-3-o-76-mm\\\/\"]}]},{\"@type\":\"ImageObject\",\"inLanguage\":\"es\",\"@id\":\"https:\\\/\\\/www.mpechicago.com\\\/es\\\/transportadores-de-arrastre-tubulares-de-cadena\\\/disenos\\\/capacidades\\\/transportador-de-tubo-de-3-o-76-mm\\\/#primaryimage\",\"url\":\"https:\\\/\\\/www.mpechicago.com\\\/wp-content\\\/uploads\\\/2019\\\/12\\\/Tube-Chain-Conveyor-Header_2.jpg\",\"contentUrl\":\"https:\\\/\\\/www.mpechicago.com\\\/wp-content\\\/uploads\\\/2019\\\/12\\\/Tube-Chain-Conveyor-Header_2.jpg\",\"width\":1900,\"height\":297},{\"@type\":\"BreadcrumbList\",\"@id\":\"https:\\\/\\\/www.mpechicago.com\\\/es\\\/transportadores-de-arrastre-tubulares-de-cadena\\\/disenos\\\/capacidades\\\/transportador-de-tubo-de-3-o-76-mm\\\/#breadcrumb\",\"itemListElement\":[{\"@type\":\"ListItem\",\"position\":1,\"name\":\"Hogar\",\"item\":\"https:\\\/\\\/www.mpechicago.com\\\/es\\\/\"},{\"@type\":\"ListItem\",\"position\":2,\"name\":\"Transportadores de arrastre tubulares Chain-Vey\",\"item\":\"https:\\\/\\\/www.mpechicago.com\\\/es\\\/transportadores-de-arrastre-tubulares-de-cadena\\\/\"},{\"@type\":\"ListItem\",\"position\":3,\"name\":\"Capacidades\",\"item\":\"https:\\\/\\\/www.mpechicago.com\\\/es\\\/transportadores-de-arrastre-tubulares-de-cadena\\\/capacidades\\\/\"},{\"@type\":\"ListItem\",\"position\":4,\"name\":\"Transportador de tubo de 3&#8243; o 76 mm\"}]},{\"@type\":\"WebSite\",\"@id\":\"https:\\\/\\\/www.mpechicago.com\\\/es\\\/#website\",\"url\":\"https:\\\/\\\/www.mpechicago.com\\\/es\\\/\",\"name\":\"Equipos de proceso modernos\",\"description\":\"\",\"publisher\":{\"@id\":\"https:\\\/\\\/www.mpechicago.com\\\/es\\\/#organization\"},\"potentialAction\":[{\"@type\":\"SearchAction\",\"target\":{\"@type\":\"EntryPoint\",\"urlTemplate\":\"https:\\\/\\\/www.mpechicago.com\\\/es\\\/?s={search_term_string}\"},\"query-input\":{\"@type\":\"PropertyValueSpecification\",\"valueRequired\":true,\"valueName\":\"search_term_string\"}}],\"inLanguage\":\"es\"},{\"@type\":\"Organization\",\"@id\":\"https:\\\/\\\/www.mpechicago.com\\\/es\\\/#organization\",\"name\":\"Equipos de proceso modernos\",\"url\":\"https:\\\/\\\/www.mpechicago.com\\\/es\\\/\",\"logo\":{\"@type\":\"ImageObject\",\"inLanguage\":\"es\",\"@id\":\"https:\\\/\\\/www.mpechicago.com\\\/es\\\/#\\\/schema\\\/logo\\\/image\\\/\",\"url\":\"https:\\\/\\\/www.mpechicago.com\\\/wp-content\\\/uploads\\\/2019\\\/12\\\/logo.png\",\"contentUrl\":\"https:\\\/\\\/www.mpechicago.com\\\/wp-content\\\/uploads\\\/2019\\\/12\\\/logo.png\",\"width\":200,\"height\":91,\"caption\":\"Equipos de proceso modernos\"},\"image\":{\"@id\":\"https:\\\/\\\/www.mpechicago.com\\\/es\\\/#\\\/schema\\\/logo\\\/image\\\/\"}}]}<\/script>\n<!-- \/ Yoast SEO plugin. -->","yoast_head_json":{"title":"Transportador de cadena de tubo de 3\" o 76 mm de di\u00e1metro - Equipos de proceso modernos","description":"El transportador de cadena de tubo de 3\" o 76 mm de di\u00e1metro se mueve hasta 175 pies3\/h o 5 m3\/h suavemente, sin roturas ni comprometer la integridad del producto.","robots":{"index":"index","follow":"follow","max-snippet":"max-snippet:-1","max-image-preview":"max-image-preview:large","max-video-preview":"max-video-preview:-1"},"canonical":"https:\/\/www.mpechicago.com\/es\/transportadores-de-arrastre-tubulares-de-cadena\/disenos\/capacidades\/transportador-de-tubo-de-3-o-76-mm\/","og_locale":"es_ES","og_type":"article","og_title":"Transportador de cadena de tubo de 3\" o 76 mm de di\u00e1metro - Equipos de proceso modernos","og_description":"El transportador de cadena de tubo de 3\" o 76 mm de di\u00e1metro se mueve hasta 175 pies3\/h o 5 m3\/h suavemente, sin roturas ni comprometer la integridad del producto.","og_url":"https:\/\/www.mpechicago.com\/es\/transportadores-de-arrastre-tubulares-de-cadena\/disenos\/capacidades\/transportador-de-tubo-de-3-o-76-mm\/","og_site_name":"Equipos de proceso modernos","article_modified_time":"2025-05-02T04:10:08+00:00","og_image":[{"width":1900,"height":297,"url":"https:\/\/www.mpechicago.com\/wp-content\/uploads\/2019\/12\/Tube-Chain-Conveyor-Header_2.jpg","type":"image\/jpeg"}],"twitter_card":"summary_large_image","twitter_misc":{"Tiempo de lectura":"1 minuto"},"schema":{"@context":"https:\/\/schema.org","@graph":[{"@type":"WebPage","@id":"https:\/\/www.mpechicago.com\/es\/transportadores-de-arrastre-tubulares-de-cadena\/disenos\/capacidades\/transportador-de-tubo-de-3-o-76-mm\/","url":"https:\/\/www.mpechicago.com\/es\/transportadores-de-arrastre-tubulares-de-cadena\/disenos\/capacidades\/transportador-de-tubo-de-3-o-76-mm\/","name":"Transportador de cadena de tubo de 3\" o 76 mm de di\u00e1metro - Equipos de proceso modernos","isPartOf":{"@id":"https:\/\/www.mpechicago.com\/es\/#website"},"primaryImageOfPage":{"@id":"https:\/\/www.mpechicago.com\/es\/transportadores-de-arrastre-tubulares-de-cadena\/disenos\/capacidades\/transportador-de-tubo-de-3-o-76-mm\/#primaryimage"},"image":{"@id":"https:\/\/www.mpechicago.com\/es\/transportadores-de-arrastre-tubulares-de-cadena\/disenos\/capacidades\/transportador-de-tubo-de-3-o-76-mm\/#primaryimage"},"thumbnailUrl":"https:\/\/www.mpechicago.com\/wp-content\/uploads\/2019\/12\/Tube-Chain-Conveyor-Header_2.jpg","datePublished":"2019-12-16T12:40:27+00:00","dateModified":"2025-05-02T04:10:08+00:00","description":"El transportador de cadena de tubo de 3\" o 76 mm de di\u00e1metro se mueve hasta 175 pies3\/h o 5 m3\/h suavemente, sin roturas ni comprometer la integridad del producto.","breadcrumb":{"@id":"https:\/\/www.mpechicago.com\/es\/transportadores-de-arrastre-tubulares-de-cadena\/disenos\/capacidades\/transportador-de-tubo-de-3-o-76-mm\/#breadcrumb"},"inLanguage":"es","potentialAction":[{"@type":"ReadAction","target":["https:\/\/www.mpechicago.com\/es\/transportadores-de-arrastre-tubulares-de-cadena\/disenos\/capacidades\/transportador-de-tubo-de-3-o-76-mm\/"]}]},{"@type":"ImageObject","inLanguage":"es","@id":"https:\/\/www.mpechicago.com\/es\/transportadores-de-arrastre-tubulares-de-cadena\/disenos\/capacidades\/transportador-de-tubo-de-3-o-76-mm\/#primaryimage","url":"https:\/\/www.mpechicago.com\/wp-content\/uploads\/2019\/12\/Tube-Chain-Conveyor-Header_2.jpg","contentUrl":"https:\/\/www.mpechicago.com\/wp-content\/uploads\/2019\/12\/Tube-Chain-Conveyor-Header_2.jpg","width":1900,"height":297},{"@type":"BreadcrumbList","@id":"https:\/\/www.mpechicago.com\/es\/transportadores-de-arrastre-tubulares-de-cadena\/disenos\/capacidades\/transportador-de-tubo-de-3-o-76-mm\/#breadcrumb","itemListElement":[{"@type":"ListItem","position":1,"name":"Hogar","item":"https:\/\/www.mpechicago.com\/es\/"},{"@type":"ListItem","position":2,"name":"Transportadores de arrastre tubulares Chain-Vey","item":"https:\/\/www.mpechicago.com\/es\/transportadores-de-arrastre-tubulares-de-cadena\/"},{"@type":"ListItem","position":3,"name":"Capacidades","item":"https:\/\/www.mpechicago.com\/es\/transportadores-de-arrastre-tubulares-de-cadena\/capacidades\/"},{"@type":"ListItem","position":4,"name":"Transportador de tubo de 3&#8243; o 76 mm"}]},{"@type":"WebSite","@id":"https:\/\/www.mpechicago.com\/es\/#website","url":"https:\/\/www.mpechicago.com\/es\/","name":"Equipos de proceso modernos","description":"","publisher":{"@id":"https:\/\/www.mpechicago.com\/es\/#organization"},"potentialAction":[{"@type":"SearchAction","target":{"@type":"EntryPoint","urlTemplate":"https:\/\/www.mpechicago.com\/es\/?s={search_term_string}"},"query-input":{"@type":"PropertyValueSpecification","valueRequired":true,"valueName":"search_term_string"}}],"inLanguage":"es"},{"@type":"Organization","@id":"https:\/\/www.mpechicago.com\/es\/#organization","name":"Equipos de proceso modernos","url":"https:\/\/www.mpechicago.com\/es\/","logo":{"@type":"ImageObject","inLanguage":"es","@id":"https:\/\/www.mpechicago.com\/es\/#\/schema\/logo\/image\/","url":"https:\/\/www.mpechicago.com\/wp-content\/uploads\/2019\/12\/logo.png","contentUrl":"https:\/\/www.mpechicago.com\/wp-content\/uploads\/2019\/12\/logo.png","width":200,"height":91,"caption":"Equipos de proceso modernos"},"image":{"@id":"https:\/\/www.mpechicago.com\/es\/#\/schema\/logo\/image\/"}}]}},"_links":{"self":[{"href":"https:\/\/www.mpechicago.com\/es\/wp-json\/wp\/v2\/pages\/26675","targetHints":{"allow":["GET"]}}],"collection":[{"href":"https:\/\/www.mpechicago.com\/es\/wp-json\/wp\/v2\/pages"}],"about":[{"href":"https:\/\/www.mpechicago.com\/es\/wp-json\/wp\/v2\/types\/page"}],"author":[{"embeddable":true,"href":"https:\/\/www.mpechicago.com\/es\/wp-json\/wp\/v2\/users\/20"}],"replies":[{"embeddable":true,"href":"https:\/\/www.mpechicago.com\/es\/wp-json\/wp\/v2\/comments?post=26675"}],"version-history":[{"count":1,"href":"https:\/\/www.mpechicago.com\/es\/wp-json\/wp\/v2\/pages\/26675\/revisions"}],"predecessor-version":[{"id":26677,"href":"https:\/\/www.mpechicago.com\/es\/wp-json\/wp\/v2\/pages\/26675\/revisions\/26677"}],"up":[{"embeddable":true,"href":"https:\/\/www.mpechicago.com\/es\/wp-json\/wp\/v2\/pages\/26509"}],"wp:featuredmedia":[{"embeddable":true,"href":"https:\/\/www.mpechicago.com\/es\/wp-json\/wp\/v2\/media\/18286"}],"wp:attachment":[{"href":"https:\/\/www.mpechicago.com\/es\/wp-json\/wp\/v2\/media?parent=26675"}],"curies":[{"name":"wp","href":"https:\/\/api.w.org\/{rel}","templated":true}]}}