{"id":26635,"date":"2019-12-16T05:28:29","date_gmt":"2019-12-16T11:28:29","guid":{"rendered":"https:\/\/www.mpechicago.com\/aplicaciones\/polvo-y-solidos-a-granel\/"},"modified":"2025-05-01T23:09:47","modified_gmt":"2025-05-02T04:09:47","slug":"polvo-y-solidos-a-granel","status":"publish","type":"page","link":"https:\/\/www.mpechicago.com\/es\/transportadores-de-arrastre-tubulares-de-cadena\/aplicaciones\/polvo-y-solidos-a-granel\/","title":{"rendered":"Polvo y s\u00f3lidos a granel"},"content":{"rendered":"<div class=\"wp-bootstrap-blocks-row\">\n\t<div class=\"row\">\n\t\t\n\n<div class=\"col-12 col-md-2 col-lg-2 col-xl-2\">\n\t<div class=\"\">\n\t\t\n\n\n\t<\/div>\n<\/div>\n\n\n\n<div class=\"col-12 col-md-7 col-lg-7 col-xl-7 left-panel\">\n\t<div class=\"\">\n\t\t\n\n<h1 class=\"wp-block-heading page-title pt-20\">Transportadores de polvo y s\u00f3lidos a granel<\/h1>\n\n\n\n<p class=\"intro\">Chain-Vey ofrece el transporte m\u00e1s suave y eficiente para sus necesidades de transporte de polvo, s\u00f3lidos a granel, productos qu\u00edmicos y minerales. Su dise\u00f1o flexible y su tama\u00f1o compacto se adaptan a pr\u00e1cticamente cualquier configuraci\u00f3n. <\/p>\n\n\n\n<p>Adem\u00e1s, con un dise\u00f1o cerrado herm\u00e9tico al polvo, puede estar seguro de que su producto de polvo y s\u00f3lidos a granel permanece aislado del entorno circundante. Chain-Vey tambi\u00e9n cuenta con capacidades de limpieza en el lugar (CIP) con ciclos de lavado automatizados para garantizar la pureza en su sistema de proceso de transporte. Los mejores sistemas a granel requieren Chain-Vey.  <\/p>\n\n\t<\/div>\n<\/div>\n\n\n\n<div class=\"col-12 col-md-3 col-lg-3 col-xl-3 right-panel\">\n\t<div class=\"\">\n\t\t\n\n<h3 class=\"wp-block-heading has-text-align-left Pageblock-subtitle pt-20\">Descargue nuestra hoja de corte sobre SAP<\/h3>\n\n\n<div class=\"wp-bootstrap-blocks-button\">\n\t<a href=\"http:\/\/www.mpechicago.com\/es\/wp-content\/uploads\/2019\/12\/Chain-Vey-for-SAP_mk4-17.pdf\" class=\"btn btn-primary\">\n\t\tChain-Vey for SAPs PDF\t<\/a>\n<\/div>\n\n\t<\/div>\n<\/div>\n\n\t<\/div>\n<\/div>\n\n<div style=\"height:100px\" aria-hidden=\"true\" class=\"wp-block-spacer\"><\/div>\n<div class=\"wp-bootstrap-blocks-row\">\n\t<div class=\"row no-gutters\">\n\t\t\n\n<div class=\"col-12 col-md-6\">\n\t<div class=\"\">\n\t\t\n\n<figure class=\"wp-block-image alignwide size-full mb-0 videoicon\"><a href=\"https:\/\/www.youtube.com\/watch?v=qm7Fk6n4VbA\"><img fetchpriority=\"high\" decoding=\"async\" width=\"700\" height=\"500\" src=\"http:\/\/www.mpechicago.com\/wp-content\/uploads\/2019\/12\/Vitamin-C-powder-copy.jpg\" alt=\"\" class=\"wp-image-1609\" srcset=\"https:\/\/www.mpechicago.com\/wp-content\/uploads\/2019\/12\/Vitamin-C-powder-copy.jpg 700w, https:\/\/www.mpechicago.com\/wp-content\/uploads\/2019\/12\/Vitamin-C-powder-copy-600x429.jpg 600w\" sizes=\"(max-width: 700px) 100vw, 700px\" \/><\/a><\/figure>\n\n\t<\/div>\n<\/div>\n\n\n\n<div class=\"col-12 col-md-6 Pageblock-textWrapper\">\n\t<div class=\"\">\n\t\t\n\n<h2 class=\"wp-block-heading text-uppercase\">MPE Chain-Vey: Transportador de vitamina C  <\/h2>\n\n\n\n<p>El transportador de tubos MPE funciona bien con c\u00e1psulas de gel o vitaminas s\u00f3lidas, manteniendo los ingredientes en su interior e intactos en todo momento.<\/p>\n\n\n\n<p><\/p>\n\n\t<\/div>\n<\/div>\n\n\t<\/div>\n<\/div>\n<div class=\"wp-block-group\">\n<div class=\"wp-bootstrap-blocks-row\">\n\t<div class=\"row no-gutters\">\n\t\t\n\n<div class=\"col-12 col-md-6  order-md-1\">\n\t<div class=\"\">\n\t\t\n\n<figure class=\"wp-block-image alignwide size-full mb-0 videoicon\"><a href=\"https:\/\/www.youtube.com\/watch?v=VNp_3IYEXN0\"><img decoding=\"async\" width=\"700\" height=\"500\" src=\"http:\/\/www.mpechicago.com\/wp-content\/uploads\/2019\/12\/styroContainers2-copy.jpg\" alt=\"\" class=\"wp-image-1615\" srcset=\"https:\/\/www.mpechicago.com\/wp-content\/uploads\/2019\/12\/styroContainers2-copy.jpg 700w, https:\/\/www.mpechicago.com\/wp-content\/uploads\/2019\/12\/styroContainers2-copy-600x429.jpg 600w\" sizes=\"(max-width: 700px) 100vw, 700px\" \/><\/a><\/figure>\n\n\t<\/div>\n<\/div>\n\n\n\n<div class=\"col-12 col-md-6 Pageblock-textWrapper alignment-right\">\n\t<div class=\"\">\n\t\t\n\n<h2 class=\"wp-block-heading text-uppercase\">MPE Chain-Vey: Poliestireno<\/h2>\n\n\n\n<p>El transportador de arrastre tubular MPE puede manejar f\u00e1cilmente poliestireno, espuma de poliestireno y otros productos qu\u00edmicos secos.<\/p>\n\n\n\n<p><\/p>\n\n\t<\/div>\n<\/div>\n\n\t<\/div>\n<\/div>\n<p><!-- \/wp:post-content --><\/p>\n<p><!-- wp:paragraph --><\/p>\n<p><!-- \/wp:paragraph --><\/p>\n<p><!-- wp:html --><br \/><script src=\"https:\/\/static.elfsight.com\/platform\/platform.js\" data-use-service-core=\"\" defer><\/script><\/p>\n<div class=\"elfsight-app-d292a99b-4a6e-4a05-9c27-ac00b1ffec10\" data-elfsight-app-lazy=\"\"> <\/div>\n<p><!-- \/wp:html --><\/p>\n","protected":false},"excerpt":{"rendered":"","protected":false},"author":20,"featured_media":18801,"parent":26487,"menu_order":7,"comment_status":"closed","ping_status":"closed","template":"","meta":{"_acf_changed":false,"content-type":"","rs_blank_template":"","rs_page_bg_color":"","slide_template_v7":"","footnotes":""},"class_list":["post-26635","page","type-page","status-publish","has-post-thumbnail","hentry"],"acf":[],"yoast_head":"<!-- This site is optimized with the Yoast SEO plugin v27.3 - https:\/\/yoast.com\/product\/yoast-seo-wordpress\/ -->\n<title>Transportador de arrastre tubular de polvo y s\u00f3lidos a granel - Equipos de proceso modernos<\/title>\n<meta name=\"description\" content=\"Explore los transportadores de cadena tubular de Chain-Vey para el manejo de productos qu\u00edmicos y minerales. Descubra soluciones fiables.\" \/>\n<meta name=\"robots\" content=\"index, follow, max-snippet:-1, max-image-preview:large, max-video-preview:-1\" \/>\n<link rel=\"canonical\" href=\"https:\/\/www.mpechicago.com\/es\/transportadores-de-arrastre-tubulares-de-cadena\/aplicaciones\/polvo-y-solidos-a-granel\/\" \/>\n<meta property=\"og:locale\" content=\"es_ES\" \/>\n<meta property=\"og:type\" content=\"article\" \/>\n<meta property=\"og:title\" content=\"Transportador de arrastre tubular de polvo y s\u00f3lidos a granel - Equipos de proceso modernos\" \/>\n<meta property=\"og:description\" content=\"Explore los transportadores de cadena tubular de Chain-Vey para el manejo de productos qu\u00edmicos y minerales. Descubra soluciones fiables.\" \/>\n<meta property=\"og:url\" content=\"https:\/\/www.mpechicago.com\/es\/transportadores-de-arrastre-tubulares-de-cadena\/aplicaciones\/polvo-y-solidos-a-granel\/\" \/>\n<meta property=\"og:site_name\" content=\"Equipos de proceso modernos\" \/>\n<meta property=\"article:modified_time\" content=\"2025-05-02T04:09:47+00:00\" \/>\n<meta property=\"og:image\" content=\"https:\/\/www.mpechicago.com\/wp-content\/uploads\/2019\/12\/chemical.jpg\" \/>\n\t<meta property=\"og:image:width\" content=\"1600\" \/>\n\t<meta property=\"og:image:height\" content=\"250\" \/>\n\t<meta property=\"og:image:type\" content=\"image\/jpeg\" \/>\n<meta name=\"twitter:card\" content=\"summary_large_image\" \/>\n<meta name=\"twitter:label1\" content=\"Tiempo de lectura\" \/>\n\t<meta name=\"twitter:data1\" content=\"1 minuto\" \/>\n<script type=\"application\/ld+json\" class=\"yoast-schema-graph\">{\"@context\":\"https:\\\/\\\/schema.org\",\"@graph\":[{\"@type\":\"WebPage\",\"@id\":\"https:\\\/\\\/www.mpechicago.com\\\/es\\\/transportadores-de-arrastre-tubulares-de-cadena\\\/aplicaciones\\\/polvo-y-solidos-a-granel\\\/\",\"url\":\"https:\\\/\\\/www.mpechicago.com\\\/es\\\/transportadores-de-arrastre-tubulares-de-cadena\\\/aplicaciones\\\/polvo-y-solidos-a-granel\\\/\",\"name\":\"Transportador de arrastre tubular de polvo y s\u00f3lidos a granel - Equipos de proceso modernos\",\"isPartOf\":{\"@id\":\"https:\\\/\\\/www.mpechicago.com\\\/es\\\/#website\"},\"primaryImageOfPage\":{\"@id\":\"https:\\\/\\\/www.mpechicago.com\\\/es\\\/transportadores-de-arrastre-tubulares-de-cadena\\\/aplicaciones\\\/polvo-y-solidos-a-granel\\\/#primaryimage\"},\"image\":{\"@id\":\"https:\\\/\\\/www.mpechicago.com\\\/es\\\/transportadores-de-arrastre-tubulares-de-cadena\\\/aplicaciones\\\/polvo-y-solidos-a-granel\\\/#primaryimage\"},\"thumbnailUrl\":\"https:\\\/\\\/www.mpechicago.com\\\/wp-content\\\/uploads\\\/2019\\\/12\\\/chemical.jpg\",\"datePublished\":\"2019-12-16T11:28:29+00:00\",\"dateModified\":\"2025-05-02T04:09:47+00:00\",\"description\":\"Explore los transportadores de cadena tubular de Chain-Vey para el manejo de productos qu\u00edmicos y minerales. Descubra soluciones fiables.\",\"breadcrumb\":{\"@id\":\"https:\\\/\\\/www.mpechicago.com\\\/es\\\/transportadores-de-arrastre-tubulares-de-cadena\\\/aplicaciones\\\/polvo-y-solidos-a-granel\\\/#breadcrumb\"},\"inLanguage\":\"es\",\"potentialAction\":[{\"@type\":\"ReadAction\",\"target\":[\"https:\\\/\\\/www.mpechicago.com\\\/es\\\/transportadores-de-arrastre-tubulares-de-cadena\\\/aplicaciones\\\/polvo-y-solidos-a-granel\\\/\"]}]},{\"@type\":\"ImageObject\",\"inLanguage\":\"es\",\"@id\":\"https:\\\/\\\/www.mpechicago.com\\\/es\\\/transportadores-de-arrastre-tubulares-de-cadena\\\/aplicaciones\\\/polvo-y-solidos-a-granel\\\/#primaryimage\",\"url\":\"https:\\\/\\\/www.mpechicago.com\\\/wp-content\\\/uploads\\\/2019\\\/12\\\/chemical.jpg\",\"contentUrl\":\"https:\\\/\\\/www.mpechicago.com\\\/wp-content\\\/uploads\\\/2019\\\/12\\\/chemical.jpg\",\"width\":1600,\"height\":250},{\"@type\":\"BreadcrumbList\",\"@id\":\"https:\\\/\\\/www.mpechicago.com\\\/es\\\/transportadores-de-arrastre-tubulares-de-cadena\\\/aplicaciones\\\/polvo-y-solidos-a-granel\\\/#breadcrumb\",\"itemListElement\":[{\"@type\":\"ListItem\",\"position\":1,\"name\":\"Hogar\",\"item\":\"https:\\\/\\\/www.mpechicago.com\\\/es\\\/\"},{\"@type\":\"ListItem\",\"position\":2,\"name\":\"Transportadores de arrastre tubulares Chain-Vey\",\"item\":\"https:\\\/\\\/www.mpechicago.com\\\/es\\\/transportadores-de-arrastre-tubulares-de-cadena\\\/\"},{\"@type\":\"ListItem\",\"position\":3,\"name\":\"Aplicaciones\",\"item\":\"https:\\\/\\\/www.mpechicago.com\\\/es\\\/transportadores-de-arrastre-tubulares-de-cadena\\\/aplicaciones\\\/\"},{\"@type\":\"ListItem\",\"position\":4,\"name\":\"Polvo y s\u00f3lidos a granel\"}]},{\"@type\":\"WebSite\",\"@id\":\"https:\\\/\\\/www.mpechicago.com\\\/es\\\/#website\",\"url\":\"https:\\\/\\\/www.mpechicago.com\\\/es\\\/\",\"name\":\"Equipos de proceso modernos\",\"description\":\"\",\"publisher\":{\"@id\":\"https:\\\/\\\/www.mpechicago.com\\\/es\\\/#organization\"},\"potentialAction\":[{\"@type\":\"SearchAction\",\"target\":{\"@type\":\"EntryPoint\",\"urlTemplate\":\"https:\\\/\\\/www.mpechicago.com\\\/es\\\/?s={search_term_string}\"},\"query-input\":{\"@type\":\"PropertyValueSpecification\",\"valueRequired\":true,\"valueName\":\"search_term_string\"}}],\"inLanguage\":\"es\"},{\"@type\":\"Organization\",\"@id\":\"https:\\\/\\\/www.mpechicago.com\\\/es\\\/#organization\",\"name\":\"Equipos de proceso modernos\",\"url\":\"https:\\\/\\\/www.mpechicago.com\\\/es\\\/\",\"logo\":{\"@type\":\"ImageObject\",\"inLanguage\":\"es\",\"@id\":\"https:\\\/\\\/www.mpechicago.com\\\/es\\\/#\\\/schema\\\/logo\\\/image\\\/\",\"url\":\"https:\\\/\\\/www.mpechicago.com\\\/wp-content\\\/uploads\\\/2019\\\/12\\\/logo.png\",\"contentUrl\":\"https:\\\/\\\/www.mpechicago.com\\\/wp-content\\\/uploads\\\/2019\\\/12\\\/logo.png\",\"width\":200,\"height\":91,\"caption\":\"Equipos de proceso modernos\"},\"image\":{\"@id\":\"https:\\\/\\\/www.mpechicago.com\\\/es\\\/#\\\/schema\\\/logo\\\/image\\\/\"}}]}<\/script>\n<!-- \/ Yoast SEO plugin. -->","yoast_head_json":{"title":"Transportador de arrastre tubular de polvo y s\u00f3lidos a granel - Equipos de proceso modernos","description":"Explore los transportadores de cadena tubular de Chain-Vey para el manejo de productos qu\u00edmicos y minerales. Descubra soluciones fiables.","robots":{"index":"index","follow":"follow","max-snippet":"max-snippet:-1","max-image-preview":"max-image-preview:large","max-video-preview":"max-video-preview:-1"},"canonical":"https:\/\/www.mpechicago.com\/es\/transportadores-de-arrastre-tubulares-de-cadena\/aplicaciones\/polvo-y-solidos-a-granel\/","og_locale":"es_ES","og_type":"article","og_title":"Transportador de arrastre tubular de polvo y s\u00f3lidos a granel - Equipos de proceso modernos","og_description":"Explore los transportadores de cadena tubular de Chain-Vey para el manejo de productos qu\u00edmicos y minerales. Descubra soluciones fiables.","og_url":"https:\/\/www.mpechicago.com\/es\/transportadores-de-arrastre-tubulares-de-cadena\/aplicaciones\/polvo-y-solidos-a-granel\/","og_site_name":"Equipos de proceso modernos","article_modified_time":"2025-05-02T04:09:47+00:00","og_image":[{"width":1600,"height":250,"url":"https:\/\/www.mpechicago.com\/wp-content\/uploads\/2019\/12\/chemical.jpg","type":"image\/jpeg"}],"twitter_card":"summary_large_image","twitter_misc":{"Tiempo de lectura":"1 minuto"},"schema":{"@context":"https:\/\/schema.org","@graph":[{"@type":"WebPage","@id":"https:\/\/www.mpechicago.com\/es\/transportadores-de-arrastre-tubulares-de-cadena\/aplicaciones\/polvo-y-solidos-a-granel\/","url":"https:\/\/www.mpechicago.com\/es\/transportadores-de-arrastre-tubulares-de-cadena\/aplicaciones\/polvo-y-solidos-a-granel\/","name":"Transportador de arrastre tubular de polvo y s\u00f3lidos a granel - Equipos de proceso modernos","isPartOf":{"@id":"https:\/\/www.mpechicago.com\/es\/#website"},"primaryImageOfPage":{"@id":"https:\/\/www.mpechicago.com\/es\/transportadores-de-arrastre-tubulares-de-cadena\/aplicaciones\/polvo-y-solidos-a-granel\/#primaryimage"},"image":{"@id":"https:\/\/www.mpechicago.com\/es\/transportadores-de-arrastre-tubulares-de-cadena\/aplicaciones\/polvo-y-solidos-a-granel\/#primaryimage"},"thumbnailUrl":"https:\/\/www.mpechicago.com\/wp-content\/uploads\/2019\/12\/chemical.jpg","datePublished":"2019-12-16T11:28:29+00:00","dateModified":"2025-05-02T04:09:47+00:00","description":"Explore los transportadores de cadena tubular de Chain-Vey para el manejo de productos qu\u00edmicos y minerales. Descubra soluciones fiables.","breadcrumb":{"@id":"https:\/\/www.mpechicago.com\/es\/transportadores-de-arrastre-tubulares-de-cadena\/aplicaciones\/polvo-y-solidos-a-granel\/#breadcrumb"},"inLanguage":"es","potentialAction":[{"@type":"ReadAction","target":["https:\/\/www.mpechicago.com\/es\/transportadores-de-arrastre-tubulares-de-cadena\/aplicaciones\/polvo-y-solidos-a-granel\/"]}]},{"@type":"ImageObject","inLanguage":"es","@id":"https:\/\/www.mpechicago.com\/es\/transportadores-de-arrastre-tubulares-de-cadena\/aplicaciones\/polvo-y-solidos-a-granel\/#primaryimage","url":"https:\/\/www.mpechicago.com\/wp-content\/uploads\/2019\/12\/chemical.jpg","contentUrl":"https:\/\/www.mpechicago.com\/wp-content\/uploads\/2019\/12\/chemical.jpg","width":1600,"height":250},{"@type":"BreadcrumbList","@id":"https:\/\/www.mpechicago.com\/es\/transportadores-de-arrastre-tubulares-de-cadena\/aplicaciones\/polvo-y-solidos-a-granel\/#breadcrumb","itemListElement":[{"@type":"ListItem","position":1,"name":"Hogar","item":"https:\/\/www.mpechicago.com\/es\/"},{"@type":"ListItem","position":2,"name":"Transportadores de arrastre tubulares Chain-Vey","item":"https:\/\/www.mpechicago.com\/es\/transportadores-de-arrastre-tubulares-de-cadena\/"},{"@type":"ListItem","position":3,"name":"Aplicaciones","item":"https:\/\/www.mpechicago.com\/es\/transportadores-de-arrastre-tubulares-de-cadena\/aplicaciones\/"},{"@type":"ListItem","position":4,"name":"Polvo y s\u00f3lidos a granel"}]},{"@type":"WebSite","@id":"https:\/\/www.mpechicago.com\/es\/#website","url":"https:\/\/www.mpechicago.com\/es\/","name":"Equipos de proceso modernos","description":"","publisher":{"@id":"https:\/\/www.mpechicago.com\/es\/#organization"},"potentialAction":[{"@type":"SearchAction","target":{"@type":"EntryPoint","urlTemplate":"https:\/\/www.mpechicago.com\/es\/?s={search_term_string}"},"query-input":{"@type":"PropertyValueSpecification","valueRequired":true,"valueName":"search_term_string"}}],"inLanguage":"es"},{"@type":"Organization","@id":"https:\/\/www.mpechicago.com\/es\/#organization","name":"Equipos de proceso modernos","url":"https:\/\/www.mpechicago.com\/es\/","logo":{"@type":"ImageObject","inLanguage":"es","@id":"https:\/\/www.mpechicago.com\/es\/#\/schema\/logo\/image\/","url":"https:\/\/www.mpechicago.com\/wp-content\/uploads\/2019\/12\/logo.png","contentUrl":"https:\/\/www.mpechicago.com\/wp-content\/uploads\/2019\/12\/logo.png","width":200,"height":91,"caption":"Equipos de proceso modernos"},"image":{"@id":"https:\/\/www.mpechicago.com\/es\/#\/schema\/logo\/image\/"}}]}},"_links":{"self":[{"href":"https:\/\/www.mpechicago.com\/es\/wp-json\/wp\/v2\/pages\/26635","targetHints":{"allow":["GET"]}}],"collection":[{"href":"https:\/\/www.mpechicago.com\/es\/wp-json\/wp\/v2\/pages"}],"about":[{"href":"https:\/\/www.mpechicago.com\/es\/wp-json\/wp\/v2\/types\/page"}],"author":[{"embeddable":true,"href":"https:\/\/www.mpechicago.com\/es\/wp-json\/wp\/v2\/users\/20"}],"replies":[{"embeddable":true,"href":"https:\/\/www.mpechicago.com\/es\/wp-json\/wp\/v2\/comments?post=26635"}],"version-history":[{"count":1,"href":"https:\/\/www.mpechicago.com\/es\/wp-json\/wp\/v2\/pages\/26635\/revisions"}],"predecessor-version":[{"id":26637,"href":"https:\/\/www.mpechicago.com\/es\/wp-json\/wp\/v2\/pages\/26635\/revisions\/26637"}],"up":[{"embeddable":true,"href":"https:\/\/www.mpechicago.com\/es\/wp-json\/wp\/v2\/pages\/26487"}],"wp:featuredmedia":[{"embeddable":true,"href":"https:\/\/www.mpechicago.com\/es\/wp-json\/wp\/v2\/media\/18801"}],"wp:attachment":[{"href":"https:\/\/www.mpechicago.com\/es\/wp-json\/wp\/v2\/media?parent=26635"}],"curies":[{"name":"wp","href":"https:\/\/api.w.org\/{rel}","templated":true}]}}