{"id":29051,"date":"2019-12-17T07:52:43","date_gmt":"2019-12-17T13:52:43","guid":{"rendered":"https:\/\/www.mpechicago.com\/product\/700-f-serie-2\/"},"modified":"2025-05-12T00:11:40","modified_gmt":"2025-05-12T05:11:40","slug":"700-f-serie-2","status":"publish","type":"product","link":"https:\/\/www.mpechicago.com\/de\/produkt\/700-f-serie-2\/","title":{"rendered":"700 F-Serie"},"content":{"rendered":"<p>Das Modell 700 F ist eine der beliebtesten industriellen Kaffeem\u00fchlen der Welt. Hervorragende Partikelgr\u00f6\u00dfenleistung \u00fcber einen Bereich von Mahlgraden und konsistente Ergebnisse unterscheiden die 700 F von anderen M\u00fchlenmodellen. Dar\u00fcber hinaus bietet die 700 F eine Reihe von Optionen, wie z. B. SPS-Steuerung, Wasserk\u00fchlung und Dichteregelung, um die Qualit\u00e4t und Konsistenz von gemahlenem Kaffee weiter zu verbessern.    <\/p>\n","protected":false},"excerpt":{"rendered":"<p>KAFFEEM\u00dcHLE MODELL 700 F SERIE * 700 F(X) \u2013 ZWEI (2) MAHLABSCHNITTE, (X) = OPTIONALE ESPRESSO-KONFIGURATION * 777 E \u2013 GENERAL\u00dcBERHOLTE SCHNEIDM\u00dcHLE, &#8222;GUMP&#8220;<\/p>\n","protected":false},"featured_media":18924,"comment_status":"open","ping_status":"closed","template":"","meta":{"_acf_changed":false,"content-type":"","rs_blank_template":"","rs_page_bg_color":"","slide_template_v7":""},"product_brand":[],"product_cat":[207,301,302,205],"product_tag":[],"class_list":{"0":"post-29051","1":"product","2":"type-product","3":"status-publish","4":"has-post-thumbnail","6":"product_cat-pods-kapseln","7":"product_cat-espresso-de","8":"product_cat-filter-de","9":"product_cat-industriell","11":"first","12":"outofstock","13":"shipping-taxable","14":"product-type-variable"},"acf":[],"yoast_head":"<!-- This site is optimized with the Yoast SEO plugin v27.4 - https:\/\/yoast.com\/product\/yoast-seo-wordpress\/ -->\n<title>700-F-Serie- Moderne Prozessanlagen Pr\u00e4zises Mahlen von Kaffee mit hohem Volumen<\/title>\n<meta name=\"description\" content=\"Die Kaffeem\u00fchle Modell 700 der F-Serie kann bis zu 900 kg\/h perfekt gemahlenen Kaffee verarbeiten. MPE ist der weltweit f\u00fchrende Anbieter von industriellen Kaffeemahlanlagen.\" \/>\n<meta name=\"robots\" content=\"index, follow, max-snippet:-1, max-image-preview:large, max-video-preview:-1\" \/>\n<link rel=\"canonical\" href=\"https:\/\/www.mpechicago.com\/de\/produkt\/700-f-serie-2\/\" \/>\n<meta property=\"og:locale\" content=\"de_DE\" \/>\n<meta property=\"og:type\" content=\"article\" \/>\n<meta property=\"og:title\" content=\"700-F-Serie- Moderne Prozessanlagen Pr\u00e4zises Mahlen von Kaffee mit hohem Volumen\" \/>\n<meta property=\"og:description\" content=\"Die Kaffeem\u00fchle Modell 700 der F-Serie kann bis zu 900 kg\/h perfekt gemahlenen Kaffee verarbeiten. MPE ist der weltweit f\u00fchrende Anbieter von industriellen Kaffeemahlanlagen.\" \/>\n<meta property=\"og:url\" content=\"https:\/\/www.mpechicago.com\/de\/produkt\/700-f-serie-2\/\" \/>\n<meta property=\"og:site_name\" content=\"Moderne Prozessanlagen\" \/>\n<meta property=\"article:modified_time\" content=\"2025-05-12T05:11:40+00:00\" \/>\n<meta property=\"og:image\" content=\"https:\/\/www.mpechicago.com\/wp-content\/uploads\/2019\/12\/700FX-Equal-Exchange3.png\" \/>\n\t<meta property=\"og:image:width\" content=\"600\" \/>\n\t<meta property=\"og:image:height\" content=\"600\" \/>\n\t<meta property=\"og:image:type\" content=\"image\/png\" \/>\n<meta name=\"twitter:card\" content=\"summary_large_image\" \/>\n<script type=\"application\/ld+json\" class=\"yoast-schema-graph\">{\"@context\":\"https:\\\/\\\/schema.org\",\"@graph\":[{\"@type\":\"WebPage\",\"@id\":\"https:\\\/\\\/www.mpechicago.com\\\/de\\\/produkt\\\/700-f-serie-2\\\/\",\"url\":\"https:\\\/\\\/www.mpechicago.com\\\/de\\\/produkt\\\/700-f-serie-2\\\/\",\"name\":\"700-F-Serie- Moderne Prozessanlagen Pr\u00e4zises Mahlen von Kaffee mit hohem Volumen\",\"isPartOf\":{\"@id\":\"https:\\\/\\\/www.mpechicago.com\\\/de\\\/#website\"},\"primaryImageOfPage\":{\"@id\":\"https:\\\/\\\/www.mpechicago.com\\\/de\\\/produkt\\\/700-f-serie-2\\\/#primaryimage\"},\"image\":{\"@id\":\"https:\\\/\\\/www.mpechicago.com\\\/de\\\/produkt\\\/700-f-serie-2\\\/#primaryimage\"},\"thumbnailUrl\":\"https:\\\/\\\/www.mpechicago.com\\\/wp-content\\\/uploads\\\/2019\\\/12\\\/700FX-Equal-Exchange3.png\",\"datePublished\":\"2019-12-17T13:52:43+00:00\",\"dateModified\":\"2025-05-12T05:11:40+00:00\",\"description\":\"Die Kaffeem\u00fchle Modell 700 der F-Serie kann bis zu 900 kg\\\/h perfekt gemahlenen Kaffee verarbeiten. MPE ist der weltweit f\u00fchrende Anbieter von industriellen Kaffeemahlanlagen.\",\"breadcrumb\":{\"@id\":\"https:\\\/\\\/www.mpechicago.com\\\/de\\\/produkt\\\/700-f-serie-2\\\/#breadcrumb\"},\"inLanguage\":\"de\",\"potentialAction\":[{\"@type\":\"ReadAction\",\"target\":[\"https:\\\/\\\/www.mpechicago.com\\\/de\\\/produkt\\\/700-f-serie-2\\\/\"]}]},{\"@type\":\"ImageObject\",\"inLanguage\":\"de\",\"@id\":\"https:\\\/\\\/www.mpechicago.com\\\/de\\\/produkt\\\/700-f-serie-2\\\/#primaryimage\",\"url\":\"https:\\\/\\\/www.mpechicago.com\\\/wp-content\\\/uploads\\\/2019\\\/12\\\/700FX-Equal-Exchange3.png\",\"contentUrl\":\"https:\\\/\\\/www.mpechicago.com\\\/wp-content\\\/uploads\\\/2019\\\/12\\\/700FX-Equal-Exchange3.png\",\"width\":600,\"height\":600,\"caption\":\"700FX Gleicher Umtausch\"},{\"@type\":\"BreadcrumbList\",\"@id\":\"https:\\\/\\\/www.mpechicago.com\\\/de\\\/produkt\\\/700-f-serie-2\\\/#breadcrumb\",\"itemListElement\":[{\"@type\":\"ListItem\",\"position\":1,\"name\":\"Heim\",\"item\":\"https:\\\/\\\/www.mpechicago.com\\\/de\\\/\"},{\"@type\":\"ListItem\",\"position\":2,\"name\":\"Private: Shop\",\"item\":\"https:\\\/\\\/www.mpechicago.com\\\/?page_id=1006\"},{\"@type\":\"ListItem\",\"position\":3,\"name\":\"700 F-Serie\"}]},{\"@type\":\"WebSite\",\"@id\":\"https:\\\/\\\/www.mpechicago.com\\\/de\\\/#website\",\"url\":\"https:\\\/\\\/www.mpechicago.com\\\/de\\\/\",\"name\":\"Moderne Prozessanlagen\",\"description\":\"\",\"publisher\":{\"@id\":\"https:\\\/\\\/www.mpechicago.com\\\/de\\\/#organization\"},\"potentialAction\":[{\"@type\":\"SearchAction\",\"target\":{\"@type\":\"EntryPoint\",\"urlTemplate\":\"https:\\\/\\\/www.mpechicago.com\\\/de\\\/?s={search_term_string}\"},\"query-input\":{\"@type\":\"PropertyValueSpecification\",\"valueRequired\":true,\"valueName\":\"search_term_string\"}}],\"inLanguage\":\"de\"},{\"@type\":\"Organization\",\"@id\":\"https:\\\/\\\/www.mpechicago.com\\\/de\\\/#organization\",\"name\":\"Moderne Prozessanlagen\",\"url\":\"https:\\\/\\\/www.mpechicago.com\\\/de\\\/\",\"logo\":{\"@type\":\"ImageObject\",\"inLanguage\":\"de\",\"@id\":\"https:\\\/\\\/www.mpechicago.com\\\/de\\\/#\\\/schema\\\/logo\\\/image\\\/\",\"url\":\"https:\\\/\\\/www.mpechicago.com\\\/wp-content\\\/uploads\\\/2019\\\/12\\\/logo.png\",\"contentUrl\":\"https:\\\/\\\/www.mpechicago.com\\\/wp-content\\\/uploads\\\/2019\\\/12\\\/logo.png\",\"width\":200,\"height\":91,\"caption\":\"Moderne Prozessanlagen\"},\"image\":{\"@id\":\"https:\\\/\\\/www.mpechicago.com\\\/de\\\/#\\\/schema\\\/logo\\\/image\\\/\"}}]}<\/script>\n<!-- \/ Yoast SEO plugin. -->","yoast_head_json":{"title":"700-F-Serie- Moderne Prozessanlagen Pr\u00e4zises Mahlen von Kaffee mit hohem Volumen","description":"Die Kaffeem\u00fchle Modell 700 der F-Serie kann bis zu 900 kg\/h perfekt gemahlenen Kaffee verarbeiten. MPE ist der weltweit f\u00fchrende Anbieter von industriellen Kaffeemahlanlagen.","robots":{"index":"index","follow":"follow","max-snippet":"max-snippet:-1","max-image-preview":"max-image-preview:large","max-video-preview":"max-video-preview:-1"},"canonical":"https:\/\/www.mpechicago.com\/de\/produkt\/700-f-serie-2\/","og_locale":"de_DE","og_type":"article","og_title":"700-F-Serie- Moderne Prozessanlagen Pr\u00e4zises Mahlen von Kaffee mit hohem Volumen","og_description":"Die Kaffeem\u00fchle Modell 700 der F-Serie kann bis zu 900 kg\/h perfekt gemahlenen Kaffee verarbeiten. MPE ist der weltweit f\u00fchrende Anbieter von industriellen Kaffeemahlanlagen.","og_url":"https:\/\/www.mpechicago.com\/de\/produkt\/700-f-serie-2\/","og_site_name":"Moderne Prozessanlagen","article_modified_time":"2025-05-12T05:11:40+00:00","og_image":[{"width":600,"height":600,"url":"https:\/\/www.mpechicago.com\/wp-content\/uploads\/2019\/12\/700FX-Equal-Exchange3.png","type":"image\/png"}],"twitter_card":"summary_large_image","schema":{"@context":"https:\/\/schema.org","@graph":[{"@type":"WebPage","@id":"https:\/\/www.mpechicago.com\/de\/produkt\/700-f-serie-2\/","url":"https:\/\/www.mpechicago.com\/de\/produkt\/700-f-serie-2\/","name":"700-F-Serie- Moderne Prozessanlagen Pr\u00e4zises Mahlen von Kaffee mit hohem Volumen","isPartOf":{"@id":"https:\/\/www.mpechicago.com\/de\/#website"},"primaryImageOfPage":{"@id":"https:\/\/www.mpechicago.com\/de\/produkt\/700-f-serie-2\/#primaryimage"},"image":{"@id":"https:\/\/www.mpechicago.com\/de\/produkt\/700-f-serie-2\/#primaryimage"},"thumbnailUrl":"https:\/\/www.mpechicago.com\/wp-content\/uploads\/2019\/12\/700FX-Equal-Exchange3.png","datePublished":"2019-12-17T13:52:43+00:00","dateModified":"2025-05-12T05:11:40+00:00","description":"Die Kaffeem\u00fchle Modell 700 der F-Serie kann bis zu 900 kg\/h perfekt gemahlenen Kaffee verarbeiten. MPE ist der weltweit f\u00fchrende Anbieter von industriellen Kaffeemahlanlagen.","breadcrumb":{"@id":"https:\/\/www.mpechicago.com\/de\/produkt\/700-f-serie-2\/#breadcrumb"},"inLanguage":"de","potentialAction":[{"@type":"ReadAction","target":["https:\/\/www.mpechicago.com\/de\/produkt\/700-f-serie-2\/"]}]},{"@type":"ImageObject","inLanguage":"de","@id":"https:\/\/www.mpechicago.com\/de\/produkt\/700-f-serie-2\/#primaryimage","url":"https:\/\/www.mpechicago.com\/wp-content\/uploads\/2019\/12\/700FX-Equal-Exchange3.png","contentUrl":"https:\/\/www.mpechicago.com\/wp-content\/uploads\/2019\/12\/700FX-Equal-Exchange3.png","width":600,"height":600,"caption":"700FX Gleicher Umtausch"},{"@type":"BreadcrumbList","@id":"https:\/\/www.mpechicago.com\/de\/produkt\/700-f-serie-2\/#breadcrumb","itemListElement":[{"@type":"ListItem","position":1,"name":"Heim","item":"https:\/\/www.mpechicago.com\/de\/"},{"@type":"ListItem","position":2,"name":"Private: Shop","item":"https:\/\/www.mpechicago.com\/?page_id=1006"},{"@type":"ListItem","position":3,"name":"700 F-Serie"}]},{"@type":"WebSite","@id":"https:\/\/www.mpechicago.com\/de\/#website","url":"https:\/\/www.mpechicago.com\/de\/","name":"Moderne Prozessanlagen","description":"","publisher":{"@id":"https:\/\/www.mpechicago.com\/de\/#organization"},"potentialAction":[{"@type":"SearchAction","target":{"@type":"EntryPoint","urlTemplate":"https:\/\/www.mpechicago.com\/de\/?s={search_term_string}"},"query-input":{"@type":"PropertyValueSpecification","valueRequired":true,"valueName":"search_term_string"}}],"inLanguage":"de"},{"@type":"Organization","@id":"https:\/\/www.mpechicago.com\/de\/#organization","name":"Moderne Prozessanlagen","url":"https:\/\/www.mpechicago.com\/de\/","logo":{"@type":"ImageObject","inLanguage":"de","@id":"https:\/\/www.mpechicago.com\/de\/#\/schema\/logo\/image\/","url":"https:\/\/www.mpechicago.com\/wp-content\/uploads\/2019\/12\/logo.png","contentUrl":"https:\/\/www.mpechicago.com\/wp-content\/uploads\/2019\/12\/logo.png","width":200,"height":91,"caption":"Moderne Prozessanlagen"},"image":{"@id":"https:\/\/www.mpechicago.com\/de\/#\/schema\/logo\/image\/"}}]}},"_links":{"self":[{"href":"https:\/\/www.mpechicago.com\/de\/wp-json\/wp\/v2\/product\/29051","targetHints":{"allow":["GET"]}}],"collection":[{"href":"https:\/\/www.mpechicago.com\/de\/wp-json\/wp\/v2\/product"}],"about":[{"href":"https:\/\/www.mpechicago.com\/de\/wp-json\/wp\/v2\/types\/product"}],"replies":[{"embeddable":true,"href":"https:\/\/www.mpechicago.com\/de\/wp-json\/wp\/v2\/comments?post=29051"}],"wp:featuredmedia":[{"embeddable":true,"href":"https:\/\/www.mpechicago.com\/de\/wp-json\/wp\/v2\/media\/18924"}],"wp:attachment":[{"href":"https:\/\/www.mpechicago.com\/de\/wp-json\/wp\/v2\/media?parent=29051"}],"wp:term":[{"taxonomy":"product_brand","embeddable":true,"href":"https:\/\/www.mpechicago.com\/de\/wp-json\/wp\/v2\/product_brand?post=29051"},{"taxonomy":"product_cat","embeddable":true,"href":"https:\/\/www.mpechicago.com\/de\/wp-json\/wp\/v2\/product_cat?post=29051"},{"taxonomy":"product_tag","embeddable":true,"href":"https:\/\/www.mpechicago.com\/de\/wp-json\/wp\/v2\/product_tag?post=29051"}],"curies":[{"name":"wp","href":"https:\/\/api.w.org\/{rel}","templated":true}]}}