{"id":28656,"date":"2019-12-18T12:40:45","date_gmt":"2019-12-18T18:40:45","guid":{"rendered":"https:\/\/www.mpechicago.com\/product\/gpx\/"},"modified":"2025-06-25T12:35:04","modified_gmt":"2025-06-25T17:35:04","slug":"gpx","status":"publish","type":"product","link":"https:\/\/www.mpechicago.com\/de\/produkt\/gpx\/","title":{"rendered":"GPX"},"content":{"rendered":"<p>MPE Scheibenschleifer bieten ein hohes Ma\u00df an Vielseitigkeit bei der Zerkleinerung eines breiten Spektrums von Materialien. Diese kompakten, wirtschaftlichen M\u00fchlen eignen sich f\u00fcr eine Vielzahl von Mahlanwendungen, darunter Chemikalien, trockene Lebensmittel, Lebensmittelzuschlagstoffe, Mineralien, Gew\u00fcrze und eine breite Palette \u00e4hnlicher Materialien. <\/p>\n<p>Die robust konstruierten Scheibenschleifmaschinen von MPE verf\u00fcgen \u00fcber &#8222;diamantharte&#8220; Schleifscheiben, die pr\u00e4zisionsgeschnitten sind, um ihre Schneidwirkung zu optimieren, was zu einem besseren Endprodukt mit einer erh\u00f6hten Produktionskapazit\u00e4t f\u00fchrt. Diese &#8222;Wirkung&#8220; f\u00fchrt zu Ergebnissen, die einer Hammerm\u00fchle zu einem Bruchteil des Preises \u00fcberlegen sind. Die Scheibenschleifer funktionieren am besten auf &#8222;br\u00fcchigen&#8220; oder zerbrechlichen Materialien und lassen sich so anpassen, dass sie Zielgr\u00f6\u00dfen von 6 &#8211; 150 mesh (3.000 &#8211; 100 Mikrometer) liefern.  <\/p>\n<p>Die GPX produziert 50 bis 250 kg pr\u00e4zisionsgeschliffenes Produkt pro Stunde und verwendet zwei Schleifscheiben mit einem Durchmesser von 5,5&#8243; (140 mm), um das Material auf eine Reihe von Zielgr\u00f6\u00dfen zu reduzieren. Die GPX verwendet einen praktischen Drehregler, um die gew\u00fcnschte Mahlgr\u00f6\u00dfe zu \u00e4ndern, und typische Zielmahlgrade reichen von 6 bis 150 Mesh (3.000 &#8211; 100 Mikrometer). <\/p>\n<p>Sind Sie stattdessen auf der Suche nach der GPX Precision Disc-Style Kaffeem\u00fchle?<\/p>\n<p><a href=\"http:\/\/www.mpechicago.com\/de\/produkt\/gpx-2\/\" class=\"btn btn-primary\">Bring mich zur Kaffee-Version<\/a><\/p>\n","protected":false},"excerpt":{"rendered":"<p>MODELL GPX DISC-STYLE GRINDER (<\/p>\n<p>erf\u00fcllt die FGIS-Spezifikationen)<\/p>\n","protected":false},"featured_media":19979,"comment_status":"open","ping_status":"closed","template":"","meta":{"_acf_changed":false,"content-type":"","rs_blank_template":"","rs_page_bg_color":"","slide_template_v7":""},"product_brand":[],"product_cat":[277],"product_tag":[],"class_list":{"0":"post-28656","1":"product","2":"type-product","3":"status-publish","4":"has-post-thumbnail","6":"product_cat-disc-stil","8":"first","9":"instock","10":"shipping-taxable","11":"product-type-simple"},"acf":[],"yoast_head":"<!-- This site is optimized with the Yoast SEO plugin v27.4 - https:\/\/yoast.com\/product\/yoast-seo-wordpress\/ -->\n<title>GPX-Serie: Pr\u00e4zisionsausr\u00fcstung f\u00fcr die Lebensmittel- und Chemieschleife - Moderne Prozessanlagen<\/title>\n<meta name=\"description\" content=\"Das Modell GPX Disc-Style Grinder ist ideal f\u00fcr viele Lebensmittel-, Chemie- und Mineralanwendungen. MPE ist der weltweit f\u00fchrende Anbieter von Pr\u00e4zisions-Partikelgr\u00f6\u00dfenreduzierungen.\" \/>\n<meta name=\"robots\" content=\"index, follow, max-snippet:-1, max-image-preview:large, max-video-preview:-1\" \/>\n<link rel=\"canonical\" href=\"https:\/\/www.mpechicago.com\/de\/produkt\/gpx\/\" \/>\n<meta property=\"og:locale\" content=\"de_DE\" \/>\n<meta property=\"og:type\" content=\"article\" \/>\n<meta property=\"og:title\" content=\"GPX-Serie: Pr\u00e4zisionsausr\u00fcstung f\u00fcr die Lebensmittel- und Chemieschleife - Moderne Prozessanlagen\" \/>\n<meta property=\"og:description\" content=\"Das Modell GPX Disc-Style Grinder ist ideal f\u00fcr viele Lebensmittel-, Chemie- und Mineralanwendungen. MPE ist der weltweit f\u00fchrende Anbieter von Pr\u00e4zisions-Partikelgr\u00f6\u00dfenreduzierungen.\" \/>\n<meta property=\"og:url\" content=\"https:\/\/www.mpechicago.com\/de\/produkt\/gpx\/\" \/>\n<meta property=\"og:site_name\" content=\"Moderne Prozessanlagen\" \/>\n<meta property=\"article:modified_time\" content=\"2025-06-25T17:35:04+00:00\" \/>\n<meta property=\"og:image\" content=\"https:\/\/www.mpechicago.com\/wp-content\/uploads\/2019\/12\/MPE-GPX_0-1.png\" \/>\n\t<meta property=\"og:image:width\" content=\"600\" \/>\n\t<meta property=\"og:image:height\" content=\"600\" \/>\n\t<meta property=\"og:image:type\" content=\"image\/png\" \/>\n<meta name=\"twitter:card\" content=\"summary_large_image\" \/>\n<meta name=\"twitter:label1\" content=\"Gesch\u00e4tzte Lesezeit\" \/>\n\t<meta name=\"twitter:data1\" content=\"1\u00a0Minute\" \/>\n<script type=\"application\/ld+json\" class=\"yoast-schema-graph\">{\"@context\":\"https:\\\/\\\/schema.org\",\"@graph\":[{\"@type\":\"WebPage\",\"@id\":\"https:\\\/\\\/www.mpechicago.com\\\/de\\\/produkt\\\/gpx\\\/\",\"url\":\"https:\\\/\\\/www.mpechicago.com\\\/de\\\/produkt\\\/gpx\\\/\",\"name\":\"GPX-Serie: Pr\u00e4zisionsausr\u00fcstung f\u00fcr die Lebensmittel- und Chemieschleife - Moderne Prozessanlagen\",\"isPartOf\":{\"@id\":\"https:\\\/\\\/www.mpechicago.com\\\/de\\\/#website\"},\"primaryImageOfPage\":{\"@id\":\"https:\\\/\\\/www.mpechicago.com\\\/de\\\/produkt\\\/gpx\\\/#primaryimage\"},\"image\":{\"@id\":\"https:\\\/\\\/www.mpechicago.com\\\/de\\\/produkt\\\/gpx\\\/#primaryimage\"},\"thumbnailUrl\":\"https:\\\/\\\/www.mpechicago.com\\\/wp-content\\\/uploads\\\/2019\\\/12\\\/MPE-GPX_0-1.png\",\"datePublished\":\"2019-12-18T18:40:45+00:00\",\"dateModified\":\"2025-06-25T17:35:04+00:00\",\"description\":\"Das Modell GPX Disc-Style Grinder ist ideal f\u00fcr viele Lebensmittel-, Chemie- und Mineralanwendungen. MPE ist der weltweit f\u00fchrende Anbieter von Pr\u00e4zisions-Partikelgr\u00f6\u00dfenreduzierungen.\",\"breadcrumb\":{\"@id\":\"https:\\\/\\\/www.mpechicago.com\\\/de\\\/produkt\\\/gpx\\\/#breadcrumb\"},\"inLanguage\":\"de\",\"potentialAction\":[{\"@type\":\"ReadAction\",\"target\":[\"https:\\\/\\\/www.mpechicago.com\\\/de\\\/produkt\\\/gpx\\\/\"]}]},{\"@type\":\"ImageObject\",\"inLanguage\":\"de\",\"@id\":\"https:\\\/\\\/www.mpechicago.com\\\/de\\\/produkt\\\/gpx\\\/#primaryimage\",\"url\":\"https:\\\/\\\/www.mpechicago.com\\\/wp-content\\\/uploads\\\/2019\\\/12\\\/MPE-GPX_0-1.png\",\"contentUrl\":\"https:\\\/\\\/www.mpechicago.com\\\/wp-content\\\/uploads\\\/2019\\\/12\\\/MPE-GPX_0-1.png\",\"width\":600,\"height\":600,\"caption\":\"MPE GPX 0\"},{\"@type\":\"BreadcrumbList\",\"@id\":\"https:\\\/\\\/www.mpechicago.com\\\/de\\\/produkt\\\/gpx\\\/#breadcrumb\",\"itemListElement\":[{\"@type\":\"ListItem\",\"position\":1,\"name\":\"Heim\",\"item\":\"https:\\\/\\\/www.mpechicago.com\\\/de\\\/\"},{\"@type\":\"ListItem\",\"position\":2,\"name\":\"Private: Shop\",\"item\":\"https:\\\/\\\/www.mpechicago.com\\\/?page_id=1006\"},{\"@type\":\"ListItem\",\"position\":3,\"name\":\"GPX\"}]},{\"@type\":\"WebSite\",\"@id\":\"https:\\\/\\\/www.mpechicago.com\\\/de\\\/#website\",\"url\":\"https:\\\/\\\/www.mpechicago.com\\\/de\\\/\",\"name\":\"Moderne Prozessanlagen\",\"description\":\"\",\"publisher\":{\"@id\":\"https:\\\/\\\/www.mpechicago.com\\\/de\\\/#organization\"},\"potentialAction\":[{\"@type\":\"SearchAction\",\"target\":{\"@type\":\"EntryPoint\",\"urlTemplate\":\"https:\\\/\\\/www.mpechicago.com\\\/de\\\/?s={search_term_string}\"},\"query-input\":{\"@type\":\"PropertyValueSpecification\",\"valueRequired\":true,\"valueName\":\"search_term_string\"}}],\"inLanguage\":\"de\"},{\"@type\":\"Organization\",\"@id\":\"https:\\\/\\\/www.mpechicago.com\\\/de\\\/#organization\",\"name\":\"Moderne Prozessanlagen\",\"url\":\"https:\\\/\\\/www.mpechicago.com\\\/de\\\/\",\"logo\":{\"@type\":\"ImageObject\",\"inLanguage\":\"de\",\"@id\":\"https:\\\/\\\/www.mpechicago.com\\\/de\\\/#\\\/schema\\\/logo\\\/image\\\/\",\"url\":\"https:\\\/\\\/www.mpechicago.com\\\/wp-content\\\/uploads\\\/2019\\\/12\\\/logo.png\",\"contentUrl\":\"https:\\\/\\\/www.mpechicago.com\\\/wp-content\\\/uploads\\\/2019\\\/12\\\/logo.png\",\"width\":200,\"height\":91,\"caption\":\"Moderne Prozessanlagen\"},\"image\":{\"@id\":\"https:\\\/\\\/www.mpechicago.com\\\/de\\\/#\\\/schema\\\/logo\\\/image\\\/\"}}]}<\/script>\n<!-- \/ Yoast SEO plugin. -->","yoast_head_json":{"title":"GPX-Serie: Pr\u00e4zisionsausr\u00fcstung f\u00fcr die Lebensmittel- und Chemieschleife - Moderne Prozessanlagen","description":"Das Modell GPX Disc-Style Grinder ist ideal f\u00fcr viele Lebensmittel-, Chemie- und Mineralanwendungen. MPE ist der weltweit f\u00fchrende Anbieter von Pr\u00e4zisions-Partikelgr\u00f6\u00dfenreduzierungen.","robots":{"index":"index","follow":"follow","max-snippet":"max-snippet:-1","max-image-preview":"max-image-preview:large","max-video-preview":"max-video-preview:-1"},"canonical":"https:\/\/www.mpechicago.com\/de\/produkt\/gpx\/","og_locale":"de_DE","og_type":"article","og_title":"GPX-Serie: Pr\u00e4zisionsausr\u00fcstung f\u00fcr die Lebensmittel- und Chemieschleife - Moderne Prozessanlagen","og_description":"Das Modell GPX Disc-Style Grinder ist ideal f\u00fcr viele Lebensmittel-, Chemie- und Mineralanwendungen. MPE ist der weltweit f\u00fchrende Anbieter von Pr\u00e4zisions-Partikelgr\u00f6\u00dfenreduzierungen.","og_url":"https:\/\/www.mpechicago.com\/de\/produkt\/gpx\/","og_site_name":"Moderne Prozessanlagen","article_modified_time":"2025-06-25T17:35:04+00:00","og_image":[{"width":600,"height":600,"url":"https:\/\/www.mpechicago.com\/wp-content\/uploads\/2019\/12\/MPE-GPX_0-1.png","type":"image\/png"}],"twitter_card":"summary_large_image","twitter_misc":{"Gesch\u00e4tzte Lesezeit":"1\u00a0Minute"},"schema":{"@context":"https:\/\/schema.org","@graph":[{"@type":"WebPage","@id":"https:\/\/www.mpechicago.com\/de\/produkt\/gpx\/","url":"https:\/\/www.mpechicago.com\/de\/produkt\/gpx\/","name":"GPX-Serie: Pr\u00e4zisionsausr\u00fcstung f\u00fcr die Lebensmittel- und Chemieschleife - Moderne Prozessanlagen","isPartOf":{"@id":"https:\/\/www.mpechicago.com\/de\/#website"},"primaryImageOfPage":{"@id":"https:\/\/www.mpechicago.com\/de\/produkt\/gpx\/#primaryimage"},"image":{"@id":"https:\/\/www.mpechicago.com\/de\/produkt\/gpx\/#primaryimage"},"thumbnailUrl":"https:\/\/www.mpechicago.com\/wp-content\/uploads\/2019\/12\/MPE-GPX_0-1.png","datePublished":"2019-12-18T18:40:45+00:00","dateModified":"2025-06-25T17:35:04+00:00","description":"Das Modell GPX Disc-Style Grinder ist ideal f\u00fcr viele Lebensmittel-, Chemie- und Mineralanwendungen. MPE ist der weltweit f\u00fchrende Anbieter von Pr\u00e4zisions-Partikelgr\u00f6\u00dfenreduzierungen.","breadcrumb":{"@id":"https:\/\/www.mpechicago.com\/de\/produkt\/gpx\/#breadcrumb"},"inLanguage":"de","potentialAction":[{"@type":"ReadAction","target":["https:\/\/www.mpechicago.com\/de\/produkt\/gpx\/"]}]},{"@type":"ImageObject","inLanguage":"de","@id":"https:\/\/www.mpechicago.com\/de\/produkt\/gpx\/#primaryimage","url":"https:\/\/www.mpechicago.com\/wp-content\/uploads\/2019\/12\/MPE-GPX_0-1.png","contentUrl":"https:\/\/www.mpechicago.com\/wp-content\/uploads\/2019\/12\/MPE-GPX_0-1.png","width":600,"height":600,"caption":"MPE GPX 0"},{"@type":"BreadcrumbList","@id":"https:\/\/www.mpechicago.com\/de\/produkt\/gpx\/#breadcrumb","itemListElement":[{"@type":"ListItem","position":1,"name":"Heim","item":"https:\/\/www.mpechicago.com\/de\/"},{"@type":"ListItem","position":2,"name":"Private: Shop","item":"https:\/\/www.mpechicago.com\/?page_id=1006"},{"@type":"ListItem","position":3,"name":"GPX"}]},{"@type":"WebSite","@id":"https:\/\/www.mpechicago.com\/de\/#website","url":"https:\/\/www.mpechicago.com\/de\/","name":"Moderne Prozessanlagen","description":"","publisher":{"@id":"https:\/\/www.mpechicago.com\/de\/#organization"},"potentialAction":[{"@type":"SearchAction","target":{"@type":"EntryPoint","urlTemplate":"https:\/\/www.mpechicago.com\/de\/?s={search_term_string}"},"query-input":{"@type":"PropertyValueSpecification","valueRequired":true,"valueName":"search_term_string"}}],"inLanguage":"de"},{"@type":"Organization","@id":"https:\/\/www.mpechicago.com\/de\/#organization","name":"Moderne Prozessanlagen","url":"https:\/\/www.mpechicago.com\/de\/","logo":{"@type":"ImageObject","inLanguage":"de","@id":"https:\/\/www.mpechicago.com\/de\/#\/schema\/logo\/image\/","url":"https:\/\/www.mpechicago.com\/wp-content\/uploads\/2019\/12\/logo.png","contentUrl":"https:\/\/www.mpechicago.com\/wp-content\/uploads\/2019\/12\/logo.png","width":200,"height":91,"caption":"Moderne Prozessanlagen"},"image":{"@id":"https:\/\/www.mpechicago.com\/de\/#\/schema\/logo\/image\/"}}]}},"_links":{"self":[{"href":"https:\/\/www.mpechicago.com\/de\/wp-json\/wp\/v2\/product\/28656","targetHints":{"allow":["GET"]}}],"collection":[{"href":"https:\/\/www.mpechicago.com\/de\/wp-json\/wp\/v2\/product"}],"about":[{"href":"https:\/\/www.mpechicago.com\/de\/wp-json\/wp\/v2\/types\/product"}],"replies":[{"embeddable":true,"href":"https:\/\/www.mpechicago.com\/de\/wp-json\/wp\/v2\/comments?post=28656"}],"wp:featuredmedia":[{"embeddable":true,"href":"https:\/\/www.mpechicago.com\/de\/wp-json\/wp\/v2\/media\/19979"}],"wp:attachment":[{"href":"https:\/\/www.mpechicago.com\/de\/wp-json\/wp\/v2\/media?parent=28656"}],"wp:term":[{"taxonomy":"product_brand","embeddable":true,"href":"https:\/\/www.mpechicago.com\/de\/wp-json\/wp\/v2\/product_brand?post=28656"},{"taxonomy":"product_cat","embeddable":true,"href":"https:\/\/www.mpechicago.com\/de\/wp-json\/wp\/v2\/product_cat?post=28656"},{"taxonomy":"product_tag","embeddable":true,"href":"https:\/\/www.mpechicago.com\/de\/wp-json\/wp\/v2\/product_tag?post=28656"}],"curies":[{"name":"wp","href":"https:\/\/api.w.org\/{rel}","templated":true}]}}