{"id":28616,"date":"2019-12-18T11:37:58","date_gmt":"2019-12-18T17:37:58","guid":{"rendered":"https:\/\/www.mpechicago.com\/product\/imd-900-serie\/"},"modified":"2025-05-12T00:12:35","modified_gmt":"2025-05-12T05:12:35","slug":"imd-900-serie","status":"publish","type":"product","link":"https:\/\/www.mpechicago.com\/de\/produkt\/imd-900-serie\/","title":{"rendered":"IMD 900 Serie"},"content":{"rendered":"<p>Die Gran-U-Lizer der Serien IMD 600, 700, 800 und 900 verf\u00fcgen in der Regel \u00fcber ein bis vier vertikal gestapelte Rollenprofile. Jede Walzensektion enth\u00e4lt die optimale Kombination aus Walzenz\u00e4hnen, Walzengeschwindigkeiten und Walzenabst\u00e4nden, um die Ausbeute Ihres Produkts zu maximieren.   <\/p>\n","protected":false},"excerpt":{"rendered":"<p>IMD 900 SERIE GRAN-U-LIZER\u2122<\/p>\n","protected":false},"featured_media":25854,"comment_status":"open","ping_status":"closed","template":"","meta":{"_acf_changed":false,"content-type":"","rs_blank_template":"","rs_page_bg_color":"","slide_template_v7":""},"product_brand":[],"product_cat":[272],"product_tag":[],"class_list":{"0":"post-28616","1":"product","2":"type-product","3":"status-publish","4":"has-post-thumbnail","6":"product_cat-gran-u-lizers-de","8":"first","9":"instock","10":"shipping-taxable","11":"product-type-simple"},"acf":[],"yoast_head":"<!-- This site is optimized with the Yoast SEO plugin v27.5 - https:\/\/yoast.com\/product\/yoast-seo-wordpress\/ -->\n<title>IMD 900 Serie- Moderne Prozessanlagen Industrielle Pr\u00e4zisionszerkleinerung<\/title>\n<meta name=\"description\" content=\"IMD 900 Serie Gran-U-Lizer f\u00fcr pr\u00e4zise Partikelgr\u00f6\u00dfenreduzierung. MPE ist der weltweit f\u00fchrende Anbieter von Pr\u00e4zisionsschleifanlagen f\u00fcr Lebensmittel, Chemikalien und Mineralien.\" \/>\n<meta name=\"robots\" content=\"index, follow, max-snippet:-1, max-image-preview:large, max-video-preview:-1\" \/>\n<link rel=\"canonical\" href=\"https:\/\/www.mpechicago.com\/de\/produkt\/imd-900-serie\/\" \/>\n<meta property=\"og:locale\" content=\"de_DE\" \/>\n<meta property=\"og:type\" content=\"article\" \/>\n<meta property=\"og:title\" content=\"IMD 900 Serie- Moderne Prozessanlagen Industrielle Pr\u00e4zisionszerkleinerung\" \/>\n<meta property=\"og:description\" content=\"IMD 900 Serie Gran-U-Lizer f\u00fcr pr\u00e4zise Partikelgr\u00f6\u00dfenreduzierung. MPE ist der weltweit f\u00fchrende Anbieter von Pr\u00e4zisionsschleifanlagen f\u00fcr Lebensmittel, Chemikalien und Mineralien.\" \/>\n<meta property=\"og:url\" content=\"https:\/\/www.mpechicago.com\/de\/produkt\/imd-900-serie\/\" \/>\n<meta property=\"og:site_name\" content=\"Moderne Prozessanlagen\" \/>\n<meta property=\"article:modified_time\" content=\"2025-05-12T05:12:35+00:00\" \/>\n<meta property=\"og:image\" content=\"https:\/\/www.mpechicago.com\/wp-content\/uploads\/2019\/12\/IMD-999-Square.jpg\" \/>\n\t<meta property=\"og:image:width\" content=\"1000\" \/>\n\t<meta property=\"og:image:height\" content=\"1000\" \/>\n\t<meta property=\"og:image:type\" content=\"image\/jpeg\" \/>\n<meta name=\"twitter:card\" content=\"summary_large_image\" \/>\n<script type=\"application\/ld+json\" class=\"yoast-schema-graph\">{\"@context\":\"https:\\\/\\\/schema.org\",\"@graph\":[{\"@type\":\"WebPage\",\"@id\":\"https:\\\/\\\/www.mpechicago.com\\\/de\\\/produkt\\\/imd-900-serie\\\/\",\"url\":\"https:\\\/\\\/www.mpechicago.com\\\/de\\\/produkt\\\/imd-900-serie\\\/\",\"name\":\"IMD 900 Serie- Moderne Prozessanlagen Industrielle Pr\u00e4zisionszerkleinerung\",\"isPartOf\":{\"@id\":\"https:\\\/\\\/www.mpechicago.com\\\/de\\\/#website\"},\"primaryImageOfPage\":{\"@id\":\"https:\\\/\\\/www.mpechicago.com\\\/de\\\/produkt\\\/imd-900-serie\\\/#primaryimage\"},\"image\":{\"@id\":\"https:\\\/\\\/www.mpechicago.com\\\/de\\\/produkt\\\/imd-900-serie\\\/#primaryimage\"},\"thumbnailUrl\":\"https:\\\/\\\/www.mpechicago.com\\\/wp-content\\\/uploads\\\/2019\\\/12\\\/IMD-999-Square.jpg\",\"datePublished\":\"2019-12-18T17:37:58+00:00\",\"dateModified\":\"2025-05-12T05:12:35+00:00\",\"description\":\"IMD 900 Serie Gran-U-Lizer f\u00fcr pr\u00e4zise Partikelgr\u00f6\u00dfenreduzierung. MPE ist der weltweit f\u00fchrende Anbieter von Pr\u00e4zisionsschleifanlagen f\u00fcr Lebensmittel, Chemikalien und Mineralien.\",\"breadcrumb\":{\"@id\":\"https:\\\/\\\/www.mpechicago.com\\\/de\\\/produkt\\\/imd-900-serie\\\/#breadcrumb\"},\"inLanguage\":\"de\",\"potentialAction\":[{\"@type\":\"ReadAction\",\"target\":[\"https:\\\/\\\/www.mpechicago.com\\\/de\\\/produkt\\\/imd-900-serie\\\/\"]}]},{\"@type\":\"ImageObject\",\"inLanguage\":\"de\",\"@id\":\"https:\\\/\\\/www.mpechicago.com\\\/de\\\/produkt\\\/imd-900-serie\\\/#primaryimage\",\"url\":\"https:\\\/\\\/www.mpechicago.com\\\/wp-content\\\/uploads\\\/2019\\\/12\\\/IMD-999-Square.jpg\",\"contentUrl\":\"https:\\\/\\\/www.mpechicago.com\\\/wp-content\\\/uploads\\\/2019\\\/12\\\/IMD-999-Square.jpg\",\"width\":1000,\"height\":1000,\"caption\":\"IMD 999 Walzenm\u00fchle\"},{\"@type\":\"BreadcrumbList\",\"@id\":\"https:\\\/\\\/www.mpechicago.com\\\/de\\\/produkt\\\/imd-900-serie\\\/#breadcrumb\",\"itemListElement\":[{\"@type\":\"ListItem\",\"position\":1,\"name\":\"Heim\",\"item\":\"https:\\\/\\\/www.mpechicago.com\\\/de\\\/\"},{\"@type\":\"ListItem\",\"position\":2,\"name\":\"Private: Shop\",\"item\":\"https:\\\/\\\/www.mpechicago.com\\\/?page_id=1006\"},{\"@type\":\"ListItem\",\"position\":3,\"name\":\"IMD 900 Serie\"}]},{\"@type\":\"WebSite\",\"@id\":\"https:\\\/\\\/www.mpechicago.com\\\/de\\\/#website\",\"url\":\"https:\\\/\\\/www.mpechicago.com\\\/de\\\/\",\"name\":\"Moderne Prozessanlagen\",\"description\":\"\",\"publisher\":{\"@id\":\"https:\\\/\\\/www.mpechicago.com\\\/de\\\/#organization\"},\"potentialAction\":[{\"@type\":\"SearchAction\",\"target\":{\"@type\":\"EntryPoint\",\"urlTemplate\":\"https:\\\/\\\/www.mpechicago.com\\\/de\\\/?s={search_term_string}\"},\"query-input\":{\"@type\":\"PropertyValueSpecification\",\"valueRequired\":true,\"valueName\":\"search_term_string\"}}],\"inLanguage\":\"de\"},{\"@type\":\"Organization\",\"@id\":\"https:\\\/\\\/www.mpechicago.com\\\/de\\\/#organization\",\"name\":\"Moderne Prozessanlagen\",\"url\":\"https:\\\/\\\/www.mpechicago.com\\\/de\\\/\",\"logo\":{\"@type\":\"ImageObject\",\"inLanguage\":\"de\",\"@id\":\"https:\\\/\\\/www.mpechicago.com\\\/de\\\/#\\\/schema\\\/logo\\\/image\\\/\",\"url\":\"https:\\\/\\\/www.mpechicago.com\\\/wp-content\\\/uploads\\\/2019\\\/12\\\/logo.png\",\"contentUrl\":\"https:\\\/\\\/www.mpechicago.com\\\/wp-content\\\/uploads\\\/2019\\\/12\\\/logo.png\",\"width\":200,\"height\":91,\"caption\":\"Moderne Prozessanlagen\"},\"image\":{\"@id\":\"https:\\\/\\\/www.mpechicago.com\\\/de\\\/#\\\/schema\\\/logo\\\/image\\\/\"}}]}<\/script>\n<!-- \/ Yoast SEO plugin. -->","yoast_head_json":{"title":"IMD 900 Serie- Moderne Prozessanlagen Industrielle Pr\u00e4zisionszerkleinerung","description":"IMD 900 Serie Gran-U-Lizer f\u00fcr pr\u00e4zise Partikelgr\u00f6\u00dfenreduzierung. MPE ist der weltweit f\u00fchrende Anbieter von Pr\u00e4zisionsschleifanlagen f\u00fcr Lebensmittel, Chemikalien und Mineralien.","robots":{"index":"index","follow":"follow","max-snippet":"max-snippet:-1","max-image-preview":"max-image-preview:large","max-video-preview":"max-video-preview:-1"},"canonical":"https:\/\/www.mpechicago.com\/de\/produkt\/imd-900-serie\/","og_locale":"de_DE","og_type":"article","og_title":"IMD 900 Serie- Moderne Prozessanlagen Industrielle Pr\u00e4zisionszerkleinerung","og_description":"IMD 900 Serie Gran-U-Lizer f\u00fcr pr\u00e4zise Partikelgr\u00f6\u00dfenreduzierung. MPE ist der weltweit f\u00fchrende Anbieter von Pr\u00e4zisionsschleifanlagen f\u00fcr Lebensmittel, Chemikalien und Mineralien.","og_url":"https:\/\/www.mpechicago.com\/de\/produkt\/imd-900-serie\/","og_site_name":"Moderne Prozessanlagen","article_modified_time":"2025-05-12T05:12:35+00:00","og_image":[{"width":1000,"height":1000,"url":"https:\/\/www.mpechicago.com\/wp-content\/uploads\/2019\/12\/IMD-999-Square.jpg","type":"image\/jpeg"}],"twitter_card":"summary_large_image","schema":{"@context":"https:\/\/schema.org","@graph":[{"@type":"WebPage","@id":"https:\/\/www.mpechicago.com\/de\/produkt\/imd-900-serie\/","url":"https:\/\/www.mpechicago.com\/de\/produkt\/imd-900-serie\/","name":"IMD 900 Serie- Moderne Prozessanlagen Industrielle Pr\u00e4zisionszerkleinerung","isPartOf":{"@id":"https:\/\/www.mpechicago.com\/de\/#website"},"primaryImageOfPage":{"@id":"https:\/\/www.mpechicago.com\/de\/produkt\/imd-900-serie\/#primaryimage"},"image":{"@id":"https:\/\/www.mpechicago.com\/de\/produkt\/imd-900-serie\/#primaryimage"},"thumbnailUrl":"https:\/\/www.mpechicago.com\/wp-content\/uploads\/2019\/12\/IMD-999-Square.jpg","datePublished":"2019-12-18T17:37:58+00:00","dateModified":"2025-05-12T05:12:35+00:00","description":"IMD 900 Serie Gran-U-Lizer f\u00fcr pr\u00e4zise Partikelgr\u00f6\u00dfenreduzierung. MPE ist der weltweit f\u00fchrende Anbieter von Pr\u00e4zisionsschleifanlagen f\u00fcr Lebensmittel, Chemikalien und Mineralien.","breadcrumb":{"@id":"https:\/\/www.mpechicago.com\/de\/produkt\/imd-900-serie\/#breadcrumb"},"inLanguage":"de","potentialAction":[{"@type":"ReadAction","target":["https:\/\/www.mpechicago.com\/de\/produkt\/imd-900-serie\/"]}]},{"@type":"ImageObject","inLanguage":"de","@id":"https:\/\/www.mpechicago.com\/de\/produkt\/imd-900-serie\/#primaryimage","url":"https:\/\/www.mpechicago.com\/wp-content\/uploads\/2019\/12\/IMD-999-Square.jpg","contentUrl":"https:\/\/www.mpechicago.com\/wp-content\/uploads\/2019\/12\/IMD-999-Square.jpg","width":1000,"height":1000,"caption":"IMD 999 Walzenm\u00fchle"},{"@type":"BreadcrumbList","@id":"https:\/\/www.mpechicago.com\/de\/produkt\/imd-900-serie\/#breadcrumb","itemListElement":[{"@type":"ListItem","position":1,"name":"Heim","item":"https:\/\/www.mpechicago.com\/de\/"},{"@type":"ListItem","position":2,"name":"Private: Shop","item":"https:\/\/www.mpechicago.com\/?page_id=1006"},{"@type":"ListItem","position":3,"name":"IMD 900 Serie"}]},{"@type":"WebSite","@id":"https:\/\/www.mpechicago.com\/de\/#website","url":"https:\/\/www.mpechicago.com\/de\/","name":"Moderne Prozessanlagen","description":"","publisher":{"@id":"https:\/\/www.mpechicago.com\/de\/#organization"},"potentialAction":[{"@type":"SearchAction","target":{"@type":"EntryPoint","urlTemplate":"https:\/\/www.mpechicago.com\/de\/?s={search_term_string}"},"query-input":{"@type":"PropertyValueSpecification","valueRequired":true,"valueName":"search_term_string"}}],"inLanguage":"de"},{"@type":"Organization","@id":"https:\/\/www.mpechicago.com\/de\/#organization","name":"Moderne Prozessanlagen","url":"https:\/\/www.mpechicago.com\/de\/","logo":{"@type":"ImageObject","inLanguage":"de","@id":"https:\/\/www.mpechicago.com\/de\/#\/schema\/logo\/image\/","url":"https:\/\/www.mpechicago.com\/wp-content\/uploads\/2019\/12\/logo.png","contentUrl":"https:\/\/www.mpechicago.com\/wp-content\/uploads\/2019\/12\/logo.png","width":200,"height":91,"caption":"Moderne Prozessanlagen"},"image":{"@id":"https:\/\/www.mpechicago.com\/de\/#\/schema\/logo\/image\/"}}]}},"_links":{"self":[{"href":"https:\/\/www.mpechicago.com\/de\/wp-json\/wp\/v2\/product\/28616","targetHints":{"allow":["GET"]}}],"collection":[{"href":"https:\/\/www.mpechicago.com\/de\/wp-json\/wp\/v2\/product"}],"about":[{"href":"https:\/\/www.mpechicago.com\/de\/wp-json\/wp\/v2\/types\/product"}],"replies":[{"embeddable":true,"href":"https:\/\/www.mpechicago.com\/de\/wp-json\/wp\/v2\/comments?post=28616"}],"wp:featuredmedia":[{"embeddable":true,"href":"https:\/\/www.mpechicago.com\/de\/wp-json\/wp\/v2\/media\/25854"}],"wp:attachment":[{"href":"https:\/\/www.mpechicago.com\/de\/wp-json\/wp\/v2\/media?parent=28616"}],"wp:term":[{"taxonomy":"product_brand","embeddable":true,"href":"https:\/\/www.mpechicago.com\/de\/wp-json\/wp\/v2\/product_brand?post=28616"},{"taxonomy":"product_cat","embeddable":true,"href":"https:\/\/www.mpechicago.com\/de\/wp-json\/wp\/v2\/product_cat?post=28616"},{"taxonomy":"product_tag","embeddable":true,"href":"https:\/\/www.mpechicago.com\/de\/wp-json\/wp\/v2\/product_tag?post=28616"}],"curies":[{"name":"wp","href":"https:\/\/api.w.org\/{rel}","templated":true}]}}