{"id":28606,"date":"2019-12-18T11:26:11","date_gmt":"2019-12-18T17:26:11","guid":{"rendered":"https:\/\/www.mpechicago.com\/product\/imd-1060-serie\/"},"modified":"2025-05-12T00:12:22","modified_gmt":"2025-05-12T05:12:22","slug":"imd-1060-serie","status":"publish","type":"product","link":"https:\/\/www.mpechicago.com\/de\/produkt\/imd-1060-serie\/","title":{"rendered":"IMD 1060 Serie"},"content":{"rendered":"<p>Bei den Schneidm\u00fchlen 1062 handelt es sich um gro\u00dfe, hochbelastbare Walzenst\u00fchle, die von MPE angeboten werden. Typische Maschinen haben ein bis vier vertikal gestapelte Walzenabschnitte, wobei jeder Abschnitt die optimale Kombination aus Walzenz\u00e4hnen, Walzengeschwindigkeiten und Walzenabst\u00e4nden enth\u00e4lt, um die Ausbeute Ihres Produkts zu maximieren.   <\/p>\n","protected":false},"excerpt":{"rendered":"<p>IMD 1060 GRAN-U-Lizers\u2122 Serie<\/p>\n","protected":false},"featured_media":19854,"comment_status":"open","ping_status":"closed","template":"","meta":{"_acf_changed":false,"content-type":"","rs_blank_template":"","rs_page_bg_color":"","slide_template_v7":""},"product_brand":[],"product_cat":[272],"product_tag":[],"class_list":{"0":"post-28606","1":"product","2":"type-product","3":"status-publish","4":"has-post-thumbnail","6":"product_cat-gran-u-lizers-de","8":"first","9":"instock","10":"shipping-taxable","11":"product-type-simple"},"acf":[],"yoast_head":"<!-- This site is optimized with the Yoast SEO plugin v27.3 - https:\/\/yoast.com\/product\/yoast-seo-wordpress\/ -->\n<title>IMD 1060 Serie - Moderne Prozessanlagen<\/title>\n<meta name=\"description\" content=\"Gran-U-Lizer-Modell der IMD 1060-Serie f\u00fcr pr\u00e4zise Partikelgr\u00f6\u00dfenreduzierung. MPE ist der weltweit f\u00fchrende Anbieter von Mahlanlagen f\u00fcr Lebensmittel, Chemikalien und Mineralien.\" \/>\n<meta name=\"robots\" content=\"index, follow, max-snippet:-1, max-image-preview:large, max-video-preview:-1\" \/>\n<link rel=\"canonical\" href=\"https:\/\/www.mpechicago.com\/de\/produkt\/imd-1060-serie\/\" \/>\n<meta property=\"og:locale\" content=\"de_DE\" \/>\n<meta property=\"og:type\" content=\"article\" \/>\n<meta property=\"og:title\" content=\"IMD 1060 Serie - Moderne Prozessanlagen\" \/>\n<meta property=\"og:description\" content=\"Gran-U-Lizer-Modell der IMD 1060-Serie f\u00fcr pr\u00e4zise Partikelgr\u00f6\u00dfenreduzierung. MPE ist der weltweit f\u00fchrende Anbieter von Mahlanlagen f\u00fcr Lebensmittel, Chemikalien und Mineralien.\" \/>\n<meta property=\"og:url\" content=\"https:\/\/www.mpechicago.com\/de\/produkt\/imd-1060-serie\/\" \/>\n<meta property=\"og:site_name\" content=\"Moderne Prozessanlagen\" \/>\n<meta property=\"article:modified_time\" content=\"2025-05-12T05:12:22+00:00\" \/>\n<meta property=\"og:image\" content=\"https:\/\/www.mpechicago.com\/wp-content\/uploads\/2019\/12\/MPE-IMD-1060.png\" \/>\n\t<meta property=\"og:image:width\" content=\"600\" \/>\n\t<meta property=\"og:image:height\" content=\"600\" \/>\n\t<meta property=\"og:image:type\" content=\"image\/png\" \/>\n<meta name=\"twitter:card\" content=\"summary_large_image\" \/>\n<script type=\"application\/ld+json\" class=\"yoast-schema-graph\">{\"@context\":\"https:\\\/\\\/schema.org\",\"@graph\":[{\"@type\":\"WebPage\",\"@id\":\"https:\\\/\\\/www.mpechicago.com\\\/de\\\/produkt\\\/imd-1060-serie\\\/\",\"url\":\"https:\\\/\\\/www.mpechicago.com\\\/de\\\/produkt\\\/imd-1060-serie\\\/\",\"name\":\"IMD 1060 Serie - Moderne Prozessanlagen\",\"isPartOf\":{\"@id\":\"https:\\\/\\\/www.mpechicago.com\\\/de\\\/#website\"},\"primaryImageOfPage\":{\"@id\":\"https:\\\/\\\/www.mpechicago.com\\\/de\\\/produkt\\\/imd-1060-serie\\\/#primaryimage\"},\"image\":{\"@id\":\"https:\\\/\\\/www.mpechicago.com\\\/de\\\/produkt\\\/imd-1060-serie\\\/#primaryimage\"},\"thumbnailUrl\":\"https:\\\/\\\/www.mpechicago.com\\\/wp-content\\\/uploads\\\/2019\\\/12\\\/MPE-IMD-1060.png\",\"datePublished\":\"2019-12-18T17:26:11+00:00\",\"dateModified\":\"2025-05-12T05:12:22+00:00\",\"description\":\"Gran-U-Lizer-Modell der IMD 1060-Serie f\u00fcr pr\u00e4zise Partikelgr\u00f6\u00dfenreduzierung. MPE ist der weltweit f\u00fchrende Anbieter von Mahlanlagen f\u00fcr Lebensmittel, Chemikalien und Mineralien.\",\"breadcrumb\":{\"@id\":\"https:\\\/\\\/www.mpechicago.com\\\/de\\\/produkt\\\/imd-1060-serie\\\/#breadcrumb\"},\"inLanguage\":\"de\",\"potentialAction\":[{\"@type\":\"ReadAction\",\"target\":[\"https:\\\/\\\/www.mpechicago.com\\\/de\\\/produkt\\\/imd-1060-serie\\\/\"]}]},{\"@type\":\"ImageObject\",\"inLanguage\":\"de\",\"@id\":\"https:\\\/\\\/www.mpechicago.com\\\/de\\\/produkt\\\/imd-1060-serie\\\/#primaryimage\",\"url\":\"https:\\\/\\\/www.mpechicago.com\\\/wp-content\\\/uploads\\\/2019\\\/12\\\/MPE-IMD-1060.png\",\"contentUrl\":\"https:\\\/\\\/www.mpechicago.com\\\/wp-content\\\/uploads\\\/2019\\\/12\\\/MPE-IMD-1060.png\",\"width\":600,\"height\":600,\"caption\":\"MPE IMD 1060\"},{\"@type\":\"BreadcrumbList\",\"@id\":\"https:\\\/\\\/www.mpechicago.com\\\/de\\\/produkt\\\/imd-1060-serie\\\/#breadcrumb\",\"itemListElement\":[{\"@type\":\"ListItem\",\"position\":1,\"name\":\"Heim\",\"item\":\"https:\\\/\\\/www.mpechicago.com\\\/de\\\/\"},{\"@type\":\"ListItem\",\"position\":2,\"name\":\"Private: Shop\",\"item\":\"https:\\\/\\\/www.mpechicago.com\\\/?page_id=1006\"},{\"@type\":\"ListItem\",\"position\":3,\"name\":\"IMD 1060 Serie\"}]},{\"@type\":\"WebSite\",\"@id\":\"https:\\\/\\\/www.mpechicago.com\\\/de\\\/#website\",\"url\":\"https:\\\/\\\/www.mpechicago.com\\\/de\\\/\",\"name\":\"Moderne Prozessanlagen\",\"description\":\"\",\"publisher\":{\"@id\":\"https:\\\/\\\/www.mpechicago.com\\\/de\\\/#organization\"},\"potentialAction\":[{\"@type\":\"SearchAction\",\"target\":{\"@type\":\"EntryPoint\",\"urlTemplate\":\"https:\\\/\\\/www.mpechicago.com\\\/de\\\/?s={search_term_string}\"},\"query-input\":{\"@type\":\"PropertyValueSpecification\",\"valueRequired\":true,\"valueName\":\"search_term_string\"}}],\"inLanguage\":\"de\"},{\"@type\":\"Organization\",\"@id\":\"https:\\\/\\\/www.mpechicago.com\\\/de\\\/#organization\",\"name\":\"Moderne Prozessanlagen\",\"url\":\"https:\\\/\\\/www.mpechicago.com\\\/de\\\/\",\"logo\":{\"@type\":\"ImageObject\",\"inLanguage\":\"de\",\"@id\":\"https:\\\/\\\/www.mpechicago.com\\\/de\\\/#\\\/schema\\\/logo\\\/image\\\/\",\"url\":\"https:\\\/\\\/www.mpechicago.com\\\/wp-content\\\/uploads\\\/2019\\\/12\\\/logo.png\",\"contentUrl\":\"https:\\\/\\\/www.mpechicago.com\\\/wp-content\\\/uploads\\\/2019\\\/12\\\/logo.png\",\"width\":200,\"height\":91,\"caption\":\"Moderne Prozessanlagen\"},\"image\":{\"@id\":\"https:\\\/\\\/www.mpechicago.com\\\/de\\\/#\\\/schema\\\/logo\\\/image\\\/\"}}]}<\/script>\n<!-- \/ Yoast SEO plugin. -->","yoast_head_json":{"title":"IMD 1060 Serie - Moderne Prozessanlagen","description":"Gran-U-Lizer-Modell der IMD 1060-Serie f\u00fcr pr\u00e4zise Partikelgr\u00f6\u00dfenreduzierung. MPE ist der weltweit f\u00fchrende Anbieter von Mahlanlagen f\u00fcr Lebensmittel, Chemikalien und Mineralien.","robots":{"index":"index","follow":"follow","max-snippet":"max-snippet:-1","max-image-preview":"max-image-preview:large","max-video-preview":"max-video-preview:-1"},"canonical":"https:\/\/www.mpechicago.com\/de\/produkt\/imd-1060-serie\/","og_locale":"de_DE","og_type":"article","og_title":"IMD 1060 Serie - Moderne Prozessanlagen","og_description":"Gran-U-Lizer-Modell der IMD 1060-Serie f\u00fcr pr\u00e4zise Partikelgr\u00f6\u00dfenreduzierung. MPE ist der weltweit f\u00fchrende Anbieter von Mahlanlagen f\u00fcr Lebensmittel, Chemikalien und Mineralien.","og_url":"https:\/\/www.mpechicago.com\/de\/produkt\/imd-1060-serie\/","og_site_name":"Moderne Prozessanlagen","article_modified_time":"2025-05-12T05:12:22+00:00","og_image":[{"width":600,"height":600,"url":"https:\/\/www.mpechicago.com\/wp-content\/uploads\/2019\/12\/MPE-IMD-1060.png","type":"image\/png"}],"twitter_card":"summary_large_image","schema":{"@context":"https:\/\/schema.org","@graph":[{"@type":"WebPage","@id":"https:\/\/www.mpechicago.com\/de\/produkt\/imd-1060-serie\/","url":"https:\/\/www.mpechicago.com\/de\/produkt\/imd-1060-serie\/","name":"IMD 1060 Serie - Moderne Prozessanlagen","isPartOf":{"@id":"https:\/\/www.mpechicago.com\/de\/#website"},"primaryImageOfPage":{"@id":"https:\/\/www.mpechicago.com\/de\/produkt\/imd-1060-serie\/#primaryimage"},"image":{"@id":"https:\/\/www.mpechicago.com\/de\/produkt\/imd-1060-serie\/#primaryimage"},"thumbnailUrl":"https:\/\/www.mpechicago.com\/wp-content\/uploads\/2019\/12\/MPE-IMD-1060.png","datePublished":"2019-12-18T17:26:11+00:00","dateModified":"2025-05-12T05:12:22+00:00","description":"Gran-U-Lizer-Modell der IMD 1060-Serie f\u00fcr pr\u00e4zise Partikelgr\u00f6\u00dfenreduzierung. MPE ist der weltweit f\u00fchrende Anbieter von Mahlanlagen f\u00fcr Lebensmittel, Chemikalien und Mineralien.","breadcrumb":{"@id":"https:\/\/www.mpechicago.com\/de\/produkt\/imd-1060-serie\/#breadcrumb"},"inLanguage":"de","potentialAction":[{"@type":"ReadAction","target":["https:\/\/www.mpechicago.com\/de\/produkt\/imd-1060-serie\/"]}]},{"@type":"ImageObject","inLanguage":"de","@id":"https:\/\/www.mpechicago.com\/de\/produkt\/imd-1060-serie\/#primaryimage","url":"https:\/\/www.mpechicago.com\/wp-content\/uploads\/2019\/12\/MPE-IMD-1060.png","contentUrl":"https:\/\/www.mpechicago.com\/wp-content\/uploads\/2019\/12\/MPE-IMD-1060.png","width":600,"height":600,"caption":"MPE IMD 1060"},{"@type":"BreadcrumbList","@id":"https:\/\/www.mpechicago.com\/de\/produkt\/imd-1060-serie\/#breadcrumb","itemListElement":[{"@type":"ListItem","position":1,"name":"Heim","item":"https:\/\/www.mpechicago.com\/de\/"},{"@type":"ListItem","position":2,"name":"Private: Shop","item":"https:\/\/www.mpechicago.com\/?page_id=1006"},{"@type":"ListItem","position":3,"name":"IMD 1060 Serie"}]},{"@type":"WebSite","@id":"https:\/\/www.mpechicago.com\/de\/#website","url":"https:\/\/www.mpechicago.com\/de\/","name":"Moderne Prozessanlagen","description":"","publisher":{"@id":"https:\/\/www.mpechicago.com\/de\/#organization"},"potentialAction":[{"@type":"SearchAction","target":{"@type":"EntryPoint","urlTemplate":"https:\/\/www.mpechicago.com\/de\/?s={search_term_string}"},"query-input":{"@type":"PropertyValueSpecification","valueRequired":true,"valueName":"search_term_string"}}],"inLanguage":"de"},{"@type":"Organization","@id":"https:\/\/www.mpechicago.com\/de\/#organization","name":"Moderne Prozessanlagen","url":"https:\/\/www.mpechicago.com\/de\/","logo":{"@type":"ImageObject","inLanguage":"de","@id":"https:\/\/www.mpechicago.com\/de\/#\/schema\/logo\/image\/","url":"https:\/\/www.mpechicago.com\/wp-content\/uploads\/2019\/12\/logo.png","contentUrl":"https:\/\/www.mpechicago.com\/wp-content\/uploads\/2019\/12\/logo.png","width":200,"height":91,"caption":"Moderne Prozessanlagen"},"image":{"@id":"https:\/\/www.mpechicago.com\/de\/#\/schema\/logo\/image\/"}}]}},"_links":{"self":[{"href":"https:\/\/www.mpechicago.com\/de\/wp-json\/wp\/v2\/product\/28606","targetHints":{"allow":["GET"]}}],"collection":[{"href":"https:\/\/www.mpechicago.com\/de\/wp-json\/wp\/v2\/product"}],"about":[{"href":"https:\/\/www.mpechicago.com\/de\/wp-json\/wp\/v2\/types\/product"}],"replies":[{"embeddable":true,"href":"https:\/\/www.mpechicago.com\/de\/wp-json\/wp\/v2\/comments?post=28606"}],"wp:featuredmedia":[{"embeddable":true,"href":"https:\/\/www.mpechicago.com\/de\/wp-json\/wp\/v2\/media\/19854"}],"wp:attachment":[{"href":"https:\/\/www.mpechicago.com\/de\/wp-json\/wp\/v2\/media?parent=28606"}],"wp:term":[{"taxonomy":"product_brand","embeddable":true,"href":"https:\/\/www.mpechicago.com\/de\/wp-json\/wp\/v2\/product_brand?post=28606"},{"taxonomy":"product_cat","embeddable":true,"href":"https:\/\/www.mpechicago.com\/de\/wp-json\/wp\/v2\/product_cat?post=28606"},{"taxonomy":"product_tag","embeddable":true,"href":"https:\/\/www.mpechicago.com\/de\/wp-json\/wp\/v2\/product_tag?post=28606"}],"curies":[{"name":"wp","href":"https:\/\/api.w.org\/{rel}","templated":true}]}}