{"id":48570,"date":"2025-09-08T13:16:55","date_gmt":"2025-09-08T18:16:55","guid":{"rendered":"https:\/\/www.mpechicago.com\/neue-seite-sprachtest\/"},"modified":"2025-09-08T13:36:28","modified_gmt":"2025-09-08T18:36:28","slug":"neue-seite-sprachtest","status":"publish","type":"page","link":"https:\/\/www.mpechicago.com\/de\/neue-seite-sprachtest\/","title":{"rendered":"Neue Seite Sprachtest"},"content":{"rendered":"<div class=\"wp-bootstrap-blocks-row\">\n\t<div class=\"row\">\n\t\t\n\n<div class=\"col-12 col-md-9 col-lg-9 col-xl-9\">\n\t<div class=\"\">\n\t\t\n\n<h1 class=\"page-title pt-20 wp-block-heading\">About Modern Process Equipment Corporation         <\/h1>\n\n\n\n<p class=\"intro\">Die 1957 gegr\u00fcndete Modern Process Equipment Corporation, ein Familienunternehmen mit Hauptsitz in Chicago, USA, hat sich den Ruf erworben, unvergleichliche Produkte und Dienstleistungen zu entwickeln, herzustellen und anzubieten.<\/p>\n\n\n\n<p>MPE ist f\u00fchrend in der Erfindung, Entwicklung und Herstellung der fortschrittlichsten Verarbeitungsger\u00e4te unserer Branche, einschlie\u00dflich M\u00fchlen, F\u00f6rderanlagen und Gesamtsysteml\u00f6sungen. Wir setzen diese Angebote durch unsere professionellen L\u00f6sungen und Dienstleistungen in Mehrwert f\u00fcr unsere Kunden um. <\/p>\n\n\n\n<p>Wir bringen das gleiche Gef\u00fchl des Engagements nach Hause, indem wir einen Arbeitsplatz schaffen, der unsere Mitarbeiter dazu inspiriert, beruflich und pers\u00f6nlich das Beste zu geben, was sie sein k\u00f6nnen.<\/p>\n\n\t<\/div>\n<\/div>\n\n\n\n<div class=\"col-12 col-md-3 col-lg-3 col-xl-3\">\n\t<div class=\"\">\n\t\t\n\n<h3 class=\"has-text-align-left Pageblock-subtitle pt-20 wp-block-heading\">Interested in working at MPE?<\/h3>\n\n\n\n<figure class=\"wp-block-image size-full\"><img fetchpriority=\"high\" decoding=\"async\" width=\"700\" height=\"467\" src=\"http:\/\/www.mpechicago.com\/wp-content\/uploads\/2022\/10\/Group-Shot.jpg\" alt=\"\" class=\"wp-image-13799\" srcset=\"https:\/\/www.mpechicago.com\/wp-content\/uploads\/2022\/10\/Group-Shot.jpg 700w, https:\/\/www.mpechicago.com\/wp-content\/uploads\/2022\/10\/Group-Shot-600x400.jpg 600w\" sizes=\"(max-width: 700px) 100vw, 700px\" \/><\/figure>\n\n\n\n<div style=\"height:20px\" aria-hidden=\"true\" class=\"wp-block-spacer\"><\/div>\n\n\n<div class=\"wp-bootstrap-blocks-button text-left\">\n\t<a href=\"http:\/\/www.mpechicago.com\/de\/careers\/\" class=\"btn btn-lg ticss-e323cd10 btn-primary\">\n\t\t Open Positions\t<\/a>\n<\/div>\n\n\t<\/div>\n<\/div>\n\n\t<\/div>\n<\/div>\n\n<div style=\"height:100px\" aria-hidden=\"true\" class=\"wp-block-spacer\"><\/div>\n<div class=\"wp-bootstrap-blocks-container container mb-2 positionrelative ticss-557f38c4 box-types\">\n\t\n\n<h3 class=\"has-text-align-center Pageblock-subtitle ticss-e44a83c5 wp-block-heading\">MPE&#8217;s Divisions<\/h3>\n\n\n\n<hr class=\"wp-block-separator Pageblock-subtitleDecoration\"\/>\n\n\n<div class=\"wp-bootstrap-blocks-row ticss-aefb281e\">\n\t<div class=\"row\">\n\t\t\n\n<div class=\"col-12 col-md-3 col-lg-3 col-xl-3\">\n\t<div class=\"\">\n\t\t\n\n<figure class=\"wp-block-image size-large\"><a href=\"http:\/\/www.mpechicago.com\/de\/coffee-grinders\"><img decoding=\"async\" width=\"1024\" height=\"658\" src=\"http:\/\/www.mpechicago.com\/wp-content\/uploads\/2019\/12\/Dan-Phil-700x450-1024x658.jpg\" alt=\"\" class=\"wp-image-342\" srcset=\"https:\/\/www.mpechicago.com\/wp-content\/uploads\/2019\/12\/Dan-Phil-700x450-1024x658.jpg 1024w, https:\/\/www.mpechicago.com\/wp-content\/uploads\/2019\/12\/Dan-Phil-700x450-600x386.jpg 600w, https:\/\/www.mpechicago.com\/wp-content\/uploads\/2019\/12\/Dan-Phil-700x450-300x193.jpg 300w, https:\/\/www.mpechicago.com\/wp-content\/uploads\/2019\/12\/Dan-Phil-700x450-768x494.jpg 768w, https:\/\/www.mpechicago.com\/wp-content\/uploads\/2019\/12\/Dan-Phil-700x450-1536x987.jpg 1536w, https:\/\/www.mpechicago.com\/wp-content\/uploads\/2019\/12\/Dan-Phil-700x450-1200x771.jpg 1200w, https:\/\/www.mpechicago.com\/wp-content\/uploads\/2019\/12\/Dan-Phil-700x450-1980x1272.jpg 1980w, https:\/\/www.mpechicago.com\/wp-content\/uploads\/2019\/12\/Dan-Phil-700x450.jpg 2026w\" sizes=\"(max-width: 1024px) 100vw, 1024px\" \/><\/a><\/figure>\n\n\n\n<h3 class=\"has-text-align-left Pageblock-subtitle ticss-304e163f wp-block-heading\"><a href=\"http:\/\/www.mpechicago.com\/de\/coffee-grinders\">Industrial Style Coffee Grinding Equipment<\/a><\/h3>\n\n\n\n<hr class=\"wp-block-separator Pageblock-subtitleDecorationborder\"\/>\n\n\n\n<p class=\"has-text-align-left noanchor\"><a href=\"http:\/\/www.mpechicago.com\/de\/coffee-grinders\">Unsere Kaffeem\u00fchlen verarbeiten jede Art von Kaffee, einschlie\u00dflich l\u00f6slicher, Espresso-, Kapsel-, Pads-, t\u00fcrkischer und ultrafeiner Kaffees.<\/a> <\/p>\n\n\t<\/div>\n<\/div>\n\n\n\n<div class=\"col-12 col-md-3 col-lg-3 col-xl-3\">\n\t<div class=\"\">\n\t\t\n\n<figure class=\"wp-block-image size-large\"><a href=\"http:\/\/www.mpechicago.com\/de\/size-reduction-machines\/\"><img decoding=\"async\" width=\"700\" height=\"450\" src=\"http:\/\/www.mpechicago.com\/wp-content\/uploads\/2019\/12\/mpe-coffee-grinder-700X450.png\" alt=\"\" class=\"wp-image-353\" srcset=\"https:\/\/www.mpechicago.com\/wp-content\/uploads\/2019\/12\/mpe-coffee-grinder-700X450.png 700w, https:\/\/www.mpechicago.com\/wp-content\/uploads\/2019\/12\/mpe-coffee-grinder-700X450-600x386.png 600w, https:\/\/www.mpechicago.com\/wp-content\/uploads\/2019\/12\/mpe-coffee-grinder-700X450-300x193.png 300w\" sizes=\"(max-width: 700px) 100vw, 700px\" \/><\/a><\/figure>\n\n\n\n<h3 class=\"has-text-align-left Pageblock-subtitle ticss-304e163f wp-block-heading\"><a href=\"http:\/\/www.mpechicago.com\/de\/size-reduction-machines\/\">State-of-the-Art Grinding Technology<\/a><\/h3>\n\n\n\n<hr class=\"wp-block-separator Pageblock-subtitleDecorationborder\"\/>\n\n\n\n<p class=\"has-text-align-left noanchor\"><a href=\"http:\/\/www.mpechicago.com\/de\/size-reduction-machines\/\">Unsere hochmodernen Walzenm\u00fchlen liefern h\u00f6here Ausbeuten, reduzieren unerw\u00fcnschte Feinanteile und erzielen eine hervorragende Reduzierung der Partikelgr\u00f6\u00dfe.<\/a><\/p>\n\n\t<\/div>\n<\/div>\n\n\n\n<div class=\"col-12 col-md-3 col-lg-3 col-xl-3\">\n\t<div class=\"\">\n\t\t\n\n<figure class=\"wp-block-image size-large\"><a href=\"http:\/\/www.mpechicago.com\/de\/chain-vey\/\"><img loading=\"lazy\" decoding=\"async\" width=\"700\" height=\"451\" src=\"http:\/\/www.mpechicago.com\/wp-content\/uploads\/2019\/12\/Chain-Vey-system-700x450-1.jpg\" alt=\"\" class=\"wp-image-357\" srcset=\"https:\/\/www.mpechicago.com\/wp-content\/uploads\/2019\/12\/Chain-Vey-system-700x450-1.jpg 700w, https:\/\/www.mpechicago.com\/wp-content\/uploads\/2019\/12\/Chain-Vey-system-700x450-1-600x387.jpg 600w, https:\/\/www.mpechicago.com\/wp-content\/uploads\/2019\/12\/Chain-Vey-system-700x450-1-300x193.jpg 300w\" sizes=\"(max-width: 700px) 100vw, 700px\" \/><\/a><\/figure>\n\n\n\n<h3 class=\"has-text-align-left Pageblock-subtitle ticss-304e163f wp-block-heading\"><a href=\"http:\/\/www.mpechicago.com\/de\/chain-vey\/\">Chain-Vey Tubular Drag Conveyor Systems<\/a><\/h3>\n\n\n\n<hr class=\"wp-block-separator Pageblock-subtitleDecorationborder\"\/>\n\n\n\n<p class=\"has-text-align-left noanchor\"><a href=\"http:\/\/www.mpechicago.com\/de\/chain-vey\/\">Die Chain-Vey-Rohrf\u00f6rderer von MPE werden eingesetzt, um Hunderte von Produkten wie Getreide, N\u00fcsse, Tiernahrung, Gew\u00fcrze, Sch\u00fcttg\u00fcter und mehr schonend und effizient zu f\u00f6rdern.<\/a><\/p>\n\n\t<\/div>\n<\/div>\n\n\n\n<div class=\"col-12 col-md-3 col-lg-3 col-xl-3\">\n\t<div class=\"\">\n\t\t\n\n<figure class=\"wp-block-image size-large\"><a href=\"http:\/\/www.mpechicago.com\/de\/process-systems-integration\/\"><img loading=\"lazy\" decoding=\"async\" width=\"700\" height=\"450\" src=\"http:\/\/www.mpechicago.com\/wp-content\/uploads\/2019\/12\/Systems-Image-700x450.jpg\" alt=\"\" class=\"wp-image-355\" srcset=\"https:\/\/www.mpechicago.com\/wp-content\/uploads\/2019\/12\/Systems-Image-700x450.jpg 700w, https:\/\/www.mpechicago.com\/wp-content\/uploads\/2019\/12\/Systems-Image-700x450-600x386.jpg 600w, https:\/\/www.mpechicago.com\/wp-content\/uploads\/2019\/12\/Systems-Image-700x450-300x193.jpg 300w\" sizes=\"(max-width: 700px) 100vw, 700px\" \/><\/a><\/figure>\n\n\n\n<h3 class=\"has-text-align-left Pageblock-subtitle ticss-304e163f wp-block-heading\"><a href=\"http:\/\/www.mpechicago.com\/de\/process-systems-integration\/\">Process Systems Integration<\/a><\/h3>\n\n\n\n<hr class=\"wp-block-separator Pageblock-subtitleDecorationborder\"\/>\n\n\n\n<p class=\"has-text-align-left noanchor\"><a href=\"http:\/\/www.mpechicago.com\/de\/process-systems-integration\/\">MPE bietet ma\u00dfgeschneiderte L\u00f6sungen f\u00fcr die Klassifizierung, Lagerung, den Transport, das Mischen, die Partikelgr\u00f6\u00dfenreduzierung und die schl\u00fcsselfertige Automatisierung f\u00fcr verschiedene Branchen und Anwendungen.<\/a><\/p>\n\n\t<\/div>\n<\/div>\n\n\t<\/div>\n<\/div>\n\n<\/div>\n\n<div style=\"height:100px\" aria-hidden=\"true\" class=\"wp-block-spacer\"><\/div>\n<div class=\"wp-bootstrap-blocks-row\">\n\t<div class=\"row no-gutters\">\n\t\t\n\n<div class=\"col-12 col-md-6\">\n\t<div class=\"\">\n\t\t\n\n<figure class=\"wp-block-image alignwide size-large mb-0\"><img loading=\"lazy\" decoding=\"async\" width=\"800\" height=\"536\" src=\"http:\/\/www.mpechicago.com\/wp-content\/uploads\/2019\/12\/Group-photo_1.jpg\" alt=\"\" class=\"wp-image-363\" srcset=\"https:\/\/www.mpechicago.com\/wp-content\/uploads\/2019\/12\/Group-photo_1.jpg 800w, https:\/\/www.mpechicago.com\/wp-content\/uploads\/2019\/12\/Group-photo_1-600x402.jpg 600w, https:\/\/www.mpechicago.com\/wp-content\/uploads\/2019\/12\/Group-photo_1-768x515.jpg 768w\" sizes=\"(max-width: 800px) 100vw, 800px\" \/><\/figure>\n\n\t<\/div>\n<\/div>\n\n\n\n<div class=\"col-12 col-md-6 Pageblock-textWrapper\">\n\t<div class=\"\">\n\t\t\n\n<h2 class=\"wp-block-heading\">THE MPE FAMILY <\/h2>\n\n\n\n<p>Wir setzen uns daf\u00fcr ein, einen Arbeitsplatz zu schaffen, der unsere Mitarbeiter dazu inspiriert, beruflich und pers\u00f6nlich das Beste zu geben, was sie sein k\u00f6nnen.<\/p>\n\n\n<div class=\"wp-bootstrap-blocks-button\">\n\t<a href=\"http:\/\/www.mpechicago.com\/de\/beginnings-and-commitments-mpe\/\" class=\"btn btn-outline-dark\">\n\t\tRead more about MPE&#039;s history anD Culture  \t<\/a>\n<\/div>\n\n\t<\/div>\n<\/div>\n\n\t<\/div>\n<\/div>\n<div class=\"wp-bootstrap-blocks-row\">\n\t<div class=\"row no-gutters\">\n\t\t\n\n<div class=\"col-12 col-md-6 order-lg-1\">\n\t<div class=\"\">\n\t\t\n<div tabindex=\"0\" class=\"cycloneslider cycloneslider-template-standard cycloneslider-width-full\" id=\"cycloneslider-about-us-slider-2-1\" > <div class=\"cycloneslider-slides cycle-slideshow\" data-cycle-allow-wrap=\"true\" data-cycle-dynamic-height=\"off\" data-cycle-auto-height=\"960:600\" data-cycle-auto-height-easing=\"null\" data-cycle-auto-height-speed=\"250\" data-cycle-delay=\"0\" data-cycle-easing=\"\" data-cycle-fx=\"fade\" data-cycle-hide-non-active=\"true\" data-cycle-log=\"false\" data-cycle-next=\"#cycloneslider-about-us-slider-2-1 .cycloneslider-next\" data-cycle-pager=\"#cycloneslider-about-us-slider-2-1 .cycloneslider-pager\" data-cycle-pause-on-hover=\"true\" data-cycle-prev=\"#cycloneslider-about-us-slider-2-1 .cycloneslider-prev\" data-cycle-slides=\"&gt; div\" data-cycle-speed=\"1000\" data-cycle-swipe=\"1\" data-cycle-tile-count=\"7\" data-cycle-tile-delay=\"100\" data-cycle-tile-vertical=\"true\" data-cycle-timeout=\"4000\" > <div class=\"cycloneslider-slide cycloneslider-slide-image\" > <img decoding=\"async\" src=\"https:\/\/www.mpechicago.com\/wp-content\/uploads\/2019\/12\/Hector_0-960x600.jpg\" alt=\"\" title=\"\" \/> <\/div> <div class=\"cycloneslider-slide cycloneslider-slide-image\" > <img decoding=\"async\" src=\"https:\/\/www.mpechicago.com\/wp-content\/uploads\/2019\/12\/header9-960x600.jpg\" alt=\"\" title=\"\" \/> <\/div> <div class=\"cycloneslider-slide cycloneslider-slide-image\" > <img decoding=\"async\" src=\"https:\/\/www.mpechicago.com\/wp-content\/uploads\/2019\/12\/header8x-960x600.jpg\" alt=\"\" title=\"\" \/> <\/div> <div class=\"cycloneslider-slide cycloneslider-slide-image\" > <img decoding=\"async\" src=\"https:\/\/www.mpechicago.com\/wp-content\/uploads\/2019\/12\/header7-960x600.jpg\" alt=\"\" title=\"\" \/> <\/div> <div class=\"cycloneslider-slide cycloneslider-slide-image\" > <img decoding=\"async\" src=\"https:\/\/www.mpechicago.com\/wp-content\/uploads\/2019\/12\/header6x-960x600.jpg\" alt=\"\" title=\"\" \/> <\/div> <div class=\"cycloneslider-slide cycloneslider-slide-image\" > <img decoding=\"async\" src=\"https:\/\/www.mpechicago.com\/wp-content\/uploads\/2019\/12\/header5-960x600.jpg\" alt=\"\" title=\"\" \/> <\/div> <div class=\"cycloneslider-slide cycloneslider-slide-image\" > <img decoding=\"async\" src=\"https:\/\/www.mpechicago.com\/wp-content\/uploads\/2019\/12\/header4-960x600.jpg\" alt=\"\" title=\"\" \/> <\/div> <div class=\"cycloneslider-slide cycloneslider-slide-image\" > <img decoding=\"async\" src=\"https:\/\/www.mpechicago.com\/wp-content\/uploads\/2019\/12\/header3-960x600.jpg\" alt=\"\" title=\"\" \/> <\/div> <div class=\"cycloneslider-slide cycloneslider-slide-image\" > <img decoding=\"async\" src=\"https:\/\/www.mpechicago.com\/wp-content\/uploads\/2019\/12\/header2-960x600.jpg\" alt=\"\" title=\"\" \/> <\/div> <\/div> <a href=\"#\" class=\"cycloneslider-prev\"> <span class=\"arrow\"><\/span> <\/a> <a href=\"#\" class=\"cycloneslider-next\"> <span class=\"arrow\"><\/span> <\/a> <\/div>\n\n\t<\/div>\n<\/div>\n\n\n\n<div class=\"col-12 col-md-6 Pageblock-textWrapper alignment-right\">\n\t<div class=\"\">\n\t\t\n\n<h2 class=\"wp-block-heading\">MPE Throughout the Years<\/h2>\n\n\n\n<p>MPE war schon immer ein Unternehmen, das sich auf die Familie konzentriert. Wir sind stolz darauf, wer wir sind, und unsere Fotos erinnern uns an die vielen gro\u00dfartigen Menschen, die unser Unternehmen zu dem gemacht haben, was es heute ist. Wir blicken auch mit Freude auf die zuk\u00fcnftigen Generationen, die zu den F\u00fchrungskr\u00e4ften von morgen heranwachsen werden.    <\/p>\n\n\t<\/div>\n<\/div>\n\n\t<\/div>\n<\/div>\n","protected":false},"excerpt":{"rendered":"","protected":false},"author":25,"featured_media":0,"parent":0,"menu_order":0,"comment_status":"closed","ping_status":"closed","template":"","meta":{"_acf_changed":false,"content-type":"","rs_blank_template":"","rs_page_bg_color":"","slide_template_v7":"","footnotes":""},"class_list":["post-48570","page","type-page","status-publish","hentry"],"acf":[],"yoast_head":"<!-- This site is optimized with the Yoast SEO plugin v27.5 - https:\/\/yoast.com\/product\/yoast-seo-wordpress\/ -->\n<title>Neue Seite Sprachtest - Moderne Prozessanlagen<\/title>\n<meta name=\"robots\" content=\"index, follow, max-snippet:-1, max-image-preview:large, max-video-preview:-1\" \/>\n<link rel=\"canonical\" href=\"https:\/\/www.mpechicago.com\/de\/neue-seite-sprachtest\/\" \/>\n<meta property=\"og:locale\" content=\"de_DE\" \/>\n<meta property=\"og:type\" content=\"article\" \/>\n<meta property=\"og:title\" content=\"Neue Seite Sprachtest - Moderne Prozessanlagen\" \/>\n<meta property=\"og:url\" content=\"https:\/\/www.mpechicago.com\/de\/neue-seite-sprachtest\/\" \/>\n<meta property=\"og:site_name\" content=\"Moderne Prozessanlagen\" \/>\n<meta property=\"article:modified_time\" content=\"2025-09-08T18:36:28+00:00\" \/>\n<meta property=\"og:image\" content=\"https:\/\/www.mpechicago.com\/wp-content\/uploads\/2022\/10\/Group-Shot.jpg\" \/>\n\t<meta property=\"og:image:width\" content=\"700\" \/>\n\t<meta property=\"og:image:height\" content=\"467\" \/>\n\t<meta property=\"og:image:type\" content=\"image\/jpeg\" \/>\n<meta name=\"twitter:card\" content=\"summary_large_image\" \/>\n<meta name=\"twitter:label1\" content=\"Gesch\u00e4tzte Lesezeit\" \/>\n\t<meta name=\"twitter:data1\" content=\"2 Minuten\" \/>\n<script type=\"application\/ld+json\" class=\"yoast-schema-graph\">{\"@context\":\"https:\\\/\\\/schema.org\",\"@graph\":[{\"@type\":\"WebPage\",\"@id\":\"https:\\\/\\\/www.mpechicago.com\\\/de\\\/neue-seite-sprachtest\\\/\",\"url\":\"https:\\\/\\\/www.mpechicago.com\\\/de\\\/neue-seite-sprachtest\\\/\",\"name\":\"Neue Seite Sprachtest - Moderne Prozessanlagen\",\"isPartOf\":{\"@id\":\"https:\\\/\\\/www.mpechicago.com\\\/de\\\/#website\"},\"primaryImageOfPage\":{\"@id\":\"https:\\\/\\\/www.mpechicago.com\\\/de\\\/neue-seite-sprachtest\\\/#primaryimage\"},\"image\":{\"@id\":\"https:\\\/\\\/www.mpechicago.com\\\/de\\\/neue-seite-sprachtest\\\/#primaryimage\"},\"thumbnailUrl\":\"http:\\\/\\\/www.mpechicago.com\\\/wp-content\\\/uploads\\\/2022\\\/10\\\/Group-Shot.jpg\",\"datePublished\":\"2025-09-08T18:16:55+00:00\",\"dateModified\":\"2025-09-08T18:36:28+00:00\",\"breadcrumb\":{\"@id\":\"https:\\\/\\\/www.mpechicago.com\\\/de\\\/neue-seite-sprachtest\\\/#breadcrumb\"},\"inLanguage\":\"de\",\"potentialAction\":[{\"@type\":\"ReadAction\",\"target\":[\"https:\\\/\\\/www.mpechicago.com\\\/de\\\/neue-seite-sprachtest\\\/\"]}]},{\"@type\":\"ImageObject\",\"inLanguage\":\"de\",\"@id\":\"https:\\\/\\\/www.mpechicago.com\\\/de\\\/neue-seite-sprachtest\\\/#primaryimage\",\"url\":\"http:\\\/\\\/www.mpechicago.com\\\/wp-content\\\/uploads\\\/2022\\\/10\\\/Group-Shot.jpg\",\"contentUrl\":\"http:\\\/\\\/www.mpechicago.com\\\/wp-content\\\/uploads\\\/2022\\\/10\\\/Group-Shot.jpg\"},{\"@type\":\"BreadcrumbList\",\"@id\":\"https:\\\/\\\/www.mpechicago.com\\\/de\\\/neue-seite-sprachtest\\\/#breadcrumb\",\"itemListElement\":[{\"@type\":\"ListItem\",\"position\":1,\"name\":\"Heim\",\"item\":\"https:\\\/\\\/www.mpechicago.com\\\/de\\\/\"},{\"@type\":\"ListItem\",\"position\":2,\"name\":\"Neue Seite Sprachtest\"}]},{\"@type\":\"WebSite\",\"@id\":\"https:\\\/\\\/www.mpechicago.com\\\/de\\\/#website\",\"url\":\"https:\\\/\\\/www.mpechicago.com\\\/de\\\/\",\"name\":\"Moderne Prozessanlagen\",\"description\":\"\",\"publisher\":{\"@id\":\"https:\\\/\\\/www.mpechicago.com\\\/de\\\/#organization\"},\"potentialAction\":[{\"@type\":\"SearchAction\",\"target\":{\"@type\":\"EntryPoint\",\"urlTemplate\":\"https:\\\/\\\/www.mpechicago.com\\\/de\\\/?s={search_term_string}\"},\"query-input\":{\"@type\":\"PropertyValueSpecification\",\"valueRequired\":true,\"valueName\":\"search_term_string\"}}],\"inLanguage\":\"de\"},{\"@type\":\"Organization\",\"@id\":\"https:\\\/\\\/www.mpechicago.com\\\/de\\\/#organization\",\"name\":\"Moderne Prozessanlagen\",\"url\":\"https:\\\/\\\/www.mpechicago.com\\\/de\\\/\",\"logo\":{\"@type\":\"ImageObject\",\"inLanguage\":\"de\",\"@id\":\"https:\\\/\\\/www.mpechicago.com\\\/de\\\/#\\\/schema\\\/logo\\\/image\\\/\",\"url\":\"https:\\\/\\\/www.mpechicago.com\\\/wp-content\\\/uploads\\\/2019\\\/12\\\/logo.png\",\"contentUrl\":\"https:\\\/\\\/www.mpechicago.com\\\/wp-content\\\/uploads\\\/2019\\\/12\\\/logo.png\",\"width\":200,\"height\":91,\"caption\":\"Moderne Prozessanlagen\"},\"image\":{\"@id\":\"https:\\\/\\\/www.mpechicago.com\\\/de\\\/#\\\/schema\\\/logo\\\/image\\\/\"}}]}<\/script>\n<!-- \/ Yoast SEO plugin. -->","yoast_head_json":{"title":"Neue Seite Sprachtest - Moderne Prozessanlagen","robots":{"index":"index","follow":"follow","max-snippet":"max-snippet:-1","max-image-preview":"max-image-preview:large","max-video-preview":"max-video-preview:-1"},"canonical":"https:\/\/www.mpechicago.com\/de\/neue-seite-sprachtest\/","og_locale":"de_DE","og_type":"article","og_title":"Neue Seite Sprachtest - Moderne Prozessanlagen","og_url":"https:\/\/www.mpechicago.com\/de\/neue-seite-sprachtest\/","og_site_name":"Moderne Prozessanlagen","article_modified_time":"2025-09-08T18:36:28+00:00","og_image":[{"width":700,"height":467,"url":"https:\/\/www.mpechicago.com\/wp-content\/uploads\/2022\/10\/Group-Shot.jpg","type":"image\/jpeg"}],"twitter_card":"summary_large_image","twitter_misc":{"Gesch\u00e4tzte Lesezeit":"2 Minuten"},"schema":{"@context":"https:\/\/schema.org","@graph":[{"@type":"WebPage","@id":"https:\/\/www.mpechicago.com\/de\/neue-seite-sprachtest\/","url":"https:\/\/www.mpechicago.com\/de\/neue-seite-sprachtest\/","name":"Neue Seite Sprachtest - Moderne Prozessanlagen","isPartOf":{"@id":"https:\/\/www.mpechicago.com\/de\/#website"},"primaryImageOfPage":{"@id":"https:\/\/www.mpechicago.com\/de\/neue-seite-sprachtest\/#primaryimage"},"image":{"@id":"https:\/\/www.mpechicago.com\/de\/neue-seite-sprachtest\/#primaryimage"},"thumbnailUrl":"http:\/\/www.mpechicago.com\/wp-content\/uploads\/2022\/10\/Group-Shot.jpg","datePublished":"2025-09-08T18:16:55+00:00","dateModified":"2025-09-08T18:36:28+00:00","breadcrumb":{"@id":"https:\/\/www.mpechicago.com\/de\/neue-seite-sprachtest\/#breadcrumb"},"inLanguage":"de","potentialAction":[{"@type":"ReadAction","target":["https:\/\/www.mpechicago.com\/de\/neue-seite-sprachtest\/"]}]},{"@type":"ImageObject","inLanguage":"de","@id":"https:\/\/www.mpechicago.com\/de\/neue-seite-sprachtest\/#primaryimage","url":"http:\/\/www.mpechicago.com\/wp-content\/uploads\/2022\/10\/Group-Shot.jpg","contentUrl":"http:\/\/www.mpechicago.com\/wp-content\/uploads\/2022\/10\/Group-Shot.jpg"},{"@type":"BreadcrumbList","@id":"https:\/\/www.mpechicago.com\/de\/neue-seite-sprachtest\/#breadcrumb","itemListElement":[{"@type":"ListItem","position":1,"name":"Heim","item":"https:\/\/www.mpechicago.com\/de\/"},{"@type":"ListItem","position":2,"name":"Neue Seite Sprachtest"}]},{"@type":"WebSite","@id":"https:\/\/www.mpechicago.com\/de\/#website","url":"https:\/\/www.mpechicago.com\/de\/","name":"Moderne Prozessanlagen","description":"","publisher":{"@id":"https:\/\/www.mpechicago.com\/de\/#organization"},"potentialAction":[{"@type":"SearchAction","target":{"@type":"EntryPoint","urlTemplate":"https:\/\/www.mpechicago.com\/de\/?s={search_term_string}"},"query-input":{"@type":"PropertyValueSpecification","valueRequired":true,"valueName":"search_term_string"}}],"inLanguage":"de"},{"@type":"Organization","@id":"https:\/\/www.mpechicago.com\/de\/#organization","name":"Moderne Prozessanlagen","url":"https:\/\/www.mpechicago.com\/de\/","logo":{"@type":"ImageObject","inLanguage":"de","@id":"https:\/\/www.mpechicago.com\/de\/#\/schema\/logo\/image\/","url":"https:\/\/www.mpechicago.com\/wp-content\/uploads\/2019\/12\/logo.png","contentUrl":"https:\/\/www.mpechicago.com\/wp-content\/uploads\/2019\/12\/logo.png","width":200,"height":91,"caption":"Moderne Prozessanlagen"},"image":{"@id":"https:\/\/www.mpechicago.com\/de\/#\/schema\/logo\/image\/"}}]}},"_links":{"self":[{"href":"https:\/\/www.mpechicago.com\/de\/wp-json\/wp\/v2\/pages\/48570","targetHints":{"allow":["GET"]}}],"collection":[{"href":"https:\/\/www.mpechicago.com\/de\/wp-json\/wp\/v2\/pages"}],"about":[{"href":"https:\/\/www.mpechicago.com\/de\/wp-json\/wp\/v2\/types\/page"}],"author":[{"embeddable":true,"href":"https:\/\/www.mpechicago.com\/de\/wp-json\/wp\/v2\/users\/25"}],"replies":[{"embeddable":true,"href":"https:\/\/www.mpechicago.com\/de\/wp-json\/wp\/v2\/comments?post=48570"}],"version-history":[{"count":1,"href":"https:\/\/www.mpechicago.com\/de\/wp-json\/wp\/v2\/pages\/48570\/revisions"}],"predecessor-version":[{"id":48571,"href":"https:\/\/www.mpechicago.com\/de\/wp-json\/wp\/v2\/pages\/48570\/revisions\/48571"}],"wp:attachment":[{"href":"https:\/\/www.mpechicago.com\/de\/wp-json\/wp\/v2\/media?parent=48570"}],"curies":[{"name":"wp","href":"https:\/\/api.w.org\/{rel}","templated":true}]}}