{"id":26914,"date":"2021-06-03T11:33:39","date_gmt":"2021-06-03T16:33:39","guid":{"rendered":"https:\/\/www.mpechicago.com\/ketten-vey-rohrschlepper\/reinigung-vor-ort\/stufe-2-an-ort-und-stelle-reinigen\/"},"modified":"2025-05-12T19:37:48","modified_gmt":"2025-05-13T00:37:48","slug":"stufe-2-an-ort-und-stelle-reinigen","status":"publish","type":"page","link":"https:\/\/www.mpechicago.com\/de\/ketten-vey-rohrschlepper\/reinigung-vor-ort\/stufe-2-an-ort-und-stelle-reinigen\/","title":{"rendered":"Stufe 2 \u2013 An Ort und Stelle reinigen"},"content":{"rendered":"<div class=\"wp-bootstrap-blocks-row has-text-align-left Pageblock-subtitle pt-20\">\n\t<div class=\"row\">\n\t\t\n\n<div class=\"col-12 col-md-6\">\n\t<div class=\"\">\n\t\t\t<\/div>\n<\/div>\n\n\n\n<div class=\"col-12 col-md-6\">\n\t<div class=\"\">\n\t\t\t<\/div>\n<\/div>\n\n\t<\/div>\n<\/div>\n<div class=\"wp-bootstrap-blocks-row\">\n\t<div class=\"row\">\n\t\t\n\n<div class=\"col-12 col-md-8\">\n\t<div class=\"\">\n\t\t\t<\/div>\n<\/div>\n\n\n\n<div class=\"col-12 col-md-4\">\n\t<div class=\"\">\n\t\t\t<\/div>\n<\/div>\n\n\t<\/div>\n<\/div>\n<div class=\"wp-bootstrap-blocks-row\">\n\t<div class=\"row\">\n\t\t\n\n<div class=\"col-12 col-md-2 col-lg-2 col-xl-2\">\n\t<div class=\"\">\n\t\t\n\n\n\t<\/div>\n<\/div>\n\n\n\n<div class=\"col-12 col-md-7 col-lg-7 col-xl-6 left-panel\">\n\t<div class=\"\">\n\t\t\n\n<h1 class=\"page-title pt-20 wp-block-heading\">Chain-Vey Clean-In-Place Tier 2 Optionen  <\/h1>\n\n\n\n<p class=\"intro\">Unsere Tier-2-Hybrid-CIP-Designs und -Funktionen wurden f\u00fcr die Integration in bestehende CIP-Prozesse der Anlage oder die MPE-eigenen eigenst\u00e4ndigen Reinigungseinheiten entwickelt, um die Einf\u00fchrung von Nass- oder Trockendesinfektionsmitteln zu erleichtern.<\/p>\n\n\n\n<p>Entwickelt f\u00fcr trockene Produkte und Zutaten mit starken Aromen, Farben oder Beschichtungsprofilen; Tier-2-F\u00f6rderer entfernen effektiv Reststoffe mit dem Einsatz von Wasser, Schaum oder Desinfektionsmitteln. Zu den Optionen der Stufe 2 geh\u00f6ren: <\/p>\n\n\n\n<ul class=\"wp-block-list\"><li>Spr\u00fchd\u00fcsen, Ablaufb\u00f6den, Trocken\u00f6ffnungen<\/li><li>Entleerung und \u00dcbergangsreinigung \/ Zugangst\u00fcren<\/li><li>Reinigungsscheiben (Polyurethan, Schwamm, Reiben)<\/li><li>Pinselbox (Passiv, Angetrieben)<\/li><\/ul>\n\n\n\n<p>Die Tier-2-Kategorie ist halbautomatisch mit minimaler Bedienerschnittstelle. F\u00fcr Nassreinigungsanwendungen sorgen optionale Flanschrohranschl\u00fcsse f\u00fcr eine wasserdichte Abdichtung. <\/p>\n\n\t<\/div>\n<\/div>\n\n\n\n<div class=\"col-12 col-md-3 col-lg-3 col-xl-4 right-panel\">\n\t<div class=\"\">\n\t\t\n\n<h2 class=\"wp-block-heading\">Unternehmen, die diese Stufe verwenden<\/h2>\n\n\n\n<figure class=\"wp-block-image size-full\"><img fetchpriority=\"high\" decoding=\"async\" width=\"1000\" height=\"550\" src=\"http:\/\/www.mpechicago.com\/wp-content\/uploads\/2021\/09\/Tier-2.jpg\" alt=\"\" class=\"wp-image-11717\" srcset=\"https:\/\/www.mpechicago.com\/wp-content\/uploads\/2021\/09\/Tier-2.jpg 1000w, https:\/\/www.mpechicago.com\/wp-content\/uploads\/2021\/09\/Tier-2-600x330.jpg 600w, https:\/\/www.mpechicago.com\/wp-content\/uploads\/2021\/09\/Tier-2-768x422.jpg 768w\" sizes=\"(max-width: 1000px) 100vw, 1000px\" \/><\/figure>\n\n\n\n<h3 class=\"has-text-align-left Pageblock-subtitle pt-20 has-text-color wp-block-heading\" style=\"color:#e9b516\">&#8222;Wir sind sehr zufrieden mit unserem Service von Chain-Vey und MPE.&#8220;  <\/h3>\n\n\n\n<p>\u2015Troy Julian, FW Renner &amp; S\u00f6hne<\/p>\n\n\n\n<div style=\"height:50px\" aria-hidden=\"true\" class=\"wp-block-spacer\"><\/div>\n\n\t<\/div>\n<\/div>\n\n\t<\/div>\n<\/div>\n\n<div style=\"height:46px\" aria-hidden=\"true\" class=\"wp-block-spacer\"><\/div>\n<div class=\"wp-bootstrap-blocks-container container mb-2 positionrelative ticss-557f38c4 mb-5 box-types\">\n\t<\/div>\n<div class=\"wp-bootstrap-blocks-container container mb-2 positionrelative ticss-557f38c4 mb-5 box-types\">\n\t\n\n<h3 class=\"has-text-align-center Pageblock-subtitle ticss-e44a83c5 wp-block-heading\">Chain-Vey Sanit\u00e4r-Designs<\/h3>\n\n\n\n<hr class=\"wp-block-separator Pageblock-subtitleDecoration\"\/>\n\n\n<div class=\"wp-bootstrap-blocks-row ticss-aefb281e\">\n\t<div class=\"row\">\n\t\t\n\n<div class=\"col-12 col-md-4 col-lg-4 col-xl-4\">\n\t<div class=\"\">\n\t\t\n\n<figure class=\"wp-block-gallery aligncenter columns-1 is-cropped wp-block-gallery-1 is-layout-flex wp-block-gallery-is-layout-flex\"><ul class=\"blocks-gallery-grid\"><li class=\"blocks-gallery-item\"><figure><img decoding=\"async\" width=\"801\" height=\"361\" src=\"http:\/\/www.mpechicago.com\/wp-content\/uploads\/2021\/07\/Air-Knife2.jpg\" alt=\"F&#xF6;rderband f&#xFC;r Druckluftreinigung\" data-id=\"11640\" data-full-url=\"http:\/\/www.mpechicago.com\/wp-content\/uploads\/2021\/07\/Air-Knife2.jpg\" data-link=\"http:\/\/www.mpechicago.com\/chain-vey\/clean-in-place\/tier-2-clean-in-place\/air-knife2\/\" class=\"wp-image-11640\" srcset=\"https:\/\/www.mpechicago.com\/wp-content\/uploads\/2021\/07\/Air-Knife2.jpg 801w, https:\/\/www.mpechicago.com\/wp-content\/uploads\/2021\/07\/Air-Knife2-600x270.jpg 600w, https:\/\/www.mpechicago.com\/wp-content\/uploads\/2021\/07\/Air-Knife2-768x346.jpg 768w\" sizes=\"(max-width: 801px) 100vw, 801px\" \/><\/figure><\/li><\/ul><\/figure>\n\n\n\n<h3 class=\"has-text-align-left Pageblock-subtitle ticss-304e163f wp-block-heading\">Spr\u00fchd\u00fcse<\/h3>\n\n\n\n<hr class=\"wp-block-separator Pageblock-subtitleDecorationborder\"\/>\n\n\n\n<div style=\"height:20px\" aria-hidden=\"true\" class=\"wp-block-spacer\"><\/div>\n\n\n\n<p class=\"has-text-align-left\">Die Spr\u00fchd\u00fcse in den Auslassstellen spr\u00fcht Druckluft auf die Kette und die Scheiben, um eine vollst\u00e4ndige Entfernung des Produkts von den Oberfl\u00e4chen zu gew\u00e4hrleisten. Schnellanschluss-Verteiler verf\u00fcgbar. <\/p>\n\n\t<\/div>\n<\/div>\n\n\n\n<div class=\"col-12 col-md-4 col-lg-4 col-xl-4\">\n\t<div class=\"\">\n\t\t\n\n<figure class=\"wp-block-gallery aligncenter columns-1 is-cropped wp-block-gallery-2 is-layout-flex wp-block-gallery-is-layout-flex\"><ul class=\"blocks-gallery-grid\"><li class=\"blocks-gallery-item\"><figure><img decoding=\"async\" width=\"801\" height=\"358\" src=\"http:\/\/www.mpechicago.com\/wp-content\/uploads\/2021\/07\/turnaround-with-drain-port.jpg\" alt=\"Ablass&#xF6;ffnung f&#xFC;r F&#xF6;rderband\" data-id=\"11638\" data-full-url=\"http:\/\/www.mpechicago.com\/wp-content\/uploads\/2021\/07\/turnaround-with-drain-port.jpg\" data-link=\"http:\/\/www.mpechicago.com\/chain-vey\/clean-in-place\/tier-2-clean-in-place\/turnaround-with-drain-port\/\" class=\"wp-image-11638\" srcset=\"https:\/\/www.mpechicago.com\/wp-content\/uploads\/2021\/07\/turnaround-with-drain-port.jpg 801w, https:\/\/www.mpechicago.com\/wp-content\/uploads\/2021\/07\/turnaround-with-drain-port-600x268.jpg 600w, https:\/\/www.mpechicago.com\/wp-content\/uploads\/2021\/07\/turnaround-with-drain-port-768x343.jpg 768w\" sizes=\"(max-width: 801px) 100vw, 801px\" \/><\/figure><\/li><\/ul><\/figure>\n\n\n\n<h3 class=\"has-text-align-left Pageblock-subtitle ticss-304e163f wp-block-heading\">Abflussboden<\/h3>\n\n\n\n<hr class=\"wp-block-separator Pageblock-subtitleDecorationborder\"\/>\n\n\n\n<div style=\"height:20px\" aria-hidden=\"true\" class=\"wp-block-spacer\"><\/div>\n\n\n\n<p class=\"has-text-align-left\">Ablassb\u00f6den am tiefsten Punkt eines F\u00f6rderbandes sorgen f\u00fcr eine vollst\u00e4ndige Entleerung der Fl\u00fcssigkeiten im Inneren des F\u00f6rderbandes.<\/p>\n\n\t<\/div>\n<\/div>\n\n\n\n<div class=\"col-12 col-md-4\">\n\t<div class=\"\">\n\t\t\n\n<figure class=\"wp-block-gallery aligncenter columns-1 is-cropped wp-block-gallery-3 is-layout-flex wp-block-gallery-is-layout-flex\"><ul class=\"blocks-gallery-grid\"><li class=\"blocks-gallery-item\"><figure><img loading=\"lazy\" decoding=\"async\" width=\"802\" height=\"360\" src=\"http:\/\/www.mpechicago.com\/wp-content\/uploads\/2021\/07\/pipe-conveyor-with-cleaning.jpg\" alt=\"selbstreinigendes F&#xF6;rderband\" data-id=\"11642\" data-full-url=\"http:\/\/www.mpechicago.com\/wp-content\/uploads\/2021\/07\/pipe-conveyor-with-cleaning.jpg\" data-link=\"http:\/\/www.mpechicago.com\/chain-vey\/clean-in-place\/tier-2-clean-in-place\/pipe-conveyor-with-cleaning\/\" class=\"wp-image-11642\" srcset=\"https:\/\/www.mpechicago.com\/wp-content\/uploads\/2021\/07\/pipe-conveyor-with-cleaning.jpg 802w, https:\/\/www.mpechicago.com\/wp-content\/uploads\/2021\/07\/pipe-conveyor-with-cleaning-600x269.jpg 600w, https:\/\/www.mpechicago.com\/wp-content\/uploads\/2021\/07\/pipe-conveyor-with-cleaning-768x345.jpg 768w\" sizes=\"(max-width: 802px) 100vw, 802px\" \/><\/figure><\/li><\/ul><\/figure>\n\n\n\n<h3 class=\"has-text-align-left Pageblock-subtitle ticss-304e163f wp-block-heading\">Integration mit eigenst\u00e4ndigen CIP-Ger\u00e4ten<\/h3>\n\n\n\n<hr class=\"wp-block-separator Pageblock-subtitleDecorationborder\"\/>\n\n\n\n<div style=\"height:20px\" aria-hidden=\"true\" class=\"wp-block-spacer\"><\/div>\n\n\n\n<p class=\"has-text-align-left\">Tier-2-CIP-Chain-Veys lassen sich problemlos in Ihre vorhandenen Clean-In-Place-Ger\u00e4te und -Protokolle integrieren.<\/p>\n\n\t<\/div>\n<\/div>\n\n\t<\/div>\n<\/div>\n\n\n<div class=\"wp-bootstrap-blocks-row ticss-aefb281e\">\n\t<div class=\"row\">\n\t\t\n\n<div class=\"col-12 col-md-4 col-lg-4 col-xl-4\">\n\t<div class=\"\">\n\t\t\n\n<figure class=\"wp-block-gallery aligncenter columns-1 is-cropped wp-block-gallery-4 is-layout-flex wp-block-gallery-is-layout-flex\"><ul class=\"blocks-gallery-grid\"><li class=\"blocks-gallery-item\"><figure><img loading=\"lazy\" decoding=\"async\" width=\"1000\" height=\"450\" src=\"http:\/\/www.mpechicago.com\/wp-content\/uploads\/2021\/03\/New-Feet-comp.jpg\" alt=\"Sanit&#xE4;re F&#xF6;rderf&#xFC;&#xDF;e\" data-id=\"10819\" data-full-url=\"http:\/\/www.mpechicago.com\/wp-content\/uploads\/2021\/03\/New-Feet-comp.jpg\" data-link=\"http:\/\/www.mpechicago.com\/chain-vey\/layouts-and-designs\/sanitary-design\/new-feet-comp\/\" class=\"wp-image-10819\" srcset=\"https:\/\/www.mpechicago.com\/wp-content\/uploads\/2021\/03\/New-Feet-comp.jpg 1000w, https:\/\/www.mpechicago.com\/wp-content\/uploads\/2021\/03\/New-Feet-comp-600x270.jpg 600w, https:\/\/www.mpechicago.com\/wp-content\/uploads\/2021\/03\/New-Feet-comp-768x346.jpg 768w\" sizes=\"(max-width: 1000px) 100vw, 1000px\" \/><\/figure><\/li><\/ul><\/figure>\n\n\n\n<h3 class=\"has-text-align-left Pageblock-subtitle ticss-304e163f wp-block-heading\">Design der Sanit\u00e4rf\u00fc\u00dfe<\/h3>\n\n\n\n<hr class=\"wp-block-separator Pageblock-subtitleDecorationborder\"\/>\n\n\n\n<div style=\"height:20px\" aria-hidden=\"true\" class=\"wp-block-spacer\"><\/div>\n\n\n\n<p class=\"has-text-align-left\">Die F\u00fc\u00dfe aller Standteile sind aus massivem Rundstabstahl; nicht beherbergendes Design.<\/p>\n\n\t<\/div>\n<\/div>\n\n\n\n<div class=\"col-12 col-md-4 col-lg-4 col-xl-4\">\n\t<div class=\"\">\n\t\t\n\n<figure class=\"wp-block-gallery aligncenter columns-1 is-cropped wp-block-gallery-5 is-layout-flex wp-block-gallery-is-layout-flex\"><ul class=\"blocks-gallery-grid\"><li class=\"blocks-gallery-item\"><figure><img loading=\"lazy\" decoding=\"async\" width=\"996\" height=\"449\" src=\"http:\/\/www.mpechicago.com\/wp-content\/uploads\/2021\/03\/Bushbox-comp2.jpg\" alt=\"B&#xFC;rstenkasten f&#xFC;r die Reinigung von F&#xF6;rderb&#xE4;ndern\" data-id=\"10837\" data-full-url=\"http:\/\/www.mpechicago.com\/wp-content\/uploads\/2021\/03\/Bushbox-comp2.jpg\" data-link=\"http:\/\/www.mpechicago.com\/chain-vey\/layouts-and-designs\/sanitary-design\/bushbox-comp2\/\" class=\"wp-image-10837\" srcset=\"https:\/\/www.mpechicago.com\/wp-content\/uploads\/2021\/03\/Bushbox-comp2.jpg 996w, https:\/\/www.mpechicago.com\/wp-content\/uploads\/2021\/03\/Bushbox-comp2-600x270.jpg 600w, https:\/\/www.mpechicago.com\/wp-content\/uploads\/2021\/03\/Bushbox-comp2-768x346.jpg 768w\" sizes=\"(max-width: 996px) 100vw, 996px\" \/><\/figure><\/li><\/ul><\/figure>\n\n\n\n<h3 class=\"has-text-align-left Pageblock-subtitle ticss-304e163f wp-block-heading\">Pinsel-Box<\/h3>\n\n\n\n<hr class=\"wp-block-separator Pageblock-subtitleDecorationborder\"\/>\n\n\n\n<div style=\"height:20px\" aria-hidden=\"true\" class=\"wp-block-spacer\"><\/div>\n\n\n\n<p class=\"has-text-align-left\">Die B\u00fcrstenbox, die sowohl in passiven als auch in motorisierten Modellen erh\u00e4ltlich ist, entfernt gr\u00fcndlich Produktreste von Kettengliedern und Scheiben.  <\/p>\n\n\t<\/div>\n<\/div>\n\n\n\n<div class=\"col-12 col-md-4\">\n\t<div class=\"\">\n\t\t\n\n<figure class=\"wp-block-gallery aligncenter columns-1 is-cropped wp-block-gallery-6 is-layout-flex wp-block-gallery-is-layout-flex\"><ul class=\"blocks-gallery-grid\"><li class=\"blocks-gallery-item\"><figure><img loading=\"lazy\" decoding=\"async\" width=\"1000\" height=\"450\" src=\"http:\/\/www.mpechicago.com\/wp-content\/uploads\/2021\/03\/Turnaround-Cover-Comp.jpg\" alt=\"leicht zu reinigendes F&#xF6;rderband\" data-id=\"10816\" data-full-url=\"http:\/\/www.mpechicago.com\/wp-content\/uploads\/2021\/03\/Turnaround-Cover-Comp.jpg\" data-link=\"http:\/\/www.mpechicago.com\/chain-vey\/layouts-and-designs\/sanitary-design\/turnaround-cover-comp\/\" class=\"wp-image-10816\" srcset=\"https:\/\/www.mpechicago.com\/wp-content\/uploads\/2021\/03\/Turnaround-Cover-Comp.jpg 1000w, https:\/\/www.mpechicago.com\/wp-content\/uploads\/2021\/03\/Turnaround-Cover-Comp-600x270.jpg 600w, https:\/\/www.mpechicago.com\/wp-content\/uploads\/2021\/03\/Turnaround-Cover-Comp-768x346.jpg 768w\" sizes=\"(max-width: 1000px) 100vw, 1000px\" \/><\/figure><\/li><\/ul><\/figure>\n\n\n\n<h3 class=\"has-text-align-left Pageblock-subtitle ticss-304e163f wp-block-heading\">Leicht zug\u00e4ngliche T\u00fcren<\/h3>\n\n\n\n<hr class=\"wp-block-separator Pageblock-subtitleDecorationborder\"\/>\n\n\n\n<div style=\"height:20px\" aria-hidden=\"true\" class=\"wp-block-spacer\"><\/div>\n\n\n\n<p class=\"has-text-align-left\">Leicht zug\u00e4ngliche T\u00fcren machen es zum Kinderspiel, die Chain-Vey-Wendek\u00e4sten und B\u00fcrstenk\u00e4sten ohne Werkzeug zu \u00f6ffnen. Dies verk\u00fcrzt die Wartungszeit und erleichtert die Reinigung Ihres Chain-Vey. <\/p>\n\n\t<\/div>\n<\/div>\n\n\t<\/div>\n<\/div>\n\n<\/div>\n","protected":false},"excerpt":{"rendered":"","protected":false},"author":3,"featured_media":23151,"parent":26895,"menu_order":1,"comment_status":"closed","ping_status":"closed","template":"","meta":{"_acf_changed":false,"content-type":"","rs_blank_template":"","rs_page_bg_color":"","slide_template_v7":"","footnotes":""},"class_list":["post-26914","page","type-page","status-publish","has-post-thumbnail","hentry"],"acf":[],"yoast_head":"<!-- This site is optimized with the Yoast SEO plugin v27.6 - https:\/\/yoast.com\/product\/yoast-seo-wordpress\/ -->\n<title>Stufe 2 \u2013 An Ort und Stelle reinigen - Moderne Prozessanlagen<\/title>\n<meta name=\"description\" content=\"Entdecken Sie die Tier-2-CIP-Optionen von Chain-Vey f\u00fcr eine effiziente Bandreinigung. Entdecken Sie die zuverl\u00e4ssige F\u00f6rderung.\" \/>\n<meta name=\"robots\" content=\"index, follow, max-snippet:-1, max-image-preview:large, max-video-preview:-1\" \/>\n<link rel=\"canonical\" href=\"https:\/\/www.mpechicago.com\/de\/ketten-vey-rohrschlepper\/reinigung-vor-ort\/stufe-2-an-ort-und-stelle-reinigen\/\" \/>\n<meta property=\"og:locale\" content=\"de_DE\" \/>\n<meta property=\"og:type\" content=\"article\" \/>\n<meta property=\"og:title\" content=\"Stufe 2 \u2013 An Ort und Stelle reinigen - Moderne Prozessanlagen\" \/>\n<meta property=\"og:description\" content=\"Entdecken Sie die Tier-2-CIP-Optionen von Chain-Vey f\u00fcr eine effiziente Bandreinigung. Entdecken Sie die zuverl\u00e4ssige F\u00f6rderung.\" \/>\n<meta property=\"og:url\" content=\"https:\/\/www.mpechicago.com\/de\/ketten-vey-rohrschlepper\/reinigung-vor-ort\/stufe-2-an-ort-und-stelle-reinigen\/\" \/>\n<meta property=\"og:site_name\" content=\"Moderne Prozessanlagen\" \/>\n<meta property=\"article:modified_time\" content=\"2025-05-13T00:37:48+00:00\" \/>\n<meta property=\"og:image\" content=\"https:\/\/www.mpechicago.com\/wp-content\/uploads\/2021\/06\/Clean-In-Place-Header-4.jpg\" \/>\n\t<meta property=\"og:image:width\" content=\"2200\" \/>\n\t<meta property=\"og:image:height\" content=\"344\" \/>\n\t<meta property=\"og:image:type\" content=\"image\/jpeg\" \/>\n<meta name=\"twitter:card\" content=\"summary_large_image\" \/>\n<meta name=\"twitter:label1\" content=\"Gesch\u00e4tzte Lesezeit\" \/>\n\t<meta name=\"twitter:data1\" content=\"1\u00a0Minute\" \/>\n<script type=\"application\/ld+json\" class=\"yoast-schema-graph\">{\"@context\":\"https:\\\/\\\/schema.org\",\"@graph\":[{\"@type\":\"WebPage\",\"@id\":\"https:\\\/\\\/www.mpechicago.com\\\/de\\\/ketten-vey-rohrschlepper\\\/reinigung-vor-ort\\\/stufe-2-an-ort-und-stelle-reinigen\\\/\",\"url\":\"https:\\\/\\\/www.mpechicago.com\\\/de\\\/ketten-vey-rohrschlepper\\\/reinigung-vor-ort\\\/stufe-2-an-ort-und-stelle-reinigen\\\/\",\"name\":\"Stufe 2 \u2013 An Ort und Stelle reinigen - Moderne Prozessanlagen\",\"isPartOf\":{\"@id\":\"https:\\\/\\\/www.mpechicago.com\\\/de\\\/#website\"},\"primaryImageOfPage\":{\"@id\":\"https:\\\/\\\/www.mpechicago.com\\\/de\\\/ketten-vey-rohrschlepper\\\/reinigung-vor-ort\\\/stufe-2-an-ort-und-stelle-reinigen\\\/#primaryimage\"},\"image\":{\"@id\":\"https:\\\/\\\/www.mpechicago.com\\\/de\\\/ketten-vey-rohrschlepper\\\/reinigung-vor-ort\\\/stufe-2-an-ort-und-stelle-reinigen\\\/#primaryimage\"},\"thumbnailUrl\":\"https:\\\/\\\/www.mpechicago.com\\\/wp-content\\\/uploads\\\/2021\\\/06\\\/Clean-In-Place-Header-4.jpg\",\"datePublished\":\"2021-06-03T16:33:39+00:00\",\"dateModified\":\"2025-05-13T00:37:48+00:00\",\"description\":\"Entdecken Sie die Tier-2-CIP-Optionen von Chain-Vey f\u00fcr eine effiziente Bandreinigung. Entdecken Sie die zuverl\u00e4ssige F\u00f6rderung.\",\"breadcrumb\":{\"@id\":\"https:\\\/\\\/www.mpechicago.com\\\/de\\\/ketten-vey-rohrschlepper\\\/reinigung-vor-ort\\\/stufe-2-an-ort-und-stelle-reinigen\\\/#breadcrumb\"},\"inLanguage\":\"de\",\"potentialAction\":[{\"@type\":\"ReadAction\",\"target\":[\"https:\\\/\\\/www.mpechicago.com\\\/de\\\/ketten-vey-rohrschlepper\\\/reinigung-vor-ort\\\/stufe-2-an-ort-und-stelle-reinigen\\\/\"]}]},{\"@type\":\"ImageObject\",\"inLanguage\":\"de\",\"@id\":\"https:\\\/\\\/www.mpechicago.com\\\/de\\\/ketten-vey-rohrschlepper\\\/reinigung-vor-ort\\\/stufe-2-an-ort-und-stelle-reinigen\\\/#primaryimage\",\"url\":\"https:\\\/\\\/www.mpechicago.com\\\/wp-content\\\/uploads\\\/2021\\\/06\\\/Clean-In-Place-Header-4.jpg\",\"contentUrl\":\"https:\\\/\\\/www.mpechicago.com\\\/wp-content\\\/uploads\\\/2021\\\/06\\\/Clean-In-Place-Header-4.jpg\",\"width\":2200,\"height\":344},{\"@type\":\"BreadcrumbList\",\"@id\":\"https:\\\/\\\/www.mpechicago.com\\\/de\\\/ketten-vey-rohrschlepper\\\/reinigung-vor-ort\\\/stufe-2-an-ort-und-stelle-reinigen\\\/#breadcrumb\",\"itemListElement\":[{\"@type\":\"ListItem\",\"position\":1,\"name\":\"Heim\",\"item\":\"https:\\\/\\\/www.mpechicago.com\\\/de\\\/\"},{\"@type\":\"ListItem\",\"position\":2,\"name\":\"Ketten-Vey-Rohrschlepper\",\"item\":\"https:\\\/\\\/www.mpechicago.com\\\/de\\\/ketten-vey-rohrschlepper\\\/\"},{\"@type\":\"ListItem\",\"position\":3,\"name\":\"Reinigung vor Ort\",\"item\":\"https:\\\/\\\/www.mpechicago.com\\\/de\\\/ketten-vey-rohrschlepper\\\/reinigung-vor-ort\\\/\"},{\"@type\":\"ListItem\",\"position\":4,\"name\":\"Stufe 2 \u2013 An Ort und Stelle reinigen\"}]},{\"@type\":\"WebSite\",\"@id\":\"https:\\\/\\\/www.mpechicago.com\\\/de\\\/#website\",\"url\":\"https:\\\/\\\/www.mpechicago.com\\\/de\\\/\",\"name\":\"Moderne Prozessanlagen\",\"description\":\"\",\"publisher\":{\"@id\":\"https:\\\/\\\/www.mpechicago.com\\\/de\\\/#organization\"},\"potentialAction\":[{\"@type\":\"SearchAction\",\"target\":{\"@type\":\"EntryPoint\",\"urlTemplate\":\"https:\\\/\\\/www.mpechicago.com\\\/de\\\/?s={search_term_string}\"},\"query-input\":{\"@type\":\"PropertyValueSpecification\",\"valueRequired\":true,\"valueName\":\"search_term_string\"}}],\"inLanguage\":\"de\"},{\"@type\":\"Organization\",\"@id\":\"https:\\\/\\\/www.mpechicago.com\\\/de\\\/#organization\",\"name\":\"Moderne Prozessanlagen\",\"url\":\"https:\\\/\\\/www.mpechicago.com\\\/de\\\/\",\"logo\":{\"@type\":\"ImageObject\",\"inLanguage\":\"de\",\"@id\":\"https:\\\/\\\/www.mpechicago.com\\\/de\\\/#\\\/schema\\\/logo\\\/image\\\/\",\"url\":\"https:\\\/\\\/www.mpechicago.com\\\/wp-content\\\/uploads\\\/2019\\\/12\\\/logo.png\",\"contentUrl\":\"https:\\\/\\\/www.mpechicago.com\\\/wp-content\\\/uploads\\\/2019\\\/12\\\/logo.png\",\"width\":200,\"height\":91,\"caption\":\"Moderne Prozessanlagen\"},\"image\":{\"@id\":\"https:\\\/\\\/www.mpechicago.com\\\/de\\\/#\\\/schema\\\/logo\\\/image\\\/\"}}]}<\/script>\n<!-- \/ Yoast SEO plugin. -->","yoast_head_json":{"title":"Stufe 2 \u2013 An Ort und Stelle reinigen - Moderne Prozessanlagen","description":"Entdecken Sie die Tier-2-CIP-Optionen von Chain-Vey f\u00fcr eine effiziente Bandreinigung. Entdecken Sie die zuverl\u00e4ssige F\u00f6rderung.","robots":{"index":"index","follow":"follow","max-snippet":"max-snippet:-1","max-image-preview":"max-image-preview:large","max-video-preview":"max-video-preview:-1"},"canonical":"https:\/\/www.mpechicago.com\/de\/ketten-vey-rohrschlepper\/reinigung-vor-ort\/stufe-2-an-ort-und-stelle-reinigen\/","og_locale":"de_DE","og_type":"article","og_title":"Stufe 2 \u2013 An Ort und Stelle reinigen - Moderne Prozessanlagen","og_description":"Entdecken Sie die Tier-2-CIP-Optionen von Chain-Vey f\u00fcr eine effiziente Bandreinigung. Entdecken Sie die zuverl\u00e4ssige F\u00f6rderung.","og_url":"https:\/\/www.mpechicago.com\/de\/ketten-vey-rohrschlepper\/reinigung-vor-ort\/stufe-2-an-ort-und-stelle-reinigen\/","og_site_name":"Moderne Prozessanlagen","article_modified_time":"2025-05-13T00:37:48+00:00","og_image":[{"width":2200,"height":344,"url":"https:\/\/www.mpechicago.com\/wp-content\/uploads\/2021\/06\/Clean-In-Place-Header-4.jpg","type":"image\/jpeg"}],"twitter_card":"summary_large_image","twitter_misc":{"Gesch\u00e4tzte Lesezeit":"1\u00a0Minute"},"schema":{"@context":"https:\/\/schema.org","@graph":[{"@type":"WebPage","@id":"https:\/\/www.mpechicago.com\/de\/ketten-vey-rohrschlepper\/reinigung-vor-ort\/stufe-2-an-ort-und-stelle-reinigen\/","url":"https:\/\/www.mpechicago.com\/de\/ketten-vey-rohrschlepper\/reinigung-vor-ort\/stufe-2-an-ort-und-stelle-reinigen\/","name":"Stufe 2 \u2013 An Ort und Stelle reinigen - Moderne Prozessanlagen","isPartOf":{"@id":"https:\/\/www.mpechicago.com\/de\/#website"},"primaryImageOfPage":{"@id":"https:\/\/www.mpechicago.com\/de\/ketten-vey-rohrschlepper\/reinigung-vor-ort\/stufe-2-an-ort-und-stelle-reinigen\/#primaryimage"},"image":{"@id":"https:\/\/www.mpechicago.com\/de\/ketten-vey-rohrschlepper\/reinigung-vor-ort\/stufe-2-an-ort-und-stelle-reinigen\/#primaryimage"},"thumbnailUrl":"https:\/\/www.mpechicago.com\/wp-content\/uploads\/2021\/06\/Clean-In-Place-Header-4.jpg","datePublished":"2021-06-03T16:33:39+00:00","dateModified":"2025-05-13T00:37:48+00:00","description":"Entdecken Sie die Tier-2-CIP-Optionen von Chain-Vey f\u00fcr eine effiziente Bandreinigung. Entdecken Sie die zuverl\u00e4ssige F\u00f6rderung.","breadcrumb":{"@id":"https:\/\/www.mpechicago.com\/de\/ketten-vey-rohrschlepper\/reinigung-vor-ort\/stufe-2-an-ort-und-stelle-reinigen\/#breadcrumb"},"inLanguage":"de","potentialAction":[{"@type":"ReadAction","target":["https:\/\/www.mpechicago.com\/de\/ketten-vey-rohrschlepper\/reinigung-vor-ort\/stufe-2-an-ort-und-stelle-reinigen\/"]}]},{"@type":"ImageObject","inLanguage":"de","@id":"https:\/\/www.mpechicago.com\/de\/ketten-vey-rohrschlepper\/reinigung-vor-ort\/stufe-2-an-ort-und-stelle-reinigen\/#primaryimage","url":"https:\/\/www.mpechicago.com\/wp-content\/uploads\/2021\/06\/Clean-In-Place-Header-4.jpg","contentUrl":"https:\/\/www.mpechicago.com\/wp-content\/uploads\/2021\/06\/Clean-In-Place-Header-4.jpg","width":2200,"height":344},{"@type":"BreadcrumbList","@id":"https:\/\/www.mpechicago.com\/de\/ketten-vey-rohrschlepper\/reinigung-vor-ort\/stufe-2-an-ort-und-stelle-reinigen\/#breadcrumb","itemListElement":[{"@type":"ListItem","position":1,"name":"Heim","item":"https:\/\/www.mpechicago.com\/de\/"},{"@type":"ListItem","position":2,"name":"Ketten-Vey-Rohrschlepper","item":"https:\/\/www.mpechicago.com\/de\/ketten-vey-rohrschlepper\/"},{"@type":"ListItem","position":3,"name":"Reinigung vor Ort","item":"https:\/\/www.mpechicago.com\/de\/ketten-vey-rohrschlepper\/reinigung-vor-ort\/"},{"@type":"ListItem","position":4,"name":"Stufe 2 \u2013 An Ort und Stelle reinigen"}]},{"@type":"WebSite","@id":"https:\/\/www.mpechicago.com\/de\/#website","url":"https:\/\/www.mpechicago.com\/de\/","name":"Moderne Prozessanlagen","description":"","publisher":{"@id":"https:\/\/www.mpechicago.com\/de\/#organization"},"potentialAction":[{"@type":"SearchAction","target":{"@type":"EntryPoint","urlTemplate":"https:\/\/www.mpechicago.com\/de\/?s={search_term_string}"},"query-input":{"@type":"PropertyValueSpecification","valueRequired":true,"valueName":"search_term_string"}}],"inLanguage":"de"},{"@type":"Organization","@id":"https:\/\/www.mpechicago.com\/de\/#organization","name":"Moderne Prozessanlagen","url":"https:\/\/www.mpechicago.com\/de\/","logo":{"@type":"ImageObject","inLanguage":"de","@id":"https:\/\/www.mpechicago.com\/de\/#\/schema\/logo\/image\/","url":"https:\/\/www.mpechicago.com\/wp-content\/uploads\/2019\/12\/logo.png","contentUrl":"https:\/\/www.mpechicago.com\/wp-content\/uploads\/2019\/12\/logo.png","width":200,"height":91,"caption":"Moderne Prozessanlagen"},"image":{"@id":"https:\/\/www.mpechicago.com\/de\/#\/schema\/logo\/image\/"}}]}},"_links":{"self":[{"href":"https:\/\/www.mpechicago.com\/de\/wp-json\/wp\/v2\/pages\/26914","targetHints":{"allow":["GET"]}}],"collection":[{"href":"https:\/\/www.mpechicago.com\/de\/wp-json\/wp\/v2\/pages"}],"about":[{"href":"https:\/\/www.mpechicago.com\/de\/wp-json\/wp\/v2\/types\/page"}],"author":[{"embeddable":true,"href":"https:\/\/www.mpechicago.com\/de\/wp-json\/wp\/v2\/users\/3"}],"replies":[{"embeddable":true,"href":"https:\/\/www.mpechicago.com\/de\/wp-json\/wp\/v2\/comments?post=26914"}],"version-history":[{"count":2,"href":"https:\/\/www.mpechicago.com\/de\/wp-json\/wp\/v2\/pages\/26914\/revisions"}],"predecessor-version":[{"id":29620,"href":"https:\/\/www.mpechicago.com\/de\/wp-json\/wp\/v2\/pages\/26914\/revisions\/29620"}],"up":[{"embeddable":true,"href":"https:\/\/www.mpechicago.com\/de\/wp-json\/wp\/v2\/pages\/26895"}],"wp:featuredmedia":[{"embeddable":true,"href":"https:\/\/www.mpechicago.com\/de\/wp-json\/wp\/v2\/media\/23151"}],"wp:attachment":[{"href":"https:\/\/www.mpechicago.com\/de\/wp-json\/wp\/v2\/media?parent=26914"}],"curies":[{"name":"wp","href":"https:\/\/api.w.org\/{rel}","templated":true}]}}