{"id":26850,"date":"2020-05-13T01:06:03","date_gmt":"2020-05-13T06:06:03","guid":{"rendered":"https:\/\/www.mpechicago.com\/pre-sales-anwendung\/"},"modified":"2025-05-01T23:11:02","modified_gmt":"2025-05-02T04:11:02","slug":"pre-sales-anwendung","status":"publish","type":"page","link":"https:\/\/www.mpechicago.com\/de\/pre-sales-anwendung\/","title":{"rendered":"Pre-Sales-Anwendung"},"content":{"rendered":"\n<h1 class=\"wp-block-heading page-title\">Pre-Sales-Testanfrage<\/h1>\n\n<p class=\"intro\">Um uns bei der Ermittlung der Laboranforderungen f\u00fcr eine Evaluierung zu unterst\u00fctzen, geben Sie uns bitte so viele Informationen wie m\u00f6glich zu Ihrem Produkt und Ihrer Anwendung. Nach Pr\u00fcfung der \u00fcbermittelten Informationen setzt sich einer unserer Anwendungstechniker mit Ihnen in Verbindung, um Ihnen Anweisungen f\u00fcr die Einsendung von Produktmustern an unser Pr\u00fcflabor zu geben. Rufen Sie uns unter <a href=\"tel:1773-232-4252\">+1 773.232.4252<\/a> an.  <\/p>\n\n<script charset=\"utf-8\" type=\"text\/javascript\" src=\"\/\/js.hsforms.net\/forms\/embed\/v2.js\"><\/script><script>hbspt.forms.create({\n    region: \"na1\",\n    portalId: \"21660890\",\n    formId: \"a3173718-0879-40aa-abe5-8cf3428f3ba8\"\n  });\n<\/script>\n\n<div style=\"height:100px\" aria-hidden=\"true\" class=\"wp-block-spacer\"><\/div>\n","protected":false},"excerpt":{"rendered":"<p>Pre-Sales-Testanfrage Um uns bei der Ermittlung der Laboranforderungen f\u00fcr eine Evaluierung zu unterst\u00fctzen, geben Sie uns bitte so viele Informationen wie m\u00f6glich zu Ihrem Produkt und Ihrer Anwendung. Nach Pr\u00fcfung der \u00fcbermittelten Informationen setzt sich einer unserer Anwendungstechniker mit Ihnen in Verbindung, um Ihnen Anweisungen f\u00fcr die Einsendung von Produktmustern an unser Pr\u00fcflabor zu geben.<\/p>\n","protected":false},"author":20,"featured_media":0,"parent":0,"menu_order":0,"comment_status":"closed","ping_status":"closed","template":"","meta":{"_acf_changed":false,"content-type":"","rs_blank_template":"","rs_page_bg_color":"","slide_template_v7":"","footnotes":""},"class_list":["post-26850","page","type-page","status-publish","hentry"],"acf":[],"yoast_head":"<!-- This site is optimized with the Yoast SEO plugin v27.6 - https:\/\/yoast.com\/product\/yoast-seo-wordpress\/ -->\n<title>Pre-Sales-Anwendung - MPE Chicago: Reichen Sie Ihre Anforderungen an ma\u00dfgeschneiderte L\u00f6sungen ein<\/title>\n<meta name=\"description\" content=\"Pre-Sales-Bewerbung - MPE Chicago: Reichen Sie Ihre Bewerbungsanforderungen f\u00fcr ma\u00dfgeschneiderte L\u00f6sungen ein.\" \/>\n<meta name=\"robots\" content=\"index, follow, max-snippet:-1, max-image-preview:large, max-video-preview:-1\" \/>\n<link rel=\"canonical\" href=\"https:\/\/www.mpechicago.com\/de\/pre-sales-anwendung\/\" \/>\n<meta property=\"og:locale\" content=\"de_DE\" \/>\n<meta property=\"og:type\" content=\"article\" \/>\n<meta property=\"og:title\" content=\"Pre-Sales-Anwendung - MPE Chicago: Reichen Sie Ihre Anforderungen an ma\u00dfgeschneiderte L\u00f6sungen ein\" \/>\n<meta property=\"og:description\" content=\"Pre-Sales-Bewerbung - MPE Chicago: Reichen Sie Ihre Bewerbungsanforderungen f\u00fcr ma\u00dfgeschneiderte L\u00f6sungen ein.\" \/>\n<meta property=\"og:url\" content=\"https:\/\/www.mpechicago.com\/de\/pre-sales-anwendung\/\" \/>\n<meta property=\"og:site_name\" content=\"Moderne Prozessanlagen\" \/>\n<meta property=\"article:modified_time\" content=\"2025-05-02T04:11:02+00:00\" \/>\n<meta name=\"twitter:card\" content=\"summary_large_image\" \/>\n<script type=\"application\/ld+json\" class=\"yoast-schema-graph\">{\"@context\":\"https:\\\/\\\/schema.org\",\"@graph\":[{\"@type\":\"WebPage\",\"@id\":\"https:\\\/\\\/www.mpechicago.com\\\/de\\\/pre-sales-anwendung\\\/\",\"url\":\"https:\\\/\\\/www.mpechicago.com\\\/de\\\/pre-sales-anwendung\\\/\",\"name\":\"Pre-Sales-Anwendung - MPE Chicago: Reichen Sie Ihre Anforderungen an ma\u00dfgeschneiderte L\u00f6sungen ein\",\"isPartOf\":{\"@id\":\"https:\\\/\\\/www.mpechicago.com\\\/de\\\/#website\"},\"datePublished\":\"2020-05-13T06:06:03+00:00\",\"dateModified\":\"2025-05-02T04:11:02+00:00\",\"description\":\"Pre-Sales-Bewerbung - MPE Chicago: Reichen Sie Ihre Bewerbungsanforderungen f\u00fcr ma\u00dfgeschneiderte L\u00f6sungen ein.\",\"breadcrumb\":{\"@id\":\"https:\\\/\\\/www.mpechicago.com\\\/de\\\/pre-sales-anwendung\\\/#breadcrumb\"},\"inLanguage\":\"de\",\"potentialAction\":[{\"@type\":\"ReadAction\",\"target\":[\"https:\\\/\\\/www.mpechicago.com\\\/de\\\/pre-sales-anwendung\\\/\"]}]},{\"@type\":\"BreadcrumbList\",\"@id\":\"https:\\\/\\\/www.mpechicago.com\\\/de\\\/pre-sales-anwendung\\\/#breadcrumb\",\"itemListElement\":[{\"@type\":\"ListItem\",\"position\":1,\"name\":\"Heim\",\"item\":\"https:\\\/\\\/www.mpechicago.com\\\/de\\\/\"},{\"@type\":\"ListItem\",\"position\":2,\"name\":\"Pre-Sales-Anwendung\"}]},{\"@type\":\"WebSite\",\"@id\":\"https:\\\/\\\/www.mpechicago.com\\\/de\\\/#website\",\"url\":\"https:\\\/\\\/www.mpechicago.com\\\/de\\\/\",\"name\":\"Moderne Prozessanlagen\",\"description\":\"\",\"publisher\":{\"@id\":\"https:\\\/\\\/www.mpechicago.com\\\/de\\\/#organization\"},\"potentialAction\":[{\"@type\":\"SearchAction\",\"target\":{\"@type\":\"EntryPoint\",\"urlTemplate\":\"https:\\\/\\\/www.mpechicago.com\\\/de\\\/?s={search_term_string}\"},\"query-input\":{\"@type\":\"PropertyValueSpecification\",\"valueRequired\":true,\"valueName\":\"search_term_string\"}}],\"inLanguage\":\"de\"},{\"@type\":\"Organization\",\"@id\":\"https:\\\/\\\/www.mpechicago.com\\\/de\\\/#organization\",\"name\":\"Moderne Prozessanlagen\",\"url\":\"https:\\\/\\\/www.mpechicago.com\\\/de\\\/\",\"logo\":{\"@type\":\"ImageObject\",\"inLanguage\":\"de\",\"@id\":\"https:\\\/\\\/www.mpechicago.com\\\/de\\\/#\\\/schema\\\/logo\\\/image\\\/\",\"url\":\"https:\\\/\\\/www.mpechicago.com\\\/wp-content\\\/uploads\\\/2019\\\/12\\\/logo.png\",\"contentUrl\":\"https:\\\/\\\/www.mpechicago.com\\\/wp-content\\\/uploads\\\/2019\\\/12\\\/logo.png\",\"width\":200,\"height\":91,\"caption\":\"Moderne Prozessanlagen\"},\"image\":{\"@id\":\"https:\\\/\\\/www.mpechicago.com\\\/de\\\/#\\\/schema\\\/logo\\\/image\\\/\"}}]}<\/script>\n<!-- \/ Yoast SEO plugin. -->","yoast_head_json":{"title":"Pre-Sales-Anwendung - MPE Chicago: Reichen Sie Ihre Anforderungen an ma\u00dfgeschneiderte L\u00f6sungen ein","description":"Pre-Sales-Bewerbung - MPE Chicago: Reichen Sie Ihre Bewerbungsanforderungen f\u00fcr ma\u00dfgeschneiderte L\u00f6sungen ein.","robots":{"index":"index","follow":"follow","max-snippet":"max-snippet:-1","max-image-preview":"max-image-preview:large","max-video-preview":"max-video-preview:-1"},"canonical":"https:\/\/www.mpechicago.com\/de\/pre-sales-anwendung\/","og_locale":"de_DE","og_type":"article","og_title":"Pre-Sales-Anwendung - MPE Chicago: Reichen Sie Ihre Anforderungen an ma\u00dfgeschneiderte L\u00f6sungen ein","og_description":"Pre-Sales-Bewerbung - MPE Chicago: Reichen Sie Ihre Bewerbungsanforderungen f\u00fcr ma\u00dfgeschneiderte L\u00f6sungen ein.","og_url":"https:\/\/www.mpechicago.com\/de\/pre-sales-anwendung\/","og_site_name":"Moderne Prozessanlagen","article_modified_time":"2025-05-02T04:11:02+00:00","twitter_card":"summary_large_image","schema":{"@context":"https:\/\/schema.org","@graph":[{"@type":"WebPage","@id":"https:\/\/www.mpechicago.com\/de\/pre-sales-anwendung\/","url":"https:\/\/www.mpechicago.com\/de\/pre-sales-anwendung\/","name":"Pre-Sales-Anwendung - MPE Chicago: Reichen Sie Ihre Anforderungen an ma\u00dfgeschneiderte L\u00f6sungen ein","isPartOf":{"@id":"https:\/\/www.mpechicago.com\/de\/#website"},"datePublished":"2020-05-13T06:06:03+00:00","dateModified":"2025-05-02T04:11:02+00:00","description":"Pre-Sales-Bewerbung - MPE Chicago: Reichen Sie Ihre Bewerbungsanforderungen f\u00fcr ma\u00dfgeschneiderte L\u00f6sungen ein.","breadcrumb":{"@id":"https:\/\/www.mpechicago.com\/de\/pre-sales-anwendung\/#breadcrumb"},"inLanguage":"de","potentialAction":[{"@type":"ReadAction","target":["https:\/\/www.mpechicago.com\/de\/pre-sales-anwendung\/"]}]},{"@type":"BreadcrumbList","@id":"https:\/\/www.mpechicago.com\/de\/pre-sales-anwendung\/#breadcrumb","itemListElement":[{"@type":"ListItem","position":1,"name":"Heim","item":"https:\/\/www.mpechicago.com\/de\/"},{"@type":"ListItem","position":2,"name":"Pre-Sales-Anwendung"}]},{"@type":"WebSite","@id":"https:\/\/www.mpechicago.com\/de\/#website","url":"https:\/\/www.mpechicago.com\/de\/","name":"Moderne Prozessanlagen","description":"","publisher":{"@id":"https:\/\/www.mpechicago.com\/de\/#organization"},"potentialAction":[{"@type":"SearchAction","target":{"@type":"EntryPoint","urlTemplate":"https:\/\/www.mpechicago.com\/de\/?s={search_term_string}"},"query-input":{"@type":"PropertyValueSpecification","valueRequired":true,"valueName":"search_term_string"}}],"inLanguage":"de"},{"@type":"Organization","@id":"https:\/\/www.mpechicago.com\/de\/#organization","name":"Moderne Prozessanlagen","url":"https:\/\/www.mpechicago.com\/de\/","logo":{"@type":"ImageObject","inLanguage":"de","@id":"https:\/\/www.mpechicago.com\/de\/#\/schema\/logo\/image\/","url":"https:\/\/www.mpechicago.com\/wp-content\/uploads\/2019\/12\/logo.png","contentUrl":"https:\/\/www.mpechicago.com\/wp-content\/uploads\/2019\/12\/logo.png","width":200,"height":91,"caption":"Moderne Prozessanlagen"},"image":{"@id":"https:\/\/www.mpechicago.com\/de\/#\/schema\/logo\/image\/"}}]}},"_links":{"self":[{"href":"https:\/\/www.mpechicago.com\/de\/wp-json\/wp\/v2\/pages\/26850","targetHints":{"allow":["GET"]}}],"collection":[{"href":"https:\/\/www.mpechicago.com\/de\/wp-json\/wp\/v2\/pages"}],"about":[{"href":"https:\/\/www.mpechicago.com\/de\/wp-json\/wp\/v2\/types\/page"}],"author":[{"embeddable":true,"href":"https:\/\/www.mpechicago.com\/de\/wp-json\/wp\/v2\/users\/20"}],"replies":[{"embeddable":true,"href":"https:\/\/www.mpechicago.com\/de\/wp-json\/wp\/v2\/comments?post=26850"}],"version-history":[{"count":1,"href":"https:\/\/www.mpechicago.com\/de\/wp-json\/wp\/v2\/pages\/26850\/revisions"}],"predecessor-version":[{"id":26852,"href":"https:\/\/www.mpechicago.com\/de\/wp-json\/wp\/v2\/pages\/26850\/revisions\/26852"}],"wp:attachment":[{"href":"https:\/\/www.mpechicago.com\/de\/wp-json\/wp\/v2\/media?parent=26850"}],"curies":[{"name":"wp","href":"https:\/\/api.w.org\/{rel}","templated":true}]}}